{"id":52811,"date":"2020-10-28T22:43:58","date_gmt":"2020-10-28T20:43:58","guid":{"rendered":"https:\/\/rodoaed.ee\/toode\/puinen-puomi-boomerang-boomer-jopa-25m-pituuteen-asti\/"},"modified":"2026-04-13T10:55:19","modified_gmt":"2026-04-13T07:55:19","slug":"puinen-puomi-boomerang-boomer-jopa-25m-pituuteen-asti","status":"publish","type":"product","link":"https:\/\/rodoaed.ee\/fi\/tuote\/puinen-puomi-boomerang-boomer-jopa-25m-pituuteen-asti\/","title":{"rendered":"Puinen puomi Boomerang Boomer, jopa 25m pituuteen asti"},"content":{"rendered":"<h2>Puinen bumerangi aloittelijoille, 25m lentomatka<\/h2>\n<p>Boomerangin Boomer-malli on kompromissi perinteisen ja modernin muotoilun v\u00e4lill\u00e4. Boomerangin lapojen pieni kulma helpottaa huomattavasti kiinniottoa heittokalastuksessa. <\/p>\n<p>Koska sen kantama on 25 metri\u00e4, voit heitt\u00e4\u00e4 sit\u00e4 my\u00f6s kevyess\u00e4 tuulessa. Boomerang Boomer on ihanteellinen 12-vuotiaille lapsille.  Saatavana sek\u00e4 oikea- ett\u00e4 vasenk\u00e4tisen\u00e4 mallina.<\/p>\n<h2>T\u00e4rkeimm\u00e4t ominaisuudet:<\/h2>\n<p><strong>Vaikeustaso ja ik\u00e4:<\/strong> sopii aloittelijoille ja 12-vuotiaille lapsille.<\/p>\n<p><strong>Paino:<\/strong> 55 g<\/p>\n<p><strong>Lentoet\u00e4isyys:<\/strong> 25 m<\/p>\n<p id=\"product_condition\"><strong>Tiiviste:<\/strong> 29 cm<\/p>\n<p><strong>Materiaali:<\/strong> casewood aerovineer<\/p>\n<p>&nbsp;<\/p>\n<p>&nbsp;<\/p>\n","protected":false},"excerpt":{"rendered":"<p>Puinen bumerangi aloittelijoille, 25m lentomatka Boomerangin Boomer-malli on kompromissi perinteisen ja modernin muotoilun v\u00e4lill\u00e4. Boomerangin lapojen pieni kulma helpottaa huomattavasti kiinniottoa heittokalastuksessa. Koska sen kantama on 25 metri\u00e4, voit heitt\u00e4\u00e4 sit\u00e4 my\u00f6s kevyess\u00e4 tuulessa. Boomerang Boomer on ihanteellinen 12-vuotiaille lapsille. Saatavana sek\u00e4 oikea- ett\u00e4 vasenk\u00e4tisen\u00e4 mallina. T\u00e4rkeimm\u00e4t ominaisuudet: Vaikeustaso ja ik\u00e4: sopii aloittelijoille ja 12-vuotiaille lapsille. Paino: 55 g Lentoet\u00e4isyys: 25 m Tiiviste: 29 cm&#8230;<\/p>\n","protected":false},"featured_media":34470,"template":"","meta":{"_acf_changed":false},"product_brand":[],"product_cat":[1842,1846,1763,1848],"product_tag":[],"class_list":{"0":"post-52811","1":"product","2":"type-product","3":"status-publish","4":"has-post-thumbnail","6":"product_cat-boomerang-loyda-uusi-intohimo","7":"product_cat-bumerangit-aloittelijoille-ja-lapsille","8":"product_cat-harrastukset-ja-lelut","9":"product_cat-puiset-bumerangit","10":"product_shipping_class-toimitus-1-3-tyopaivan-kuluessa","11":"pa_variatsioon-320dl-hydraulinen-tela-alustainen-kaivukone","13":"first","14":"instock","15":"taxable","16":"shipping-taxable","17":"purchasable","18":"product-type-simple"},"acf":[],"yoast_head":"<!-- This site is optimized with the Yoast SEO Premium plugin v27.3 (Yoast SEO v27.3) - https:\/\/yoast.com\/product\/yoast-seo-premium-wordpress\/ -->\n<title>Puinen puomi Boomerang Boomer, jopa 25m pituuteen asti - Rodoaed<\/title>\n<meta name=\"robots\" content=\"index, follow, max-snippet:-1, max-image-preview:large, max-video-preview:-1\" \/>\n<link rel=\"canonical\" href=\"https:\/\/rodoaed.ee\/fi\/toode\/puinen-puomi-boomerang-boomer-jopa-25m-pituuteen-asti\/\" \/>\n<meta property=\"og:locale\" content=\"fi_FI\" \/>\n<meta property=\"og:type\" content=\"article\" \/>\n<meta property=\"og:title\" content=\"Puinen puomi Boomerang Boomer, jopa 25m pituuteen asti\" \/>\n<meta property=\"og:description\" content=\"Puinen bumerangi aloittelijoille, 25m lentomatka Boomerangin Boomer-malli on kompromissi perinteisen ja modernin muotoilun v\u00e4lill\u00e4. Boomerangin lapojen\" \/>\n<meta property=\"og:url\" content=\"https:\/\/rodoaed.ee\/fi\/toode\/puinen-puomi-boomerang-boomer-jopa-25m-pituuteen-asti\/\" \/>\n<meta property=\"og:site_name\" content=\"Rodoaed\" \/>\n<meta property=\"article:publisher\" content=\"https:\/\/www.facebook.com\/kasvuhooned\/\" \/>\n<meta property=\"article:modified_time\" content=\"2026-04-13T07:55:19+00:00\" \/>\n<meta property=\"og:image\" content=\"https:\/\/rodoaed.ee\/wp-content\/uploads\/2020\/10\/Bumerang_BOOMER_rodoaed_1.jpg\" \/>\n\t<meta property=\"og:image:width\" content=\"1000\" \/>\n\t<meta property=\"og:image:height\" content=\"1000\" \/>\n\t<meta property=\"og:image:type\" content=\"image\/jpeg\" \/>\n<meta name=\"twitter:card\" content=\"summary_large_image\" \/>\n<script type=\"application\/ld+json\" class=\"yoast-schema-graph\">{\"@context\":\"https:\\\/\\\/schema.org\",\"@graph\":[{\"@type\":\"WebPage\",\"@id\":\"https:\\\/\\\/rodoaed.ee\\\/fi\\\/toode\\\/puinen-puomi-boomerang-boomer-jopa-25m-pituuteen-asti\\\/\",\"url\":\"https:\\\/\\\/rodoaed.ee\\\/fi\\\/toode\\\/puinen-puomi-boomerang-boomer-jopa-25m-pituuteen-asti\\\/\",\"name\":\"Puinen puomi Boomerang Boomer, jopa 25m pituuteen asti - Rodoaed\",\"isPartOf\":{\"@id\":\"https:\\\/\\\/rodoaed.ee\\\/#website\"},\"primaryImageOfPage\":{\"@id\":\"https:\\\/\\\/rodoaed.ee\\\/fi\\\/toode\\\/puinen-puomi-boomerang-boomer-jopa-25m-pituuteen-asti\\\/#primaryimage\"},\"image\":{\"@id\":\"https:\\\/\\\/rodoaed.ee\\\/fi\\\/toode\\\/puinen-puomi-boomerang-boomer-jopa-25m-pituuteen-asti\\\/#primaryimage\"},\"thumbnailUrl\":\"https:\\\/\\\/rodoaed.ee\\\/wp-content\\\/uploads\\\/2020\\\/10\\\/Bumerang_BOOMER_rodoaed_1.jpg\",\"datePublished\":\"2020-10-28T20:43:58+00:00\",\"dateModified\":\"2026-04-13T07:55:19+00:00\",\"breadcrumb\":{\"@id\":\"https:\\\/\\\/rodoaed.ee\\\/fi\\\/toode\\\/puinen-puomi-boomerang-boomer-jopa-25m-pituuteen-asti\\\/#breadcrumb\"},\"inLanguage\":\"fi\",\"potentialAction\":[{\"@type\":\"ReadAction\",\"target\":[\"https:\\\/\\\/rodoaed.ee\\\/fi\\\/toode\\\/puinen-puomi-boomerang-boomer-jopa-25m-pituuteen-asti\\\/\"]}]},{\"@type\":\"ImageObject\",\"inLanguage\":\"fi\",\"@id\":\"https:\\\/\\\/rodoaed.ee\\\/fi\\\/toode\\\/puinen-puomi-boomerang-boomer-jopa-25m-pituuteen-asti\\\/#primaryimage\",\"url\":\"https:\\\/\\\/rodoaed.ee\\\/wp-content\\\/uploads\\\/2020\\\/10\\\/Bumerang_BOOMER_rodoaed_1.jpg\",\"contentUrl\":\"https:\\\/\\\/rodoaed.ee\\\/wp-content\\\/uploads\\\/2020\\\/10\\\/Bumerang_BOOMER_rodoaed_1.jpg\",\"width\":1000,\"height\":1000,\"caption\":\"bumerangit lapsille\"},{\"@type\":\"BreadcrumbList\",\"@id\":\"https:\\\/\\\/rodoaed.ee\\\/fi\\\/toode\\\/puinen-puomi-boomerang-boomer-jopa-25m-pituuteen-asti\\\/#breadcrumb\",\"itemListElement\":[{\"@type\":\"ListItem\",\"position\":1,\"name\":\"Home\",\"item\":\"https:\\\/\\\/rodoaed.ee\\\/fi\\\/\"},{\"@type\":\"ListItem\",\"position\":2,\"name\":\"Osta osoitteessa\",\"item\":\"https:\\\/\\\/rodoaed.ee\\\/osta-osoitteessa\\\/\"},{\"@type\":\"ListItem\",\"position\":3,\"name\":\"Puinen puomi Boomerang Boomer, jopa 25m pituuteen asti\"}]},{\"@type\":\"WebSite\",\"@id\":\"https:\\\/\\\/rodoaed.ee\\\/#website\",\"url\":\"https:\\\/\\\/rodoaed.ee\\\/\",\"name\":\"Rodoaed\",\"description\":\"\",\"publisher\":{\"@id\":\"https:\\\/\\\/rodoaed.ee\\\/#organization\"},\"potentialAction\":[{\"@type\":\"SearchAction\",\"target\":{\"@type\":\"EntryPoint\",\"urlTemplate\":\"https:\\\/\\\/rodoaed.ee\\\/?s={search_term_string}\"},\"query-input\":{\"@type\":\"PropertyValueSpecification\",\"valueRequired\":true,\"valueName\":\"search_term_string\"}}],\"inLanguage\":\"fi\"},{\"@type\":\"Organization\",\"@id\":\"https:\\\/\\\/rodoaed.ee\\\/#organization\",\"name\":\"Rodoaed\",\"url\":\"https:\\\/\\\/rodoaed.ee\\\/\",\"logo\":{\"@type\":\"ImageObject\",\"inLanguage\":\"fi\",\"@id\":\"https:\\\/\\\/rodoaed.ee\\\/#\\\/schema\\\/logo\\\/image\\\/\",\"url\":\"https:\\\/\\\/rodoaed.ee\\\/wp-content\\\/uploads\\\/2019\\\/11\\\/rodoaed-logo-ilma-taustata.jpg\",\"contentUrl\":\"https:\\\/\\\/rodoaed.ee\\\/wp-content\\\/uploads\\\/2019\\\/11\\\/rodoaed-logo-ilma-taustata.jpg\",\"width\":769,\"height\":268,\"caption\":\"Rodoaed\"},\"image\":{\"@id\":\"https:\\\/\\\/rodoaed.ee\\\/#\\\/schema\\\/logo\\\/image\\\/\"},\"sameAs\":[\"https:\\\/\\\/www.facebook.com\\\/kasvuhooned\\\/\",\"https:\\\/\\\/rodoaed.ee\"]}]}<\/script>\n<!-- \/ Yoast SEO Premium plugin. -->","yoast_head_json":{"title":"Puinen puomi Boomerang Boomer, jopa 25m pituuteen asti - Rodoaed","robots":{"index":"index","follow":"follow","max-snippet":"max-snippet:-1","max-image-preview":"max-image-preview:large","max-video-preview":"max-video-preview:-1"},"canonical":"https:\/\/rodoaed.ee\/fi\/toode\/puinen-puomi-boomerang-boomer-jopa-25m-pituuteen-asti\/","og_locale":"fi_FI","og_type":"article","og_title":"Puinen puomi Boomerang Boomer, jopa 25m pituuteen asti","og_description":"Puinen bumerangi aloittelijoille, 25m lentomatka Boomerangin Boomer-malli on kompromissi perinteisen ja modernin muotoilun v\u00e4lill\u00e4. Boomerangin lapojen","og_url":"https:\/\/rodoaed.ee\/fi\/toode\/puinen-puomi-boomerang-boomer-jopa-25m-pituuteen-asti\/","og_site_name":"Rodoaed","article_publisher":"https:\/\/www.facebook.com\/kasvuhooned\/","article_modified_time":"2026-04-13T07:55:19+00:00","og_image":[{"width":1000,"height":1000,"url":"https:\/\/rodoaed.ee\/wp-content\/uploads\/2020\/10\/Bumerang_BOOMER_rodoaed_1.jpg","type":"image\/jpeg"}],"twitter_card":"summary_large_image","schema":{"@context":"https:\/\/schema.org","@graph":[{"@type":"WebPage","@id":"https:\/\/rodoaed.ee\/fi\/toode\/puinen-puomi-boomerang-boomer-jopa-25m-pituuteen-asti\/","url":"https:\/\/rodoaed.ee\/fi\/toode\/puinen-puomi-boomerang-boomer-jopa-25m-pituuteen-asti\/","name":"Puinen puomi Boomerang Boomer, jopa 25m pituuteen asti - Rodoaed","isPartOf":{"@id":"https:\/\/rodoaed.ee\/#website"},"primaryImageOfPage":{"@id":"https:\/\/rodoaed.ee\/fi\/toode\/puinen-puomi-boomerang-boomer-jopa-25m-pituuteen-asti\/#primaryimage"},"image":{"@id":"https:\/\/rodoaed.ee\/fi\/toode\/puinen-puomi-boomerang-boomer-jopa-25m-pituuteen-asti\/#primaryimage"},"thumbnailUrl":"https:\/\/rodoaed.ee\/wp-content\/uploads\/2020\/10\/Bumerang_BOOMER_rodoaed_1.jpg","datePublished":"2020-10-28T20:43:58+00:00","dateModified":"2026-04-13T07:55:19+00:00","breadcrumb":{"@id":"https:\/\/rodoaed.ee\/fi\/toode\/puinen-puomi-boomerang-boomer-jopa-25m-pituuteen-asti\/#breadcrumb"},"inLanguage":"fi","potentialAction":[{"@type":"ReadAction","target":["https:\/\/rodoaed.ee\/fi\/toode\/puinen-puomi-boomerang-boomer-jopa-25m-pituuteen-asti\/"]}]},{"@type":"ImageObject","inLanguage":"fi","@id":"https:\/\/rodoaed.ee\/fi\/toode\/puinen-puomi-boomerang-boomer-jopa-25m-pituuteen-asti\/#primaryimage","url":"https:\/\/rodoaed.ee\/wp-content\/uploads\/2020\/10\/Bumerang_BOOMER_rodoaed_1.jpg","contentUrl":"https:\/\/rodoaed.ee\/wp-content\/uploads\/2020\/10\/Bumerang_BOOMER_rodoaed_1.jpg","width":1000,"height":1000,"caption":"bumerangit lapsille"},{"@type":"BreadcrumbList","@id":"https:\/\/rodoaed.ee\/fi\/toode\/puinen-puomi-boomerang-boomer-jopa-25m-pituuteen-asti\/#breadcrumb","itemListElement":[{"@type":"ListItem","position":1,"name":"Home","item":"https:\/\/rodoaed.ee\/fi\/"},{"@type":"ListItem","position":2,"name":"Osta osoitteessa","item":"https:\/\/rodoaed.ee\/osta-osoitteessa\/"},{"@type":"ListItem","position":3,"name":"Puinen puomi Boomerang Boomer, jopa 25m pituuteen asti"}]},{"@type":"WebSite","@id":"https:\/\/rodoaed.ee\/#website","url":"https:\/\/rodoaed.ee\/","name":"Rodoaed","description":"","publisher":{"@id":"https:\/\/rodoaed.ee\/#organization"},"potentialAction":[{"@type":"SearchAction","target":{"@type":"EntryPoint","urlTemplate":"https:\/\/rodoaed.ee\/?s={search_term_string}"},"query-input":{"@type":"PropertyValueSpecification","valueRequired":true,"valueName":"search_term_string"}}],"inLanguage":"fi"},{"@type":"Organization","@id":"https:\/\/rodoaed.ee\/#organization","name":"Rodoaed","url":"https:\/\/rodoaed.ee\/","logo":{"@type":"ImageObject","inLanguage":"fi","@id":"https:\/\/rodoaed.ee\/#\/schema\/logo\/image\/","url":"https:\/\/rodoaed.ee\/wp-content\/uploads\/2019\/11\/rodoaed-logo-ilma-taustata.jpg","contentUrl":"https:\/\/rodoaed.ee\/wp-content\/uploads\/2019\/11\/rodoaed-logo-ilma-taustata.jpg","width":769,"height":268,"caption":"Rodoaed"},"image":{"@id":"https:\/\/rodoaed.ee\/#\/schema\/logo\/image\/"},"sameAs":["https:\/\/www.facebook.com\/kasvuhooned\/","https:\/\/rodoaed.ee"]}]}},"_links":{"self":[{"href":"https:\/\/rodoaed.ee\/fi\/wp-json\/wp\/v2\/product\/52811","targetHints":{"allow":["GET"]}}],"collection":[{"href":"https:\/\/rodoaed.ee\/fi\/wp-json\/wp\/v2\/product"}],"about":[{"href":"https:\/\/rodoaed.ee\/fi\/wp-json\/wp\/v2\/types\/product"}],"wp:featuredmedia":[{"embeddable":true,"href":"https:\/\/rodoaed.ee\/fi\/wp-json\/wp\/v2\/media\/34470"}],"wp:attachment":[{"href":"https:\/\/rodoaed.ee\/fi\/wp-json\/wp\/v2\/media?parent=52811"}],"wp:term":[{"taxonomy":"product_brand","embeddable":true,"href":"https:\/\/rodoaed.ee\/fi\/wp-json\/wp\/v2\/product_brand?post=52811"},{"taxonomy":"product_cat","embeddable":true,"href":"https:\/\/rodoaed.ee\/fi\/wp-json\/wp\/v2\/product_cat?post=52811"},{"taxonomy":"product_tag","embeddable":true,"href":"https:\/\/rodoaed.ee\/fi\/wp-json\/wp\/v2\/product_tag?post=52811"}],"curies":[{"name":"wp","href":"https:\/\/api.w.org\/{rel}","templated":true}]}}