{"id":52817,"date":"2020-10-29T22:49:00","date_gmt":"2020-10-29T20:49:00","guid":{"rendered":"https:\/\/rodoaed.ee\/toode\/muovinen-bumerangi-zebra-iii-pienille-alueille-enintaan-15m-7-vuotiaasta-alkaen\/"},"modified":"2026-04-13T10:55:28","modified_gmt":"2026-04-13T07:55:28","slug":"muovinen-bumerangi-zebra-iii-pienille-alueille-enintaan-15m-7-vuotiaasta-alkaen","status":"publish","type":"product","link":"https:\/\/rodoaed.ee\/fi\/tuote\/muovinen-bumerangi-zebra-iii-pienille-alueille-enintaan-15m-7-vuotiaasta-alkaen\/","title":{"rendered":"Muovinen bumerangi Zebra III, pienille alueille &#8211; enint\u00e4\u00e4n 15m, 7-vuotiaasta alkaen."},"content":{"rendered":"<h2>Muovinen bumerangi aloittelijoille, 15m lentomatka<\/h2>\n<p>Polypropeenista valmistettu bumerangi Zebra III on erikoismalli, koska sill\u00e4 voidaan lent\u00e4\u00e4 pieniss\u00e4 neli\u00f6iss\u00e4 ja ahtaissa tiloissa. Sopii sek\u00e4 ulko- ett\u00e4 sis\u00e4tilalent\u00e4miseen. Ihanteellinen 7-vuotiaasta alkaen.  <\/p>\n<h2>T\u00e4rkeimm\u00e4t ominaisuudet:<\/h2>\n<p><strong>Vaikeus ja ik\u00e4:<\/strong> sopii aloittelijoille ja lapsille <strong>7-vuotiaista<\/strong> yl\u00f6sp\u00e4in <strong>.<\/strong> <\/p>\n<p><strong>Paino:<\/strong> 40 g<\/p>\n<p><strong>Lentoet\u00e4isyys:<\/strong> 15 m<\/p>\n<p id=\"product_condition\"><strong>Tiiviste:<\/strong> 26 cm<\/p>\n<p><strong>Materiaali:<\/strong> polypropeeni<\/p>\n<p>&nbsp;<\/p>\n<p>&nbsp;<\/p>\n","protected":false},"excerpt":{"rendered":"<p>Muovinen bumerangi aloittelijoille, 15m lentomatka Polypropeenista valmistettu bumerangi Zebra III on erikoismalli, koska sill\u00e4 voidaan lent\u00e4\u00e4 pieniss\u00e4 neli\u00f6iss\u00e4 ja ahtaissa tiloissa. Sopii sek\u00e4 ulko- ett\u00e4 sis\u00e4tilalent\u00e4miseen. Ihanteellinen 7-vuotiaasta alkaen. T\u00e4rkeimm\u00e4t ominaisuudet: Vaikeus ja ik\u00e4: sopii aloittelijoille ja lapsille 7-vuotiaista yl\u00f6sp\u00e4in . Paino: 40 g Lentoet\u00e4isyys: 15 m Tiiviste: 26 cm Materiaali: polypropeeni &nbsp; &nbsp;<\/p>\n","protected":false},"featured_media":34498,"template":"","meta":{"_acf_changed":false},"product_brand":[],"product_cat":[1842,1846,1763,1785,1743,1925],"product_tag":[],"class_list":{"0":"post-52817","1":"product","2":"type-product","3":"status-publish","4":"has-post-thumbnail","6":"product_cat-boomerang-loyda-uusi-intohimo","7":"product_cat-bumerangit-aloittelijoille-ja-lapsille","8":"product_cat-harrastukset-ja-lelut","9":"product_cat-lahjat-lapsille-6-12a","10":"product_cat-lisalahjat-lahjat","11":"product_cat-muoviset-bumerangit","12":"product_shipping_class-toimitus-1-3-tyopaivan-kuluessa","13":"pa_variatsioon-320dl-hydraulinen-tela-alustainen-kaivukone","15":"first","16":"outofstock","17":"taxable","18":"shipping-taxable","19":"purchasable","20":"product-type-simple"},"acf":[],"yoast_head":"<!-- This site is optimized with the Yoast SEO Premium plugin v27.3 (Yoast SEO v27.3) - https:\/\/yoast.com\/product\/yoast-seo-premium-wordpress\/ -->\n<title>Muovinen bumerangi Zebra III, pienille alueille - enint\u00e4\u00e4n 15m, 7-vuotiaasta alkaen. - Rodoaed<\/title>\n<meta name=\"robots\" content=\"index, follow, max-snippet:-1, max-image-preview:large, max-video-preview:-1\" \/>\n<link rel=\"canonical\" href=\"https:\/\/rodoaed.ee\/fi\/toode\/muovinen-bumerangi-zebra-iii-pienille-alueille-enintaan-15m-7-vuotiaasta-alkaen\/\" \/>\n<meta property=\"og:locale\" content=\"fi_FI\" \/>\n<meta property=\"og:type\" content=\"article\" \/>\n<meta property=\"og:title\" content=\"Muovinen bumerangi Zebra III, pienille alueille - enint\u00e4\u00e4n 15m, 7-vuotiaasta alkaen.\" \/>\n<meta property=\"og:description\" content=\"Muovinen bumerangi aloittelijoille, 15m lentomatka Polypropeenista valmistettu bumerangi Zebra III on erikoismalli, koska sill\u00e4 voidaan lent\u00e4\u00e4 pieniss\u00e4\" \/>\n<meta property=\"og:url\" content=\"https:\/\/rodoaed.ee\/fi\/toode\/muovinen-bumerangi-zebra-iii-pienille-alueille-enintaan-15m-7-vuotiaasta-alkaen\/\" \/>\n<meta property=\"og:site_name\" content=\"Rodoaed\" \/>\n<meta property=\"article:publisher\" content=\"https:\/\/www.facebook.com\/kasvuhooned\/\" \/>\n<meta property=\"article:modified_time\" content=\"2026-04-13T07:55:28+00:00\" \/>\n<meta property=\"og:image\" content=\"https:\/\/rodoaed.ee\/wp-content\/uploads\/2020\/10\/plastikust-bumerangid_ZEBRA.jpg\" \/>\n\t<meta property=\"og:image:width\" content=\"1000\" \/>\n\t<meta property=\"og:image:height\" content=\"1000\" \/>\n\t<meta property=\"og:image:type\" content=\"image\/jpeg\" \/>\n<meta name=\"twitter:card\" content=\"summary_large_image\" \/>\n<script type=\"application\/ld+json\" class=\"yoast-schema-graph\">{\"@context\":\"https:\\\/\\\/schema.org\",\"@graph\":[{\"@type\":\"WebPage\",\"@id\":\"https:\\\/\\\/rodoaed.ee\\\/fi\\\/toode\\\/muovinen-bumerangi-zebra-iii-pienille-alueille-enintaan-15m-7-vuotiaasta-alkaen\\\/\",\"url\":\"https:\\\/\\\/rodoaed.ee\\\/fi\\\/toode\\\/muovinen-bumerangi-zebra-iii-pienille-alueille-enintaan-15m-7-vuotiaasta-alkaen\\\/\",\"name\":\"Muovinen bumerangi Zebra III, pienille alueille - enint\u00e4\u00e4n 15m, 7-vuotiaasta alkaen. - Rodoaed\",\"isPartOf\":{\"@id\":\"https:\\\/\\\/rodoaed.ee\\\/#website\"},\"primaryImageOfPage\":{\"@id\":\"https:\\\/\\\/rodoaed.ee\\\/fi\\\/toode\\\/muovinen-bumerangi-zebra-iii-pienille-alueille-enintaan-15m-7-vuotiaasta-alkaen\\\/#primaryimage\"},\"image\":{\"@id\":\"https:\\\/\\\/rodoaed.ee\\\/fi\\\/toode\\\/muovinen-bumerangi-zebra-iii-pienille-alueille-enintaan-15m-7-vuotiaasta-alkaen\\\/#primaryimage\"},\"thumbnailUrl\":\"https:\\\/\\\/rodoaed.ee\\\/wp-content\\\/uploads\\\/2020\\\/10\\\/plastikust-bumerangid_ZEBRA.jpg\",\"datePublished\":\"2020-10-29T20:49:00+00:00\",\"dateModified\":\"2026-04-13T07:55:28+00:00\",\"breadcrumb\":{\"@id\":\"https:\\\/\\\/rodoaed.ee\\\/fi\\\/toode\\\/muovinen-bumerangi-zebra-iii-pienille-alueille-enintaan-15m-7-vuotiaasta-alkaen\\\/#breadcrumb\"},\"inLanguage\":\"fi\",\"potentialAction\":[{\"@type\":\"ReadAction\",\"target\":[\"https:\\\/\\\/rodoaed.ee\\\/fi\\\/toode\\\/muovinen-bumerangi-zebra-iii-pienille-alueille-enintaan-15m-7-vuotiaasta-alkaen\\\/\"]}]},{\"@type\":\"ImageObject\",\"inLanguage\":\"fi\",\"@id\":\"https:\\\/\\\/rodoaed.ee\\\/fi\\\/toode\\\/muovinen-bumerangi-zebra-iii-pienille-alueille-enintaan-15m-7-vuotiaasta-alkaen\\\/#primaryimage\",\"url\":\"https:\\\/\\\/rodoaed.ee\\\/wp-content\\\/uploads\\\/2020\\\/10\\\/plastikust-bumerangid_ZEBRA.jpg\",\"contentUrl\":\"https:\\\/\\\/rodoaed.ee\\\/wp-content\\\/uploads\\\/2020\\\/10\\\/plastikust-bumerangid_ZEBRA.jpg\",\"width\":1000,\"height\":1000,\"caption\":\"muoviset bumerangit\"},{\"@type\":\"BreadcrumbList\",\"@id\":\"https:\\\/\\\/rodoaed.ee\\\/fi\\\/toode\\\/muovinen-bumerangi-zebra-iii-pienille-alueille-enintaan-15m-7-vuotiaasta-alkaen\\\/#breadcrumb\",\"itemListElement\":[{\"@type\":\"ListItem\",\"position\":1,\"name\":\"Home\",\"item\":\"https:\\\/\\\/rodoaed.ee\\\/fi\\\/\"},{\"@type\":\"ListItem\",\"position\":2,\"name\":\"Osta osoitteessa\",\"item\":\"https:\\\/\\\/rodoaed.ee\\\/osta-osoitteessa\\\/\"},{\"@type\":\"ListItem\",\"position\":3,\"name\":\"Muovinen bumerangi Zebra III, pienille alueille &#8211; enint\u00e4\u00e4n 15m, 7-vuotiaasta alkaen.\"}]},{\"@type\":\"WebSite\",\"@id\":\"https:\\\/\\\/rodoaed.ee\\\/#website\",\"url\":\"https:\\\/\\\/rodoaed.ee\\\/\",\"name\":\"Rodoaed\",\"description\":\"\",\"publisher\":{\"@id\":\"https:\\\/\\\/rodoaed.ee\\\/#organization\"},\"potentialAction\":[{\"@type\":\"SearchAction\",\"target\":{\"@type\":\"EntryPoint\",\"urlTemplate\":\"https:\\\/\\\/rodoaed.ee\\\/?s={search_term_string}\"},\"query-input\":{\"@type\":\"PropertyValueSpecification\",\"valueRequired\":true,\"valueName\":\"search_term_string\"}}],\"inLanguage\":\"fi\"},{\"@type\":\"Organization\",\"@id\":\"https:\\\/\\\/rodoaed.ee\\\/#organization\",\"name\":\"Rodoaed\",\"url\":\"https:\\\/\\\/rodoaed.ee\\\/\",\"logo\":{\"@type\":\"ImageObject\",\"inLanguage\":\"fi\",\"@id\":\"https:\\\/\\\/rodoaed.ee\\\/#\\\/schema\\\/logo\\\/image\\\/\",\"url\":\"https:\\\/\\\/rodoaed.ee\\\/wp-content\\\/uploads\\\/2019\\\/11\\\/rodoaed-logo-ilma-taustata.jpg\",\"contentUrl\":\"https:\\\/\\\/rodoaed.ee\\\/wp-content\\\/uploads\\\/2019\\\/11\\\/rodoaed-logo-ilma-taustata.jpg\",\"width\":769,\"height\":268,\"caption\":\"Rodoaed\"},\"image\":{\"@id\":\"https:\\\/\\\/rodoaed.ee\\\/#\\\/schema\\\/logo\\\/image\\\/\"},\"sameAs\":[\"https:\\\/\\\/www.facebook.com\\\/kasvuhooned\\\/\",\"https:\\\/\\\/rodoaed.ee\"]}]}<\/script>\n<!-- \/ Yoast SEO Premium plugin. -->","yoast_head_json":{"title":"Muovinen bumerangi Zebra III, pienille alueille - enint\u00e4\u00e4n 15m, 7-vuotiaasta alkaen. - Rodoaed","robots":{"index":"index","follow":"follow","max-snippet":"max-snippet:-1","max-image-preview":"max-image-preview:large","max-video-preview":"max-video-preview:-1"},"canonical":"https:\/\/rodoaed.ee\/fi\/toode\/muovinen-bumerangi-zebra-iii-pienille-alueille-enintaan-15m-7-vuotiaasta-alkaen\/","og_locale":"fi_FI","og_type":"article","og_title":"Muovinen bumerangi Zebra III, pienille alueille - enint\u00e4\u00e4n 15m, 7-vuotiaasta alkaen.","og_description":"Muovinen bumerangi aloittelijoille, 15m lentomatka Polypropeenista valmistettu bumerangi Zebra III on erikoismalli, koska sill\u00e4 voidaan lent\u00e4\u00e4 pieniss\u00e4","og_url":"https:\/\/rodoaed.ee\/fi\/toode\/muovinen-bumerangi-zebra-iii-pienille-alueille-enintaan-15m-7-vuotiaasta-alkaen\/","og_site_name":"Rodoaed","article_publisher":"https:\/\/www.facebook.com\/kasvuhooned\/","article_modified_time":"2026-04-13T07:55:28+00:00","og_image":[{"width":1000,"height":1000,"url":"https:\/\/rodoaed.ee\/wp-content\/uploads\/2020\/10\/plastikust-bumerangid_ZEBRA.jpg","type":"image\/jpeg"}],"twitter_card":"summary_large_image","schema":{"@context":"https:\/\/schema.org","@graph":[{"@type":"WebPage","@id":"https:\/\/rodoaed.ee\/fi\/toode\/muovinen-bumerangi-zebra-iii-pienille-alueille-enintaan-15m-7-vuotiaasta-alkaen\/","url":"https:\/\/rodoaed.ee\/fi\/toode\/muovinen-bumerangi-zebra-iii-pienille-alueille-enintaan-15m-7-vuotiaasta-alkaen\/","name":"Muovinen bumerangi Zebra III, pienille alueille - enint\u00e4\u00e4n 15m, 7-vuotiaasta alkaen. - Rodoaed","isPartOf":{"@id":"https:\/\/rodoaed.ee\/#website"},"primaryImageOfPage":{"@id":"https:\/\/rodoaed.ee\/fi\/toode\/muovinen-bumerangi-zebra-iii-pienille-alueille-enintaan-15m-7-vuotiaasta-alkaen\/#primaryimage"},"image":{"@id":"https:\/\/rodoaed.ee\/fi\/toode\/muovinen-bumerangi-zebra-iii-pienille-alueille-enintaan-15m-7-vuotiaasta-alkaen\/#primaryimage"},"thumbnailUrl":"https:\/\/rodoaed.ee\/wp-content\/uploads\/2020\/10\/plastikust-bumerangid_ZEBRA.jpg","datePublished":"2020-10-29T20:49:00+00:00","dateModified":"2026-04-13T07:55:28+00:00","breadcrumb":{"@id":"https:\/\/rodoaed.ee\/fi\/toode\/muovinen-bumerangi-zebra-iii-pienille-alueille-enintaan-15m-7-vuotiaasta-alkaen\/#breadcrumb"},"inLanguage":"fi","potentialAction":[{"@type":"ReadAction","target":["https:\/\/rodoaed.ee\/fi\/toode\/muovinen-bumerangi-zebra-iii-pienille-alueille-enintaan-15m-7-vuotiaasta-alkaen\/"]}]},{"@type":"ImageObject","inLanguage":"fi","@id":"https:\/\/rodoaed.ee\/fi\/toode\/muovinen-bumerangi-zebra-iii-pienille-alueille-enintaan-15m-7-vuotiaasta-alkaen\/#primaryimage","url":"https:\/\/rodoaed.ee\/wp-content\/uploads\/2020\/10\/plastikust-bumerangid_ZEBRA.jpg","contentUrl":"https:\/\/rodoaed.ee\/wp-content\/uploads\/2020\/10\/plastikust-bumerangid_ZEBRA.jpg","width":1000,"height":1000,"caption":"muoviset bumerangit"},{"@type":"BreadcrumbList","@id":"https:\/\/rodoaed.ee\/fi\/toode\/muovinen-bumerangi-zebra-iii-pienille-alueille-enintaan-15m-7-vuotiaasta-alkaen\/#breadcrumb","itemListElement":[{"@type":"ListItem","position":1,"name":"Home","item":"https:\/\/rodoaed.ee\/fi\/"},{"@type":"ListItem","position":2,"name":"Osta osoitteessa","item":"https:\/\/rodoaed.ee\/osta-osoitteessa\/"},{"@type":"ListItem","position":3,"name":"Muovinen bumerangi Zebra III, pienille alueille &#8211; enint\u00e4\u00e4n 15m, 7-vuotiaasta alkaen."}]},{"@type":"WebSite","@id":"https:\/\/rodoaed.ee\/#website","url":"https:\/\/rodoaed.ee\/","name":"Rodoaed","description":"","publisher":{"@id":"https:\/\/rodoaed.ee\/#organization"},"potentialAction":[{"@type":"SearchAction","target":{"@type":"EntryPoint","urlTemplate":"https:\/\/rodoaed.ee\/?s={search_term_string}"},"query-input":{"@type":"PropertyValueSpecification","valueRequired":true,"valueName":"search_term_string"}}],"inLanguage":"fi"},{"@type":"Organization","@id":"https:\/\/rodoaed.ee\/#organization","name":"Rodoaed","url":"https:\/\/rodoaed.ee\/","logo":{"@type":"ImageObject","inLanguage":"fi","@id":"https:\/\/rodoaed.ee\/#\/schema\/logo\/image\/","url":"https:\/\/rodoaed.ee\/wp-content\/uploads\/2019\/11\/rodoaed-logo-ilma-taustata.jpg","contentUrl":"https:\/\/rodoaed.ee\/wp-content\/uploads\/2019\/11\/rodoaed-logo-ilma-taustata.jpg","width":769,"height":268,"caption":"Rodoaed"},"image":{"@id":"https:\/\/rodoaed.ee\/#\/schema\/logo\/image\/"},"sameAs":["https:\/\/www.facebook.com\/kasvuhooned\/","https:\/\/rodoaed.ee"]}]}},"_links":{"self":[{"href":"https:\/\/rodoaed.ee\/fi\/wp-json\/wp\/v2\/product\/52817","targetHints":{"allow":["GET"]}}],"collection":[{"href":"https:\/\/rodoaed.ee\/fi\/wp-json\/wp\/v2\/product"}],"about":[{"href":"https:\/\/rodoaed.ee\/fi\/wp-json\/wp\/v2\/types\/product"}],"wp:featuredmedia":[{"embeddable":true,"href":"https:\/\/rodoaed.ee\/fi\/wp-json\/wp\/v2\/media\/34498"}],"wp:attachment":[{"href":"https:\/\/rodoaed.ee\/fi\/wp-json\/wp\/v2\/media?parent=52817"}],"wp:term":[{"taxonomy":"product_brand","embeddable":true,"href":"https:\/\/rodoaed.ee\/fi\/wp-json\/wp\/v2\/product_brand?post=52817"},{"taxonomy":"product_cat","embeddable":true,"href":"https:\/\/rodoaed.ee\/fi\/wp-json\/wp\/v2\/product_cat?post=52817"},{"taxonomy":"product_tag","embeddable":true,"href":"https:\/\/rodoaed.ee\/fi\/wp-json\/wp\/v2\/product_tag?post=52817"}],"curies":[{"name":"wp","href":"https:\/\/api.w.org\/{rel}","templated":true}]}}