{"id":52824,"date":"2020-10-30T23:33:21","date_gmt":"2020-10-30T21:33:21","guid":{"rendered":"https:\/\/rodoaed.ee\/toode\/katettu-tai-riippuva-buffetmaja\/"},"modified":"2026-04-13T10:55:31","modified_gmt":"2026-04-13T07:55:31","slug":"katettu-tai-riippuva-buffetmaja","status":"publish","type":"product","link":"https:\/\/rodoaed.ee\/fi\/tuote\/katettu-tai-riippuva-buffetmaja\/","title":{"rendered":"Katettu tai riippuva buffetmaja"},"content":{"rendered":"<h2>Ruokailutalo, jonka voit laittaa maahan tai ripustaa oksalle.<\/h2>\n<p>Ruokasalia voi k\u00e4ytt\u00e4\u00e4 kahdella tavalla. Ensinn\u00e4kin, jos taitat tukijalat ulos, voit asettaa sen suoraan nurmikolle tai maahan. Maassa ruokailutilaa k\u00e4ytt\u00e4v\u00e4t esimerkiksi varpuset, rottiaiset, haapanat, k\u00e4pytikat ja kultasirkut.  <\/p>\n<p>Voit kuitenkin ripustaa ruokasalin oksalle tai ruokasalin jalkaan. T\u00e4ll\u00f6in sit\u00e4 k\u00e4ytt\u00e4v\u00e4t esimerkiksi l\u00e4skihanhi, sinihanhi, mustakurkku- ja mets\u00e4hanhi sek\u00e4 muut. Pohjalla oleva verkko pit\u00e4\u00e4 siemenet kuivina.  <\/p>\n<h2>T\u00e4rkeimm\u00e4t ominaisuudet:<\/h2>\n<p><b>Materiaali: <\/b>m\u00e4nty, ter\u00e4s<\/p>\n<p><b>Mitat: <\/b>L 27,8 x L 35,4 x K 11,2 cm.<\/p>\n<p><strong>Paino:<\/strong> 900 g<\/p>\n<p>&nbsp;<\/p>\n<p><a href=\"https:\/\/rodoaed.ee\/fi\/tootekategooria\/linnaillalliset-ja-linnan-ravintolat\/\">aloita<\/a><\/p>\n","protected":false},"excerpt":{"rendered":"<p>Ruokailutalo, jonka voit laittaa maahan tai ripustaa oksalle. Ruokasalia voi k\u00e4ytt\u00e4\u00e4 kahdella tavalla. Ensinn\u00e4kin, jos taitat tukijalat ulos, voit asettaa sen suoraan nurmikolle tai maahan. Maassa ruokailutilaa k\u00e4ytt\u00e4v\u00e4t esimerkiksi varpuset, rottiaiset, haapanat, k\u00e4pytikat ja kultasirkut. Voit kuitenkin ripustaa ruokasalin oksalle tai ruokasalin jalkaan. T\u00e4ll\u00f6in sit\u00e4 k\u00e4ytt\u00e4v\u00e4t esimerkiksi l\u00e4skihanhi, sinihanhi, mustakurkku- ja mets\u00e4hanhi sek\u00e4 muut. Pohjalla oleva verkko pit\u00e4\u00e4 siemenet kuivina. T\u00e4rkeimm\u00e4t ominaisuudet: Materiaali: m\u00e4nty, ter\u00e4s&#8230;<\/p>\n","protected":false},"featured_media":34581,"template":"","meta":{"_acf_changed":false},"product_brand":[],"product_cat":[1767,1887,1883],"product_tag":[],"class_list":{"0":"post-52824","1":"product","2":"type-product","3":"status-publish","4":"has-post-thumbnail","6":"product_cat-linnaillalliset-ja-linnan-ravintolat","7":"product_cat-pohjakerroksen-ruokasali","8":"product_cat-ruokailu-linnassa","9":"product_shipping_class-toimitus-1-3-tyopaivan-kuluessa","10":"pa_variatsioon-20-dining-house-latern-1l","12":"first","13":"outofstock","14":"taxable","15":"shipping-taxable","16":"purchasable","17":"product-type-simple"},"acf":[],"yoast_head":"<!-- This site is optimized with the Yoast SEO Premium plugin v27.3 (Yoast SEO v27.3) - https:\/\/yoast.com\/product\/yoast-seo-premium-wordpress\/ -->\n<title>Katettu tai riippuva buffetmaja - Rodoaed<\/title>\n<meta name=\"robots\" content=\"index, follow, max-snippet:-1, max-image-preview:large, max-video-preview:-1\" \/>\n<link rel=\"canonical\" href=\"https:\/\/rodoaed.ee\/fi\/toode\/katettu-tai-riippuva-buffetmaja\/\" \/>\n<meta property=\"og:locale\" content=\"fi_FI\" \/>\n<meta property=\"og:type\" content=\"article\" \/>\n<meta property=\"og:title\" content=\"Katettu tai riippuva buffetmaja\" \/>\n<meta property=\"og:description\" content=\"Ruokailutalo, jonka voit laittaa maahan tai ripustaa oksalle. Ruokasalia voi k\u00e4ytt\u00e4\u00e4 kahdella tavalla. Ensinn\u00e4kin, jos taitat tukijalat ulos, voit asettaa\" \/>\n<meta property=\"og:url\" content=\"https:\/\/rodoaed.ee\/fi\/toode\/katettu-tai-riippuva-buffetmaja\/\" \/>\n<meta property=\"og:site_name\" content=\"Rodoaed\" \/>\n<meta property=\"article:publisher\" content=\"https:\/\/www.facebook.com\/kasvuhooned\/\" \/>\n<meta property=\"article:modified_time\" content=\"2026-04-13T07:55:31+00:00\" \/>\n<meta property=\"og:image\" content=\"https:\/\/rodoaed.ee\/wp-content\/uploads\/2020\/10\/maapealne-soogimaja_FB74_01.png\" \/>\n\t<meta property=\"og:image:width\" content=\"1240\" \/>\n\t<meta property=\"og:image:height\" content=\"1240\" \/>\n\t<meta property=\"og:image:type\" content=\"image\/png\" \/>\n<meta name=\"twitter:card\" content=\"summary_large_image\" \/>\n<script type=\"application\/ld+json\" class=\"yoast-schema-graph\">{\"@context\":\"https:\\\/\\\/schema.org\",\"@graph\":[{\"@type\":\"WebPage\",\"@id\":\"https:\\\/\\\/rodoaed.ee\\\/fi\\\/toode\\\/katettu-tai-riippuva-buffetmaja\\\/\",\"url\":\"https:\\\/\\\/rodoaed.ee\\\/fi\\\/toode\\\/katettu-tai-riippuva-buffetmaja\\\/\",\"name\":\"Katettu tai riippuva buffetmaja - Rodoaed\",\"isPartOf\":{\"@id\":\"https:\\\/\\\/rodoaed.ee\\\/#website\"},\"primaryImageOfPage\":{\"@id\":\"https:\\\/\\\/rodoaed.ee\\\/fi\\\/toode\\\/katettu-tai-riippuva-buffetmaja\\\/#primaryimage\"},\"image\":{\"@id\":\"https:\\\/\\\/rodoaed.ee\\\/fi\\\/toode\\\/katettu-tai-riippuva-buffetmaja\\\/#primaryimage\"},\"thumbnailUrl\":\"https:\\\/\\\/rodoaed.ee\\\/wp-content\\\/uploads\\\/2020\\\/10\\\/maapealne-soogimaja_FB74_01.png\",\"datePublished\":\"2020-10-30T21:33:21+00:00\",\"dateModified\":\"2026-04-13T07:55:31+00:00\",\"breadcrumb\":{\"@id\":\"https:\\\/\\\/rodoaed.ee\\\/fi\\\/toode\\\/katettu-tai-riippuva-buffetmaja\\\/#breadcrumb\"},\"inLanguage\":\"fi\",\"potentialAction\":[{\"@type\":\"ReadAction\",\"target\":[\"https:\\\/\\\/rodoaed.ee\\\/fi\\\/toode\\\/katettu-tai-riippuva-buffetmaja\\\/\"]}]},{\"@type\":\"ImageObject\",\"inLanguage\":\"fi\",\"@id\":\"https:\\\/\\\/rodoaed.ee\\\/fi\\\/toode\\\/katettu-tai-riippuva-buffetmaja\\\/#primaryimage\",\"url\":\"https:\\\/\\\/rodoaed.ee\\\/wp-content\\\/uploads\\\/2020\\\/10\\\/maapealne-soogimaja_FB74_01.png\",\"contentUrl\":\"https:\\\/\\\/rodoaed.ee\\\/wp-content\\\/uploads\\\/2020\\\/10\\\/maapealne-soogimaja_FB74_01.png\",\"width\":1240,\"height\":1240},{\"@type\":\"BreadcrumbList\",\"@id\":\"https:\\\/\\\/rodoaed.ee\\\/fi\\\/toode\\\/katettu-tai-riippuva-buffetmaja\\\/#breadcrumb\",\"itemListElement\":[{\"@type\":\"ListItem\",\"position\":1,\"name\":\"Home\",\"item\":\"https:\\\/\\\/rodoaed.ee\\\/fi\\\/\"},{\"@type\":\"ListItem\",\"position\":2,\"name\":\"Osta osoitteessa\",\"item\":\"https:\\\/\\\/rodoaed.ee\\\/osta-osoitteessa\\\/\"},{\"@type\":\"ListItem\",\"position\":3,\"name\":\"Katettu tai riippuva buffetmaja\"}]},{\"@type\":\"WebSite\",\"@id\":\"https:\\\/\\\/rodoaed.ee\\\/#website\",\"url\":\"https:\\\/\\\/rodoaed.ee\\\/\",\"name\":\"Rodoaed\",\"description\":\"\",\"publisher\":{\"@id\":\"https:\\\/\\\/rodoaed.ee\\\/#organization\"},\"potentialAction\":[{\"@type\":\"SearchAction\",\"target\":{\"@type\":\"EntryPoint\",\"urlTemplate\":\"https:\\\/\\\/rodoaed.ee\\\/?s={search_term_string}\"},\"query-input\":{\"@type\":\"PropertyValueSpecification\",\"valueRequired\":true,\"valueName\":\"search_term_string\"}}],\"inLanguage\":\"fi\"},{\"@type\":\"Organization\",\"@id\":\"https:\\\/\\\/rodoaed.ee\\\/#organization\",\"name\":\"Rodoaed\",\"url\":\"https:\\\/\\\/rodoaed.ee\\\/\",\"logo\":{\"@type\":\"ImageObject\",\"inLanguage\":\"fi\",\"@id\":\"https:\\\/\\\/rodoaed.ee\\\/#\\\/schema\\\/logo\\\/image\\\/\",\"url\":\"https:\\\/\\\/rodoaed.ee\\\/wp-content\\\/uploads\\\/2019\\\/11\\\/rodoaed-logo-ilma-taustata.jpg\",\"contentUrl\":\"https:\\\/\\\/rodoaed.ee\\\/wp-content\\\/uploads\\\/2019\\\/11\\\/rodoaed-logo-ilma-taustata.jpg\",\"width\":769,\"height\":268,\"caption\":\"Rodoaed\"},\"image\":{\"@id\":\"https:\\\/\\\/rodoaed.ee\\\/#\\\/schema\\\/logo\\\/image\\\/\"},\"sameAs\":[\"https:\\\/\\\/www.facebook.com\\\/kasvuhooned\\\/\",\"https:\\\/\\\/rodoaed.ee\"]}]}<\/script>\n<!-- \/ Yoast SEO Premium plugin. -->","yoast_head_json":{"title":"Katettu tai riippuva buffetmaja - Rodoaed","robots":{"index":"index","follow":"follow","max-snippet":"max-snippet:-1","max-image-preview":"max-image-preview:large","max-video-preview":"max-video-preview:-1"},"canonical":"https:\/\/rodoaed.ee\/fi\/toode\/katettu-tai-riippuva-buffetmaja\/","og_locale":"fi_FI","og_type":"article","og_title":"Katettu tai riippuva buffetmaja","og_description":"Ruokailutalo, jonka voit laittaa maahan tai ripustaa oksalle. Ruokasalia voi k\u00e4ytt\u00e4\u00e4 kahdella tavalla. Ensinn\u00e4kin, jos taitat tukijalat ulos, voit asettaa","og_url":"https:\/\/rodoaed.ee\/fi\/toode\/katettu-tai-riippuva-buffetmaja\/","og_site_name":"Rodoaed","article_publisher":"https:\/\/www.facebook.com\/kasvuhooned\/","article_modified_time":"2026-04-13T07:55:31+00:00","og_image":[{"width":1240,"height":1240,"url":"https:\/\/rodoaed.ee\/wp-content\/uploads\/2020\/10\/maapealne-soogimaja_FB74_01.png","type":"image\/png"}],"twitter_card":"summary_large_image","schema":{"@context":"https:\/\/schema.org","@graph":[{"@type":"WebPage","@id":"https:\/\/rodoaed.ee\/fi\/toode\/katettu-tai-riippuva-buffetmaja\/","url":"https:\/\/rodoaed.ee\/fi\/toode\/katettu-tai-riippuva-buffetmaja\/","name":"Katettu tai riippuva buffetmaja - Rodoaed","isPartOf":{"@id":"https:\/\/rodoaed.ee\/#website"},"primaryImageOfPage":{"@id":"https:\/\/rodoaed.ee\/fi\/toode\/katettu-tai-riippuva-buffetmaja\/#primaryimage"},"image":{"@id":"https:\/\/rodoaed.ee\/fi\/toode\/katettu-tai-riippuva-buffetmaja\/#primaryimage"},"thumbnailUrl":"https:\/\/rodoaed.ee\/wp-content\/uploads\/2020\/10\/maapealne-soogimaja_FB74_01.png","datePublished":"2020-10-30T21:33:21+00:00","dateModified":"2026-04-13T07:55:31+00:00","breadcrumb":{"@id":"https:\/\/rodoaed.ee\/fi\/toode\/katettu-tai-riippuva-buffetmaja\/#breadcrumb"},"inLanguage":"fi","potentialAction":[{"@type":"ReadAction","target":["https:\/\/rodoaed.ee\/fi\/toode\/katettu-tai-riippuva-buffetmaja\/"]}]},{"@type":"ImageObject","inLanguage":"fi","@id":"https:\/\/rodoaed.ee\/fi\/toode\/katettu-tai-riippuva-buffetmaja\/#primaryimage","url":"https:\/\/rodoaed.ee\/wp-content\/uploads\/2020\/10\/maapealne-soogimaja_FB74_01.png","contentUrl":"https:\/\/rodoaed.ee\/wp-content\/uploads\/2020\/10\/maapealne-soogimaja_FB74_01.png","width":1240,"height":1240},{"@type":"BreadcrumbList","@id":"https:\/\/rodoaed.ee\/fi\/toode\/katettu-tai-riippuva-buffetmaja\/#breadcrumb","itemListElement":[{"@type":"ListItem","position":1,"name":"Home","item":"https:\/\/rodoaed.ee\/fi\/"},{"@type":"ListItem","position":2,"name":"Osta osoitteessa","item":"https:\/\/rodoaed.ee\/osta-osoitteessa\/"},{"@type":"ListItem","position":3,"name":"Katettu tai riippuva buffetmaja"}]},{"@type":"WebSite","@id":"https:\/\/rodoaed.ee\/#website","url":"https:\/\/rodoaed.ee\/","name":"Rodoaed","description":"","publisher":{"@id":"https:\/\/rodoaed.ee\/#organization"},"potentialAction":[{"@type":"SearchAction","target":{"@type":"EntryPoint","urlTemplate":"https:\/\/rodoaed.ee\/?s={search_term_string}"},"query-input":{"@type":"PropertyValueSpecification","valueRequired":true,"valueName":"search_term_string"}}],"inLanguage":"fi"},{"@type":"Organization","@id":"https:\/\/rodoaed.ee\/#organization","name":"Rodoaed","url":"https:\/\/rodoaed.ee\/","logo":{"@type":"ImageObject","inLanguage":"fi","@id":"https:\/\/rodoaed.ee\/#\/schema\/logo\/image\/","url":"https:\/\/rodoaed.ee\/wp-content\/uploads\/2019\/11\/rodoaed-logo-ilma-taustata.jpg","contentUrl":"https:\/\/rodoaed.ee\/wp-content\/uploads\/2019\/11\/rodoaed-logo-ilma-taustata.jpg","width":769,"height":268,"caption":"Rodoaed"},"image":{"@id":"https:\/\/rodoaed.ee\/#\/schema\/logo\/image\/"},"sameAs":["https:\/\/www.facebook.com\/kasvuhooned\/","https:\/\/rodoaed.ee"]}]}},"_links":{"self":[{"href":"https:\/\/rodoaed.ee\/fi\/wp-json\/wp\/v2\/product\/52824","targetHints":{"allow":["GET"]}}],"collection":[{"href":"https:\/\/rodoaed.ee\/fi\/wp-json\/wp\/v2\/product"}],"about":[{"href":"https:\/\/rodoaed.ee\/fi\/wp-json\/wp\/v2\/types\/product"}],"wp:featuredmedia":[{"embeddable":true,"href":"https:\/\/rodoaed.ee\/fi\/wp-json\/wp\/v2\/media\/34581"}],"wp:attachment":[{"href":"https:\/\/rodoaed.ee\/fi\/wp-json\/wp\/v2\/media?parent=52824"}],"wp:term":[{"taxonomy":"product_brand","embeddable":true,"href":"https:\/\/rodoaed.ee\/fi\/wp-json\/wp\/v2\/product_brand?post=52824"},{"taxonomy":"product_cat","embeddable":true,"href":"https:\/\/rodoaed.ee\/fi\/wp-json\/wp\/v2\/product_cat?post=52824"},{"taxonomy":"product_tag","embeddable":true,"href":"https:\/\/rodoaed.ee\/fi\/wp-json\/wp\/v2\/product_tag?post=52824"}],"curies":[{"name":"wp","href":"https:\/\/api.w.org\/{rel}","templated":true}]}}