{"id":52827,"date":"2020-10-31T20:35:52","date_gmt":"2020-10-31T18:35:52","guid":{"rendered":"https:\/\/rodoaed.ee\/toode\/katto-lastenhuoneessa-valkoinen-joutsen-taiteilija-michelle-carslund\/"},"modified":"2026-04-13T10:55:36","modified_gmt":"2026-04-13T07:55:36","slug":"katto-lastenhuoneessa-valkoinen-joutsen-taiteilija-michelle-carslund","status":"publish","type":"product","link":"https:\/\/rodoaed.ee\/fi\/tuote\/katto-lastenhuoneessa-valkoinen-joutsen-taiteilija-michelle-carslund\/","title":{"rendered":"Katto lastenhuoneessa &#8211; Valkoinen joutsen &#8211; taiteilija Michelle Carslund."},"content":{"rendered":"<p><strong>Valkoinen joutsen lent\u00e4\u00e4 hitaasti katossa k\u00f6ysien p\u00e4\u00e4ss\u00e4. Esimerkiksi kehdon yl\u00e4puolella tai juuri lastenhuoneen katon yl\u00e4puolella. Eritt\u00e4in tyylik\u00e4s. Lapset rakastavat sit\u00e4 aina. Valmistettu puusta.<\/strong><\/p>\n<p><strong>Suunnitellut ja luonut taiteilija Michelle Carslund<\/strong><\/p>\n<p>Voidaan sijoittaa kehdon yl\u00e4puolelle syntym\u00e4st\u00e4 l\u00e4htien<\/p>\n<p>Mitat: 80 x 30 x 7 cm.<\/p>\n","protected":false},"excerpt":{"rendered":"<p>Valkoinen joutsen lent\u00e4\u00e4 hitaasti katossa k\u00f6ysien p\u00e4\u00e4ss\u00e4. Esimerkiksi kehdon yl\u00e4puolella tai juuri lastenhuoneen katon yl\u00e4puolella. Eritt\u00e4in tyylik\u00e4s. Lapset rakastavat sit\u00e4 aina. Valmistettu puusta. Suunnitellut ja luonut taiteilija Michelle Carslund Voidaan sijoittaa kehdon yl\u00e4puolelle syntym\u00e4st\u00e4 l\u00e4htien Mitat: 80 x 30 x 7 cm.<\/p>\n","protected":false},"featured_media":34783,"template":"","meta":{"_acf_changed":false},"product_brand":[],"product_cat":[1763,1783,1920],"product_tag":[],"class_list":{"0":"post-52827","1":"product","2":"type-product","3":"status-publish","4":"has-post-thumbnail","6":"product_cat-harrastukset-ja-lelut","7":"product_cat-lahjat-lapsille-1-6-vuotta","8":"product_cat-puiset-lelut","9":"product_shipping_class-toimitus-1-3-tyopaivan-kuluessa","10":"pa_variatsioon-puinen-traktori","12":"first","13":"instock","14":"sale","15":"taxable","16":"shipping-taxable","17":"purchasable","18":"product-type-simple"},"acf":[],"yoast_head":"<!-- This site is optimized with the Yoast SEO Premium plugin v27.3 (Yoast SEO v27.3) - https:\/\/yoast.com\/product\/yoast-seo-premium-wordpress\/ -->\n<title>Katto lastenhuoneessa - Valkoinen joutsen - taiteilija Michelle Carslund. - Rodoaed<\/title>\n<meta name=\"robots\" content=\"index, follow, max-snippet:-1, max-image-preview:large, max-video-preview:-1\" \/>\n<link rel=\"canonical\" href=\"https:\/\/rodoaed.ee\/fi\/toode\/katto-lastenhuoneessa-valkoinen-joutsen-taiteilija-michelle-carslund\/\" \/>\n<meta property=\"og:locale\" content=\"fi_FI\" \/>\n<meta property=\"og:type\" content=\"article\" \/>\n<meta property=\"og:title\" content=\"Katto lastenhuoneessa - Valkoinen joutsen - taiteilija Michelle Carslund.\" \/>\n<meta property=\"og:description\" content=\"Valkoinen joutsen lent\u00e4\u00e4 hitaasti katossa k\u00f6ysien p\u00e4\u00e4ss\u00e4. Esimerkiksi kehdon yl\u00e4puolella tai juuri lastenhuoneen katon yl\u00e4puolella. Eritt\u00e4in tyylik\u00e4s.\" \/>\n<meta property=\"og:url\" content=\"https:\/\/rodoaed.ee\/fi\/toode\/katto-lastenhuoneessa-valkoinen-joutsen-taiteilija-michelle-carslund\/\" \/>\n<meta property=\"og:site_name\" content=\"Rodoaed\" \/>\n<meta property=\"article:publisher\" content=\"https:\/\/www.facebook.com\/kasvuhooned\/\" \/>\n<meta property=\"article:modified_time\" content=\"2026-04-13T07:55:36+00:00\" \/>\n<meta property=\"og:image\" content=\"https:\/\/rodoaed.ee\/wp-content\/uploads\/2020\/10\/Valge-luik-laes_8549_1.jpg\" \/>\n\t<meta property=\"og:image:width\" content=\"800\" \/>\n\t<meta property=\"og:image:height\" content=\"800\" \/>\n\t<meta property=\"og:image:type\" content=\"image\/jpeg\" \/>\n<meta name=\"twitter:card\" content=\"summary_large_image\" \/>\n<script type=\"application\/ld+json\" class=\"yoast-schema-graph\">{\"@context\":\"https:\\\/\\\/schema.org\",\"@graph\":[{\"@type\":\"WebPage\",\"@id\":\"https:\\\/\\\/rodoaed.ee\\\/fi\\\/toode\\\/katto-lastenhuoneessa-valkoinen-joutsen-taiteilija-michelle-carslund\\\/\",\"url\":\"https:\\\/\\\/rodoaed.ee\\\/fi\\\/toode\\\/katto-lastenhuoneessa-valkoinen-joutsen-taiteilija-michelle-carslund\\\/\",\"name\":\"Katto lastenhuoneessa - Valkoinen joutsen - taiteilija Michelle Carslund. - Rodoaed\",\"isPartOf\":{\"@id\":\"https:\\\/\\\/rodoaed.ee\\\/#website\"},\"primaryImageOfPage\":{\"@id\":\"https:\\\/\\\/rodoaed.ee\\\/fi\\\/toode\\\/katto-lastenhuoneessa-valkoinen-joutsen-taiteilija-michelle-carslund\\\/#primaryimage\"},\"image\":{\"@id\":\"https:\\\/\\\/rodoaed.ee\\\/fi\\\/toode\\\/katto-lastenhuoneessa-valkoinen-joutsen-taiteilija-michelle-carslund\\\/#primaryimage\"},\"thumbnailUrl\":\"https:\\\/\\\/rodoaed.ee\\\/wp-content\\\/uploads\\\/2020\\\/10\\\/Valge-luik-laes_8549_1.jpg\",\"datePublished\":\"2020-10-31T18:35:52+00:00\",\"dateModified\":\"2026-04-13T07:55:36+00:00\",\"breadcrumb\":{\"@id\":\"https:\\\/\\\/rodoaed.ee\\\/fi\\\/toode\\\/katto-lastenhuoneessa-valkoinen-joutsen-taiteilija-michelle-carslund\\\/#breadcrumb\"},\"inLanguage\":\"fi\",\"potentialAction\":[{\"@type\":\"ReadAction\",\"target\":[\"https:\\\/\\\/rodoaed.ee\\\/fi\\\/toode\\\/katto-lastenhuoneessa-valkoinen-joutsen-taiteilija-michelle-carslund\\\/\"]}]},{\"@type\":\"ImageObject\",\"inLanguage\":\"fi\",\"@id\":\"https:\\\/\\\/rodoaed.ee\\\/fi\\\/toode\\\/katto-lastenhuoneessa-valkoinen-joutsen-taiteilija-michelle-carslund\\\/#primaryimage\",\"url\":\"https:\\\/\\\/rodoaed.ee\\\/wp-content\\\/uploads\\\/2020\\\/10\\\/Valge-luik-laes_8549_1.jpg\",\"contentUrl\":\"https:\\\/\\\/rodoaed.ee\\\/wp-content\\\/uploads\\\/2020\\\/10\\\/Valge-luik-laes_8549_1.jpg\",\"width\":800,\"height\":800},{\"@type\":\"BreadcrumbList\",\"@id\":\"https:\\\/\\\/rodoaed.ee\\\/fi\\\/toode\\\/katto-lastenhuoneessa-valkoinen-joutsen-taiteilija-michelle-carslund\\\/#breadcrumb\",\"itemListElement\":[{\"@type\":\"ListItem\",\"position\":1,\"name\":\"Home\",\"item\":\"https:\\\/\\\/rodoaed.ee\\\/fi\\\/\"},{\"@type\":\"ListItem\",\"position\":2,\"name\":\"Osta osoitteessa\",\"item\":\"https:\\\/\\\/rodoaed.ee\\\/osta-osoitteessa\\\/\"},{\"@type\":\"ListItem\",\"position\":3,\"name\":\"Katto lastenhuoneessa &#8211; Valkoinen joutsen &#8211; taiteilija Michelle Carslund.\"}]},{\"@type\":\"WebSite\",\"@id\":\"https:\\\/\\\/rodoaed.ee\\\/#website\",\"url\":\"https:\\\/\\\/rodoaed.ee\\\/\",\"name\":\"Rodoaed\",\"description\":\"\",\"publisher\":{\"@id\":\"https:\\\/\\\/rodoaed.ee\\\/#organization\"},\"potentialAction\":[{\"@type\":\"SearchAction\",\"target\":{\"@type\":\"EntryPoint\",\"urlTemplate\":\"https:\\\/\\\/rodoaed.ee\\\/?s={search_term_string}\"},\"query-input\":{\"@type\":\"PropertyValueSpecification\",\"valueRequired\":true,\"valueName\":\"search_term_string\"}}],\"inLanguage\":\"fi\"},{\"@type\":\"Organization\",\"@id\":\"https:\\\/\\\/rodoaed.ee\\\/#organization\",\"name\":\"Rodoaed\",\"url\":\"https:\\\/\\\/rodoaed.ee\\\/\",\"logo\":{\"@type\":\"ImageObject\",\"inLanguage\":\"fi\",\"@id\":\"https:\\\/\\\/rodoaed.ee\\\/#\\\/schema\\\/logo\\\/image\\\/\",\"url\":\"https:\\\/\\\/rodoaed.ee\\\/wp-content\\\/uploads\\\/2019\\\/11\\\/rodoaed-logo-ilma-taustata.jpg\",\"contentUrl\":\"https:\\\/\\\/rodoaed.ee\\\/wp-content\\\/uploads\\\/2019\\\/11\\\/rodoaed-logo-ilma-taustata.jpg\",\"width\":769,\"height\":268,\"caption\":\"Rodoaed\"},\"image\":{\"@id\":\"https:\\\/\\\/rodoaed.ee\\\/#\\\/schema\\\/logo\\\/image\\\/\"},\"sameAs\":[\"https:\\\/\\\/www.facebook.com\\\/kasvuhooned\\\/\",\"https:\\\/\\\/rodoaed.ee\"]}]}<\/script>\n<!-- \/ Yoast SEO Premium plugin. -->","yoast_head_json":{"title":"Katto lastenhuoneessa - Valkoinen joutsen - taiteilija Michelle Carslund. - Rodoaed","robots":{"index":"index","follow":"follow","max-snippet":"max-snippet:-1","max-image-preview":"max-image-preview:large","max-video-preview":"max-video-preview:-1"},"canonical":"https:\/\/rodoaed.ee\/fi\/toode\/katto-lastenhuoneessa-valkoinen-joutsen-taiteilija-michelle-carslund\/","og_locale":"fi_FI","og_type":"article","og_title":"Katto lastenhuoneessa - Valkoinen joutsen - taiteilija Michelle Carslund.","og_description":"Valkoinen joutsen lent\u00e4\u00e4 hitaasti katossa k\u00f6ysien p\u00e4\u00e4ss\u00e4. Esimerkiksi kehdon yl\u00e4puolella tai juuri lastenhuoneen katon yl\u00e4puolella. Eritt\u00e4in tyylik\u00e4s.","og_url":"https:\/\/rodoaed.ee\/fi\/toode\/katto-lastenhuoneessa-valkoinen-joutsen-taiteilija-michelle-carslund\/","og_site_name":"Rodoaed","article_publisher":"https:\/\/www.facebook.com\/kasvuhooned\/","article_modified_time":"2026-04-13T07:55:36+00:00","og_image":[{"width":800,"height":800,"url":"https:\/\/rodoaed.ee\/wp-content\/uploads\/2020\/10\/Valge-luik-laes_8549_1.jpg","type":"image\/jpeg"}],"twitter_card":"summary_large_image","schema":{"@context":"https:\/\/schema.org","@graph":[{"@type":"WebPage","@id":"https:\/\/rodoaed.ee\/fi\/toode\/katto-lastenhuoneessa-valkoinen-joutsen-taiteilija-michelle-carslund\/","url":"https:\/\/rodoaed.ee\/fi\/toode\/katto-lastenhuoneessa-valkoinen-joutsen-taiteilija-michelle-carslund\/","name":"Katto lastenhuoneessa - Valkoinen joutsen - taiteilija Michelle Carslund. - Rodoaed","isPartOf":{"@id":"https:\/\/rodoaed.ee\/#website"},"primaryImageOfPage":{"@id":"https:\/\/rodoaed.ee\/fi\/toode\/katto-lastenhuoneessa-valkoinen-joutsen-taiteilija-michelle-carslund\/#primaryimage"},"image":{"@id":"https:\/\/rodoaed.ee\/fi\/toode\/katto-lastenhuoneessa-valkoinen-joutsen-taiteilija-michelle-carslund\/#primaryimage"},"thumbnailUrl":"https:\/\/rodoaed.ee\/wp-content\/uploads\/2020\/10\/Valge-luik-laes_8549_1.jpg","datePublished":"2020-10-31T18:35:52+00:00","dateModified":"2026-04-13T07:55:36+00:00","breadcrumb":{"@id":"https:\/\/rodoaed.ee\/fi\/toode\/katto-lastenhuoneessa-valkoinen-joutsen-taiteilija-michelle-carslund\/#breadcrumb"},"inLanguage":"fi","potentialAction":[{"@type":"ReadAction","target":["https:\/\/rodoaed.ee\/fi\/toode\/katto-lastenhuoneessa-valkoinen-joutsen-taiteilija-michelle-carslund\/"]}]},{"@type":"ImageObject","inLanguage":"fi","@id":"https:\/\/rodoaed.ee\/fi\/toode\/katto-lastenhuoneessa-valkoinen-joutsen-taiteilija-michelle-carslund\/#primaryimage","url":"https:\/\/rodoaed.ee\/wp-content\/uploads\/2020\/10\/Valge-luik-laes_8549_1.jpg","contentUrl":"https:\/\/rodoaed.ee\/wp-content\/uploads\/2020\/10\/Valge-luik-laes_8549_1.jpg","width":800,"height":800},{"@type":"BreadcrumbList","@id":"https:\/\/rodoaed.ee\/fi\/toode\/katto-lastenhuoneessa-valkoinen-joutsen-taiteilija-michelle-carslund\/#breadcrumb","itemListElement":[{"@type":"ListItem","position":1,"name":"Home","item":"https:\/\/rodoaed.ee\/fi\/"},{"@type":"ListItem","position":2,"name":"Osta osoitteessa","item":"https:\/\/rodoaed.ee\/osta-osoitteessa\/"},{"@type":"ListItem","position":3,"name":"Katto lastenhuoneessa &#8211; Valkoinen joutsen &#8211; taiteilija Michelle Carslund."}]},{"@type":"WebSite","@id":"https:\/\/rodoaed.ee\/#website","url":"https:\/\/rodoaed.ee\/","name":"Rodoaed","description":"","publisher":{"@id":"https:\/\/rodoaed.ee\/#organization"},"potentialAction":[{"@type":"SearchAction","target":{"@type":"EntryPoint","urlTemplate":"https:\/\/rodoaed.ee\/?s={search_term_string}"},"query-input":{"@type":"PropertyValueSpecification","valueRequired":true,"valueName":"search_term_string"}}],"inLanguage":"fi"},{"@type":"Organization","@id":"https:\/\/rodoaed.ee\/#organization","name":"Rodoaed","url":"https:\/\/rodoaed.ee\/","logo":{"@type":"ImageObject","inLanguage":"fi","@id":"https:\/\/rodoaed.ee\/#\/schema\/logo\/image\/","url":"https:\/\/rodoaed.ee\/wp-content\/uploads\/2019\/11\/rodoaed-logo-ilma-taustata.jpg","contentUrl":"https:\/\/rodoaed.ee\/wp-content\/uploads\/2019\/11\/rodoaed-logo-ilma-taustata.jpg","width":769,"height":268,"caption":"Rodoaed"},"image":{"@id":"https:\/\/rodoaed.ee\/#\/schema\/logo\/image\/"},"sameAs":["https:\/\/www.facebook.com\/kasvuhooned\/","https:\/\/rodoaed.ee"]}]}},"_links":{"self":[{"href":"https:\/\/rodoaed.ee\/fi\/wp-json\/wp\/v2\/product\/52827","targetHints":{"allow":["GET"]}}],"collection":[{"href":"https:\/\/rodoaed.ee\/fi\/wp-json\/wp\/v2\/product"}],"about":[{"href":"https:\/\/rodoaed.ee\/fi\/wp-json\/wp\/v2\/types\/product"}],"wp:featuredmedia":[{"embeddable":true,"href":"https:\/\/rodoaed.ee\/fi\/wp-json\/wp\/v2\/media\/34783"}],"wp:attachment":[{"href":"https:\/\/rodoaed.ee\/fi\/wp-json\/wp\/v2\/media?parent=52827"}],"wp:term":[{"taxonomy":"product_brand","embeddable":true,"href":"https:\/\/rodoaed.ee\/fi\/wp-json\/wp\/v2\/product_brand?post=52827"},{"taxonomy":"product_cat","embeddable":true,"href":"https:\/\/rodoaed.ee\/fi\/wp-json\/wp\/v2\/product_cat?post=52827"},{"taxonomy":"product_tag","embeddable":true,"href":"https:\/\/rodoaed.ee\/fi\/wp-json\/wp\/v2\/product_tag?post=52827"}],"curies":[{"name":"wp","href":"https:\/\/api.w.org\/{rel}","templated":true}]}}