{"id":52829,"date":"2020-10-31T15:02:10","date_gmt":"2020-10-31T13:02:10","guid":{"rendered":"https:\/\/rodoaed.ee\/toode\/lintujen-pesamateriaalin-varasto-ankanpoikanen-ilman-materiaalia\/"},"modified":"2026-04-13T10:55:36","modified_gmt":"2026-04-13T07:55:36","slug":"lintujen-pesamateriaalin-varasto-ankanpoikanen-ilman-materiaalia","status":"publish","type":"product","link":"https:\/\/rodoaed.ee\/fi\/tuote\/lintujen-pesamateriaalin-varasto-ankanpoikanen-ilman-materiaalia\/","title":{"rendered":"Lintujen pes\u00e4materiaalin varasto Ankanpoikanen, ilman materiaalia"},"content":{"rendered":"<p><strong>Tammi muotoinen pehkulaatikko kaikille pikkulinnuille<\/strong><\/p>\n<p>Ilman pes\u00e4materiaalia. Pes\u00e4materiaalia varten osta erillinen <a href=\"https:\/\/rodoaed.ee\/wp-admin\/post.php?post=39980&amp;action=edit&amp;lang=et\">kapok-puut\u00e4yte.<\/a> <\/p>\n<p>Linnut tarvitsevat vuorimateriaalia rakentaakseen pes\u00e4ns\u00e4. Pikkulinnut k\u00e4ytt\u00e4v\u00e4t p\u00e4\u00e4asiassa luonnosta saatavia materiaaleja, kuten el\u00e4inten karvoja, lampaanvillaa, sammalta, untuvaa jne. Laittamalla vuorimateriaalipaketin voit helpottaa lintujen el\u00e4m\u00e4\u00e4 huomattavasti. N\u00e4in linnut s\u00e4\u00e4st\u00e4v\u00e4t paljon arvokasta aikaa, kun niiden ei tarvitse l\u00e4hte\u00e4 kauas hakemaan sopivaa pes\u00e4materiaalia. Huomaat nopeasti, kuinka kiitollisia linnut ovat sinulle t\u00e4st\u00e4.    <\/p>\n<p><strong>T\u00e4m\u00e4 pes\u00e4materiaalivarasto on v\u00e4ltt\u00e4m\u00e4t\u00f6n sek\u00e4 pes\u00e4laatikossa pesiville linnuille ett\u00e4 kaikille pikkulinnuille, jotka rakentavat omat pes\u00e4ns\u00e4 puihin.<\/strong><\/p>\n<p><strong>Asennuspaikka:<\/strong><\/p>\n<p>Ripusta pes\u00e4materiaali varikolle, esimerkiksi talon r\u00e4yst\u00e4\u00e4n alle tai muualle, miss\u00e4 se on suojassa sateelta. Jos ripustat varaston r\u00e4yst\u00e4\u00e4n alle ikkunan l\u00e4helle, voit pit\u00e4\u00e4 lintuja silm\u00e4ll\u00e4. <\/p>\n<p>HUOM Erinomainen vaihtoehto kouluille ja p\u00e4iv\u00e4kodeille on ripustaa se varikon ikkunan taakse, jotta lapset voivat katsella lintuja.<\/p>\n<p><strong>Rungon materiaali :<\/strong><\/p>\n<p>S\u00e4\u00e4nkest\u00e4v\u00e4 ter\u00e4sjousi<\/p>\n<p>&nbsp;<\/p>\n<p>&nbsp;<\/p>\n<p>&nbsp;<\/p>\n<p>&nbsp;<\/p>\n<p><a href=\"https:\/\/rodoaed.ee\/fi\/tootekategooria\/linnaillalliset-ja-linnan-ravintolat\/\">aloita<\/a><\/p>\n","protected":false},"excerpt":{"rendered":"<p>Tammi muotoinen pehkulaatikko kaikille pikkulinnuille Ilman pes\u00e4materiaalia. Pes\u00e4materiaalia varten osta erillinen kapok-puut\u00e4yte. Linnut tarvitsevat vuorimateriaalia rakentaakseen pes\u00e4ns\u00e4. Pikkulinnut k\u00e4ytt\u00e4v\u00e4t p\u00e4\u00e4asiassa luonnosta saatavia materiaaleja, kuten el\u00e4inten karvoja, lampaanvillaa, sammalta, untuvaa jne. Laittamalla vuorimateriaalipaketin voit helpottaa lintujen el\u00e4m\u00e4\u00e4 huomattavasti. N\u00e4in linnut s\u00e4\u00e4st\u00e4v\u00e4t paljon arvokasta aikaa, kun niiden ei tarvitse l\u00e4hte\u00e4 kauas hakemaan sopivaa pes\u00e4materiaalia. Huomaat nopeasti, kuinka kiitollisia linnut ovat sinulle t\u00e4st\u00e4. T\u00e4m\u00e4 pes\u00e4materiaalivarasto on v\u00e4ltt\u00e4m\u00e4t\u00f6n sek\u00e4&#8230;<\/p>\n","protected":false},"featured_media":34651,"template":"","meta":{"_acf_changed":false},"product_brand":[],"product_cat":[1929,1928,1881,1852,1930,1926,1851,1879,1931],"product_tag":[],"class_list":{"0":"post-52829","1":"product","2":"type-product","3":"status-publish","4":"has-post-thumbnail","6":"product_cat-aviary-1mr-lahja-puutarhan-ystavalle","7":"product_cat-avoimet-pesalaatikot-lepidoptera-punarintaiset-hedelmalinnut-kaki-pensastasku-pensastasku-varpuspollo-varpuspollo-varpuspollo","8":"product_cat-kultasirkun-pesakotelo","9":"product_cat-lintujen-tarvikkeet","10":"product_cat-pesakotelo-2m","11":"product_cat-pesakotelosarjat","12":"product_cat-pesakotelot","13":"product_cat-pesalaatikko-1b-tiaiset-varpuslinnut","14":"product_cat-turvallinen-pesulaatikko-2gr","15":"product_shipping_class-toimitus-1-3-tyopaivan-kuluessa","16":"pa_variatsioon-20-dining-house-latern-1l","18":"first","19":"instock","20":"taxable","21":"shipping-taxable","22":"purchasable","23":"product-type-simple"},"acf":[],"yoast_head":"<!-- This site is optimized with the Yoast SEO Premium plugin v27.3 (Yoast SEO v27.3) - https:\/\/yoast.com\/product\/yoast-seo-premium-wordpress\/ -->\n<title>Lintujen pes\u00e4materiaalin varasto Ankanpoikanen, ilman materiaalia - Rodoaed<\/title>\n<meta name=\"robots\" content=\"index, follow, max-snippet:-1, max-image-preview:large, max-video-preview:-1\" \/>\n<link rel=\"canonical\" href=\"https:\/\/rodoaed.ee\/fi\/toode\/lintujen-pesamateriaalin-varasto-ankanpoikanen-ilman-materiaalia\/\" \/>\n<meta property=\"og:locale\" content=\"fi_FI\" \/>\n<meta property=\"og:type\" content=\"article\" \/>\n<meta property=\"og:title\" content=\"Lintujen pes\u00e4materiaalin varasto Ankanpoikanen, ilman materiaalia\" \/>\n<meta property=\"og:description\" content=\"Tammi muotoinen pehkulaatikko kaikille pikkulinnuille Ilman pes\u00e4materiaalia. Pes\u00e4materiaalia varten osta erillinen kapok-puut\u00e4yte. Linnut tarvitsevat\" \/>\n<meta property=\"og:url\" content=\"https:\/\/rodoaed.ee\/fi\/toode\/lintujen-pesamateriaalin-varasto-ankanpoikanen-ilman-materiaalia\/\" \/>\n<meta property=\"og:site_name\" content=\"Rodoaed\" \/>\n<meta property=\"article:publisher\" content=\"https:\/\/www.facebook.com\/kasvuhooned\/\" \/>\n<meta property=\"article:modified_time\" content=\"2026-04-13T07:55:36+00:00\" \/>\n<meta property=\"og:image\" content=\"https:\/\/rodoaed.ee\/wp-content\/uploads\/2020\/10\/tammetoru-kujuline-soogimaja_FB456_01.png\" \/>\n\t<meta property=\"og:image:width\" content=\"1240\" \/>\n\t<meta property=\"og:image:height\" content=\"1240\" \/>\n\t<meta property=\"og:image:type\" content=\"image\/png\" \/>\n<meta name=\"twitter:card\" content=\"summary_large_image\" \/>\n<meta name=\"twitter:label1\" content=\"Arvioitu lukuaika\" \/>\n\t<meta name=\"twitter:data1\" content=\"1 minuutti\" \/>\n<script type=\"application\/ld+json\" class=\"yoast-schema-graph\">{\"@context\":\"https:\\\/\\\/schema.org\",\"@graph\":[{\"@type\":\"WebPage\",\"@id\":\"https:\\\/\\\/rodoaed.ee\\\/fi\\\/toode\\\/lintujen-pesamateriaalin-varasto-ankanpoikanen-ilman-materiaalia\\\/\",\"url\":\"https:\\\/\\\/rodoaed.ee\\\/fi\\\/toode\\\/lintujen-pesamateriaalin-varasto-ankanpoikanen-ilman-materiaalia\\\/\",\"name\":\"Lintujen pes\u00e4materiaalin varasto Ankanpoikanen, ilman materiaalia - Rodoaed\",\"isPartOf\":{\"@id\":\"https:\\\/\\\/rodoaed.ee\\\/#website\"},\"primaryImageOfPage\":{\"@id\":\"https:\\\/\\\/rodoaed.ee\\\/fi\\\/toode\\\/lintujen-pesamateriaalin-varasto-ankanpoikanen-ilman-materiaalia\\\/#primaryimage\"},\"image\":{\"@id\":\"https:\\\/\\\/rodoaed.ee\\\/fi\\\/toode\\\/lintujen-pesamateriaalin-varasto-ankanpoikanen-ilman-materiaalia\\\/#primaryimage\"},\"thumbnailUrl\":\"https:\\\/\\\/rodoaed.ee\\\/wp-content\\\/uploads\\\/2020\\\/10\\\/tammetoru-kujuline-soogimaja_FB456_01.png\",\"datePublished\":\"2020-10-31T13:02:10+00:00\",\"dateModified\":\"2026-04-13T07:55:36+00:00\",\"breadcrumb\":{\"@id\":\"https:\\\/\\\/rodoaed.ee\\\/fi\\\/toode\\\/lintujen-pesamateriaalin-varasto-ankanpoikanen-ilman-materiaalia\\\/#breadcrumb\"},\"inLanguage\":\"fi\",\"potentialAction\":[{\"@type\":\"ReadAction\",\"target\":[\"https:\\\/\\\/rodoaed.ee\\\/fi\\\/toode\\\/lintujen-pesamateriaalin-varasto-ankanpoikanen-ilman-materiaalia\\\/\"]}]},{\"@type\":\"ImageObject\",\"inLanguage\":\"fi\",\"@id\":\"https:\\\/\\\/rodoaed.ee\\\/fi\\\/toode\\\/lintujen-pesamateriaalin-varasto-ankanpoikanen-ilman-materiaalia\\\/#primaryimage\",\"url\":\"https:\\\/\\\/rodoaed.ee\\\/wp-content\\\/uploads\\\/2020\\\/10\\\/tammetoru-kujuline-soogimaja_FB456_01.png\",\"contentUrl\":\"https:\\\/\\\/rodoaed.ee\\\/wp-content\\\/uploads\\\/2020\\\/10\\\/tammetoru-kujuline-soogimaja_FB456_01.png\",\"width\":1240,\"height\":1240},{\"@type\":\"BreadcrumbList\",\"@id\":\"https:\\\/\\\/rodoaed.ee\\\/fi\\\/toode\\\/lintujen-pesamateriaalin-varasto-ankanpoikanen-ilman-materiaalia\\\/#breadcrumb\",\"itemListElement\":[{\"@type\":\"ListItem\",\"position\":1,\"name\":\"Home\",\"item\":\"https:\\\/\\\/rodoaed.ee\\\/fi\\\/\"},{\"@type\":\"ListItem\",\"position\":2,\"name\":\"Osta osoitteessa\",\"item\":\"https:\\\/\\\/rodoaed.ee\\\/osta-osoitteessa\\\/\"},{\"@type\":\"ListItem\",\"position\":3,\"name\":\"Lintujen pes\u00e4materiaalin varasto Ankanpoikanen, ilman materiaalia\"}]},{\"@type\":\"WebSite\",\"@id\":\"https:\\\/\\\/rodoaed.ee\\\/#website\",\"url\":\"https:\\\/\\\/rodoaed.ee\\\/\",\"name\":\"Rodoaed\",\"description\":\"\",\"publisher\":{\"@id\":\"https:\\\/\\\/rodoaed.ee\\\/#organization\"},\"potentialAction\":[{\"@type\":\"SearchAction\",\"target\":{\"@type\":\"EntryPoint\",\"urlTemplate\":\"https:\\\/\\\/rodoaed.ee\\\/?s={search_term_string}\"},\"query-input\":{\"@type\":\"PropertyValueSpecification\",\"valueRequired\":true,\"valueName\":\"search_term_string\"}}],\"inLanguage\":\"fi\"},{\"@type\":\"Organization\",\"@id\":\"https:\\\/\\\/rodoaed.ee\\\/#organization\",\"name\":\"Rodoaed\",\"url\":\"https:\\\/\\\/rodoaed.ee\\\/\",\"logo\":{\"@type\":\"ImageObject\",\"inLanguage\":\"fi\",\"@id\":\"https:\\\/\\\/rodoaed.ee\\\/#\\\/schema\\\/logo\\\/image\\\/\",\"url\":\"https:\\\/\\\/rodoaed.ee\\\/wp-content\\\/uploads\\\/2019\\\/11\\\/rodoaed-logo-ilma-taustata.jpg\",\"contentUrl\":\"https:\\\/\\\/rodoaed.ee\\\/wp-content\\\/uploads\\\/2019\\\/11\\\/rodoaed-logo-ilma-taustata.jpg\",\"width\":769,\"height\":268,\"caption\":\"Rodoaed\"},\"image\":{\"@id\":\"https:\\\/\\\/rodoaed.ee\\\/#\\\/schema\\\/logo\\\/image\\\/\"},\"sameAs\":[\"https:\\\/\\\/www.facebook.com\\\/kasvuhooned\\\/\",\"https:\\\/\\\/rodoaed.ee\"]}]}<\/script>\n<!-- \/ Yoast SEO Premium plugin. -->","yoast_head_json":{"title":"Lintujen pes\u00e4materiaalin varasto Ankanpoikanen, ilman materiaalia - Rodoaed","robots":{"index":"index","follow":"follow","max-snippet":"max-snippet:-1","max-image-preview":"max-image-preview:large","max-video-preview":"max-video-preview:-1"},"canonical":"https:\/\/rodoaed.ee\/fi\/toode\/lintujen-pesamateriaalin-varasto-ankanpoikanen-ilman-materiaalia\/","og_locale":"fi_FI","og_type":"article","og_title":"Lintujen pes\u00e4materiaalin varasto Ankanpoikanen, ilman materiaalia","og_description":"Tammi muotoinen pehkulaatikko kaikille pikkulinnuille Ilman pes\u00e4materiaalia. Pes\u00e4materiaalia varten osta erillinen kapok-puut\u00e4yte. Linnut tarvitsevat","og_url":"https:\/\/rodoaed.ee\/fi\/toode\/lintujen-pesamateriaalin-varasto-ankanpoikanen-ilman-materiaalia\/","og_site_name":"Rodoaed","article_publisher":"https:\/\/www.facebook.com\/kasvuhooned\/","article_modified_time":"2026-04-13T07:55:36+00:00","og_image":[{"width":1240,"height":1240,"url":"https:\/\/rodoaed.ee\/wp-content\/uploads\/2020\/10\/tammetoru-kujuline-soogimaja_FB456_01.png","type":"image\/png"}],"twitter_card":"summary_large_image","twitter_misc":{"Arvioitu lukuaika":"1 minuutti"},"schema":{"@context":"https:\/\/schema.org","@graph":[{"@type":"WebPage","@id":"https:\/\/rodoaed.ee\/fi\/toode\/lintujen-pesamateriaalin-varasto-ankanpoikanen-ilman-materiaalia\/","url":"https:\/\/rodoaed.ee\/fi\/toode\/lintujen-pesamateriaalin-varasto-ankanpoikanen-ilman-materiaalia\/","name":"Lintujen pes\u00e4materiaalin varasto Ankanpoikanen, ilman materiaalia - Rodoaed","isPartOf":{"@id":"https:\/\/rodoaed.ee\/#website"},"primaryImageOfPage":{"@id":"https:\/\/rodoaed.ee\/fi\/toode\/lintujen-pesamateriaalin-varasto-ankanpoikanen-ilman-materiaalia\/#primaryimage"},"image":{"@id":"https:\/\/rodoaed.ee\/fi\/toode\/lintujen-pesamateriaalin-varasto-ankanpoikanen-ilman-materiaalia\/#primaryimage"},"thumbnailUrl":"https:\/\/rodoaed.ee\/wp-content\/uploads\/2020\/10\/tammetoru-kujuline-soogimaja_FB456_01.png","datePublished":"2020-10-31T13:02:10+00:00","dateModified":"2026-04-13T07:55:36+00:00","breadcrumb":{"@id":"https:\/\/rodoaed.ee\/fi\/toode\/lintujen-pesamateriaalin-varasto-ankanpoikanen-ilman-materiaalia\/#breadcrumb"},"inLanguage":"fi","potentialAction":[{"@type":"ReadAction","target":["https:\/\/rodoaed.ee\/fi\/toode\/lintujen-pesamateriaalin-varasto-ankanpoikanen-ilman-materiaalia\/"]}]},{"@type":"ImageObject","inLanguage":"fi","@id":"https:\/\/rodoaed.ee\/fi\/toode\/lintujen-pesamateriaalin-varasto-ankanpoikanen-ilman-materiaalia\/#primaryimage","url":"https:\/\/rodoaed.ee\/wp-content\/uploads\/2020\/10\/tammetoru-kujuline-soogimaja_FB456_01.png","contentUrl":"https:\/\/rodoaed.ee\/wp-content\/uploads\/2020\/10\/tammetoru-kujuline-soogimaja_FB456_01.png","width":1240,"height":1240},{"@type":"BreadcrumbList","@id":"https:\/\/rodoaed.ee\/fi\/toode\/lintujen-pesamateriaalin-varasto-ankanpoikanen-ilman-materiaalia\/#breadcrumb","itemListElement":[{"@type":"ListItem","position":1,"name":"Home","item":"https:\/\/rodoaed.ee\/fi\/"},{"@type":"ListItem","position":2,"name":"Osta osoitteessa","item":"https:\/\/rodoaed.ee\/osta-osoitteessa\/"},{"@type":"ListItem","position":3,"name":"Lintujen pes\u00e4materiaalin varasto Ankanpoikanen, ilman materiaalia"}]},{"@type":"WebSite","@id":"https:\/\/rodoaed.ee\/#website","url":"https:\/\/rodoaed.ee\/","name":"Rodoaed","description":"","publisher":{"@id":"https:\/\/rodoaed.ee\/#organization"},"potentialAction":[{"@type":"SearchAction","target":{"@type":"EntryPoint","urlTemplate":"https:\/\/rodoaed.ee\/?s={search_term_string}"},"query-input":{"@type":"PropertyValueSpecification","valueRequired":true,"valueName":"search_term_string"}}],"inLanguage":"fi"},{"@type":"Organization","@id":"https:\/\/rodoaed.ee\/#organization","name":"Rodoaed","url":"https:\/\/rodoaed.ee\/","logo":{"@type":"ImageObject","inLanguage":"fi","@id":"https:\/\/rodoaed.ee\/#\/schema\/logo\/image\/","url":"https:\/\/rodoaed.ee\/wp-content\/uploads\/2019\/11\/rodoaed-logo-ilma-taustata.jpg","contentUrl":"https:\/\/rodoaed.ee\/wp-content\/uploads\/2019\/11\/rodoaed-logo-ilma-taustata.jpg","width":769,"height":268,"caption":"Rodoaed"},"image":{"@id":"https:\/\/rodoaed.ee\/#\/schema\/logo\/image\/"},"sameAs":["https:\/\/www.facebook.com\/kasvuhooned\/","https:\/\/rodoaed.ee"]}]}},"_links":{"self":[{"href":"https:\/\/rodoaed.ee\/fi\/wp-json\/wp\/v2\/product\/52829","targetHints":{"allow":["GET"]}}],"collection":[{"href":"https:\/\/rodoaed.ee\/fi\/wp-json\/wp\/v2\/product"}],"about":[{"href":"https:\/\/rodoaed.ee\/fi\/wp-json\/wp\/v2\/types\/product"}],"wp:featuredmedia":[{"embeddable":true,"href":"https:\/\/rodoaed.ee\/fi\/wp-json\/wp\/v2\/media\/34651"}],"wp:attachment":[{"href":"https:\/\/rodoaed.ee\/fi\/wp-json\/wp\/v2\/media?parent=52829"}],"wp:term":[{"taxonomy":"product_brand","embeddable":true,"href":"https:\/\/rodoaed.ee\/fi\/wp-json\/wp\/v2\/product_brand?post=52829"},{"taxonomy":"product_cat","embeddable":true,"href":"https:\/\/rodoaed.ee\/fi\/wp-json\/wp\/v2\/product_cat?post=52829"},{"taxonomy":"product_tag","embeddable":true,"href":"https:\/\/rodoaed.ee\/fi\/wp-json\/wp\/v2\/product_tag?post=52829"}],"curies":[{"name":"wp","href":"https:\/\/api.w.org\/{rel}","templated":true}]}}