{"id":52830,"date":"2020-11-01T10:37:20","date_gmt":"2020-11-01T08:37:20","guid":{"rendered":"https:\/\/rodoaed.ee\/toode\/hyonteishotelli-lepatriene-house\/"},"modified":"2026-04-13T10:55:37","modified_gmt":"2026-04-13T07:55:37","slug":"hyonteishotelli-lepatriene-house","status":"publish","type":"product","link":"https:\/\/rodoaed.ee\/fi\/tuote\/hyonteishotelli-lepatriene-house\/","title":{"rendered":"Hy\u00f6nteishotelli &#8211; lepatriene house"},"content":{"rendered":"<h2>Hy\u00f6nteishotelli lepidopteraperhosille.<\/h2>\n<p>Sen lis\u00e4ksi, ett\u00e4 ne ovat lasten suosikkeja ja eritt\u00e4in s\u00f6p\u00f6j\u00e4, ne ovat my\u00f6s eritt\u00e4in hy\u00f6dyllisi\u00e4 hy\u00f6nteisi\u00e4 puutarhassa. Aikuinen lepidoptera voi sy\u00f6d\u00e4 jopa 100 \u00f6t\u00f6kk\u00e4\u00e4 p\u00e4iv\u00e4ss\u00e4 &#8211; tuholaistorjuntaa puutarhassa ilmaiseksi ja ilman myrkytyksi\u00e4. Sill\u00e4 on eritt\u00e4in t\u00e4rke\u00e4 rooli miss\u00e4 tahansa puutarhan ekosysteemiss\u00e4.  <\/p>\n<p>Se on riitt\u00e4v\u00e4 syy pirist\u00e4\u00e4 lepakoita hieman ja pystytt\u00e4\u00e4 turvallinen pes\u00e4paikka. T\u00e4ss\u00e4 lepakkotalossa lepakot kokoontuvat suureksi yhteis\u00f6ksi lep\u00e4\u00e4m\u00e4\u00e4n ja talvehtimaan. Lepakkotalo on suunniteltu niin, ett\u00e4 sinne p\u00e4\u00e4see aina helposti, mutta se pit\u00e4\u00e4 kilpailijat ja saalistajat poissa.  <\/p>\n<h2>T\u00e4rkeimm\u00e4t ominaisuudet<\/h2>\n<p>Materiaali: m\u00e4nty<\/p>\n<p>Mitat: L 12,2 x L 16,9 x K 22,9 cm.<\/p>\n<p>Paino: 526 g<\/p>\n<div class=\"icon-link icon-link--left font-weight-normal mt-4\"><\/div>\n","protected":false},"excerpt":{"rendered":"<p>Hy\u00f6nteishotelli lepidopteraperhosille. Sen lis\u00e4ksi, ett\u00e4 ne ovat lasten suosikkeja ja eritt\u00e4in s\u00f6p\u00f6j\u00e4, ne ovat my\u00f6s eritt\u00e4in hy\u00f6dyllisi\u00e4 hy\u00f6nteisi\u00e4 puutarhassa. Aikuinen lepidoptera voi sy\u00f6d\u00e4 jopa 100 \u00f6t\u00f6kk\u00e4\u00e4 p\u00e4iv\u00e4ss\u00e4 &#8211; tuholaistorjuntaa puutarhassa ilmaiseksi ja ilman myrkytyksi\u00e4. Sill\u00e4 on eritt\u00e4in t\u00e4rke\u00e4 rooli miss\u00e4 tahansa puutarhan ekosysteemiss\u00e4. Se on riitt\u00e4v\u00e4 syy pirist\u00e4\u00e4 lepakoita hieman ja pystytt\u00e4\u00e4 turvallinen pes\u00e4paikka. T\u00e4ss\u00e4 lepakkotalossa lepakot kokoontuvat suureksi yhteis\u00f6ksi lep\u00e4\u00e4m\u00e4\u00e4n ja talvehtimaan. Lepakkotalo on&#8230;<\/p>\n","protected":false},"featured_media":34819,"template":"","meta":{"_acf_changed":false},"product_brand":[],"product_cat":[1854,1878,1785,1880,1743],"product_tag":[],"class_list":{"0":"post-52830","1":"product","2":"type-product","3":"status-publish","4":"has-post-thumbnail","6":"product_cat-hyonteishotellit","7":"product_cat-kilettimaiset-majat","8":"product_cat-lahjat-lapsille-6-12a","9":"product_cat-lahjat-luonnonystavalle","10":"product_cat-lisalahjat-lahjat","11":"product_shipping_class-toimitus-1-3-tyopaivan-kuluessa","12":"pa_variatsioon-puinen-traktori","14":"first","15":"outofstock","16":"taxable","17":"shipping-taxable","18":"purchasable","19":"product-type-simple"},"acf":[],"yoast_head":"<!-- This site is optimized with the Yoast SEO Premium plugin v27.3 (Yoast SEO v27.3) - https:\/\/yoast.com\/product\/yoast-seo-premium-wordpress\/ -->\n<title>Hy\u00f6nteishotelli - lepatriene house - Rodoaed<\/title>\n<meta name=\"robots\" content=\"index, follow, max-snippet:-1, max-image-preview:large, max-video-preview:-1\" \/>\n<link rel=\"canonical\" href=\"https:\/\/rodoaed.ee\/fi\/toode\/hyonteishotelli-lepatriene-house\/\" \/>\n<meta property=\"og:locale\" content=\"fi_FI\" \/>\n<meta property=\"og:type\" content=\"article\" \/>\n<meta property=\"og:title\" content=\"Hy\u00f6nteishotelli - lepatriene house\" \/>\n<meta property=\"og:description\" content=\"Hy\u00f6nteishotelli lepidopteraperhosille. Sen lis\u00e4ksi, ett\u00e4 ne ovat lasten suosikkeja ja eritt\u00e4in s\u00f6p\u00f6j\u00e4, ne ovat my\u00f6s eritt\u00e4in hy\u00f6dyllisi\u00e4 hy\u00f6nteisi\u00e4\" \/>\n<meta property=\"og:url\" content=\"https:\/\/rodoaed.ee\/fi\/toode\/hyonteishotelli-lepatriene-house\/\" \/>\n<meta property=\"og:site_name\" content=\"Rodoaed\" \/>\n<meta property=\"article:publisher\" content=\"https:\/\/www.facebook.com\/kasvuhooned\/\" \/>\n<meta property=\"article:modified_time\" content=\"2026-04-13T07:55:37+00:00\" \/>\n<meta property=\"og:image\" content=\"https:\/\/rodoaed.ee\/wp-content\/uploads\/2020\/11\/putukahotell_lepatriinu-maja_WA37_01.png\" \/>\n\t<meta property=\"og:image:width\" content=\"1240\" \/>\n\t<meta property=\"og:image:height\" content=\"1240\" \/>\n\t<meta property=\"og:image:type\" content=\"image\/png\" \/>\n<meta name=\"twitter:card\" content=\"summary_large_image\" \/>\n<meta name=\"twitter:label1\" content=\"Arvioitu lukuaika\" \/>\n\t<meta name=\"twitter:data1\" content=\"1 minuutti\" \/>\n<script type=\"application\/ld+json\" class=\"yoast-schema-graph\">{\"@context\":\"https:\\\/\\\/schema.org\",\"@graph\":[{\"@type\":\"WebPage\",\"@id\":\"https:\\\/\\\/rodoaed.ee\\\/fi\\\/toode\\\/hyonteishotelli-lepatriene-house\\\/\",\"url\":\"https:\\\/\\\/rodoaed.ee\\\/fi\\\/toode\\\/hyonteishotelli-lepatriene-house\\\/\",\"name\":\"Hy\u00f6nteishotelli - lepatriene house - Rodoaed\",\"isPartOf\":{\"@id\":\"https:\\\/\\\/rodoaed.ee\\\/#website\"},\"primaryImageOfPage\":{\"@id\":\"https:\\\/\\\/rodoaed.ee\\\/fi\\\/toode\\\/hyonteishotelli-lepatriene-house\\\/#primaryimage\"},\"image\":{\"@id\":\"https:\\\/\\\/rodoaed.ee\\\/fi\\\/toode\\\/hyonteishotelli-lepatriene-house\\\/#primaryimage\"},\"thumbnailUrl\":\"https:\\\/\\\/rodoaed.ee\\\/wp-content\\\/uploads\\\/2020\\\/11\\\/putukahotell_lepatriinu-maja_WA37_01.png\",\"datePublished\":\"2020-11-01T08:37:20+00:00\",\"dateModified\":\"2026-04-13T07:55:37+00:00\",\"breadcrumb\":{\"@id\":\"https:\\\/\\\/rodoaed.ee\\\/fi\\\/toode\\\/hyonteishotelli-lepatriene-house\\\/#breadcrumb\"},\"inLanguage\":\"fi\",\"potentialAction\":[{\"@type\":\"ReadAction\",\"target\":[\"https:\\\/\\\/rodoaed.ee\\\/fi\\\/toode\\\/hyonteishotelli-lepatriene-house\\\/\"]}]},{\"@type\":\"ImageObject\",\"inLanguage\":\"fi\",\"@id\":\"https:\\\/\\\/rodoaed.ee\\\/fi\\\/toode\\\/hyonteishotelli-lepatriene-house\\\/#primaryimage\",\"url\":\"https:\\\/\\\/rodoaed.ee\\\/wp-content\\\/uploads\\\/2020\\\/11\\\/putukahotell_lepatriinu-maja_WA37_01.png\",\"contentUrl\":\"https:\\\/\\\/rodoaed.ee\\\/wp-content\\\/uploads\\\/2020\\\/11\\\/putukahotell_lepatriinu-maja_WA37_01.png\",\"width\":1240,\"height\":1240},{\"@type\":\"BreadcrumbList\",\"@id\":\"https:\\\/\\\/rodoaed.ee\\\/fi\\\/toode\\\/hyonteishotelli-lepatriene-house\\\/#breadcrumb\",\"itemListElement\":[{\"@type\":\"ListItem\",\"position\":1,\"name\":\"Home\",\"item\":\"https:\\\/\\\/rodoaed.ee\\\/fi\\\/\"},{\"@type\":\"ListItem\",\"position\":2,\"name\":\"Osta osoitteessa\",\"item\":\"https:\\\/\\\/rodoaed.ee\\\/osta-osoitteessa\\\/\"},{\"@type\":\"ListItem\",\"position\":3,\"name\":\"Hy\u00f6nteishotelli &#8211; lepatriene house\"}]},{\"@type\":\"WebSite\",\"@id\":\"https:\\\/\\\/rodoaed.ee\\\/#website\",\"url\":\"https:\\\/\\\/rodoaed.ee\\\/\",\"name\":\"Rodoaed\",\"description\":\"\",\"publisher\":{\"@id\":\"https:\\\/\\\/rodoaed.ee\\\/#organization\"},\"potentialAction\":[{\"@type\":\"SearchAction\",\"target\":{\"@type\":\"EntryPoint\",\"urlTemplate\":\"https:\\\/\\\/rodoaed.ee\\\/?s={search_term_string}\"},\"query-input\":{\"@type\":\"PropertyValueSpecification\",\"valueRequired\":true,\"valueName\":\"search_term_string\"}}],\"inLanguage\":\"fi\"},{\"@type\":\"Organization\",\"@id\":\"https:\\\/\\\/rodoaed.ee\\\/#organization\",\"name\":\"Rodoaed\",\"url\":\"https:\\\/\\\/rodoaed.ee\\\/\",\"logo\":{\"@type\":\"ImageObject\",\"inLanguage\":\"fi\",\"@id\":\"https:\\\/\\\/rodoaed.ee\\\/#\\\/schema\\\/logo\\\/image\\\/\",\"url\":\"https:\\\/\\\/rodoaed.ee\\\/wp-content\\\/uploads\\\/2019\\\/11\\\/rodoaed-logo-ilma-taustata.jpg\",\"contentUrl\":\"https:\\\/\\\/rodoaed.ee\\\/wp-content\\\/uploads\\\/2019\\\/11\\\/rodoaed-logo-ilma-taustata.jpg\",\"width\":769,\"height\":268,\"caption\":\"Rodoaed\"},\"image\":{\"@id\":\"https:\\\/\\\/rodoaed.ee\\\/#\\\/schema\\\/logo\\\/image\\\/\"},\"sameAs\":[\"https:\\\/\\\/www.facebook.com\\\/kasvuhooned\\\/\",\"https:\\\/\\\/rodoaed.ee\"]}]}<\/script>\n<!-- \/ Yoast SEO Premium plugin. -->","yoast_head_json":{"title":"Hy\u00f6nteishotelli - lepatriene house - Rodoaed","robots":{"index":"index","follow":"follow","max-snippet":"max-snippet:-1","max-image-preview":"max-image-preview:large","max-video-preview":"max-video-preview:-1"},"canonical":"https:\/\/rodoaed.ee\/fi\/toode\/hyonteishotelli-lepatriene-house\/","og_locale":"fi_FI","og_type":"article","og_title":"Hy\u00f6nteishotelli - lepatriene house","og_description":"Hy\u00f6nteishotelli lepidopteraperhosille. Sen lis\u00e4ksi, ett\u00e4 ne ovat lasten suosikkeja ja eritt\u00e4in s\u00f6p\u00f6j\u00e4, ne ovat my\u00f6s eritt\u00e4in hy\u00f6dyllisi\u00e4 hy\u00f6nteisi\u00e4","og_url":"https:\/\/rodoaed.ee\/fi\/toode\/hyonteishotelli-lepatriene-house\/","og_site_name":"Rodoaed","article_publisher":"https:\/\/www.facebook.com\/kasvuhooned\/","article_modified_time":"2026-04-13T07:55:37+00:00","og_image":[{"width":1240,"height":1240,"url":"https:\/\/rodoaed.ee\/wp-content\/uploads\/2020\/11\/putukahotell_lepatriinu-maja_WA37_01.png","type":"image\/png"}],"twitter_card":"summary_large_image","twitter_misc":{"Arvioitu lukuaika":"1 minuutti"},"schema":{"@context":"https:\/\/schema.org","@graph":[{"@type":"WebPage","@id":"https:\/\/rodoaed.ee\/fi\/toode\/hyonteishotelli-lepatriene-house\/","url":"https:\/\/rodoaed.ee\/fi\/toode\/hyonteishotelli-lepatriene-house\/","name":"Hy\u00f6nteishotelli - lepatriene house - Rodoaed","isPartOf":{"@id":"https:\/\/rodoaed.ee\/#website"},"primaryImageOfPage":{"@id":"https:\/\/rodoaed.ee\/fi\/toode\/hyonteishotelli-lepatriene-house\/#primaryimage"},"image":{"@id":"https:\/\/rodoaed.ee\/fi\/toode\/hyonteishotelli-lepatriene-house\/#primaryimage"},"thumbnailUrl":"https:\/\/rodoaed.ee\/wp-content\/uploads\/2020\/11\/putukahotell_lepatriinu-maja_WA37_01.png","datePublished":"2020-11-01T08:37:20+00:00","dateModified":"2026-04-13T07:55:37+00:00","breadcrumb":{"@id":"https:\/\/rodoaed.ee\/fi\/toode\/hyonteishotelli-lepatriene-house\/#breadcrumb"},"inLanguage":"fi","potentialAction":[{"@type":"ReadAction","target":["https:\/\/rodoaed.ee\/fi\/toode\/hyonteishotelli-lepatriene-house\/"]}]},{"@type":"ImageObject","inLanguage":"fi","@id":"https:\/\/rodoaed.ee\/fi\/toode\/hyonteishotelli-lepatriene-house\/#primaryimage","url":"https:\/\/rodoaed.ee\/wp-content\/uploads\/2020\/11\/putukahotell_lepatriinu-maja_WA37_01.png","contentUrl":"https:\/\/rodoaed.ee\/wp-content\/uploads\/2020\/11\/putukahotell_lepatriinu-maja_WA37_01.png","width":1240,"height":1240},{"@type":"BreadcrumbList","@id":"https:\/\/rodoaed.ee\/fi\/toode\/hyonteishotelli-lepatriene-house\/#breadcrumb","itemListElement":[{"@type":"ListItem","position":1,"name":"Home","item":"https:\/\/rodoaed.ee\/fi\/"},{"@type":"ListItem","position":2,"name":"Osta osoitteessa","item":"https:\/\/rodoaed.ee\/osta-osoitteessa\/"},{"@type":"ListItem","position":3,"name":"Hy\u00f6nteishotelli &#8211; lepatriene house"}]},{"@type":"WebSite","@id":"https:\/\/rodoaed.ee\/#website","url":"https:\/\/rodoaed.ee\/","name":"Rodoaed","description":"","publisher":{"@id":"https:\/\/rodoaed.ee\/#organization"},"potentialAction":[{"@type":"SearchAction","target":{"@type":"EntryPoint","urlTemplate":"https:\/\/rodoaed.ee\/?s={search_term_string}"},"query-input":{"@type":"PropertyValueSpecification","valueRequired":true,"valueName":"search_term_string"}}],"inLanguage":"fi"},{"@type":"Organization","@id":"https:\/\/rodoaed.ee\/#organization","name":"Rodoaed","url":"https:\/\/rodoaed.ee\/","logo":{"@type":"ImageObject","inLanguage":"fi","@id":"https:\/\/rodoaed.ee\/#\/schema\/logo\/image\/","url":"https:\/\/rodoaed.ee\/wp-content\/uploads\/2019\/11\/rodoaed-logo-ilma-taustata.jpg","contentUrl":"https:\/\/rodoaed.ee\/wp-content\/uploads\/2019\/11\/rodoaed-logo-ilma-taustata.jpg","width":769,"height":268,"caption":"Rodoaed"},"image":{"@id":"https:\/\/rodoaed.ee\/#\/schema\/logo\/image\/"},"sameAs":["https:\/\/www.facebook.com\/kasvuhooned\/","https:\/\/rodoaed.ee"]}]}},"_links":{"self":[{"href":"https:\/\/rodoaed.ee\/fi\/wp-json\/wp\/v2\/product\/52830","targetHints":{"allow":["GET"]}}],"collection":[{"href":"https:\/\/rodoaed.ee\/fi\/wp-json\/wp\/v2\/product"}],"about":[{"href":"https:\/\/rodoaed.ee\/fi\/wp-json\/wp\/v2\/types\/product"}],"wp:featuredmedia":[{"embeddable":true,"href":"https:\/\/rodoaed.ee\/fi\/wp-json\/wp\/v2\/media\/34819"}],"wp:attachment":[{"href":"https:\/\/rodoaed.ee\/fi\/wp-json\/wp\/v2\/media?parent=52830"}],"wp:term":[{"taxonomy":"product_brand","embeddable":true,"href":"https:\/\/rodoaed.ee\/fi\/wp-json\/wp\/v2\/product_brand?post=52830"},{"taxonomy":"product_cat","embeddable":true,"href":"https:\/\/rodoaed.ee\/fi\/wp-json\/wp\/v2\/product_cat?post=52830"},{"taxonomy":"product_tag","embeddable":true,"href":"https:\/\/rodoaed.ee\/fi\/wp-json\/wp\/v2\/product_tag?post=52830"}],"curies":[{"name":"wp","href":"https:\/\/api.w.org\/{rel}","templated":true}]}}