{"id":52834,"date":"2020-10-31T20:18:18","date_gmt":"2020-10-31T18:18:18","guid":{"rendered":"https:\/\/rodoaed.ee\/toode\/papukaijat-pyorilla-taiteilija-ingela-p-arrhenius\/"},"modified":"2026-04-13T10:55:47","modified_gmt":"2026-04-13T07:55:47","slug":"papukaijat-pyorilla-taiteilija-ingela-p-arrhenius","status":"publish","type":"product","link":"https:\/\/rodoaed.ee\/fi\/tuote\/papukaijat-pyorilla-taiteilija-ingela-p-arrhenius\/","title":{"rendered":"Papukaijat py\u00f6rill\u00e4- taiteilija Ingela P.Arrhenius"},"content":{"rendered":"<h2>Papukaija py\u00f6rill\u00e4, puinen<\/h2>\n<h3>Suunnitellut ja luonut taiteilija Ingela P.Arrhenius.<\/h3>\n<p>Vuodesta 2+ vuotta.<\/p>\n<p>Mitat: 16 x 62 x 8 cm<\/p>\n","protected":false},"excerpt":{"rendered":"<p>Papukaija py\u00f6rill\u00e4, puinen Suunnitellut ja luonut taiteilija Ingela P.Arrhenius. Vuodesta 2+ vuotta. Mitat: 16 x 62 x 8 cm<\/p>\n","protected":false},"featured_media":34757,"template":"","meta":{"_acf_changed":false},"product_brand":[],"product_cat":[1763,1920],"product_tag":[],"class_list":{"0":"post-52834","1":"product","2":"type-product","3":"status-publish","4":"has-post-thumbnail","6":"product_cat-harrastukset-ja-lelut","7":"product_cat-puiset-lelut","8":"product_shipping_class-toimitus-1-3-tyopaivan-kuluessa","9":"pa_variatsioon-puinen-traktori","11":"first","12":"instock","13":"sale","14":"taxable","15":"shipping-taxable","16":"purchasable","17":"product-type-simple"},"acf":[],"yoast_head":"<!-- This site is optimized with the Yoast SEO Premium plugin v27.3 (Yoast SEO v27.3) - https:\/\/yoast.com\/product\/yoast-seo-premium-wordpress\/ -->\n<title>Papukaijat py\u00f6rill\u00e4- taiteilija Ingela P.Arrhenius - Rodoaed<\/title>\n<meta name=\"robots\" content=\"index, follow, max-snippet:-1, max-image-preview:large, max-video-preview:-1\" \/>\n<link rel=\"canonical\" href=\"https:\/\/rodoaed.ee\/fi\/toode\/papukaijat-pyorilla-taiteilija-ingela-p-arrhenius\/\" \/>\n<meta property=\"og:locale\" content=\"fi_FI\" \/>\n<meta property=\"og:type\" content=\"article\" \/>\n<meta property=\"og:title\" content=\"Papukaijat py\u00f6rill\u00e4- taiteilija Ingela P.Arrhenius\" \/>\n<meta property=\"og:description\" content=\"Papukaija py\u00f6rill\u00e4, puinen Suunnitellut ja luonut taiteilija Ingela P.Arrhenius. Vuodesta 2+ vuotta. Mitat: 16 x 62 x 8 cm\" \/>\n<meta property=\"og:url\" content=\"https:\/\/rodoaed.ee\/fi\/toode\/papukaijat-pyorilla-taiteilija-ingela-p-arrhenius\/\" \/>\n<meta property=\"og:site_name\" content=\"Rodoaed\" \/>\n<meta property=\"article:publisher\" content=\"https:\/\/www.facebook.com\/kasvuhooned\/\" \/>\n<meta property=\"article:modified_time\" content=\"2026-04-13T07:55:47+00:00\" \/>\n<meta property=\"og:image\" content=\"https:\/\/rodoaed.ee\/wp-content\/uploads\/2020\/10\/ratastel-papagoi_7786_1.jpg\" \/>\n\t<meta property=\"og:image:width\" content=\"800\" \/>\n\t<meta property=\"og:image:height\" content=\"800\" \/>\n\t<meta property=\"og:image:type\" content=\"image\/jpeg\" \/>\n<meta name=\"twitter:card\" content=\"summary_large_image\" \/>\n<script type=\"application\/ld+json\" class=\"yoast-schema-graph\">{\"@context\":\"https:\\\/\\\/schema.org\",\"@graph\":[{\"@type\":\"WebPage\",\"@id\":\"https:\\\/\\\/rodoaed.ee\\\/fi\\\/toode\\\/papukaijat-pyorilla-taiteilija-ingela-p-arrhenius\\\/\",\"url\":\"https:\\\/\\\/rodoaed.ee\\\/fi\\\/toode\\\/papukaijat-pyorilla-taiteilija-ingela-p-arrhenius\\\/\",\"name\":\"Papukaijat py\u00f6rill\u00e4- taiteilija Ingela P.Arrhenius - Rodoaed\",\"isPartOf\":{\"@id\":\"https:\\\/\\\/rodoaed.ee\\\/#website\"},\"primaryImageOfPage\":{\"@id\":\"https:\\\/\\\/rodoaed.ee\\\/fi\\\/toode\\\/papukaijat-pyorilla-taiteilija-ingela-p-arrhenius\\\/#primaryimage\"},\"image\":{\"@id\":\"https:\\\/\\\/rodoaed.ee\\\/fi\\\/toode\\\/papukaijat-pyorilla-taiteilija-ingela-p-arrhenius\\\/#primaryimage\"},\"thumbnailUrl\":\"https:\\\/\\\/rodoaed.ee\\\/wp-content\\\/uploads\\\/2020\\\/10\\\/ratastel-papagoi_7786_1.jpg\",\"datePublished\":\"2020-10-31T18:18:18+00:00\",\"dateModified\":\"2026-04-13T07:55:47+00:00\",\"breadcrumb\":{\"@id\":\"https:\\\/\\\/rodoaed.ee\\\/fi\\\/toode\\\/papukaijat-pyorilla-taiteilija-ingela-p-arrhenius\\\/#breadcrumb\"},\"inLanguage\":\"fi\",\"potentialAction\":[{\"@type\":\"ReadAction\",\"target\":[\"https:\\\/\\\/rodoaed.ee\\\/fi\\\/toode\\\/papukaijat-pyorilla-taiteilija-ingela-p-arrhenius\\\/\"]}]},{\"@type\":\"ImageObject\",\"inLanguage\":\"fi\",\"@id\":\"https:\\\/\\\/rodoaed.ee\\\/fi\\\/toode\\\/papukaijat-pyorilla-taiteilija-ingela-p-arrhenius\\\/#primaryimage\",\"url\":\"https:\\\/\\\/rodoaed.ee\\\/wp-content\\\/uploads\\\/2020\\\/10\\\/ratastel-papagoi_7786_1.jpg\",\"contentUrl\":\"https:\\\/\\\/rodoaed.ee\\\/wp-content\\\/uploads\\\/2020\\\/10\\\/ratastel-papagoi_7786_1.jpg\",\"width\":800,\"height\":800},{\"@type\":\"BreadcrumbList\",\"@id\":\"https:\\\/\\\/rodoaed.ee\\\/fi\\\/toode\\\/papukaijat-pyorilla-taiteilija-ingela-p-arrhenius\\\/#breadcrumb\",\"itemListElement\":[{\"@type\":\"ListItem\",\"position\":1,\"name\":\"Home\",\"item\":\"https:\\\/\\\/rodoaed.ee\\\/fi\\\/\"},{\"@type\":\"ListItem\",\"position\":2,\"name\":\"Osta osoitteessa\",\"item\":\"https:\\\/\\\/rodoaed.ee\\\/osta-osoitteessa\\\/\"},{\"@type\":\"ListItem\",\"position\":3,\"name\":\"Papukaijat py\u00f6rill\u00e4- taiteilija Ingela P.Arrhenius\"}]},{\"@type\":\"WebSite\",\"@id\":\"https:\\\/\\\/rodoaed.ee\\\/#website\",\"url\":\"https:\\\/\\\/rodoaed.ee\\\/\",\"name\":\"Rodoaed\",\"description\":\"\",\"publisher\":{\"@id\":\"https:\\\/\\\/rodoaed.ee\\\/#organization\"},\"potentialAction\":[{\"@type\":\"SearchAction\",\"target\":{\"@type\":\"EntryPoint\",\"urlTemplate\":\"https:\\\/\\\/rodoaed.ee\\\/?s={search_term_string}\"},\"query-input\":{\"@type\":\"PropertyValueSpecification\",\"valueRequired\":true,\"valueName\":\"search_term_string\"}}],\"inLanguage\":\"fi\"},{\"@type\":\"Organization\",\"@id\":\"https:\\\/\\\/rodoaed.ee\\\/#organization\",\"name\":\"Rodoaed\",\"url\":\"https:\\\/\\\/rodoaed.ee\\\/\",\"logo\":{\"@type\":\"ImageObject\",\"inLanguage\":\"fi\",\"@id\":\"https:\\\/\\\/rodoaed.ee\\\/#\\\/schema\\\/logo\\\/image\\\/\",\"url\":\"https:\\\/\\\/rodoaed.ee\\\/wp-content\\\/uploads\\\/2019\\\/11\\\/rodoaed-logo-ilma-taustata.jpg\",\"contentUrl\":\"https:\\\/\\\/rodoaed.ee\\\/wp-content\\\/uploads\\\/2019\\\/11\\\/rodoaed-logo-ilma-taustata.jpg\",\"width\":769,\"height\":268,\"caption\":\"Rodoaed\"},\"image\":{\"@id\":\"https:\\\/\\\/rodoaed.ee\\\/#\\\/schema\\\/logo\\\/image\\\/\"},\"sameAs\":[\"https:\\\/\\\/www.facebook.com\\\/kasvuhooned\\\/\",\"https:\\\/\\\/rodoaed.ee\"]}]}<\/script>\n<!-- \/ Yoast SEO Premium plugin. -->","yoast_head_json":{"title":"Papukaijat py\u00f6rill\u00e4- taiteilija Ingela P.Arrhenius - Rodoaed","robots":{"index":"index","follow":"follow","max-snippet":"max-snippet:-1","max-image-preview":"max-image-preview:large","max-video-preview":"max-video-preview:-1"},"canonical":"https:\/\/rodoaed.ee\/fi\/toode\/papukaijat-pyorilla-taiteilija-ingela-p-arrhenius\/","og_locale":"fi_FI","og_type":"article","og_title":"Papukaijat py\u00f6rill\u00e4- taiteilija Ingela P.Arrhenius","og_description":"Papukaija py\u00f6rill\u00e4, puinen Suunnitellut ja luonut taiteilija Ingela P.Arrhenius. Vuodesta 2+ vuotta. Mitat: 16 x 62 x 8 cm","og_url":"https:\/\/rodoaed.ee\/fi\/toode\/papukaijat-pyorilla-taiteilija-ingela-p-arrhenius\/","og_site_name":"Rodoaed","article_publisher":"https:\/\/www.facebook.com\/kasvuhooned\/","article_modified_time":"2026-04-13T07:55:47+00:00","og_image":[{"width":800,"height":800,"url":"https:\/\/rodoaed.ee\/wp-content\/uploads\/2020\/10\/ratastel-papagoi_7786_1.jpg","type":"image\/jpeg"}],"twitter_card":"summary_large_image","schema":{"@context":"https:\/\/schema.org","@graph":[{"@type":"WebPage","@id":"https:\/\/rodoaed.ee\/fi\/toode\/papukaijat-pyorilla-taiteilija-ingela-p-arrhenius\/","url":"https:\/\/rodoaed.ee\/fi\/toode\/papukaijat-pyorilla-taiteilija-ingela-p-arrhenius\/","name":"Papukaijat py\u00f6rill\u00e4- taiteilija Ingela P.Arrhenius - Rodoaed","isPartOf":{"@id":"https:\/\/rodoaed.ee\/#website"},"primaryImageOfPage":{"@id":"https:\/\/rodoaed.ee\/fi\/toode\/papukaijat-pyorilla-taiteilija-ingela-p-arrhenius\/#primaryimage"},"image":{"@id":"https:\/\/rodoaed.ee\/fi\/toode\/papukaijat-pyorilla-taiteilija-ingela-p-arrhenius\/#primaryimage"},"thumbnailUrl":"https:\/\/rodoaed.ee\/wp-content\/uploads\/2020\/10\/ratastel-papagoi_7786_1.jpg","datePublished":"2020-10-31T18:18:18+00:00","dateModified":"2026-04-13T07:55:47+00:00","breadcrumb":{"@id":"https:\/\/rodoaed.ee\/fi\/toode\/papukaijat-pyorilla-taiteilija-ingela-p-arrhenius\/#breadcrumb"},"inLanguage":"fi","potentialAction":[{"@type":"ReadAction","target":["https:\/\/rodoaed.ee\/fi\/toode\/papukaijat-pyorilla-taiteilija-ingela-p-arrhenius\/"]}]},{"@type":"ImageObject","inLanguage":"fi","@id":"https:\/\/rodoaed.ee\/fi\/toode\/papukaijat-pyorilla-taiteilija-ingela-p-arrhenius\/#primaryimage","url":"https:\/\/rodoaed.ee\/wp-content\/uploads\/2020\/10\/ratastel-papagoi_7786_1.jpg","contentUrl":"https:\/\/rodoaed.ee\/wp-content\/uploads\/2020\/10\/ratastel-papagoi_7786_1.jpg","width":800,"height":800},{"@type":"BreadcrumbList","@id":"https:\/\/rodoaed.ee\/fi\/toode\/papukaijat-pyorilla-taiteilija-ingela-p-arrhenius\/#breadcrumb","itemListElement":[{"@type":"ListItem","position":1,"name":"Home","item":"https:\/\/rodoaed.ee\/fi\/"},{"@type":"ListItem","position":2,"name":"Osta osoitteessa","item":"https:\/\/rodoaed.ee\/osta-osoitteessa\/"},{"@type":"ListItem","position":3,"name":"Papukaijat py\u00f6rill\u00e4- taiteilija Ingela P.Arrhenius"}]},{"@type":"WebSite","@id":"https:\/\/rodoaed.ee\/#website","url":"https:\/\/rodoaed.ee\/","name":"Rodoaed","description":"","publisher":{"@id":"https:\/\/rodoaed.ee\/#organization"},"potentialAction":[{"@type":"SearchAction","target":{"@type":"EntryPoint","urlTemplate":"https:\/\/rodoaed.ee\/?s={search_term_string}"},"query-input":{"@type":"PropertyValueSpecification","valueRequired":true,"valueName":"search_term_string"}}],"inLanguage":"fi"},{"@type":"Organization","@id":"https:\/\/rodoaed.ee\/#organization","name":"Rodoaed","url":"https:\/\/rodoaed.ee\/","logo":{"@type":"ImageObject","inLanguage":"fi","@id":"https:\/\/rodoaed.ee\/#\/schema\/logo\/image\/","url":"https:\/\/rodoaed.ee\/wp-content\/uploads\/2019\/11\/rodoaed-logo-ilma-taustata.jpg","contentUrl":"https:\/\/rodoaed.ee\/wp-content\/uploads\/2019\/11\/rodoaed-logo-ilma-taustata.jpg","width":769,"height":268,"caption":"Rodoaed"},"image":{"@id":"https:\/\/rodoaed.ee\/#\/schema\/logo\/image\/"},"sameAs":["https:\/\/www.facebook.com\/kasvuhooned\/","https:\/\/rodoaed.ee"]}]}},"_links":{"self":[{"href":"https:\/\/rodoaed.ee\/fi\/wp-json\/wp\/v2\/product\/52834","targetHints":{"allow":["GET"]}}],"collection":[{"href":"https:\/\/rodoaed.ee\/fi\/wp-json\/wp\/v2\/product"}],"about":[{"href":"https:\/\/rodoaed.ee\/fi\/wp-json\/wp\/v2\/types\/product"}],"wp:featuredmedia":[{"embeddable":true,"href":"https:\/\/rodoaed.ee\/fi\/wp-json\/wp\/v2\/media\/34757"}],"wp:attachment":[{"href":"https:\/\/rodoaed.ee\/fi\/wp-json\/wp\/v2\/media?parent=52834"}],"wp:term":[{"taxonomy":"product_brand","embeddable":true,"href":"https:\/\/rodoaed.ee\/fi\/wp-json\/wp\/v2\/product_brand?post=52834"},{"taxonomy":"product_cat","embeddable":true,"href":"https:\/\/rodoaed.ee\/fi\/wp-json\/wp\/v2\/product_cat?post=52834"},{"taxonomy":"product_tag","embeddable":true,"href":"https:\/\/rodoaed.ee\/fi\/wp-json\/wp\/v2\/product_tag?post=52834"}],"curies":[{"name":"wp","href":"https:\/\/api.w.org\/{rel}","templated":true}]}}