{"id":52835,"date":"2020-10-31T20:23:59","date_gmt":"2020-10-31T18:23:59","guid":{"rendered":"https:\/\/rodoaed.ee\/toode\/perassa-kulkeva-juna-ja-junan-pilli-taiteilija-ingela-p-arrhenius\/"},"modified":"2026-04-13T10:55:48","modified_gmt":"2026-04-13T07:55:48","slug":"perassa-kulkeva-juna-ja-junan-pilli-taiteilija-ingela-p-arrhenius","status":"publish","type":"product","link":"https:\/\/rodoaed.ee\/fi\/tuote\/perassa-kulkeva-juna-ja-junan-pilli-taiteilija-ingela-p-arrhenius\/","title":{"rendered":"Per\u00e4ss\u00e4 kulkeva juna ja junan pilli &#8211; taiteilija Ingela P.Arrhenius"},"content":{"rendered":"<h2>Mukava puinen junamalli, jossa on johto vedett\u00e4v\u00e4n junan pilli, jossa on junan pilli\u00e4\u00e4ni<\/h2>\n<h3>Suunnitellut ja luonut taiteilija Ingela P.Arrhenius.<\/h3>\n<p>Vauhtia! Juna on l\u00e4hd\u00f6ss\u00e4! Laita kuljettaja etupenkille ja puhalla pilliin, jotta kaikki tiet\u00e4v\u00e4t nousta junaan. Lapset voivat ty\u00f6nt\u00e4\u00e4 junaa pitkin taloa tai pihaa narun avulla. Narussa on turvasalpa, joka aukeaa heti, jos ved\u00e4t liian kovaa.    <\/p>\n<p>1+ vuotta.<\/p>\n<p>Mitat: 17 x 14 x 9 cm<\/p>\n<p>&nbsp;<\/p>\n","protected":false},"excerpt":{"rendered":"<p>Mukava puinen junamalli, jossa on johto vedett\u00e4v\u00e4n junan pilli, jossa on junan pilli\u00e4\u00e4ni Suunnitellut ja luonut taiteilija Ingela P.Arrhenius. Vauhtia! Juna on l\u00e4hd\u00f6ss\u00e4! Laita kuljettaja etupenkille ja puhalla pilliin, jotta kaikki tiet\u00e4v\u00e4t nousta junaan. Lapset voivat ty\u00f6nt\u00e4\u00e4 junaa pitkin taloa tai pihaa narun avulla. Narussa on turvasalpa, joka aukeaa heti, jos ved\u00e4t liian kovaa. 1+ vuotta. Mitat: 17 x 14 x 9 cm &nbsp;<\/p>\n","protected":false},"featured_media":34770,"template":"","meta":{"_acf_changed":false},"product_brand":[],"product_cat":[1763,1783,1920],"product_tag":[],"class_list":{"0":"post-52835","1":"product","2":"type-product","3":"status-publish","4":"has-post-thumbnail","6":"product_cat-harrastukset-ja-lelut","7":"product_cat-lahjat-lapsille-1-6-vuotta","8":"product_cat-puiset-lelut","9":"product_shipping_class-toimitus-1-3-tyopaivan-kuluessa","10":"pa_variatsioon-puinen-traktori","12":"first","13":"instock","14":"sale","15":"taxable","16":"shipping-taxable","17":"purchasable","18":"product-type-simple"},"acf":[],"yoast_head":"<!-- This site is optimized with the Yoast SEO Premium plugin v27.3 (Yoast SEO v27.3) - https:\/\/yoast.com\/product\/yoast-seo-premium-wordpress\/ -->\n<title>Per\u00e4ss\u00e4 kulkeva juna ja junan pilli - taiteilija Ingela P.Arrhenius - Rodoaed<\/title>\n<meta name=\"robots\" content=\"index, follow, max-snippet:-1, max-image-preview:large, max-video-preview:-1\" \/>\n<link rel=\"canonical\" href=\"https:\/\/rodoaed.ee\/fi\/toode\/perassa-kulkeva-juna-ja-junan-pilli-taiteilija-ingela-p-arrhenius\/\" \/>\n<meta property=\"og:locale\" content=\"fi_FI\" \/>\n<meta property=\"og:type\" content=\"article\" \/>\n<meta property=\"og:title\" content=\"Per\u00e4ss\u00e4 kulkeva juna ja junan pilli - taiteilija Ingela P.Arrhenius\" \/>\n<meta property=\"og:description\" content=\"Mukava puinen junamalli, jossa on johto vedett\u00e4v\u00e4n junan pilli, jossa on junan pilli\u00e4\u00e4ni Suunnitellut ja luonut taiteilija Ingela P.Arrhenius. Vauhtia!\" \/>\n<meta property=\"og:url\" content=\"https:\/\/rodoaed.ee\/fi\/toode\/perassa-kulkeva-juna-ja-junan-pilli-taiteilija-ingela-p-arrhenius\/\" \/>\n<meta property=\"og:site_name\" content=\"Rodoaed\" \/>\n<meta property=\"article:publisher\" content=\"https:\/\/www.facebook.com\/kasvuhooned\/\" \/>\n<meta property=\"article:modified_time\" content=\"2026-04-13T07:55:48+00:00\" \/>\n<meta property=\"og:image\" content=\"https:\/\/rodoaed.ee\/wp-content\/uploads\/2020\/10\/Puidust-rongimudel-koos-rongivilega_7715_1.jpg\" \/>\n\t<meta property=\"og:image:width\" content=\"800\" \/>\n\t<meta property=\"og:image:height\" content=\"800\" \/>\n\t<meta property=\"og:image:type\" content=\"image\/jpeg\" \/>\n<meta name=\"twitter:card\" content=\"summary_large_image\" \/>\n<script type=\"application\/ld+json\" class=\"yoast-schema-graph\">{\"@context\":\"https:\\\/\\\/schema.org\",\"@graph\":[{\"@type\":\"WebPage\",\"@id\":\"https:\\\/\\\/rodoaed.ee\\\/fi\\\/toode\\\/perassa-kulkeva-juna-ja-junan-pilli-taiteilija-ingela-p-arrhenius\\\/\",\"url\":\"https:\\\/\\\/rodoaed.ee\\\/fi\\\/toode\\\/perassa-kulkeva-juna-ja-junan-pilli-taiteilija-ingela-p-arrhenius\\\/\",\"name\":\"Per\u00e4ss\u00e4 kulkeva juna ja junan pilli - taiteilija Ingela P.Arrhenius - Rodoaed\",\"isPartOf\":{\"@id\":\"https:\\\/\\\/rodoaed.ee\\\/#website\"},\"primaryImageOfPage\":{\"@id\":\"https:\\\/\\\/rodoaed.ee\\\/fi\\\/toode\\\/perassa-kulkeva-juna-ja-junan-pilli-taiteilija-ingela-p-arrhenius\\\/#primaryimage\"},\"image\":{\"@id\":\"https:\\\/\\\/rodoaed.ee\\\/fi\\\/toode\\\/perassa-kulkeva-juna-ja-junan-pilli-taiteilija-ingela-p-arrhenius\\\/#primaryimage\"},\"thumbnailUrl\":\"https:\\\/\\\/rodoaed.ee\\\/wp-content\\\/uploads\\\/2020\\\/10\\\/Puidust-rongimudel-koos-rongivilega_7715_1.jpg\",\"datePublished\":\"2020-10-31T18:23:59+00:00\",\"dateModified\":\"2026-04-13T07:55:48+00:00\",\"breadcrumb\":{\"@id\":\"https:\\\/\\\/rodoaed.ee\\\/fi\\\/toode\\\/perassa-kulkeva-juna-ja-junan-pilli-taiteilija-ingela-p-arrhenius\\\/#breadcrumb\"},\"inLanguage\":\"fi\",\"potentialAction\":[{\"@type\":\"ReadAction\",\"target\":[\"https:\\\/\\\/rodoaed.ee\\\/fi\\\/toode\\\/perassa-kulkeva-juna-ja-junan-pilli-taiteilija-ingela-p-arrhenius\\\/\"]}]},{\"@type\":\"ImageObject\",\"inLanguage\":\"fi\",\"@id\":\"https:\\\/\\\/rodoaed.ee\\\/fi\\\/toode\\\/perassa-kulkeva-juna-ja-junan-pilli-taiteilija-ingela-p-arrhenius\\\/#primaryimage\",\"url\":\"https:\\\/\\\/rodoaed.ee\\\/wp-content\\\/uploads\\\/2020\\\/10\\\/Puidust-rongimudel-koos-rongivilega_7715_1.jpg\",\"contentUrl\":\"https:\\\/\\\/rodoaed.ee\\\/wp-content\\\/uploads\\\/2020\\\/10\\\/Puidust-rongimudel-koos-rongivilega_7715_1.jpg\",\"width\":800,\"height\":800},{\"@type\":\"BreadcrumbList\",\"@id\":\"https:\\\/\\\/rodoaed.ee\\\/fi\\\/toode\\\/perassa-kulkeva-juna-ja-junan-pilli-taiteilija-ingela-p-arrhenius\\\/#breadcrumb\",\"itemListElement\":[{\"@type\":\"ListItem\",\"position\":1,\"name\":\"Home\",\"item\":\"https:\\\/\\\/rodoaed.ee\\\/fi\\\/\"},{\"@type\":\"ListItem\",\"position\":2,\"name\":\"Osta osoitteessa\",\"item\":\"https:\\\/\\\/rodoaed.ee\\\/osta-osoitteessa\\\/\"},{\"@type\":\"ListItem\",\"position\":3,\"name\":\"Per\u00e4ss\u00e4 kulkeva juna ja junan pilli &#8211; taiteilija Ingela P.Arrhenius\"}]},{\"@type\":\"WebSite\",\"@id\":\"https:\\\/\\\/rodoaed.ee\\\/#website\",\"url\":\"https:\\\/\\\/rodoaed.ee\\\/\",\"name\":\"Rodoaed\",\"description\":\"\",\"publisher\":{\"@id\":\"https:\\\/\\\/rodoaed.ee\\\/#organization\"},\"potentialAction\":[{\"@type\":\"SearchAction\",\"target\":{\"@type\":\"EntryPoint\",\"urlTemplate\":\"https:\\\/\\\/rodoaed.ee\\\/?s={search_term_string}\"},\"query-input\":{\"@type\":\"PropertyValueSpecification\",\"valueRequired\":true,\"valueName\":\"search_term_string\"}}],\"inLanguage\":\"fi\"},{\"@type\":\"Organization\",\"@id\":\"https:\\\/\\\/rodoaed.ee\\\/#organization\",\"name\":\"Rodoaed\",\"url\":\"https:\\\/\\\/rodoaed.ee\\\/\",\"logo\":{\"@type\":\"ImageObject\",\"inLanguage\":\"fi\",\"@id\":\"https:\\\/\\\/rodoaed.ee\\\/#\\\/schema\\\/logo\\\/image\\\/\",\"url\":\"https:\\\/\\\/rodoaed.ee\\\/wp-content\\\/uploads\\\/2019\\\/11\\\/rodoaed-logo-ilma-taustata.jpg\",\"contentUrl\":\"https:\\\/\\\/rodoaed.ee\\\/wp-content\\\/uploads\\\/2019\\\/11\\\/rodoaed-logo-ilma-taustata.jpg\",\"width\":769,\"height\":268,\"caption\":\"Rodoaed\"},\"image\":{\"@id\":\"https:\\\/\\\/rodoaed.ee\\\/#\\\/schema\\\/logo\\\/image\\\/\"},\"sameAs\":[\"https:\\\/\\\/www.facebook.com\\\/kasvuhooned\\\/\",\"https:\\\/\\\/rodoaed.ee\"]}]}<\/script>\n<!-- \/ Yoast SEO Premium plugin. -->","yoast_head_json":{"title":"Per\u00e4ss\u00e4 kulkeva juna ja junan pilli - taiteilija Ingela P.Arrhenius - Rodoaed","robots":{"index":"index","follow":"follow","max-snippet":"max-snippet:-1","max-image-preview":"max-image-preview:large","max-video-preview":"max-video-preview:-1"},"canonical":"https:\/\/rodoaed.ee\/fi\/toode\/perassa-kulkeva-juna-ja-junan-pilli-taiteilija-ingela-p-arrhenius\/","og_locale":"fi_FI","og_type":"article","og_title":"Per\u00e4ss\u00e4 kulkeva juna ja junan pilli - taiteilija Ingela P.Arrhenius","og_description":"Mukava puinen junamalli, jossa on johto vedett\u00e4v\u00e4n junan pilli, jossa on junan pilli\u00e4\u00e4ni Suunnitellut ja luonut taiteilija Ingela P.Arrhenius. Vauhtia!","og_url":"https:\/\/rodoaed.ee\/fi\/toode\/perassa-kulkeva-juna-ja-junan-pilli-taiteilija-ingela-p-arrhenius\/","og_site_name":"Rodoaed","article_publisher":"https:\/\/www.facebook.com\/kasvuhooned\/","article_modified_time":"2026-04-13T07:55:48+00:00","og_image":[{"width":800,"height":800,"url":"https:\/\/rodoaed.ee\/wp-content\/uploads\/2020\/10\/Puidust-rongimudel-koos-rongivilega_7715_1.jpg","type":"image\/jpeg"}],"twitter_card":"summary_large_image","schema":{"@context":"https:\/\/schema.org","@graph":[{"@type":"WebPage","@id":"https:\/\/rodoaed.ee\/fi\/toode\/perassa-kulkeva-juna-ja-junan-pilli-taiteilija-ingela-p-arrhenius\/","url":"https:\/\/rodoaed.ee\/fi\/toode\/perassa-kulkeva-juna-ja-junan-pilli-taiteilija-ingela-p-arrhenius\/","name":"Per\u00e4ss\u00e4 kulkeva juna ja junan pilli - taiteilija Ingela P.Arrhenius - Rodoaed","isPartOf":{"@id":"https:\/\/rodoaed.ee\/#website"},"primaryImageOfPage":{"@id":"https:\/\/rodoaed.ee\/fi\/toode\/perassa-kulkeva-juna-ja-junan-pilli-taiteilija-ingela-p-arrhenius\/#primaryimage"},"image":{"@id":"https:\/\/rodoaed.ee\/fi\/toode\/perassa-kulkeva-juna-ja-junan-pilli-taiteilija-ingela-p-arrhenius\/#primaryimage"},"thumbnailUrl":"https:\/\/rodoaed.ee\/wp-content\/uploads\/2020\/10\/Puidust-rongimudel-koos-rongivilega_7715_1.jpg","datePublished":"2020-10-31T18:23:59+00:00","dateModified":"2026-04-13T07:55:48+00:00","breadcrumb":{"@id":"https:\/\/rodoaed.ee\/fi\/toode\/perassa-kulkeva-juna-ja-junan-pilli-taiteilija-ingela-p-arrhenius\/#breadcrumb"},"inLanguage":"fi","potentialAction":[{"@type":"ReadAction","target":["https:\/\/rodoaed.ee\/fi\/toode\/perassa-kulkeva-juna-ja-junan-pilli-taiteilija-ingela-p-arrhenius\/"]}]},{"@type":"ImageObject","inLanguage":"fi","@id":"https:\/\/rodoaed.ee\/fi\/toode\/perassa-kulkeva-juna-ja-junan-pilli-taiteilija-ingela-p-arrhenius\/#primaryimage","url":"https:\/\/rodoaed.ee\/wp-content\/uploads\/2020\/10\/Puidust-rongimudel-koos-rongivilega_7715_1.jpg","contentUrl":"https:\/\/rodoaed.ee\/wp-content\/uploads\/2020\/10\/Puidust-rongimudel-koos-rongivilega_7715_1.jpg","width":800,"height":800},{"@type":"BreadcrumbList","@id":"https:\/\/rodoaed.ee\/fi\/toode\/perassa-kulkeva-juna-ja-junan-pilli-taiteilija-ingela-p-arrhenius\/#breadcrumb","itemListElement":[{"@type":"ListItem","position":1,"name":"Home","item":"https:\/\/rodoaed.ee\/fi\/"},{"@type":"ListItem","position":2,"name":"Osta osoitteessa","item":"https:\/\/rodoaed.ee\/osta-osoitteessa\/"},{"@type":"ListItem","position":3,"name":"Per\u00e4ss\u00e4 kulkeva juna ja junan pilli &#8211; taiteilija Ingela P.Arrhenius"}]},{"@type":"WebSite","@id":"https:\/\/rodoaed.ee\/#website","url":"https:\/\/rodoaed.ee\/","name":"Rodoaed","description":"","publisher":{"@id":"https:\/\/rodoaed.ee\/#organization"},"potentialAction":[{"@type":"SearchAction","target":{"@type":"EntryPoint","urlTemplate":"https:\/\/rodoaed.ee\/?s={search_term_string}"},"query-input":{"@type":"PropertyValueSpecification","valueRequired":true,"valueName":"search_term_string"}}],"inLanguage":"fi"},{"@type":"Organization","@id":"https:\/\/rodoaed.ee\/#organization","name":"Rodoaed","url":"https:\/\/rodoaed.ee\/","logo":{"@type":"ImageObject","inLanguage":"fi","@id":"https:\/\/rodoaed.ee\/#\/schema\/logo\/image\/","url":"https:\/\/rodoaed.ee\/wp-content\/uploads\/2019\/11\/rodoaed-logo-ilma-taustata.jpg","contentUrl":"https:\/\/rodoaed.ee\/wp-content\/uploads\/2019\/11\/rodoaed-logo-ilma-taustata.jpg","width":769,"height":268,"caption":"Rodoaed"},"image":{"@id":"https:\/\/rodoaed.ee\/#\/schema\/logo\/image\/"},"sameAs":["https:\/\/www.facebook.com\/kasvuhooned\/","https:\/\/rodoaed.ee"]}]}},"_links":{"self":[{"href":"https:\/\/rodoaed.ee\/fi\/wp-json\/wp\/v2\/product\/52835","targetHints":{"allow":["GET"]}}],"collection":[{"href":"https:\/\/rodoaed.ee\/fi\/wp-json\/wp\/v2\/product"}],"about":[{"href":"https:\/\/rodoaed.ee\/fi\/wp-json\/wp\/v2\/types\/product"}],"wp:featuredmedia":[{"embeddable":true,"href":"https:\/\/rodoaed.ee\/fi\/wp-json\/wp\/v2\/media\/34770"}],"wp:attachment":[{"href":"https:\/\/rodoaed.ee\/fi\/wp-json\/wp\/v2\/media?parent=52835"}],"wp:term":[{"taxonomy":"product_brand","embeddable":true,"href":"https:\/\/rodoaed.ee\/fi\/wp-json\/wp\/v2\/product_brand?post=52835"},{"taxonomy":"product_cat","embeddable":true,"href":"https:\/\/rodoaed.ee\/fi\/wp-json\/wp\/v2\/product_cat?post=52835"},{"taxonomy":"product_tag","embeddable":true,"href":"https:\/\/rodoaed.ee\/fi\/wp-json\/wp\/v2\/product_tag?post=52835"}],"curies":[{"name":"wp","href":"https:\/\/api.w.org\/{rel}","templated":true}]}}