{"id":52838,"date":"2020-11-04T20:48:47","date_gmt":"2020-11-04T18:48:47","guid":{"rendered":"https:\/\/rodoaed.ee\/toode\/hyonteishotelli-perhosille-perhostalo\/"},"modified":"2026-04-13T10:55:53","modified_gmt":"2026-04-13T07:55:53","slug":"hyonteishotelli-perhosille-perhostalo","status":"publish","type":"product","link":"https:\/\/rodoaed.ee\/fi\/tuote\/hyonteishotelli-perhosille-perhostalo\/","title":{"rendered":"Hy\u00f6nteishotelli perhosille &#8211; perhostalo"},"content":{"rendered":"<h2>Hy\u00f6nteishotelli perhosille<\/h2>\n<p>Perhoset ovat kauneimpia ja hy\u00f6dyllisimpi\u00e4 hy\u00f6nteisi\u00e4. Perhosmaja tarjoaa n\u00e4ille kauniille asukkaille turvallisen ja viihtyis\u00e4n suojan kostealla ja kylm\u00e4ll\u00e4 s\u00e4\u00e4ll\u00e4.L\u00e4p\u00e4n ansiosta perhosmaja voidaan helposti puhdistaa sis\u00e4lt\u00e4 ja t\u00e4ytt\u00e4\u00e4 oksilla. <\/p>\n<h2>T\u00e4rkeimm\u00e4t ominaisuudet<\/h2>\n<p>Materiaali: m\u00e4nty<\/p>\n<p>Mitat: L 12,2 x L 16,9 x K 22,9 cm.<\/p>\n<p>Paino: 508 g<\/p>\n<div class=\"icon-link icon-link--left font-weight-normal mt-4\"><\/div>\n","protected":false},"excerpt":{"rendered":"<p>Hy\u00f6nteishotelli perhosille Perhoset ovat kauneimpia ja hy\u00f6dyllisimpi\u00e4 hy\u00f6nteisi\u00e4. Perhosmaja tarjoaa n\u00e4ille kauniille asukkaille turvallisen ja viihtyis\u00e4n suojan kostealla ja kylm\u00e4ll\u00e4 s\u00e4\u00e4ll\u00e4.L\u00e4p\u00e4n ansiosta perhosmaja voidaan helposti puhdistaa sis\u00e4lt\u00e4 ja t\u00e4ytt\u00e4\u00e4 oksilla. T\u00e4rkeimm\u00e4t ominaisuudet Materiaali: m\u00e4nty Mitat: L 12,2 x L 16,9 x K 22,9 cm. Paino: 508 g<\/p>\n","protected":false},"featured_media":34983,"template":"","meta":{"_acf_changed":false},"product_brand":[],"product_cat":[1854,1882],"product_tag":[],"class_list":{"0":"post-52838","1":"product","2":"type-product","3":"status-publish","4":"has-post-thumbnail","6":"product_cat-hyonteishotellit","7":"product_cat-sudenkorennon-talot-ja-ateriat","8":"product_shipping_class-toimitus-1-3-tyopaivan-kuluessa","9":"pa_variatsioon-puinen-traktori","11":"first","12":"outofstock","13":"taxable","14":"shipping-taxable","15":"purchasable","16":"product-type-simple"},"acf":[],"yoast_head":"<!-- This site is optimized with the Yoast SEO Premium plugin v27.3 (Yoast SEO v27.3) - https:\/\/yoast.com\/product\/yoast-seo-premium-wordpress\/ -->\n<title>Hy\u00f6nteishotelli perhosille - perhostalo - Rodoaed<\/title>\n<meta name=\"robots\" content=\"index, follow, max-snippet:-1, max-image-preview:large, max-video-preview:-1\" \/>\n<link rel=\"canonical\" href=\"https:\/\/rodoaed.ee\/fi\/toode\/hyonteishotelli-perhosille-perhostalo\/\" \/>\n<meta property=\"og:locale\" content=\"fi_FI\" \/>\n<meta property=\"og:type\" content=\"article\" \/>\n<meta property=\"og:title\" content=\"Hy\u00f6nteishotelli perhosille - perhostalo\" \/>\n<meta property=\"og:description\" content=\"Hy\u00f6nteishotelli perhosille Perhoset ovat kauneimpia ja hy\u00f6dyllisimpi\u00e4 hy\u00f6nteisi\u00e4. Perhosmaja tarjoaa n\u00e4ille kauniille asukkaille turvallisen ja viihtyis\u00e4n\" \/>\n<meta property=\"og:url\" content=\"https:\/\/rodoaed.ee\/fi\/toode\/hyonteishotelli-perhosille-perhostalo\/\" \/>\n<meta property=\"og:site_name\" content=\"Rodoaed\" \/>\n<meta property=\"article:publisher\" content=\"https:\/\/www.facebook.com\/kasvuhooned\/\" \/>\n<meta property=\"article:modified_time\" content=\"2026-04-13T07:55:53+00:00\" \/>\n<meta property=\"og:image\" content=\"https:\/\/rodoaed.ee\/wp-content\/uploads\/2020\/11\/putukahotell-liblikatele_liblikamaja_WA39_01.png\" \/>\n\t<meta property=\"og:image:width\" content=\"1240\" \/>\n\t<meta property=\"og:image:height\" content=\"1240\" \/>\n\t<meta property=\"og:image:type\" content=\"image\/png\" \/>\n<meta name=\"twitter:card\" content=\"summary_large_image\" \/>\n<script type=\"application\/ld+json\" class=\"yoast-schema-graph\">{\"@context\":\"https:\\\/\\\/schema.org\",\"@graph\":[{\"@type\":\"WebPage\",\"@id\":\"https:\\\/\\\/rodoaed.ee\\\/fi\\\/toode\\\/hyonteishotelli-perhosille-perhostalo\\\/\",\"url\":\"https:\\\/\\\/rodoaed.ee\\\/fi\\\/toode\\\/hyonteishotelli-perhosille-perhostalo\\\/\",\"name\":\"Hy\u00f6nteishotelli perhosille - perhostalo - Rodoaed\",\"isPartOf\":{\"@id\":\"https:\\\/\\\/rodoaed.ee\\\/#website\"},\"primaryImageOfPage\":{\"@id\":\"https:\\\/\\\/rodoaed.ee\\\/fi\\\/toode\\\/hyonteishotelli-perhosille-perhostalo\\\/#primaryimage\"},\"image\":{\"@id\":\"https:\\\/\\\/rodoaed.ee\\\/fi\\\/toode\\\/hyonteishotelli-perhosille-perhostalo\\\/#primaryimage\"},\"thumbnailUrl\":\"https:\\\/\\\/rodoaed.ee\\\/wp-content\\\/uploads\\\/2020\\\/11\\\/putukahotell-liblikatele_liblikamaja_WA39_01.png\",\"datePublished\":\"2020-11-04T18:48:47+00:00\",\"dateModified\":\"2026-04-13T07:55:53+00:00\",\"breadcrumb\":{\"@id\":\"https:\\\/\\\/rodoaed.ee\\\/fi\\\/toode\\\/hyonteishotelli-perhosille-perhostalo\\\/#breadcrumb\"},\"inLanguage\":\"fi\",\"potentialAction\":[{\"@type\":\"ReadAction\",\"target\":[\"https:\\\/\\\/rodoaed.ee\\\/fi\\\/toode\\\/hyonteishotelli-perhosille-perhostalo\\\/\"]}]},{\"@type\":\"ImageObject\",\"inLanguage\":\"fi\",\"@id\":\"https:\\\/\\\/rodoaed.ee\\\/fi\\\/toode\\\/hyonteishotelli-perhosille-perhostalo\\\/#primaryimage\",\"url\":\"https:\\\/\\\/rodoaed.ee\\\/wp-content\\\/uploads\\\/2020\\\/11\\\/putukahotell-liblikatele_liblikamaja_WA39_01.png\",\"contentUrl\":\"https:\\\/\\\/rodoaed.ee\\\/wp-content\\\/uploads\\\/2020\\\/11\\\/putukahotell-liblikatele_liblikamaja_WA39_01.png\",\"width\":1240,\"height\":1240},{\"@type\":\"BreadcrumbList\",\"@id\":\"https:\\\/\\\/rodoaed.ee\\\/fi\\\/toode\\\/hyonteishotelli-perhosille-perhostalo\\\/#breadcrumb\",\"itemListElement\":[{\"@type\":\"ListItem\",\"position\":1,\"name\":\"Home\",\"item\":\"https:\\\/\\\/rodoaed.ee\\\/fi\\\/\"},{\"@type\":\"ListItem\",\"position\":2,\"name\":\"Osta osoitteessa\",\"item\":\"https:\\\/\\\/rodoaed.ee\\\/osta-osoitteessa\\\/\"},{\"@type\":\"ListItem\",\"position\":3,\"name\":\"Hy\u00f6nteishotelli perhosille &#8211; perhostalo\"}]},{\"@type\":\"WebSite\",\"@id\":\"https:\\\/\\\/rodoaed.ee\\\/#website\",\"url\":\"https:\\\/\\\/rodoaed.ee\\\/\",\"name\":\"Rodoaed\",\"description\":\"\",\"publisher\":{\"@id\":\"https:\\\/\\\/rodoaed.ee\\\/#organization\"},\"potentialAction\":[{\"@type\":\"SearchAction\",\"target\":{\"@type\":\"EntryPoint\",\"urlTemplate\":\"https:\\\/\\\/rodoaed.ee\\\/?s={search_term_string}\"},\"query-input\":{\"@type\":\"PropertyValueSpecification\",\"valueRequired\":true,\"valueName\":\"search_term_string\"}}],\"inLanguage\":\"fi\"},{\"@type\":\"Organization\",\"@id\":\"https:\\\/\\\/rodoaed.ee\\\/#organization\",\"name\":\"Rodoaed\",\"url\":\"https:\\\/\\\/rodoaed.ee\\\/\",\"logo\":{\"@type\":\"ImageObject\",\"inLanguage\":\"fi\",\"@id\":\"https:\\\/\\\/rodoaed.ee\\\/#\\\/schema\\\/logo\\\/image\\\/\",\"url\":\"https:\\\/\\\/rodoaed.ee\\\/wp-content\\\/uploads\\\/2019\\\/11\\\/rodoaed-logo-ilma-taustata.jpg\",\"contentUrl\":\"https:\\\/\\\/rodoaed.ee\\\/wp-content\\\/uploads\\\/2019\\\/11\\\/rodoaed-logo-ilma-taustata.jpg\",\"width\":769,\"height\":268,\"caption\":\"Rodoaed\"},\"image\":{\"@id\":\"https:\\\/\\\/rodoaed.ee\\\/#\\\/schema\\\/logo\\\/image\\\/\"},\"sameAs\":[\"https:\\\/\\\/www.facebook.com\\\/kasvuhooned\\\/\",\"https:\\\/\\\/rodoaed.ee\"]}]}<\/script>\n<!-- \/ Yoast SEO Premium plugin. -->","yoast_head_json":{"title":"Hy\u00f6nteishotelli perhosille - perhostalo - Rodoaed","robots":{"index":"index","follow":"follow","max-snippet":"max-snippet:-1","max-image-preview":"max-image-preview:large","max-video-preview":"max-video-preview:-1"},"canonical":"https:\/\/rodoaed.ee\/fi\/toode\/hyonteishotelli-perhosille-perhostalo\/","og_locale":"fi_FI","og_type":"article","og_title":"Hy\u00f6nteishotelli perhosille - perhostalo","og_description":"Hy\u00f6nteishotelli perhosille Perhoset ovat kauneimpia ja hy\u00f6dyllisimpi\u00e4 hy\u00f6nteisi\u00e4. Perhosmaja tarjoaa n\u00e4ille kauniille asukkaille turvallisen ja viihtyis\u00e4n","og_url":"https:\/\/rodoaed.ee\/fi\/toode\/hyonteishotelli-perhosille-perhostalo\/","og_site_name":"Rodoaed","article_publisher":"https:\/\/www.facebook.com\/kasvuhooned\/","article_modified_time":"2026-04-13T07:55:53+00:00","og_image":[{"width":1240,"height":1240,"url":"https:\/\/rodoaed.ee\/wp-content\/uploads\/2020\/11\/putukahotell-liblikatele_liblikamaja_WA39_01.png","type":"image\/png"}],"twitter_card":"summary_large_image","schema":{"@context":"https:\/\/schema.org","@graph":[{"@type":"WebPage","@id":"https:\/\/rodoaed.ee\/fi\/toode\/hyonteishotelli-perhosille-perhostalo\/","url":"https:\/\/rodoaed.ee\/fi\/toode\/hyonteishotelli-perhosille-perhostalo\/","name":"Hy\u00f6nteishotelli perhosille - perhostalo - Rodoaed","isPartOf":{"@id":"https:\/\/rodoaed.ee\/#website"},"primaryImageOfPage":{"@id":"https:\/\/rodoaed.ee\/fi\/toode\/hyonteishotelli-perhosille-perhostalo\/#primaryimage"},"image":{"@id":"https:\/\/rodoaed.ee\/fi\/toode\/hyonteishotelli-perhosille-perhostalo\/#primaryimage"},"thumbnailUrl":"https:\/\/rodoaed.ee\/wp-content\/uploads\/2020\/11\/putukahotell-liblikatele_liblikamaja_WA39_01.png","datePublished":"2020-11-04T18:48:47+00:00","dateModified":"2026-04-13T07:55:53+00:00","breadcrumb":{"@id":"https:\/\/rodoaed.ee\/fi\/toode\/hyonteishotelli-perhosille-perhostalo\/#breadcrumb"},"inLanguage":"fi","potentialAction":[{"@type":"ReadAction","target":["https:\/\/rodoaed.ee\/fi\/toode\/hyonteishotelli-perhosille-perhostalo\/"]}]},{"@type":"ImageObject","inLanguage":"fi","@id":"https:\/\/rodoaed.ee\/fi\/toode\/hyonteishotelli-perhosille-perhostalo\/#primaryimage","url":"https:\/\/rodoaed.ee\/wp-content\/uploads\/2020\/11\/putukahotell-liblikatele_liblikamaja_WA39_01.png","contentUrl":"https:\/\/rodoaed.ee\/wp-content\/uploads\/2020\/11\/putukahotell-liblikatele_liblikamaja_WA39_01.png","width":1240,"height":1240},{"@type":"BreadcrumbList","@id":"https:\/\/rodoaed.ee\/fi\/toode\/hyonteishotelli-perhosille-perhostalo\/#breadcrumb","itemListElement":[{"@type":"ListItem","position":1,"name":"Home","item":"https:\/\/rodoaed.ee\/fi\/"},{"@type":"ListItem","position":2,"name":"Osta osoitteessa","item":"https:\/\/rodoaed.ee\/osta-osoitteessa\/"},{"@type":"ListItem","position":3,"name":"Hy\u00f6nteishotelli perhosille &#8211; perhostalo"}]},{"@type":"WebSite","@id":"https:\/\/rodoaed.ee\/#website","url":"https:\/\/rodoaed.ee\/","name":"Rodoaed","description":"","publisher":{"@id":"https:\/\/rodoaed.ee\/#organization"},"potentialAction":[{"@type":"SearchAction","target":{"@type":"EntryPoint","urlTemplate":"https:\/\/rodoaed.ee\/?s={search_term_string}"},"query-input":{"@type":"PropertyValueSpecification","valueRequired":true,"valueName":"search_term_string"}}],"inLanguage":"fi"},{"@type":"Organization","@id":"https:\/\/rodoaed.ee\/#organization","name":"Rodoaed","url":"https:\/\/rodoaed.ee\/","logo":{"@type":"ImageObject","inLanguage":"fi","@id":"https:\/\/rodoaed.ee\/#\/schema\/logo\/image\/","url":"https:\/\/rodoaed.ee\/wp-content\/uploads\/2019\/11\/rodoaed-logo-ilma-taustata.jpg","contentUrl":"https:\/\/rodoaed.ee\/wp-content\/uploads\/2019\/11\/rodoaed-logo-ilma-taustata.jpg","width":769,"height":268,"caption":"Rodoaed"},"image":{"@id":"https:\/\/rodoaed.ee\/#\/schema\/logo\/image\/"},"sameAs":["https:\/\/www.facebook.com\/kasvuhooned\/","https:\/\/rodoaed.ee"]}]}},"_links":{"self":[{"href":"https:\/\/rodoaed.ee\/fi\/wp-json\/wp\/v2\/product\/52838","targetHints":{"allow":["GET"]}}],"collection":[{"href":"https:\/\/rodoaed.ee\/fi\/wp-json\/wp\/v2\/product"}],"about":[{"href":"https:\/\/rodoaed.ee\/fi\/wp-json\/wp\/v2\/types\/product"}],"wp:featuredmedia":[{"embeddable":true,"href":"https:\/\/rodoaed.ee\/fi\/wp-json\/wp\/v2\/media\/34983"}],"wp:attachment":[{"href":"https:\/\/rodoaed.ee\/fi\/wp-json\/wp\/v2\/media?parent=52838"}],"wp:term":[{"taxonomy":"product_brand","embeddable":true,"href":"https:\/\/rodoaed.ee\/fi\/wp-json\/wp\/v2\/product_brand?post=52838"},{"taxonomy":"product_cat","embeddable":true,"href":"https:\/\/rodoaed.ee\/fi\/wp-json\/wp\/v2\/product_cat?post=52838"},{"taxonomy":"product_tag","embeddable":true,"href":"https:\/\/rodoaed.ee\/fi\/wp-json\/wp\/v2\/product_tag?post=52838"}],"curies":[{"name":"wp","href":"https:\/\/api.w.org\/{rel}","templated":true}]}}