{"id":52840,"date":"2020-11-04T15:45:25","date_gmt":"2020-11-04T13:45:25","guid":{"rendered":"https:\/\/rodoaed.ee\/toode\/nuotio-ja-nuotiopaikka\/"},"modified":"2026-04-13T10:55:54","modified_gmt":"2026-04-13T07:55:54","slug":"nuotio-ja-nuotiopaikka","status":"publish","type":"product","link":"https:\/\/rodoaed.ee\/fi\/tuote\/nuotio-ja-nuotiopaikka\/","title":{"rendered":"Nuotio ja nuotiopaikka"},"content":{"rendered":"<h2>40cm korkea palokori kahvalla<\/h2>\n<p>Kauniisti suunniteltu ja k\u00e4yt\u00e4nn\u00f6llinen nuotiopaikka. Siin\u00e4 on k\u00e4tev\u00e4 \u00e4mp\u00e4rin muotoinen kahva. Ihanteellinen k\u00e4ytett\u00e4v\u00e4ksi nuotiopaikkojen tai mink\u00e4 tahansa puun kanssa.  <\/p>\n<ul>\n<li>suuri mukava kahva<\/li>\n<li>vakaa ja turvallinen<\/li>\n<li>ajaton muotoilu<\/li>\n<li>ihanteellinen k\u00e4ytett\u00e4v\u00e4ksi FF105- tai FF124-palopannun kanssa.<\/li>\n<\/ul>\n<h2>T\u00e4rkeimm\u00e4t ominaisuudet:<\/h2>\n<p><b>Materiaali: <\/b>rauta<\/p>\n<p><b>Mitat: <\/b>L 35 x L 37 x K 40 cm.<\/p>\n<p><strong>Paino:<\/strong> 2,9 kg<\/p>\n<p>&nbsp;<\/p>\n<p><a href=\"https:\/\/rodoaed.ee\/fi\/tootekategooria\/linnaillalliset-ja-linnan-ravintolat\/\">aloita<\/a><\/p>\n","protected":false},"excerpt":{"rendered":"<p>40cm korkea palokori kahvalla Kauniisti suunniteltu ja k\u00e4yt\u00e4nn\u00f6llinen nuotiopaikka. Siin\u00e4 on k\u00e4tev\u00e4 \u00e4mp\u00e4rin muotoinen kahva. Ihanteellinen k\u00e4ytett\u00e4v\u00e4ksi nuotiopaikkojen tai mink\u00e4 tahansa puun kanssa. suuri mukava kahva vakaa ja turvallinen ajaton muotoilu ihanteellinen k\u00e4ytett\u00e4v\u00e4ksi FF105- tai FF124-palopannun kanssa. T\u00e4rkeimm\u00e4t ominaisuudet: Materiaali: rauta Mitat: L 35 x L 37 x K 40 cm. Paino: 2,9 kg &nbsp; aloita<\/p>\n","protected":false},"featured_media":34894,"template":"","meta":{"_acf_changed":false},"product_brand":[],"product_cat":[1743,1752,1745,1932],"product_tag":[],"class_list":{"0":"post-52840","1":"product","2":"type-product","3":"status-publish","4":"has-post-thumbnail","6":"product_cat-lisalahjat-lahjat","7":"product_cat-puutarha-ja-piha","8":"product_cat-suuri-varaston-tyhjennysmyynti","9":"product_cat-tulisijat-ja-takat","10":"product_shipping_class-kuljetus-ainoastaan-kuriiripalvelun-valityksella","11":"pa_variatsioon-20-dining-house-latern-1l","13":"first","14":"instock","15":"sale","16":"taxable","17":"shipping-taxable","18":"purchasable","19":"product-type-simple"},"acf":[],"yoast_head":"<!-- This site is optimized with the Yoast SEO Premium plugin v27.3 (Yoast SEO v27.3) - https:\/\/yoast.com\/product\/yoast-seo-premium-wordpress\/ -->\n<title>Nuotio ja nuotiopaikka - Rodoaed<\/title>\n<meta name=\"robots\" content=\"index, follow, max-snippet:-1, max-image-preview:large, max-video-preview:-1\" \/>\n<link rel=\"canonical\" href=\"https:\/\/rodoaed.ee\/fi\/toode\/nuotio-ja-nuotiopaikka\/\" \/>\n<meta property=\"og:locale\" content=\"fi_FI\" \/>\n<meta property=\"og:type\" content=\"article\" \/>\n<meta property=\"og:title\" content=\"Nuotio ja nuotiopaikka\" \/>\n<meta property=\"og:description\" content=\"40cm korkea palokori kahvalla Kauniisti suunniteltu ja k\u00e4yt\u00e4nn\u00f6llinen nuotiopaikka. Siin\u00e4 on k\u00e4tev\u00e4 \u00e4mp\u00e4rin muotoinen kahva. Ihanteellinen k\u00e4ytett\u00e4v\u00e4ksi\" \/>\n<meta property=\"og:url\" content=\"https:\/\/rodoaed.ee\/fi\/toode\/nuotio-ja-nuotiopaikka\/\" \/>\n<meta property=\"og:site_name\" content=\"Rodoaed\" \/>\n<meta property=\"article:publisher\" content=\"https:\/\/www.facebook.com\/kasvuhooned\/\" \/>\n<meta property=\"article:modified_time\" content=\"2026-04-13T07:55:54+00:00\" \/>\n<meta property=\"og:image\" content=\"https:\/\/rodoaed.ee\/wp-content\/uploads\/2020\/11\/lokkealus-ja-tulekorv_FF466_04.jpg\" \/>\n\t<meta property=\"og:image:width\" content=\"1240\" \/>\n\t<meta property=\"og:image:height\" content=\"1240\" \/>\n\t<meta property=\"og:image:type\" content=\"image\/jpeg\" \/>\n<meta name=\"twitter:card\" content=\"summary_large_image\" \/>\n<script type=\"application\/ld+json\" class=\"yoast-schema-graph\">{\"@context\":\"https:\\\/\\\/schema.org\",\"@graph\":[{\"@type\":\"WebPage\",\"@id\":\"https:\\\/\\\/rodoaed.ee\\\/fi\\\/toode\\\/nuotio-ja-nuotiopaikka\\\/\",\"url\":\"https:\\\/\\\/rodoaed.ee\\\/fi\\\/toode\\\/nuotio-ja-nuotiopaikka\\\/\",\"name\":\"Nuotio ja nuotiopaikka - Rodoaed\",\"isPartOf\":{\"@id\":\"https:\\\/\\\/rodoaed.ee\\\/#website\"},\"primaryImageOfPage\":{\"@id\":\"https:\\\/\\\/rodoaed.ee\\\/fi\\\/toode\\\/nuotio-ja-nuotiopaikka\\\/#primaryimage\"},\"image\":{\"@id\":\"https:\\\/\\\/rodoaed.ee\\\/fi\\\/toode\\\/nuotio-ja-nuotiopaikka\\\/#primaryimage\"},\"thumbnailUrl\":\"https:\\\/\\\/rodoaed.ee\\\/wp-content\\\/uploads\\\/2020\\\/11\\\/lokkealus-ja-tulekorv_FF466_04.jpg\",\"datePublished\":\"2020-11-04T13:45:25+00:00\",\"dateModified\":\"2026-04-13T07:55:54+00:00\",\"breadcrumb\":{\"@id\":\"https:\\\/\\\/rodoaed.ee\\\/fi\\\/toode\\\/nuotio-ja-nuotiopaikka\\\/#breadcrumb\"},\"inLanguage\":\"fi\",\"potentialAction\":[{\"@type\":\"ReadAction\",\"target\":[\"https:\\\/\\\/rodoaed.ee\\\/fi\\\/toode\\\/nuotio-ja-nuotiopaikka\\\/\"]}]},{\"@type\":\"ImageObject\",\"inLanguage\":\"fi\",\"@id\":\"https:\\\/\\\/rodoaed.ee\\\/fi\\\/toode\\\/nuotio-ja-nuotiopaikka\\\/#primaryimage\",\"url\":\"https:\\\/\\\/rodoaed.ee\\\/wp-content\\\/uploads\\\/2020\\\/11\\\/lokkealus-ja-tulekorv_FF466_04.jpg\",\"contentUrl\":\"https:\\\/\\\/rodoaed.ee\\\/wp-content\\\/uploads\\\/2020\\\/11\\\/lokkealus-ja-tulekorv_FF466_04.jpg\",\"width\":1240,\"height\":1240},{\"@type\":\"BreadcrumbList\",\"@id\":\"https:\\\/\\\/rodoaed.ee\\\/fi\\\/toode\\\/nuotio-ja-nuotiopaikka\\\/#breadcrumb\",\"itemListElement\":[{\"@type\":\"ListItem\",\"position\":1,\"name\":\"Home\",\"item\":\"https:\\\/\\\/rodoaed.ee\\\/fi\\\/\"},{\"@type\":\"ListItem\",\"position\":2,\"name\":\"Osta osoitteessa\",\"item\":\"https:\\\/\\\/rodoaed.ee\\\/osta-osoitteessa\\\/\"},{\"@type\":\"ListItem\",\"position\":3,\"name\":\"Nuotio ja nuotiopaikka\"}]},{\"@type\":\"WebSite\",\"@id\":\"https:\\\/\\\/rodoaed.ee\\\/#website\",\"url\":\"https:\\\/\\\/rodoaed.ee\\\/\",\"name\":\"Rodoaed\",\"description\":\"\",\"publisher\":{\"@id\":\"https:\\\/\\\/rodoaed.ee\\\/#organization\"},\"potentialAction\":[{\"@type\":\"SearchAction\",\"target\":{\"@type\":\"EntryPoint\",\"urlTemplate\":\"https:\\\/\\\/rodoaed.ee\\\/?s={search_term_string}\"},\"query-input\":{\"@type\":\"PropertyValueSpecification\",\"valueRequired\":true,\"valueName\":\"search_term_string\"}}],\"inLanguage\":\"fi\"},{\"@type\":\"Organization\",\"@id\":\"https:\\\/\\\/rodoaed.ee\\\/#organization\",\"name\":\"Rodoaed\",\"url\":\"https:\\\/\\\/rodoaed.ee\\\/\",\"logo\":{\"@type\":\"ImageObject\",\"inLanguage\":\"fi\",\"@id\":\"https:\\\/\\\/rodoaed.ee\\\/#\\\/schema\\\/logo\\\/image\\\/\",\"url\":\"https:\\\/\\\/rodoaed.ee\\\/wp-content\\\/uploads\\\/2019\\\/11\\\/rodoaed-logo-ilma-taustata.jpg\",\"contentUrl\":\"https:\\\/\\\/rodoaed.ee\\\/wp-content\\\/uploads\\\/2019\\\/11\\\/rodoaed-logo-ilma-taustata.jpg\",\"width\":769,\"height\":268,\"caption\":\"Rodoaed\"},\"image\":{\"@id\":\"https:\\\/\\\/rodoaed.ee\\\/#\\\/schema\\\/logo\\\/image\\\/\"},\"sameAs\":[\"https:\\\/\\\/www.facebook.com\\\/kasvuhooned\\\/\",\"https:\\\/\\\/rodoaed.ee\"]}]}<\/script>\n<!-- \/ Yoast SEO Premium plugin. -->","yoast_head_json":{"title":"Nuotio ja nuotiopaikka - Rodoaed","robots":{"index":"index","follow":"follow","max-snippet":"max-snippet:-1","max-image-preview":"max-image-preview:large","max-video-preview":"max-video-preview:-1"},"canonical":"https:\/\/rodoaed.ee\/fi\/toode\/nuotio-ja-nuotiopaikka\/","og_locale":"fi_FI","og_type":"article","og_title":"Nuotio ja nuotiopaikka","og_description":"40cm korkea palokori kahvalla Kauniisti suunniteltu ja k\u00e4yt\u00e4nn\u00f6llinen nuotiopaikka. Siin\u00e4 on k\u00e4tev\u00e4 \u00e4mp\u00e4rin muotoinen kahva. Ihanteellinen k\u00e4ytett\u00e4v\u00e4ksi","og_url":"https:\/\/rodoaed.ee\/fi\/toode\/nuotio-ja-nuotiopaikka\/","og_site_name":"Rodoaed","article_publisher":"https:\/\/www.facebook.com\/kasvuhooned\/","article_modified_time":"2026-04-13T07:55:54+00:00","og_image":[{"width":1240,"height":1240,"url":"https:\/\/rodoaed.ee\/wp-content\/uploads\/2020\/11\/lokkealus-ja-tulekorv_FF466_04.jpg","type":"image\/jpeg"}],"twitter_card":"summary_large_image","schema":{"@context":"https:\/\/schema.org","@graph":[{"@type":"WebPage","@id":"https:\/\/rodoaed.ee\/fi\/toode\/nuotio-ja-nuotiopaikka\/","url":"https:\/\/rodoaed.ee\/fi\/toode\/nuotio-ja-nuotiopaikka\/","name":"Nuotio ja nuotiopaikka - Rodoaed","isPartOf":{"@id":"https:\/\/rodoaed.ee\/#website"},"primaryImageOfPage":{"@id":"https:\/\/rodoaed.ee\/fi\/toode\/nuotio-ja-nuotiopaikka\/#primaryimage"},"image":{"@id":"https:\/\/rodoaed.ee\/fi\/toode\/nuotio-ja-nuotiopaikka\/#primaryimage"},"thumbnailUrl":"https:\/\/rodoaed.ee\/wp-content\/uploads\/2020\/11\/lokkealus-ja-tulekorv_FF466_04.jpg","datePublished":"2020-11-04T13:45:25+00:00","dateModified":"2026-04-13T07:55:54+00:00","breadcrumb":{"@id":"https:\/\/rodoaed.ee\/fi\/toode\/nuotio-ja-nuotiopaikka\/#breadcrumb"},"inLanguage":"fi","potentialAction":[{"@type":"ReadAction","target":["https:\/\/rodoaed.ee\/fi\/toode\/nuotio-ja-nuotiopaikka\/"]}]},{"@type":"ImageObject","inLanguage":"fi","@id":"https:\/\/rodoaed.ee\/fi\/toode\/nuotio-ja-nuotiopaikka\/#primaryimage","url":"https:\/\/rodoaed.ee\/wp-content\/uploads\/2020\/11\/lokkealus-ja-tulekorv_FF466_04.jpg","contentUrl":"https:\/\/rodoaed.ee\/wp-content\/uploads\/2020\/11\/lokkealus-ja-tulekorv_FF466_04.jpg","width":1240,"height":1240},{"@type":"BreadcrumbList","@id":"https:\/\/rodoaed.ee\/fi\/toode\/nuotio-ja-nuotiopaikka\/#breadcrumb","itemListElement":[{"@type":"ListItem","position":1,"name":"Home","item":"https:\/\/rodoaed.ee\/fi\/"},{"@type":"ListItem","position":2,"name":"Osta osoitteessa","item":"https:\/\/rodoaed.ee\/osta-osoitteessa\/"},{"@type":"ListItem","position":3,"name":"Nuotio ja nuotiopaikka"}]},{"@type":"WebSite","@id":"https:\/\/rodoaed.ee\/#website","url":"https:\/\/rodoaed.ee\/","name":"Rodoaed","description":"","publisher":{"@id":"https:\/\/rodoaed.ee\/#organization"},"potentialAction":[{"@type":"SearchAction","target":{"@type":"EntryPoint","urlTemplate":"https:\/\/rodoaed.ee\/?s={search_term_string}"},"query-input":{"@type":"PropertyValueSpecification","valueRequired":true,"valueName":"search_term_string"}}],"inLanguage":"fi"},{"@type":"Organization","@id":"https:\/\/rodoaed.ee\/#organization","name":"Rodoaed","url":"https:\/\/rodoaed.ee\/","logo":{"@type":"ImageObject","inLanguage":"fi","@id":"https:\/\/rodoaed.ee\/#\/schema\/logo\/image\/","url":"https:\/\/rodoaed.ee\/wp-content\/uploads\/2019\/11\/rodoaed-logo-ilma-taustata.jpg","contentUrl":"https:\/\/rodoaed.ee\/wp-content\/uploads\/2019\/11\/rodoaed-logo-ilma-taustata.jpg","width":769,"height":268,"caption":"Rodoaed"},"image":{"@id":"https:\/\/rodoaed.ee\/#\/schema\/logo\/image\/"},"sameAs":["https:\/\/www.facebook.com\/kasvuhooned\/","https:\/\/rodoaed.ee"]}]}},"_links":{"self":[{"href":"https:\/\/rodoaed.ee\/fi\/wp-json\/wp\/v2\/product\/52840","targetHints":{"allow":["GET"]}}],"collection":[{"href":"https:\/\/rodoaed.ee\/fi\/wp-json\/wp\/v2\/product"}],"about":[{"href":"https:\/\/rodoaed.ee\/fi\/wp-json\/wp\/v2\/types\/product"}],"wp:featuredmedia":[{"embeddable":true,"href":"https:\/\/rodoaed.ee\/fi\/wp-json\/wp\/v2\/media\/34894"}],"wp:attachment":[{"href":"https:\/\/rodoaed.ee\/fi\/wp-json\/wp\/v2\/media?parent=52840"}],"wp:term":[{"taxonomy":"product_brand","embeddable":true,"href":"https:\/\/rodoaed.ee\/fi\/wp-json\/wp\/v2\/product_brand?post=52840"},{"taxonomy":"product_cat","embeddable":true,"href":"https:\/\/rodoaed.ee\/fi\/wp-json\/wp\/v2\/product_cat?post=52840"},{"taxonomy":"product_tag","embeddable":true,"href":"https:\/\/rodoaed.ee\/fi\/wp-json\/wp\/v2\/product_tag?post=52840"}],"curies":[{"name":"wp","href":"https:\/\/api.w.org\/{rel}","templated":true}]}}