{"id":52843,"date":"2020-11-26T19:06:46","date_gmt":"2020-11-26T17:06:46","guid":{"rendered":"https:\/\/rodoaed.ee\/toode\/maiade-fatwood-tikut-5kpl-alennus-pakkaus\/"},"modified":"2026-04-13T10:55:56","modified_gmt":"2026-04-13T07:55:56","slug":"maiade-fatwood-tikut-5kpl-alennus-pakkaus","status":"publish","type":"product","link":"https:\/\/rodoaed.ee\/fi\/tuote\/maiade-fatwood-tikut-5kpl-alennus-pakkaus\/","title":{"rendered":"Maiade fatwood tikut -5kpl alennus pakkaus"},"content":{"rendered":"<h2>5 x mainospakkaus<\/h2>\n<h2>Mayan rasvapuusta valmistetut tulitikkutikut<\/h2>\n<p>Tuhansien vuosien ajan mayat ovat tunteneet ja k\u00e4ytt\u00e4neet t\u00e4t\u00e4 &#8221;paksua puuta&#8221;, koska se on erityisen herk\u00e4sti syttyv\u00e4. Kyseess\u00e4 on Hondurasista per\u00e4isin oleva havupuulaji, Ocote chino -puu (Pinus oocarpa). Sen puu on niin pihkapitoinen, ett\u00e4 se itse asiassa tarttuu siihen. Luonnon rasvatulitikut ovat ihanteellinen polttoaine liedelle, takkaan, nuotiolle, grilliin tai nuotiopaikalle. Mukavat, noin 20 cm pitk\u00e4t tikut.    <\/p>\n<p>Huom. Vain muutama tikku riitt\u00e4\u00e4 syttymiseen.<\/p>\n<ul>\n<li>100% luonnollinen tuote<\/li>\n<li>pakattu nipuksi<\/li>\n<li>pakattu 40 nippuun k\u00e4tev\u00e4\u00e4n puulaatikkoon.<\/li>\n<\/ul>\n<h2>T\u00e4rkeimm\u00e4t ominaisuudet:<\/h2>\n<p><b>Materiaali: <\/b>m\u00e4nty &#8211; 100 % uusiutuvista luonnonvaroista.<\/p>\n<p><b>Mitat: <\/b>L 7,5 x L 19,5 x K 7,5 cm.<\/p>\n<p><strong>Paino:<\/strong> 5 x 500 g = 2500 g \/viisi nippua.<\/p>\n<p>&nbsp;<\/p>\n<p><a href=\"https:\/\/rodoaed.ee\/fi\/tootekategooria\/linnaillalliset-ja-linnan-ravintolat\/\">aloita<\/a><\/p>\n","protected":false},"excerpt":{"rendered":"<p>5 x mainospakkaus Mayan rasvapuusta valmistetut tulitikkutikut Tuhansien vuosien ajan mayat ovat tunteneet ja k\u00e4ytt\u00e4neet t\u00e4t\u00e4 &#8221;paksua puuta&#8221;, koska se on erityisen herk\u00e4sti syttyv\u00e4. Kyseess\u00e4 on Hondurasista per\u00e4isin oleva havupuulaji, Ocote chino -puu (Pinus oocarpa). Sen puu on niin pihkapitoinen, ett\u00e4 se itse asiassa tarttuu siihen. Luonnon rasvatulitikut ovat ihanteellinen polttoaine liedelle, takkaan, nuotiolle, grilliin tai nuotiopaikalle. Mukavat, noin 20 cm pitk\u00e4t tikut. Huom. Vain&#8230;<\/p>\n","protected":false},"featured_media":34970,"template":"","meta":{"_acf_changed":false},"product_brand":[],"product_cat":[1752,1932],"product_tag":[],"class_list":{"0":"post-52843","1":"product","2":"type-product","3":"status-publish","4":"has-post-thumbnail","6":"product_cat-puutarha-ja-piha","7":"product_cat-tulisijat-ja-takat","8":"product_shipping_class-toimitus-1-3-tyopaivan-kuluessa","9":"pa_variatsioon-20-dining-house-latern-1l","11":"first","12":"instock","13":"sale","14":"taxable","15":"shipping-taxable","16":"purchasable","17":"product-type-simple"},"acf":[],"yoast_head":"<!-- This site is optimized with the Yoast SEO Premium plugin v27.3 (Yoast SEO v27.3) - https:\/\/yoast.com\/product\/yoast-seo-premium-wordpress\/ -->\n<title>Maiade fatwood tikut -5kpl alennus pakkaus - Rodoaed<\/title>\n<meta name=\"robots\" content=\"index, follow, max-snippet:-1, max-image-preview:large, max-video-preview:-1\" \/>\n<link rel=\"canonical\" href=\"https:\/\/rodoaed.ee\/fi\/toode\/maiade-fatwood-tikut-5kpl-alennus-pakkaus\/\" \/>\n<meta property=\"og:locale\" content=\"fi_FI\" \/>\n<meta property=\"og:type\" content=\"article\" \/>\n<meta property=\"og:title\" content=\"Maiade fatwood tikut -5kpl alennus pakkaus\" \/>\n<meta property=\"og:description\" content=\"5 x mainospakkaus Mayan rasvapuusta valmistetut tulitikkutikut Tuhansien vuosien ajan mayat ovat tunteneet ja k\u00e4ytt\u00e4neet t\u00e4t\u00e4 &quot;paksua puuta&quot;, koska se on\" \/>\n<meta property=\"og:url\" content=\"https:\/\/rodoaed.ee\/fi\/toode\/maiade-fatwood-tikut-5kpl-alennus-pakkaus\/\" \/>\n<meta property=\"og:site_name\" content=\"Rodoaed\" \/>\n<meta property=\"article:publisher\" content=\"https:\/\/www.facebook.com\/kasvuhooned\/\" \/>\n<meta property=\"article:modified_time\" content=\"2026-04-13T07:55:56+00:00\" \/>\n<meta property=\"og:image\" content=\"https:\/\/rodoaed.ee\/wp-content\/uploads\/2020\/11\/suutepulgad_FF22_01.png\" \/>\n\t<meta property=\"og:image:width\" content=\"1240\" \/>\n\t<meta property=\"og:image:height\" content=\"1240\" \/>\n\t<meta property=\"og:image:type\" content=\"image\/png\" \/>\n<meta name=\"twitter:card\" content=\"summary_large_image\" \/>\n<meta name=\"twitter:label1\" content=\"Arvioitu lukuaika\" \/>\n\t<meta name=\"twitter:data1\" content=\"1 minuutti\" \/>\n<script type=\"application\/ld+json\" class=\"yoast-schema-graph\">{\"@context\":\"https:\\\/\\\/schema.org\",\"@graph\":[{\"@type\":\"WebPage\",\"@id\":\"https:\\\/\\\/rodoaed.ee\\\/fi\\\/toode\\\/maiade-fatwood-tikut-5kpl-alennus-pakkaus\\\/\",\"url\":\"https:\\\/\\\/rodoaed.ee\\\/fi\\\/toode\\\/maiade-fatwood-tikut-5kpl-alennus-pakkaus\\\/\",\"name\":\"Maiade fatwood tikut -5kpl alennus pakkaus - Rodoaed\",\"isPartOf\":{\"@id\":\"https:\\\/\\\/rodoaed.ee\\\/#website\"},\"primaryImageOfPage\":{\"@id\":\"https:\\\/\\\/rodoaed.ee\\\/fi\\\/toode\\\/maiade-fatwood-tikut-5kpl-alennus-pakkaus\\\/#primaryimage\"},\"image\":{\"@id\":\"https:\\\/\\\/rodoaed.ee\\\/fi\\\/toode\\\/maiade-fatwood-tikut-5kpl-alennus-pakkaus\\\/#primaryimage\"},\"thumbnailUrl\":\"https:\\\/\\\/rodoaed.ee\\\/wp-content\\\/uploads\\\/2020\\\/11\\\/suutepulgad_FF22_01.png\",\"datePublished\":\"2020-11-26T17:06:46+00:00\",\"dateModified\":\"2026-04-13T07:55:56+00:00\",\"breadcrumb\":{\"@id\":\"https:\\\/\\\/rodoaed.ee\\\/fi\\\/toode\\\/maiade-fatwood-tikut-5kpl-alennus-pakkaus\\\/#breadcrumb\"},\"inLanguage\":\"fi\",\"potentialAction\":[{\"@type\":\"ReadAction\",\"target\":[\"https:\\\/\\\/rodoaed.ee\\\/fi\\\/toode\\\/maiade-fatwood-tikut-5kpl-alennus-pakkaus\\\/\"]}]},{\"@type\":\"ImageObject\",\"inLanguage\":\"fi\",\"@id\":\"https:\\\/\\\/rodoaed.ee\\\/fi\\\/toode\\\/maiade-fatwood-tikut-5kpl-alennus-pakkaus\\\/#primaryimage\",\"url\":\"https:\\\/\\\/rodoaed.ee\\\/wp-content\\\/uploads\\\/2020\\\/11\\\/suutepulgad_FF22_01.png\",\"contentUrl\":\"https:\\\/\\\/rodoaed.ee\\\/wp-content\\\/uploads\\\/2020\\\/11\\\/suutepulgad_FF22_01.png\",\"width\":1240,\"height\":1240},{\"@type\":\"BreadcrumbList\",\"@id\":\"https:\\\/\\\/rodoaed.ee\\\/fi\\\/toode\\\/maiade-fatwood-tikut-5kpl-alennus-pakkaus\\\/#breadcrumb\",\"itemListElement\":[{\"@type\":\"ListItem\",\"position\":1,\"name\":\"Home\",\"item\":\"https:\\\/\\\/rodoaed.ee\\\/fi\\\/\"},{\"@type\":\"ListItem\",\"position\":2,\"name\":\"Osta osoitteessa\",\"item\":\"https:\\\/\\\/rodoaed.ee\\\/osta-osoitteessa\\\/\"},{\"@type\":\"ListItem\",\"position\":3,\"name\":\"Maiade fatwood tikut -5kpl alennus pakkaus\"}]},{\"@type\":\"WebSite\",\"@id\":\"https:\\\/\\\/rodoaed.ee\\\/#website\",\"url\":\"https:\\\/\\\/rodoaed.ee\\\/\",\"name\":\"Rodoaed\",\"description\":\"\",\"publisher\":{\"@id\":\"https:\\\/\\\/rodoaed.ee\\\/#organization\"},\"potentialAction\":[{\"@type\":\"SearchAction\",\"target\":{\"@type\":\"EntryPoint\",\"urlTemplate\":\"https:\\\/\\\/rodoaed.ee\\\/?s={search_term_string}\"},\"query-input\":{\"@type\":\"PropertyValueSpecification\",\"valueRequired\":true,\"valueName\":\"search_term_string\"}}],\"inLanguage\":\"fi\"},{\"@type\":\"Organization\",\"@id\":\"https:\\\/\\\/rodoaed.ee\\\/#organization\",\"name\":\"Rodoaed\",\"url\":\"https:\\\/\\\/rodoaed.ee\\\/\",\"logo\":{\"@type\":\"ImageObject\",\"inLanguage\":\"fi\",\"@id\":\"https:\\\/\\\/rodoaed.ee\\\/#\\\/schema\\\/logo\\\/image\\\/\",\"url\":\"https:\\\/\\\/rodoaed.ee\\\/wp-content\\\/uploads\\\/2019\\\/11\\\/rodoaed-logo-ilma-taustata.jpg\",\"contentUrl\":\"https:\\\/\\\/rodoaed.ee\\\/wp-content\\\/uploads\\\/2019\\\/11\\\/rodoaed-logo-ilma-taustata.jpg\",\"width\":769,\"height\":268,\"caption\":\"Rodoaed\"},\"image\":{\"@id\":\"https:\\\/\\\/rodoaed.ee\\\/#\\\/schema\\\/logo\\\/image\\\/\"},\"sameAs\":[\"https:\\\/\\\/www.facebook.com\\\/kasvuhooned\\\/\",\"https:\\\/\\\/rodoaed.ee\"]}]}<\/script>\n<!-- \/ Yoast SEO Premium plugin. -->","yoast_head_json":{"title":"Maiade fatwood tikut -5kpl alennus pakkaus - Rodoaed","robots":{"index":"index","follow":"follow","max-snippet":"max-snippet:-1","max-image-preview":"max-image-preview:large","max-video-preview":"max-video-preview:-1"},"canonical":"https:\/\/rodoaed.ee\/fi\/toode\/maiade-fatwood-tikut-5kpl-alennus-pakkaus\/","og_locale":"fi_FI","og_type":"article","og_title":"Maiade fatwood tikut -5kpl alennus pakkaus","og_description":"5 x mainospakkaus Mayan rasvapuusta valmistetut tulitikkutikut Tuhansien vuosien ajan mayat ovat tunteneet ja k\u00e4ytt\u00e4neet t\u00e4t\u00e4 \"paksua puuta\", koska se on","og_url":"https:\/\/rodoaed.ee\/fi\/toode\/maiade-fatwood-tikut-5kpl-alennus-pakkaus\/","og_site_name":"Rodoaed","article_publisher":"https:\/\/www.facebook.com\/kasvuhooned\/","article_modified_time":"2026-04-13T07:55:56+00:00","og_image":[{"width":1240,"height":1240,"url":"https:\/\/rodoaed.ee\/wp-content\/uploads\/2020\/11\/suutepulgad_FF22_01.png","type":"image\/png"}],"twitter_card":"summary_large_image","twitter_misc":{"Arvioitu lukuaika":"1 minuutti"},"schema":{"@context":"https:\/\/schema.org","@graph":[{"@type":"WebPage","@id":"https:\/\/rodoaed.ee\/fi\/toode\/maiade-fatwood-tikut-5kpl-alennus-pakkaus\/","url":"https:\/\/rodoaed.ee\/fi\/toode\/maiade-fatwood-tikut-5kpl-alennus-pakkaus\/","name":"Maiade fatwood tikut -5kpl alennus pakkaus - Rodoaed","isPartOf":{"@id":"https:\/\/rodoaed.ee\/#website"},"primaryImageOfPage":{"@id":"https:\/\/rodoaed.ee\/fi\/toode\/maiade-fatwood-tikut-5kpl-alennus-pakkaus\/#primaryimage"},"image":{"@id":"https:\/\/rodoaed.ee\/fi\/toode\/maiade-fatwood-tikut-5kpl-alennus-pakkaus\/#primaryimage"},"thumbnailUrl":"https:\/\/rodoaed.ee\/wp-content\/uploads\/2020\/11\/suutepulgad_FF22_01.png","datePublished":"2020-11-26T17:06:46+00:00","dateModified":"2026-04-13T07:55:56+00:00","breadcrumb":{"@id":"https:\/\/rodoaed.ee\/fi\/toode\/maiade-fatwood-tikut-5kpl-alennus-pakkaus\/#breadcrumb"},"inLanguage":"fi","potentialAction":[{"@type":"ReadAction","target":["https:\/\/rodoaed.ee\/fi\/toode\/maiade-fatwood-tikut-5kpl-alennus-pakkaus\/"]}]},{"@type":"ImageObject","inLanguage":"fi","@id":"https:\/\/rodoaed.ee\/fi\/toode\/maiade-fatwood-tikut-5kpl-alennus-pakkaus\/#primaryimage","url":"https:\/\/rodoaed.ee\/wp-content\/uploads\/2020\/11\/suutepulgad_FF22_01.png","contentUrl":"https:\/\/rodoaed.ee\/wp-content\/uploads\/2020\/11\/suutepulgad_FF22_01.png","width":1240,"height":1240},{"@type":"BreadcrumbList","@id":"https:\/\/rodoaed.ee\/fi\/toode\/maiade-fatwood-tikut-5kpl-alennus-pakkaus\/#breadcrumb","itemListElement":[{"@type":"ListItem","position":1,"name":"Home","item":"https:\/\/rodoaed.ee\/fi\/"},{"@type":"ListItem","position":2,"name":"Osta osoitteessa","item":"https:\/\/rodoaed.ee\/osta-osoitteessa\/"},{"@type":"ListItem","position":3,"name":"Maiade fatwood tikut -5kpl alennus pakkaus"}]},{"@type":"WebSite","@id":"https:\/\/rodoaed.ee\/#website","url":"https:\/\/rodoaed.ee\/","name":"Rodoaed","description":"","publisher":{"@id":"https:\/\/rodoaed.ee\/#organization"},"potentialAction":[{"@type":"SearchAction","target":{"@type":"EntryPoint","urlTemplate":"https:\/\/rodoaed.ee\/?s={search_term_string}"},"query-input":{"@type":"PropertyValueSpecification","valueRequired":true,"valueName":"search_term_string"}}],"inLanguage":"fi"},{"@type":"Organization","@id":"https:\/\/rodoaed.ee\/#organization","name":"Rodoaed","url":"https:\/\/rodoaed.ee\/","logo":{"@type":"ImageObject","inLanguage":"fi","@id":"https:\/\/rodoaed.ee\/#\/schema\/logo\/image\/","url":"https:\/\/rodoaed.ee\/wp-content\/uploads\/2019\/11\/rodoaed-logo-ilma-taustata.jpg","contentUrl":"https:\/\/rodoaed.ee\/wp-content\/uploads\/2019\/11\/rodoaed-logo-ilma-taustata.jpg","width":769,"height":268,"caption":"Rodoaed"},"image":{"@id":"https:\/\/rodoaed.ee\/#\/schema\/logo\/image\/"},"sameAs":["https:\/\/www.facebook.com\/kasvuhooned\/","https:\/\/rodoaed.ee"]}]}},"_links":{"self":[{"href":"https:\/\/rodoaed.ee\/fi\/wp-json\/wp\/v2\/product\/52843","targetHints":{"allow":["GET"]}}],"collection":[{"href":"https:\/\/rodoaed.ee\/fi\/wp-json\/wp\/v2\/product"}],"about":[{"href":"https:\/\/rodoaed.ee\/fi\/wp-json\/wp\/v2\/types\/product"}],"wp:featuredmedia":[{"embeddable":true,"href":"https:\/\/rodoaed.ee\/fi\/wp-json\/wp\/v2\/media\/34970"}],"wp:attachment":[{"href":"https:\/\/rodoaed.ee\/fi\/wp-json\/wp\/v2\/media?parent=52843"}],"wp:term":[{"taxonomy":"product_brand","embeddable":true,"href":"https:\/\/rodoaed.ee\/fi\/wp-json\/wp\/v2\/product_brand?post=52843"},{"taxonomy":"product_cat","embeddable":true,"href":"https:\/\/rodoaed.ee\/fi\/wp-json\/wp\/v2\/product_cat?post=52843"},{"taxonomy":"product_tag","embeddable":true,"href":"https:\/\/rodoaed.ee\/fi\/wp-json\/wp\/v2\/product_tag?post=52843"}],"curies":[{"name":"wp","href":"https:\/\/api.w.org\/{rel}","templated":true}]}}