{"id":52844,"date":"2020-11-04T16:35:03","date_gmt":"2020-11-04T14:35:03","guid":{"rendered":"https:\/\/rodoaed.ee\/toode\/tuliastia-ja-ulkokynttilanjalusta\/"},"modified":"2026-04-13T10:55:57","modified_gmt":"2026-04-13T07:55:57","slug":"tuliastia-ja-ulkokynttilanjalusta","status":"publish","type":"product","link":"https:\/\/rodoaed.ee\/fi\/tuote\/tuliastia-ja-ulkokynttilanjalusta\/","title":{"rendered":"Tuliastia ja ulkokynttil\u00e4njalusta"},"content":{"rendered":"<h2>K\u00e4tev\u00e4 jalusta tulipes\u00e4lle<\/h2>\n<p>Nuotiopannun jalusta on k\u00e4tev\u00e4 alusta nuotiopannulle tai ulkokynttil\u00e4lle. Suoraan nurmikolle sijoitettuna tulitynnyri voi polttaa nurmikon ja j\u00e4tt\u00e4\u00e4 terassip\u00f6yd\u00e4n. Yhdess\u00e4 jalustan kanssa tuliastian voi sijoittaa minne tahansa puutarhassa, jotta sen ymp\u00e4rille j\u00e4\u00e4 riitt\u00e4v\u00e4sti turvatilaa.  <\/p>\n<p>Tulipes\u00e4n liekki on noin 30 cm korkea, joten \u00e4l\u00e4 j\u00e4t\u00e4 tulta yksin.<\/p>\n<ul>\n<li>Sopii k\u00e4ytett\u00e4v\u00e4ksi tulipes\u00e4n FF124 kanssa.<\/li>\n<\/ul>\n<h2>T\u00e4rkeimm\u00e4t ominaisuudet:<\/h2>\n<p><b>Materiaali: <\/b>kevyt ter\u00e4s<\/p>\n<p><b>Mitat: <\/b>L 20,1 x L 21,3 x K 10,2 cm.<\/p>\n<p><strong>Paino:<\/strong> 190 g<\/p>\n<p>&nbsp;<\/p>\n<p><a href=\"https:\/\/rodoaed.ee\/fi\/tootekategooria\/linnaillalliset-ja-linnan-ravintolat\/\">aloita<\/a><\/p>\n","protected":false},"excerpt":{"rendered":"<p>K\u00e4tev\u00e4 jalusta tulipes\u00e4lle Nuotiopannun jalusta on k\u00e4tev\u00e4 alusta nuotiopannulle tai ulkokynttil\u00e4lle. Suoraan nurmikolle sijoitettuna tulitynnyri voi polttaa nurmikon ja j\u00e4tt\u00e4\u00e4 terassip\u00f6yd\u00e4n. Yhdess\u00e4 jalustan kanssa tuliastian voi sijoittaa minne tahansa puutarhassa, jotta sen ymp\u00e4rille j\u00e4\u00e4 riitt\u00e4v\u00e4sti turvatilaa. Tulipes\u00e4n liekki on noin 30 cm korkea, joten \u00e4l\u00e4 j\u00e4t\u00e4 tulta yksin. Sopii k\u00e4ytett\u00e4v\u00e4ksi tulipes\u00e4n FF124 kanssa. T\u00e4rkeimm\u00e4t ominaisuudet: Materiaali: kevyt ter\u00e4s Mitat: L 20,1 x L 21,3 x&#8230;<\/p>\n","protected":false},"featured_media":34957,"template":"","meta":{"_acf_changed":false},"product_brand":[],"product_cat":[1752,1932],"product_tag":[],"class_list":{"0":"post-52844","1":"product","2":"type-product","3":"status-publish","4":"has-post-thumbnail","6":"product_cat-puutarha-ja-piha","7":"product_cat-tulisijat-ja-takat","8":"product_shipping_class-toimitus-1-3-tyopaivan-kuluessa","9":"pa_variatsioon-20-dining-house-latern-1l","11":"first","12":"instock","13":"taxable","14":"shipping-taxable","15":"purchasable","16":"product-type-simple"},"acf":[],"yoast_head":"<!-- This site is optimized with the Yoast SEO Premium plugin v27.3 (Yoast SEO v27.3) - https:\/\/yoast.com\/product\/yoast-seo-premium-wordpress\/ -->\n<title>Tuliastia ja ulkokynttil\u00e4njalusta - Rodoaed<\/title>\n<meta name=\"robots\" content=\"index, follow, max-snippet:-1, max-image-preview:large, max-video-preview:-1\" \/>\n<link rel=\"canonical\" href=\"https:\/\/rodoaed.ee\/fi\/toode\/tuliastia-ja-ulkokynttilanjalusta\/\" \/>\n<meta property=\"og:locale\" content=\"fi_FI\" \/>\n<meta property=\"og:type\" content=\"article\" \/>\n<meta property=\"og:title\" content=\"Tuliastia ja ulkokynttil\u00e4njalusta\" \/>\n<meta property=\"og:description\" content=\"K\u00e4tev\u00e4 jalusta tulipes\u00e4lle Nuotiopannun jalusta on k\u00e4tev\u00e4 alusta nuotiopannulle tai ulkokynttil\u00e4lle. Suoraan nurmikolle sijoitettuna tulitynnyri voi\" \/>\n<meta property=\"og:url\" content=\"https:\/\/rodoaed.ee\/fi\/toode\/tuliastia-ja-ulkokynttilanjalusta\/\" \/>\n<meta property=\"og:site_name\" content=\"Rodoaed\" \/>\n<meta property=\"article:publisher\" content=\"https:\/\/www.facebook.com\/kasvuhooned\/\" \/>\n<meta property=\"article:modified_time\" content=\"2026-04-13T07:55:57+00:00\" \/>\n<meta property=\"og:image\" content=\"https:\/\/rodoaed.ee\/wp-content\/uploads\/2020\/11\/tulepoti-ja-ouekuunla-alus_FF167_02.png\" \/>\n\t<meta property=\"og:image:width\" content=\"1240\" \/>\n\t<meta property=\"og:image:height\" content=\"1240\" \/>\n\t<meta property=\"og:image:type\" content=\"image\/png\" \/>\n<meta name=\"twitter:card\" content=\"summary_large_image\" \/>\n<script type=\"application\/ld+json\" class=\"yoast-schema-graph\">{\"@context\":\"https:\\\/\\\/schema.org\",\"@graph\":[{\"@type\":\"WebPage\",\"@id\":\"https:\\\/\\\/rodoaed.ee\\\/fi\\\/toode\\\/tuliastia-ja-ulkokynttilanjalusta\\\/\",\"url\":\"https:\\\/\\\/rodoaed.ee\\\/fi\\\/toode\\\/tuliastia-ja-ulkokynttilanjalusta\\\/\",\"name\":\"Tuliastia ja ulkokynttil\u00e4njalusta - Rodoaed\",\"isPartOf\":{\"@id\":\"https:\\\/\\\/rodoaed.ee\\\/#website\"},\"primaryImageOfPage\":{\"@id\":\"https:\\\/\\\/rodoaed.ee\\\/fi\\\/toode\\\/tuliastia-ja-ulkokynttilanjalusta\\\/#primaryimage\"},\"image\":{\"@id\":\"https:\\\/\\\/rodoaed.ee\\\/fi\\\/toode\\\/tuliastia-ja-ulkokynttilanjalusta\\\/#primaryimage\"},\"thumbnailUrl\":\"https:\\\/\\\/rodoaed.ee\\\/wp-content\\\/uploads\\\/2020\\\/11\\\/tulepoti-ja-ouekuunla-alus_FF167_02.png\",\"datePublished\":\"2020-11-04T14:35:03+00:00\",\"dateModified\":\"2026-04-13T07:55:57+00:00\",\"breadcrumb\":{\"@id\":\"https:\\\/\\\/rodoaed.ee\\\/fi\\\/toode\\\/tuliastia-ja-ulkokynttilanjalusta\\\/#breadcrumb\"},\"inLanguage\":\"fi\",\"potentialAction\":[{\"@type\":\"ReadAction\",\"target\":[\"https:\\\/\\\/rodoaed.ee\\\/fi\\\/toode\\\/tuliastia-ja-ulkokynttilanjalusta\\\/\"]}]},{\"@type\":\"ImageObject\",\"inLanguage\":\"fi\",\"@id\":\"https:\\\/\\\/rodoaed.ee\\\/fi\\\/toode\\\/tuliastia-ja-ulkokynttilanjalusta\\\/#primaryimage\",\"url\":\"https:\\\/\\\/rodoaed.ee\\\/wp-content\\\/uploads\\\/2020\\\/11\\\/tulepoti-ja-ouekuunla-alus_FF167_02.png\",\"contentUrl\":\"https:\\\/\\\/rodoaed.ee\\\/wp-content\\\/uploads\\\/2020\\\/11\\\/tulepoti-ja-ouekuunla-alus_FF167_02.png\",\"width\":1240,\"height\":1240},{\"@type\":\"BreadcrumbList\",\"@id\":\"https:\\\/\\\/rodoaed.ee\\\/fi\\\/toode\\\/tuliastia-ja-ulkokynttilanjalusta\\\/#breadcrumb\",\"itemListElement\":[{\"@type\":\"ListItem\",\"position\":1,\"name\":\"Home\",\"item\":\"https:\\\/\\\/rodoaed.ee\\\/fi\\\/\"},{\"@type\":\"ListItem\",\"position\":2,\"name\":\"Osta osoitteessa\",\"item\":\"https:\\\/\\\/rodoaed.ee\\\/osta-osoitteessa\\\/\"},{\"@type\":\"ListItem\",\"position\":3,\"name\":\"Tuliastia ja ulkokynttil\u00e4njalusta\"}]},{\"@type\":\"WebSite\",\"@id\":\"https:\\\/\\\/rodoaed.ee\\\/#website\",\"url\":\"https:\\\/\\\/rodoaed.ee\\\/\",\"name\":\"Rodoaed\",\"description\":\"\",\"publisher\":{\"@id\":\"https:\\\/\\\/rodoaed.ee\\\/#organization\"},\"potentialAction\":[{\"@type\":\"SearchAction\",\"target\":{\"@type\":\"EntryPoint\",\"urlTemplate\":\"https:\\\/\\\/rodoaed.ee\\\/?s={search_term_string}\"},\"query-input\":{\"@type\":\"PropertyValueSpecification\",\"valueRequired\":true,\"valueName\":\"search_term_string\"}}],\"inLanguage\":\"fi\"},{\"@type\":\"Organization\",\"@id\":\"https:\\\/\\\/rodoaed.ee\\\/#organization\",\"name\":\"Rodoaed\",\"url\":\"https:\\\/\\\/rodoaed.ee\\\/\",\"logo\":{\"@type\":\"ImageObject\",\"inLanguage\":\"fi\",\"@id\":\"https:\\\/\\\/rodoaed.ee\\\/#\\\/schema\\\/logo\\\/image\\\/\",\"url\":\"https:\\\/\\\/rodoaed.ee\\\/wp-content\\\/uploads\\\/2019\\\/11\\\/rodoaed-logo-ilma-taustata.jpg\",\"contentUrl\":\"https:\\\/\\\/rodoaed.ee\\\/wp-content\\\/uploads\\\/2019\\\/11\\\/rodoaed-logo-ilma-taustata.jpg\",\"width\":769,\"height\":268,\"caption\":\"Rodoaed\"},\"image\":{\"@id\":\"https:\\\/\\\/rodoaed.ee\\\/#\\\/schema\\\/logo\\\/image\\\/\"},\"sameAs\":[\"https:\\\/\\\/www.facebook.com\\\/kasvuhooned\\\/\",\"https:\\\/\\\/rodoaed.ee\"]}]}<\/script>\n<!-- \/ Yoast SEO Premium plugin. -->","yoast_head_json":{"title":"Tuliastia ja ulkokynttil\u00e4njalusta - Rodoaed","robots":{"index":"index","follow":"follow","max-snippet":"max-snippet:-1","max-image-preview":"max-image-preview:large","max-video-preview":"max-video-preview:-1"},"canonical":"https:\/\/rodoaed.ee\/fi\/toode\/tuliastia-ja-ulkokynttilanjalusta\/","og_locale":"fi_FI","og_type":"article","og_title":"Tuliastia ja ulkokynttil\u00e4njalusta","og_description":"K\u00e4tev\u00e4 jalusta tulipes\u00e4lle Nuotiopannun jalusta on k\u00e4tev\u00e4 alusta nuotiopannulle tai ulkokynttil\u00e4lle. Suoraan nurmikolle sijoitettuna tulitynnyri voi","og_url":"https:\/\/rodoaed.ee\/fi\/toode\/tuliastia-ja-ulkokynttilanjalusta\/","og_site_name":"Rodoaed","article_publisher":"https:\/\/www.facebook.com\/kasvuhooned\/","article_modified_time":"2026-04-13T07:55:57+00:00","og_image":[{"width":1240,"height":1240,"url":"https:\/\/rodoaed.ee\/wp-content\/uploads\/2020\/11\/tulepoti-ja-ouekuunla-alus_FF167_02.png","type":"image\/png"}],"twitter_card":"summary_large_image","schema":{"@context":"https:\/\/schema.org","@graph":[{"@type":"WebPage","@id":"https:\/\/rodoaed.ee\/fi\/toode\/tuliastia-ja-ulkokynttilanjalusta\/","url":"https:\/\/rodoaed.ee\/fi\/toode\/tuliastia-ja-ulkokynttilanjalusta\/","name":"Tuliastia ja ulkokynttil\u00e4njalusta - Rodoaed","isPartOf":{"@id":"https:\/\/rodoaed.ee\/#website"},"primaryImageOfPage":{"@id":"https:\/\/rodoaed.ee\/fi\/toode\/tuliastia-ja-ulkokynttilanjalusta\/#primaryimage"},"image":{"@id":"https:\/\/rodoaed.ee\/fi\/toode\/tuliastia-ja-ulkokynttilanjalusta\/#primaryimage"},"thumbnailUrl":"https:\/\/rodoaed.ee\/wp-content\/uploads\/2020\/11\/tulepoti-ja-ouekuunla-alus_FF167_02.png","datePublished":"2020-11-04T14:35:03+00:00","dateModified":"2026-04-13T07:55:57+00:00","breadcrumb":{"@id":"https:\/\/rodoaed.ee\/fi\/toode\/tuliastia-ja-ulkokynttilanjalusta\/#breadcrumb"},"inLanguage":"fi","potentialAction":[{"@type":"ReadAction","target":["https:\/\/rodoaed.ee\/fi\/toode\/tuliastia-ja-ulkokynttilanjalusta\/"]}]},{"@type":"ImageObject","inLanguage":"fi","@id":"https:\/\/rodoaed.ee\/fi\/toode\/tuliastia-ja-ulkokynttilanjalusta\/#primaryimage","url":"https:\/\/rodoaed.ee\/wp-content\/uploads\/2020\/11\/tulepoti-ja-ouekuunla-alus_FF167_02.png","contentUrl":"https:\/\/rodoaed.ee\/wp-content\/uploads\/2020\/11\/tulepoti-ja-ouekuunla-alus_FF167_02.png","width":1240,"height":1240},{"@type":"BreadcrumbList","@id":"https:\/\/rodoaed.ee\/fi\/toode\/tuliastia-ja-ulkokynttilanjalusta\/#breadcrumb","itemListElement":[{"@type":"ListItem","position":1,"name":"Home","item":"https:\/\/rodoaed.ee\/fi\/"},{"@type":"ListItem","position":2,"name":"Osta osoitteessa","item":"https:\/\/rodoaed.ee\/osta-osoitteessa\/"},{"@type":"ListItem","position":3,"name":"Tuliastia ja ulkokynttil\u00e4njalusta"}]},{"@type":"WebSite","@id":"https:\/\/rodoaed.ee\/#website","url":"https:\/\/rodoaed.ee\/","name":"Rodoaed","description":"","publisher":{"@id":"https:\/\/rodoaed.ee\/#organization"},"potentialAction":[{"@type":"SearchAction","target":{"@type":"EntryPoint","urlTemplate":"https:\/\/rodoaed.ee\/?s={search_term_string}"},"query-input":{"@type":"PropertyValueSpecification","valueRequired":true,"valueName":"search_term_string"}}],"inLanguage":"fi"},{"@type":"Organization","@id":"https:\/\/rodoaed.ee\/#organization","name":"Rodoaed","url":"https:\/\/rodoaed.ee\/","logo":{"@type":"ImageObject","inLanguage":"fi","@id":"https:\/\/rodoaed.ee\/#\/schema\/logo\/image\/","url":"https:\/\/rodoaed.ee\/wp-content\/uploads\/2019\/11\/rodoaed-logo-ilma-taustata.jpg","contentUrl":"https:\/\/rodoaed.ee\/wp-content\/uploads\/2019\/11\/rodoaed-logo-ilma-taustata.jpg","width":769,"height":268,"caption":"Rodoaed"},"image":{"@id":"https:\/\/rodoaed.ee\/#\/schema\/logo\/image\/"},"sameAs":["https:\/\/www.facebook.com\/kasvuhooned\/","https:\/\/rodoaed.ee"]}]}},"_links":{"self":[{"href":"https:\/\/rodoaed.ee\/fi\/wp-json\/wp\/v2\/product\/52844","targetHints":{"allow":["GET"]}}],"collection":[{"href":"https:\/\/rodoaed.ee\/fi\/wp-json\/wp\/v2\/product"}],"about":[{"href":"https:\/\/rodoaed.ee\/fi\/wp-json\/wp\/v2\/types\/product"}],"wp:featuredmedia":[{"embeddable":true,"href":"https:\/\/rodoaed.ee\/fi\/wp-json\/wp\/v2\/media\/34957"}],"wp:attachment":[{"href":"https:\/\/rodoaed.ee\/fi\/wp-json\/wp\/v2\/media?parent=52844"}],"wp:term":[{"taxonomy":"product_brand","embeddable":true,"href":"https:\/\/rodoaed.ee\/fi\/wp-json\/wp\/v2\/product_brand?post=52844"},{"taxonomy":"product_cat","embeddable":true,"href":"https:\/\/rodoaed.ee\/fi\/wp-json\/wp\/v2\/product_cat?post=52844"},{"taxonomy":"product_tag","embeddable":true,"href":"https:\/\/rodoaed.ee\/fi\/wp-json\/wp\/v2\/product_tag?post=52844"}],"curies":[{"name":"wp","href":"https:\/\/api.w.org\/{rel}","templated":true}]}}