{"id":52845,"date":"2020-11-26T19:13:07","date_gmt":"2020-11-26T17:13:07","guid":{"rendered":"https:\/\/rodoaed.ee\/toode\/3x-firepot-jalkojen-alla\/"},"modified":"2026-04-13T10:55:57","modified_gmt":"2026-04-13T07:55:57","slug":"3x-firepot-jalkojen-alla","status":"publish","type":"product","link":"https:\/\/rodoaed.ee\/fi\/tuote\/3x-firepot-jalkojen-alla\/","title":{"rendered":"3x Firepot + jalkojen alla"},"content":{"rendered":"<h2>3 x tulipes\u00e4 jalustalla &#8211; mainospakkaus<\/h2>\n<h2>Todellinen el\u00e4mys puutarhassa<\/h2>\n<p>T\u00e4m\u00e4 oljista ja vahasta valmistettu keraaminen palopannu on todellinen puutarhan palosammutin. Se luo heti viihtyis\u00e4n tunnelman puutarhaan. K\u00e4yt\u00e4 sit\u00e4 aina, kun odotat vieraita tai haluat nauttia el\u00e4v\u00e4st\u00e4 nuotiosta perheesi kanssa. K\u00e4yt\u00e4 kes\u00e4ll\u00e4, syksyll\u00e4 ja talvella. Erityisen viihtyis\u00e4 vaihtelu pime\u00e4\u00e4n syksyyn.    <\/p>\n<p>Keraaminen ruukku t\u00e4ytet\u00e4\u00e4n vahan ja olkien seoksella niin, ett\u00e4 tuli levi\u00e4\u00e4 koko ruukun leveydelle. T\u00e4rkein ero tavalliseen ulkokynttil\u00e4\u00e4n verrattuna on se, ett\u00e4 se palaa n\u00e4ytt\u00e4v\u00e4sti eloisalla liekill\u00e4 kuin soihtu, ja antaa <\/p>\n<p>K\u00e4tevint\u00e4 k\u00e4ytt\u00e4\u00e4 tulipes\u00e4n jalustan kanssa tai tulipes\u00e4korissa. Paloaika riippuu s\u00e4\u00e4st\u00e4 ja tuulesta, mutta on noin 2 tuntia. Liekin korkeus on noin 30 cm ja se on vaarallinen, jos se j\u00e4tet\u00e4\u00e4n yksin. K\u00e4yt\u00e4 vain ulkona ja puutarhassa, ei koskaan sis\u00e4tiloissa.   <\/p>\n<ul>\n<li>palamisaika noin 2 tuntia<\/li>\n<li>Ihanteellinen k\u00e4ytett\u00e4v\u00e4ksi FF167-alustan tai FF466-tulipes\u00e4n kanssa.<\/li>\n<\/ul>\n<h2>T\u00e4rkeimm\u00e4t ominaisuudet:<\/h2>\n<p><b>Materiaali: <\/b>keraaminen ruukku, olki ja vaha.<\/p>\n<p><b>Mitat: <\/b>L 15,5 x L 15,5 x K 7,5 cm.<\/p>\n<p><strong>Paino:<\/strong> 3 x 780 g<\/p>\n<p><strong>Setti sis\u00e4lt\u00e4\u00e4:<\/strong> 3 x tulipes\u00e4 ja jalusta.<\/p>\n<p>&nbsp;<\/p>\n<p><a href=\"https:\/\/rodoaed.ee\/fi\/tootekategooria\/linnaillalliset-ja-linnan-ravintolat\/\">aloita<\/a><\/p>\n","protected":false},"excerpt":{"rendered":"<p>3 x tulipes\u00e4 jalustalla &#8211; mainospakkaus Todellinen el\u00e4mys puutarhassa T\u00e4m\u00e4 oljista ja vahasta valmistettu keraaminen palopannu on todellinen puutarhan palosammutin. Se luo heti viihtyis\u00e4n tunnelman puutarhaan. K\u00e4yt\u00e4 sit\u00e4 aina, kun odotat vieraita tai haluat nauttia el\u00e4v\u00e4st\u00e4 nuotiosta perheesi kanssa. K\u00e4yt\u00e4 kes\u00e4ll\u00e4, syksyll\u00e4 ja talvella. Erityisen viihtyis\u00e4 vaihtelu pime\u00e4\u00e4n syksyyn. Keraaminen ruukku t\u00e4ytet\u00e4\u00e4n vahan ja olkien seoksella niin, ett\u00e4 tuli levi\u00e4\u00e4 koko ruukun leveydelle. T\u00e4rkein ero&#8230;<\/p>\n","protected":false},"featured_media":34960,"template":"","meta":{"_acf_changed":false},"product_brand":[],"product_cat":[1752,1745,1932],"product_tag":[],"class_list":{"0":"post-52845","1":"product","2":"type-product","3":"status-publish","4":"has-post-thumbnail","6":"product_cat-puutarha-ja-piha","7":"product_cat-suuri-varaston-tyhjennysmyynti","8":"product_cat-tulisijat-ja-takat","9":"product_shipping_class-toimitus-1-3-tyopaivan-kuluessa","10":"pa_variatsioon-20-dining-house-latern-1l","12":"first","13":"instock","14":"sale","15":"taxable","16":"shipping-taxable","17":"purchasable","18":"product-type-simple"},"acf":[],"yoast_head":"<!-- This site is optimized with the Yoast SEO Premium plugin v27.3 (Yoast SEO v27.3) - https:\/\/yoast.com\/product\/yoast-seo-premium-wordpress\/ -->\n<title>3x Firepot + jalkojen alla - Rodoaed<\/title>\n<meta name=\"robots\" content=\"index, follow, max-snippet:-1, max-image-preview:large, max-video-preview:-1\" \/>\n<link rel=\"canonical\" href=\"https:\/\/rodoaed.ee\/fi\/toode\/3x-firepot-jalkojen-alla\/\" \/>\n<meta property=\"og:locale\" content=\"fi_FI\" \/>\n<meta property=\"og:type\" content=\"article\" \/>\n<meta property=\"og:title\" content=\"3x Firepot + jalkojen alla\" \/>\n<meta property=\"og:description\" content=\"3 x tulipes\u00e4 jalustalla - mainospakkaus Todellinen el\u00e4mys puutarhassa T\u00e4m\u00e4 oljista ja vahasta valmistettu keraaminen palopannu on todellinen puutarhan\" \/>\n<meta property=\"og:url\" content=\"https:\/\/rodoaed.ee\/fi\/toode\/3x-firepot-jalkojen-alla\/\" \/>\n<meta property=\"og:site_name\" content=\"Rodoaed\" \/>\n<meta property=\"article:publisher\" content=\"https:\/\/www.facebook.com\/kasvuhooned\/\" \/>\n<meta property=\"article:modified_time\" content=\"2026-04-13T07:55:57+00:00\" \/>\n<meta property=\"og:image\" content=\"https:\/\/rodoaed.ee\/wp-content\/uploads\/2020\/11\/tulepoti-ja-ouekuunla-alus_FF167_01.png\" \/>\n\t<meta property=\"og:image:width\" content=\"1240\" \/>\n\t<meta property=\"og:image:height\" content=\"1240\" \/>\n\t<meta property=\"og:image:type\" content=\"image\/png\" \/>\n<meta name=\"twitter:card\" content=\"summary_large_image\" \/>\n<meta name=\"twitter:label1\" content=\"Arvioitu lukuaika\" \/>\n\t<meta name=\"twitter:data1\" content=\"1 minuutti\" \/>\n<script type=\"application\/ld+json\" class=\"yoast-schema-graph\">{\"@context\":\"https:\\\/\\\/schema.org\",\"@graph\":[{\"@type\":\"WebPage\",\"@id\":\"https:\\\/\\\/rodoaed.ee\\\/fi\\\/toode\\\/3x-firepot-jalkojen-alla\\\/\",\"url\":\"https:\\\/\\\/rodoaed.ee\\\/fi\\\/toode\\\/3x-firepot-jalkojen-alla\\\/\",\"name\":\"3x Firepot + jalkojen alla - Rodoaed\",\"isPartOf\":{\"@id\":\"https:\\\/\\\/rodoaed.ee\\\/#website\"},\"primaryImageOfPage\":{\"@id\":\"https:\\\/\\\/rodoaed.ee\\\/fi\\\/toode\\\/3x-firepot-jalkojen-alla\\\/#primaryimage\"},\"image\":{\"@id\":\"https:\\\/\\\/rodoaed.ee\\\/fi\\\/toode\\\/3x-firepot-jalkojen-alla\\\/#primaryimage\"},\"thumbnailUrl\":\"https:\\\/\\\/rodoaed.ee\\\/wp-content\\\/uploads\\\/2020\\\/11\\\/tulepoti-ja-ouekuunla-alus_FF167_01.png\",\"datePublished\":\"2020-11-26T17:13:07+00:00\",\"dateModified\":\"2026-04-13T07:55:57+00:00\",\"breadcrumb\":{\"@id\":\"https:\\\/\\\/rodoaed.ee\\\/fi\\\/toode\\\/3x-firepot-jalkojen-alla\\\/#breadcrumb\"},\"inLanguage\":\"fi\",\"potentialAction\":[{\"@type\":\"ReadAction\",\"target\":[\"https:\\\/\\\/rodoaed.ee\\\/fi\\\/toode\\\/3x-firepot-jalkojen-alla\\\/\"]}]},{\"@type\":\"ImageObject\",\"inLanguage\":\"fi\",\"@id\":\"https:\\\/\\\/rodoaed.ee\\\/fi\\\/toode\\\/3x-firepot-jalkojen-alla\\\/#primaryimage\",\"url\":\"https:\\\/\\\/rodoaed.ee\\\/wp-content\\\/uploads\\\/2020\\\/11\\\/tulepoti-ja-ouekuunla-alus_FF167_01.png\",\"contentUrl\":\"https:\\\/\\\/rodoaed.ee\\\/wp-content\\\/uploads\\\/2020\\\/11\\\/tulepoti-ja-ouekuunla-alus_FF167_01.png\",\"width\":1240,\"height\":1240},{\"@type\":\"BreadcrumbList\",\"@id\":\"https:\\\/\\\/rodoaed.ee\\\/fi\\\/toode\\\/3x-firepot-jalkojen-alla\\\/#breadcrumb\",\"itemListElement\":[{\"@type\":\"ListItem\",\"position\":1,\"name\":\"Home\",\"item\":\"https:\\\/\\\/rodoaed.ee\\\/fi\\\/\"},{\"@type\":\"ListItem\",\"position\":2,\"name\":\"Osta osoitteessa\",\"item\":\"https:\\\/\\\/rodoaed.ee\\\/osta-osoitteessa\\\/\"},{\"@type\":\"ListItem\",\"position\":3,\"name\":\"3x Firepot + jalkojen alla\"}]},{\"@type\":\"WebSite\",\"@id\":\"https:\\\/\\\/rodoaed.ee\\\/#website\",\"url\":\"https:\\\/\\\/rodoaed.ee\\\/\",\"name\":\"Rodoaed\",\"description\":\"\",\"publisher\":{\"@id\":\"https:\\\/\\\/rodoaed.ee\\\/#organization\"},\"potentialAction\":[{\"@type\":\"SearchAction\",\"target\":{\"@type\":\"EntryPoint\",\"urlTemplate\":\"https:\\\/\\\/rodoaed.ee\\\/?s={search_term_string}\"},\"query-input\":{\"@type\":\"PropertyValueSpecification\",\"valueRequired\":true,\"valueName\":\"search_term_string\"}}],\"inLanguage\":\"fi\"},{\"@type\":\"Organization\",\"@id\":\"https:\\\/\\\/rodoaed.ee\\\/#organization\",\"name\":\"Rodoaed\",\"url\":\"https:\\\/\\\/rodoaed.ee\\\/\",\"logo\":{\"@type\":\"ImageObject\",\"inLanguage\":\"fi\",\"@id\":\"https:\\\/\\\/rodoaed.ee\\\/#\\\/schema\\\/logo\\\/image\\\/\",\"url\":\"https:\\\/\\\/rodoaed.ee\\\/wp-content\\\/uploads\\\/2019\\\/11\\\/rodoaed-logo-ilma-taustata.jpg\",\"contentUrl\":\"https:\\\/\\\/rodoaed.ee\\\/wp-content\\\/uploads\\\/2019\\\/11\\\/rodoaed-logo-ilma-taustata.jpg\",\"width\":769,\"height\":268,\"caption\":\"Rodoaed\"},\"image\":{\"@id\":\"https:\\\/\\\/rodoaed.ee\\\/#\\\/schema\\\/logo\\\/image\\\/\"},\"sameAs\":[\"https:\\\/\\\/www.facebook.com\\\/kasvuhooned\\\/\",\"https:\\\/\\\/rodoaed.ee\"]}]}<\/script>\n<!-- \/ Yoast SEO Premium plugin. -->","yoast_head_json":{"title":"3x Firepot + jalkojen alla - Rodoaed","robots":{"index":"index","follow":"follow","max-snippet":"max-snippet:-1","max-image-preview":"max-image-preview:large","max-video-preview":"max-video-preview:-1"},"canonical":"https:\/\/rodoaed.ee\/fi\/toode\/3x-firepot-jalkojen-alla\/","og_locale":"fi_FI","og_type":"article","og_title":"3x Firepot + jalkojen alla","og_description":"3 x tulipes\u00e4 jalustalla - mainospakkaus Todellinen el\u00e4mys puutarhassa T\u00e4m\u00e4 oljista ja vahasta valmistettu keraaminen palopannu on todellinen puutarhan","og_url":"https:\/\/rodoaed.ee\/fi\/toode\/3x-firepot-jalkojen-alla\/","og_site_name":"Rodoaed","article_publisher":"https:\/\/www.facebook.com\/kasvuhooned\/","article_modified_time":"2026-04-13T07:55:57+00:00","og_image":[{"width":1240,"height":1240,"url":"https:\/\/rodoaed.ee\/wp-content\/uploads\/2020\/11\/tulepoti-ja-ouekuunla-alus_FF167_01.png","type":"image\/png"}],"twitter_card":"summary_large_image","twitter_misc":{"Arvioitu lukuaika":"1 minuutti"},"schema":{"@context":"https:\/\/schema.org","@graph":[{"@type":"WebPage","@id":"https:\/\/rodoaed.ee\/fi\/toode\/3x-firepot-jalkojen-alla\/","url":"https:\/\/rodoaed.ee\/fi\/toode\/3x-firepot-jalkojen-alla\/","name":"3x Firepot + jalkojen alla - Rodoaed","isPartOf":{"@id":"https:\/\/rodoaed.ee\/#website"},"primaryImageOfPage":{"@id":"https:\/\/rodoaed.ee\/fi\/toode\/3x-firepot-jalkojen-alla\/#primaryimage"},"image":{"@id":"https:\/\/rodoaed.ee\/fi\/toode\/3x-firepot-jalkojen-alla\/#primaryimage"},"thumbnailUrl":"https:\/\/rodoaed.ee\/wp-content\/uploads\/2020\/11\/tulepoti-ja-ouekuunla-alus_FF167_01.png","datePublished":"2020-11-26T17:13:07+00:00","dateModified":"2026-04-13T07:55:57+00:00","breadcrumb":{"@id":"https:\/\/rodoaed.ee\/fi\/toode\/3x-firepot-jalkojen-alla\/#breadcrumb"},"inLanguage":"fi","potentialAction":[{"@type":"ReadAction","target":["https:\/\/rodoaed.ee\/fi\/toode\/3x-firepot-jalkojen-alla\/"]}]},{"@type":"ImageObject","inLanguage":"fi","@id":"https:\/\/rodoaed.ee\/fi\/toode\/3x-firepot-jalkojen-alla\/#primaryimage","url":"https:\/\/rodoaed.ee\/wp-content\/uploads\/2020\/11\/tulepoti-ja-ouekuunla-alus_FF167_01.png","contentUrl":"https:\/\/rodoaed.ee\/wp-content\/uploads\/2020\/11\/tulepoti-ja-ouekuunla-alus_FF167_01.png","width":1240,"height":1240},{"@type":"BreadcrumbList","@id":"https:\/\/rodoaed.ee\/fi\/toode\/3x-firepot-jalkojen-alla\/#breadcrumb","itemListElement":[{"@type":"ListItem","position":1,"name":"Home","item":"https:\/\/rodoaed.ee\/fi\/"},{"@type":"ListItem","position":2,"name":"Osta osoitteessa","item":"https:\/\/rodoaed.ee\/osta-osoitteessa\/"},{"@type":"ListItem","position":3,"name":"3x Firepot + jalkojen alla"}]},{"@type":"WebSite","@id":"https:\/\/rodoaed.ee\/#website","url":"https:\/\/rodoaed.ee\/","name":"Rodoaed","description":"","publisher":{"@id":"https:\/\/rodoaed.ee\/#organization"},"potentialAction":[{"@type":"SearchAction","target":{"@type":"EntryPoint","urlTemplate":"https:\/\/rodoaed.ee\/?s={search_term_string}"},"query-input":{"@type":"PropertyValueSpecification","valueRequired":true,"valueName":"search_term_string"}}],"inLanguage":"fi"},{"@type":"Organization","@id":"https:\/\/rodoaed.ee\/#organization","name":"Rodoaed","url":"https:\/\/rodoaed.ee\/","logo":{"@type":"ImageObject","inLanguage":"fi","@id":"https:\/\/rodoaed.ee\/#\/schema\/logo\/image\/","url":"https:\/\/rodoaed.ee\/wp-content\/uploads\/2019\/11\/rodoaed-logo-ilma-taustata.jpg","contentUrl":"https:\/\/rodoaed.ee\/wp-content\/uploads\/2019\/11\/rodoaed-logo-ilma-taustata.jpg","width":769,"height":268,"caption":"Rodoaed"},"image":{"@id":"https:\/\/rodoaed.ee\/#\/schema\/logo\/image\/"},"sameAs":["https:\/\/www.facebook.com\/kasvuhooned\/","https:\/\/rodoaed.ee"]}]}},"_links":{"self":[{"href":"https:\/\/rodoaed.ee\/fi\/wp-json\/wp\/v2\/product\/52845","targetHints":{"allow":["GET"]}}],"collection":[{"href":"https:\/\/rodoaed.ee\/fi\/wp-json\/wp\/v2\/product"}],"about":[{"href":"https:\/\/rodoaed.ee\/fi\/wp-json\/wp\/v2\/types\/product"}],"wp:featuredmedia":[{"embeddable":true,"href":"https:\/\/rodoaed.ee\/fi\/wp-json\/wp\/v2\/media\/34960"}],"wp:attachment":[{"href":"https:\/\/rodoaed.ee\/fi\/wp-json\/wp\/v2\/media?parent=52845"}],"wp:term":[{"taxonomy":"product_brand","embeddable":true,"href":"https:\/\/rodoaed.ee\/fi\/wp-json\/wp\/v2\/product_brand?post=52845"},{"taxonomy":"product_cat","embeddable":true,"href":"https:\/\/rodoaed.ee\/fi\/wp-json\/wp\/v2\/product_cat?post=52845"},{"taxonomy":"product_tag","embeddable":true,"href":"https:\/\/rodoaed.ee\/fi\/wp-json\/wp\/v2\/product_tag?post=52845"}],"curies":[{"name":"wp","href":"https:\/\/api.w.org\/{rel}","templated":true}]}}