{"id":52847,"date":"2020-12-05T16:27:12","date_gmt":"2020-12-05T14:27:12","guid":{"rendered":"https:\/\/rodoaed.ee\/toode\/pesalaatikko-2m-ft-jossa-on-32-mmn-aukko-vihrea\/"},"modified":"2026-04-13T10:56:01","modified_gmt":"2026-04-13T07:56:01","slug":"pesalaatikko-2m-ft-jossa-on-32-mmn-aukko-vihrea","status":"publish","type":"product","link":"https:\/\/rodoaed.ee\/fi\/tuote\/pesalaatikko-2m-ft-jossa-on-32-mmn-aukko-vihrea\/","title":{"rendered":"Pes\u00e4laatikko 2M\/FT, jossa on 32 mm:n aukko &#8211; vihre\u00e4"},"content":{"rendered":"<p><strong>Nest Box 2M on kehitetty erityisesti asennettavaksi yksityisiin puutarhoihin ja hedelm\u00e4puutarhoihin, sill\u00e4 se voidaan kiinnitt\u00e4\u00e4 suoraan hedelm\u00e4puiden oksiin eik\u00e4 se vaadi suuria puita. 2 metrin pes\u00e4laatikko on my\u00f6s kissa- ja petoel\u00e4insuojattu roikkumisasentonsa ansiosta. <\/strong><\/p>\n<p>T\u00e4m\u00e4n pes\u00e4laatikon haudontakammion halkaisija on 12 cm.<\/p>\n<p>Vapaasti riippuva kiinnitys ja kartiomainen katto tekev\u00e4t t\u00e4st\u00e4 mallista eritt\u00e4in hyvin kissoilta ja jyrsij\u00f6ilt\u00e4 suojatun p\u00f6ntt\u00f6laatikon. Se on eritt\u00e4in suosittu ja k\u00e4yt\u00e4nn\u00f6llinen pes\u00e4laatikko yksityisiin puutarhoihin ja erityisesti hedelm\u00e4puiden puutarhoihin, sill\u00e4 se voidaan ripustaa suoraan oksille. Puutarhoissa ja hedelm\u00e4tarhoissa ei useinkaan ole korkeita puita, joissa on vapaat rungot, joten sen kiinnitt\u00e4minen oksaan on eritt\u00e4in k\u00e4tev\u00e4\u00e4. T\u00e4t\u00e4 pes\u00e4kotelomallia ei ole suunniteltu kiinnitett\u00e4v\u00e4ksi suoraan puun runkoon.   <\/p>\n<p>T\u00e4m\u00e4n pistorasian ja mallin 1B etupaneelit ovat vaihdettavissa kesken\u00e4\u00e4n. Eri kokoisten lentoaukkojen etupaneeleita voidaan yhdistell\u00e4 tietyn alueen pes\u00e4paikkoja eniten tarvitsevien lajien tarpeiden mukaan. <\/p>\n<p>Koska 2M on suhteellisen massiivinen, se on my\u00f6s vakaa eik\u00e4 se heilahda k\u00e4yt\u00e4nn\u00f6ss\u00e4 lainkaan edes kovassa tuulessa. N\u00e4in kaikki liikkeet eiv\u00e4t h\u00e4iritse lintujen rauhaa tai h\u00e4iritse pesint\u00e4\u00e4. <\/p>\n<p><strong>Pes\u00e4laatikon asennus:<\/strong><\/p>\n<p><img loading=\"lazy\" decoding=\"async\" class=\"alignright wp-image-35188\" src=\"https:\/\/rodoaed.ee\/wp-content\/uploads\/2020\/12\/pesakast-FT_raam_113_1.jpg\" alt=\"\" width=\"250\" height=\"350\">FT-ripustuskehys kiinnitet\u00e4\u00e4n puunrunkoon tukevalla alumiininaulalla, ja pes\u00e4kotelo ripustetaan silmukkaan poisp\u00e4in puunrungosta. <\/p>\n<p><strong>Puhdistus ja tarkastus:<\/strong><\/p>\n<p>Helppo puhdistaa ja tarkastaa irrotettavan etupaneelin ansiosta<\/p>\n<p><strong>Materiaali:<\/strong><\/p>\n<p>SCHWEGLER ilmaa l\u00e4p\u00e4isev\u00e4 ja pitk\u00e4ik\u00e4inen puubetoni<\/p>\n<p><strong>Setti sis\u00e4lt\u00e4\u00e4:<\/strong><\/p>\n<ul>\n<li>Pes\u00e4laatikko, jossa on irrotettava etupaneeli<\/li>\n<li>Sinkitty ter\u00e4s ja porattu runko FT-kiinnitys &#8211; mets\u00e4taloushyv\u00e4ksyttyj\u00e4.<\/li>\n<\/ul>\n<p><strong>Rei\u00e4n koko: 32 mm<\/strong><\/p>\n<p><strong>Kuka t\u00e4ytt\u00e4\u00e4 pes\u00e4kotelon:<\/strong><\/p>\n<p><em><em>Valkoposkihanhi, sinihanhi, r\u00e4k\u00e4ttihanhi, mustaposkihanhi, pilkkihanhi, lepakkolintu, mets\u00e4viklo, mustapyrst\u00f6kirvinen ja kauluslintu, punarintainen puukiipij\u00e4, varpuslintu ja talovarpunen, lepakot.<\/em><\/em><\/p>\n<p><strong>Pes\u00e4kotelon paino: <\/strong>3,9 kg<\/p>\n<div data-fullscreen=\"disabled\" data-mode=\"normal\" data-oembed=\"1\" data-provider=\"youtube\" data-reset-after-played id=\"arve-youtube-gitbv3nu1z4\" class=\"arve\">\n<div class=\"arve-inner\">\n<div style=\"aspect-ratio:1140\/641\" class=\"arve-embed arve-embed--has-aspect-ratio\">\n<div class=\"arve-ar\" style=\"padding-top:56.228070%\"><\/div>\n<p>\t\t\t<iframe allow=\"accelerometer &apos;none&apos;;autoplay &apos;none&apos;;bluetooth &apos;none&apos;;browsing-topics &apos;none&apos;;camera &apos;none&apos;;clipboard-read &apos;none&apos;;clipboard-write;display-capture &apos;none&apos;;encrypted-media &apos;none&apos;;gamepad &apos;none&apos;;geolocation &apos;none&apos;;gyroscope &apos;none&apos;;hid &apos;none&apos;;identity-credentials-get &apos;none&apos;;idle-detection &apos;none&apos;;keyboard-map &apos;none&apos;;local-fonts;magnetometer &apos;none&apos;;microphone &apos;none&apos;;midi &apos;none&apos;;otp-credentials &apos;none&apos;;payment &apos;none&apos;;picture-in-picture;publickey-credentials-create &apos;none&apos;;publickey-credentials-get &apos;none&apos;;screen-wake-lock &apos;none&apos;;serial &apos;none&apos;;summarizer &apos;none&apos;;sync-xhr;usb &apos;none&apos;;web-share;window-management &apos;none&apos;;xr-spatial-tracking &apos;none&apos;;\" allowfullscreen=\"\" class=\"arve-iframe fitvidsignore\" credentialless data-arve=\"arve-youtube-gitbv3nu1z4\" data-lenis-prevent=\"\" data-src-no-ap=\"https:\/\/www.youtube-nocookie.com\/embed\/giTbv3nU1z4?feature=oembed&amp;iv_load_policy=3&amp;modestbranding=1&amp;rel=0&amp;autohide=1&amp;playsinline=0&amp;autoplay=0&amp;enablejsapi=1\" frameborder=\"0\" height=\"0\" loading=\"lazy\" name=\"\" referrerpolicy=\"strict-origin-when-cross-origin\" sandbox=\"allow-scripts allow-same-origin allow-presentation allow-popups allow-popups-to-escape-sandbox\" scrolling=\"no\" src=\"https:\/\/www.youtube-nocookie.com\/embed\/giTbv3nU1z4?feature=oembed&#038;iv_load_policy=3&#038;modestbranding=1&#038;rel=0&#038;autohide=1&#038;playsinline=0&#038;autoplay=0&#038;enablejsapi=1\" title=\"Pesakastid\" width=\"0\"><\/iframe><\/p><\/div>\n<\/p><\/div>\n<p>\t<script type=\"application\/ld+json\">{\"@context\":\"http:\\\/\\\/schema.org\\\/\",\"@id\":\"https:\\\/\\\/rodoaed.ee\\\/fi\\\/tuote\\\/pesalaatikko-2m-ft-jossa-on-32-mmn-aukko-vihrea\\\/#arve-youtube-gitbv3nu1z4\",\"type\":\"VideoObject\",\"embedURL\":\"https:\\\/\\\/www.youtube-nocookie.com\\\/embed\\\/giTbv3nU1z4?feature=oembed&iv_load_policy=3&modestbranding=1&rel=0&autohide=1&playsinline=0&autoplay=0&enablejsapi=1\",\"name\":\"Pesakastid\",\"thumbnailUrl\":\"https:\\\/\\\/i.ytimg.com\\\/vi\\\/giTbv3nU1z4\\\/hqdefault.jpg\",\"uploadDate\":\"2026-04-20T21:19:13+03:00\",\"author\":\"www.Rodoaed.ee\",\"description\":\"Nest Box 2M on kehitetty erityisesti asennettavaksi yksityisiin puutarhoihin ja hedelm\\u00e4puutarhoihin, sill\\u00e4 se voidaan kiinnitt\\u00e4\\u00e4 suoraan hedelm\\u00e4puiden oksiin eik\\u00e4 se vaadi suuria puita. 2 metrin pes\\u00e4laatikko on my\\u00f6s kissa- ja petoel\\u00e4insuojattu roikkumisasentonsa ansiosta. T\\u00e4m\\u00e4n pes\\u00e4laatikon haudonta\"}<\/script><\/p>\n<\/div>\n","protected":false},"excerpt":{"rendered":"<p>Nest Box 2M on kehitetty erityisesti asennettavaksi yksityisiin puutarhoihin ja hedelm\u00e4puutarhoihin, sill\u00e4 se voidaan kiinnitt\u00e4\u00e4 suoraan hedelm\u00e4puiden oksiin eik\u00e4 se vaadi suuria puita. 2 metrin pes\u00e4laatikko on my\u00f6s kissa- ja petoel\u00e4insuojattu roikkumisasentonsa ansiosta. T\u00e4m\u00e4n pes\u00e4laatikon haudontakammion halkaisija on 12 cm. Vapaasti riippuva kiinnitys ja kartiomainen katto tekev\u00e4t t\u00e4st\u00e4 mallista eritt\u00e4in hyvin kissoilta ja jyrsij\u00f6ilt\u00e4 suojatun p\u00f6ntt\u00f6laatikon. Se on eritt\u00e4in suosittu ja k\u00e4yt\u00e4nn\u00f6llinen pes\u00e4laatikko yksityisiin puutarhoihin&#8230;<\/p>\n","protected":false},"featured_media":18490,"template":"","meta":{"_acf_changed":false},"product_brand":[],"product_cat":[1935,1930,1851],"product_tag":[],"class_list":{"0":"post-52847","1":"product","2":"type-product","3":"status-publish","4":"has-post-thumbnail","6":"product_cat-harrastepuutarhan-pesalaatikot","7":"product_cat-pesakotelo-2m","8":"product_cat-pesakotelot","9":"pa_variatsioon-pesalaatikko-2m-fo-32mm-reika-ruskea-loppu-varastosta","11":"first","12":"instock","13":"sale","14":"taxable","15":"shipping-taxable","16":"purchasable","17":"product-type-simple"},"acf":[],"yoast_head":"<!-- This site is optimized with the Yoast SEO Premium plugin v27.3 (Yoast SEO v27.3) - https:\/\/yoast.com\/product\/yoast-seo-premium-wordpress\/ -->\n<title>Pes\u00e4laatikko 2M\/FT, jossa on 32 mm:n aukko - vihre\u00e4 - Rodoaed<\/title>\n<meta name=\"robots\" content=\"index, follow, max-snippet:-1, max-image-preview:large, max-video-preview:-1\" \/>\n<link rel=\"canonical\" href=\"https:\/\/rodoaed.ee\/fi\/toode\/pesalaatikko-2m-ft-jossa-on-32-mmn-aukko-vihrea\/\" \/>\n<meta property=\"og:locale\" content=\"fi_FI\" \/>\n<meta property=\"og:type\" content=\"article\" \/>\n<meta property=\"og:title\" content=\"Pes\u00e4laatikko 2M\/FT, jossa on 32 mm:n aukko - vihre\u00e4\" \/>\n<meta property=\"og:description\" content=\"Nest Box 2M on kehitetty erityisesti asennettavaksi yksityisiin puutarhoihin ja hedelm\u00e4puutarhoihin, sill\u00e4 se voidaan kiinnitt\u00e4\u00e4 suoraan hedelm\u00e4puiden\" \/>\n<meta property=\"og:url\" content=\"https:\/\/rodoaed.ee\/fi\/toode\/pesalaatikko-2m-ft-jossa-on-32-mmn-aukko-vihrea\/\" \/>\n<meta property=\"og:site_name\" content=\"Rodoaed\" \/>\n<meta property=\"article:publisher\" content=\"https:\/\/www.facebook.com\/kasvuhooned\/\" \/>\n<meta property=\"article:modified_time\" content=\"2026-04-13T07:56:01+00:00\" \/>\n<meta property=\"og:image\" content=\"https:\/\/rodoaed.ee\/wp-content\/uploads\/2019\/07\/Pesakast-2MFO_32mm-avaga.jpg\" \/>\n\t<meta property=\"og:image:width\" content=\"398\" \/>\n\t<meta property=\"og:image:height\" content=\"400\" \/>\n\t<meta property=\"og:image:type\" content=\"image\/jpeg\" \/>\n<meta name=\"twitter:card\" content=\"summary_large_image\" \/>\n<meta name=\"twitter:label1\" content=\"Arvioitu lukuaika\" \/>\n\t<meta name=\"twitter:data1\" content=\"1 minuutti\" \/>\n<script type=\"application\/ld+json\" class=\"yoast-schema-graph\">{\"@context\":\"https:\\\/\\\/schema.org\",\"@graph\":[{\"@type\":\"WebPage\",\"@id\":\"https:\\\/\\\/rodoaed.ee\\\/fi\\\/toode\\\/pesalaatikko-2m-ft-jossa-on-32-mmn-aukko-vihrea\\\/\",\"url\":\"https:\\\/\\\/rodoaed.ee\\\/fi\\\/toode\\\/pesalaatikko-2m-ft-jossa-on-32-mmn-aukko-vihrea\\\/\",\"name\":\"Pes\u00e4laatikko 2M\\\/FT, jossa on 32 mm:n aukko - vihre\u00e4 - Rodoaed\",\"isPartOf\":{\"@id\":\"https:\\\/\\\/rodoaed.ee\\\/#website\"},\"primaryImageOfPage\":{\"@id\":\"https:\\\/\\\/rodoaed.ee\\\/fi\\\/toode\\\/pesalaatikko-2m-ft-jossa-on-32-mmn-aukko-vihrea\\\/#primaryimage\"},\"image\":{\"@id\":\"https:\\\/\\\/rodoaed.ee\\\/fi\\\/toode\\\/pesalaatikko-2m-ft-jossa-on-32-mmn-aukko-vihrea\\\/#primaryimage\"},\"thumbnailUrl\":\"https:\\\/\\\/rodoaed.ee\\\/wp-content\\\/uploads\\\/2019\\\/07\\\/Pesakast-2MFO_32mm-avaga.jpg\",\"datePublished\":\"2020-12-05T14:27:12+00:00\",\"dateModified\":\"2026-04-13T07:56:01+00:00\",\"breadcrumb\":{\"@id\":\"https:\\\/\\\/rodoaed.ee\\\/fi\\\/toode\\\/pesalaatikko-2m-ft-jossa-on-32-mmn-aukko-vihrea\\\/#breadcrumb\"},\"inLanguage\":\"fi\",\"potentialAction\":[{\"@type\":\"ReadAction\",\"target\":[\"https:\\\/\\\/rodoaed.ee\\\/fi\\\/toode\\\/pesalaatikko-2m-ft-jossa-on-32-mmn-aukko-vihrea\\\/\"]}]},{\"@type\":\"ImageObject\",\"inLanguage\":\"fi\",\"@id\":\"https:\\\/\\\/rodoaed.ee\\\/fi\\\/toode\\\/pesalaatikko-2m-ft-jossa-on-32-mmn-aukko-vihrea\\\/#primaryimage\",\"url\":\"https:\\\/\\\/rodoaed.ee\\\/wp-content\\\/uploads\\\/2019\\\/07\\\/Pesakast-2MFO_32mm-avaga.jpg\",\"contentUrl\":\"https:\\\/\\\/rodoaed.ee\\\/wp-content\\\/uploads\\\/2019\\\/07\\\/Pesakast-2MFO_32mm-avaga.jpg\",\"width\":398,\"height\":400},{\"@type\":\"BreadcrumbList\",\"@id\":\"https:\\\/\\\/rodoaed.ee\\\/fi\\\/toode\\\/pesalaatikko-2m-ft-jossa-on-32-mmn-aukko-vihrea\\\/#breadcrumb\",\"itemListElement\":[{\"@type\":\"ListItem\",\"position\":1,\"name\":\"Home\",\"item\":\"https:\\\/\\\/rodoaed.ee\\\/fi\\\/\"},{\"@type\":\"ListItem\",\"position\":2,\"name\":\"Osta osoitteessa\",\"item\":\"https:\\\/\\\/rodoaed.ee\\\/osta-osoitteessa\\\/\"},{\"@type\":\"ListItem\",\"position\":3,\"name\":\"Pes\u00e4laatikko 2M\\\/FT, jossa on 32 mm:n aukko &#8211; vihre\u00e4\"}]},{\"@type\":\"WebSite\",\"@id\":\"https:\\\/\\\/rodoaed.ee\\\/#website\",\"url\":\"https:\\\/\\\/rodoaed.ee\\\/\",\"name\":\"Rodoaed\",\"description\":\"\",\"publisher\":{\"@id\":\"https:\\\/\\\/rodoaed.ee\\\/#organization\"},\"potentialAction\":[{\"@type\":\"SearchAction\",\"target\":{\"@type\":\"EntryPoint\",\"urlTemplate\":\"https:\\\/\\\/rodoaed.ee\\\/?s={search_term_string}\"},\"query-input\":{\"@type\":\"PropertyValueSpecification\",\"valueRequired\":true,\"valueName\":\"search_term_string\"}}],\"inLanguage\":\"fi\"},{\"@type\":\"Organization\",\"@id\":\"https:\\\/\\\/rodoaed.ee\\\/#organization\",\"name\":\"Rodoaed\",\"url\":\"https:\\\/\\\/rodoaed.ee\\\/\",\"logo\":{\"@type\":\"ImageObject\",\"inLanguage\":\"fi\",\"@id\":\"https:\\\/\\\/rodoaed.ee\\\/#\\\/schema\\\/logo\\\/image\\\/\",\"url\":\"https:\\\/\\\/rodoaed.ee\\\/wp-content\\\/uploads\\\/2019\\\/11\\\/rodoaed-logo-ilma-taustata.jpg\",\"contentUrl\":\"https:\\\/\\\/rodoaed.ee\\\/wp-content\\\/uploads\\\/2019\\\/11\\\/rodoaed-logo-ilma-taustata.jpg\",\"width\":769,\"height\":268,\"caption\":\"Rodoaed\"},\"image\":{\"@id\":\"https:\\\/\\\/rodoaed.ee\\\/#\\\/schema\\\/logo\\\/image\\\/\"},\"sameAs\":[\"https:\\\/\\\/www.facebook.com\\\/kasvuhooned\\\/\",\"https:\\\/\\\/rodoaed.ee\"]}]}<\/script>\n<!-- \/ Yoast SEO Premium plugin. -->","yoast_head_json":{"title":"Pes\u00e4laatikko 2M\/FT, jossa on 32 mm:n aukko - vihre\u00e4 - Rodoaed","robots":{"index":"index","follow":"follow","max-snippet":"max-snippet:-1","max-image-preview":"max-image-preview:large","max-video-preview":"max-video-preview:-1"},"canonical":"https:\/\/rodoaed.ee\/fi\/toode\/pesalaatikko-2m-ft-jossa-on-32-mmn-aukko-vihrea\/","og_locale":"fi_FI","og_type":"article","og_title":"Pes\u00e4laatikko 2M\/FT, jossa on 32 mm:n aukko - vihre\u00e4","og_description":"Nest Box 2M on kehitetty erityisesti asennettavaksi yksityisiin puutarhoihin ja hedelm\u00e4puutarhoihin, sill\u00e4 se voidaan kiinnitt\u00e4\u00e4 suoraan hedelm\u00e4puiden","og_url":"https:\/\/rodoaed.ee\/fi\/toode\/pesalaatikko-2m-ft-jossa-on-32-mmn-aukko-vihrea\/","og_site_name":"Rodoaed","article_publisher":"https:\/\/www.facebook.com\/kasvuhooned\/","article_modified_time":"2026-04-13T07:56:01+00:00","og_image":[{"width":398,"height":400,"url":"https:\/\/rodoaed.ee\/wp-content\/uploads\/2019\/07\/Pesakast-2MFO_32mm-avaga.jpg","type":"image\/jpeg"}],"twitter_card":"summary_large_image","twitter_misc":{"Arvioitu lukuaika":"1 minuutti"},"schema":{"@context":"https:\/\/schema.org","@graph":[{"@type":"WebPage","@id":"https:\/\/rodoaed.ee\/fi\/toode\/pesalaatikko-2m-ft-jossa-on-32-mmn-aukko-vihrea\/","url":"https:\/\/rodoaed.ee\/fi\/toode\/pesalaatikko-2m-ft-jossa-on-32-mmn-aukko-vihrea\/","name":"Pes\u00e4laatikko 2M\/FT, jossa on 32 mm:n aukko - vihre\u00e4 - Rodoaed","isPartOf":{"@id":"https:\/\/rodoaed.ee\/#website"},"primaryImageOfPage":{"@id":"https:\/\/rodoaed.ee\/fi\/toode\/pesalaatikko-2m-ft-jossa-on-32-mmn-aukko-vihrea\/#primaryimage"},"image":{"@id":"https:\/\/rodoaed.ee\/fi\/toode\/pesalaatikko-2m-ft-jossa-on-32-mmn-aukko-vihrea\/#primaryimage"},"thumbnailUrl":"https:\/\/rodoaed.ee\/wp-content\/uploads\/2019\/07\/Pesakast-2MFO_32mm-avaga.jpg","datePublished":"2020-12-05T14:27:12+00:00","dateModified":"2026-04-13T07:56:01+00:00","breadcrumb":{"@id":"https:\/\/rodoaed.ee\/fi\/toode\/pesalaatikko-2m-ft-jossa-on-32-mmn-aukko-vihrea\/#breadcrumb"},"inLanguage":"fi","potentialAction":[{"@type":"ReadAction","target":["https:\/\/rodoaed.ee\/fi\/toode\/pesalaatikko-2m-ft-jossa-on-32-mmn-aukko-vihrea\/"]}]},{"@type":"ImageObject","inLanguage":"fi","@id":"https:\/\/rodoaed.ee\/fi\/toode\/pesalaatikko-2m-ft-jossa-on-32-mmn-aukko-vihrea\/#primaryimage","url":"https:\/\/rodoaed.ee\/wp-content\/uploads\/2019\/07\/Pesakast-2MFO_32mm-avaga.jpg","contentUrl":"https:\/\/rodoaed.ee\/wp-content\/uploads\/2019\/07\/Pesakast-2MFO_32mm-avaga.jpg","width":398,"height":400},{"@type":"BreadcrumbList","@id":"https:\/\/rodoaed.ee\/fi\/toode\/pesalaatikko-2m-ft-jossa-on-32-mmn-aukko-vihrea\/#breadcrumb","itemListElement":[{"@type":"ListItem","position":1,"name":"Home","item":"https:\/\/rodoaed.ee\/fi\/"},{"@type":"ListItem","position":2,"name":"Osta osoitteessa","item":"https:\/\/rodoaed.ee\/osta-osoitteessa\/"},{"@type":"ListItem","position":3,"name":"Pes\u00e4laatikko 2M\/FT, jossa on 32 mm:n aukko &#8211; vihre\u00e4"}]},{"@type":"WebSite","@id":"https:\/\/rodoaed.ee\/#website","url":"https:\/\/rodoaed.ee\/","name":"Rodoaed","description":"","publisher":{"@id":"https:\/\/rodoaed.ee\/#organization"},"potentialAction":[{"@type":"SearchAction","target":{"@type":"EntryPoint","urlTemplate":"https:\/\/rodoaed.ee\/?s={search_term_string}"},"query-input":{"@type":"PropertyValueSpecification","valueRequired":true,"valueName":"search_term_string"}}],"inLanguage":"fi"},{"@type":"Organization","@id":"https:\/\/rodoaed.ee\/#organization","name":"Rodoaed","url":"https:\/\/rodoaed.ee\/","logo":{"@type":"ImageObject","inLanguage":"fi","@id":"https:\/\/rodoaed.ee\/#\/schema\/logo\/image\/","url":"https:\/\/rodoaed.ee\/wp-content\/uploads\/2019\/11\/rodoaed-logo-ilma-taustata.jpg","contentUrl":"https:\/\/rodoaed.ee\/wp-content\/uploads\/2019\/11\/rodoaed-logo-ilma-taustata.jpg","width":769,"height":268,"caption":"Rodoaed"},"image":{"@id":"https:\/\/rodoaed.ee\/#\/schema\/logo\/image\/"},"sameAs":["https:\/\/www.facebook.com\/kasvuhooned\/","https:\/\/rodoaed.ee"]}]}},"_links":{"self":[{"href":"https:\/\/rodoaed.ee\/fi\/wp-json\/wp\/v2\/product\/52847","targetHints":{"allow":["GET"]}}],"collection":[{"href":"https:\/\/rodoaed.ee\/fi\/wp-json\/wp\/v2\/product"}],"about":[{"href":"https:\/\/rodoaed.ee\/fi\/wp-json\/wp\/v2\/types\/product"}],"wp:featuredmedia":[{"embeddable":true,"href":"https:\/\/rodoaed.ee\/fi\/wp-json\/wp\/v2\/media\/18490"}],"wp:attachment":[{"href":"https:\/\/rodoaed.ee\/fi\/wp-json\/wp\/v2\/media?parent=52847"}],"wp:term":[{"taxonomy":"product_brand","embeddable":true,"href":"https:\/\/rodoaed.ee\/fi\/wp-json\/wp\/v2\/product_brand?post=52847"},{"taxonomy":"product_cat","embeddable":true,"href":"https:\/\/rodoaed.ee\/fi\/wp-json\/wp\/v2\/product_cat?post=52847"},{"taxonomy":"product_tag","embeddable":true,"href":"https:\/\/rodoaed.ee\/fi\/wp-json\/wp\/v2\/product_tag?post=52847"}],"curies":[{"name":"wp","href":"https:\/\/api.w.org\/{rel}","templated":true}]}}