{"id":52851,"date":"2021-01-28T18:54:38","date_gmt":"2021-01-28T16:54:38","guid":{"rendered":"https:\/\/rodoaed.ee\/toode\/ranta-sammakoiden-turvapaikka\/"},"modified":"2026-04-13T10:56:04","modified_gmt":"2026-04-13T07:56:04","slug":"ranta-sammakoiden-turvapaikka","status":"publish","type":"product","link":"https:\/\/rodoaed.ee\/fi\/tuote\/ranta-sammakoiden-turvapaikka\/","title":{"rendered":"Ranta- sammakoiden turvapaikka"},"content":{"rendered":"<h3>Suoja sammakoille ja erityisesti konnille<\/h3>\n<p>Erityisesti sammakoille suunniteltu suoja. Sammakot toimivat p\u00e4\u00e4asiassa y\u00f6ll\u00e4 tai sateisella s\u00e4\u00e4ll\u00e4. Kuumalla, kuivalla s\u00e4\u00e4ll\u00e4 sammakot suojautuvat kosteaan ja varjoisaan paikkaan. T\u00e4llaisia suojia ei kuitenkaan ole kovin helppo l\u00f6yt\u00e4\u00e4, varsinkaan pieness\u00e4 puutarhassa, jossa on puku.   <\/p>\n<p>Laita t\u00e4m\u00e4 sammakkotalo jonnekin pensaan alle tai varjoon puutarhan reunalle. Sammakot, jos niit\u00e4 on puutarhassasi, k\u00e4ytt\u00e4v\u00e4t sit\u00e4 mielell\u00e4\u00e4n. N\u00e4in voit n\u00e4ytt\u00e4\u00e4 sammakoita lapsille, kun tied\u00e4t aina, mist\u00e4 niit\u00e4 l\u00f6ytyy. Sammakkotalot ovat tietysti erityisen suosittuja maalaistaloissa ja m\u00f6kill\u00e4, joissa on enemm\u00e4n sammakoita.   <\/p>\n<p>Kaikki sammakot ovat eritt\u00e4in hy\u00f6dyllisi\u00e4 kumppaneita puutarhassa, sill\u00e4 ne sy\u00f6v\u00e4t hy\u00f6nteisi\u00e4 ja erityisesti hyttysi\u00e4.<\/p>\n<p>&nbsp;<\/p>\n<p><strong>Materiaali:<\/strong><\/p>\n<p>Dolomiittikeramiikka<\/p>\n<p><strong>Pes\u00e4laatikon mitat: L 19,3 x L 19,5 x K 9,9cm.<\/strong><\/p>\n<p><strong>Pes\u00e4kotelon paino:<\/strong> 0,9 kg<\/p>\n<p><em>         <\/em><\/p>\n<p>&nbsp;<\/p>\n<p>&nbsp;<\/p>\n","protected":false},"excerpt":{"rendered":"<p>Suoja sammakoille ja erityisesti konnille Erityisesti sammakoille suunniteltu suoja. Sammakot toimivat p\u00e4\u00e4asiassa y\u00f6ll\u00e4 tai sateisella s\u00e4\u00e4ll\u00e4. Kuumalla, kuivalla s\u00e4\u00e4ll\u00e4 sammakot suojautuvat kosteaan ja varjoisaan paikkaan. T\u00e4llaisia suojia ei kuitenkaan ole kovin helppo l\u00f6yt\u00e4\u00e4, varsinkaan pieness\u00e4 puutarhassa, jossa on puku. Laita t\u00e4m\u00e4 sammakkotalo jonnekin pensaan alle tai varjoon puutarhan reunalle. Sammakot, jos niit\u00e4 on puutarhassasi, k\u00e4ytt\u00e4v\u00e4t sit\u00e4 mielell\u00e4\u00e4n. N\u00e4in voit n\u00e4ytt\u00e4\u00e4 sammakoita lapsille, kun tied\u00e4t aina,&#8230;<\/p>\n","protected":false},"featured_media":36008,"template":"","meta":{"_acf_changed":false},"product_brand":[],"product_cat":[1851,1936,1933],"product_tag":[],"class_list":{"0":"post-52851","1":"product","2":"type-product","3":"status-publish","4":"has-post-thumbnail","6":"product_cat-pesakotelot","7":"product_cat-rupikonnatalo-suojapaikka-sammakoille-ja-sammakkoelaimille","8":"product_cat-siili-house","9":"product_shipping_class-toimitus-1-3-tyopaivan-kuluessa","10":"pa_variatsioon-pesalaatikko-1b-o-32mm-ruskea","12":"first","13":"outofstock","14":"sale","15":"taxable","16":"shipping-taxable","17":"purchasable","18":"product-type-simple"},"acf":[],"yoast_head":"<!-- This site is optimized with the Yoast SEO Premium plugin v27.3 (Yoast SEO v27.3) - https:\/\/yoast.com\/product\/yoast-seo-premium-wordpress\/ -->\n<title>Ranta- sammakoiden turvapaikka - Rodoaed<\/title>\n<meta name=\"description\" content=\"Sammakoille ja konnille tarkoitettu suoja, joka on valmistettu s\u00e4\u00e4nkest\u00e4v\u00e4st\u00e4 materiaalista. Viron laajin valikoima pes\u00e4kotelomalleja.\" \/>\n<meta name=\"robots\" content=\"index, follow, max-snippet:-1, max-image-preview:large, max-video-preview:-1\" \/>\n<link rel=\"canonical\" href=\"https:\/\/rodoaed.ee\/fi\/toode\/ranta-sammakoiden-turvapaikka\/\" \/>\n<meta property=\"og:locale\" content=\"fi_FI\" \/>\n<meta property=\"og:type\" content=\"article\" \/>\n<meta property=\"og:title\" content=\"Ranta- sammakoiden turvapaikka\" \/>\n<meta property=\"og:description\" content=\"Suoja sammakoille ja erityisesti konnille Erityisesti sammakoille suunniteltu suoja. Sammakot toimivat p\u00e4\u00e4asiassa y\u00f6ll\u00e4 tai sateisella s\u00e4\u00e4ll\u00e4. Kuumalla,\" \/>\n<meta property=\"og:url\" content=\"https:\/\/rodoaed.ee\/fi\/toode\/ranta-sammakoiden-turvapaikka\/\" \/>\n<meta property=\"og:site_name\" content=\"Rodoaed\" \/>\n<meta property=\"article:publisher\" content=\"https:\/\/www.facebook.com\/kasvuhooned\/\" \/>\n<meta property=\"article:modified_time\" content=\"2026-04-13T07:56:04+00:00\" \/>\n<meta property=\"og:image\" content=\"https:\/\/rodoaed.ee\/wp-content\/uploads\/2021\/01\/konnamaja_WA07_01.png\" \/>\n\t<meta property=\"og:image:width\" content=\"1240\" \/>\n\t<meta property=\"og:image:height\" content=\"1240\" \/>\n\t<meta property=\"og:image:type\" content=\"image\/png\" \/>\n<meta name=\"twitter:card\" content=\"summary_large_image\" \/>\n<meta name=\"twitter:label1\" content=\"Arvioitu lukuaika\" \/>\n\t<meta name=\"twitter:data1\" content=\"1 minuutti\" \/>\n<script type=\"application\/ld+json\" class=\"yoast-schema-graph\">{\"@context\":\"https:\\\/\\\/schema.org\",\"@graph\":[{\"@type\":\"WebPage\",\"@id\":\"https:\\\/\\\/rodoaed.ee\\\/fi\\\/toode\\\/ranta-sammakoiden-turvapaikka\\\/\",\"url\":\"https:\\\/\\\/rodoaed.ee\\\/fi\\\/toode\\\/ranta-sammakoiden-turvapaikka\\\/\",\"name\":\"Ranta- sammakoiden turvapaikka - Rodoaed\",\"isPartOf\":{\"@id\":\"https:\\\/\\\/rodoaed.ee\\\/#website\"},\"primaryImageOfPage\":{\"@id\":\"https:\\\/\\\/rodoaed.ee\\\/fi\\\/toode\\\/ranta-sammakoiden-turvapaikka\\\/#primaryimage\"},\"image\":{\"@id\":\"https:\\\/\\\/rodoaed.ee\\\/fi\\\/toode\\\/ranta-sammakoiden-turvapaikka\\\/#primaryimage\"},\"thumbnailUrl\":\"https:\\\/\\\/rodoaed.ee\\\/wp-content\\\/uploads\\\/2021\\\/01\\\/konnamaja_WA07_01.png\",\"datePublished\":\"2021-01-28T16:54:38+00:00\",\"dateModified\":\"2026-04-13T07:56:04+00:00\",\"description\":\"Sammakoille ja konnille tarkoitettu suoja, joka on valmistettu s\u00e4\u00e4nkest\u00e4v\u00e4st\u00e4 materiaalista. Viron laajin valikoima pes\u00e4kotelomalleja.\",\"breadcrumb\":{\"@id\":\"https:\\\/\\\/rodoaed.ee\\\/fi\\\/toode\\\/ranta-sammakoiden-turvapaikka\\\/#breadcrumb\"},\"inLanguage\":\"fi\",\"potentialAction\":[{\"@type\":\"ReadAction\",\"target\":[\"https:\\\/\\\/rodoaed.ee\\\/fi\\\/toode\\\/ranta-sammakoiden-turvapaikka\\\/\"]}]},{\"@type\":\"ImageObject\",\"inLanguage\":\"fi\",\"@id\":\"https:\\\/\\\/rodoaed.ee\\\/fi\\\/toode\\\/ranta-sammakoiden-turvapaikka\\\/#primaryimage\",\"url\":\"https:\\\/\\\/rodoaed.ee\\\/wp-content\\\/uploads\\\/2021\\\/01\\\/konnamaja_WA07_01.png\",\"contentUrl\":\"https:\\\/\\\/rodoaed.ee\\\/wp-content\\\/uploads\\\/2021\\\/01\\\/konnamaja_WA07_01.png\",\"width\":1240,\"height\":1240},{\"@type\":\"BreadcrumbList\",\"@id\":\"https:\\\/\\\/rodoaed.ee\\\/fi\\\/toode\\\/ranta-sammakoiden-turvapaikka\\\/#breadcrumb\",\"itemListElement\":[{\"@type\":\"ListItem\",\"position\":1,\"name\":\"Home\",\"item\":\"https:\\\/\\\/rodoaed.ee\\\/fi\\\/\"},{\"@type\":\"ListItem\",\"position\":2,\"name\":\"Osta osoitteessa\",\"item\":\"https:\\\/\\\/rodoaed.ee\\\/osta-osoitteessa\\\/\"},{\"@type\":\"ListItem\",\"position\":3,\"name\":\"Ranta- sammakoiden turvapaikka\"}]},{\"@type\":\"WebSite\",\"@id\":\"https:\\\/\\\/rodoaed.ee\\\/#website\",\"url\":\"https:\\\/\\\/rodoaed.ee\\\/\",\"name\":\"Rodoaed\",\"description\":\"\",\"publisher\":{\"@id\":\"https:\\\/\\\/rodoaed.ee\\\/#organization\"},\"potentialAction\":[{\"@type\":\"SearchAction\",\"target\":{\"@type\":\"EntryPoint\",\"urlTemplate\":\"https:\\\/\\\/rodoaed.ee\\\/?s={search_term_string}\"},\"query-input\":{\"@type\":\"PropertyValueSpecification\",\"valueRequired\":true,\"valueName\":\"search_term_string\"}}],\"inLanguage\":\"fi\"},{\"@type\":\"Organization\",\"@id\":\"https:\\\/\\\/rodoaed.ee\\\/#organization\",\"name\":\"Rodoaed\",\"url\":\"https:\\\/\\\/rodoaed.ee\\\/\",\"logo\":{\"@type\":\"ImageObject\",\"inLanguage\":\"fi\",\"@id\":\"https:\\\/\\\/rodoaed.ee\\\/#\\\/schema\\\/logo\\\/image\\\/\",\"url\":\"https:\\\/\\\/rodoaed.ee\\\/wp-content\\\/uploads\\\/2019\\\/11\\\/rodoaed-logo-ilma-taustata.jpg\",\"contentUrl\":\"https:\\\/\\\/rodoaed.ee\\\/wp-content\\\/uploads\\\/2019\\\/11\\\/rodoaed-logo-ilma-taustata.jpg\",\"width\":769,\"height\":268,\"caption\":\"Rodoaed\"},\"image\":{\"@id\":\"https:\\\/\\\/rodoaed.ee\\\/#\\\/schema\\\/logo\\\/image\\\/\"},\"sameAs\":[\"https:\\\/\\\/www.facebook.com\\\/kasvuhooned\\\/\",\"https:\\\/\\\/rodoaed.ee\"]}]}<\/script>\n<!-- \/ Yoast SEO Premium plugin. -->","yoast_head_json":{"title":"Ranta- sammakoiden turvapaikka - Rodoaed","description":"Sammakoille ja konnille tarkoitettu suoja, joka on valmistettu s\u00e4\u00e4nkest\u00e4v\u00e4st\u00e4 materiaalista. Viron laajin valikoima pes\u00e4kotelomalleja.","robots":{"index":"index","follow":"follow","max-snippet":"max-snippet:-1","max-image-preview":"max-image-preview:large","max-video-preview":"max-video-preview:-1"},"canonical":"https:\/\/rodoaed.ee\/fi\/toode\/ranta-sammakoiden-turvapaikka\/","og_locale":"fi_FI","og_type":"article","og_title":"Ranta- sammakoiden turvapaikka","og_description":"Suoja sammakoille ja erityisesti konnille Erityisesti sammakoille suunniteltu suoja. Sammakot toimivat p\u00e4\u00e4asiassa y\u00f6ll\u00e4 tai sateisella s\u00e4\u00e4ll\u00e4. Kuumalla,","og_url":"https:\/\/rodoaed.ee\/fi\/toode\/ranta-sammakoiden-turvapaikka\/","og_site_name":"Rodoaed","article_publisher":"https:\/\/www.facebook.com\/kasvuhooned\/","article_modified_time":"2026-04-13T07:56:04+00:00","og_image":[{"width":1240,"height":1240,"url":"https:\/\/rodoaed.ee\/wp-content\/uploads\/2021\/01\/konnamaja_WA07_01.png","type":"image\/png"}],"twitter_card":"summary_large_image","twitter_misc":{"Arvioitu lukuaika":"1 minuutti"},"schema":{"@context":"https:\/\/schema.org","@graph":[{"@type":"WebPage","@id":"https:\/\/rodoaed.ee\/fi\/toode\/ranta-sammakoiden-turvapaikka\/","url":"https:\/\/rodoaed.ee\/fi\/toode\/ranta-sammakoiden-turvapaikka\/","name":"Ranta- sammakoiden turvapaikka - Rodoaed","isPartOf":{"@id":"https:\/\/rodoaed.ee\/#website"},"primaryImageOfPage":{"@id":"https:\/\/rodoaed.ee\/fi\/toode\/ranta-sammakoiden-turvapaikka\/#primaryimage"},"image":{"@id":"https:\/\/rodoaed.ee\/fi\/toode\/ranta-sammakoiden-turvapaikka\/#primaryimage"},"thumbnailUrl":"https:\/\/rodoaed.ee\/wp-content\/uploads\/2021\/01\/konnamaja_WA07_01.png","datePublished":"2021-01-28T16:54:38+00:00","dateModified":"2026-04-13T07:56:04+00:00","description":"Sammakoille ja konnille tarkoitettu suoja, joka on valmistettu s\u00e4\u00e4nkest\u00e4v\u00e4st\u00e4 materiaalista. Viron laajin valikoima pes\u00e4kotelomalleja.","breadcrumb":{"@id":"https:\/\/rodoaed.ee\/fi\/toode\/ranta-sammakoiden-turvapaikka\/#breadcrumb"},"inLanguage":"fi","potentialAction":[{"@type":"ReadAction","target":["https:\/\/rodoaed.ee\/fi\/toode\/ranta-sammakoiden-turvapaikka\/"]}]},{"@type":"ImageObject","inLanguage":"fi","@id":"https:\/\/rodoaed.ee\/fi\/toode\/ranta-sammakoiden-turvapaikka\/#primaryimage","url":"https:\/\/rodoaed.ee\/wp-content\/uploads\/2021\/01\/konnamaja_WA07_01.png","contentUrl":"https:\/\/rodoaed.ee\/wp-content\/uploads\/2021\/01\/konnamaja_WA07_01.png","width":1240,"height":1240},{"@type":"BreadcrumbList","@id":"https:\/\/rodoaed.ee\/fi\/toode\/ranta-sammakoiden-turvapaikka\/#breadcrumb","itemListElement":[{"@type":"ListItem","position":1,"name":"Home","item":"https:\/\/rodoaed.ee\/fi\/"},{"@type":"ListItem","position":2,"name":"Osta osoitteessa","item":"https:\/\/rodoaed.ee\/osta-osoitteessa\/"},{"@type":"ListItem","position":3,"name":"Ranta- sammakoiden turvapaikka"}]},{"@type":"WebSite","@id":"https:\/\/rodoaed.ee\/#website","url":"https:\/\/rodoaed.ee\/","name":"Rodoaed","description":"","publisher":{"@id":"https:\/\/rodoaed.ee\/#organization"},"potentialAction":[{"@type":"SearchAction","target":{"@type":"EntryPoint","urlTemplate":"https:\/\/rodoaed.ee\/?s={search_term_string}"},"query-input":{"@type":"PropertyValueSpecification","valueRequired":true,"valueName":"search_term_string"}}],"inLanguage":"fi"},{"@type":"Organization","@id":"https:\/\/rodoaed.ee\/#organization","name":"Rodoaed","url":"https:\/\/rodoaed.ee\/","logo":{"@type":"ImageObject","inLanguage":"fi","@id":"https:\/\/rodoaed.ee\/#\/schema\/logo\/image\/","url":"https:\/\/rodoaed.ee\/wp-content\/uploads\/2019\/11\/rodoaed-logo-ilma-taustata.jpg","contentUrl":"https:\/\/rodoaed.ee\/wp-content\/uploads\/2019\/11\/rodoaed-logo-ilma-taustata.jpg","width":769,"height":268,"caption":"Rodoaed"},"image":{"@id":"https:\/\/rodoaed.ee\/#\/schema\/logo\/image\/"},"sameAs":["https:\/\/www.facebook.com\/kasvuhooned\/","https:\/\/rodoaed.ee"]}]}},"_links":{"self":[{"href":"https:\/\/rodoaed.ee\/fi\/wp-json\/wp\/v2\/product\/52851","targetHints":{"allow":["GET"]}}],"collection":[{"href":"https:\/\/rodoaed.ee\/fi\/wp-json\/wp\/v2\/product"}],"about":[{"href":"https:\/\/rodoaed.ee\/fi\/wp-json\/wp\/v2\/types\/product"}],"wp:featuredmedia":[{"embeddable":true,"href":"https:\/\/rodoaed.ee\/fi\/wp-json\/wp\/v2\/media\/36008"}],"wp:attachment":[{"href":"https:\/\/rodoaed.ee\/fi\/wp-json\/wp\/v2\/media?parent=52851"}],"wp:term":[{"taxonomy":"product_brand","embeddable":true,"href":"https:\/\/rodoaed.ee\/fi\/wp-json\/wp\/v2\/product_brand?post=52851"},{"taxonomy":"product_cat","embeddable":true,"href":"https:\/\/rodoaed.ee\/fi\/wp-json\/wp\/v2\/product_cat?post=52851"},{"taxonomy":"product_tag","embeddable":true,"href":"https:\/\/rodoaed.ee\/fi\/wp-json\/wp\/v2\/product_tag?post=52851"}],"curies":[{"name":"wp","href":"https:\/\/api.w.org\/{rel}","templated":true}]}}