{"id":52852,"date":"2020-12-17T12:13:26","date_gmt":"2020-12-17T10:13:26","guid":{"rendered":"https:\/\/rodoaed.ee\/toode\/senzo-japanilainen-pieni-yleisveitsi-120mm\/"},"modified":"2026-04-13T10:56:04","modified_gmt":"2026-04-13T07:56:04","slug":"senzo-japanilainen-pieni-yleisveitsi-120mm","status":"publish","type":"product","link":"https:\/\/rodoaed.ee\/fi\/tuote\/senzo-japanilainen-pieni-yleisveitsi-120mm\/","title":{"rendered":"Senzo Japanilainen pieni yleisveitsi 120mm"},"content":{"rendered":"<h2>Senzo Japanilainen &#8211; pieni yleisk\u00e4ytt\u00f6inen veitsi<\/h2>\n<h3>Japanilainen valmistaja Suncraft<\/h3>\n<p>120 mm:n ter\u00e4ll\u00e4 varustettu pieni keitti\u00f6veitsi sopii t\u00e4ydellisesti hedelmien ja vihannesten leikkaamiseen sek\u00e4 k\u00e4dess\u00e4 ett\u00e4 ty\u00f6tasolla.<\/p>\n<p>Senzo-sarjan japanilaiset veitset on valmistettu kest\u00e4v\u00e4st\u00e4, yksikerroksisesta molybdeenivanadiiniter\u00e4ksest\u00e4 (58 HRC), jolla on hyv\u00e4 ter\u00e4vyyden s\u00e4ilyminen. Kevyess\u00e4 magnoliapuukahvassa on japanilaisen veitsen lakoninen muotoilu, ja se sopii sek\u00e4 oikea- ett\u00e4 vasenk\u00e4tisille. Senzo-japaniveitset ovat saatavilla edulliseen hintaan aidoksi japanilaiseksi veitseksi.  <\/p>\n<p>Jos haluat japanilaistyylisen veitsen ulkon\u00e4\u00f6n, suosittelemme l\u00e4mpim\u00e4sti Senzon japanilaissarjan leikkureita. Saatat huomata pit\u00e4v\u00e4si niist\u00e4 niin paljon niiden yksinkertaisuuden ja laadun vuoksi, ettet tarvitse en\u00e4\u00e4 mit\u00e4\u00e4n hienostuneempia leikkuuty\u00f6kaluja! <\/p>\n<h2>Parhaat sovellukset:<\/h2>\n<div>\n<ul>\n<li>K\u00e4ytt\u00f6 leikkuulaudalla ja k\u00e4dess\u00e4<\/li>\n<li>Pilkkominen ja leikkaaminen<\/li>\n<li>Hedelm\u00e4t ja vihannekset<\/li>\n<\/ul>\n<\/div>\n<h2>T\u00e4rkeimm\u00e4t ominaisuudet:<\/h2>\n<ul>\n<li>Rungon materiaali: ruostumaton ter\u00e4s &#8211; molybdeenivanadiini, kerrosten lukum\u00e4\u00e4r\u00e4 &#8211; 1.<\/li>\n<li>Kovuus 58 HRC<\/li>\n<li>Kahvan tyyli: perinteinen (japanilainen)<\/li>\n<li>Symmetrinen &#8211; sopii sek\u00e4 vasen- ett\u00e4 oikeak\u00e4tisille.<\/li>\n<li>Kahva: <strong>magnolia puu<\/strong><\/li>\n<li>Valmistettu: <strong>Japanissa<\/strong><\/li>\n<li>Valmistaja: Suncraft<\/li>\n<\/ul>\n<h2>Tekniset tiedot:<\/h2>\n<ul>\n<li>Ter\u00e4n pituus 120 mm<\/li>\n<li>Teroituskulma 15 \u00b0<\/li>\n<li>Noahin kokonaispituus kahvan kanssa 240 mm<\/li>\n<li>Paino: 60 g<\/li>\n<\/ul>\n<p><a href=\"https:\/\/rodoaed.ee\/fi\/\">kotisivu<\/a> <a href=\"https:\/\/rodoaed.ee\/fi\/tootekategooria\/keittiolaitteet\/\">k\u00e4ynnist\u00e4<\/a> <a href=\"https:\/\/rodoaed.ee\/fi\/tootekategooria\/keittiolaitteet\/keittion-pesuallas\/\">Keitti\u00f6n portaat<\/a> <a href=\"https:\/\/rodoaed.ee\/toode\/lauanuga-old-german-ploomipuust-kaepide\/\">p\u00f6yd\u00e4ll\u00e4<\/a> <a href=\"https:\/\/rodoaed.ee\/toode\/kokanuga-k5-ploomipuust-kaepide\/\">ruoanlaitto veitsi<\/a> <a href=\"https:\/\/rodoaed.ee\/toode\/leivanuga-k-b2-ploomipuust-kaepide\/\">leip\u00e4 veitsi<\/a><\/p>\n<p>&nbsp;<\/p>\n","protected":false},"excerpt":{"rendered":"<p>Senzo Japanilainen &#8211; pieni yleisk\u00e4ytt\u00f6inen veitsi Japanilainen valmistaja Suncraft 120 mm:n ter\u00e4ll\u00e4 varustettu pieni keitti\u00f6veitsi sopii t\u00e4ydellisesti hedelmien ja vihannesten leikkaamiseen sek\u00e4 k\u00e4dess\u00e4 ett\u00e4 ty\u00f6tasolla. Senzo-sarjan japanilaiset veitset on valmistettu kest\u00e4v\u00e4st\u00e4, yksikerroksisesta molybdeenivanadiiniter\u00e4ksest\u00e4 (58 HRC), jolla on hyv\u00e4 ter\u00e4vyyden s\u00e4ilyminen. Kevyess\u00e4 magnoliapuukahvassa on japanilaisen veitsen lakoninen muotoilu, ja se sopii sek\u00e4 oikea- ett\u00e4 vasenk\u00e4tisille. Senzo-japaniveitset ovat saatavilla edulliseen hintaan aidoksi japanilaiseksi veitseksi. Jos haluat japanilaistyylisen&#8230;<\/p>\n","protected":false},"featured_media":35322,"template":"","meta":{"_acf_changed":false},"product_brand":[],"product_cat":[1894,1830,1937],"product_tag":[],"class_list":{"0":"post-52852","1":"product","2":"type-product","3":"status-publish","4":"has-post-thumbnail","6":"product_cat-japanilaiset-kookospahkinat","7":"product_cat-keittion-pesuallas","8":"product_cat-suncraft-senzo-japanin-sarja","9":"product_shipping_class-toimitus-1-3-tyopaivan-kuluessa","10":"pa_variatsioon-keittioveitsi-k0-hiiliteras-kiillotettu-varsi-luumupuuta","12":"first","13":"instock","14":"taxable","15":"shipping-taxable","16":"purchasable","17":"product-type-simple"},"acf":[],"yoast_head":"<!-- This site is optimized with the Yoast SEO Premium plugin v27.3 (Yoast SEO v27.3) - https:\/\/yoast.com\/product\/yoast-seo-premium-wordpress\/ -->\n<title>Senzo Japanilainen pieni yleisveitsi 120mm% % -% Rodoaed% keitti\u00f6n lavuaarit<\/title>\n<meta name=\"description\" content=\"Japanilainen Kokanuga ammattik\u00e4ytt\u00f6\u00f6n. Sopii kaikkiin keitti\u00f6t\u00f6ihin.\" \/>\n<meta name=\"robots\" content=\"index, follow, max-snippet:-1, max-image-preview:large, max-video-preview:-1\" \/>\n<link rel=\"canonical\" href=\"https:\/\/rodoaed.ee\/fi\/toode\/senzo-japanilainen-pieni-yleisveitsi-120mm\/\" \/>\n<meta property=\"og:locale\" content=\"fi_FI\" \/>\n<meta property=\"og:type\" content=\"article\" \/>\n<meta property=\"og:title\" content=\"Senzo Japanilainen pieni yleisveitsi 120mm\" \/>\n<meta property=\"og:description\" content=\"Senzo Japanilainen - pieni yleisk\u00e4ytt\u00f6inen veitsi Japanilainen valmistaja Suncraft 120 mm:n ter\u00e4ll\u00e4 varustettu pieni keitti\u00f6veitsi sopii t\u00e4ydellisesti\" \/>\n<meta property=\"og:url\" content=\"https:\/\/rodoaed.ee\/fi\/toode\/senzo-japanilainen-pieni-yleisveitsi-120mm\/\" \/>\n<meta property=\"og:site_name\" content=\"Rodoaed\" \/>\n<meta property=\"article:publisher\" content=\"https:\/\/www.facebook.com\/kasvuhooned\/\" \/>\n<meta property=\"article:modified_time\" content=\"2026-04-13T07:56:04+00:00\" \/>\n<meta property=\"og:image\" content=\"https:\/\/rodoaed.ee\/wp-content\/uploads\/2020\/12\/Jaapani-kokanuga_Suncraft-Senzo-Japanese_WA_02.jpg\" \/>\n\t<meta property=\"og:image:width\" content=\"720\" \/>\n\t<meta property=\"og:image:height\" content=\"540\" \/>\n\t<meta property=\"og:image:type\" content=\"image\/jpeg\" \/>\n<meta name=\"twitter:card\" content=\"summary_large_image\" \/>\n<meta name=\"twitter:label1\" content=\"Arvioitu lukuaika\" \/>\n\t<meta name=\"twitter:data1\" content=\"1 minuutti\" \/>\n<script type=\"application\/ld+json\" class=\"yoast-schema-graph\">{\"@context\":\"https:\\\/\\\/schema.org\",\"@graph\":[{\"@type\":\"WebPage\",\"@id\":\"https:\\\/\\\/rodoaed.ee\\\/fi\\\/toode\\\/senzo-japanilainen-pieni-yleisveitsi-120mm\\\/\",\"url\":\"https:\\\/\\\/rodoaed.ee\\\/fi\\\/toode\\\/senzo-japanilainen-pieni-yleisveitsi-120mm\\\/\",\"name\":\"Senzo Japanilainen pieni yleisveitsi 120mm% % -% Rodoaed% keitti\u00f6n lavuaarit\",\"isPartOf\":{\"@id\":\"https:\\\/\\\/rodoaed.ee\\\/#website\"},\"primaryImageOfPage\":{\"@id\":\"https:\\\/\\\/rodoaed.ee\\\/fi\\\/toode\\\/senzo-japanilainen-pieni-yleisveitsi-120mm\\\/#primaryimage\"},\"image\":{\"@id\":\"https:\\\/\\\/rodoaed.ee\\\/fi\\\/toode\\\/senzo-japanilainen-pieni-yleisveitsi-120mm\\\/#primaryimage\"},\"thumbnailUrl\":\"https:\\\/\\\/rodoaed.ee\\\/wp-content\\\/uploads\\\/2020\\\/12\\\/Jaapani-kokanuga_Suncraft-Senzo-Japanese_WA_02.jpg\",\"datePublished\":\"2020-12-17T10:13:26+00:00\",\"dateModified\":\"2026-04-13T07:56:04+00:00\",\"description\":\"Japanilainen Kokanuga ammattik\u00e4ytt\u00f6\u00f6n. Sopii kaikkiin keitti\u00f6t\u00f6ihin.\",\"breadcrumb\":{\"@id\":\"https:\\\/\\\/rodoaed.ee\\\/fi\\\/toode\\\/senzo-japanilainen-pieni-yleisveitsi-120mm\\\/#breadcrumb\"},\"inLanguage\":\"fi\",\"potentialAction\":[{\"@type\":\"ReadAction\",\"target\":[\"https:\\\/\\\/rodoaed.ee\\\/fi\\\/toode\\\/senzo-japanilainen-pieni-yleisveitsi-120mm\\\/\"]}]},{\"@type\":\"ImageObject\",\"inLanguage\":\"fi\",\"@id\":\"https:\\\/\\\/rodoaed.ee\\\/fi\\\/toode\\\/senzo-japanilainen-pieni-yleisveitsi-120mm\\\/#primaryimage\",\"url\":\"https:\\\/\\\/rodoaed.ee\\\/wp-content\\\/uploads\\\/2020\\\/12\\\/Jaapani-kokanuga_Suncraft-Senzo-Japanese_WA_02.jpg\",\"contentUrl\":\"https:\\\/\\\/rodoaed.ee\\\/wp-content\\\/uploads\\\/2020\\\/12\\\/Jaapani-kokanuga_Suncraft-Senzo-Japanese_WA_02.jpg\",\"width\":720,\"height\":540,\"caption\":\"japanilainen kokanuga Senzo Japanilainen\"},{\"@type\":\"BreadcrumbList\",\"@id\":\"https:\\\/\\\/rodoaed.ee\\\/fi\\\/toode\\\/senzo-japanilainen-pieni-yleisveitsi-120mm\\\/#breadcrumb\",\"itemListElement\":[{\"@type\":\"ListItem\",\"position\":1,\"name\":\"Home\",\"item\":\"https:\\\/\\\/rodoaed.ee\\\/fi\\\/\"},{\"@type\":\"ListItem\",\"position\":2,\"name\":\"Osta osoitteessa\",\"item\":\"https:\\\/\\\/rodoaed.ee\\\/osta-osoitteessa\\\/\"},{\"@type\":\"ListItem\",\"position\":3,\"name\":\"Senzo Japanilainen pieni yleisveitsi 120mm\"}]},{\"@type\":\"WebSite\",\"@id\":\"https:\\\/\\\/rodoaed.ee\\\/#website\",\"url\":\"https:\\\/\\\/rodoaed.ee\\\/\",\"name\":\"Rodoaed\",\"description\":\"\",\"publisher\":{\"@id\":\"https:\\\/\\\/rodoaed.ee\\\/#organization\"},\"potentialAction\":[{\"@type\":\"SearchAction\",\"target\":{\"@type\":\"EntryPoint\",\"urlTemplate\":\"https:\\\/\\\/rodoaed.ee\\\/?s={search_term_string}\"},\"query-input\":{\"@type\":\"PropertyValueSpecification\",\"valueRequired\":true,\"valueName\":\"search_term_string\"}}],\"inLanguage\":\"fi\"},{\"@type\":\"Organization\",\"@id\":\"https:\\\/\\\/rodoaed.ee\\\/#organization\",\"name\":\"Rodoaed\",\"url\":\"https:\\\/\\\/rodoaed.ee\\\/\",\"logo\":{\"@type\":\"ImageObject\",\"inLanguage\":\"fi\",\"@id\":\"https:\\\/\\\/rodoaed.ee\\\/#\\\/schema\\\/logo\\\/image\\\/\",\"url\":\"https:\\\/\\\/rodoaed.ee\\\/wp-content\\\/uploads\\\/2019\\\/11\\\/rodoaed-logo-ilma-taustata.jpg\",\"contentUrl\":\"https:\\\/\\\/rodoaed.ee\\\/wp-content\\\/uploads\\\/2019\\\/11\\\/rodoaed-logo-ilma-taustata.jpg\",\"width\":769,\"height\":268,\"caption\":\"Rodoaed\"},\"image\":{\"@id\":\"https:\\\/\\\/rodoaed.ee\\\/#\\\/schema\\\/logo\\\/image\\\/\"},\"sameAs\":[\"https:\\\/\\\/www.facebook.com\\\/kasvuhooned\\\/\",\"https:\\\/\\\/rodoaed.ee\"]}]}<\/script>\n<!-- \/ Yoast SEO Premium plugin. -->","yoast_head_json":{"title":"Senzo Japanilainen pieni yleisveitsi 120mm% % -% Rodoaed% keitti\u00f6n lavuaarit","description":"Japanilainen Kokanuga ammattik\u00e4ytt\u00f6\u00f6n. Sopii kaikkiin keitti\u00f6t\u00f6ihin.","robots":{"index":"index","follow":"follow","max-snippet":"max-snippet:-1","max-image-preview":"max-image-preview:large","max-video-preview":"max-video-preview:-1"},"canonical":"https:\/\/rodoaed.ee\/fi\/toode\/senzo-japanilainen-pieni-yleisveitsi-120mm\/","og_locale":"fi_FI","og_type":"article","og_title":"Senzo Japanilainen pieni yleisveitsi 120mm","og_description":"Senzo Japanilainen - pieni yleisk\u00e4ytt\u00f6inen veitsi Japanilainen valmistaja Suncraft 120 mm:n ter\u00e4ll\u00e4 varustettu pieni keitti\u00f6veitsi sopii t\u00e4ydellisesti","og_url":"https:\/\/rodoaed.ee\/fi\/toode\/senzo-japanilainen-pieni-yleisveitsi-120mm\/","og_site_name":"Rodoaed","article_publisher":"https:\/\/www.facebook.com\/kasvuhooned\/","article_modified_time":"2026-04-13T07:56:04+00:00","og_image":[{"width":720,"height":540,"url":"https:\/\/rodoaed.ee\/wp-content\/uploads\/2020\/12\/Jaapani-kokanuga_Suncraft-Senzo-Japanese_WA_02.jpg","type":"image\/jpeg"}],"twitter_card":"summary_large_image","twitter_misc":{"Arvioitu lukuaika":"1 minuutti"},"schema":{"@context":"https:\/\/schema.org","@graph":[{"@type":"WebPage","@id":"https:\/\/rodoaed.ee\/fi\/toode\/senzo-japanilainen-pieni-yleisveitsi-120mm\/","url":"https:\/\/rodoaed.ee\/fi\/toode\/senzo-japanilainen-pieni-yleisveitsi-120mm\/","name":"Senzo Japanilainen pieni yleisveitsi 120mm% % -% Rodoaed% keitti\u00f6n lavuaarit","isPartOf":{"@id":"https:\/\/rodoaed.ee\/#website"},"primaryImageOfPage":{"@id":"https:\/\/rodoaed.ee\/fi\/toode\/senzo-japanilainen-pieni-yleisveitsi-120mm\/#primaryimage"},"image":{"@id":"https:\/\/rodoaed.ee\/fi\/toode\/senzo-japanilainen-pieni-yleisveitsi-120mm\/#primaryimage"},"thumbnailUrl":"https:\/\/rodoaed.ee\/wp-content\/uploads\/2020\/12\/Jaapani-kokanuga_Suncraft-Senzo-Japanese_WA_02.jpg","datePublished":"2020-12-17T10:13:26+00:00","dateModified":"2026-04-13T07:56:04+00:00","description":"Japanilainen Kokanuga ammattik\u00e4ytt\u00f6\u00f6n. Sopii kaikkiin keitti\u00f6t\u00f6ihin.","breadcrumb":{"@id":"https:\/\/rodoaed.ee\/fi\/toode\/senzo-japanilainen-pieni-yleisveitsi-120mm\/#breadcrumb"},"inLanguage":"fi","potentialAction":[{"@type":"ReadAction","target":["https:\/\/rodoaed.ee\/fi\/toode\/senzo-japanilainen-pieni-yleisveitsi-120mm\/"]}]},{"@type":"ImageObject","inLanguage":"fi","@id":"https:\/\/rodoaed.ee\/fi\/toode\/senzo-japanilainen-pieni-yleisveitsi-120mm\/#primaryimage","url":"https:\/\/rodoaed.ee\/wp-content\/uploads\/2020\/12\/Jaapani-kokanuga_Suncraft-Senzo-Japanese_WA_02.jpg","contentUrl":"https:\/\/rodoaed.ee\/wp-content\/uploads\/2020\/12\/Jaapani-kokanuga_Suncraft-Senzo-Japanese_WA_02.jpg","width":720,"height":540,"caption":"japanilainen kokanuga Senzo Japanilainen"},{"@type":"BreadcrumbList","@id":"https:\/\/rodoaed.ee\/fi\/toode\/senzo-japanilainen-pieni-yleisveitsi-120mm\/#breadcrumb","itemListElement":[{"@type":"ListItem","position":1,"name":"Home","item":"https:\/\/rodoaed.ee\/fi\/"},{"@type":"ListItem","position":2,"name":"Osta osoitteessa","item":"https:\/\/rodoaed.ee\/osta-osoitteessa\/"},{"@type":"ListItem","position":3,"name":"Senzo Japanilainen pieni yleisveitsi 120mm"}]},{"@type":"WebSite","@id":"https:\/\/rodoaed.ee\/#website","url":"https:\/\/rodoaed.ee\/","name":"Rodoaed","description":"","publisher":{"@id":"https:\/\/rodoaed.ee\/#organization"},"potentialAction":[{"@type":"SearchAction","target":{"@type":"EntryPoint","urlTemplate":"https:\/\/rodoaed.ee\/?s={search_term_string}"},"query-input":{"@type":"PropertyValueSpecification","valueRequired":true,"valueName":"search_term_string"}}],"inLanguage":"fi"},{"@type":"Organization","@id":"https:\/\/rodoaed.ee\/#organization","name":"Rodoaed","url":"https:\/\/rodoaed.ee\/","logo":{"@type":"ImageObject","inLanguage":"fi","@id":"https:\/\/rodoaed.ee\/#\/schema\/logo\/image\/","url":"https:\/\/rodoaed.ee\/wp-content\/uploads\/2019\/11\/rodoaed-logo-ilma-taustata.jpg","contentUrl":"https:\/\/rodoaed.ee\/wp-content\/uploads\/2019\/11\/rodoaed-logo-ilma-taustata.jpg","width":769,"height":268,"caption":"Rodoaed"},"image":{"@id":"https:\/\/rodoaed.ee\/#\/schema\/logo\/image\/"},"sameAs":["https:\/\/www.facebook.com\/kasvuhooned\/","https:\/\/rodoaed.ee"]}]}},"_links":{"self":[{"href":"https:\/\/rodoaed.ee\/fi\/wp-json\/wp\/v2\/product\/52852","targetHints":{"allow":["GET"]}}],"collection":[{"href":"https:\/\/rodoaed.ee\/fi\/wp-json\/wp\/v2\/product"}],"about":[{"href":"https:\/\/rodoaed.ee\/fi\/wp-json\/wp\/v2\/types\/product"}],"wp:featuredmedia":[{"embeddable":true,"href":"https:\/\/rodoaed.ee\/fi\/wp-json\/wp\/v2\/media\/35322"}],"wp:attachment":[{"href":"https:\/\/rodoaed.ee\/fi\/wp-json\/wp\/v2\/media?parent=52852"}],"wp:term":[{"taxonomy":"product_brand","embeddable":true,"href":"https:\/\/rodoaed.ee\/fi\/wp-json\/wp\/v2\/product_brand?post=52852"},{"taxonomy":"product_cat","embeddable":true,"href":"https:\/\/rodoaed.ee\/fi\/wp-json\/wp\/v2\/product_cat?post=52852"},{"taxonomy":"product_tag","embeddable":true,"href":"https:\/\/rodoaed.ee\/fi\/wp-json\/wp\/v2\/product_tag?post=52852"}],"curies":[{"name":"wp","href":"https:\/\/api.w.org\/{rel}","templated":true}]}}