{"id":52854,"date":"2021-01-14T11:34:34","date_gmt":"2021-01-14T09:34:34","guid":{"rendered":"https:\/\/rodoaed.ee\/toode\/mini-uima-allas-xxl-taydellinen-setti-led-valolla-lammitysmatolla-ja-termostaatilla-59x39x27cm\/"},"modified":"2026-04-13T10:56:07","modified_gmt":"2026-04-13T07:56:07","slug":"mini-uima-allas-xxl-taydellinen-setti-led-valolla-lammitysmatolla-ja-termostaatilla-59x39x27cm","status":"publish","type":"product","link":"https:\/\/rodoaed.ee\/fi\/tuote\/mini-uima-allas-xxl-taydellinen-setti-led-valolla-lammitysmatolla-ja-termostaatilla-59x39x27cm\/","title":{"rendered":"Mini uima-allas XXL t\u00e4ydellinen setti LED-valolla, l\u00e4mmitysmatolla ja termostaatilla 59x39x27cm"},"content":{"rendered":"<h3>Mini XXL t\u00e4ydellinen setti:<\/h3>\n<p>Tuuletettu minikasvihuone 59 x 39 cm, +2x LED-valot, + l\u00e4mmitysmatto, + digitaalinen termostaatti, + siemenalusta, jossa 77 siemenalustaa.<\/p>\n<p><strong>Jokaisen hein\u00e4sirkan ja tarjoilijan unelma. Ammattilaistason ty\u00f6kalu kotik\u00e4ytt\u00f6\u00f6n. <\/strong><\/p>\n<p>Esikasvatus ilmastoidussa minihuoneessa on poikkeuksellisen k\u00e4tev\u00e4\u00e4 ja tehokasta. Voit kylv\u00e4\u00e4 yhden mink\u00e4 tahansa siemenen &#8211; tomaattia, paprikaa tai basilikaa &#8211; ja kaikki kasvaa kauniisti. <\/p>\n<p>Valmistettu eritt\u00e4in vahvasta mutta samalla elintarvikekelpoisesta muovista. Kasvihuoneen katossa on tuuletusaukot ja k\u00e4tev\u00e4t vedenpoistokanavat kastelua varten. Minikasvihuoneen mukana toimitetaan s\u00e4hk\u00f6matto, digitaalinen termostaatti ja valaistus. Joustava kasvien kasvattamiseen hyvin erilaisilla rytmeill\u00e4.   <\/p>\n<h4>Tekniset tiedot<\/h4>\n<ul>\n<li>Eritt\u00e4in vakaa ja vahva materiaali<\/li>\n<li>L\u00e4pin\u00e4kyv\u00e4 kansi, jossa on tuuletusaukot<\/li>\n<li>Mitat: 59 x 39 x 27 cm<\/li>\n<li>S\u00e4hk\u00f6l\u00e4mmitysmatto 55 x 35 cm, 38,5 W<\/li>\n<li>Digitaalinen termostaatti HortiSwitch<\/li>\n<li>Pohja, jossa on aukkoja ja 77 siemenlokeroa<\/li>\n<li>Valmistettu Saksassa, tuotettu kest\u00e4v\u00e4ll\u00e4 tavalla<\/li>\n<\/ul>\n<div><a href=\"https:\/\/rodoaed.ee\/fi\/\">kotisivu<\/a> <a href=\"https:\/\/rodoaed.ee\/tootekategooria\/kasvuhooned-ja-talveaiad\/\">k\u00e4ynnist\u00e4<\/a> <a href=\"https:\/\/rodoaed.ee\/fi\/tootekategooria\/kasvihuoneen-tarvikkeet\/\">tarvikkeet<\/a> <a href=\"https:\/\/rodoaed.ee\/tootekategooria\/kasvihuoneen-tarvikkeet\/kasvuhoone-kute\/\">l\u00e4mmitys<\/a><\/div>\n<div><\/div>\n","protected":false},"excerpt":{"rendered":"<p>Mini XXL t\u00e4ydellinen setti: Tuuletettu minikasvihuone 59 x 39 cm, +2x LED-valot, + l\u00e4mmitysmatto, + digitaalinen termostaatti, + siemenalusta, jossa 77 siemenalustaa. Jokaisen hein\u00e4sirkan ja tarjoilijan unelma. Ammattilaistason ty\u00f6kalu kotik\u00e4ytt\u00f6\u00f6n. Esikasvatus ilmastoidussa minihuoneessa on poikkeuksellisen k\u00e4tev\u00e4\u00e4 ja tehokasta. Voit kylv\u00e4\u00e4 yhden mink\u00e4 tahansa siemenen &#8211; tomaattia, paprikaa tai basilikaa &#8211; ja kaikki kasvaa kauniisti. Valmistettu eritt\u00e4in vahvasta mutta samalla elintarvikekelpoisesta muovista. Kasvihuoneen katossa on tuuletusaukot&#8230;<\/p>\n","protected":false},"featured_media":35732,"template":"","meta":{"_acf_changed":false},"product_brand":[],"product_cat":[1811,1743,1858],"product_tag":[],"class_list":{"0":"post-52854","1":"product","2":"type-product","3":"status-publish","4":"has-post-thumbnail","6":"product_cat-kasvien-kasvattaminen","7":"product_cat-lisalahjat-lahjat","8":"product_cat-miniatyyritilat-ja-esikasvatus","9":"product_shipping_class-toimitus-1-3-tyopaivan-kuluessa","10":"pa_variatsioon-7-uutuus-minikasvihuone-alankomaissa-lammityksella-ja-automaattisella-kastelujarjestelmalla-varustettuna","12":"first","13":"outofstock","14":"sale","15":"taxable","16":"shipping-taxable","17":"purchasable","18":"product-type-simple"},"acf":[],"yoast_head":"<!-- This site is optimized with the Yoast SEO Premium plugin v27.3 (Yoast SEO v27.3) - https:\/\/yoast.com\/product\/yoast-seo-premium-wordpress\/ -->\n<title>Mini uima-allas XXL t\u00e4ydellinen setti LED-valolla, l\u00e4mmitysmatolla ja termostaatilla 59x39x27cm -% Rhododendronin minikasvihuoneet<\/title>\n<meta name=\"description\" content=\"Alankomaissa sijaitseva minikasvihuone, joka mahtuu siististi ikkunalaudalle ja on erinomainen tapa id\u00e4tt\u00e4\u00e4 siemeni\u00e4 ja kasvattaa ruokakasveja.\" \/>\n<meta name=\"robots\" content=\"index, follow, max-snippet:-1, max-image-preview:large, max-video-preview:-1\" \/>\n<link rel=\"canonical\" href=\"https:\/\/rodoaed.ee\/fi\/toode\/mini-uima-allas-xxl-taydellinen-setti-led-valolla-lammitysmatolla-ja-termostaatilla-59x39x27cm\/\" \/>\n<meta property=\"og:locale\" content=\"fi_FI\" \/>\n<meta property=\"og:type\" content=\"article\" \/>\n<meta property=\"og:title\" content=\"Mini uima-allas XXL t\u00e4ydellinen setti LED-valolla, l\u00e4mmitysmatolla ja termostaatilla 59x39x27cm\" \/>\n<meta property=\"og:description\" content=\"Mini XXL t\u00e4ydellinen setti: Tuuletettu minikasvihuone 59 x 39 cm, +2x LED-valot, + l\u00e4mmitysmatto, + digitaalinen termostaatti, + siemenalusta, jossa 77\" \/>\n<meta property=\"og:url\" content=\"https:\/\/rodoaed.ee\/fi\/toode\/mini-uima-allas-xxl-taydellinen-setti-led-valolla-lammitysmatolla-ja-termostaatilla-59x39x27cm\/\" \/>\n<meta property=\"og:site_name\" content=\"Rodoaed\" \/>\n<meta property=\"article:publisher\" content=\"https:\/\/www.facebook.com\/kasvuhooned\/\" \/>\n<meta property=\"article:modified_time\" content=\"2026-04-13T07:56:07+00:00\" \/>\n<meta property=\"og:image\" content=\"https:\/\/rodoaed.ee\/wp-content\/uploads\/2021\/01\/Minikasvuhoone-XXL-complete_12094301_a_web.jpg\" \/>\n\t<meta property=\"og:image:width\" content=\"1772\" \/>\n\t<meta property=\"og:image:height\" content=\"1229\" \/>\n\t<meta property=\"og:image:type\" content=\"image\/jpeg\" \/>\n<meta name=\"twitter:card\" content=\"summary_large_image\" \/>\n<meta name=\"twitter:label1\" content=\"Arvioitu lukuaika\" \/>\n\t<meta name=\"twitter:data1\" content=\"1 minuutti\" \/>\n<script type=\"application\/ld+json\" class=\"yoast-schema-graph\">{\"@context\":\"https:\\\/\\\/schema.org\",\"@graph\":[{\"@type\":\"WebPage\",\"@id\":\"https:\\\/\\\/rodoaed.ee\\\/fi\\\/toode\\\/mini-uima-allas-xxl-taydellinen-setti-led-valolla-lammitysmatolla-ja-termostaatilla-59x39x27cm\\\/\",\"url\":\"https:\\\/\\\/rodoaed.ee\\\/fi\\\/toode\\\/mini-uima-allas-xxl-taydellinen-setti-led-valolla-lammitysmatolla-ja-termostaatilla-59x39x27cm\\\/\",\"name\":\"Mini uima-allas XXL t\u00e4ydellinen setti LED-valolla, l\u00e4mmitysmatolla ja termostaatilla 59x39x27cm -% Rhododendronin minikasvihuoneet\",\"isPartOf\":{\"@id\":\"https:\\\/\\\/rodoaed.ee\\\/#website\"},\"primaryImageOfPage\":{\"@id\":\"https:\\\/\\\/rodoaed.ee\\\/fi\\\/toode\\\/mini-uima-allas-xxl-taydellinen-setti-led-valolla-lammitysmatolla-ja-termostaatilla-59x39x27cm\\\/#primaryimage\"},\"image\":{\"@id\":\"https:\\\/\\\/rodoaed.ee\\\/fi\\\/toode\\\/mini-uima-allas-xxl-taydellinen-setti-led-valolla-lammitysmatolla-ja-termostaatilla-59x39x27cm\\\/#primaryimage\"},\"thumbnailUrl\":\"https:\\\/\\\/rodoaed.ee\\\/wp-content\\\/uploads\\\/2021\\\/01\\\/Minikasvuhoone-XXL-complete_12094301_a_web.jpg\",\"datePublished\":\"2021-01-14T09:34:34+00:00\",\"dateModified\":\"2026-04-13T07:56:07+00:00\",\"description\":\"Alankomaissa sijaitseva minikasvihuone, joka mahtuu siististi ikkunalaudalle ja on erinomainen tapa id\u00e4tt\u00e4\u00e4 siemeni\u00e4 ja kasvattaa ruokakasveja.\",\"breadcrumb\":{\"@id\":\"https:\\\/\\\/rodoaed.ee\\\/fi\\\/toode\\\/mini-uima-allas-xxl-taydellinen-setti-led-valolla-lammitysmatolla-ja-termostaatilla-59x39x27cm\\\/#breadcrumb\"},\"inLanguage\":\"fi\",\"potentialAction\":[{\"@type\":\"ReadAction\",\"target\":[\"https:\\\/\\\/rodoaed.ee\\\/fi\\\/toode\\\/mini-uima-allas-xxl-taydellinen-setti-led-valolla-lammitysmatolla-ja-termostaatilla-59x39x27cm\\\/\"]}]},{\"@type\":\"ImageObject\",\"inLanguage\":\"fi\",\"@id\":\"https:\\\/\\\/rodoaed.ee\\\/fi\\\/toode\\\/mini-uima-allas-xxl-taydellinen-setti-led-valolla-lammitysmatolla-ja-termostaatilla-59x39x27cm\\\/#primaryimage\",\"url\":\"https:\\\/\\\/rodoaed.ee\\\/wp-content\\\/uploads\\\/2021\\\/01\\\/Minikasvuhoone-XXL-complete_12094301_a_web.jpg\",\"contentUrl\":\"https:\\\/\\\/rodoaed.ee\\\/wp-content\\\/uploads\\\/2021\\\/01\\\/Minikasvuhoone-XXL-complete_12094301_a_web.jpg\",\"width\":1772,\"height\":1229,\"caption\":\"miniatyyri kerrostalot\"},{\"@type\":\"BreadcrumbList\",\"@id\":\"https:\\\/\\\/rodoaed.ee\\\/fi\\\/toode\\\/mini-uima-allas-xxl-taydellinen-setti-led-valolla-lammitysmatolla-ja-termostaatilla-59x39x27cm\\\/#breadcrumb\",\"itemListElement\":[{\"@type\":\"ListItem\",\"position\":1,\"name\":\"Home\",\"item\":\"https:\\\/\\\/rodoaed.ee\\\/fi\\\/\"},{\"@type\":\"ListItem\",\"position\":2,\"name\":\"Osta osoitteessa\",\"item\":\"https:\\\/\\\/rodoaed.ee\\\/osta-osoitteessa\\\/\"},{\"@type\":\"ListItem\",\"position\":3,\"name\":\"Mini uima-allas XXL t\u00e4ydellinen setti LED-valolla, l\u00e4mmitysmatolla ja termostaatilla 59x39x27cm\"}]},{\"@type\":\"WebSite\",\"@id\":\"https:\\\/\\\/rodoaed.ee\\\/#website\",\"url\":\"https:\\\/\\\/rodoaed.ee\\\/\",\"name\":\"Rodoaed\",\"description\":\"\",\"publisher\":{\"@id\":\"https:\\\/\\\/rodoaed.ee\\\/#organization\"},\"potentialAction\":[{\"@type\":\"SearchAction\",\"target\":{\"@type\":\"EntryPoint\",\"urlTemplate\":\"https:\\\/\\\/rodoaed.ee\\\/?s={search_term_string}\"},\"query-input\":{\"@type\":\"PropertyValueSpecification\",\"valueRequired\":true,\"valueName\":\"search_term_string\"}}],\"inLanguage\":\"fi\"},{\"@type\":\"Organization\",\"@id\":\"https:\\\/\\\/rodoaed.ee\\\/#organization\",\"name\":\"Rodoaed\",\"url\":\"https:\\\/\\\/rodoaed.ee\\\/\",\"logo\":{\"@type\":\"ImageObject\",\"inLanguage\":\"fi\",\"@id\":\"https:\\\/\\\/rodoaed.ee\\\/#\\\/schema\\\/logo\\\/image\\\/\",\"url\":\"https:\\\/\\\/rodoaed.ee\\\/wp-content\\\/uploads\\\/2019\\\/11\\\/rodoaed-logo-ilma-taustata.jpg\",\"contentUrl\":\"https:\\\/\\\/rodoaed.ee\\\/wp-content\\\/uploads\\\/2019\\\/11\\\/rodoaed-logo-ilma-taustata.jpg\",\"width\":769,\"height\":268,\"caption\":\"Rodoaed\"},\"image\":{\"@id\":\"https:\\\/\\\/rodoaed.ee\\\/#\\\/schema\\\/logo\\\/image\\\/\"},\"sameAs\":[\"https:\\\/\\\/www.facebook.com\\\/kasvuhooned\\\/\",\"https:\\\/\\\/rodoaed.ee\"]}]}<\/script>\n<!-- \/ Yoast SEO Premium plugin. -->","yoast_head_json":{"title":"Mini uima-allas XXL t\u00e4ydellinen setti LED-valolla, l\u00e4mmitysmatolla ja termostaatilla 59x39x27cm -% Rhododendronin minikasvihuoneet","description":"Alankomaissa sijaitseva minikasvihuone, joka mahtuu siististi ikkunalaudalle ja on erinomainen tapa id\u00e4tt\u00e4\u00e4 siemeni\u00e4 ja kasvattaa ruokakasveja.","robots":{"index":"index","follow":"follow","max-snippet":"max-snippet:-1","max-image-preview":"max-image-preview:large","max-video-preview":"max-video-preview:-1"},"canonical":"https:\/\/rodoaed.ee\/fi\/toode\/mini-uima-allas-xxl-taydellinen-setti-led-valolla-lammitysmatolla-ja-termostaatilla-59x39x27cm\/","og_locale":"fi_FI","og_type":"article","og_title":"Mini uima-allas XXL t\u00e4ydellinen setti LED-valolla, l\u00e4mmitysmatolla ja termostaatilla 59x39x27cm","og_description":"Mini XXL t\u00e4ydellinen setti: Tuuletettu minikasvihuone 59 x 39 cm, +2x LED-valot, + l\u00e4mmitysmatto, + digitaalinen termostaatti, + siemenalusta, jossa 77","og_url":"https:\/\/rodoaed.ee\/fi\/toode\/mini-uima-allas-xxl-taydellinen-setti-led-valolla-lammitysmatolla-ja-termostaatilla-59x39x27cm\/","og_site_name":"Rodoaed","article_publisher":"https:\/\/www.facebook.com\/kasvuhooned\/","article_modified_time":"2026-04-13T07:56:07+00:00","og_image":[{"width":1772,"height":1229,"url":"https:\/\/rodoaed.ee\/wp-content\/uploads\/2021\/01\/Minikasvuhoone-XXL-complete_12094301_a_web.jpg","type":"image\/jpeg"}],"twitter_card":"summary_large_image","twitter_misc":{"Arvioitu lukuaika":"1 minuutti"},"schema":{"@context":"https:\/\/schema.org","@graph":[{"@type":"WebPage","@id":"https:\/\/rodoaed.ee\/fi\/toode\/mini-uima-allas-xxl-taydellinen-setti-led-valolla-lammitysmatolla-ja-termostaatilla-59x39x27cm\/","url":"https:\/\/rodoaed.ee\/fi\/toode\/mini-uima-allas-xxl-taydellinen-setti-led-valolla-lammitysmatolla-ja-termostaatilla-59x39x27cm\/","name":"Mini uima-allas XXL t\u00e4ydellinen setti LED-valolla, l\u00e4mmitysmatolla ja termostaatilla 59x39x27cm -% Rhododendronin minikasvihuoneet","isPartOf":{"@id":"https:\/\/rodoaed.ee\/#website"},"primaryImageOfPage":{"@id":"https:\/\/rodoaed.ee\/fi\/toode\/mini-uima-allas-xxl-taydellinen-setti-led-valolla-lammitysmatolla-ja-termostaatilla-59x39x27cm\/#primaryimage"},"image":{"@id":"https:\/\/rodoaed.ee\/fi\/toode\/mini-uima-allas-xxl-taydellinen-setti-led-valolla-lammitysmatolla-ja-termostaatilla-59x39x27cm\/#primaryimage"},"thumbnailUrl":"https:\/\/rodoaed.ee\/wp-content\/uploads\/2021\/01\/Minikasvuhoone-XXL-complete_12094301_a_web.jpg","datePublished":"2021-01-14T09:34:34+00:00","dateModified":"2026-04-13T07:56:07+00:00","description":"Alankomaissa sijaitseva minikasvihuone, joka mahtuu siististi ikkunalaudalle ja on erinomainen tapa id\u00e4tt\u00e4\u00e4 siemeni\u00e4 ja kasvattaa ruokakasveja.","breadcrumb":{"@id":"https:\/\/rodoaed.ee\/fi\/toode\/mini-uima-allas-xxl-taydellinen-setti-led-valolla-lammitysmatolla-ja-termostaatilla-59x39x27cm\/#breadcrumb"},"inLanguage":"fi","potentialAction":[{"@type":"ReadAction","target":["https:\/\/rodoaed.ee\/fi\/toode\/mini-uima-allas-xxl-taydellinen-setti-led-valolla-lammitysmatolla-ja-termostaatilla-59x39x27cm\/"]}]},{"@type":"ImageObject","inLanguage":"fi","@id":"https:\/\/rodoaed.ee\/fi\/toode\/mini-uima-allas-xxl-taydellinen-setti-led-valolla-lammitysmatolla-ja-termostaatilla-59x39x27cm\/#primaryimage","url":"https:\/\/rodoaed.ee\/wp-content\/uploads\/2021\/01\/Minikasvuhoone-XXL-complete_12094301_a_web.jpg","contentUrl":"https:\/\/rodoaed.ee\/wp-content\/uploads\/2021\/01\/Minikasvuhoone-XXL-complete_12094301_a_web.jpg","width":1772,"height":1229,"caption":"miniatyyri kerrostalot"},{"@type":"BreadcrumbList","@id":"https:\/\/rodoaed.ee\/fi\/toode\/mini-uima-allas-xxl-taydellinen-setti-led-valolla-lammitysmatolla-ja-termostaatilla-59x39x27cm\/#breadcrumb","itemListElement":[{"@type":"ListItem","position":1,"name":"Home","item":"https:\/\/rodoaed.ee\/fi\/"},{"@type":"ListItem","position":2,"name":"Osta osoitteessa","item":"https:\/\/rodoaed.ee\/osta-osoitteessa\/"},{"@type":"ListItem","position":3,"name":"Mini uima-allas XXL t\u00e4ydellinen setti LED-valolla, l\u00e4mmitysmatolla ja termostaatilla 59x39x27cm"}]},{"@type":"WebSite","@id":"https:\/\/rodoaed.ee\/#website","url":"https:\/\/rodoaed.ee\/","name":"Rodoaed","description":"","publisher":{"@id":"https:\/\/rodoaed.ee\/#organization"},"potentialAction":[{"@type":"SearchAction","target":{"@type":"EntryPoint","urlTemplate":"https:\/\/rodoaed.ee\/?s={search_term_string}"},"query-input":{"@type":"PropertyValueSpecification","valueRequired":true,"valueName":"search_term_string"}}],"inLanguage":"fi"},{"@type":"Organization","@id":"https:\/\/rodoaed.ee\/#organization","name":"Rodoaed","url":"https:\/\/rodoaed.ee\/","logo":{"@type":"ImageObject","inLanguage":"fi","@id":"https:\/\/rodoaed.ee\/#\/schema\/logo\/image\/","url":"https:\/\/rodoaed.ee\/wp-content\/uploads\/2019\/11\/rodoaed-logo-ilma-taustata.jpg","contentUrl":"https:\/\/rodoaed.ee\/wp-content\/uploads\/2019\/11\/rodoaed-logo-ilma-taustata.jpg","width":769,"height":268,"caption":"Rodoaed"},"image":{"@id":"https:\/\/rodoaed.ee\/#\/schema\/logo\/image\/"},"sameAs":["https:\/\/www.facebook.com\/kasvuhooned\/","https:\/\/rodoaed.ee"]}]}},"_links":{"self":[{"href":"https:\/\/rodoaed.ee\/fi\/wp-json\/wp\/v2\/product\/52854","targetHints":{"allow":["GET"]}}],"collection":[{"href":"https:\/\/rodoaed.ee\/fi\/wp-json\/wp\/v2\/product"}],"about":[{"href":"https:\/\/rodoaed.ee\/fi\/wp-json\/wp\/v2\/types\/product"}],"wp:featuredmedia":[{"embeddable":true,"href":"https:\/\/rodoaed.ee\/fi\/wp-json\/wp\/v2\/media\/35732"}],"wp:attachment":[{"href":"https:\/\/rodoaed.ee\/fi\/wp-json\/wp\/v2\/media?parent=52854"}],"wp:term":[{"taxonomy":"product_brand","embeddable":true,"href":"https:\/\/rodoaed.ee\/fi\/wp-json\/wp\/v2\/product_brand?post=52854"},{"taxonomy":"product_cat","embeddable":true,"href":"https:\/\/rodoaed.ee\/fi\/wp-json\/wp\/v2\/product_cat?post=52854"},{"taxonomy":"product_tag","embeddable":true,"href":"https:\/\/rodoaed.ee\/fi\/wp-json\/wp\/v2\/product_tag?post=52854"}],"curies":[{"name":"wp","href":"https:\/\/api.w.org\/{rel}","templated":true}]}}