{"id":52855,"date":"2021-01-14T14:43:27","date_gmt":"2021-01-14T12:43:27","guid":{"rendered":"https:\/\/rodoaed.ee\/toode\/siemenalusta-boqube-s-kerma-kupari-28x12x5cm\/"},"modified":"2026-04-13T10:56:08","modified_gmt":"2026-04-13T07:56:08","slug":"siemenalusta-boqube-s-kerma-kupari-28x12x5cm","status":"publish","type":"product","link":"https:\/\/rodoaed.ee\/fi\/tuote\/siemenalusta-boqube-s-kerma-kupari-28x12x5cm\/","title":{"rendered":"Siemenalusta BOQUBE S, kerma-kupari 28x12x5cm"},"content":{"rendered":"<h3>Kylv\u00f6laatikko ja minikasvihuone BOQUBE S, alaosa 28 x 12 x 5 cm<\/h3>\n<p><strong>Sopii siististi ikkunalaudalle, ja se on erinomainen tapa id\u00e4tt\u00e4\u00e4 siemeni\u00e4 ja kasvattaa kasveja.<\/strong><\/p>\n<p>Kauniisti muotoiltu siemenalusta kaikenlaisille siemenille. Siemenalustan pohjassa on 8 kaivoa istutusalustoille, joihin voit kylv\u00e4\u00e4 siemenet suoraan ja istuttaa ne sitten juuripallon avulla. Voit k\u00e4tev\u00e4sti kastella taimet suoraan kaivosta pohjaan.  <\/p>\n<p>Jos lis\u00e4\u00e4t istutuslaatikkoon l\u00e4pin\u00e4kyv\u00e4n yl\u00e4osan, sinulla on jo k\u00e4yt\u00e4nn\u00f6llinen minikasvihuonepakkaus.<\/p>\n<p>Kun kasvit ovat tarpeeksi vahvoja, voit istuttaa ne juuripallon kanssa ja muuttaa minikasvihuoneen hetkess\u00e4 kauniiksi astiaksi. Sinun tarvitsee vain laittaa l\u00e4pin\u00e4kyv\u00e4 kansi p\u00e4\u00e4lle ja irrottaa lokero pohjasta. Nyt voit t\u00e4ytt\u00e4\u00e4 astian kasvualustalla ja istuttaa kasvit sis\u00e4lle. K\u00e4yt\u00e4 sit\u00e4 esimerkiksi parvekkeen istutusastiana tai kasvata yrttej\u00e4 keitti\u00f6n p\u00f6yd\u00e4ll\u00e4. Eritt\u00e4in kaunis muotoilu.    <\/p>\n<h4>Tekniset tiedot<\/h4>\n<ul>\n<li>Eritt\u00e4in vahva elintarvikelaatuinen materiaali<\/li>\n<li>Materiaali: PP (polypropeeni)<\/li>\n<li>L\u00e4pin\u00e4kyv\u00e4 kansi, jossa on tuuletusaukot<\/li>\n<li>V\u00e4ri: kermanv\u00e4rinen pohja, kuparinruskea reuna.<\/li>\n<li>Mitat: 28 x 12 x 5 cm<\/li>\n<li>Eritt\u00e4in vakaa ja helppo puhdistaa<\/li>\n<li>Ihanteellinen taimien ja pistokkaiden kasvatukseen<\/li>\n<li>Pohjalevyss\u00e4 on syvennykset 8 kasvitabletille.<\/li>\n<li>Valmistettu Saksassa<\/li>\n<\/ul>\n<div><a href=\"https:\/\/rodoaed.ee\/fi\/\">kotisivu<\/a> <a href=\"https:\/\/rodoaed.ee\/tootekategooria\/kasvuhooned-ja-talveaiad\/\">k\u00e4ynnist\u00e4<\/a> <a href=\"https:\/\/rodoaed.ee\/fi\/tootekategooria\/kasvihuoneen-tarvikkeet\/\">tarvikkeet<\/a> <a href=\"https:\/\/rodoaed.ee\/tootekategooria\/kasvihuoneen-tarvikkeet\/kasvuhoone-kute\/\">l\u00e4mmitys<\/a><\/div>\n<div><\/div>\n","protected":false},"excerpt":{"rendered":"<p>Kylv\u00f6laatikko ja minikasvihuone BOQUBE S, alaosa 28 x 12 x 5 cm Sopii siististi ikkunalaudalle, ja se on erinomainen tapa id\u00e4tt\u00e4\u00e4 siemeni\u00e4 ja kasvattaa kasveja. Kauniisti muotoiltu siemenalusta kaikenlaisille siemenille. Siemenalustan pohjassa on 8 kaivoa istutusalustoille, joihin voit kylv\u00e4\u00e4 siemenet suoraan ja istuttaa ne sitten juuripallon avulla. Voit k\u00e4tev\u00e4sti kastella taimet suoraan kaivosta pohjaan. Jos lis\u00e4\u00e4t istutuslaatikkoon l\u00e4pin\u00e4kyv\u00e4n yl\u00e4osan, sinulla on jo k\u00e4yt\u00e4nn\u00f6llinen minikasvihuonepakkaus. Kun&#8230;<\/p>\n","protected":false},"featured_media":35744,"template":"","meta":{"_acf_changed":false},"product_brand":[],"product_cat":[1811,1814],"product_tag":[],"class_list":{"0":"post-52855","1":"product","2":"type-product","3":"status-publish","4":"has-post-thumbnail","6":"product_cat-kasvien-kasvattaminen","7":"product_cat-kylvo-ja-siemenlaatikot","8":"product_shipping_class-toimitus-1-3-tyopaivan-kuluessa","9":"pa_variatsioon-7-uutuus-minikasvihuone-alankomaissa-lammityksella-ja-automaattisella-kastelujarjestelmalla-varustettuna","11":"first","12":"instock","13":"sale","14":"taxable","15":"shipping-taxable","16":"purchasable","17":"product-type-simple"},"acf":[],"yoast_head":"<!-- This site is optimized with the Yoast SEO Premium plugin v27.3 (Yoast SEO v27.3) - https:\/\/yoast.com\/product\/yoast-seo-premium-wordpress\/ -->\n<title>Siemenalusta BOQUBE S, kerma-kupari 28x12x5cm -% Rhododendronin minikasvihuoneet<\/title>\n<meta name=\"description\" content=\"Alankomaissa sijaitseva minikasvihuone, joka mahtuu siististi ikkunalaudalle ja on erinomainen tapa id\u00e4tt\u00e4\u00e4 siemeni\u00e4 ja kasvattaa ruokakasveja.\" \/>\n<meta name=\"robots\" content=\"index, follow, max-snippet:-1, max-image-preview:large, max-video-preview:-1\" \/>\n<link rel=\"canonical\" href=\"https:\/\/rodoaed.ee\/fi\/toode\/siemenalusta-boqube-s-kerma-kupari-28x12x5cm\/\" \/>\n<meta property=\"og:locale\" content=\"fi_FI\" \/>\n<meta property=\"og:type\" content=\"article\" \/>\n<meta property=\"og:title\" content=\"Siemenalusta BOQUBE S, kerma-kupari 28x12x5cm\" \/>\n<meta property=\"og:description\" content=\"Kylv\u00f6laatikko ja minikasvihuone BOQUBE S, alaosa 28 x 12 x 5 cm Sopii siististi ikkunalaudalle, ja se on erinomainen tapa id\u00e4tt\u00e4\u00e4 siemeni\u00e4 ja kasvattaa\" \/>\n<meta property=\"og:url\" content=\"https:\/\/rodoaed.ee\/fi\/toode\/siemenalusta-boqube-s-kerma-kupari-28x12x5cm\/\" \/>\n<meta property=\"og:site_name\" content=\"Rodoaed\" \/>\n<meta property=\"article:publisher\" content=\"https:\/\/www.facebook.com\/kasvuhooned\/\" \/>\n<meta property=\"article:modified_time\" content=\"2026-04-13T07:56:08+00:00\" \/>\n<meta property=\"og:image\" content=\"https:\/\/rodoaed.ee\/wp-content\/uploads\/2021\/01\/16294197_web.jpg\" \/>\n\t<meta property=\"og:image:width\" content=\"1772\" \/>\n\t<meta property=\"og:image:height\" content=\"963\" \/>\n\t<meta property=\"og:image:type\" content=\"image\/jpeg\" \/>\n<meta name=\"twitter:card\" content=\"summary_large_image\" \/>\n<meta name=\"twitter:label1\" content=\"Arvioitu lukuaika\" \/>\n\t<meta name=\"twitter:data1\" content=\"1 minuutti\" \/>\n<script type=\"application\/ld+json\" class=\"yoast-schema-graph\">{\"@context\":\"https:\\\/\\\/schema.org\",\"@graph\":[{\"@type\":\"WebPage\",\"@id\":\"https:\\\/\\\/rodoaed.ee\\\/fi\\\/toode\\\/siemenalusta-boqube-s-kerma-kupari-28x12x5cm\\\/\",\"url\":\"https:\\\/\\\/rodoaed.ee\\\/fi\\\/toode\\\/siemenalusta-boqube-s-kerma-kupari-28x12x5cm\\\/\",\"name\":\"Siemenalusta BOQUBE S, kerma-kupari 28x12x5cm -% Rhododendronin minikasvihuoneet\",\"isPartOf\":{\"@id\":\"https:\\\/\\\/rodoaed.ee\\\/#website\"},\"primaryImageOfPage\":{\"@id\":\"https:\\\/\\\/rodoaed.ee\\\/fi\\\/toode\\\/siemenalusta-boqube-s-kerma-kupari-28x12x5cm\\\/#primaryimage\"},\"image\":{\"@id\":\"https:\\\/\\\/rodoaed.ee\\\/fi\\\/toode\\\/siemenalusta-boqube-s-kerma-kupari-28x12x5cm\\\/#primaryimage\"},\"thumbnailUrl\":\"https:\\\/\\\/rodoaed.ee\\\/wp-content\\\/uploads\\\/2021\\\/01\\\/16294197_web.jpg\",\"datePublished\":\"2021-01-14T12:43:27+00:00\",\"dateModified\":\"2026-04-13T07:56:08+00:00\",\"description\":\"Alankomaissa sijaitseva minikasvihuone, joka mahtuu siististi ikkunalaudalle ja on erinomainen tapa id\u00e4tt\u00e4\u00e4 siemeni\u00e4 ja kasvattaa ruokakasveja.\",\"breadcrumb\":{\"@id\":\"https:\\\/\\\/rodoaed.ee\\\/fi\\\/toode\\\/siemenalusta-boqube-s-kerma-kupari-28x12x5cm\\\/#breadcrumb\"},\"inLanguage\":\"fi\",\"potentialAction\":[{\"@type\":\"ReadAction\",\"target\":[\"https:\\\/\\\/rodoaed.ee\\\/fi\\\/toode\\\/siemenalusta-boqube-s-kerma-kupari-28x12x5cm\\\/\"]}]},{\"@type\":\"ImageObject\",\"inLanguage\":\"fi\",\"@id\":\"https:\\\/\\\/rodoaed.ee\\\/fi\\\/toode\\\/siemenalusta-boqube-s-kerma-kupari-28x12x5cm\\\/#primaryimage\",\"url\":\"https:\\\/\\\/rodoaed.ee\\\/wp-content\\\/uploads\\\/2021\\\/01\\\/16294197_web.jpg\",\"contentUrl\":\"https:\\\/\\\/rodoaed.ee\\\/wp-content\\\/uploads\\\/2021\\\/01\\\/16294197_web.jpg\",\"width\":1772,\"height\":963},{\"@type\":\"BreadcrumbList\",\"@id\":\"https:\\\/\\\/rodoaed.ee\\\/fi\\\/toode\\\/siemenalusta-boqube-s-kerma-kupari-28x12x5cm\\\/#breadcrumb\",\"itemListElement\":[{\"@type\":\"ListItem\",\"position\":1,\"name\":\"Home\",\"item\":\"https:\\\/\\\/rodoaed.ee\\\/fi\\\/\"},{\"@type\":\"ListItem\",\"position\":2,\"name\":\"Osta osoitteessa\",\"item\":\"https:\\\/\\\/rodoaed.ee\\\/osta-osoitteessa\\\/\"},{\"@type\":\"ListItem\",\"position\":3,\"name\":\"Siemenalusta BOQUBE S, kerma-kupari 28x12x5cm\"}]},{\"@type\":\"WebSite\",\"@id\":\"https:\\\/\\\/rodoaed.ee\\\/#website\",\"url\":\"https:\\\/\\\/rodoaed.ee\\\/\",\"name\":\"Rodoaed\",\"description\":\"\",\"publisher\":{\"@id\":\"https:\\\/\\\/rodoaed.ee\\\/#organization\"},\"potentialAction\":[{\"@type\":\"SearchAction\",\"target\":{\"@type\":\"EntryPoint\",\"urlTemplate\":\"https:\\\/\\\/rodoaed.ee\\\/?s={search_term_string}\"},\"query-input\":{\"@type\":\"PropertyValueSpecification\",\"valueRequired\":true,\"valueName\":\"search_term_string\"}}],\"inLanguage\":\"fi\"},{\"@type\":\"Organization\",\"@id\":\"https:\\\/\\\/rodoaed.ee\\\/#organization\",\"name\":\"Rodoaed\",\"url\":\"https:\\\/\\\/rodoaed.ee\\\/\",\"logo\":{\"@type\":\"ImageObject\",\"inLanguage\":\"fi\",\"@id\":\"https:\\\/\\\/rodoaed.ee\\\/#\\\/schema\\\/logo\\\/image\\\/\",\"url\":\"https:\\\/\\\/rodoaed.ee\\\/wp-content\\\/uploads\\\/2019\\\/11\\\/rodoaed-logo-ilma-taustata.jpg\",\"contentUrl\":\"https:\\\/\\\/rodoaed.ee\\\/wp-content\\\/uploads\\\/2019\\\/11\\\/rodoaed-logo-ilma-taustata.jpg\",\"width\":769,\"height\":268,\"caption\":\"Rodoaed\"},\"image\":{\"@id\":\"https:\\\/\\\/rodoaed.ee\\\/#\\\/schema\\\/logo\\\/image\\\/\"},\"sameAs\":[\"https:\\\/\\\/www.facebook.com\\\/kasvuhooned\\\/\",\"https:\\\/\\\/rodoaed.ee\"]}]}<\/script>\n<!-- \/ Yoast SEO Premium plugin. -->","yoast_head_json":{"title":"Siemenalusta BOQUBE S, kerma-kupari 28x12x5cm -% Rhododendronin minikasvihuoneet","description":"Alankomaissa sijaitseva minikasvihuone, joka mahtuu siististi ikkunalaudalle ja on erinomainen tapa id\u00e4tt\u00e4\u00e4 siemeni\u00e4 ja kasvattaa ruokakasveja.","robots":{"index":"index","follow":"follow","max-snippet":"max-snippet:-1","max-image-preview":"max-image-preview:large","max-video-preview":"max-video-preview:-1"},"canonical":"https:\/\/rodoaed.ee\/fi\/toode\/siemenalusta-boqube-s-kerma-kupari-28x12x5cm\/","og_locale":"fi_FI","og_type":"article","og_title":"Siemenalusta BOQUBE S, kerma-kupari 28x12x5cm","og_description":"Kylv\u00f6laatikko ja minikasvihuone BOQUBE S, alaosa 28 x 12 x 5 cm Sopii siististi ikkunalaudalle, ja se on erinomainen tapa id\u00e4tt\u00e4\u00e4 siemeni\u00e4 ja kasvattaa","og_url":"https:\/\/rodoaed.ee\/fi\/toode\/siemenalusta-boqube-s-kerma-kupari-28x12x5cm\/","og_site_name":"Rodoaed","article_publisher":"https:\/\/www.facebook.com\/kasvuhooned\/","article_modified_time":"2026-04-13T07:56:08+00:00","og_image":[{"width":1772,"height":963,"url":"https:\/\/rodoaed.ee\/wp-content\/uploads\/2021\/01\/16294197_web.jpg","type":"image\/jpeg"}],"twitter_card":"summary_large_image","twitter_misc":{"Arvioitu lukuaika":"1 minuutti"},"schema":{"@context":"https:\/\/schema.org","@graph":[{"@type":"WebPage","@id":"https:\/\/rodoaed.ee\/fi\/toode\/siemenalusta-boqube-s-kerma-kupari-28x12x5cm\/","url":"https:\/\/rodoaed.ee\/fi\/toode\/siemenalusta-boqube-s-kerma-kupari-28x12x5cm\/","name":"Siemenalusta BOQUBE S, kerma-kupari 28x12x5cm -% Rhododendronin minikasvihuoneet","isPartOf":{"@id":"https:\/\/rodoaed.ee\/#website"},"primaryImageOfPage":{"@id":"https:\/\/rodoaed.ee\/fi\/toode\/siemenalusta-boqube-s-kerma-kupari-28x12x5cm\/#primaryimage"},"image":{"@id":"https:\/\/rodoaed.ee\/fi\/toode\/siemenalusta-boqube-s-kerma-kupari-28x12x5cm\/#primaryimage"},"thumbnailUrl":"https:\/\/rodoaed.ee\/wp-content\/uploads\/2021\/01\/16294197_web.jpg","datePublished":"2021-01-14T12:43:27+00:00","dateModified":"2026-04-13T07:56:08+00:00","description":"Alankomaissa sijaitseva minikasvihuone, joka mahtuu siististi ikkunalaudalle ja on erinomainen tapa id\u00e4tt\u00e4\u00e4 siemeni\u00e4 ja kasvattaa ruokakasveja.","breadcrumb":{"@id":"https:\/\/rodoaed.ee\/fi\/toode\/siemenalusta-boqube-s-kerma-kupari-28x12x5cm\/#breadcrumb"},"inLanguage":"fi","potentialAction":[{"@type":"ReadAction","target":["https:\/\/rodoaed.ee\/fi\/toode\/siemenalusta-boqube-s-kerma-kupari-28x12x5cm\/"]}]},{"@type":"ImageObject","inLanguage":"fi","@id":"https:\/\/rodoaed.ee\/fi\/toode\/siemenalusta-boqube-s-kerma-kupari-28x12x5cm\/#primaryimage","url":"https:\/\/rodoaed.ee\/wp-content\/uploads\/2021\/01\/16294197_web.jpg","contentUrl":"https:\/\/rodoaed.ee\/wp-content\/uploads\/2021\/01\/16294197_web.jpg","width":1772,"height":963},{"@type":"BreadcrumbList","@id":"https:\/\/rodoaed.ee\/fi\/toode\/siemenalusta-boqube-s-kerma-kupari-28x12x5cm\/#breadcrumb","itemListElement":[{"@type":"ListItem","position":1,"name":"Home","item":"https:\/\/rodoaed.ee\/fi\/"},{"@type":"ListItem","position":2,"name":"Osta osoitteessa","item":"https:\/\/rodoaed.ee\/osta-osoitteessa\/"},{"@type":"ListItem","position":3,"name":"Siemenalusta BOQUBE S, kerma-kupari 28x12x5cm"}]},{"@type":"WebSite","@id":"https:\/\/rodoaed.ee\/#website","url":"https:\/\/rodoaed.ee\/","name":"Rodoaed","description":"","publisher":{"@id":"https:\/\/rodoaed.ee\/#organization"},"potentialAction":[{"@type":"SearchAction","target":{"@type":"EntryPoint","urlTemplate":"https:\/\/rodoaed.ee\/?s={search_term_string}"},"query-input":{"@type":"PropertyValueSpecification","valueRequired":true,"valueName":"search_term_string"}}],"inLanguage":"fi"},{"@type":"Organization","@id":"https:\/\/rodoaed.ee\/#organization","name":"Rodoaed","url":"https:\/\/rodoaed.ee\/","logo":{"@type":"ImageObject","inLanguage":"fi","@id":"https:\/\/rodoaed.ee\/#\/schema\/logo\/image\/","url":"https:\/\/rodoaed.ee\/wp-content\/uploads\/2019\/11\/rodoaed-logo-ilma-taustata.jpg","contentUrl":"https:\/\/rodoaed.ee\/wp-content\/uploads\/2019\/11\/rodoaed-logo-ilma-taustata.jpg","width":769,"height":268,"caption":"Rodoaed"},"image":{"@id":"https:\/\/rodoaed.ee\/#\/schema\/logo\/image\/"},"sameAs":["https:\/\/www.facebook.com\/kasvuhooned\/","https:\/\/rodoaed.ee"]}]}},"_links":{"self":[{"href":"https:\/\/rodoaed.ee\/fi\/wp-json\/wp\/v2\/product\/52855","targetHints":{"allow":["GET"]}}],"collection":[{"href":"https:\/\/rodoaed.ee\/fi\/wp-json\/wp\/v2\/product"}],"about":[{"href":"https:\/\/rodoaed.ee\/fi\/wp-json\/wp\/v2\/types\/product"}],"wp:featuredmedia":[{"embeddable":true,"href":"https:\/\/rodoaed.ee\/fi\/wp-json\/wp\/v2\/media\/35744"}],"wp:attachment":[{"href":"https:\/\/rodoaed.ee\/fi\/wp-json\/wp\/v2\/media?parent=52855"}],"wp:term":[{"taxonomy":"product_brand","embeddable":true,"href":"https:\/\/rodoaed.ee\/fi\/wp-json\/wp\/v2\/product_brand?post=52855"},{"taxonomy":"product_cat","embeddable":true,"href":"https:\/\/rodoaed.ee\/fi\/wp-json\/wp\/v2\/product_cat?post=52855"},{"taxonomy":"product_tag","embeddable":true,"href":"https:\/\/rodoaed.ee\/fi\/wp-json\/wp\/v2\/product_tag?post=52855"}],"curies":[{"name":"wp","href":"https:\/\/api.w.org\/{rel}","templated":true}]}}