{"id":52860,"date":"2021-09-08T12:53:19","date_gmt":"2021-09-08T09:53:19","guid":{"rendered":"https:\/\/rodoaed.ee\/toode\/kasvihuone-hobby-9m2-236x380cm-setti\/"},"modified":"2026-04-13T10:56:14","modified_gmt":"2026-04-13T07:56:14","slug":"kasvihuone-hobby-9m2-236x380cm-setti","status":"publish","type":"product","link":"https:\/\/rodoaed.ee\/fi\/tuote\/kasvihuone-hobby-9m2-236x380cm-setti\/","title":{"rendered":"Kasvihuone Hobby 9m2 236x380cm setti"},"content":{"rendered":"<h2>Kasvihuoneen harrastussarja<\/h2>\n<ol>\n<li>Hobby Maxi Ventus 236x380cm, perusrunko, 10mm polykarbonaatti<\/li>\n<li>automaattiset avaimet 2kpl<\/li>\n<li>Yhdistelm\u00e4paketti (sein\u00e4t 4mm karkaistua lasia + katto kiinte\u00e4\u00e4 10mm polykarbonaattia).<\/li>\n<li>kotiinkuljetus<\/li>\n<\/ol>\n<p>Sarjan kampanjahinta yhteens\u00e4 2734,87 EUR<\/p>\n","protected":false},"excerpt":{"rendered":"<p>Kasvihuoneen harrastussarja Hobby Maxi Ventus 236x380cm, perusrunko, 10mm polykarbonaatti automaattiset avaimet 2kpl Yhdistelm\u00e4paketti (sein\u00e4t 4mm karkaistua lasia + katto kiinte\u00e4\u00e4 10mm polykarbonaattia). kotiinkuljetus Sarjan kampanjahinta yhteens\u00e4 2734,87 EUR<\/p>\n","protected":false},"featured_media":24008,"template":"","meta":{"_acf_changed":false},"product_brand":[],"product_cat":[1869,1943],"product_tag":[],"class_list":{"0":"post-52860","1":"product","2":"type-product","3":"status-publish","4":"has-post-thumbnail","6":"product_cat-kasvihuoneen-tarvikkeet","7":"product_cat-tropic-islandin-kasvutopit","8":"product_shipping_class-toimitus-5-7-tyopaivan-kuluessa","9":"pa_variatsioon-kasvihuone-tropical-island-l-kasvukelkka-10","11":"first","12":"instock","13":"taxable","14":"shipping-taxable","15":"purchasable","16":"product-type-simple"},"acf":[],"yoast_head":"<!-- This site is optimized with the Yoast SEO Premium plugin v27.3 (Yoast SEO v27.3) - https:\/\/yoast.com\/product\/yoast-seo-premium-wordpress\/ -->\n<title>Kasvihuone Hobby 9m2 236x380cm setti - Rodoaed<\/title>\n<meta name=\"description\" content=\"Tropical Island -kasvihuone on ihanteellinen ratkaisu ulkona talvehtiville pakkasta siet\u00e4ville kasveille.\" \/>\n<meta name=\"robots\" content=\"index, follow, max-snippet:-1, max-image-preview:large, max-video-preview:-1\" \/>\n<link rel=\"canonical\" href=\"https:\/\/rodoaed.ee\/fi\/toode\/kasvihuone-hobby-9m2-236x380cm-setti\/\" \/>\n<meta property=\"og:locale\" content=\"fi_FI\" \/>\n<meta property=\"og:type\" content=\"article\" \/>\n<meta property=\"og:title\" content=\"Kasvihuone Hobby 9m2 236x380cm setti\" \/>\n<meta property=\"og:description\" content=\"Kasvihuoneen harrastussarja Hobby Maxi Ventus 236x380cm, perusrunko, 10mm polykarbonaatti automaattiset avaimet 2kpl Yhdistelm\u00e4paketti (sein\u00e4t 4mm\" \/>\n<meta property=\"og:url\" content=\"https:\/\/rodoaed.ee\/fi\/toode\/kasvihuone-hobby-9m2-236x380cm-setti\/\" \/>\n<meta property=\"og:site_name\" content=\"Rodoaed\" \/>\n<meta property=\"article:publisher\" content=\"https:\/\/www.facebook.com\/kasvuhooned\/\" \/>\n<meta property=\"article:modified_time\" content=\"2026-04-13T07:56:14+00:00\" \/>\n<meta property=\"og:image\" content=\"https:\/\/rodoaed.ee\/wp-content\/uploads\/2019\/08\/hobby.jpg\" \/>\n\t<meta property=\"og:image:width\" content=\"800\" \/>\n\t<meta property=\"og:image:height\" content=\"709\" \/>\n\t<meta property=\"og:image:type\" content=\"image\/jpeg\" \/>\n<meta name=\"twitter:card\" content=\"summary_large_image\" \/>\n<script type=\"application\/ld+json\" class=\"yoast-schema-graph\">{\"@context\":\"https:\\\/\\\/schema.org\",\"@graph\":[{\"@type\":\"WebPage\",\"@id\":\"https:\\\/\\\/rodoaed.ee\\\/fi\\\/toode\\\/kasvihuone-hobby-9m2-236x380cm-setti\\\/\",\"url\":\"https:\\\/\\\/rodoaed.ee\\\/fi\\\/toode\\\/kasvihuone-hobby-9m2-236x380cm-setti\\\/\",\"name\":\"Kasvihuone Hobby 9m2 236x380cm setti - Rodoaed\",\"isPartOf\":{\"@id\":\"https:\\\/\\\/rodoaed.ee\\\/#website\"},\"primaryImageOfPage\":{\"@id\":\"https:\\\/\\\/rodoaed.ee\\\/fi\\\/toode\\\/kasvihuone-hobby-9m2-236x380cm-setti\\\/#primaryimage\"},\"image\":{\"@id\":\"https:\\\/\\\/rodoaed.ee\\\/fi\\\/toode\\\/kasvihuone-hobby-9m2-236x380cm-setti\\\/#primaryimage\"},\"thumbnailUrl\":\"https:\\\/\\\/rodoaed.ee\\\/wp-content\\\/uploads\\\/2019\\\/08\\\/hobby.jpg\",\"datePublished\":\"2021-09-08T09:53:19+00:00\",\"dateModified\":\"2026-04-13T07:56:14+00:00\",\"description\":\"Tropical Island -kasvihuone on ihanteellinen ratkaisu ulkona talvehtiville pakkasta siet\u00e4ville kasveille.\",\"breadcrumb\":{\"@id\":\"https:\\\/\\\/rodoaed.ee\\\/fi\\\/toode\\\/kasvihuone-hobby-9m2-236x380cm-setti\\\/#breadcrumb\"},\"inLanguage\":\"fi\",\"potentialAction\":[{\"@type\":\"ReadAction\",\"target\":[\"https:\\\/\\\/rodoaed.ee\\\/fi\\\/toode\\\/kasvihuone-hobby-9m2-236x380cm-setti\\\/\"]}]},{\"@type\":\"ImageObject\",\"inLanguage\":\"fi\",\"@id\":\"https:\\\/\\\/rodoaed.ee\\\/fi\\\/toode\\\/kasvihuone-hobby-9m2-236x380cm-setti\\\/#primaryimage\",\"url\":\"https:\\\/\\\/rodoaed.ee\\\/wp-content\\\/uploads\\\/2019\\\/08\\\/hobby.jpg\",\"contentUrl\":\"https:\\\/\\\/rodoaed.ee\\\/wp-content\\\/uploads\\\/2019\\\/08\\\/hobby.jpg\",\"width\":800,\"height\":709},{\"@type\":\"BreadcrumbList\",\"@id\":\"https:\\\/\\\/rodoaed.ee\\\/fi\\\/toode\\\/kasvihuone-hobby-9m2-236x380cm-setti\\\/#breadcrumb\",\"itemListElement\":[{\"@type\":\"ListItem\",\"position\":1,\"name\":\"Home\",\"item\":\"https:\\\/\\\/rodoaed.ee\\\/fi\\\/\"},{\"@type\":\"ListItem\",\"position\":2,\"name\":\"Osta osoitteessa\",\"item\":\"https:\\\/\\\/rodoaed.ee\\\/osta-osoitteessa\\\/\"},{\"@type\":\"ListItem\",\"position\":3,\"name\":\"Kasvihuone Hobby 9m2 236x380cm setti\"}]},{\"@type\":\"WebSite\",\"@id\":\"https:\\\/\\\/rodoaed.ee\\\/#website\",\"url\":\"https:\\\/\\\/rodoaed.ee\\\/\",\"name\":\"Rodoaed\",\"description\":\"\",\"publisher\":{\"@id\":\"https:\\\/\\\/rodoaed.ee\\\/#organization\"},\"potentialAction\":[{\"@type\":\"SearchAction\",\"target\":{\"@type\":\"EntryPoint\",\"urlTemplate\":\"https:\\\/\\\/rodoaed.ee\\\/?s={search_term_string}\"},\"query-input\":{\"@type\":\"PropertyValueSpecification\",\"valueRequired\":true,\"valueName\":\"search_term_string\"}}],\"inLanguage\":\"fi\"},{\"@type\":\"Organization\",\"@id\":\"https:\\\/\\\/rodoaed.ee\\\/#organization\",\"name\":\"Rodoaed\",\"url\":\"https:\\\/\\\/rodoaed.ee\\\/\",\"logo\":{\"@type\":\"ImageObject\",\"inLanguage\":\"fi\",\"@id\":\"https:\\\/\\\/rodoaed.ee\\\/#\\\/schema\\\/logo\\\/image\\\/\",\"url\":\"https:\\\/\\\/rodoaed.ee\\\/wp-content\\\/uploads\\\/2019\\\/11\\\/rodoaed-logo-ilma-taustata.jpg\",\"contentUrl\":\"https:\\\/\\\/rodoaed.ee\\\/wp-content\\\/uploads\\\/2019\\\/11\\\/rodoaed-logo-ilma-taustata.jpg\",\"width\":769,\"height\":268,\"caption\":\"Rodoaed\"},\"image\":{\"@id\":\"https:\\\/\\\/rodoaed.ee\\\/#\\\/schema\\\/logo\\\/image\\\/\"},\"sameAs\":[\"https:\\\/\\\/www.facebook.com\\\/kasvuhooned\\\/\",\"https:\\\/\\\/rodoaed.ee\"]}]}<\/script>\n<!-- \/ Yoast SEO Premium plugin. -->","yoast_head_json":{"title":"Kasvihuone Hobby 9m2 236x380cm setti - Rodoaed","description":"Tropical Island -kasvihuone on ihanteellinen ratkaisu ulkona talvehtiville pakkasta siet\u00e4ville kasveille.","robots":{"index":"index","follow":"follow","max-snippet":"max-snippet:-1","max-image-preview":"max-image-preview:large","max-video-preview":"max-video-preview:-1"},"canonical":"https:\/\/rodoaed.ee\/fi\/toode\/kasvihuone-hobby-9m2-236x380cm-setti\/","og_locale":"fi_FI","og_type":"article","og_title":"Kasvihuone Hobby 9m2 236x380cm setti","og_description":"Kasvihuoneen harrastussarja Hobby Maxi Ventus 236x380cm, perusrunko, 10mm polykarbonaatti automaattiset avaimet 2kpl Yhdistelm\u00e4paketti (sein\u00e4t 4mm","og_url":"https:\/\/rodoaed.ee\/fi\/toode\/kasvihuone-hobby-9m2-236x380cm-setti\/","og_site_name":"Rodoaed","article_publisher":"https:\/\/www.facebook.com\/kasvuhooned\/","article_modified_time":"2026-04-13T07:56:14+00:00","og_image":[{"width":800,"height":709,"url":"https:\/\/rodoaed.ee\/wp-content\/uploads\/2019\/08\/hobby.jpg","type":"image\/jpeg"}],"twitter_card":"summary_large_image","schema":{"@context":"https:\/\/schema.org","@graph":[{"@type":"WebPage","@id":"https:\/\/rodoaed.ee\/fi\/toode\/kasvihuone-hobby-9m2-236x380cm-setti\/","url":"https:\/\/rodoaed.ee\/fi\/toode\/kasvihuone-hobby-9m2-236x380cm-setti\/","name":"Kasvihuone Hobby 9m2 236x380cm setti - Rodoaed","isPartOf":{"@id":"https:\/\/rodoaed.ee\/#website"},"primaryImageOfPage":{"@id":"https:\/\/rodoaed.ee\/fi\/toode\/kasvihuone-hobby-9m2-236x380cm-setti\/#primaryimage"},"image":{"@id":"https:\/\/rodoaed.ee\/fi\/toode\/kasvihuone-hobby-9m2-236x380cm-setti\/#primaryimage"},"thumbnailUrl":"https:\/\/rodoaed.ee\/wp-content\/uploads\/2019\/08\/hobby.jpg","datePublished":"2021-09-08T09:53:19+00:00","dateModified":"2026-04-13T07:56:14+00:00","description":"Tropical Island -kasvihuone on ihanteellinen ratkaisu ulkona talvehtiville pakkasta siet\u00e4ville kasveille.","breadcrumb":{"@id":"https:\/\/rodoaed.ee\/fi\/toode\/kasvihuone-hobby-9m2-236x380cm-setti\/#breadcrumb"},"inLanguage":"fi","potentialAction":[{"@type":"ReadAction","target":["https:\/\/rodoaed.ee\/fi\/toode\/kasvihuone-hobby-9m2-236x380cm-setti\/"]}]},{"@type":"ImageObject","inLanguage":"fi","@id":"https:\/\/rodoaed.ee\/fi\/toode\/kasvihuone-hobby-9m2-236x380cm-setti\/#primaryimage","url":"https:\/\/rodoaed.ee\/wp-content\/uploads\/2019\/08\/hobby.jpg","contentUrl":"https:\/\/rodoaed.ee\/wp-content\/uploads\/2019\/08\/hobby.jpg","width":800,"height":709},{"@type":"BreadcrumbList","@id":"https:\/\/rodoaed.ee\/fi\/toode\/kasvihuone-hobby-9m2-236x380cm-setti\/#breadcrumb","itemListElement":[{"@type":"ListItem","position":1,"name":"Home","item":"https:\/\/rodoaed.ee\/fi\/"},{"@type":"ListItem","position":2,"name":"Osta osoitteessa","item":"https:\/\/rodoaed.ee\/osta-osoitteessa\/"},{"@type":"ListItem","position":3,"name":"Kasvihuone Hobby 9m2 236x380cm setti"}]},{"@type":"WebSite","@id":"https:\/\/rodoaed.ee\/#website","url":"https:\/\/rodoaed.ee\/","name":"Rodoaed","description":"","publisher":{"@id":"https:\/\/rodoaed.ee\/#organization"},"potentialAction":[{"@type":"SearchAction","target":{"@type":"EntryPoint","urlTemplate":"https:\/\/rodoaed.ee\/?s={search_term_string}"},"query-input":{"@type":"PropertyValueSpecification","valueRequired":true,"valueName":"search_term_string"}}],"inLanguage":"fi"},{"@type":"Organization","@id":"https:\/\/rodoaed.ee\/#organization","name":"Rodoaed","url":"https:\/\/rodoaed.ee\/","logo":{"@type":"ImageObject","inLanguage":"fi","@id":"https:\/\/rodoaed.ee\/#\/schema\/logo\/image\/","url":"https:\/\/rodoaed.ee\/wp-content\/uploads\/2019\/11\/rodoaed-logo-ilma-taustata.jpg","contentUrl":"https:\/\/rodoaed.ee\/wp-content\/uploads\/2019\/11\/rodoaed-logo-ilma-taustata.jpg","width":769,"height":268,"caption":"Rodoaed"},"image":{"@id":"https:\/\/rodoaed.ee\/#\/schema\/logo\/image\/"},"sameAs":["https:\/\/www.facebook.com\/kasvuhooned\/","https:\/\/rodoaed.ee"]}]}},"_links":{"self":[{"href":"https:\/\/rodoaed.ee\/fi\/wp-json\/wp\/v2\/product\/52860","targetHints":{"allow":["GET"]}}],"collection":[{"href":"https:\/\/rodoaed.ee\/fi\/wp-json\/wp\/v2\/product"}],"about":[{"href":"https:\/\/rodoaed.ee\/fi\/wp-json\/wp\/v2\/types\/product"}],"wp:featuredmedia":[{"embeddable":true,"href":"https:\/\/rodoaed.ee\/fi\/wp-json\/wp\/v2\/media\/24008"}],"wp:attachment":[{"href":"https:\/\/rodoaed.ee\/fi\/wp-json\/wp\/v2\/media?parent=52860"}],"wp:term":[{"taxonomy":"product_brand","embeddable":true,"href":"https:\/\/rodoaed.ee\/fi\/wp-json\/wp\/v2\/product_brand?post=52860"},{"taxonomy":"product_cat","embeddable":true,"href":"https:\/\/rodoaed.ee\/fi\/wp-json\/wp\/v2\/product_cat?post=52860"},{"taxonomy":"product_tag","embeddable":true,"href":"https:\/\/rodoaed.ee\/fi\/wp-json\/wp\/v2\/product_tag?post=52860"}],"curies":[{"name":"wp","href":"https:\/\/api.w.org\/{rel}","templated":true}]}}