{"id":52861,"date":"2022-01-10T14:38:16","date_gmt":"2022-01-10T12:38:16","guid":{"rendered":"https:\/\/rodoaed.ee\/toode\/siementen-valinta-mehilaisille-kukat-jotka-houkuttelevat-mehilaisia-puutarhaan\/"},"modified":"2026-04-13T10:56:14","modified_gmt":"2026-04-13T07:56:14","slug":"siementen-valinta-mehilaisille-kukat-jotka-houkuttelevat-mehilaisia-puutarhaan","status":"publish","type":"product","link":"https:\/\/rodoaed.ee\/fi\/tuote\/siementen-valinta-mehilaisille-kukat-jotka-houkuttelevat-mehilaisia-puutarhaan\/","title":{"rendered":"Siementen valinta mehil\u00e4isille &#8211; kukat, jotka houkuttelevat mehil\u00e4isi\u00e4 puutarhaan."},"content":{"rendered":"<h2>Siemenpakkaus, jossa on valikoima kukkien siemeni\u00e4, joista mehil\u00e4iset pit\u00e4v\u00e4t.<\/h2>\n<p>Mehil\u00e4isill\u00e4 on hyvin erityiset vaatimukset kasveille. Mehil\u00e4iset tarvitsevat runsaasti nektaria sis\u00e4lt\u00e4vi\u00e4 kukkia, joista ne voivat juoda mett\u00e4. Mehil\u00e4iset suosivat t\u00e4m\u00e4n eritt\u00e4in huolellisesti ja tarkoituksellisesti valitun siemenseoksen kukkivia kasveja. Kylv\u00e4 ne puutarhassasi koealalle tai nurmikolle ja odota j\u00e4nnitt\u00e4vi\u00e4 vierailijoita.   <\/p>\n<p>N\u00e4m\u00e4 siemenet on helppo kylv\u00e4\u00e4 ja ne it\u00e4v\u00e4t voimakkaasti.<\/p>\n<p>Pystyt\u00e4 pari hy\u00f6nteishotellia, joissa ne voivat asua.<\/p>\n<p><strong>Jatkaa kylv\u00f6\u00e4 noin 4 m2:iin asti<\/strong><\/p>\n<p><strong>Paino:<\/strong> 43 g<\/p>\n<div class=\"icon-link icon-link--left font-weight-normal mt-4\">\n<p>&nbsp;<\/p>\n<\/div>\n","protected":false},"excerpt":{"rendered":"<p>Siemenpakkaus, jossa on valikoima kukkien siemeni\u00e4, joista mehil\u00e4iset pit\u00e4v\u00e4t. Mehil\u00e4isill\u00e4 on hyvin erityiset vaatimukset kasveille. Mehil\u00e4iset tarvitsevat runsaasti nektaria sis\u00e4lt\u00e4vi\u00e4 kukkia, joista ne voivat juoda mett\u00e4. Mehil\u00e4iset suosivat t\u00e4m\u00e4n eritt\u00e4in huolellisesti ja tarkoituksellisesti valitun siemenseoksen kukkivia kasveja. Kylv\u00e4 ne puutarhassasi koealalle tai nurmikolle ja odota j\u00e4nnitt\u00e4vi\u00e4 vierailijoita. N\u00e4m\u00e4 siemenet on helppo kylv\u00e4\u00e4 ja ne it\u00e4v\u00e4t voimakkaasti. Pystyt\u00e4 pari hy\u00f6nteishotellia, joissa ne voivat asua. Jatkaa kylv\u00f6\u00e4&#8230;<\/p>\n","protected":false},"featured_media":39615,"template":"","meta":{"_acf_changed":false},"product_brand":[],"product_cat":[1854,1878,1743,1753,1884],"product_tag":[],"class_list":{"0":"post-52861","1":"product","2":"type-product","3":"status-publish","4":"has-post-thumbnail","6":"product_cat-hyonteishotellit","7":"product_cat-kilettimaiset-majat","8":"product_cat-lisalahjat-lahjat","9":"product_cat-siemenet","10":"product_cat-villielainpuutarhat","11":"product_shipping_class-toimitus-1-3-tyopaivan-kuluessa","12":"pa_variatsioon-puinen-traktori","14":"first","15":"outofstock","16":"sale","17":"taxable","18":"shipping-taxable","19":"purchasable","20":"product-type-simple"},"acf":[],"yoast_head":"<!-- This site is optimized with the Yoast SEO Premium plugin v27.3 (Yoast SEO v27.3) - https:\/\/yoast.com\/product\/yoast-seo-premium-wordpress\/ -->\n<title>Siementen valinta mehil\u00e4isille - kukat, jotka houkuttelevat mehil\u00e4isi\u00e4 puutarhaan. - Rodoaed<\/title>\n<meta name=\"robots\" content=\"index, follow, max-snippet:-1, max-image-preview:large, max-video-preview:-1\" \/>\n<link rel=\"canonical\" href=\"https:\/\/rodoaed.ee\/fi\/toode\/siementen-valinta-mehilaisille-kukat-jotka-houkuttelevat-mehilaisia-puutarhaan\/\" \/>\n<meta property=\"og:locale\" content=\"fi_FI\" \/>\n<meta property=\"og:type\" content=\"article\" \/>\n<meta property=\"og:title\" content=\"Siementen valinta mehil\u00e4isille - kukat, jotka houkuttelevat mehil\u00e4isi\u00e4 puutarhaan.\" \/>\n<meta property=\"og:description\" content=\"Siemenpakkaus, jossa on valikoima kukkien siemeni\u00e4, joista mehil\u00e4iset pit\u00e4v\u00e4t. Mehil\u00e4isill\u00e4 on hyvin erityiset vaatimukset kasveille. Mehil\u00e4iset\" \/>\n<meta property=\"og:url\" content=\"https:\/\/rodoaed.ee\/fi\/toode\/siementen-valinta-mehilaisille-kukat-jotka-houkuttelevat-mehilaisia-puutarhaan\/\" \/>\n<meta property=\"og:site_name\" content=\"Rodoaed\" \/>\n<meta property=\"article:publisher\" content=\"https:\/\/www.facebook.com\/kasvuhooned\/\" \/>\n<meta property=\"article:modified_time\" content=\"2026-04-13T07:56:14+00:00\" \/>\n<meta property=\"og:image\" content=\"https:\/\/rodoaed.ee\/wp-content\/uploads\/2022\/01\/mesilasi-meelitavad-seemned_WA14_01.png\" \/>\n\t<meta property=\"og:image:width\" content=\"1240\" \/>\n\t<meta property=\"og:image:height\" content=\"1240\" \/>\n\t<meta property=\"og:image:type\" content=\"image\/png\" \/>\n<meta name=\"twitter:card\" content=\"summary_large_image\" \/>\n<script type=\"application\/ld+json\" class=\"yoast-schema-graph\">{\"@context\":\"https:\\\/\\\/schema.org\",\"@graph\":[{\"@type\":\"WebPage\",\"@id\":\"https:\\\/\\\/rodoaed.ee\\\/fi\\\/toode\\\/siementen-valinta-mehilaisille-kukat-jotka-houkuttelevat-mehilaisia-puutarhaan\\\/\",\"url\":\"https:\\\/\\\/rodoaed.ee\\\/fi\\\/toode\\\/siementen-valinta-mehilaisille-kukat-jotka-houkuttelevat-mehilaisia-puutarhaan\\\/\",\"name\":\"Siementen valinta mehil\u00e4isille - kukat, jotka houkuttelevat mehil\u00e4isi\u00e4 puutarhaan. - Rodoaed\",\"isPartOf\":{\"@id\":\"https:\\\/\\\/rodoaed.ee\\\/#website\"},\"primaryImageOfPage\":{\"@id\":\"https:\\\/\\\/rodoaed.ee\\\/fi\\\/toode\\\/siementen-valinta-mehilaisille-kukat-jotka-houkuttelevat-mehilaisia-puutarhaan\\\/#primaryimage\"},\"image\":{\"@id\":\"https:\\\/\\\/rodoaed.ee\\\/fi\\\/toode\\\/siementen-valinta-mehilaisille-kukat-jotka-houkuttelevat-mehilaisia-puutarhaan\\\/#primaryimage\"},\"thumbnailUrl\":\"https:\\\/\\\/rodoaed.ee\\\/wp-content\\\/uploads\\\/2022\\\/01\\\/mesilasi-meelitavad-seemned_WA14_01.png\",\"datePublished\":\"2022-01-10T12:38:16+00:00\",\"dateModified\":\"2026-04-13T07:56:14+00:00\",\"breadcrumb\":{\"@id\":\"https:\\\/\\\/rodoaed.ee\\\/fi\\\/toode\\\/siementen-valinta-mehilaisille-kukat-jotka-houkuttelevat-mehilaisia-puutarhaan\\\/#breadcrumb\"},\"inLanguage\":\"fi\",\"potentialAction\":[{\"@type\":\"ReadAction\",\"target\":[\"https:\\\/\\\/rodoaed.ee\\\/fi\\\/toode\\\/siementen-valinta-mehilaisille-kukat-jotka-houkuttelevat-mehilaisia-puutarhaan\\\/\"]}]},{\"@type\":\"ImageObject\",\"inLanguage\":\"fi\",\"@id\":\"https:\\\/\\\/rodoaed.ee\\\/fi\\\/toode\\\/siementen-valinta-mehilaisille-kukat-jotka-houkuttelevat-mehilaisia-puutarhaan\\\/#primaryimage\",\"url\":\"https:\\\/\\\/rodoaed.ee\\\/wp-content\\\/uploads\\\/2022\\\/01\\\/mesilasi-meelitavad-seemned_WA14_01.png\",\"contentUrl\":\"https:\\\/\\\/rodoaed.ee\\\/wp-content\\\/uploads\\\/2022\\\/01\\\/mesilasi-meelitavad-seemned_WA14_01.png\",\"width\":1240,\"height\":1240},{\"@type\":\"BreadcrumbList\",\"@id\":\"https:\\\/\\\/rodoaed.ee\\\/fi\\\/toode\\\/siementen-valinta-mehilaisille-kukat-jotka-houkuttelevat-mehilaisia-puutarhaan\\\/#breadcrumb\",\"itemListElement\":[{\"@type\":\"ListItem\",\"position\":1,\"name\":\"Home\",\"item\":\"https:\\\/\\\/rodoaed.ee\\\/fi\\\/\"},{\"@type\":\"ListItem\",\"position\":2,\"name\":\"Osta osoitteessa\",\"item\":\"https:\\\/\\\/rodoaed.ee\\\/osta-osoitteessa\\\/\"},{\"@type\":\"ListItem\",\"position\":3,\"name\":\"Siementen valinta mehil\u00e4isille &#8211; kukat, jotka houkuttelevat mehil\u00e4isi\u00e4 puutarhaan.\"}]},{\"@type\":\"WebSite\",\"@id\":\"https:\\\/\\\/rodoaed.ee\\\/#website\",\"url\":\"https:\\\/\\\/rodoaed.ee\\\/\",\"name\":\"Rodoaed\",\"description\":\"\",\"publisher\":{\"@id\":\"https:\\\/\\\/rodoaed.ee\\\/#organization\"},\"potentialAction\":[{\"@type\":\"SearchAction\",\"target\":{\"@type\":\"EntryPoint\",\"urlTemplate\":\"https:\\\/\\\/rodoaed.ee\\\/?s={search_term_string}\"},\"query-input\":{\"@type\":\"PropertyValueSpecification\",\"valueRequired\":true,\"valueName\":\"search_term_string\"}}],\"inLanguage\":\"fi\"},{\"@type\":\"Organization\",\"@id\":\"https:\\\/\\\/rodoaed.ee\\\/#organization\",\"name\":\"Rodoaed\",\"url\":\"https:\\\/\\\/rodoaed.ee\\\/\",\"logo\":{\"@type\":\"ImageObject\",\"inLanguage\":\"fi\",\"@id\":\"https:\\\/\\\/rodoaed.ee\\\/#\\\/schema\\\/logo\\\/image\\\/\",\"url\":\"https:\\\/\\\/rodoaed.ee\\\/wp-content\\\/uploads\\\/2019\\\/11\\\/rodoaed-logo-ilma-taustata.jpg\",\"contentUrl\":\"https:\\\/\\\/rodoaed.ee\\\/wp-content\\\/uploads\\\/2019\\\/11\\\/rodoaed-logo-ilma-taustata.jpg\",\"width\":769,\"height\":268,\"caption\":\"Rodoaed\"},\"image\":{\"@id\":\"https:\\\/\\\/rodoaed.ee\\\/#\\\/schema\\\/logo\\\/image\\\/\"},\"sameAs\":[\"https:\\\/\\\/www.facebook.com\\\/kasvuhooned\\\/\",\"https:\\\/\\\/rodoaed.ee\"]}]}<\/script>\n<!-- \/ Yoast SEO Premium plugin. -->","yoast_head_json":{"title":"Siementen valinta mehil\u00e4isille - kukat, jotka houkuttelevat mehil\u00e4isi\u00e4 puutarhaan. - Rodoaed","robots":{"index":"index","follow":"follow","max-snippet":"max-snippet:-1","max-image-preview":"max-image-preview:large","max-video-preview":"max-video-preview:-1"},"canonical":"https:\/\/rodoaed.ee\/fi\/toode\/siementen-valinta-mehilaisille-kukat-jotka-houkuttelevat-mehilaisia-puutarhaan\/","og_locale":"fi_FI","og_type":"article","og_title":"Siementen valinta mehil\u00e4isille - kukat, jotka houkuttelevat mehil\u00e4isi\u00e4 puutarhaan.","og_description":"Siemenpakkaus, jossa on valikoima kukkien siemeni\u00e4, joista mehil\u00e4iset pit\u00e4v\u00e4t. Mehil\u00e4isill\u00e4 on hyvin erityiset vaatimukset kasveille. Mehil\u00e4iset","og_url":"https:\/\/rodoaed.ee\/fi\/toode\/siementen-valinta-mehilaisille-kukat-jotka-houkuttelevat-mehilaisia-puutarhaan\/","og_site_name":"Rodoaed","article_publisher":"https:\/\/www.facebook.com\/kasvuhooned\/","article_modified_time":"2026-04-13T07:56:14+00:00","og_image":[{"width":1240,"height":1240,"url":"https:\/\/rodoaed.ee\/wp-content\/uploads\/2022\/01\/mesilasi-meelitavad-seemned_WA14_01.png","type":"image\/png"}],"twitter_card":"summary_large_image","schema":{"@context":"https:\/\/schema.org","@graph":[{"@type":"WebPage","@id":"https:\/\/rodoaed.ee\/fi\/toode\/siementen-valinta-mehilaisille-kukat-jotka-houkuttelevat-mehilaisia-puutarhaan\/","url":"https:\/\/rodoaed.ee\/fi\/toode\/siementen-valinta-mehilaisille-kukat-jotka-houkuttelevat-mehilaisia-puutarhaan\/","name":"Siementen valinta mehil\u00e4isille - kukat, jotka houkuttelevat mehil\u00e4isi\u00e4 puutarhaan. - Rodoaed","isPartOf":{"@id":"https:\/\/rodoaed.ee\/#website"},"primaryImageOfPage":{"@id":"https:\/\/rodoaed.ee\/fi\/toode\/siementen-valinta-mehilaisille-kukat-jotka-houkuttelevat-mehilaisia-puutarhaan\/#primaryimage"},"image":{"@id":"https:\/\/rodoaed.ee\/fi\/toode\/siementen-valinta-mehilaisille-kukat-jotka-houkuttelevat-mehilaisia-puutarhaan\/#primaryimage"},"thumbnailUrl":"https:\/\/rodoaed.ee\/wp-content\/uploads\/2022\/01\/mesilasi-meelitavad-seemned_WA14_01.png","datePublished":"2022-01-10T12:38:16+00:00","dateModified":"2026-04-13T07:56:14+00:00","breadcrumb":{"@id":"https:\/\/rodoaed.ee\/fi\/toode\/siementen-valinta-mehilaisille-kukat-jotka-houkuttelevat-mehilaisia-puutarhaan\/#breadcrumb"},"inLanguage":"fi","potentialAction":[{"@type":"ReadAction","target":["https:\/\/rodoaed.ee\/fi\/toode\/siementen-valinta-mehilaisille-kukat-jotka-houkuttelevat-mehilaisia-puutarhaan\/"]}]},{"@type":"ImageObject","inLanguage":"fi","@id":"https:\/\/rodoaed.ee\/fi\/toode\/siementen-valinta-mehilaisille-kukat-jotka-houkuttelevat-mehilaisia-puutarhaan\/#primaryimage","url":"https:\/\/rodoaed.ee\/wp-content\/uploads\/2022\/01\/mesilasi-meelitavad-seemned_WA14_01.png","contentUrl":"https:\/\/rodoaed.ee\/wp-content\/uploads\/2022\/01\/mesilasi-meelitavad-seemned_WA14_01.png","width":1240,"height":1240},{"@type":"BreadcrumbList","@id":"https:\/\/rodoaed.ee\/fi\/toode\/siementen-valinta-mehilaisille-kukat-jotka-houkuttelevat-mehilaisia-puutarhaan\/#breadcrumb","itemListElement":[{"@type":"ListItem","position":1,"name":"Home","item":"https:\/\/rodoaed.ee\/fi\/"},{"@type":"ListItem","position":2,"name":"Osta osoitteessa","item":"https:\/\/rodoaed.ee\/osta-osoitteessa\/"},{"@type":"ListItem","position":3,"name":"Siementen valinta mehil\u00e4isille &#8211; kukat, jotka houkuttelevat mehil\u00e4isi\u00e4 puutarhaan."}]},{"@type":"WebSite","@id":"https:\/\/rodoaed.ee\/#website","url":"https:\/\/rodoaed.ee\/","name":"Rodoaed","description":"","publisher":{"@id":"https:\/\/rodoaed.ee\/#organization"},"potentialAction":[{"@type":"SearchAction","target":{"@type":"EntryPoint","urlTemplate":"https:\/\/rodoaed.ee\/?s={search_term_string}"},"query-input":{"@type":"PropertyValueSpecification","valueRequired":true,"valueName":"search_term_string"}}],"inLanguage":"fi"},{"@type":"Organization","@id":"https:\/\/rodoaed.ee\/#organization","name":"Rodoaed","url":"https:\/\/rodoaed.ee\/","logo":{"@type":"ImageObject","inLanguage":"fi","@id":"https:\/\/rodoaed.ee\/#\/schema\/logo\/image\/","url":"https:\/\/rodoaed.ee\/wp-content\/uploads\/2019\/11\/rodoaed-logo-ilma-taustata.jpg","contentUrl":"https:\/\/rodoaed.ee\/wp-content\/uploads\/2019\/11\/rodoaed-logo-ilma-taustata.jpg","width":769,"height":268,"caption":"Rodoaed"},"image":{"@id":"https:\/\/rodoaed.ee\/#\/schema\/logo\/image\/"},"sameAs":["https:\/\/www.facebook.com\/kasvuhooned\/","https:\/\/rodoaed.ee"]}]}},"_links":{"self":[{"href":"https:\/\/rodoaed.ee\/fi\/wp-json\/wp\/v2\/product\/52861","targetHints":{"allow":["GET"]}}],"collection":[{"href":"https:\/\/rodoaed.ee\/fi\/wp-json\/wp\/v2\/product"}],"about":[{"href":"https:\/\/rodoaed.ee\/fi\/wp-json\/wp\/v2\/types\/product"}],"wp:featuredmedia":[{"embeddable":true,"href":"https:\/\/rodoaed.ee\/fi\/wp-json\/wp\/v2\/media\/39615"}],"wp:attachment":[{"href":"https:\/\/rodoaed.ee\/fi\/wp-json\/wp\/v2\/media?parent=52861"}],"wp:term":[{"taxonomy":"product_brand","embeddable":true,"href":"https:\/\/rodoaed.ee\/fi\/wp-json\/wp\/v2\/product_brand?post=52861"},{"taxonomy":"product_cat","embeddable":true,"href":"https:\/\/rodoaed.ee\/fi\/wp-json\/wp\/v2\/product_cat?post=52861"},{"taxonomy":"product_tag","embeddable":true,"href":"https:\/\/rodoaed.ee\/fi\/wp-json\/wp\/v2\/product_tag?post=52861"}],"curies":[{"name":"wp","href":"https:\/\/api.w.org\/{rel}","templated":true}]}}