{"id":52862,"date":"2022-01-10T14:53:25","date_gmt":"2022-01-10T12:53:25","guid":{"rendered":"https:\/\/rodoaed.ee\/toode\/siemenet-linnuille-kukkia-jotka-houkuttelevat-lintuja-puutarhaan\/"},"modified":"2026-04-13T10:56:15","modified_gmt":"2026-04-13T07:56:15","slug":"siemenet-linnuille-kukkia-jotka-houkuttelevat-lintuja-puutarhaan","status":"publish","type":"product","link":"https:\/\/rodoaed.ee\/fi\/tuote\/siemenet-linnuille-kukkia-jotka-houkuttelevat-lintuja-puutarhaan\/","title":{"rendered":"Siemenet linnuille &#8211; kukkia, jotka houkuttelevat lintuja puutarhaan."},"content":{"rendered":"<h2>Siemenpakkaus, jossa on valikoima kukkien siemeni\u00e4, joista linnut pit\u00e4v\u00e4t.<\/h2>\n<p>Linnut tarvitsevat ravinnokseen monenlaisten kukkivien kasvien siemeni\u00e4 sek\u00e4 niiden houkuttelemia hy\u00f6nteisi\u00e4. T\u00e4m\u00e4 siemenseos on tarkkaan harkittu valikoima lintujen suosikkeja, jotka tuovat puutarhaan monenlaisia h\u00f6yhenel\u00e4imi\u00e4 ja tarjoavat niille paremmat elinolosuhteet. <\/p>\n<p>T\u00e4ss\u00e4 sekoituksessa olevat siemenet: Cosmos bipinnatus, tavallinen auringonkukka, puutarhaviljelylajike, pellava, Nemophila, Love-in-a-mist, paniikkiruohon siemenet, tavallinen unikko, musta hirssi.<\/p>\n<p>N\u00e4m\u00e4 siemenet on helppo kylv\u00e4\u00e4 ja ne it\u00e4v\u00e4t voimakkaasti.<\/p>\n<p>Laita linnuille pari pes\u00e4koppia ja ruokintakoppeja, joista ne saavat lis\u00e4ruokaa.<\/p>\n<p><strong>Jatkaa kylv\u00f6\u00e4 noin 10 m2:iin asti<\/strong><\/p>\n<p><strong>Paino:<\/strong> 56 g<\/p>\n<div class=\"icon-link icon-link--left font-weight-normal mt-4\">\n<p>&nbsp;<\/p>\n<\/div>\n","protected":false},"excerpt":{"rendered":"<p>Siemenpakkaus, jossa on valikoima kukkien siemeni\u00e4, joista linnut pit\u00e4v\u00e4t. Linnut tarvitsevat ravinnokseen monenlaisten kukkivien kasvien siemeni\u00e4 sek\u00e4 niiden houkuttelemia hy\u00f6nteisi\u00e4. T\u00e4m\u00e4 siemenseos on tarkkaan harkittu valikoima lintujen suosikkeja, jotka tuovat puutarhaan monenlaisia h\u00f6yhenel\u00e4imi\u00e4 ja tarjoavat niille paremmat elinolosuhteet. T\u00e4ss\u00e4 sekoituksessa olevat siemenet: Cosmos bipinnatus, tavallinen auringonkukka, puutarhaviljelylajike, pellava, Nemophila, Love-in-a-mist, paniikkiruohon siemenet, tavallinen unikko, musta hirssi. N\u00e4m\u00e4 siemenet on helppo kylv\u00e4\u00e4 ja ne it\u00e4v\u00e4t voimakkaasti&#8230;.<\/p>\n","protected":false},"featured_media":39622,"template":"","meta":{"_acf_changed":false},"product_brand":[],"product_cat":[1785,1880,1772,1743,1753,1884],"product_tag":[],"class_list":{"0":"post-52862","1":"product","2":"type-product","3":"status-publish","4":"has-post-thumbnail","6":"product_cat-lahjat-lapsille-6-12a","7":"product_cat-lahjat-luonnonystavalle","8":"product_cat-lahjat-puutarhurille","9":"product_cat-lisalahjat-lahjat","10":"product_cat-siemenet","11":"product_cat-villielainpuutarhat","12":"product_shipping_class-toimitus-1-3-tyopaivan-kuluessa","13":"pa_variatsioon-puinen-traktori","15":"first","16":"instock","17":"sale","18":"taxable","19":"shipping-taxable","20":"purchasable","21":"product-type-simple"},"acf":[],"yoast_head":"<!-- This site is optimized with the Yoast SEO Premium plugin v27.3 (Yoast SEO v27.3) - https:\/\/yoast.com\/product\/yoast-seo-premium-wordpress\/ -->\n<title>Siemenet linnuille - kukkia, jotka houkuttelevat lintuja puutarhaan. - Rodoaed<\/title>\n<meta name=\"robots\" content=\"index, follow, max-snippet:-1, max-image-preview:large, max-video-preview:-1\" \/>\n<link rel=\"canonical\" href=\"https:\/\/rodoaed.ee\/fi\/toode\/siemenet-linnuille-kukkia-jotka-houkuttelevat-lintuja-puutarhaan\/\" \/>\n<meta property=\"og:locale\" content=\"fi_FI\" \/>\n<meta property=\"og:type\" content=\"article\" \/>\n<meta property=\"og:title\" content=\"Siemenet linnuille - kukkia, jotka houkuttelevat lintuja puutarhaan.\" \/>\n<meta property=\"og:description\" content=\"Siemenpakkaus, jossa on valikoima kukkien siemeni\u00e4, joista linnut pit\u00e4v\u00e4t. Linnut tarvitsevat ravinnokseen monenlaisten kukkivien kasvien siemeni\u00e4 sek\u00e4\" \/>\n<meta property=\"og:url\" content=\"https:\/\/rodoaed.ee\/fi\/toode\/siemenet-linnuille-kukkia-jotka-houkuttelevat-lintuja-puutarhaan\/\" \/>\n<meta property=\"og:site_name\" content=\"Rodoaed\" \/>\n<meta property=\"article:publisher\" content=\"https:\/\/www.facebook.com\/kasvuhooned\/\" \/>\n<meta property=\"article:modified_time\" content=\"2026-04-13T07:56:15+00:00\" \/>\n<meta property=\"og:image\" content=\"https:\/\/rodoaed.ee\/wp-content\/uploads\/2022\/01\/linde-meelitavad-seemned_FB367_01.png\" \/>\n\t<meta property=\"og:image:width\" content=\"1240\" \/>\n\t<meta property=\"og:image:height\" content=\"1240\" \/>\n\t<meta property=\"og:image:type\" content=\"image\/png\" \/>\n<meta name=\"twitter:card\" content=\"summary_large_image\" \/>\n<script type=\"application\/ld+json\" class=\"yoast-schema-graph\">{\"@context\":\"https:\\\/\\\/schema.org\",\"@graph\":[{\"@type\":\"WebPage\",\"@id\":\"https:\\\/\\\/rodoaed.ee\\\/fi\\\/toode\\\/siemenet-linnuille-kukkia-jotka-houkuttelevat-lintuja-puutarhaan\\\/\",\"url\":\"https:\\\/\\\/rodoaed.ee\\\/fi\\\/toode\\\/siemenet-linnuille-kukkia-jotka-houkuttelevat-lintuja-puutarhaan\\\/\",\"name\":\"Siemenet linnuille - kukkia, jotka houkuttelevat lintuja puutarhaan. - Rodoaed\",\"isPartOf\":{\"@id\":\"https:\\\/\\\/rodoaed.ee\\\/#website\"},\"primaryImageOfPage\":{\"@id\":\"https:\\\/\\\/rodoaed.ee\\\/fi\\\/toode\\\/siemenet-linnuille-kukkia-jotka-houkuttelevat-lintuja-puutarhaan\\\/#primaryimage\"},\"image\":{\"@id\":\"https:\\\/\\\/rodoaed.ee\\\/fi\\\/toode\\\/siemenet-linnuille-kukkia-jotka-houkuttelevat-lintuja-puutarhaan\\\/#primaryimage\"},\"thumbnailUrl\":\"https:\\\/\\\/rodoaed.ee\\\/wp-content\\\/uploads\\\/2022\\\/01\\\/linde-meelitavad-seemned_FB367_01.png\",\"datePublished\":\"2022-01-10T12:53:25+00:00\",\"dateModified\":\"2026-04-13T07:56:15+00:00\",\"breadcrumb\":{\"@id\":\"https:\\\/\\\/rodoaed.ee\\\/fi\\\/toode\\\/siemenet-linnuille-kukkia-jotka-houkuttelevat-lintuja-puutarhaan\\\/#breadcrumb\"},\"inLanguage\":\"fi\",\"potentialAction\":[{\"@type\":\"ReadAction\",\"target\":[\"https:\\\/\\\/rodoaed.ee\\\/fi\\\/toode\\\/siemenet-linnuille-kukkia-jotka-houkuttelevat-lintuja-puutarhaan\\\/\"]}]},{\"@type\":\"ImageObject\",\"inLanguage\":\"fi\",\"@id\":\"https:\\\/\\\/rodoaed.ee\\\/fi\\\/toode\\\/siemenet-linnuille-kukkia-jotka-houkuttelevat-lintuja-puutarhaan\\\/#primaryimage\",\"url\":\"https:\\\/\\\/rodoaed.ee\\\/wp-content\\\/uploads\\\/2022\\\/01\\\/linde-meelitavad-seemned_FB367_01.png\",\"contentUrl\":\"https:\\\/\\\/rodoaed.ee\\\/wp-content\\\/uploads\\\/2022\\\/01\\\/linde-meelitavad-seemned_FB367_01.png\",\"width\":1240,\"height\":1240},{\"@type\":\"BreadcrumbList\",\"@id\":\"https:\\\/\\\/rodoaed.ee\\\/fi\\\/toode\\\/siemenet-linnuille-kukkia-jotka-houkuttelevat-lintuja-puutarhaan\\\/#breadcrumb\",\"itemListElement\":[{\"@type\":\"ListItem\",\"position\":1,\"name\":\"Home\",\"item\":\"https:\\\/\\\/rodoaed.ee\\\/fi\\\/\"},{\"@type\":\"ListItem\",\"position\":2,\"name\":\"Osta osoitteessa\",\"item\":\"https:\\\/\\\/rodoaed.ee\\\/osta-osoitteessa\\\/\"},{\"@type\":\"ListItem\",\"position\":3,\"name\":\"Siemenet linnuille &#8211; kukkia, jotka houkuttelevat lintuja puutarhaan.\"}]},{\"@type\":\"WebSite\",\"@id\":\"https:\\\/\\\/rodoaed.ee\\\/#website\",\"url\":\"https:\\\/\\\/rodoaed.ee\\\/\",\"name\":\"Rodoaed\",\"description\":\"\",\"publisher\":{\"@id\":\"https:\\\/\\\/rodoaed.ee\\\/#organization\"},\"potentialAction\":[{\"@type\":\"SearchAction\",\"target\":{\"@type\":\"EntryPoint\",\"urlTemplate\":\"https:\\\/\\\/rodoaed.ee\\\/?s={search_term_string}\"},\"query-input\":{\"@type\":\"PropertyValueSpecification\",\"valueRequired\":true,\"valueName\":\"search_term_string\"}}],\"inLanguage\":\"fi\"},{\"@type\":\"Organization\",\"@id\":\"https:\\\/\\\/rodoaed.ee\\\/#organization\",\"name\":\"Rodoaed\",\"url\":\"https:\\\/\\\/rodoaed.ee\\\/\",\"logo\":{\"@type\":\"ImageObject\",\"inLanguage\":\"fi\",\"@id\":\"https:\\\/\\\/rodoaed.ee\\\/#\\\/schema\\\/logo\\\/image\\\/\",\"url\":\"https:\\\/\\\/rodoaed.ee\\\/wp-content\\\/uploads\\\/2019\\\/11\\\/rodoaed-logo-ilma-taustata.jpg\",\"contentUrl\":\"https:\\\/\\\/rodoaed.ee\\\/wp-content\\\/uploads\\\/2019\\\/11\\\/rodoaed-logo-ilma-taustata.jpg\",\"width\":769,\"height\":268,\"caption\":\"Rodoaed\"},\"image\":{\"@id\":\"https:\\\/\\\/rodoaed.ee\\\/#\\\/schema\\\/logo\\\/image\\\/\"},\"sameAs\":[\"https:\\\/\\\/www.facebook.com\\\/kasvuhooned\\\/\",\"https:\\\/\\\/rodoaed.ee\"]}]}<\/script>\n<!-- \/ Yoast SEO Premium plugin. -->","yoast_head_json":{"title":"Siemenet linnuille - kukkia, jotka houkuttelevat lintuja puutarhaan. - Rodoaed","robots":{"index":"index","follow":"follow","max-snippet":"max-snippet:-1","max-image-preview":"max-image-preview:large","max-video-preview":"max-video-preview:-1"},"canonical":"https:\/\/rodoaed.ee\/fi\/toode\/siemenet-linnuille-kukkia-jotka-houkuttelevat-lintuja-puutarhaan\/","og_locale":"fi_FI","og_type":"article","og_title":"Siemenet linnuille - kukkia, jotka houkuttelevat lintuja puutarhaan.","og_description":"Siemenpakkaus, jossa on valikoima kukkien siemeni\u00e4, joista linnut pit\u00e4v\u00e4t. Linnut tarvitsevat ravinnokseen monenlaisten kukkivien kasvien siemeni\u00e4 sek\u00e4","og_url":"https:\/\/rodoaed.ee\/fi\/toode\/siemenet-linnuille-kukkia-jotka-houkuttelevat-lintuja-puutarhaan\/","og_site_name":"Rodoaed","article_publisher":"https:\/\/www.facebook.com\/kasvuhooned\/","article_modified_time":"2026-04-13T07:56:15+00:00","og_image":[{"width":1240,"height":1240,"url":"https:\/\/rodoaed.ee\/wp-content\/uploads\/2022\/01\/linde-meelitavad-seemned_FB367_01.png","type":"image\/png"}],"twitter_card":"summary_large_image","schema":{"@context":"https:\/\/schema.org","@graph":[{"@type":"WebPage","@id":"https:\/\/rodoaed.ee\/fi\/toode\/siemenet-linnuille-kukkia-jotka-houkuttelevat-lintuja-puutarhaan\/","url":"https:\/\/rodoaed.ee\/fi\/toode\/siemenet-linnuille-kukkia-jotka-houkuttelevat-lintuja-puutarhaan\/","name":"Siemenet linnuille - kukkia, jotka houkuttelevat lintuja puutarhaan. - Rodoaed","isPartOf":{"@id":"https:\/\/rodoaed.ee\/#website"},"primaryImageOfPage":{"@id":"https:\/\/rodoaed.ee\/fi\/toode\/siemenet-linnuille-kukkia-jotka-houkuttelevat-lintuja-puutarhaan\/#primaryimage"},"image":{"@id":"https:\/\/rodoaed.ee\/fi\/toode\/siemenet-linnuille-kukkia-jotka-houkuttelevat-lintuja-puutarhaan\/#primaryimage"},"thumbnailUrl":"https:\/\/rodoaed.ee\/wp-content\/uploads\/2022\/01\/linde-meelitavad-seemned_FB367_01.png","datePublished":"2022-01-10T12:53:25+00:00","dateModified":"2026-04-13T07:56:15+00:00","breadcrumb":{"@id":"https:\/\/rodoaed.ee\/fi\/toode\/siemenet-linnuille-kukkia-jotka-houkuttelevat-lintuja-puutarhaan\/#breadcrumb"},"inLanguage":"fi","potentialAction":[{"@type":"ReadAction","target":["https:\/\/rodoaed.ee\/fi\/toode\/siemenet-linnuille-kukkia-jotka-houkuttelevat-lintuja-puutarhaan\/"]}]},{"@type":"ImageObject","inLanguage":"fi","@id":"https:\/\/rodoaed.ee\/fi\/toode\/siemenet-linnuille-kukkia-jotka-houkuttelevat-lintuja-puutarhaan\/#primaryimage","url":"https:\/\/rodoaed.ee\/wp-content\/uploads\/2022\/01\/linde-meelitavad-seemned_FB367_01.png","contentUrl":"https:\/\/rodoaed.ee\/wp-content\/uploads\/2022\/01\/linde-meelitavad-seemned_FB367_01.png","width":1240,"height":1240},{"@type":"BreadcrumbList","@id":"https:\/\/rodoaed.ee\/fi\/toode\/siemenet-linnuille-kukkia-jotka-houkuttelevat-lintuja-puutarhaan\/#breadcrumb","itemListElement":[{"@type":"ListItem","position":1,"name":"Home","item":"https:\/\/rodoaed.ee\/fi\/"},{"@type":"ListItem","position":2,"name":"Osta osoitteessa","item":"https:\/\/rodoaed.ee\/osta-osoitteessa\/"},{"@type":"ListItem","position":3,"name":"Siemenet linnuille &#8211; kukkia, jotka houkuttelevat lintuja puutarhaan."}]},{"@type":"WebSite","@id":"https:\/\/rodoaed.ee\/#website","url":"https:\/\/rodoaed.ee\/","name":"Rodoaed","description":"","publisher":{"@id":"https:\/\/rodoaed.ee\/#organization"},"potentialAction":[{"@type":"SearchAction","target":{"@type":"EntryPoint","urlTemplate":"https:\/\/rodoaed.ee\/?s={search_term_string}"},"query-input":{"@type":"PropertyValueSpecification","valueRequired":true,"valueName":"search_term_string"}}],"inLanguage":"fi"},{"@type":"Organization","@id":"https:\/\/rodoaed.ee\/#organization","name":"Rodoaed","url":"https:\/\/rodoaed.ee\/","logo":{"@type":"ImageObject","inLanguage":"fi","@id":"https:\/\/rodoaed.ee\/#\/schema\/logo\/image\/","url":"https:\/\/rodoaed.ee\/wp-content\/uploads\/2019\/11\/rodoaed-logo-ilma-taustata.jpg","contentUrl":"https:\/\/rodoaed.ee\/wp-content\/uploads\/2019\/11\/rodoaed-logo-ilma-taustata.jpg","width":769,"height":268,"caption":"Rodoaed"},"image":{"@id":"https:\/\/rodoaed.ee\/#\/schema\/logo\/image\/"},"sameAs":["https:\/\/www.facebook.com\/kasvuhooned\/","https:\/\/rodoaed.ee"]}]}},"_links":{"self":[{"href":"https:\/\/rodoaed.ee\/fi\/wp-json\/wp\/v2\/product\/52862","targetHints":{"allow":["GET"]}}],"collection":[{"href":"https:\/\/rodoaed.ee\/fi\/wp-json\/wp\/v2\/product"}],"about":[{"href":"https:\/\/rodoaed.ee\/fi\/wp-json\/wp\/v2\/types\/product"}],"wp:featuredmedia":[{"embeddable":true,"href":"https:\/\/rodoaed.ee\/fi\/wp-json\/wp\/v2\/media\/39622"}],"wp:attachment":[{"href":"https:\/\/rodoaed.ee\/fi\/wp-json\/wp\/v2\/media?parent=52862"}],"wp:term":[{"taxonomy":"product_brand","embeddable":true,"href":"https:\/\/rodoaed.ee\/fi\/wp-json\/wp\/v2\/product_brand?post=52862"},{"taxonomy":"product_cat","embeddable":true,"href":"https:\/\/rodoaed.ee\/fi\/wp-json\/wp\/v2\/product_cat?post=52862"},{"taxonomy":"product_tag","embeddable":true,"href":"https:\/\/rodoaed.ee\/fi\/wp-json\/wp\/v2\/product_tag?post=52862"}],"curies":[{"name":"wp","href":"https:\/\/api.w.org\/{rel}","templated":true}]}}