{"id":52864,"date":"2021-11-10T22:09:47","date_gmt":"2021-11-10T20:09:47","guid":{"rendered":"https:\/\/rodoaed.ee\/toode\/nektaria-perhosille\/"},"modified":"2026-04-13T10:56:16","modified_gmt":"2026-04-13T07:56:16","slug":"nektaria-perhosille","status":"publish","type":"product","link":"https:\/\/rodoaed.ee\/fi\/tuote\/nektaria-perhosille\/","title":{"rendered":"Nektaria perhosille"},"content":{"rendered":"<h2>Nektaria perhosille<\/h2>\n<p>T\u00e4m\u00e4 perhosnektari on erityisesti luotu energiajuomaksi puutarhassa ja niityll\u00e4 lent\u00e4ville perhosille. Kaada nektaria perhosruokinta-astiaan. Nektari sis\u00e4lt\u00e4\u00e4 sokereita sek\u00e4 pienen m\u00e4\u00e4r\u00e4n proteiineja ja vitamiineja, joista perhoset pit\u00e4v\u00e4t erityisesti. T\u00e4m\u00e4 v\u00e4rik\u00e4s sy\u00f6tt\u00f6laite ja nektarin tuoksu houkuttelevat monenlaisia perhosia puutarhaan. Sinulla ja lapsilla on siis hauskaa katsella n\u00e4it\u00e4 kauniita otuksia l\u00e4helt\u00e4. Naaraspuoliset perhoset ovat erityisen innokkaita tulemaan ruokintapaikalle, sill\u00e4 ne tarvitsevat runsaasti energiaa munintaansa varten.     <\/p>\n<p>Loistava lahja kaikille lapsiperheille ja lasten suosikki.<\/p>\n<p>&nbsp;<\/p>\n<p><strong>Ainesosat:<\/strong> vesi, sokeri, l\u00e4\u00e4keglyseriini, mausteet.<\/p>\n<p><strong>Tilavuus:<\/strong> 0,2 L<\/p>\n<p><strong>Paino:<\/strong> 450 g<\/p>\n<div class=\"icon-link icon-link--left font-weight-normal mt-4\">\n<p>&nbsp;<\/p>\n<\/div>\n","protected":false},"excerpt":{"rendered":"<p>Nektaria perhosille T\u00e4m\u00e4 perhosnektari on erityisesti luotu energiajuomaksi puutarhassa ja niityll\u00e4 lent\u00e4ville perhosille. Kaada nektaria perhosruokinta-astiaan. Nektari sis\u00e4lt\u00e4\u00e4 sokereita sek\u00e4 pienen m\u00e4\u00e4r\u00e4n proteiineja ja vitamiineja, joista perhoset pit\u00e4v\u00e4t erityisesti. T\u00e4m\u00e4 v\u00e4rik\u00e4s sy\u00f6tt\u00f6laite ja nektarin tuoksu houkuttelevat monenlaisia perhosia puutarhaan. Sinulla ja lapsilla on siis hauskaa katsella n\u00e4it\u00e4 kauniita otuksia l\u00e4helt\u00e4. Naaraspuoliset perhoset ovat erityisen innokkaita tulemaan ruokintapaikalle, sill\u00e4 ne tarvitsevat runsaasti energiaa munintaansa varten. Loistava&#8230;<\/p>\n","protected":false},"featured_media":38786,"template":"","meta":{"_acf_changed":false},"product_brand":[],"product_cat":[1854,1882,1745],"product_tag":[],"class_list":{"0":"post-52864","1":"product","2":"type-product","3":"status-publish","4":"has-post-thumbnail","6":"product_cat-hyonteishotellit","7":"product_cat-sudenkorennon-talot-ja-ateriat","8":"product_cat-suuri-varaston-tyhjennysmyynti","9":"product_shipping_class-toimitus-1-3-tyopaivan-kuluessa","10":"pa_variatsioon-puinen-traktori","12":"first","13":"instock","14":"sale","15":"taxable","16":"shipping-taxable","17":"purchasable","18":"product-type-simple"},"acf":[],"yoast_head":"<!-- This site is optimized with the Yoast SEO Premium plugin v27.3 (Yoast SEO v27.3) - https:\/\/yoast.com\/product\/yoast-seo-premium-wordpress\/ -->\n<title>Nektaria perhosille - Rodoaed<\/title>\n<meta name=\"robots\" content=\"index, follow, max-snippet:-1, max-image-preview:large, max-video-preview:-1\" \/>\n<link rel=\"canonical\" href=\"https:\/\/rodoaed.ee\/fi\/toode\/nektaria-perhosille\/\" \/>\n<meta property=\"og:locale\" content=\"fi_FI\" \/>\n<meta property=\"og:type\" content=\"article\" \/>\n<meta property=\"og:title\" content=\"Nektaria perhosille\" \/>\n<meta property=\"og:description\" content=\"Nektaria perhosille T\u00e4m\u00e4 perhosnektari on erityisesti luotu energiajuomaksi puutarhassa ja niityll\u00e4 lent\u00e4ville perhosille. Kaada nektaria\" \/>\n<meta property=\"og:url\" content=\"https:\/\/rodoaed.ee\/fi\/toode\/nektaria-perhosille\/\" \/>\n<meta property=\"og:site_name\" content=\"Rodoaed\" \/>\n<meta property=\"article:publisher\" content=\"https:\/\/www.facebook.com\/kasvuhooned\/\" \/>\n<meta property=\"article:modified_time\" content=\"2026-04-13T07:56:16+00:00\" \/>\n<meta property=\"og:image\" content=\"https:\/\/rodoaed.ee\/wp-content\/uploads\/2021\/11\/liblika-sook_nektar_WA27_01.png\" \/>\n\t<meta property=\"og:image:width\" content=\"1240\" \/>\n\t<meta property=\"og:image:height\" content=\"1240\" \/>\n\t<meta property=\"og:image:type\" content=\"image\/png\" \/>\n<meta name=\"twitter:card\" content=\"summary_large_image\" \/>\n<script type=\"application\/ld+json\" class=\"yoast-schema-graph\">{\"@context\":\"https:\\\/\\\/schema.org\",\"@graph\":[{\"@type\":\"WebPage\",\"@id\":\"https:\\\/\\\/rodoaed.ee\\\/fi\\\/toode\\\/nektaria-perhosille\\\/\",\"url\":\"https:\\\/\\\/rodoaed.ee\\\/fi\\\/toode\\\/nektaria-perhosille\\\/\",\"name\":\"Nektaria perhosille - Rodoaed\",\"isPartOf\":{\"@id\":\"https:\\\/\\\/rodoaed.ee\\\/#website\"},\"primaryImageOfPage\":{\"@id\":\"https:\\\/\\\/rodoaed.ee\\\/fi\\\/toode\\\/nektaria-perhosille\\\/#primaryimage\"},\"image\":{\"@id\":\"https:\\\/\\\/rodoaed.ee\\\/fi\\\/toode\\\/nektaria-perhosille\\\/#primaryimage\"},\"thumbnailUrl\":\"https:\\\/\\\/rodoaed.ee\\\/wp-content\\\/uploads\\\/2021\\\/11\\\/liblika-sook_nektar_WA27_01.png\",\"datePublished\":\"2021-11-10T20:09:47+00:00\",\"dateModified\":\"2026-04-13T07:56:16+00:00\",\"breadcrumb\":{\"@id\":\"https:\\\/\\\/rodoaed.ee\\\/fi\\\/toode\\\/nektaria-perhosille\\\/#breadcrumb\"},\"inLanguage\":\"fi\",\"potentialAction\":[{\"@type\":\"ReadAction\",\"target\":[\"https:\\\/\\\/rodoaed.ee\\\/fi\\\/toode\\\/nektaria-perhosille\\\/\"]}]},{\"@type\":\"ImageObject\",\"inLanguage\":\"fi\",\"@id\":\"https:\\\/\\\/rodoaed.ee\\\/fi\\\/toode\\\/nektaria-perhosille\\\/#primaryimage\",\"url\":\"https:\\\/\\\/rodoaed.ee\\\/wp-content\\\/uploads\\\/2021\\\/11\\\/liblika-sook_nektar_WA27_01.png\",\"contentUrl\":\"https:\\\/\\\/rodoaed.ee\\\/wp-content\\\/uploads\\\/2021\\\/11\\\/liblika-sook_nektar_WA27_01.png\",\"width\":1240,\"height\":1240},{\"@type\":\"BreadcrumbList\",\"@id\":\"https:\\\/\\\/rodoaed.ee\\\/fi\\\/toode\\\/nektaria-perhosille\\\/#breadcrumb\",\"itemListElement\":[{\"@type\":\"ListItem\",\"position\":1,\"name\":\"Home\",\"item\":\"https:\\\/\\\/rodoaed.ee\\\/fi\\\/\"},{\"@type\":\"ListItem\",\"position\":2,\"name\":\"Osta osoitteessa\",\"item\":\"https:\\\/\\\/rodoaed.ee\\\/osta-osoitteessa\\\/\"},{\"@type\":\"ListItem\",\"position\":3,\"name\":\"Nektaria perhosille\"}]},{\"@type\":\"WebSite\",\"@id\":\"https:\\\/\\\/rodoaed.ee\\\/#website\",\"url\":\"https:\\\/\\\/rodoaed.ee\\\/\",\"name\":\"Rodoaed\",\"description\":\"\",\"publisher\":{\"@id\":\"https:\\\/\\\/rodoaed.ee\\\/#organization\"},\"potentialAction\":[{\"@type\":\"SearchAction\",\"target\":{\"@type\":\"EntryPoint\",\"urlTemplate\":\"https:\\\/\\\/rodoaed.ee\\\/?s={search_term_string}\"},\"query-input\":{\"@type\":\"PropertyValueSpecification\",\"valueRequired\":true,\"valueName\":\"search_term_string\"}}],\"inLanguage\":\"fi\"},{\"@type\":\"Organization\",\"@id\":\"https:\\\/\\\/rodoaed.ee\\\/#organization\",\"name\":\"Rodoaed\",\"url\":\"https:\\\/\\\/rodoaed.ee\\\/\",\"logo\":{\"@type\":\"ImageObject\",\"inLanguage\":\"fi\",\"@id\":\"https:\\\/\\\/rodoaed.ee\\\/#\\\/schema\\\/logo\\\/image\\\/\",\"url\":\"https:\\\/\\\/rodoaed.ee\\\/wp-content\\\/uploads\\\/2019\\\/11\\\/rodoaed-logo-ilma-taustata.jpg\",\"contentUrl\":\"https:\\\/\\\/rodoaed.ee\\\/wp-content\\\/uploads\\\/2019\\\/11\\\/rodoaed-logo-ilma-taustata.jpg\",\"width\":769,\"height\":268,\"caption\":\"Rodoaed\"},\"image\":{\"@id\":\"https:\\\/\\\/rodoaed.ee\\\/#\\\/schema\\\/logo\\\/image\\\/\"},\"sameAs\":[\"https:\\\/\\\/www.facebook.com\\\/kasvuhooned\\\/\",\"https:\\\/\\\/rodoaed.ee\"]}]}<\/script>\n<!-- \/ Yoast SEO Premium plugin. -->","yoast_head_json":{"title":"Nektaria perhosille - Rodoaed","robots":{"index":"index","follow":"follow","max-snippet":"max-snippet:-1","max-image-preview":"max-image-preview:large","max-video-preview":"max-video-preview:-1"},"canonical":"https:\/\/rodoaed.ee\/fi\/toode\/nektaria-perhosille\/","og_locale":"fi_FI","og_type":"article","og_title":"Nektaria perhosille","og_description":"Nektaria perhosille T\u00e4m\u00e4 perhosnektari on erityisesti luotu energiajuomaksi puutarhassa ja niityll\u00e4 lent\u00e4ville perhosille. Kaada nektaria","og_url":"https:\/\/rodoaed.ee\/fi\/toode\/nektaria-perhosille\/","og_site_name":"Rodoaed","article_publisher":"https:\/\/www.facebook.com\/kasvuhooned\/","article_modified_time":"2026-04-13T07:56:16+00:00","og_image":[{"width":1240,"height":1240,"url":"https:\/\/rodoaed.ee\/wp-content\/uploads\/2021\/11\/liblika-sook_nektar_WA27_01.png","type":"image\/png"}],"twitter_card":"summary_large_image","schema":{"@context":"https:\/\/schema.org","@graph":[{"@type":"WebPage","@id":"https:\/\/rodoaed.ee\/fi\/toode\/nektaria-perhosille\/","url":"https:\/\/rodoaed.ee\/fi\/toode\/nektaria-perhosille\/","name":"Nektaria perhosille - Rodoaed","isPartOf":{"@id":"https:\/\/rodoaed.ee\/#website"},"primaryImageOfPage":{"@id":"https:\/\/rodoaed.ee\/fi\/toode\/nektaria-perhosille\/#primaryimage"},"image":{"@id":"https:\/\/rodoaed.ee\/fi\/toode\/nektaria-perhosille\/#primaryimage"},"thumbnailUrl":"https:\/\/rodoaed.ee\/wp-content\/uploads\/2021\/11\/liblika-sook_nektar_WA27_01.png","datePublished":"2021-11-10T20:09:47+00:00","dateModified":"2026-04-13T07:56:16+00:00","breadcrumb":{"@id":"https:\/\/rodoaed.ee\/fi\/toode\/nektaria-perhosille\/#breadcrumb"},"inLanguage":"fi","potentialAction":[{"@type":"ReadAction","target":["https:\/\/rodoaed.ee\/fi\/toode\/nektaria-perhosille\/"]}]},{"@type":"ImageObject","inLanguage":"fi","@id":"https:\/\/rodoaed.ee\/fi\/toode\/nektaria-perhosille\/#primaryimage","url":"https:\/\/rodoaed.ee\/wp-content\/uploads\/2021\/11\/liblika-sook_nektar_WA27_01.png","contentUrl":"https:\/\/rodoaed.ee\/wp-content\/uploads\/2021\/11\/liblika-sook_nektar_WA27_01.png","width":1240,"height":1240},{"@type":"BreadcrumbList","@id":"https:\/\/rodoaed.ee\/fi\/toode\/nektaria-perhosille\/#breadcrumb","itemListElement":[{"@type":"ListItem","position":1,"name":"Home","item":"https:\/\/rodoaed.ee\/fi\/"},{"@type":"ListItem","position":2,"name":"Osta osoitteessa","item":"https:\/\/rodoaed.ee\/osta-osoitteessa\/"},{"@type":"ListItem","position":3,"name":"Nektaria perhosille"}]},{"@type":"WebSite","@id":"https:\/\/rodoaed.ee\/#website","url":"https:\/\/rodoaed.ee\/","name":"Rodoaed","description":"","publisher":{"@id":"https:\/\/rodoaed.ee\/#organization"},"potentialAction":[{"@type":"SearchAction","target":{"@type":"EntryPoint","urlTemplate":"https:\/\/rodoaed.ee\/?s={search_term_string}"},"query-input":{"@type":"PropertyValueSpecification","valueRequired":true,"valueName":"search_term_string"}}],"inLanguage":"fi"},{"@type":"Organization","@id":"https:\/\/rodoaed.ee\/#organization","name":"Rodoaed","url":"https:\/\/rodoaed.ee\/","logo":{"@type":"ImageObject","inLanguage":"fi","@id":"https:\/\/rodoaed.ee\/#\/schema\/logo\/image\/","url":"https:\/\/rodoaed.ee\/wp-content\/uploads\/2019\/11\/rodoaed-logo-ilma-taustata.jpg","contentUrl":"https:\/\/rodoaed.ee\/wp-content\/uploads\/2019\/11\/rodoaed-logo-ilma-taustata.jpg","width":769,"height":268,"caption":"Rodoaed"},"image":{"@id":"https:\/\/rodoaed.ee\/#\/schema\/logo\/image\/"},"sameAs":["https:\/\/www.facebook.com\/kasvuhooned\/","https:\/\/rodoaed.ee"]}]}},"_links":{"self":[{"href":"https:\/\/rodoaed.ee\/fi\/wp-json\/wp\/v2\/product\/52864","targetHints":{"allow":["GET"]}}],"collection":[{"href":"https:\/\/rodoaed.ee\/fi\/wp-json\/wp\/v2\/product"}],"about":[{"href":"https:\/\/rodoaed.ee\/fi\/wp-json\/wp\/v2\/types\/product"}],"wp:featuredmedia":[{"embeddable":true,"href":"https:\/\/rodoaed.ee\/fi\/wp-json\/wp\/v2\/media\/38786"}],"wp:attachment":[{"href":"https:\/\/rodoaed.ee\/fi\/wp-json\/wp\/v2\/media?parent=52864"}],"wp:term":[{"taxonomy":"product_brand","embeddable":true,"href":"https:\/\/rodoaed.ee\/fi\/wp-json\/wp\/v2\/product_brand?post=52864"},{"taxonomy":"product_cat","embeddable":true,"href":"https:\/\/rodoaed.ee\/fi\/wp-json\/wp\/v2\/product_cat?post=52864"},{"taxonomy":"product_tag","embeddable":true,"href":"https:\/\/rodoaed.ee\/fi\/wp-json\/wp\/v2\/product_tag?post=52864"}],"curies":[{"name":"wp","href":"https:\/\/api.w.org\/{rel}","templated":true}]}}