{"id":52867,"date":"2022-01-10T20:42:23","date_gmt":"2022-01-10T18:42:23","guid":{"rendered":"https:\/\/rodoaed.ee\/toode\/tomaatti-black-prince-keskitehokas-runsassatoinen-epamaarainen-hedelmat-115g\/"},"modified":"2026-04-13T10:56:21","modified_gmt":"2026-04-13T07:56:21","slug":"tomaatti-black-prince-keskitehokas-runsassatoinen-epamaarainen-hedelmat-115g","status":"publish","type":"product","link":"https:\/\/rodoaed.ee\/fi\/tuote\/tomaatti-black-prince-keskitehokas-runsassatoinen-epamaarainen-hedelmat-115g\/","title":{"rendered":"Tomaatti Black Prince- keskitehokas, runsassatoinen, ep\u00e4m\u00e4\u00e4r\u00e4inen, hedelm\u00e4t 115g."},"content":{"rendered":"<h2>Keskisatoinen, runsassatoinen ja ep\u00e4m\u00e4\u00e4r\u00e4inen lajike.<\/h2>\n<p>Lycopersicon esculentum<\/p>\n<p>Lajikkeen alkuper\u00e4 on Siperiassa, Irkutskissa. Ep\u00e4m\u00e4\u00e4r\u00e4inen, keskisatoinen lajike, joka tuottaa hyvin satoa my\u00f6s viile\u00e4mpin\u00e4 kesin\u00e4. Ensimm\u00e4iset hedelm\u00e4t kypsyv\u00e4t 70 p\u00e4iv\u00e4n kuluttua istutuksesta. Hedelmi\u00e4 on keskim\u00e4\u00e4rin 3-4 kappaletta kimpussa. Hedelm\u00e4t painavat keskim\u00e4\u00e4rin 60-115 grammaa, ovat py\u00f6reit\u00e4 ja litteit\u00e4 ja v\u00e4rilt\u00e4\u00e4n mustanpunaisia. Hedelm\u00e4 on miellytt\u00e4v\u00e4n makean makuinen.     <\/p>\n<p>Siemenpakkaus 0,3 grammaa<\/p>\n<p><a href=\"https:\/\/rodoaed.ee\/fi\/\">kotisivu<\/a> <a href=\"https:\/\/rodoaed.ee\/fi\/tootekategooria\/puutarha-ja-piha\/\">k\u00e4ynnist\u00e4<\/a>  <a href=\"https:\/\/rodoaed.ee\/fi\/tootekategooria\/puutarha-ja-piha\/siemenet\/\">siemenet<\/a><\/p>\n<p>&nbsp;<\/p>\n","protected":false},"excerpt":{"rendered":"<p>Keskisatoinen, runsassatoinen ja ep\u00e4m\u00e4\u00e4r\u00e4inen lajike. Lycopersicon esculentum Lajikkeen alkuper\u00e4 on Siperiassa, Irkutskissa. Ep\u00e4m\u00e4\u00e4r\u00e4inen, keskisatoinen lajike, joka tuottaa hyvin satoa my\u00f6s viile\u00e4mpin\u00e4 kesin\u00e4. Ensimm\u00e4iset hedelm\u00e4t kypsyv\u00e4t 70 p\u00e4iv\u00e4n kuluttua istutuksesta. Hedelmi\u00e4 on keskim\u00e4\u00e4rin 3-4 kappaletta kimpussa. Hedelm\u00e4t painavat keskim\u00e4\u00e4rin 60-115 grammaa, ovat py\u00f6reit\u00e4 ja litteit\u00e4 ja v\u00e4rilt\u00e4\u00e4n mustanpunaisia. Hedelm\u00e4 on miellytt\u00e4v\u00e4n makean makuinen. Siemenpakkaus 0,3 grammaa kotisivu k\u00e4ynnist\u00e4 siemenet &nbsp;<\/p>\n","protected":false},"featured_media":39635,"template":"","meta":{"_acf_changed":false},"product_brand":[],"product_cat":[1752,1753,1893],"product_tag":[],"class_list":{"0":"post-52867","1":"product","2":"type-product","3":"status-publish","4":"has-post-thumbnail","6":"product_cat-puutarha-ja-piha","7":"product_cat-siemenet","8":"product_cat-tomaatin-siemenet","9":"product_shipping_class-toimitus-1-3-tyopaivan-kuluessa","10":"pa_variatsioon-suuri-blumatin-automaattinen-kastelujarjestelma-jossa-on-40-anturia-ja-vesihanaliitanta","12":"first","13":"instock","14":"taxable","15":"shipping-taxable","16":"purchasable","17":"product-type-simple"},"acf":[],"yoast_head":"<!-- This site is optimized with the Yoast SEO Premium plugin v27.3 (Yoast SEO v27.3) - https:\/\/yoast.com\/product\/yoast-seo-premium-wordpress\/ -->\n<title>Tomaatti Black Prince- keskitehokas, runsassatoinen, ep\u00e4m\u00e4\u00e4r\u00e4inen, hedelm\u00e4t 115g. - Rodoaed<\/title>\n<meta name=\"description\" content=\"Vihannesten siemeni\u00e4 Euroopan ja Viron parhailta tuottajilta. Kasvihuoneeseen ja avomaalle soveltuvat j\u00e4lkitestatut siemenet.\" \/>\n<meta name=\"robots\" content=\"index, follow, max-snippet:-1, max-image-preview:large, max-video-preview:-1\" \/>\n<link rel=\"canonical\" href=\"https:\/\/rodoaed.ee\/fi\/toode\/tomaatti-black-prince-keskitehokas-runsassatoinen-epamaarainen-hedelmat-115g\/\" \/>\n<meta property=\"og:locale\" content=\"fi_FI\" \/>\n<meta property=\"og:type\" content=\"article\" \/>\n<meta property=\"og:title\" content=\"Tomaatti Black Prince- keskitehokas, runsassatoinen, ep\u00e4m\u00e4\u00e4r\u00e4inen, hedelm\u00e4t 115g.\" \/>\n<meta property=\"og:description\" content=\"Keskisatoinen, runsassatoinen ja ep\u00e4m\u00e4\u00e4r\u00e4inen lajike. Lycopersicon esculentum Lajikkeen alkuper\u00e4 on Siperiassa, Irkutskissa. Ep\u00e4m\u00e4\u00e4r\u00e4inen, keskisatoinen\" \/>\n<meta property=\"og:url\" content=\"https:\/\/rodoaed.ee\/fi\/toode\/tomaatti-black-prince-keskitehokas-runsassatoinen-epamaarainen-hedelmat-115g\/\" \/>\n<meta property=\"og:site_name\" content=\"Rodoaed\" \/>\n<meta property=\"article:publisher\" content=\"https:\/\/www.facebook.com\/kasvuhooned\/\" \/>\n<meta property=\"article:modified_time\" content=\"2026-04-13T07:56:21+00:00\" \/>\n<meta property=\"og:image\" content=\"https:\/\/rodoaed.ee\/wp-content\/uploads\/2022\/01\/tomatiseemned_Black-Prince.jpg\" \/>\n\t<meta property=\"og:image:width\" content=\"227\" \/>\n\t<meta property=\"og:image:height\" content=\"340\" \/>\n\t<meta property=\"og:image:type\" content=\"image\/jpeg\" \/>\n<meta name=\"twitter:card\" content=\"summary_large_image\" \/>\n<script type=\"application\/ld+json\" class=\"yoast-schema-graph\">{\"@context\":\"https:\\\/\\\/schema.org\",\"@graph\":[{\"@type\":\"WebPage\",\"@id\":\"https:\\\/\\\/rodoaed.ee\\\/fi\\\/toode\\\/tomaatti-black-prince-keskitehokas-runsassatoinen-epamaarainen-hedelmat-115g\\\/\",\"url\":\"https:\\\/\\\/rodoaed.ee\\\/fi\\\/toode\\\/tomaatti-black-prince-keskitehokas-runsassatoinen-epamaarainen-hedelmat-115g\\\/\",\"name\":\"Tomaatti Black Prince- keskitehokas, runsassatoinen, ep\u00e4m\u00e4\u00e4r\u00e4inen, hedelm\u00e4t 115g. - Rodoaed\",\"isPartOf\":{\"@id\":\"https:\\\/\\\/rodoaed.ee\\\/#website\"},\"primaryImageOfPage\":{\"@id\":\"https:\\\/\\\/rodoaed.ee\\\/fi\\\/toode\\\/tomaatti-black-prince-keskitehokas-runsassatoinen-epamaarainen-hedelmat-115g\\\/#primaryimage\"},\"image\":{\"@id\":\"https:\\\/\\\/rodoaed.ee\\\/fi\\\/toode\\\/tomaatti-black-prince-keskitehokas-runsassatoinen-epamaarainen-hedelmat-115g\\\/#primaryimage\"},\"thumbnailUrl\":\"https:\\\/\\\/rodoaed.ee\\\/wp-content\\\/uploads\\\/2022\\\/01\\\/tomatiseemned_Black-Prince.jpg\",\"datePublished\":\"2022-01-10T18:42:23+00:00\",\"dateModified\":\"2026-04-13T07:56:21+00:00\",\"description\":\"Vihannesten siemeni\u00e4 Euroopan ja Viron parhailta tuottajilta. Kasvihuoneeseen ja avomaalle soveltuvat j\u00e4lkitestatut siemenet.\",\"breadcrumb\":{\"@id\":\"https:\\\/\\\/rodoaed.ee\\\/fi\\\/toode\\\/tomaatti-black-prince-keskitehokas-runsassatoinen-epamaarainen-hedelmat-115g\\\/#breadcrumb\"},\"inLanguage\":\"fi\",\"potentialAction\":[{\"@type\":\"ReadAction\",\"target\":[\"https:\\\/\\\/rodoaed.ee\\\/fi\\\/toode\\\/tomaatti-black-prince-keskitehokas-runsassatoinen-epamaarainen-hedelmat-115g\\\/\"]}]},{\"@type\":\"ImageObject\",\"inLanguage\":\"fi\",\"@id\":\"https:\\\/\\\/rodoaed.ee\\\/fi\\\/toode\\\/tomaatti-black-prince-keskitehokas-runsassatoinen-epamaarainen-hedelmat-115g\\\/#primaryimage\",\"url\":\"https:\\\/\\\/rodoaed.ee\\\/wp-content\\\/uploads\\\/2022\\\/01\\\/tomatiseemned_Black-Prince.jpg\",\"contentUrl\":\"https:\\\/\\\/rodoaed.ee\\\/wp-content\\\/uploads\\\/2022\\\/01\\\/tomatiseemned_Black-Prince.jpg\",\"width\":227,\"height\":340},{\"@type\":\"BreadcrumbList\",\"@id\":\"https:\\\/\\\/rodoaed.ee\\\/fi\\\/toode\\\/tomaatti-black-prince-keskitehokas-runsassatoinen-epamaarainen-hedelmat-115g\\\/#breadcrumb\",\"itemListElement\":[{\"@type\":\"ListItem\",\"position\":1,\"name\":\"Home\",\"item\":\"https:\\\/\\\/rodoaed.ee\\\/fi\\\/\"},{\"@type\":\"ListItem\",\"position\":2,\"name\":\"Osta osoitteessa\",\"item\":\"https:\\\/\\\/rodoaed.ee\\\/osta-osoitteessa\\\/\"},{\"@type\":\"ListItem\",\"position\":3,\"name\":\"Tomaatti Black Prince- keskitehokas, runsassatoinen, ep\u00e4m\u00e4\u00e4r\u00e4inen, hedelm\u00e4t 115g.\"}]},{\"@type\":\"WebSite\",\"@id\":\"https:\\\/\\\/rodoaed.ee\\\/#website\",\"url\":\"https:\\\/\\\/rodoaed.ee\\\/\",\"name\":\"Rodoaed\",\"description\":\"\",\"publisher\":{\"@id\":\"https:\\\/\\\/rodoaed.ee\\\/#organization\"},\"potentialAction\":[{\"@type\":\"SearchAction\",\"target\":{\"@type\":\"EntryPoint\",\"urlTemplate\":\"https:\\\/\\\/rodoaed.ee\\\/?s={search_term_string}\"},\"query-input\":{\"@type\":\"PropertyValueSpecification\",\"valueRequired\":true,\"valueName\":\"search_term_string\"}}],\"inLanguage\":\"fi\"},{\"@type\":\"Organization\",\"@id\":\"https:\\\/\\\/rodoaed.ee\\\/#organization\",\"name\":\"Rodoaed\",\"url\":\"https:\\\/\\\/rodoaed.ee\\\/\",\"logo\":{\"@type\":\"ImageObject\",\"inLanguage\":\"fi\",\"@id\":\"https:\\\/\\\/rodoaed.ee\\\/#\\\/schema\\\/logo\\\/image\\\/\",\"url\":\"https:\\\/\\\/rodoaed.ee\\\/wp-content\\\/uploads\\\/2019\\\/11\\\/rodoaed-logo-ilma-taustata.jpg\",\"contentUrl\":\"https:\\\/\\\/rodoaed.ee\\\/wp-content\\\/uploads\\\/2019\\\/11\\\/rodoaed-logo-ilma-taustata.jpg\",\"width\":769,\"height\":268,\"caption\":\"Rodoaed\"},\"image\":{\"@id\":\"https:\\\/\\\/rodoaed.ee\\\/#\\\/schema\\\/logo\\\/image\\\/\"},\"sameAs\":[\"https:\\\/\\\/www.facebook.com\\\/kasvuhooned\\\/\",\"https:\\\/\\\/rodoaed.ee\"]}]}<\/script>\n<!-- \/ Yoast SEO Premium plugin. -->","yoast_head_json":{"title":"Tomaatti Black Prince- keskitehokas, runsassatoinen, ep\u00e4m\u00e4\u00e4r\u00e4inen, hedelm\u00e4t 115g. - Rodoaed","description":"Vihannesten siemeni\u00e4 Euroopan ja Viron parhailta tuottajilta. Kasvihuoneeseen ja avomaalle soveltuvat j\u00e4lkitestatut siemenet.","robots":{"index":"index","follow":"follow","max-snippet":"max-snippet:-1","max-image-preview":"max-image-preview:large","max-video-preview":"max-video-preview:-1"},"canonical":"https:\/\/rodoaed.ee\/fi\/toode\/tomaatti-black-prince-keskitehokas-runsassatoinen-epamaarainen-hedelmat-115g\/","og_locale":"fi_FI","og_type":"article","og_title":"Tomaatti Black Prince- keskitehokas, runsassatoinen, ep\u00e4m\u00e4\u00e4r\u00e4inen, hedelm\u00e4t 115g.","og_description":"Keskisatoinen, runsassatoinen ja ep\u00e4m\u00e4\u00e4r\u00e4inen lajike. Lycopersicon esculentum Lajikkeen alkuper\u00e4 on Siperiassa, Irkutskissa. Ep\u00e4m\u00e4\u00e4r\u00e4inen, keskisatoinen","og_url":"https:\/\/rodoaed.ee\/fi\/toode\/tomaatti-black-prince-keskitehokas-runsassatoinen-epamaarainen-hedelmat-115g\/","og_site_name":"Rodoaed","article_publisher":"https:\/\/www.facebook.com\/kasvuhooned\/","article_modified_time":"2026-04-13T07:56:21+00:00","og_image":[{"width":227,"height":340,"url":"https:\/\/rodoaed.ee\/wp-content\/uploads\/2022\/01\/tomatiseemned_Black-Prince.jpg","type":"image\/jpeg"}],"twitter_card":"summary_large_image","schema":{"@context":"https:\/\/schema.org","@graph":[{"@type":"WebPage","@id":"https:\/\/rodoaed.ee\/fi\/toode\/tomaatti-black-prince-keskitehokas-runsassatoinen-epamaarainen-hedelmat-115g\/","url":"https:\/\/rodoaed.ee\/fi\/toode\/tomaatti-black-prince-keskitehokas-runsassatoinen-epamaarainen-hedelmat-115g\/","name":"Tomaatti Black Prince- keskitehokas, runsassatoinen, ep\u00e4m\u00e4\u00e4r\u00e4inen, hedelm\u00e4t 115g. - Rodoaed","isPartOf":{"@id":"https:\/\/rodoaed.ee\/#website"},"primaryImageOfPage":{"@id":"https:\/\/rodoaed.ee\/fi\/toode\/tomaatti-black-prince-keskitehokas-runsassatoinen-epamaarainen-hedelmat-115g\/#primaryimage"},"image":{"@id":"https:\/\/rodoaed.ee\/fi\/toode\/tomaatti-black-prince-keskitehokas-runsassatoinen-epamaarainen-hedelmat-115g\/#primaryimage"},"thumbnailUrl":"https:\/\/rodoaed.ee\/wp-content\/uploads\/2022\/01\/tomatiseemned_Black-Prince.jpg","datePublished":"2022-01-10T18:42:23+00:00","dateModified":"2026-04-13T07:56:21+00:00","description":"Vihannesten siemeni\u00e4 Euroopan ja Viron parhailta tuottajilta. Kasvihuoneeseen ja avomaalle soveltuvat j\u00e4lkitestatut siemenet.","breadcrumb":{"@id":"https:\/\/rodoaed.ee\/fi\/toode\/tomaatti-black-prince-keskitehokas-runsassatoinen-epamaarainen-hedelmat-115g\/#breadcrumb"},"inLanguage":"fi","potentialAction":[{"@type":"ReadAction","target":["https:\/\/rodoaed.ee\/fi\/toode\/tomaatti-black-prince-keskitehokas-runsassatoinen-epamaarainen-hedelmat-115g\/"]}]},{"@type":"ImageObject","inLanguage":"fi","@id":"https:\/\/rodoaed.ee\/fi\/toode\/tomaatti-black-prince-keskitehokas-runsassatoinen-epamaarainen-hedelmat-115g\/#primaryimage","url":"https:\/\/rodoaed.ee\/wp-content\/uploads\/2022\/01\/tomatiseemned_Black-Prince.jpg","contentUrl":"https:\/\/rodoaed.ee\/wp-content\/uploads\/2022\/01\/tomatiseemned_Black-Prince.jpg","width":227,"height":340},{"@type":"BreadcrumbList","@id":"https:\/\/rodoaed.ee\/fi\/toode\/tomaatti-black-prince-keskitehokas-runsassatoinen-epamaarainen-hedelmat-115g\/#breadcrumb","itemListElement":[{"@type":"ListItem","position":1,"name":"Home","item":"https:\/\/rodoaed.ee\/fi\/"},{"@type":"ListItem","position":2,"name":"Osta osoitteessa","item":"https:\/\/rodoaed.ee\/osta-osoitteessa\/"},{"@type":"ListItem","position":3,"name":"Tomaatti Black Prince- keskitehokas, runsassatoinen, ep\u00e4m\u00e4\u00e4r\u00e4inen, hedelm\u00e4t 115g."}]},{"@type":"WebSite","@id":"https:\/\/rodoaed.ee\/#website","url":"https:\/\/rodoaed.ee\/","name":"Rodoaed","description":"","publisher":{"@id":"https:\/\/rodoaed.ee\/#organization"},"potentialAction":[{"@type":"SearchAction","target":{"@type":"EntryPoint","urlTemplate":"https:\/\/rodoaed.ee\/?s={search_term_string}"},"query-input":{"@type":"PropertyValueSpecification","valueRequired":true,"valueName":"search_term_string"}}],"inLanguage":"fi"},{"@type":"Organization","@id":"https:\/\/rodoaed.ee\/#organization","name":"Rodoaed","url":"https:\/\/rodoaed.ee\/","logo":{"@type":"ImageObject","inLanguage":"fi","@id":"https:\/\/rodoaed.ee\/#\/schema\/logo\/image\/","url":"https:\/\/rodoaed.ee\/wp-content\/uploads\/2019\/11\/rodoaed-logo-ilma-taustata.jpg","contentUrl":"https:\/\/rodoaed.ee\/wp-content\/uploads\/2019\/11\/rodoaed-logo-ilma-taustata.jpg","width":769,"height":268,"caption":"Rodoaed"},"image":{"@id":"https:\/\/rodoaed.ee\/#\/schema\/logo\/image\/"},"sameAs":["https:\/\/www.facebook.com\/kasvuhooned\/","https:\/\/rodoaed.ee"]}]}},"_links":{"self":[{"href":"https:\/\/rodoaed.ee\/fi\/wp-json\/wp\/v2\/product\/52867","targetHints":{"allow":["GET"]}}],"collection":[{"href":"https:\/\/rodoaed.ee\/fi\/wp-json\/wp\/v2\/product"}],"about":[{"href":"https:\/\/rodoaed.ee\/fi\/wp-json\/wp\/v2\/types\/product"}],"wp:featuredmedia":[{"embeddable":true,"href":"https:\/\/rodoaed.ee\/fi\/wp-json\/wp\/v2\/media\/39635"}],"wp:attachment":[{"href":"https:\/\/rodoaed.ee\/fi\/wp-json\/wp\/v2\/media?parent=52867"}],"wp:term":[{"taxonomy":"product_brand","embeddable":true,"href":"https:\/\/rodoaed.ee\/fi\/wp-json\/wp\/v2\/product_brand?post=52867"},{"taxonomy":"product_cat","embeddable":true,"href":"https:\/\/rodoaed.ee\/fi\/wp-json\/wp\/v2\/product_cat?post=52867"},{"taxonomy":"product_tag","embeddable":true,"href":"https:\/\/rodoaed.ee\/fi\/wp-json\/wp\/v2\/product_tag?post=52867"}],"curies":[{"name":"wp","href":"https:\/\/api.w.org\/{rel}","templated":true}]}}