{"id":52869,"date":"2022-01-10T22:23:33","date_gmt":"2022-01-10T20:23:33","guid":{"rendered":"https:\/\/rodoaed.ee\/toode\/sweet-chocolate-aikainen-nopeakasvuinen-vahasatoinen\/"},"modified":"2026-04-13T10:56:22","modified_gmt":"2026-04-13T07:56:22","slug":"sweet-chocolate-aikainen-nopeakasvuinen-vahasatoinen","status":"publish","type":"product","link":"https:\/\/rodoaed.ee\/fi\/tuote\/sweet-chocolate-aikainen-nopeakasvuinen-vahasatoinen\/","title":{"rendered":"Sweet Chocolate &#8211; aikainen, nopeakasvuinen, v\u00e4h\u00e4satoinen."},"content":{"rendered":"<h2>Varhainen, nopeakasvuinen mutta matala lajike<\/h2>\n<p>Capsicum annuum<\/p>\n<p>Varhainen lajike. <strong>Lajike, jolla on kiilt\u00e4v\u00e4t suklaanruskeat hedelm\u00e4t.<\/strong> Hedelm\u00e4n muoto on kartiomainen, ja sen k\u00e4rki on muhkea. Keskikokoinen, paino enint\u00e4\u00e4n 80 g. Kasvi on nopeakasvuinen mutta matala. Suhteellisen hyv\u00e4 taudinkest\u00e4vyys. Pid\u00e4 maa kosteana, lannoita 10 p\u00e4iv\u00e4n v\u00e4lein hedelmien puhkeamisen aikana.     <\/p>\n<p>Pakkaus sis\u00e4lt\u00e4\u00e4 0,5 g siemeni\u00e4<\/p>\n<p>&nbsp;<\/p>\n<p><a href=\"https:\/\/rodoaed.ee\/fi\/\">kotisivu<\/a> <a href=\"https:\/\/rodoaed.ee\/fi\/tootekategooria\/puutarha-ja-piha\/\">k\u00e4ynnist\u00e4<\/a>  <a href=\"https:\/\/rodoaed.ee\/fi\/tootekategooria\/puutarha-ja-piha\/siemenet\/\">siemenet<\/a><\/p>\n<p>&nbsp;<\/p>\n","protected":false},"excerpt":{"rendered":"<p>Varhainen, nopeakasvuinen mutta matala lajike Capsicum annuum Varhainen lajike. Lajike, jolla on kiilt\u00e4v\u00e4t suklaanruskeat hedelm\u00e4t. Hedelm\u00e4n muoto on kartiomainen, ja sen k\u00e4rki on muhkea. Keskikokoinen, paino enint\u00e4\u00e4n 80 g. Kasvi on nopeakasvuinen mutta matala. Suhteellisen hyv\u00e4 taudinkest\u00e4vyys. Pid\u00e4 maa kosteana, lannoita 10 p\u00e4iv\u00e4n v\u00e4lein hedelmien puhkeamisen aikana. Pakkaus sis\u00e4lt\u00e4\u00e4 0,5 g siemeni\u00e4 &nbsp; kotisivu k\u00e4ynnist\u00e4 siemenet &nbsp;<\/p>\n","protected":false},"featured_media":39663,"template":"","meta":{"_acf_changed":false},"product_brand":[],"product_cat":[1759,1895,1752,1753],"product_tag":[],"class_list":{"0":"post-52869","1":"product","2":"type-product","3":"status-publish","4":"has-post-thumbnail","6":"product_cat-korkean-alennuksen-siementarjoukset","7":"product_cat-paprikan-siemenet","8":"product_cat-puutarha-ja-piha","9":"product_cat-siemenet","10":"product_shipping_class-toimitus-1-3-tyopaivan-kuluessa","11":"pa_variatsioon-suuri-blumatin-automaattinen-kastelujarjestelma-jossa-on-40-anturia-ja-vesihanaliitanta","13":"first","14":"instock","15":"sale","16":"taxable","17":"shipping-taxable","18":"purchasable","19":"product-type-simple"},"acf":[],"yoast_head":"<!-- This site is optimized with the Yoast SEO Premium plugin v27.3 (Yoast SEO v27.3) - https:\/\/yoast.com\/product\/yoast-seo-premium-wordpress\/ -->\n<title>Sweet Chocolate - aikainen, nopeakasvuinen, v\u00e4h\u00e4satoinen. - Rodoaed<\/title>\n<meta name=\"description\" content=\"Vihannesten siemeni\u00e4 Euroopan ja Viron parhailta tuottajilta. Kasvihuoneeseen ja avomaalle soveltuvat j\u00e4lkitestatut siemenet.\" \/>\n<meta name=\"robots\" content=\"index, follow, max-snippet:-1, max-image-preview:large, max-video-preview:-1\" \/>\n<link rel=\"canonical\" href=\"https:\/\/rodoaed.ee\/fi\/toode\/sweet-chocolate-aikainen-nopeakasvuinen-vahasatoinen\/\" \/>\n<meta property=\"og:locale\" content=\"fi_FI\" \/>\n<meta property=\"og:type\" content=\"article\" \/>\n<meta property=\"og:title\" content=\"Sweet Chocolate - aikainen, nopeakasvuinen, v\u00e4h\u00e4satoinen.\" \/>\n<meta property=\"og:description\" content=\"Varhainen, nopeakasvuinen mutta matala lajike Capsicum annuum Varhainen lajike. Lajike, jolla on kiilt\u00e4v\u00e4t suklaanruskeat hedelm\u00e4t. Hedelm\u00e4n muoto on\" \/>\n<meta property=\"og:url\" content=\"https:\/\/rodoaed.ee\/fi\/toode\/sweet-chocolate-aikainen-nopeakasvuinen-vahasatoinen\/\" \/>\n<meta property=\"og:site_name\" content=\"Rodoaed\" \/>\n<meta property=\"article:publisher\" content=\"https:\/\/www.facebook.com\/kasvuhooned\/\" \/>\n<meta property=\"article:modified_time\" content=\"2026-04-13T07:56:22+00:00\" \/>\n<meta property=\"og:image\" content=\"https:\/\/rodoaed.ee\/wp-content\/uploads\/2022\/01\/Paprika_Sweet-Chocolate.png\" \/>\n\t<meta property=\"og:image:width\" content=\"292\" \/>\n\t<meta property=\"og:image:height\" content=\"548\" \/>\n\t<meta property=\"og:image:type\" content=\"image\/png\" \/>\n<meta name=\"twitter:card\" content=\"summary_large_image\" \/>\n<script type=\"application\/ld+json\" class=\"yoast-schema-graph\">{\"@context\":\"https:\\\/\\\/schema.org\",\"@graph\":[{\"@type\":\"WebPage\",\"@id\":\"https:\\\/\\\/rodoaed.ee\\\/fi\\\/toode\\\/sweet-chocolate-aikainen-nopeakasvuinen-vahasatoinen\\\/\",\"url\":\"https:\\\/\\\/rodoaed.ee\\\/fi\\\/toode\\\/sweet-chocolate-aikainen-nopeakasvuinen-vahasatoinen\\\/\",\"name\":\"Sweet Chocolate - aikainen, nopeakasvuinen, v\u00e4h\u00e4satoinen. - Rodoaed\",\"isPartOf\":{\"@id\":\"https:\\\/\\\/rodoaed.ee\\\/#website\"},\"primaryImageOfPage\":{\"@id\":\"https:\\\/\\\/rodoaed.ee\\\/fi\\\/toode\\\/sweet-chocolate-aikainen-nopeakasvuinen-vahasatoinen\\\/#primaryimage\"},\"image\":{\"@id\":\"https:\\\/\\\/rodoaed.ee\\\/fi\\\/toode\\\/sweet-chocolate-aikainen-nopeakasvuinen-vahasatoinen\\\/#primaryimage\"},\"thumbnailUrl\":\"https:\\\/\\\/rodoaed.ee\\\/wp-content\\\/uploads\\\/2022\\\/01\\\/Paprika_Sweet-Chocolate.png\",\"datePublished\":\"2022-01-10T20:23:33+00:00\",\"dateModified\":\"2026-04-13T07:56:22+00:00\",\"description\":\"Vihannesten siemeni\u00e4 Euroopan ja Viron parhailta tuottajilta. Kasvihuoneeseen ja avomaalle soveltuvat j\u00e4lkitestatut siemenet.\",\"breadcrumb\":{\"@id\":\"https:\\\/\\\/rodoaed.ee\\\/fi\\\/toode\\\/sweet-chocolate-aikainen-nopeakasvuinen-vahasatoinen\\\/#breadcrumb\"},\"inLanguage\":\"fi\",\"potentialAction\":[{\"@type\":\"ReadAction\",\"target\":[\"https:\\\/\\\/rodoaed.ee\\\/fi\\\/toode\\\/sweet-chocolate-aikainen-nopeakasvuinen-vahasatoinen\\\/\"]}]},{\"@type\":\"ImageObject\",\"inLanguage\":\"fi\",\"@id\":\"https:\\\/\\\/rodoaed.ee\\\/fi\\\/toode\\\/sweet-chocolate-aikainen-nopeakasvuinen-vahasatoinen\\\/#primaryimage\",\"url\":\"https:\\\/\\\/rodoaed.ee\\\/wp-content\\\/uploads\\\/2022\\\/01\\\/Paprika_Sweet-Chocolate.png\",\"contentUrl\":\"https:\\\/\\\/rodoaed.ee\\\/wp-content\\\/uploads\\\/2022\\\/01\\\/Paprika_Sweet-Chocolate.png\",\"width\":292,\"height\":548},{\"@type\":\"BreadcrumbList\",\"@id\":\"https:\\\/\\\/rodoaed.ee\\\/fi\\\/toode\\\/sweet-chocolate-aikainen-nopeakasvuinen-vahasatoinen\\\/#breadcrumb\",\"itemListElement\":[{\"@type\":\"ListItem\",\"position\":1,\"name\":\"Home\",\"item\":\"https:\\\/\\\/rodoaed.ee\\\/fi\\\/\"},{\"@type\":\"ListItem\",\"position\":2,\"name\":\"Osta osoitteessa\",\"item\":\"https:\\\/\\\/rodoaed.ee\\\/osta-osoitteessa\\\/\"},{\"@type\":\"ListItem\",\"position\":3,\"name\":\"Sweet Chocolate &#8211; aikainen, nopeakasvuinen, v\u00e4h\u00e4satoinen.\"}]},{\"@type\":\"WebSite\",\"@id\":\"https:\\\/\\\/rodoaed.ee\\\/#website\",\"url\":\"https:\\\/\\\/rodoaed.ee\\\/\",\"name\":\"Rodoaed\",\"description\":\"\",\"publisher\":{\"@id\":\"https:\\\/\\\/rodoaed.ee\\\/#organization\"},\"potentialAction\":[{\"@type\":\"SearchAction\",\"target\":{\"@type\":\"EntryPoint\",\"urlTemplate\":\"https:\\\/\\\/rodoaed.ee\\\/?s={search_term_string}\"},\"query-input\":{\"@type\":\"PropertyValueSpecification\",\"valueRequired\":true,\"valueName\":\"search_term_string\"}}],\"inLanguage\":\"fi\"},{\"@type\":\"Organization\",\"@id\":\"https:\\\/\\\/rodoaed.ee\\\/#organization\",\"name\":\"Rodoaed\",\"url\":\"https:\\\/\\\/rodoaed.ee\\\/\",\"logo\":{\"@type\":\"ImageObject\",\"inLanguage\":\"fi\",\"@id\":\"https:\\\/\\\/rodoaed.ee\\\/#\\\/schema\\\/logo\\\/image\\\/\",\"url\":\"https:\\\/\\\/rodoaed.ee\\\/wp-content\\\/uploads\\\/2019\\\/11\\\/rodoaed-logo-ilma-taustata.jpg\",\"contentUrl\":\"https:\\\/\\\/rodoaed.ee\\\/wp-content\\\/uploads\\\/2019\\\/11\\\/rodoaed-logo-ilma-taustata.jpg\",\"width\":769,\"height\":268,\"caption\":\"Rodoaed\"},\"image\":{\"@id\":\"https:\\\/\\\/rodoaed.ee\\\/#\\\/schema\\\/logo\\\/image\\\/\"},\"sameAs\":[\"https:\\\/\\\/www.facebook.com\\\/kasvuhooned\\\/\",\"https:\\\/\\\/rodoaed.ee\"]}]}<\/script>\n<!-- \/ Yoast SEO Premium plugin. -->","yoast_head_json":{"title":"Sweet Chocolate - aikainen, nopeakasvuinen, v\u00e4h\u00e4satoinen. - Rodoaed","description":"Vihannesten siemeni\u00e4 Euroopan ja Viron parhailta tuottajilta. Kasvihuoneeseen ja avomaalle soveltuvat j\u00e4lkitestatut siemenet.","robots":{"index":"index","follow":"follow","max-snippet":"max-snippet:-1","max-image-preview":"max-image-preview:large","max-video-preview":"max-video-preview:-1"},"canonical":"https:\/\/rodoaed.ee\/fi\/toode\/sweet-chocolate-aikainen-nopeakasvuinen-vahasatoinen\/","og_locale":"fi_FI","og_type":"article","og_title":"Sweet Chocolate - aikainen, nopeakasvuinen, v\u00e4h\u00e4satoinen.","og_description":"Varhainen, nopeakasvuinen mutta matala lajike Capsicum annuum Varhainen lajike. Lajike, jolla on kiilt\u00e4v\u00e4t suklaanruskeat hedelm\u00e4t. Hedelm\u00e4n muoto on","og_url":"https:\/\/rodoaed.ee\/fi\/toode\/sweet-chocolate-aikainen-nopeakasvuinen-vahasatoinen\/","og_site_name":"Rodoaed","article_publisher":"https:\/\/www.facebook.com\/kasvuhooned\/","article_modified_time":"2026-04-13T07:56:22+00:00","og_image":[{"width":292,"height":548,"url":"https:\/\/rodoaed.ee\/wp-content\/uploads\/2022\/01\/Paprika_Sweet-Chocolate.png","type":"image\/png"}],"twitter_card":"summary_large_image","schema":{"@context":"https:\/\/schema.org","@graph":[{"@type":"WebPage","@id":"https:\/\/rodoaed.ee\/fi\/toode\/sweet-chocolate-aikainen-nopeakasvuinen-vahasatoinen\/","url":"https:\/\/rodoaed.ee\/fi\/toode\/sweet-chocolate-aikainen-nopeakasvuinen-vahasatoinen\/","name":"Sweet Chocolate - aikainen, nopeakasvuinen, v\u00e4h\u00e4satoinen. - Rodoaed","isPartOf":{"@id":"https:\/\/rodoaed.ee\/#website"},"primaryImageOfPage":{"@id":"https:\/\/rodoaed.ee\/fi\/toode\/sweet-chocolate-aikainen-nopeakasvuinen-vahasatoinen\/#primaryimage"},"image":{"@id":"https:\/\/rodoaed.ee\/fi\/toode\/sweet-chocolate-aikainen-nopeakasvuinen-vahasatoinen\/#primaryimage"},"thumbnailUrl":"https:\/\/rodoaed.ee\/wp-content\/uploads\/2022\/01\/Paprika_Sweet-Chocolate.png","datePublished":"2022-01-10T20:23:33+00:00","dateModified":"2026-04-13T07:56:22+00:00","description":"Vihannesten siemeni\u00e4 Euroopan ja Viron parhailta tuottajilta. Kasvihuoneeseen ja avomaalle soveltuvat j\u00e4lkitestatut siemenet.","breadcrumb":{"@id":"https:\/\/rodoaed.ee\/fi\/toode\/sweet-chocolate-aikainen-nopeakasvuinen-vahasatoinen\/#breadcrumb"},"inLanguage":"fi","potentialAction":[{"@type":"ReadAction","target":["https:\/\/rodoaed.ee\/fi\/toode\/sweet-chocolate-aikainen-nopeakasvuinen-vahasatoinen\/"]}]},{"@type":"ImageObject","inLanguage":"fi","@id":"https:\/\/rodoaed.ee\/fi\/toode\/sweet-chocolate-aikainen-nopeakasvuinen-vahasatoinen\/#primaryimage","url":"https:\/\/rodoaed.ee\/wp-content\/uploads\/2022\/01\/Paprika_Sweet-Chocolate.png","contentUrl":"https:\/\/rodoaed.ee\/wp-content\/uploads\/2022\/01\/Paprika_Sweet-Chocolate.png","width":292,"height":548},{"@type":"BreadcrumbList","@id":"https:\/\/rodoaed.ee\/fi\/toode\/sweet-chocolate-aikainen-nopeakasvuinen-vahasatoinen\/#breadcrumb","itemListElement":[{"@type":"ListItem","position":1,"name":"Home","item":"https:\/\/rodoaed.ee\/fi\/"},{"@type":"ListItem","position":2,"name":"Osta osoitteessa","item":"https:\/\/rodoaed.ee\/osta-osoitteessa\/"},{"@type":"ListItem","position":3,"name":"Sweet Chocolate &#8211; aikainen, nopeakasvuinen, v\u00e4h\u00e4satoinen."}]},{"@type":"WebSite","@id":"https:\/\/rodoaed.ee\/#website","url":"https:\/\/rodoaed.ee\/","name":"Rodoaed","description":"","publisher":{"@id":"https:\/\/rodoaed.ee\/#organization"},"potentialAction":[{"@type":"SearchAction","target":{"@type":"EntryPoint","urlTemplate":"https:\/\/rodoaed.ee\/?s={search_term_string}"},"query-input":{"@type":"PropertyValueSpecification","valueRequired":true,"valueName":"search_term_string"}}],"inLanguage":"fi"},{"@type":"Organization","@id":"https:\/\/rodoaed.ee\/#organization","name":"Rodoaed","url":"https:\/\/rodoaed.ee\/","logo":{"@type":"ImageObject","inLanguage":"fi","@id":"https:\/\/rodoaed.ee\/#\/schema\/logo\/image\/","url":"https:\/\/rodoaed.ee\/wp-content\/uploads\/2019\/11\/rodoaed-logo-ilma-taustata.jpg","contentUrl":"https:\/\/rodoaed.ee\/wp-content\/uploads\/2019\/11\/rodoaed-logo-ilma-taustata.jpg","width":769,"height":268,"caption":"Rodoaed"},"image":{"@id":"https:\/\/rodoaed.ee\/#\/schema\/logo\/image\/"},"sameAs":["https:\/\/www.facebook.com\/kasvuhooned\/","https:\/\/rodoaed.ee"]}]}},"_links":{"self":[{"href":"https:\/\/rodoaed.ee\/fi\/wp-json\/wp\/v2\/product\/52869","targetHints":{"allow":["GET"]}}],"collection":[{"href":"https:\/\/rodoaed.ee\/fi\/wp-json\/wp\/v2\/product"}],"about":[{"href":"https:\/\/rodoaed.ee\/fi\/wp-json\/wp\/v2\/types\/product"}],"wp:featuredmedia":[{"embeddable":true,"href":"https:\/\/rodoaed.ee\/fi\/wp-json\/wp\/v2\/media\/39663"}],"wp:attachment":[{"href":"https:\/\/rodoaed.ee\/fi\/wp-json\/wp\/v2\/media?parent=52869"}],"wp:term":[{"taxonomy":"product_brand","embeddable":true,"href":"https:\/\/rodoaed.ee\/fi\/wp-json\/wp\/v2\/product_brand?post=52869"},{"taxonomy":"product_cat","embeddable":true,"href":"https:\/\/rodoaed.ee\/fi\/wp-json\/wp\/v2\/product_cat?post=52869"},{"taxonomy":"product_tag","embeddable":true,"href":"https:\/\/rodoaed.ee\/fi\/wp-json\/wp\/v2\/product_tag?post=52869"}],"curies":[{"name":"wp","href":"https:\/\/api.w.org\/{rel}","templated":true}]}}