{"id":52872,"date":"2022-01-10T21:58:24","date_gmt":"2022-01-10T19:58:24","guid":{"rendered":"https:\/\/rodoaed.ee\/toode\/tomaatti-moneymaker-aikainen-korkeakasvuinen-keskikokoinen-hedelma\/"},"modified":"2026-04-13T10:56:23","modified_gmt":"2026-04-13T07:56:23","slug":"tomaatti-moneymaker-aikainen-korkeakasvuinen-keskikokoinen-hedelma","status":"publish","type":"product","link":"https:\/\/rodoaed.ee\/fi\/tuote\/tomaatti-moneymaker-aikainen-korkeakasvuinen-keskikokoinen-hedelma\/","title":{"rendered":"Tomaatti Moneymaker- aikainen, korkeakasvuinen, keskikokoinen hedelm\u00e4."},"content":{"rendered":"<h2>Varhainen, korkeakasvuinen<\/h2>\n<p>Lycopersicon esculentum<\/p>\n<p>Varhainen, korkeakasvuinen lajike. Kasvukausi 75-80 p\u00e4iv\u00e4\u00e4. Hedelm\u00e4t ovat keskikokoisia, v\u00e4rilt\u00e4\u00e4n voimakkaan punaisia, mehukkaita ja maukkaita. Kasvatetaan sek\u00e4 avomaalla ett\u00e4 kasvihuoneessa. Eritt\u00e4in hyv\u00e4 kuljetuskest\u00e4vyys.    <\/p>\n<p>Siemenpakkaus 0,3 grammaa<\/p>\n<p><a href=\"https:\/\/rodoaed.ee\/fi\/\">kotisivu<\/a> <a href=\"https:\/\/rodoaed.ee\/fi\/tootekategooria\/puutarha-ja-piha\/\">k\u00e4ynnist\u00e4<\/a>  <a href=\"https:\/\/rodoaed.ee\/fi\/tootekategooria\/puutarha-ja-piha\/siemenet\/\">siemenet<\/a><\/p>\n<p>&nbsp;<\/p>\n","protected":false},"excerpt":{"rendered":"<p>Varhainen, korkeakasvuinen Lycopersicon esculentum Varhainen, korkeakasvuinen lajike. Kasvukausi 75-80 p\u00e4iv\u00e4\u00e4. Hedelm\u00e4t ovat keskikokoisia, v\u00e4rilt\u00e4\u00e4n voimakkaan punaisia, mehukkaita ja maukkaita. Kasvatetaan sek\u00e4 avomaalla ett\u00e4 kasvihuoneessa. Eritt\u00e4in hyv\u00e4 kuljetuskest\u00e4vyys. Siemenpakkaus 0,3 grammaa kotisivu k\u00e4ynnist\u00e4 siemenet &nbsp;<\/p>\n","protected":false},"featured_media":49597,"template":"","meta":{"_acf_changed":false},"product_brand":[],"product_cat":[1752,1753,1893],"product_tag":[],"class_list":{"0":"post-52872","1":"product","2":"type-product","3":"status-publish","4":"has-post-thumbnail","6":"product_cat-puutarha-ja-piha","7":"product_cat-siemenet","8":"product_cat-tomaatin-siemenet","9":"product_shipping_class-toimitus-1-3-tyopaivan-kuluessa","10":"pa_variatsioon-suuri-blumatin-automaattinen-kastelujarjestelma-jossa-on-40-anturia-ja-vesihanaliitanta","12":"first","13":"instock","14":"taxable","15":"shipping-taxable","16":"purchasable","17":"product-type-simple"},"acf":[],"yoast_head":"<!-- This site is optimized with the Yoast SEO Premium plugin v27.3 (Yoast SEO v27.3) - https:\/\/yoast.com\/product\/yoast-seo-premium-wordpress\/ -->\n<title>Tomaatti Moneymaker- aikainen, korkeakasvuinen, keskikokoinen hedelm\u00e4. - Rodoaed<\/title>\n<meta name=\"description\" content=\"Vihannesten siemeni\u00e4 Euroopan ja Viron parhailta tuottajilta. Kasvihuoneeseen ja avomaalle soveltuvat j\u00e4lkitestatut siemenet.\" \/>\n<meta name=\"robots\" content=\"index, follow, max-snippet:-1, max-image-preview:large, max-video-preview:-1\" \/>\n<link rel=\"canonical\" href=\"https:\/\/rodoaed.ee\/fi\/toode\/tomaatti-moneymaker-aikainen-korkeakasvuinen-keskikokoinen-hedelma\/\" \/>\n<meta property=\"og:locale\" content=\"fi_FI\" \/>\n<meta property=\"og:type\" content=\"article\" \/>\n<meta property=\"og:title\" content=\"Tomaatti Moneymaker- aikainen, korkeakasvuinen, keskikokoinen hedelm\u00e4.\" \/>\n<meta property=\"og:description\" content=\"Varhainen, korkeakasvuinen Lycopersicon esculentum Varhainen, korkeakasvuinen lajike. Kasvukausi 75-80 p\u00e4iv\u00e4\u00e4. Hedelm\u00e4t ovat keskikokoisia, v\u00e4rilt\u00e4\u00e4n\" \/>\n<meta property=\"og:url\" content=\"https:\/\/rodoaed.ee\/fi\/toode\/tomaatti-moneymaker-aikainen-korkeakasvuinen-keskikokoinen-hedelma\/\" \/>\n<meta property=\"og:site_name\" content=\"Rodoaed\" \/>\n<meta property=\"article:publisher\" content=\"https:\/\/www.facebook.com\/kasvuhooned\/\" \/>\n<meta property=\"article:modified_time\" content=\"2026-04-13T07:56:23+00:00\" \/>\n<meta name=\"twitter:card\" content=\"summary_large_image\" \/>\n<meta name=\"twitter:image\" content=\"https:\/\/rodoaed.ee\/wp-content\/uploads\/2022\/01\/tomati-seemned_4743153005008.jpg\" \/>\n<script type=\"application\/ld+json\" class=\"yoast-schema-graph\">{\"@context\":\"https:\\\/\\\/schema.org\",\"@graph\":[{\"@type\":\"WebPage\",\"@id\":\"https:\\\/\\\/rodoaed.ee\\\/fi\\\/toode\\\/tomaatti-moneymaker-aikainen-korkeakasvuinen-keskikokoinen-hedelma\\\/\",\"url\":\"https:\\\/\\\/rodoaed.ee\\\/fi\\\/toode\\\/tomaatti-moneymaker-aikainen-korkeakasvuinen-keskikokoinen-hedelma\\\/\",\"name\":\"Tomaatti Moneymaker- aikainen, korkeakasvuinen, keskikokoinen hedelm\u00e4. - Rodoaed\",\"isPartOf\":{\"@id\":\"https:\\\/\\\/rodoaed.ee\\\/#website\"},\"primaryImageOfPage\":{\"@id\":\"https:\\\/\\\/rodoaed.ee\\\/fi\\\/toode\\\/tomaatti-moneymaker-aikainen-korkeakasvuinen-keskikokoinen-hedelma\\\/#primaryimage\"},\"image\":{\"@id\":\"https:\\\/\\\/rodoaed.ee\\\/fi\\\/toode\\\/tomaatti-moneymaker-aikainen-korkeakasvuinen-keskikokoinen-hedelma\\\/#primaryimage\"},\"thumbnailUrl\":\"https:\\\/\\\/rodoaed.ee\\\/wp-content\\\/uploads\\\/2022\\\/01\\\/tomati-seemned_4743153005008.jpg\",\"datePublished\":\"2022-01-10T19:58:24+00:00\",\"dateModified\":\"2026-04-13T07:56:23+00:00\",\"description\":\"Vihannesten siemeni\u00e4 Euroopan ja Viron parhailta tuottajilta. Kasvihuoneeseen ja avomaalle soveltuvat j\u00e4lkitestatut siemenet.\",\"breadcrumb\":{\"@id\":\"https:\\\/\\\/rodoaed.ee\\\/fi\\\/toode\\\/tomaatti-moneymaker-aikainen-korkeakasvuinen-keskikokoinen-hedelma\\\/#breadcrumb\"},\"inLanguage\":\"fi\",\"potentialAction\":[{\"@type\":\"ReadAction\",\"target\":[\"https:\\\/\\\/rodoaed.ee\\\/fi\\\/toode\\\/tomaatti-moneymaker-aikainen-korkeakasvuinen-keskikokoinen-hedelma\\\/\"]}]},{\"@type\":\"ImageObject\",\"inLanguage\":\"fi\",\"@id\":\"https:\\\/\\\/rodoaed.ee\\\/fi\\\/toode\\\/tomaatti-moneymaker-aikainen-korkeakasvuinen-keskikokoinen-hedelma\\\/#primaryimage\",\"url\":\"https:\\\/\\\/rodoaed.ee\\\/wp-content\\\/uploads\\\/2022\\\/01\\\/tomati-seemned_4743153005008.jpg\",\"contentUrl\":\"https:\\\/\\\/rodoaed.ee\\\/wp-content\\\/uploads\\\/2022\\\/01\\\/tomati-seemned_4743153005008.jpg\",\"width\":945,\"height\":1654},{\"@type\":\"BreadcrumbList\",\"@id\":\"https:\\\/\\\/rodoaed.ee\\\/fi\\\/toode\\\/tomaatti-moneymaker-aikainen-korkeakasvuinen-keskikokoinen-hedelma\\\/#breadcrumb\",\"itemListElement\":[{\"@type\":\"ListItem\",\"position\":1,\"name\":\"Home\",\"item\":\"https:\\\/\\\/rodoaed.ee\\\/fi\\\/\"},{\"@type\":\"ListItem\",\"position\":2,\"name\":\"Osta osoitteessa\",\"item\":\"https:\\\/\\\/rodoaed.ee\\\/osta-osoitteessa\\\/\"},{\"@type\":\"ListItem\",\"position\":3,\"name\":\"Tomaatti Moneymaker- aikainen, korkeakasvuinen, keskikokoinen hedelm\u00e4.\"}]},{\"@type\":\"WebSite\",\"@id\":\"https:\\\/\\\/rodoaed.ee\\\/#website\",\"url\":\"https:\\\/\\\/rodoaed.ee\\\/\",\"name\":\"Rodoaed\",\"description\":\"\",\"publisher\":{\"@id\":\"https:\\\/\\\/rodoaed.ee\\\/#organization\"},\"potentialAction\":[{\"@type\":\"SearchAction\",\"target\":{\"@type\":\"EntryPoint\",\"urlTemplate\":\"https:\\\/\\\/rodoaed.ee\\\/?s={search_term_string}\"},\"query-input\":{\"@type\":\"PropertyValueSpecification\",\"valueRequired\":true,\"valueName\":\"search_term_string\"}}],\"inLanguage\":\"fi\"},{\"@type\":\"Organization\",\"@id\":\"https:\\\/\\\/rodoaed.ee\\\/#organization\",\"name\":\"Rodoaed\",\"url\":\"https:\\\/\\\/rodoaed.ee\\\/\",\"logo\":{\"@type\":\"ImageObject\",\"inLanguage\":\"fi\",\"@id\":\"https:\\\/\\\/rodoaed.ee\\\/#\\\/schema\\\/logo\\\/image\\\/\",\"url\":\"https:\\\/\\\/rodoaed.ee\\\/wp-content\\\/uploads\\\/2019\\\/11\\\/rodoaed-logo-ilma-taustata.jpg\",\"contentUrl\":\"https:\\\/\\\/rodoaed.ee\\\/wp-content\\\/uploads\\\/2019\\\/11\\\/rodoaed-logo-ilma-taustata.jpg\",\"width\":769,\"height\":268,\"caption\":\"Rodoaed\"},\"image\":{\"@id\":\"https:\\\/\\\/rodoaed.ee\\\/#\\\/schema\\\/logo\\\/image\\\/\"},\"sameAs\":[\"https:\\\/\\\/www.facebook.com\\\/kasvuhooned\\\/\",\"https:\\\/\\\/rodoaed.ee\"]}]}<\/script>\n<!-- \/ Yoast SEO Premium plugin. -->","yoast_head_json":{"title":"Tomaatti Moneymaker- aikainen, korkeakasvuinen, keskikokoinen hedelm\u00e4. - Rodoaed","description":"Vihannesten siemeni\u00e4 Euroopan ja Viron parhailta tuottajilta. Kasvihuoneeseen ja avomaalle soveltuvat j\u00e4lkitestatut siemenet.","robots":{"index":"index","follow":"follow","max-snippet":"max-snippet:-1","max-image-preview":"max-image-preview:large","max-video-preview":"max-video-preview:-1"},"canonical":"https:\/\/rodoaed.ee\/fi\/toode\/tomaatti-moneymaker-aikainen-korkeakasvuinen-keskikokoinen-hedelma\/","og_locale":"fi_FI","og_type":"article","og_title":"Tomaatti Moneymaker- aikainen, korkeakasvuinen, keskikokoinen hedelm\u00e4.","og_description":"Varhainen, korkeakasvuinen Lycopersicon esculentum Varhainen, korkeakasvuinen lajike. Kasvukausi 75-80 p\u00e4iv\u00e4\u00e4. Hedelm\u00e4t ovat keskikokoisia, v\u00e4rilt\u00e4\u00e4n","og_url":"https:\/\/rodoaed.ee\/fi\/toode\/tomaatti-moneymaker-aikainen-korkeakasvuinen-keskikokoinen-hedelma\/","og_site_name":"Rodoaed","article_publisher":"https:\/\/www.facebook.com\/kasvuhooned\/","article_modified_time":"2026-04-13T07:56:23+00:00","twitter_card":"summary_large_image","twitter_image":"https:\/\/rodoaed.ee\/wp-content\/uploads\/2022\/01\/tomati-seemned_4743153005008.jpg","schema":{"@context":"https:\/\/schema.org","@graph":[{"@type":"WebPage","@id":"https:\/\/rodoaed.ee\/fi\/toode\/tomaatti-moneymaker-aikainen-korkeakasvuinen-keskikokoinen-hedelma\/","url":"https:\/\/rodoaed.ee\/fi\/toode\/tomaatti-moneymaker-aikainen-korkeakasvuinen-keskikokoinen-hedelma\/","name":"Tomaatti Moneymaker- aikainen, korkeakasvuinen, keskikokoinen hedelm\u00e4. - Rodoaed","isPartOf":{"@id":"https:\/\/rodoaed.ee\/#website"},"primaryImageOfPage":{"@id":"https:\/\/rodoaed.ee\/fi\/toode\/tomaatti-moneymaker-aikainen-korkeakasvuinen-keskikokoinen-hedelma\/#primaryimage"},"image":{"@id":"https:\/\/rodoaed.ee\/fi\/toode\/tomaatti-moneymaker-aikainen-korkeakasvuinen-keskikokoinen-hedelma\/#primaryimage"},"thumbnailUrl":"https:\/\/rodoaed.ee\/wp-content\/uploads\/2022\/01\/tomati-seemned_4743153005008.jpg","datePublished":"2022-01-10T19:58:24+00:00","dateModified":"2026-04-13T07:56:23+00:00","description":"Vihannesten siemeni\u00e4 Euroopan ja Viron parhailta tuottajilta. Kasvihuoneeseen ja avomaalle soveltuvat j\u00e4lkitestatut siemenet.","breadcrumb":{"@id":"https:\/\/rodoaed.ee\/fi\/toode\/tomaatti-moneymaker-aikainen-korkeakasvuinen-keskikokoinen-hedelma\/#breadcrumb"},"inLanguage":"fi","potentialAction":[{"@type":"ReadAction","target":["https:\/\/rodoaed.ee\/fi\/toode\/tomaatti-moneymaker-aikainen-korkeakasvuinen-keskikokoinen-hedelma\/"]}]},{"@type":"ImageObject","inLanguage":"fi","@id":"https:\/\/rodoaed.ee\/fi\/toode\/tomaatti-moneymaker-aikainen-korkeakasvuinen-keskikokoinen-hedelma\/#primaryimage","url":"https:\/\/rodoaed.ee\/wp-content\/uploads\/2022\/01\/tomati-seemned_4743153005008.jpg","contentUrl":"https:\/\/rodoaed.ee\/wp-content\/uploads\/2022\/01\/tomati-seemned_4743153005008.jpg","width":945,"height":1654},{"@type":"BreadcrumbList","@id":"https:\/\/rodoaed.ee\/fi\/toode\/tomaatti-moneymaker-aikainen-korkeakasvuinen-keskikokoinen-hedelma\/#breadcrumb","itemListElement":[{"@type":"ListItem","position":1,"name":"Home","item":"https:\/\/rodoaed.ee\/fi\/"},{"@type":"ListItem","position":2,"name":"Osta osoitteessa","item":"https:\/\/rodoaed.ee\/osta-osoitteessa\/"},{"@type":"ListItem","position":3,"name":"Tomaatti Moneymaker- aikainen, korkeakasvuinen, keskikokoinen hedelm\u00e4."}]},{"@type":"WebSite","@id":"https:\/\/rodoaed.ee\/#website","url":"https:\/\/rodoaed.ee\/","name":"Rodoaed","description":"","publisher":{"@id":"https:\/\/rodoaed.ee\/#organization"},"potentialAction":[{"@type":"SearchAction","target":{"@type":"EntryPoint","urlTemplate":"https:\/\/rodoaed.ee\/?s={search_term_string}"},"query-input":{"@type":"PropertyValueSpecification","valueRequired":true,"valueName":"search_term_string"}}],"inLanguage":"fi"},{"@type":"Organization","@id":"https:\/\/rodoaed.ee\/#organization","name":"Rodoaed","url":"https:\/\/rodoaed.ee\/","logo":{"@type":"ImageObject","inLanguage":"fi","@id":"https:\/\/rodoaed.ee\/#\/schema\/logo\/image\/","url":"https:\/\/rodoaed.ee\/wp-content\/uploads\/2019\/11\/rodoaed-logo-ilma-taustata.jpg","contentUrl":"https:\/\/rodoaed.ee\/wp-content\/uploads\/2019\/11\/rodoaed-logo-ilma-taustata.jpg","width":769,"height":268,"caption":"Rodoaed"},"image":{"@id":"https:\/\/rodoaed.ee\/#\/schema\/logo\/image\/"},"sameAs":["https:\/\/www.facebook.com\/kasvuhooned\/","https:\/\/rodoaed.ee"]}]}},"_links":{"self":[{"href":"https:\/\/rodoaed.ee\/fi\/wp-json\/wp\/v2\/product\/52872","targetHints":{"allow":["GET"]}}],"collection":[{"href":"https:\/\/rodoaed.ee\/fi\/wp-json\/wp\/v2\/product"}],"about":[{"href":"https:\/\/rodoaed.ee\/fi\/wp-json\/wp\/v2\/types\/product"}],"wp:featuredmedia":[{"embeddable":true,"href":"https:\/\/rodoaed.ee\/fi\/wp-json\/wp\/v2\/media\/49597"}],"wp:attachment":[{"href":"https:\/\/rodoaed.ee\/fi\/wp-json\/wp\/v2\/media?parent=52872"}],"wp:term":[{"taxonomy":"product_brand","embeddable":true,"href":"https:\/\/rodoaed.ee\/fi\/wp-json\/wp\/v2\/product_brand?post=52872"},{"taxonomy":"product_cat","embeddable":true,"href":"https:\/\/rodoaed.ee\/fi\/wp-json\/wp\/v2\/product_cat?post=52872"},{"taxonomy":"product_tag","embeddable":true,"href":"https:\/\/rodoaed.ee\/fi\/wp-json\/wp\/v2\/product_tag?post=52872"}],"curies":[{"name":"wp","href":"https:\/\/api.w.org\/{rel}","templated":true}]}}