{"id":52873,"date":"2022-01-10T22:39:53","date_gmt":"2022-01-10T20:39:53","guid":{"rendered":"https:\/\/rodoaed.ee\/toode\/paprika-california-wonder-bio-keskenkasvuinen-aikainen-suuret-hedelmat\/"},"modified":"2026-04-13T10:56:23","modified_gmt":"2026-04-13T07:56:23","slug":"paprika-california-wonder-bio-keskenkasvuinen-aikainen-suuret-hedelmat","status":"publish","type":"product","link":"https:\/\/rodoaed.ee\/fi\/tuote\/paprika-california-wonder-bio-keskenkasvuinen-aikainen-suuret-hedelmat\/","title":{"rendered":"Paprika California Wonder BIO- keskenkasvuinen aikainen, suuret hedelm\u00e4t"},"content":{"rendered":"<h2>Keskiaikainen, suuret hedelm\u00e4t<\/h2>\n<p>Capsicum annuum<\/p>\n<p>California Wonder on keskenkasvuinen, 60-70 cm korkea lajike. Hedelm\u00e4t ovat suuria, neli\u00f6nmuotoisia, paksusein\u00e4isi\u00e4 ja kypsin\u00e4 tummanpunaisia. Runsaasti C-vitamiinia. Makeat, mehukkaat hedelm\u00e4t painavat 200-230 g. Kasvatetaan kasvihuoneessa tai avomaalla l\u00e4mpim\u00e4ss\u00e4, tuulelta suojassa olevassa paikassa.    <\/p>\n<p>&nbsp;<\/p>\n<p>Pakkaus sis\u00e4lt\u00e4\u00e4 1,0 g siemeni\u00e4<\/p>\n<p>&nbsp;<\/p>\n<p><a href=\"https:\/\/rodoaed.ee\/fi\/\">kotisivu<\/a> <a href=\"https:\/\/rodoaed.ee\/fi\/tootekategooria\/puutarha-ja-piha\/\">k\u00e4ynnist\u00e4<\/a>  <a href=\"https:\/\/rodoaed.ee\/fi\/tootekategooria\/puutarha-ja-piha\/siemenet\/\">siemenet<\/a><\/p>\n<p>&nbsp;<\/p>\n","protected":false},"excerpt":{"rendered":"<p>Keskiaikainen, suuret hedelm\u00e4t Capsicum annuum California Wonder on keskenkasvuinen, 60-70 cm korkea lajike. Hedelm\u00e4t ovat suuria, neli\u00f6nmuotoisia, paksusein\u00e4isi\u00e4 ja kypsin\u00e4 tummanpunaisia. Runsaasti C-vitamiinia. Makeat, mehukkaat hedelm\u00e4t painavat 200-230 g. Kasvatetaan kasvihuoneessa tai avomaalla l\u00e4mpim\u00e4ss\u00e4, tuulelta suojassa olevassa paikassa. &nbsp; Pakkaus sis\u00e4lt\u00e4\u00e4 1,0 g siemeni\u00e4 &nbsp; kotisivu k\u00e4ynnist\u00e4 siemenet &nbsp;<\/p>\n","protected":false},"featured_media":39673,"template":"","meta":{"_acf_changed":false},"product_brand":[],"product_cat":[1895,1752,1753],"product_tag":[],"class_list":{"0":"post-52873","1":"product","2":"type-product","3":"status-publish","4":"has-post-thumbnail","6":"product_cat-paprikan-siemenet","7":"product_cat-puutarha-ja-piha","8":"product_cat-siemenet","9":"product_shipping_class-toimitus-1-3-tyopaivan-kuluessa","10":"pa_variatsioon-suuri-blumatin-automaattinen-kastelujarjestelma-jossa-on-40-anturia-ja-vesihanaliitanta","12":"first","13":"instock","14":"taxable","15":"shipping-taxable","16":"purchasable","17":"product-type-simple"},"acf":[],"yoast_head":"<!-- This site is optimized with the Yoast SEO Premium plugin v27.3 (Yoast SEO v27.3) - https:\/\/yoast.com\/product\/yoast-seo-premium-wordpress\/ -->\n<title>Paprika California Wonder BIO- keskenkasvuinen aikainen, suuret hedelm\u00e4t - Rodoaed<\/title>\n<meta name=\"description\" content=\"Vihannesten siemeni\u00e4 Euroopan ja Viron parhailta tuottajilta. Kasvihuoneeseen ja avomaalle soveltuvat j\u00e4lkitestatut siemenet.\" \/>\n<meta name=\"robots\" content=\"index, follow, max-snippet:-1, max-image-preview:large, max-video-preview:-1\" \/>\n<link rel=\"canonical\" href=\"https:\/\/rodoaed.ee\/fi\/toode\/paprika-california-wonder-bio-keskenkasvuinen-aikainen-suuret-hedelmat\/\" \/>\n<meta property=\"og:locale\" content=\"fi_FI\" \/>\n<meta property=\"og:type\" content=\"article\" \/>\n<meta property=\"og:title\" content=\"Paprika California Wonder BIO- keskenkasvuinen aikainen, suuret hedelm\u00e4t\" \/>\n<meta property=\"og:description\" content=\"Keskiaikainen, suuret hedelm\u00e4t Capsicum annuum California Wonder on keskenkasvuinen, 60-70 cm korkea lajike. Hedelm\u00e4t ovat suuria, neli\u00f6nmuotoisia,\" \/>\n<meta property=\"og:url\" content=\"https:\/\/rodoaed.ee\/fi\/toode\/paprika-california-wonder-bio-keskenkasvuinen-aikainen-suuret-hedelmat\/\" \/>\n<meta property=\"og:site_name\" content=\"Rodoaed\" \/>\n<meta property=\"article:publisher\" content=\"https:\/\/www.facebook.com\/kasvuhooned\/\" \/>\n<meta property=\"article:modified_time\" content=\"2026-04-13T07:56:23+00:00\" \/>\n<meta property=\"og:image\" content=\"https:\/\/rodoaed.ee\/wp-content\/uploads\/2022\/01\/Paprika-seemned_Horticom_California-Wonder_4743153006234_s.jpg\" \/>\n\t<meta property=\"og:image:width\" content=\"1243\" \/>\n\t<meta property=\"og:image:height\" content=\"1706\" \/>\n\t<meta property=\"og:image:type\" content=\"image\/jpeg\" \/>\n<meta name=\"twitter:card\" content=\"summary_large_image\" \/>\n<script type=\"application\/ld+json\" class=\"yoast-schema-graph\">{\"@context\":\"https:\\\/\\\/schema.org\",\"@graph\":[{\"@type\":\"WebPage\",\"@id\":\"https:\\\/\\\/rodoaed.ee\\\/fi\\\/toode\\\/paprika-california-wonder-bio-keskenkasvuinen-aikainen-suuret-hedelmat\\\/\",\"url\":\"https:\\\/\\\/rodoaed.ee\\\/fi\\\/toode\\\/paprika-california-wonder-bio-keskenkasvuinen-aikainen-suuret-hedelmat\\\/\",\"name\":\"Paprika California Wonder BIO- keskenkasvuinen aikainen, suuret hedelm\u00e4t - Rodoaed\",\"isPartOf\":{\"@id\":\"https:\\\/\\\/rodoaed.ee\\\/#website\"},\"primaryImageOfPage\":{\"@id\":\"https:\\\/\\\/rodoaed.ee\\\/fi\\\/toode\\\/paprika-california-wonder-bio-keskenkasvuinen-aikainen-suuret-hedelmat\\\/#primaryimage\"},\"image\":{\"@id\":\"https:\\\/\\\/rodoaed.ee\\\/fi\\\/toode\\\/paprika-california-wonder-bio-keskenkasvuinen-aikainen-suuret-hedelmat\\\/#primaryimage\"},\"thumbnailUrl\":\"https:\\\/\\\/rodoaed.ee\\\/wp-content\\\/uploads\\\/2022\\\/01\\\/Paprika-seemned_Horticom_California-Wonder_4743153006234_s.jpg\",\"datePublished\":\"2022-01-10T20:39:53+00:00\",\"dateModified\":\"2026-04-13T07:56:23+00:00\",\"description\":\"Vihannesten siemeni\u00e4 Euroopan ja Viron parhailta tuottajilta. Kasvihuoneeseen ja avomaalle soveltuvat j\u00e4lkitestatut siemenet.\",\"breadcrumb\":{\"@id\":\"https:\\\/\\\/rodoaed.ee\\\/fi\\\/toode\\\/paprika-california-wonder-bio-keskenkasvuinen-aikainen-suuret-hedelmat\\\/#breadcrumb\"},\"inLanguage\":\"fi\",\"potentialAction\":[{\"@type\":\"ReadAction\",\"target\":[\"https:\\\/\\\/rodoaed.ee\\\/fi\\\/toode\\\/paprika-california-wonder-bio-keskenkasvuinen-aikainen-suuret-hedelmat\\\/\"]}]},{\"@type\":\"ImageObject\",\"inLanguage\":\"fi\",\"@id\":\"https:\\\/\\\/rodoaed.ee\\\/fi\\\/toode\\\/paprika-california-wonder-bio-keskenkasvuinen-aikainen-suuret-hedelmat\\\/#primaryimage\",\"url\":\"https:\\\/\\\/rodoaed.ee\\\/wp-content\\\/uploads\\\/2022\\\/01\\\/Paprika-seemned_Horticom_California-Wonder_4743153006234_s.jpg\",\"contentUrl\":\"https:\\\/\\\/rodoaed.ee\\\/wp-content\\\/uploads\\\/2022\\\/01\\\/Paprika-seemned_Horticom_California-Wonder_4743153006234_s.jpg\",\"width\":1243,\"height\":1706},{\"@type\":\"BreadcrumbList\",\"@id\":\"https:\\\/\\\/rodoaed.ee\\\/fi\\\/toode\\\/paprika-california-wonder-bio-keskenkasvuinen-aikainen-suuret-hedelmat\\\/#breadcrumb\",\"itemListElement\":[{\"@type\":\"ListItem\",\"position\":1,\"name\":\"Home\",\"item\":\"https:\\\/\\\/rodoaed.ee\\\/fi\\\/\"},{\"@type\":\"ListItem\",\"position\":2,\"name\":\"Osta osoitteessa\",\"item\":\"https:\\\/\\\/rodoaed.ee\\\/osta-osoitteessa\\\/\"},{\"@type\":\"ListItem\",\"position\":3,\"name\":\"Paprika California Wonder BIO- keskenkasvuinen aikainen, suuret hedelm\u00e4t\"}]},{\"@type\":\"WebSite\",\"@id\":\"https:\\\/\\\/rodoaed.ee\\\/#website\",\"url\":\"https:\\\/\\\/rodoaed.ee\\\/\",\"name\":\"Rodoaed\",\"description\":\"\",\"publisher\":{\"@id\":\"https:\\\/\\\/rodoaed.ee\\\/#organization\"},\"potentialAction\":[{\"@type\":\"SearchAction\",\"target\":{\"@type\":\"EntryPoint\",\"urlTemplate\":\"https:\\\/\\\/rodoaed.ee\\\/?s={search_term_string}\"},\"query-input\":{\"@type\":\"PropertyValueSpecification\",\"valueRequired\":true,\"valueName\":\"search_term_string\"}}],\"inLanguage\":\"fi\"},{\"@type\":\"Organization\",\"@id\":\"https:\\\/\\\/rodoaed.ee\\\/#organization\",\"name\":\"Rodoaed\",\"url\":\"https:\\\/\\\/rodoaed.ee\\\/\",\"logo\":{\"@type\":\"ImageObject\",\"inLanguage\":\"fi\",\"@id\":\"https:\\\/\\\/rodoaed.ee\\\/#\\\/schema\\\/logo\\\/image\\\/\",\"url\":\"https:\\\/\\\/rodoaed.ee\\\/wp-content\\\/uploads\\\/2019\\\/11\\\/rodoaed-logo-ilma-taustata.jpg\",\"contentUrl\":\"https:\\\/\\\/rodoaed.ee\\\/wp-content\\\/uploads\\\/2019\\\/11\\\/rodoaed-logo-ilma-taustata.jpg\",\"width\":769,\"height\":268,\"caption\":\"Rodoaed\"},\"image\":{\"@id\":\"https:\\\/\\\/rodoaed.ee\\\/#\\\/schema\\\/logo\\\/image\\\/\"},\"sameAs\":[\"https:\\\/\\\/www.facebook.com\\\/kasvuhooned\\\/\",\"https:\\\/\\\/rodoaed.ee\"]}]}<\/script>\n<!-- \/ Yoast SEO Premium plugin. -->","yoast_head_json":{"title":"Paprika California Wonder BIO- keskenkasvuinen aikainen, suuret hedelm\u00e4t - Rodoaed","description":"Vihannesten siemeni\u00e4 Euroopan ja Viron parhailta tuottajilta. Kasvihuoneeseen ja avomaalle soveltuvat j\u00e4lkitestatut siemenet.","robots":{"index":"index","follow":"follow","max-snippet":"max-snippet:-1","max-image-preview":"max-image-preview:large","max-video-preview":"max-video-preview:-1"},"canonical":"https:\/\/rodoaed.ee\/fi\/toode\/paprika-california-wonder-bio-keskenkasvuinen-aikainen-suuret-hedelmat\/","og_locale":"fi_FI","og_type":"article","og_title":"Paprika California Wonder BIO- keskenkasvuinen aikainen, suuret hedelm\u00e4t","og_description":"Keskiaikainen, suuret hedelm\u00e4t Capsicum annuum California Wonder on keskenkasvuinen, 60-70 cm korkea lajike. Hedelm\u00e4t ovat suuria, neli\u00f6nmuotoisia,","og_url":"https:\/\/rodoaed.ee\/fi\/toode\/paprika-california-wonder-bio-keskenkasvuinen-aikainen-suuret-hedelmat\/","og_site_name":"Rodoaed","article_publisher":"https:\/\/www.facebook.com\/kasvuhooned\/","article_modified_time":"2026-04-13T07:56:23+00:00","og_image":[{"width":1243,"height":1706,"url":"https:\/\/rodoaed.ee\/wp-content\/uploads\/2022\/01\/Paprika-seemned_Horticom_California-Wonder_4743153006234_s.jpg","type":"image\/jpeg"}],"twitter_card":"summary_large_image","schema":{"@context":"https:\/\/schema.org","@graph":[{"@type":"WebPage","@id":"https:\/\/rodoaed.ee\/fi\/toode\/paprika-california-wonder-bio-keskenkasvuinen-aikainen-suuret-hedelmat\/","url":"https:\/\/rodoaed.ee\/fi\/toode\/paprika-california-wonder-bio-keskenkasvuinen-aikainen-suuret-hedelmat\/","name":"Paprika California Wonder BIO- keskenkasvuinen aikainen, suuret hedelm\u00e4t - Rodoaed","isPartOf":{"@id":"https:\/\/rodoaed.ee\/#website"},"primaryImageOfPage":{"@id":"https:\/\/rodoaed.ee\/fi\/toode\/paprika-california-wonder-bio-keskenkasvuinen-aikainen-suuret-hedelmat\/#primaryimage"},"image":{"@id":"https:\/\/rodoaed.ee\/fi\/toode\/paprika-california-wonder-bio-keskenkasvuinen-aikainen-suuret-hedelmat\/#primaryimage"},"thumbnailUrl":"https:\/\/rodoaed.ee\/wp-content\/uploads\/2022\/01\/Paprika-seemned_Horticom_California-Wonder_4743153006234_s.jpg","datePublished":"2022-01-10T20:39:53+00:00","dateModified":"2026-04-13T07:56:23+00:00","description":"Vihannesten siemeni\u00e4 Euroopan ja Viron parhailta tuottajilta. Kasvihuoneeseen ja avomaalle soveltuvat j\u00e4lkitestatut siemenet.","breadcrumb":{"@id":"https:\/\/rodoaed.ee\/fi\/toode\/paprika-california-wonder-bio-keskenkasvuinen-aikainen-suuret-hedelmat\/#breadcrumb"},"inLanguage":"fi","potentialAction":[{"@type":"ReadAction","target":["https:\/\/rodoaed.ee\/fi\/toode\/paprika-california-wonder-bio-keskenkasvuinen-aikainen-suuret-hedelmat\/"]}]},{"@type":"ImageObject","inLanguage":"fi","@id":"https:\/\/rodoaed.ee\/fi\/toode\/paprika-california-wonder-bio-keskenkasvuinen-aikainen-suuret-hedelmat\/#primaryimage","url":"https:\/\/rodoaed.ee\/wp-content\/uploads\/2022\/01\/Paprika-seemned_Horticom_California-Wonder_4743153006234_s.jpg","contentUrl":"https:\/\/rodoaed.ee\/wp-content\/uploads\/2022\/01\/Paprika-seemned_Horticom_California-Wonder_4743153006234_s.jpg","width":1243,"height":1706},{"@type":"BreadcrumbList","@id":"https:\/\/rodoaed.ee\/fi\/toode\/paprika-california-wonder-bio-keskenkasvuinen-aikainen-suuret-hedelmat\/#breadcrumb","itemListElement":[{"@type":"ListItem","position":1,"name":"Home","item":"https:\/\/rodoaed.ee\/fi\/"},{"@type":"ListItem","position":2,"name":"Osta osoitteessa","item":"https:\/\/rodoaed.ee\/osta-osoitteessa\/"},{"@type":"ListItem","position":3,"name":"Paprika California Wonder BIO- keskenkasvuinen aikainen, suuret hedelm\u00e4t"}]},{"@type":"WebSite","@id":"https:\/\/rodoaed.ee\/#website","url":"https:\/\/rodoaed.ee\/","name":"Rodoaed","description":"","publisher":{"@id":"https:\/\/rodoaed.ee\/#organization"},"potentialAction":[{"@type":"SearchAction","target":{"@type":"EntryPoint","urlTemplate":"https:\/\/rodoaed.ee\/?s={search_term_string}"},"query-input":{"@type":"PropertyValueSpecification","valueRequired":true,"valueName":"search_term_string"}}],"inLanguage":"fi"},{"@type":"Organization","@id":"https:\/\/rodoaed.ee\/#organization","name":"Rodoaed","url":"https:\/\/rodoaed.ee\/","logo":{"@type":"ImageObject","inLanguage":"fi","@id":"https:\/\/rodoaed.ee\/#\/schema\/logo\/image\/","url":"https:\/\/rodoaed.ee\/wp-content\/uploads\/2019\/11\/rodoaed-logo-ilma-taustata.jpg","contentUrl":"https:\/\/rodoaed.ee\/wp-content\/uploads\/2019\/11\/rodoaed-logo-ilma-taustata.jpg","width":769,"height":268,"caption":"Rodoaed"},"image":{"@id":"https:\/\/rodoaed.ee\/#\/schema\/logo\/image\/"},"sameAs":["https:\/\/www.facebook.com\/kasvuhooned\/","https:\/\/rodoaed.ee"]}]}},"_links":{"self":[{"href":"https:\/\/rodoaed.ee\/fi\/wp-json\/wp\/v2\/product\/52873","targetHints":{"allow":["GET"]}}],"collection":[{"href":"https:\/\/rodoaed.ee\/fi\/wp-json\/wp\/v2\/product"}],"about":[{"href":"https:\/\/rodoaed.ee\/fi\/wp-json\/wp\/v2\/types\/product"}],"wp:featuredmedia":[{"embeddable":true,"href":"https:\/\/rodoaed.ee\/fi\/wp-json\/wp\/v2\/media\/39673"}],"wp:attachment":[{"href":"https:\/\/rodoaed.ee\/fi\/wp-json\/wp\/v2\/media?parent=52873"}],"wp:term":[{"taxonomy":"product_brand","embeddable":true,"href":"https:\/\/rodoaed.ee\/fi\/wp-json\/wp\/v2\/product_brand?post=52873"},{"taxonomy":"product_cat","embeddable":true,"href":"https:\/\/rodoaed.ee\/fi\/wp-json\/wp\/v2\/product_cat?post=52873"},{"taxonomy":"product_tag","embeddable":true,"href":"https:\/\/rodoaed.ee\/fi\/wp-json\/wp\/v2\/product_tag?post=52873"}],"curies":[{"name":"wp","href":"https:\/\/api.w.org\/{rel}","templated":true}]}}