{"id":52877,"date":"2022-01-11T20:18:23","date_gmt":"2022-01-11T18:18:23","guid":{"rendered":"https:\/\/rodoaed.ee\/toode\/polvisuojamatto-polvistumista-varten-denim-denim-farkut\/"},"modified":"2026-04-13T10:56:27","modified_gmt":"2026-04-13T07:56:27","slug":"polvisuojamatto-polvistumista-varten-denim-denim-farkut","status":"publish","type":"product","link":"https:\/\/rodoaed.ee\/fi\/tuote\/polvisuojamatto-polvistumista-varten-denim-denim-farkut\/","title":{"rendered":"Polvisuojamatto polvistumista varten Denim- denim farkut"},"content":{"rendered":"<h2>Pehme\u00e4 denim-matto farkkua ja possunnahkaa &#8211; Suojaa polvia.<\/h2>\n<p>T\u00e4m\u00e4 polvilta suojaava ty\u00f6matto on v\u00e4ltt\u00e4m\u00e4t\u00f6n v\u00e4line puutarhanhoidossa. Suurin osa kitkent\u00e4- ja istutust\u00f6ist\u00e4 tehd\u00e4\u00e4n polvillasi. Mukava ja pehme\u00e4 matto suojaa polvia kylm\u00e4lt\u00e4, kosteudelta, ter\u00e4vilt\u00e4 kivilt\u00e4 ja karkealta maalta. Pitk\u00e4n kahvan ansiosta sit\u00e4 on helppo nostaa, kantaa ja s\u00e4ilytt\u00e4\u00e4.   <\/p>\n<p>&nbsp;<\/p>\n<h2>T\u00e4rkeimm\u00e4t ominaisuudet :<\/h2>\n<ul>\n<li>Mitat: L 4,3 x L 25 x K 40 cm.<\/li>\n<li>Paino: 221 g<\/li>\n<li>Materiaali: denim, luonnon sianahka, pehmustevaahto.<\/li>\n<\/ul>\n<p>&nbsp;<\/p>\n<div id=\"article-specifications\" class=\"tab-links__content is-active col-md-6 mb-4\"><\/div>\n","protected":false},"excerpt":{"rendered":"<p>Pehme\u00e4 denim-matto farkkua ja possunnahkaa &#8211; Suojaa polvia. T\u00e4m\u00e4 polvilta suojaava ty\u00f6matto on v\u00e4ltt\u00e4m\u00e4t\u00f6n v\u00e4line puutarhanhoidossa. Suurin osa kitkent\u00e4- ja istutust\u00f6ist\u00e4 tehd\u00e4\u00e4n polvillasi. Mukava ja pehme\u00e4 matto suojaa polvia kylm\u00e4lt\u00e4, kosteudelta, ter\u00e4vilt\u00e4 kivilt\u00e4 ja karkealta maalta. Pitk\u00e4n kahvan ansiosta sit\u00e4 on helppo nostaa, kantaa ja s\u00e4ilytt\u00e4\u00e4. &nbsp; T\u00e4rkeimm\u00e4t ominaisuudet : Mitat: L 4,3 x L 25 x K 40 cm. Paino: 221 g Materiaali: denim,&#8230;<\/p>\n","protected":false},"featured_media":39743,"template":"","meta":{"_acf_changed":false},"product_brand":[],"product_cat":[1776,1945],"product_tag":[],"class_list":{"0":"post-52877","1":"product","2":"type-product","3":"status-publish","4":"has-post-thumbnail","6":"product_cat-hyodylliset-lisavarusteet","7":"product_cat-tarvikkeet","8":"product_shipping_class-toimitus-1-3-tyopaivan-kuluessa","9":"pa_variatsioon-superseeder-kylvokone-21","11":"first","12":"instock","13":"taxable","14":"shipping-taxable","15":"purchasable","16":"product-type-simple"},"acf":[],"yoast_head":"<!-- This site is optimized with the Yoast SEO Premium plugin v27.3 (Yoast SEO v27.3) - https:\/\/yoast.com\/product\/yoast-seo-premium-wordpress\/ -->\n<title>Polvisuojamatto polvistumista varten Denim- denim farkut - Rodoaed<\/title>\n<meta name=\"robots\" content=\"index, follow, max-snippet:-1, max-image-preview:large, max-video-preview:-1\" \/>\n<link rel=\"canonical\" href=\"https:\/\/rodoaed.ee\/fi\/toode\/polvisuojamatto-polvistumista-varten-denim-denim-farkut\/\" \/>\n<meta property=\"og:locale\" content=\"fi_FI\" \/>\n<meta property=\"og:type\" content=\"article\" \/>\n<meta property=\"og:title\" content=\"Polvisuojamatto polvistumista varten Denim- denim farkut\" \/>\n<meta property=\"og:description\" content=\"Pehme\u00e4 denim-matto farkkua ja possunnahkaa - Suojaa polvia. T\u00e4m\u00e4 polvilta suojaava ty\u00f6matto on v\u00e4ltt\u00e4m\u00e4t\u00f6n v\u00e4line puutarhanhoidossa. Suurin osa kitkent\u00e4-\" \/>\n<meta property=\"og:url\" content=\"https:\/\/rodoaed.ee\/fi\/toode\/polvisuojamatto-polvistumista-varten-denim-denim-farkut\/\" \/>\n<meta property=\"og:site_name\" content=\"Rodoaed\" \/>\n<meta property=\"article:publisher\" content=\"https:\/\/www.facebook.com\/kasvuhooned\/\" \/>\n<meta property=\"article:modified_time\" content=\"2026-04-13T07:56:27+00:00\" \/>\n<meta property=\"og:image\" content=\"https:\/\/rodoaed.ee\/wp-content\/uploads\/2022\/01\/polvekaitse-matt_GT160_01.png\" \/>\n\t<meta property=\"og:image:width\" content=\"1240\" \/>\n\t<meta property=\"og:image:height\" content=\"1240\" \/>\n\t<meta property=\"og:image:type\" content=\"image\/png\" \/>\n<meta name=\"twitter:card\" content=\"summary_large_image\" \/>\n<script type=\"application\/ld+json\" class=\"yoast-schema-graph\">{\"@context\":\"https:\\\/\\\/schema.org\",\"@graph\":[{\"@type\":\"WebPage\",\"@id\":\"https:\\\/\\\/rodoaed.ee\\\/fi\\\/toode\\\/polvisuojamatto-polvistumista-varten-denim-denim-farkut\\\/\",\"url\":\"https:\\\/\\\/rodoaed.ee\\\/fi\\\/toode\\\/polvisuojamatto-polvistumista-varten-denim-denim-farkut\\\/\",\"name\":\"Polvisuojamatto polvistumista varten Denim- denim farkut - Rodoaed\",\"isPartOf\":{\"@id\":\"https:\\\/\\\/rodoaed.ee\\\/#website\"},\"primaryImageOfPage\":{\"@id\":\"https:\\\/\\\/rodoaed.ee\\\/fi\\\/toode\\\/polvisuojamatto-polvistumista-varten-denim-denim-farkut\\\/#primaryimage\"},\"image\":{\"@id\":\"https:\\\/\\\/rodoaed.ee\\\/fi\\\/toode\\\/polvisuojamatto-polvistumista-varten-denim-denim-farkut\\\/#primaryimage\"},\"thumbnailUrl\":\"https:\\\/\\\/rodoaed.ee\\\/wp-content\\\/uploads\\\/2022\\\/01\\\/polvekaitse-matt_GT160_01.png\",\"datePublished\":\"2022-01-11T18:18:23+00:00\",\"dateModified\":\"2026-04-13T07:56:27+00:00\",\"breadcrumb\":{\"@id\":\"https:\\\/\\\/rodoaed.ee\\\/fi\\\/toode\\\/polvisuojamatto-polvistumista-varten-denim-denim-farkut\\\/#breadcrumb\"},\"inLanguage\":\"fi\",\"potentialAction\":[{\"@type\":\"ReadAction\",\"target\":[\"https:\\\/\\\/rodoaed.ee\\\/fi\\\/toode\\\/polvisuojamatto-polvistumista-varten-denim-denim-farkut\\\/\"]}]},{\"@type\":\"ImageObject\",\"inLanguage\":\"fi\",\"@id\":\"https:\\\/\\\/rodoaed.ee\\\/fi\\\/toode\\\/polvisuojamatto-polvistumista-varten-denim-denim-farkut\\\/#primaryimage\",\"url\":\"https:\\\/\\\/rodoaed.ee\\\/wp-content\\\/uploads\\\/2022\\\/01\\\/polvekaitse-matt_GT160_01.png\",\"contentUrl\":\"https:\\\/\\\/rodoaed.ee\\\/wp-content\\\/uploads\\\/2022\\\/01\\\/polvekaitse-matt_GT160_01.png\",\"width\":1240,\"height\":1240},{\"@type\":\"BreadcrumbList\",\"@id\":\"https:\\\/\\\/rodoaed.ee\\\/fi\\\/toode\\\/polvisuojamatto-polvistumista-varten-denim-denim-farkut\\\/#breadcrumb\",\"itemListElement\":[{\"@type\":\"ListItem\",\"position\":1,\"name\":\"Home\",\"item\":\"https:\\\/\\\/rodoaed.ee\\\/fi\\\/\"},{\"@type\":\"ListItem\",\"position\":2,\"name\":\"Osta osoitteessa\",\"item\":\"https:\\\/\\\/rodoaed.ee\\\/osta-osoitteessa\\\/\"},{\"@type\":\"ListItem\",\"position\":3,\"name\":\"Polvisuojamatto polvistumista varten Denim- denim farkut\"}]},{\"@type\":\"WebSite\",\"@id\":\"https:\\\/\\\/rodoaed.ee\\\/#website\",\"url\":\"https:\\\/\\\/rodoaed.ee\\\/\",\"name\":\"Rodoaed\",\"description\":\"\",\"publisher\":{\"@id\":\"https:\\\/\\\/rodoaed.ee\\\/#organization\"},\"potentialAction\":[{\"@type\":\"SearchAction\",\"target\":{\"@type\":\"EntryPoint\",\"urlTemplate\":\"https:\\\/\\\/rodoaed.ee\\\/?s={search_term_string}\"},\"query-input\":{\"@type\":\"PropertyValueSpecification\",\"valueRequired\":true,\"valueName\":\"search_term_string\"}}],\"inLanguage\":\"fi\"},{\"@type\":\"Organization\",\"@id\":\"https:\\\/\\\/rodoaed.ee\\\/#organization\",\"name\":\"Rodoaed\",\"url\":\"https:\\\/\\\/rodoaed.ee\\\/\",\"logo\":{\"@type\":\"ImageObject\",\"inLanguage\":\"fi\",\"@id\":\"https:\\\/\\\/rodoaed.ee\\\/#\\\/schema\\\/logo\\\/image\\\/\",\"url\":\"https:\\\/\\\/rodoaed.ee\\\/wp-content\\\/uploads\\\/2019\\\/11\\\/rodoaed-logo-ilma-taustata.jpg\",\"contentUrl\":\"https:\\\/\\\/rodoaed.ee\\\/wp-content\\\/uploads\\\/2019\\\/11\\\/rodoaed-logo-ilma-taustata.jpg\",\"width\":769,\"height\":268,\"caption\":\"Rodoaed\"},\"image\":{\"@id\":\"https:\\\/\\\/rodoaed.ee\\\/#\\\/schema\\\/logo\\\/image\\\/\"},\"sameAs\":[\"https:\\\/\\\/www.facebook.com\\\/kasvuhooned\\\/\",\"https:\\\/\\\/rodoaed.ee\"]}]}<\/script>\n<!-- \/ Yoast SEO Premium plugin. -->","yoast_head_json":{"title":"Polvisuojamatto polvistumista varten Denim- denim farkut - Rodoaed","robots":{"index":"index","follow":"follow","max-snippet":"max-snippet:-1","max-image-preview":"max-image-preview:large","max-video-preview":"max-video-preview:-1"},"canonical":"https:\/\/rodoaed.ee\/fi\/toode\/polvisuojamatto-polvistumista-varten-denim-denim-farkut\/","og_locale":"fi_FI","og_type":"article","og_title":"Polvisuojamatto polvistumista varten Denim- denim farkut","og_description":"Pehme\u00e4 denim-matto farkkua ja possunnahkaa - Suojaa polvia. T\u00e4m\u00e4 polvilta suojaava ty\u00f6matto on v\u00e4ltt\u00e4m\u00e4t\u00f6n v\u00e4line puutarhanhoidossa. Suurin osa kitkent\u00e4-","og_url":"https:\/\/rodoaed.ee\/fi\/toode\/polvisuojamatto-polvistumista-varten-denim-denim-farkut\/","og_site_name":"Rodoaed","article_publisher":"https:\/\/www.facebook.com\/kasvuhooned\/","article_modified_time":"2026-04-13T07:56:27+00:00","og_image":[{"width":1240,"height":1240,"url":"https:\/\/rodoaed.ee\/wp-content\/uploads\/2022\/01\/polvekaitse-matt_GT160_01.png","type":"image\/png"}],"twitter_card":"summary_large_image","schema":{"@context":"https:\/\/schema.org","@graph":[{"@type":"WebPage","@id":"https:\/\/rodoaed.ee\/fi\/toode\/polvisuojamatto-polvistumista-varten-denim-denim-farkut\/","url":"https:\/\/rodoaed.ee\/fi\/toode\/polvisuojamatto-polvistumista-varten-denim-denim-farkut\/","name":"Polvisuojamatto polvistumista varten Denim- denim farkut - Rodoaed","isPartOf":{"@id":"https:\/\/rodoaed.ee\/#website"},"primaryImageOfPage":{"@id":"https:\/\/rodoaed.ee\/fi\/toode\/polvisuojamatto-polvistumista-varten-denim-denim-farkut\/#primaryimage"},"image":{"@id":"https:\/\/rodoaed.ee\/fi\/toode\/polvisuojamatto-polvistumista-varten-denim-denim-farkut\/#primaryimage"},"thumbnailUrl":"https:\/\/rodoaed.ee\/wp-content\/uploads\/2022\/01\/polvekaitse-matt_GT160_01.png","datePublished":"2022-01-11T18:18:23+00:00","dateModified":"2026-04-13T07:56:27+00:00","breadcrumb":{"@id":"https:\/\/rodoaed.ee\/fi\/toode\/polvisuojamatto-polvistumista-varten-denim-denim-farkut\/#breadcrumb"},"inLanguage":"fi","potentialAction":[{"@type":"ReadAction","target":["https:\/\/rodoaed.ee\/fi\/toode\/polvisuojamatto-polvistumista-varten-denim-denim-farkut\/"]}]},{"@type":"ImageObject","inLanguage":"fi","@id":"https:\/\/rodoaed.ee\/fi\/toode\/polvisuojamatto-polvistumista-varten-denim-denim-farkut\/#primaryimage","url":"https:\/\/rodoaed.ee\/wp-content\/uploads\/2022\/01\/polvekaitse-matt_GT160_01.png","contentUrl":"https:\/\/rodoaed.ee\/wp-content\/uploads\/2022\/01\/polvekaitse-matt_GT160_01.png","width":1240,"height":1240},{"@type":"BreadcrumbList","@id":"https:\/\/rodoaed.ee\/fi\/toode\/polvisuojamatto-polvistumista-varten-denim-denim-farkut\/#breadcrumb","itemListElement":[{"@type":"ListItem","position":1,"name":"Home","item":"https:\/\/rodoaed.ee\/fi\/"},{"@type":"ListItem","position":2,"name":"Osta osoitteessa","item":"https:\/\/rodoaed.ee\/osta-osoitteessa\/"},{"@type":"ListItem","position":3,"name":"Polvisuojamatto polvistumista varten Denim- denim farkut"}]},{"@type":"WebSite","@id":"https:\/\/rodoaed.ee\/#website","url":"https:\/\/rodoaed.ee\/","name":"Rodoaed","description":"","publisher":{"@id":"https:\/\/rodoaed.ee\/#organization"},"potentialAction":[{"@type":"SearchAction","target":{"@type":"EntryPoint","urlTemplate":"https:\/\/rodoaed.ee\/?s={search_term_string}"},"query-input":{"@type":"PropertyValueSpecification","valueRequired":true,"valueName":"search_term_string"}}],"inLanguage":"fi"},{"@type":"Organization","@id":"https:\/\/rodoaed.ee\/#organization","name":"Rodoaed","url":"https:\/\/rodoaed.ee\/","logo":{"@type":"ImageObject","inLanguage":"fi","@id":"https:\/\/rodoaed.ee\/#\/schema\/logo\/image\/","url":"https:\/\/rodoaed.ee\/wp-content\/uploads\/2019\/11\/rodoaed-logo-ilma-taustata.jpg","contentUrl":"https:\/\/rodoaed.ee\/wp-content\/uploads\/2019\/11\/rodoaed-logo-ilma-taustata.jpg","width":769,"height":268,"caption":"Rodoaed"},"image":{"@id":"https:\/\/rodoaed.ee\/#\/schema\/logo\/image\/"},"sameAs":["https:\/\/www.facebook.com\/kasvuhooned\/","https:\/\/rodoaed.ee"]}]}},"_links":{"self":[{"href":"https:\/\/rodoaed.ee\/fi\/wp-json\/wp\/v2\/product\/52877","targetHints":{"allow":["GET"]}}],"collection":[{"href":"https:\/\/rodoaed.ee\/fi\/wp-json\/wp\/v2\/product"}],"about":[{"href":"https:\/\/rodoaed.ee\/fi\/wp-json\/wp\/v2\/types\/product"}],"wp:featuredmedia":[{"embeddable":true,"href":"https:\/\/rodoaed.ee\/fi\/wp-json\/wp\/v2\/media\/39743"}],"wp:attachment":[{"href":"https:\/\/rodoaed.ee\/fi\/wp-json\/wp\/v2\/media?parent=52877"}],"wp:term":[{"taxonomy":"product_brand","embeddable":true,"href":"https:\/\/rodoaed.ee\/fi\/wp-json\/wp\/v2\/product_brand?post=52877"},{"taxonomy":"product_cat","embeddable":true,"href":"https:\/\/rodoaed.ee\/fi\/wp-json\/wp\/v2\/product_cat?post=52877"},{"taxonomy":"product_tag","embeddable":true,"href":"https:\/\/rodoaed.ee\/fi\/wp-json\/wp\/v2\/product_tag?post=52877"}],"curies":[{"name":"wp","href":"https:\/\/api.w.org\/{rel}","templated":true}]}}