{"id":52878,"date":"2022-01-11T17:56:23","date_gmt":"2022-01-11T15:56:23","guid":{"rendered":"https:\/\/rodoaed.ee\/toode\/ruusupuu-vaakatakka-36cm-o13cm\/"},"modified":"2026-04-13T10:56:28","modified_gmt":"2026-04-13T07:56:28","slug":"ruusupuu-vaakatakka-36cm-o13cm","status":"publish","type":"product","link":"https:\/\/rodoaed.ee\/fi\/tuote\/ruusupuu-vaakatakka-36cm-o13cm\/","title":{"rendered":"Ruusupuu vaakatakka 36cm \u00f813cm"},"content":{"rendered":"<h2>36cm koivupuusta valmistettu vaakasuora nuotiopaikka<\/h2>\n<p>Ruotsalaistyyliset nuotiopaikat sopivat erinomaisesti puutarhajuhliin ja -tapahtumiin tai vain puutarhassa nauttimiseen. Tulisija her\u00e4tt\u00e4\u00e4 aina huomiota ja auttaa luomaan oikean tunnelman seuraan. Takka palaa mukavalla, hiljaisella liekill\u00e4 ja on tavallista nuotiota keskittyneempi.  <\/p>\n<p>Nimi &#8221;ruotsalainen paloauto&#8221; on per\u00e4isin historiasta. Ruotsalaiset sotilaat k\u00e4yttiv\u00e4t t\u00e4llaisia palok\u00e4rryj\u00e4 30-vuotisen sodan aikana vuosina 1618-1648. Nokkelan porausmenetelm\u00e4n ansiosta he k\u00e4yttiv\u00e4t mets\u00e4st\u00e4 otettua raakaa m\u00e4ntypuuta tulen tekoon ja l\u00e4mmitt\u00e4miseen. N\u00e4in heid\u00e4n ei tarvinnut l\u00e4hte\u00e4 kauas hakemaan kuivaa polttopuuta. Polttopuun hidas palaminen antoi l\u00e4mp\u00f6\u00e4 ja valoa yli tunniksi. Paloaika riippuu my\u00f6s s\u00e4\u00e4st\u00e4 ja tuulesta.     <\/p>\n<ul>\n<li>erinomainen l\u00e4mp\u00f6\u00e4 ja valoa tuottava kodikas l\u00e4mm\u00f6nl\u00e4hde.<\/li>\n<li>k\u00e4tev\u00e4 narukahva on jo kiinnitetty<\/li>\n<li>aseta suoraan maahan tai k\u00e4yt\u00e4 tulella tai takassa.<\/li>\n<li>Soveltuu sek\u00e4 sis\u00e4- ett\u00e4 ulkotakkak\u00e4ytt\u00f6\u00f6n.<\/li>\n<li>2 sytytyspistett\u00e4 kiinnitetty<\/li>\n<\/ul>\n<h2>T\u00e4rkeimm\u00e4t ominaisuudet:<\/h2>\n<p><b>Materiaali: <\/b>koivu<\/p>\n<p><b>Mitat: <\/b>L 12,8 x L 36 x K 12,8 cm.<\/p>\n<p><strong>Paino:<\/strong> 1,4 kg<\/p>\n<p>&nbsp;<\/p>\n<p><a href=\"https:\/\/rodoaed.ee\/fi\/tootekategooria\/linnaillalliset-ja-linnan-ravintolat\/\">aloita<\/a><\/p>\n","protected":false},"excerpt":{"rendered":"<p>36cm koivupuusta valmistettu vaakasuora nuotiopaikka Ruotsalaistyyliset nuotiopaikat sopivat erinomaisesti puutarhajuhliin ja -tapahtumiin tai vain puutarhassa nauttimiseen. Tulisija her\u00e4tt\u00e4\u00e4 aina huomiota ja auttaa luomaan oikean tunnelman seuraan. Takka palaa mukavalla, hiljaisella liekill\u00e4 ja on tavallista nuotiota keskittyneempi. Nimi &#8221;ruotsalainen paloauto&#8221; on per\u00e4isin historiasta. Ruotsalaiset sotilaat k\u00e4yttiv\u00e4t t\u00e4llaisia palok\u00e4rryj\u00e4 30-vuotisen sodan aikana vuosina 1618-1648. Nokkelan porausmenetelm\u00e4n ansiosta he k\u00e4yttiv\u00e4t mets\u00e4st\u00e4 otettua raakaa m\u00e4ntypuuta tulen tekoon ja l\u00e4mmitt\u00e4miseen&#8230;.<\/p>\n","protected":false},"featured_media":39699,"template":"","meta":{"_acf_changed":false},"product_brand":[],"product_cat":[1752,1932],"product_tag":[],"class_list":{"0":"post-52878","1":"product","2":"type-product","3":"status-publish","4":"has-post-thumbnail","6":"product_cat-puutarha-ja-piha","7":"product_cat-tulisijat-ja-takat","8":"product_shipping_class-toimitus-1-3-tyopaivan-kuluessa","9":"pa_variatsioon-20-dining-house-latern-1l","11":"first","12":"instock","13":"taxable","14":"shipping-taxable","15":"purchasable","16":"product-type-simple"},"acf":[],"yoast_head":"<!-- This site is optimized with the Yoast SEO Premium plugin v27.3 (Yoast SEO v27.3) - https:\/\/yoast.com\/product\/yoast-seo-premium-wordpress\/ -->\n<title>Ruusupuu vaakatakka 36cm \u00f813cm - Rodoaed<\/title>\n<meta name=\"robots\" content=\"index, follow, max-snippet:-1, max-image-preview:large, max-video-preview:-1\" \/>\n<link rel=\"canonical\" href=\"https:\/\/rodoaed.ee\/fi\/toode\/ruusupuu-vaakatakka-36cm-o13cm\/\" \/>\n<meta property=\"og:locale\" content=\"fi_FI\" \/>\n<meta property=\"og:type\" content=\"article\" \/>\n<meta property=\"og:title\" content=\"Ruusupuu vaakatakka 36cm \u00f813cm\" \/>\n<meta property=\"og:description\" content=\"36cm koivupuusta valmistettu vaakasuora nuotiopaikka Ruotsalaistyyliset nuotiopaikat sopivat erinomaisesti puutarhajuhliin ja -tapahtumiin tai vain\" \/>\n<meta property=\"og:url\" content=\"https:\/\/rodoaed.ee\/fi\/toode\/ruusupuu-vaakatakka-36cm-o13cm\/\" \/>\n<meta property=\"og:site_name\" content=\"Rodoaed\" \/>\n<meta property=\"article:publisher\" content=\"https:\/\/www.facebook.com\/kasvuhooned\/\" \/>\n<meta property=\"article:modified_time\" content=\"2026-04-13T07:56:28+00:00\" \/>\n<meta property=\"og:image\" content=\"https:\/\/rodoaed.ee\/wp-content\/uploads\/2022\/01\/tulepakk_FF490_03.jpg\" \/>\n\t<meta property=\"og:image:width\" content=\"1240\" \/>\n\t<meta property=\"og:image:height\" content=\"1240\" \/>\n\t<meta property=\"og:image:type\" content=\"image\/jpeg\" \/>\n<meta name=\"twitter:card\" content=\"summary_large_image\" \/>\n<meta name=\"twitter:label1\" content=\"Arvioitu lukuaika\" \/>\n\t<meta name=\"twitter:data1\" content=\"1 minuutti\" \/>\n<script type=\"application\/ld+json\" class=\"yoast-schema-graph\">{\"@context\":\"https:\\\/\\\/schema.org\",\"@graph\":[{\"@type\":\"WebPage\",\"@id\":\"https:\\\/\\\/rodoaed.ee\\\/fi\\\/toode\\\/ruusupuu-vaakatakka-36cm-o13cm\\\/\",\"url\":\"https:\\\/\\\/rodoaed.ee\\\/fi\\\/toode\\\/ruusupuu-vaakatakka-36cm-o13cm\\\/\",\"name\":\"Ruusupuu vaakatakka 36cm \u00f813cm - Rodoaed\",\"isPartOf\":{\"@id\":\"https:\\\/\\\/rodoaed.ee\\\/#website\"},\"primaryImageOfPage\":{\"@id\":\"https:\\\/\\\/rodoaed.ee\\\/fi\\\/toode\\\/ruusupuu-vaakatakka-36cm-o13cm\\\/#primaryimage\"},\"image\":{\"@id\":\"https:\\\/\\\/rodoaed.ee\\\/fi\\\/toode\\\/ruusupuu-vaakatakka-36cm-o13cm\\\/#primaryimage\"},\"thumbnailUrl\":\"https:\\\/\\\/rodoaed.ee\\\/wp-content\\\/uploads\\\/2022\\\/01\\\/tulepakk_FF490_03.jpg\",\"datePublished\":\"2022-01-11T15:56:23+00:00\",\"dateModified\":\"2026-04-13T07:56:28+00:00\",\"breadcrumb\":{\"@id\":\"https:\\\/\\\/rodoaed.ee\\\/fi\\\/toode\\\/ruusupuu-vaakatakka-36cm-o13cm\\\/#breadcrumb\"},\"inLanguage\":\"fi\",\"potentialAction\":[{\"@type\":\"ReadAction\",\"target\":[\"https:\\\/\\\/rodoaed.ee\\\/fi\\\/toode\\\/ruusupuu-vaakatakka-36cm-o13cm\\\/\"]}]},{\"@type\":\"ImageObject\",\"inLanguage\":\"fi\",\"@id\":\"https:\\\/\\\/rodoaed.ee\\\/fi\\\/toode\\\/ruusupuu-vaakatakka-36cm-o13cm\\\/#primaryimage\",\"url\":\"https:\\\/\\\/rodoaed.ee\\\/wp-content\\\/uploads\\\/2022\\\/01\\\/tulepakk_FF490_03.jpg\",\"contentUrl\":\"https:\\\/\\\/rodoaed.ee\\\/wp-content\\\/uploads\\\/2022\\\/01\\\/tulepakk_FF490_03.jpg\",\"width\":1240,\"height\":1240},{\"@type\":\"BreadcrumbList\",\"@id\":\"https:\\\/\\\/rodoaed.ee\\\/fi\\\/toode\\\/ruusupuu-vaakatakka-36cm-o13cm\\\/#breadcrumb\",\"itemListElement\":[{\"@type\":\"ListItem\",\"position\":1,\"name\":\"Home\",\"item\":\"https:\\\/\\\/rodoaed.ee\\\/fi\\\/\"},{\"@type\":\"ListItem\",\"position\":2,\"name\":\"Osta osoitteessa\",\"item\":\"https:\\\/\\\/rodoaed.ee\\\/osta-osoitteessa\\\/\"},{\"@type\":\"ListItem\",\"position\":3,\"name\":\"Ruusupuu vaakatakka 36cm \u00f813cm\"}]},{\"@type\":\"WebSite\",\"@id\":\"https:\\\/\\\/rodoaed.ee\\\/#website\",\"url\":\"https:\\\/\\\/rodoaed.ee\\\/\",\"name\":\"Rodoaed\",\"description\":\"\",\"publisher\":{\"@id\":\"https:\\\/\\\/rodoaed.ee\\\/#organization\"},\"potentialAction\":[{\"@type\":\"SearchAction\",\"target\":{\"@type\":\"EntryPoint\",\"urlTemplate\":\"https:\\\/\\\/rodoaed.ee\\\/?s={search_term_string}\"},\"query-input\":{\"@type\":\"PropertyValueSpecification\",\"valueRequired\":true,\"valueName\":\"search_term_string\"}}],\"inLanguage\":\"fi\"},{\"@type\":\"Organization\",\"@id\":\"https:\\\/\\\/rodoaed.ee\\\/#organization\",\"name\":\"Rodoaed\",\"url\":\"https:\\\/\\\/rodoaed.ee\\\/\",\"logo\":{\"@type\":\"ImageObject\",\"inLanguage\":\"fi\",\"@id\":\"https:\\\/\\\/rodoaed.ee\\\/#\\\/schema\\\/logo\\\/image\\\/\",\"url\":\"https:\\\/\\\/rodoaed.ee\\\/wp-content\\\/uploads\\\/2019\\\/11\\\/rodoaed-logo-ilma-taustata.jpg\",\"contentUrl\":\"https:\\\/\\\/rodoaed.ee\\\/wp-content\\\/uploads\\\/2019\\\/11\\\/rodoaed-logo-ilma-taustata.jpg\",\"width\":769,\"height\":268,\"caption\":\"Rodoaed\"},\"image\":{\"@id\":\"https:\\\/\\\/rodoaed.ee\\\/#\\\/schema\\\/logo\\\/image\\\/\"},\"sameAs\":[\"https:\\\/\\\/www.facebook.com\\\/kasvuhooned\\\/\",\"https:\\\/\\\/rodoaed.ee\"]}]}<\/script>\n<!-- \/ Yoast SEO Premium plugin. -->","yoast_head_json":{"title":"Ruusupuu vaakatakka 36cm \u00f813cm - Rodoaed","robots":{"index":"index","follow":"follow","max-snippet":"max-snippet:-1","max-image-preview":"max-image-preview:large","max-video-preview":"max-video-preview:-1"},"canonical":"https:\/\/rodoaed.ee\/fi\/toode\/ruusupuu-vaakatakka-36cm-o13cm\/","og_locale":"fi_FI","og_type":"article","og_title":"Ruusupuu vaakatakka 36cm \u00f813cm","og_description":"36cm koivupuusta valmistettu vaakasuora nuotiopaikka Ruotsalaistyyliset nuotiopaikat sopivat erinomaisesti puutarhajuhliin ja -tapahtumiin tai vain","og_url":"https:\/\/rodoaed.ee\/fi\/toode\/ruusupuu-vaakatakka-36cm-o13cm\/","og_site_name":"Rodoaed","article_publisher":"https:\/\/www.facebook.com\/kasvuhooned\/","article_modified_time":"2026-04-13T07:56:28+00:00","og_image":[{"width":1240,"height":1240,"url":"https:\/\/rodoaed.ee\/wp-content\/uploads\/2022\/01\/tulepakk_FF490_03.jpg","type":"image\/jpeg"}],"twitter_card":"summary_large_image","twitter_misc":{"Arvioitu lukuaika":"1 minuutti"},"schema":{"@context":"https:\/\/schema.org","@graph":[{"@type":"WebPage","@id":"https:\/\/rodoaed.ee\/fi\/toode\/ruusupuu-vaakatakka-36cm-o13cm\/","url":"https:\/\/rodoaed.ee\/fi\/toode\/ruusupuu-vaakatakka-36cm-o13cm\/","name":"Ruusupuu vaakatakka 36cm \u00f813cm - Rodoaed","isPartOf":{"@id":"https:\/\/rodoaed.ee\/#website"},"primaryImageOfPage":{"@id":"https:\/\/rodoaed.ee\/fi\/toode\/ruusupuu-vaakatakka-36cm-o13cm\/#primaryimage"},"image":{"@id":"https:\/\/rodoaed.ee\/fi\/toode\/ruusupuu-vaakatakka-36cm-o13cm\/#primaryimage"},"thumbnailUrl":"https:\/\/rodoaed.ee\/wp-content\/uploads\/2022\/01\/tulepakk_FF490_03.jpg","datePublished":"2022-01-11T15:56:23+00:00","dateModified":"2026-04-13T07:56:28+00:00","breadcrumb":{"@id":"https:\/\/rodoaed.ee\/fi\/toode\/ruusupuu-vaakatakka-36cm-o13cm\/#breadcrumb"},"inLanguage":"fi","potentialAction":[{"@type":"ReadAction","target":["https:\/\/rodoaed.ee\/fi\/toode\/ruusupuu-vaakatakka-36cm-o13cm\/"]}]},{"@type":"ImageObject","inLanguage":"fi","@id":"https:\/\/rodoaed.ee\/fi\/toode\/ruusupuu-vaakatakka-36cm-o13cm\/#primaryimage","url":"https:\/\/rodoaed.ee\/wp-content\/uploads\/2022\/01\/tulepakk_FF490_03.jpg","contentUrl":"https:\/\/rodoaed.ee\/wp-content\/uploads\/2022\/01\/tulepakk_FF490_03.jpg","width":1240,"height":1240},{"@type":"BreadcrumbList","@id":"https:\/\/rodoaed.ee\/fi\/toode\/ruusupuu-vaakatakka-36cm-o13cm\/#breadcrumb","itemListElement":[{"@type":"ListItem","position":1,"name":"Home","item":"https:\/\/rodoaed.ee\/fi\/"},{"@type":"ListItem","position":2,"name":"Osta osoitteessa","item":"https:\/\/rodoaed.ee\/osta-osoitteessa\/"},{"@type":"ListItem","position":3,"name":"Ruusupuu vaakatakka 36cm \u00f813cm"}]},{"@type":"WebSite","@id":"https:\/\/rodoaed.ee\/#website","url":"https:\/\/rodoaed.ee\/","name":"Rodoaed","description":"","publisher":{"@id":"https:\/\/rodoaed.ee\/#organization"},"potentialAction":[{"@type":"SearchAction","target":{"@type":"EntryPoint","urlTemplate":"https:\/\/rodoaed.ee\/?s={search_term_string}"},"query-input":{"@type":"PropertyValueSpecification","valueRequired":true,"valueName":"search_term_string"}}],"inLanguage":"fi"},{"@type":"Organization","@id":"https:\/\/rodoaed.ee\/#organization","name":"Rodoaed","url":"https:\/\/rodoaed.ee\/","logo":{"@type":"ImageObject","inLanguage":"fi","@id":"https:\/\/rodoaed.ee\/#\/schema\/logo\/image\/","url":"https:\/\/rodoaed.ee\/wp-content\/uploads\/2019\/11\/rodoaed-logo-ilma-taustata.jpg","contentUrl":"https:\/\/rodoaed.ee\/wp-content\/uploads\/2019\/11\/rodoaed-logo-ilma-taustata.jpg","width":769,"height":268,"caption":"Rodoaed"},"image":{"@id":"https:\/\/rodoaed.ee\/#\/schema\/logo\/image\/"},"sameAs":["https:\/\/www.facebook.com\/kasvuhooned\/","https:\/\/rodoaed.ee"]}]}},"_links":{"self":[{"href":"https:\/\/rodoaed.ee\/fi\/wp-json\/wp\/v2\/product\/52878","targetHints":{"allow":["GET"]}}],"collection":[{"href":"https:\/\/rodoaed.ee\/fi\/wp-json\/wp\/v2\/product"}],"about":[{"href":"https:\/\/rodoaed.ee\/fi\/wp-json\/wp\/v2\/types\/product"}],"wp:featuredmedia":[{"embeddable":true,"href":"https:\/\/rodoaed.ee\/fi\/wp-json\/wp\/v2\/media\/39699"}],"wp:attachment":[{"href":"https:\/\/rodoaed.ee\/fi\/wp-json\/wp\/v2\/media?parent=52878"}],"wp:term":[{"taxonomy":"product_brand","embeddable":true,"href":"https:\/\/rodoaed.ee\/fi\/wp-json\/wp\/v2\/product_brand?post=52878"},{"taxonomy":"product_cat","embeddable":true,"href":"https:\/\/rodoaed.ee\/fi\/wp-json\/wp\/v2\/product_cat?post=52878"},{"taxonomy":"product_tag","embeddable":true,"href":"https:\/\/rodoaed.ee\/fi\/wp-json\/wp\/v2\/product_tag?post=52878"}],"curies":[{"name":"wp","href":"https:\/\/api.w.org\/{rel}","templated":true}]}}