{"id":52879,"date":"2022-01-11T18:09:03","date_gmt":"2022-01-11T16:09:03","guid":{"rendered":"https:\/\/rodoaed.ee\/toode\/polttopuiden-kuljetuslaukku-presidentilta\/"},"modified":"2026-04-13T10:56:28","modified_gmt":"2026-04-13T07:56:28","slug":"polttopuiden-kuljetuslaukku-presidentilta","status":"publish","type":"product","link":"https:\/\/rodoaed.ee\/fi\/tuote\/polttopuiden-kuljetuslaukku-presidentilta\/","title":{"rendered":"Polttopuiden kuljetuslaukku presidentilt\u00e4"},"content":{"rendered":"<h2>K\u00e4tev\u00e4 kantolaukku polttopuille, joka on valmistettu tukevasta puristemateriaalista.<\/h2>\n<p>Kuljeta polttopuut ulkoa ja sytyt\u00e4 kodikas takka t\u00e4ll\u00e4 laadukkaalla ja tukevalla pussilla, jonka avulla polttopuut voidaan lajitella j\u00e4rjestykseen takan viereen.<\/p>\n<p>Esimerkiksi polttopuiden k\u00e4tev\u00e4 kuljettaminen vajasta huoneeseen. Polttopuiden kuljetuslaukku on k\u00e4tev\u00e4n kokoinen, jotta siihen mahtuu kaikenkokoisia polttopuita, ja se on valmistettu tukevasta presantin kaltaisesta materiaalista. Sit\u00e4 on helppo nostaa ja kantaa, eiv\u00e4tk\u00e4 roskat mene lattialle kuten puuverkkoa tuotaessa.  <\/p>\n<p>&nbsp;<\/p>\n<h2>T\u00e4rkeimm\u00e4t ominaisuudet:<\/h2>\n<p><b>Materiaali: <\/b>vahva kangas<\/p>\n<p><b>Mitat: <\/b>L 39,5 x L 59 x K 38,5 cm.<\/p>\n<p><strong>Paino:<\/strong> 0,8 kg<\/p>\n<p>&nbsp;<\/p>\n<p><a href=\"https:\/\/rodoaed.ee\/fi\/tootekategooria\/linnaillalliset-ja-linnan-ravintolat\/\">aloita<\/a><\/p>\n","protected":false},"excerpt":{"rendered":"<p>K\u00e4tev\u00e4 kantolaukku polttopuille, joka on valmistettu tukevasta puristemateriaalista. Kuljeta polttopuut ulkoa ja sytyt\u00e4 kodikas takka t\u00e4ll\u00e4 laadukkaalla ja tukevalla pussilla, jonka avulla polttopuut voidaan lajitella j\u00e4rjestykseen takan viereen. Esimerkiksi polttopuiden k\u00e4tev\u00e4 kuljettaminen vajasta huoneeseen. Polttopuiden kuljetuslaukku on k\u00e4tev\u00e4n kokoinen, jotta siihen mahtuu kaikenkokoisia polttopuita, ja se on valmistettu tukevasta presantin kaltaisesta materiaalista. Sit\u00e4 on helppo nostaa ja kantaa, eiv\u00e4tk\u00e4 roskat mene lattialle kuten puuverkkoa tuotaessa&#8230;.<\/p>\n","protected":false},"featured_media":39703,"template":"","meta":{"_acf_changed":false},"product_brand":[],"product_cat":[1752,1932],"product_tag":[],"class_list":{"0":"post-52879","1":"product","2":"type-product","3":"status-publish","4":"has-post-thumbnail","6":"product_cat-puutarha-ja-piha","7":"product_cat-tulisijat-ja-takat","8":"product_shipping_class-toimitus-1-3-tyopaivan-kuluessa","9":"pa_variatsioon-20-dining-house-latern-1l","11":"first","12":"outofstock","13":"sale","14":"taxable","15":"shipping-taxable","16":"purchasable","17":"product-type-simple"},"acf":[],"yoast_head":"<!-- This site is optimized with the Yoast SEO Premium plugin v27.3 (Yoast SEO v27.3) - https:\/\/yoast.com\/product\/yoast-seo-premium-wordpress\/ -->\n<title>Polttopuiden kuljetuslaukku presidentilt\u00e4 - Rodoaed<\/title>\n<meta name=\"robots\" content=\"index, follow, max-snippet:-1, max-image-preview:large, max-video-preview:-1\" \/>\n<link rel=\"canonical\" href=\"https:\/\/rodoaed.ee\/fi\/toode\/polttopuiden-kuljetuslaukku-presidentilta\/\" \/>\n<meta property=\"og:locale\" content=\"fi_FI\" \/>\n<meta property=\"og:type\" content=\"article\" \/>\n<meta property=\"og:title\" content=\"Polttopuiden kuljetuslaukku presidentilt\u00e4\" \/>\n<meta property=\"og:description\" content=\"K\u00e4tev\u00e4 kantolaukku polttopuille, joka on valmistettu tukevasta puristemateriaalista. Kuljeta polttopuut ulkoa ja sytyt\u00e4 kodikas takka t\u00e4ll\u00e4 laadukkaalla\" \/>\n<meta property=\"og:url\" content=\"https:\/\/rodoaed.ee\/fi\/toode\/polttopuiden-kuljetuslaukku-presidentilta\/\" \/>\n<meta property=\"og:site_name\" content=\"Rodoaed\" \/>\n<meta property=\"article:publisher\" content=\"https:\/\/www.facebook.com\/kasvuhooned\/\" \/>\n<meta property=\"article:modified_time\" content=\"2026-04-13T07:56:28+00:00\" \/>\n<meta property=\"og:image\" content=\"https:\/\/rodoaed.ee\/wp-content\/uploads\/2022\/01\/kuttepuude-kott_GT22_01.png\" \/>\n\t<meta property=\"og:image:width\" content=\"1240\" \/>\n\t<meta property=\"og:image:height\" content=\"1240\" \/>\n\t<meta property=\"og:image:type\" content=\"image\/png\" \/>\n<meta name=\"twitter:card\" content=\"summary_large_image\" \/>\n<script type=\"application\/ld+json\" class=\"yoast-schema-graph\">{\"@context\":\"https:\\\/\\\/schema.org\",\"@graph\":[{\"@type\":\"WebPage\",\"@id\":\"https:\\\/\\\/rodoaed.ee\\\/fi\\\/toode\\\/polttopuiden-kuljetuslaukku-presidentilta\\\/\",\"url\":\"https:\\\/\\\/rodoaed.ee\\\/fi\\\/toode\\\/polttopuiden-kuljetuslaukku-presidentilta\\\/\",\"name\":\"Polttopuiden kuljetuslaukku presidentilt\u00e4 - Rodoaed\",\"isPartOf\":{\"@id\":\"https:\\\/\\\/rodoaed.ee\\\/#website\"},\"primaryImageOfPage\":{\"@id\":\"https:\\\/\\\/rodoaed.ee\\\/fi\\\/toode\\\/polttopuiden-kuljetuslaukku-presidentilta\\\/#primaryimage\"},\"image\":{\"@id\":\"https:\\\/\\\/rodoaed.ee\\\/fi\\\/toode\\\/polttopuiden-kuljetuslaukku-presidentilta\\\/#primaryimage\"},\"thumbnailUrl\":\"https:\\\/\\\/rodoaed.ee\\\/wp-content\\\/uploads\\\/2022\\\/01\\\/kuttepuude-kott_GT22_01.png\",\"datePublished\":\"2022-01-11T16:09:03+00:00\",\"dateModified\":\"2026-04-13T07:56:28+00:00\",\"breadcrumb\":{\"@id\":\"https:\\\/\\\/rodoaed.ee\\\/fi\\\/toode\\\/polttopuiden-kuljetuslaukku-presidentilta\\\/#breadcrumb\"},\"inLanguage\":\"fi\",\"potentialAction\":[{\"@type\":\"ReadAction\",\"target\":[\"https:\\\/\\\/rodoaed.ee\\\/fi\\\/toode\\\/polttopuiden-kuljetuslaukku-presidentilta\\\/\"]}]},{\"@type\":\"ImageObject\",\"inLanguage\":\"fi\",\"@id\":\"https:\\\/\\\/rodoaed.ee\\\/fi\\\/toode\\\/polttopuiden-kuljetuslaukku-presidentilta\\\/#primaryimage\",\"url\":\"https:\\\/\\\/rodoaed.ee\\\/wp-content\\\/uploads\\\/2022\\\/01\\\/kuttepuude-kott_GT22_01.png\",\"contentUrl\":\"https:\\\/\\\/rodoaed.ee\\\/wp-content\\\/uploads\\\/2022\\\/01\\\/kuttepuude-kott_GT22_01.png\",\"width\":1240,\"height\":1240},{\"@type\":\"BreadcrumbList\",\"@id\":\"https:\\\/\\\/rodoaed.ee\\\/fi\\\/toode\\\/polttopuiden-kuljetuslaukku-presidentilta\\\/#breadcrumb\",\"itemListElement\":[{\"@type\":\"ListItem\",\"position\":1,\"name\":\"Home\",\"item\":\"https:\\\/\\\/rodoaed.ee\\\/fi\\\/\"},{\"@type\":\"ListItem\",\"position\":2,\"name\":\"Osta osoitteessa\",\"item\":\"https:\\\/\\\/rodoaed.ee\\\/osta-osoitteessa\\\/\"},{\"@type\":\"ListItem\",\"position\":3,\"name\":\"Polttopuiden kuljetuslaukku presidentilt\u00e4\"}]},{\"@type\":\"WebSite\",\"@id\":\"https:\\\/\\\/rodoaed.ee\\\/#website\",\"url\":\"https:\\\/\\\/rodoaed.ee\\\/\",\"name\":\"Rodoaed\",\"description\":\"\",\"publisher\":{\"@id\":\"https:\\\/\\\/rodoaed.ee\\\/#organization\"},\"potentialAction\":[{\"@type\":\"SearchAction\",\"target\":{\"@type\":\"EntryPoint\",\"urlTemplate\":\"https:\\\/\\\/rodoaed.ee\\\/?s={search_term_string}\"},\"query-input\":{\"@type\":\"PropertyValueSpecification\",\"valueRequired\":true,\"valueName\":\"search_term_string\"}}],\"inLanguage\":\"fi\"},{\"@type\":\"Organization\",\"@id\":\"https:\\\/\\\/rodoaed.ee\\\/#organization\",\"name\":\"Rodoaed\",\"url\":\"https:\\\/\\\/rodoaed.ee\\\/\",\"logo\":{\"@type\":\"ImageObject\",\"inLanguage\":\"fi\",\"@id\":\"https:\\\/\\\/rodoaed.ee\\\/#\\\/schema\\\/logo\\\/image\\\/\",\"url\":\"https:\\\/\\\/rodoaed.ee\\\/wp-content\\\/uploads\\\/2019\\\/11\\\/rodoaed-logo-ilma-taustata.jpg\",\"contentUrl\":\"https:\\\/\\\/rodoaed.ee\\\/wp-content\\\/uploads\\\/2019\\\/11\\\/rodoaed-logo-ilma-taustata.jpg\",\"width\":769,\"height\":268,\"caption\":\"Rodoaed\"},\"image\":{\"@id\":\"https:\\\/\\\/rodoaed.ee\\\/#\\\/schema\\\/logo\\\/image\\\/\"},\"sameAs\":[\"https:\\\/\\\/www.facebook.com\\\/kasvuhooned\\\/\",\"https:\\\/\\\/rodoaed.ee\"]}]}<\/script>\n<!-- \/ Yoast SEO Premium plugin. -->","yoast_head_json":{"title":"Polttopuiden kuljetuslaukku presidentilt\u00e4 - Rodoaed","robots":{"index":"index","follow":"follow","max-snippet":"max-snippet:-1","max-image-preview":"max-image-preview:large","max-video-preview":"max-video-preview:-1"},"canonical":"https:\/\/rodoaed.ee\/fi\/toode\/polttopuiden-kuljetuslaukku-presidentilta\/","og_locale":"fi_FI","og_type":"article","og_title":"Polttopuiden kuljetuslaukku presidentilt\u00e4","og_description":"K\u00e4tev\u00e4 kantolaukku polttopuille, joka on valmistettu tukevasta puristemateriaalista. Kuljeta polttopuut ulkoa ja sytyt\u00e4 kodikas takka t\u00e4ll\u00e4 laadukkaalla","og_url":"https:\/\/rodoaed.ee\/fi\/toode\/polttopuiden-kuljetuslaukku-presidentilta\/","og_site_name":"Rodoaed","article_publisher":"https:\/\/www.facebook.com\/kasvuhooned\/","article_modified_time":"2026-04-13T07:56:28+00:00","og_image":[{"width":1240,"height":1240,"url":"https:\/\/rodoaed.ee\/wp-content\/uploads\/2022\/01\/kuttepuude-kott_GT22_01.png","type":"image\/png"}],"twitter_card":"summary_large_image","schema":{"@context":"https:\/\/schema.org","@graph":[{"@type":"WebPage","@id":"https:\/\/rodoaed.ee\/fi\/toode\/polttopuiden-kuljetuslaukku-presidentilta\/","url":"https:\/\/rodoaed.ee\/fi\/toode\/polttopuiden-kuljetuslaukku-presidentilta\/","name":"Polttopuiden kuljetuslaukku presidentilt\u00e4 - Rodoaed","isPartOf":{"@id":"https:\/\/rodoaed.ee\/#website"},"primaryImageOfPage":{"@id":"https:\/\/rodoaed.ee\/fi\/toode\/polttopuiden-kuljetuslaukku-presidentilta\/#primaryimage"},"image":{"@id":"https:\/\/rodoaed.ee\/fi\/toode\/polttopuiden-kuljetuslaukku-presidentilta\/#primaryimage"},"thumbnailUrl":"https:\/\/rodoaed.ee\/wp-content\/uploads\/2022\/01\/kuttepuude-kott_GT22_01.png","datePublished":"2022-01-11T16:09:03+00:00","dateModified":"2026-04-13T07:56:28+00:00","breadcrumb":{"@id":"https:\/\/rodoaed.ee\/fi\/toode\/polttopuiden-kuljetuslaukku-presidentilta\/#breadcrumb"},"inLanguage":"fi","potentialAction":[{"@type":"ReadAction","target":["https:\/\/rodoaed.ee\/fi\/toode\/polttopuiden-kuljetuslaukku-presidentilta\/"]}]},{"@type":"ImageObject","inLanguage":"fi","@id":"https:\/\/rodoaed.ee\/fi\/toode\/polttopuiden-kuljetuslaukku-presidentilta\/#primaryimage","url":"https:\/\/rodoaed.ee\/wp-content\/uploads\/2022\/01\/kuttepuude-kott_GT22_01.png","contentUrl":"https:\/\/rodoaed.ee\/wp-content\/uploads\/2022\/01\/kuttepuude-kott_GT22_01.png","width":1240,"height":1240},{"@type":"BreadcrumbList","@id":"https:\/\/rodoaed.ee\/fi\/toode\/polttopuiden-kuljetuslaukku-presidentilta\/#breadcrumb","itemListElement":[{"@type":"ListItem","position":1,"name":"Home","item":"https:\/\/rodoaed.ee\/fi\/"},{"@type":"ListItem","position":2,"name":"Osta osoitteessa","item":"https:\/\/rodoaed.ee\/osta-osoitteessa\/"},{"@type":"ListItem","position":3,"name":"Polttopuiden kuljetuslaukku presidentilt\u00e4"}]},{"@type":"WebSite","@id":"https:\/\/rodoaed.ee\/#website","url":"https:\/\/rodoaed.ee\/","name":"Rodoaed","description":"","publisher":{"@id":"https:\/\/rodoaed.ee\/#organization"},"potentialAction":[{"@type":"SearchAction","target":{"@type":"EntryPoint","urlTemplate":"https:\/\/rodoaed.ee\/?s={search_term_string}"},"query-input":{"@type":"PropertyValueSpecification","valueRequired":true,"valueName":"search_term_string"}}],"inLanguage":"fi"},{"@type":"Organization","@id":"https:\/\/rodoaed.ee\/#organization","name":"Rodoaed","url":"https:\/\/rodoaed.ee\/","logo":{"@type":"ImageObject","inLanguage":"fi","@id":"https:\/\/rodoaed.ee\/#\/schema\/logo\/image\/","url":"https:\/\/rodoaed.ee\/wp-content\/uploads\/2019\/11\/rodoaed-logo-ilma-taustata.jpg","contentUrl":"https:\/\/rodoaed.ee\/wp-content\/uploads\/2019\/11\/rodoaed-logo-ilma-taustata.jpg","width":769,"height":268,"caption":"Rodoaed"},"image":{"@id":"https:\/\/rodoaed.ee\/#\/schema\/logo\/image\/"},"sameAs":["https:\/\/www.facebook.com\/kasvuhooned\/","https:\/\/rodoaed.ee"]}]}},"_links":{"self":[{"href":"https:\/\/rodoaed.ee\/fi\/wp-json\/wp\/v2\/product\/52879","targetHints":{"allow":["GET"]}}],"collection":[{"href":"https:\/\/rodoaed.ee\/fi\/wp-json\/wp\/v2\/product"}],"about":[{"href":"https:\/\/rodoaed.ee\/fi\/wp-json\/wp\/v2\/types\/product"}],"wp:featuredmedia":[{"embeddable":true,"href":"https:\/\/rodoaed.ee\/fi\/wp-json\/wp\/v2\/media\/39703"}],"wp:attachment":[{"href":"https:\/\/rodoaed.ee\/fi\/wp-json\/wp\/v2\/media?parent=52879"}],"wp:term":[{"taxonomy":"product_brand","embeddable":true,"href":"https:\/\/rodoaed.ee\/fi\/wp-json\/wp\/v2\/product_brand?post=52879"},{"taxonomy":"product_cat","embeddable":true,"href":"https:\/\/rodoaed.ee\/fi\/wp-json\/wp\/v2\/product_cat?post=52879"},{"taxonomy":"product_tag","embeddable":true,"href":"https:\/\/rodoaed.ee\/fi\/wp-json\/wp\/v2\/product_tag?post=52879"}],"curies":[{"name":"wp","href":"https:\/\/api.w.org\/{rel}","templated":true}]}}