{"id":52880,"date":"2022-01-11T19:55:14","date_gmt":"2022-01-11T17:55:14","guid":{"rendered":"https:\/\/rodoaed.ee\/toode\/kynttilatikut-sirut-32kpl-310g-310g\/"},"modified":"2026-04-13T10:56:29","modified_gmt":"2026-04-13T07:56:29","slug":"kynttilatikut-sirut-32kpl-310g-310g","status":"publish","type":"product","link":"https:\/\/rodoaed.ee\/fi\/tuote\/kynttilatikut-sirut-32kpl-310g-310g\/","title":{"rendered":"Kynttil\u00e4tikut, sirut 32kpl 310g 310g"},"content":{"rendered":"<h2>helposti syttyvi\u00e4 syttymiskipin\u00f6it\u00e4<\/h2>\n<p>N\u00e4m\u00e4 tulitikut on valmistettu luonnollisesta m\u00e4nnynpuusta ja kyll\u00e4stetty puhtaalla kasvi\u00f6ljyll\u00e4. Ne palavat helposti ja tuoksuvasti ilman savua. <\/p>\n<ul class=\"list-with-checkmarks\">\n<li>valmistettu puhtaista puuj\u00e4tteist\u00e4<\/li>\n<li>hajuton<\/li>\n<li>suitsukkeet<\/li>\n<li>syttyy helposti<\/li>\n<li>pakattu kauniiseen lahjapakkaukseen<\/li>\n<\/ul>\n<h2>T\u00e4rkeimm\u00e4t ominaisuudet:<\/h2>\n<p><b>Materiaali: <\/b>m\u00e4ntysiru<\/p>\n<p><b>Mitat: L<\/b>10,7 x L 10,9 x K 13,5 cm.<\/p>\n<p><strong>Pakkaus: <\/strong>32kpl<\/p>\n<p><strong>Paino:<\/strong> 310 g<\/p>\n<p>&nbsp;<\/p>\n<p><a href=\"https:\/\/rodoaed.ee\/fi\/tootekategooria\/linnaillalliset-ja-linnan-ravintolat\/\">aloita<\/a><\/p>\n","protected":false},"excerpt":{"rendered":"<p>helposti syttyvi\u00e4 syttymiskipin\u00f6it\u00e4 N\u00e4m\u00e4 tulitikut on valmistettu luonnollisesta m\u00e4nnynpuusta ja kyll\u00e4stetty puhtaalla kasvi\u00f6ljyll\u00e4. Ne palavat helposti ja tuoksuvasti ilman savua. valmistettu puhtaista puuj\u00e4tteist\u00e4 hajuton suitsukkeet syttyy helposti pakattu kauniiseen lahjapakkaukseen T\u00e4rkeimm\u00e4t ominaisuudet: Materiaali: m\u00e4ntysiru Mitat: L10,7 x L 10,9 x K 13,5 cm. Pakkaus: 32kpl Paino: 310 g &nbsp; aloita<\/p>\n","protected":false},"featured_media":39720,"template":"","meta":{"_acf_changed":false},"product_brand":[],"product_cat":[1752,1932],"product_tag":[],"class_list":{"0":"post-52880","1":"product","2":"type-product","3":"status-publish","4":"has-post-thumbnail","6":"product_cat-puutarha-ja-piha","7":"product_cat-tulisijat-ja-takat","8":"product_shipping_class-toimitus-1-3-tyopaivan-kuluessa","9":"pa_variatsioon-20-dining-house-latern-1l","11":"first","12":"instock","13":"sale","14":"taxable","15":"shipping-taxable","16":"purchasable","17":"product-type-simple"},"acf":[],"yoast_head":"<!-- This site is optimized with the Yoast SEO Premium plugin v27.3 (Yoast SEO v27.3) - https:\/\/yoast.com\/product\/yoast-seo-premium-wordpress\/ -->\n<title>Kynttil\u00e4tikut, sirut 32kpl 310g 310g - Rodoaed<\/title>\n<meta name=\"robots\" content=\"index, follow, max-snippet:-1, max-image-preview:large, max-video-preview:-1\" \/>\n<link rel=\"canonical\" href=\"https:\/\/rodoaed.ee\/fi\/toode\/kynttilatikut-sirut-32kpl-310g-310g\/\" \/>\n<meta property=\"og:locale\" content=\"fi_FI\" \/>\n<meta property=\"og:type\" content=\"article\" \/>\n<meta property=\"og:title\" content=\"Kynttil\u00e4tikut, sirut 32kpl 310g 310g\" \/>\n<meta property=\"og:description\" content=\"helposti syttyvi\u00e4 syttymiskipin\u00f6it\u00e4 N\u00e4m\u00e4 tulitikut on valmistettu luonnollisesta m\u00e4nnynpuusta ja kyll\u00e4stetty puhtaalla kasvi\u00f6ljyll\u00e4. Ne palavat helposti\" \/>\n<meta property=\"og:url\" content=\"https:\/\/rodoaed.ee\/fi\/toode\/kynttilatikut-sirut-32kpl-310g-310g\/\" \/>\n<meta property=\"og:site_name\" content=\"Rodoaed\" \/>\n<meta property=\"article:publisher\" content=\"https:\/\/www.facebook.com\/kasvuhooned\/\" \/>\n<meta property=\"article:modified_time\" content=\"2026-04-13T07:56:29+00:00\" \/>\n<meta property=\"og:image\" content=\"https:\/\/rodoaed.ee\/wp-content\/uploads\/2022\/01\/suutekuubikud_FF920_06.png\" \/>\n\t<meta property=\"og:image:width\" content=\"1240\" \/>\n\t<meta property=\"og:image:height\" content=\"1240\" \/>\n\t<meta property=\"og:image:type\" content=\"image\/png\" \/>\n<meta name=\"twitter:card\" content=\"summary_large_image\" \/>\n<script type=\"application\/ld+json\" class=\"yoast-schema-graph\">{\"@context\":\"https:\\\/\\\/schema.org\",\"@graph\":[{\"@type\":\"WebPage\",\"@id\":\"https:\\\/\\\/rodoaed.ee\\\/fi\\\/toode\\\/kynttilatikut-sirut-32kpl-310g-310g\\\/\",\"url\":\"https:\\\/\\\/rodoaed.ee\\\/fi\\\/toode\\\/kynttilatikut-sirut-32kpl-310g-310g\\\/\",\"name\":\"Kynttil\u00e4tikut, sirut 32kpl 310g 310g - Rodoaed\",\"isPartOf\":{\"@id\":\"https:\\\/\\\/rodoaed.ee\\\/#website\"},\"primaryImageOfPage\":{\"@id\":\"https:\\\/\\\/rodoaed.ee\\\/fi\\\/toode\\\/kynttilatikut-sirut-32kpl-310g-310g\\\/#primaryimage\"},\"image\":{\"@id\":\"https:\\\/\\\/rodoaed.ee\\\/fi\\\/toode\\\/kynttilatikut-sirut-32kpl-310g-310g\\\/#primaryimage\"},\"thumbnailUrl\":\"https:\\\/\\\/rodoaed.ee\\\/wp-content\\\/uploads\\\/2022\\\/01\\\/suutekuubikud_FF920_06.png\",\"datePublished\":\"2022-01-11T17:55:14+00:00\",\"dateModified\":\"2026-04-13T07:56:29+00:00\",\"breadcrumb\":{\"@id\":\"https:\\\/\\\/rodoaed.ee\\\/fi\\\/toode\\\/kynttilatikut-sirut-32kpl-310g-310g\\\/#breadcrumb\"},\"inLanguage\":\"fi\",\"potentialAction\":[{\"@type\":\"ReadAction\",\"target\":[\"https:\\\/\\\/rodoaed.ee\\\/fi\\\/toode\\\/kynttilatikut-sirut-32kpl-310g-310g\\\/\"]}]},{\"@type\":\"ImageObject\",\"inLanguage\":\"fi\",\"@id\":\"https:\\\/\\\/rodoaed.ee\\\/fi\\\/toode\\\/kynttilatikut-sirut-32kpl-310g-310g\\\/#primaryimage\",\"url\":\"https:\\\/\\\/rodoaed.ee\\\/wp-content\\\/uploads\\\/2022\\\/01\\\/suutekuubikud_FF920_06.png\",\"contentUrl\":\"https:\\\/\\\/rodoaed.ee\\\/wp-content\\\/uploads\\\/2022\\\/01\\\/suutekuubikud_FF920_06.png\",\"width\":1240,\"height\":1240},{\"@type\":\"BreadcrumbList\",\"@id\":\"https:\\\/\\\/rodoaed.ee\\\/fi\\\/toode\\\/kynttilatikut-sirut-32kpl-310g-310g\\\/#breadcrumb\",\"itemListElement\":[{\"@type\":\"ListItem\",\"position\":1,\"name\":\"Home\",\"item\":\"https:\\\/\\\/rodoaed.ee\\\/fi\\\/\"},{\"@type\":\"ListItem\",\"position\":2,\"name\":\"Osta osoitteessa\",\"item\":\"https:\\\/\\\/rodoaed.ee\\\/osta-osoitteessa\\\/\"},{\"@type\":\"ListItem\",\"position\":3,\"name\":\"Kynttil\u00e4tikut, sirut 32kpl 310g 310g\"}]},{\"@type\":\"WebSite\",\"@id\":\"https:\\\/\\\/rodoaed.ee\\\/#website\",\"url\":\"https:\\\/\\\/rodoaed.ee\\\/\",\"name\":\"Rodoaed\",\"description\":\"\",\"publisher\":{\"@id\":\"https:\\\/\\\/rodoaed.ee\\\/#organization\"},\"potentialAction\":[{\"@type\":\"SearchAction\",\"target\":{\"@type\":\"EntryPoint\",\"urlTemplate\":\"https:\\\/\\\/rodoaed.ee\\\/?s={search_term_string}\"},\"query-input\":{\"@type\":\"PropertyValueSpecification\",\"valueRequired\":true,\"valueName\":\"search_term_string\"}}],\"inLanguage\":\"fi\"},{\"@type\":\"Organization\",\"@id\":\"https:\\\/\\\/rodoaed.ee\\\/#organization\",\"name\":\"Rodoaed\",\"url\":\"https:\\\/\\\/rodoaed.ee\\\/\",\"logo\":{\"@type\":\"ImageObject\",\"inLanguage\":\"fi\",\"@id\":\"https:\\\/\\\/rodoaed.ee\\\/#\\\/schema\\\/logo\\\/image\\\/\",\"url\":\"https:\\\/\\\/rodoaed.ee\\\/wp-content\\\/uploads\\\/2019\\\/11\\\/rodoaed-logo-ilma-taustata.jpg\",\"contentUrl\":\"https:\\\/\\\/rodoaed.ee\\\/wp-content\\\/uploads\\\/2019\\\/11\\\/rodoaed-logo-ilma-taustata.jpg\",\"width\":769,\"height\":268,\"caption\":\"Rodoaed\"},\"image\":{\"@id\":\"https:\\\/\\\/rodoaed.ee\\\/#\\\/schema\\\/logo\\\/image\\\/\"},\"sameAs\":[\"https:\\\/\\\/www.facebook.com\\\/kasvuhooned\\\/\",\"https:\\\/\\\/rodoaed.ee\"]}]}<\/script>\n<!-- \/ Yoast SEO Premium plugin. -->","yoast_head_json":{"title":"Kynttil\u00e4tikut, sirut 32kpl 310g 310g - Rodoaed","robots":{"index":"index","follow":"follow","max-snippet":"max-snippet:-1","max-image-preview":"max-image-preview:large","max-video-preview":"max-video-preview:-1"},"canonical":"https:\/\/rodoaed.ee\/fi\/toode\/kynttilatikut-sirut-32kpl-310g-310g\/","og_locale":"fi_FI","og_type":"article","og_title":"Kynttil\u00e4tikut, sirut 32kpl 310g 310g","og_description":"helposti syttyvi\u00e4 syttymiskipin\u00f6it\u00e4 N\u00e4m\u00e4 tulitikut on valmistettu luonnollisesta m\u00e4nnynpuusta ja kyll\u00e4stetty puhtaalla kasvi\u00f6ljyll\u00e4. Ne palavat helposti","og_url":"https:\/\/rodoaed.ee\/fi\/toode\/kynttilatikut-sirut-32kpl-310g-310g\/","og_site_name":"Rodoaed","article_publisher":"https:\/\/www.facebook.com\/kasvuhooned\/","article_modified_time":"2026-04-13T07:56:29+00:00","og_image":[{"width":1240,"height":1240,"url":"https:\/\/rodoaed.ee\/wp-content\/uploads\/2022\/01\/suutekuubikud_FF920_06.png","type":"image\/png"}],"twitter_card":"summary_large_image","schema":{"@context":"https:\/\/schema.org","@graph":[{"@type":"WebPage","@id":"https:\/\/rodoaed.ee\/fi\/toode\/kynttilatikut-sirut-32kpl-310g-310g\/","url":"https:\/\/rodoaed.ee\/fi\/toode\/kynttilatikut-sirut-32kpl-310g-310g\/","name":"Kynttil\u00e4tikut, sirut 32kpl 310g 310g - Rodoaed","isPartOf":{"@id":"https:\/\/rodoaed.ee\/#website"},"primaryImageOfPage":{"@id":"https:\/\/rodoaed.ee\/fi\/toode\/kynttilatikut-sirut-32kpl-310g-310g\/#primaryimage"},"image":{"@id":"https:\/\/rodoaed.ee\/fi\/toode\/kynttilatikut-sirut-32kpl-310g-310g\/#primaryimage"},"thumbnailUrl":"https:\/\/rodoaed.ee\/wp-content\/uploads\/2022\/01\/suutekuubikud_FF920_06.png","datePublished":"2022-01-11T17:55:14+00:00","dateModified":"2026-04-13T07:56:29+00:00","breadcrumb":{"@id":"https:\/\/rodoaed.ee\/fi\/toode\/kynttilatikut-sirut-32kpl-310g-310g\/#breadcrumb"},"inLanguage":"fi","potentialAction":[{"@type":"ReadAction","target":["https:\/\/rodoaed.ee\/fi\/toode\/kynttilatikut-sirut-32kpl-310g-310g\/"]}]},{"@type":"ImageObject","inLanguage":"fi","@id":"https:\/\/rodoaed.ee\/fi\/toode\/kynttilatikut-sirut-32kpl-310g-310g\/#primaryimage","url":"https:\/\/rodoaed.ee\/wp-content\/uploads\/2022\/01\/suutekuubikud_FF920_06.png","contentUrl":"https:\/\/rodoaed.ee\/wp-content\/uploads\/2022\/01\/suutekuubikud_FF920_06.png","width":1240,"height":1240},{"@type":"BreadcrumbList","@id":"https:\/\/rodoaed.ee\/fi\/toode\/kynttilatikut-sirut-32kpl-310g-310g\/#breadcrumb","itemListElement":[{"@type":"ListItem","position":1,"name":"Home","item":"https:\/\/rodoaed.ee\/fi\/"},{"@type":"ListItem","position":2,"name":"Osta osoitteessa","item":"https:\/\/rodoaed.ee\/osta-osoitteessa\/"},{"@type":"ListItem","position":3,"name":"Kynttil\u00e4tikut, sirut 32kpl 310g 310g"}]},{"@type":"WebSite","@id":"https:\/\/rodoaed.ee\/#website","url":"https:\/\/rodoaed.ee\/","name":"Rodoaed","description":"","publisher":{"@id":"https:\/\/rodoaed.ee\/#organization"},"potentialAction":[{"@type":"SearchAction","target":{"@type":"EntryPoint","urlTemplate":"https:\/\/rodoaed.ee\/?s={search_term_string}"},"query-input":{"@type":"PropertyValueSpecification","valueRequired":true,"valueName":"search_term_string"}}],"inLanguage":"fi"},{"@type":"Organization","@id":"https:\/\/rodoaed.ee\/#organization","name":"Rodoaed","url":"https:\/\/rodoaed.ee\/","logo":{"@type":"ImageObject","inLanguage":"fi","@id":"https:\/\/rodoaed.ee\/#\/schema\/logo\/image\/","url":"https:\/\/rodoaed.ee\/wp-content\/uploads\/2019\/11\/rodoaed-logo-ilma-taustata.jpg","contentUrl":"https:\/\/rodoaed.ee\/wp-content\/uploads\/2019\/11\/rodoaed-logo-ilma-taustata.jpg","width":769,"height":268,"caption":"Rodoaed"},"image":{"@id":"https:\/\/rodoaed.ee\/#\/schema\/logo\/image\/"},"sameAs":["https:\/\/www.facebook.com\/kasvuhooned\/","https:\/\/rodoaed.ee"]}]}},"_links":{"self":[{"href":"https:\/\/rodoaed.ee\/fi\/wp-json\/wp\/v2\/product\/52880","targetHints":{"allow":["GET"]}}],"collection":[{"href":"https:\/\/rodoaed.ee\/fi\/wp-json\/wp\/v2\/product"}],"about":[{"href":"https:\/\/rodoaed.ee\/fi\/wp-json\/wp\/v2\/types\/product"}],"wp:featuredmedia":[{"embeddable":true,"href":"https:\/\/rodoaed.ee\/fi\/wp-json\/wp\/v2\/media\/39720"}],"wp:attachment":[{"href":"https:\/\/rodoaed.ee\/fi\/wp-json\/wp\/v2\/media?parent=52880"}],"wp:term":[{"taxonomy":"product_brand","embeddable":true,"href":"https:\/\/rodoaed.ee\/fi\/wp-json\/wp\/v2\/product_brand?post=52880"},{"taxonomy":"product_cat","embeddable":true,"href":"https:\/\/rodoaed.ee\/fi\/wp-json\/wp\/v2\/product_cat?post=52880"},{"taxonomy":"product_tag","embeddable":true,"href":"https:\/\/rodoaed.ee\/fi\/wp-json\/wp\/v2\/product_tag?post=52880"}],"curies":[{"name":"wp","href":"https:\/\/api.w.org\/{rel}","templated":true}]}}