{"id":52885,"date":"2022-01-12T12:09:12","date_gmt":"2022-01-12T10:09:12","guid":{"rendered":"https:\/\/rodoaed.ee\/toode\/puutarhatolppa-ja-tyokaluvyo\/"},"modified":"2026-04-13T10:56:33","modified_gmt":"2026-04-13T07:56:33","slug":"puutarhatolppa-ja-tyokaluvyo","status":"publish","type":"product","link":"https:\/\/rodoaed.ee\/fi\/tuote\/puutarhatolppa-ja-tyokaluvyo\/","title":{"rendered":"Puutarhatolppa ja ty\u00f6kaluvy\u00f6"},"content":{"rendered":"<h2>Mukava ja tukeva puutarhakassi ja ty\u00f6kaluvy\u00f6, jossa on runsaasti taskuja.<\/h2>\n<p>Puutarhanhoitoesiliina, jossa on mukavat taskut, suojaa ty\u00f6skennelt\u00e4ess\u00e4 mustassa. Taskuihin mahtuvat tarvitsemasi ty\u00f6kalut, kuten oksasakset, varttamisvaha, kasvien sidontak\u00f6ysi tai siemenpakkaukset ja kasvileikkurit. Sek\u00e4 vy\u00f6 ett\u00e4 kaulahihna ovat s\u00e4\u00e4dett\u00e4viss\u00e4.  <\/p>\n<h2>T\u00e4rkeimm\u00e4t ominaisuudet :<\/h2>\n<ul>\n<li>Mitat L 1 x L 53 x K 75 cm.<\/li>\n<li>Paino: 220 g<\/li>\n<li>Materiaali: polyesteri, PP<\/li>\n<\/ul>\n<p>&nbsp;<\/p>\n<div id=\"article-specifications\" class=\"tab-links__content is-active col-md-6 mb-4\"><\/div>\n","protected":false},"excerpt":{"rendered":"<p>Mukava ja tukeva puutarhakassi ja ty\u00f6kaluvy\u00f6, jossa on runsaasti taskuja. Puutarhanhoitoesiliina, jossa on mukavat taskut, suojaa ty\u00f6skennelt\u00e4ess\u00e4 mustassa. Taskuihin mahtuvat tarvitsemasi ty\u00f6kalut, kuten oksasakset, varttamisvaha, kasvien sidontak\u00f6ysi tai siemenpakkaukset ja kasvileikkurit. Sek\u00e4 vy\u00f6 ett\u00e4 kaulahihna ovat s\u00e4\u00e4dett\u00e4viss\u00e4. T\u00e4rkeimm\u00e4t ominaisuudet : Mitat L 1 x L 53 x K 75 cm. Paino: 220 g Materiaali: polyesteri, PP &nbsp;<\/p>\n","protected":false},"featured_media":39812,"template":"","meta":{"_acf_changed":false},"product_brand":[],"product_cat":[1945],"product_tag":[],"class_list":{"0":"post-52885","1":"product","2":"type-product","3":"status-publish","4":"has-post-thumbnail","6":"product_cat-tarvikkeet","7":"product_shipping_class-toimitus-1-3-tyopaivan-kuluessa","8":"pa_variatsioon-superseeder-kylvokone-21","10":"first","11":"instock","12":"taxable","13":"shipping-taxable","14":"purchasable","15":"product-type-simple"},"acf":[],"yoast_head":"<!-- This site is optimized with the Yoast SEO Premium plugin v27.3 (Yoast SEO v27.3) - https:\/\/yoast.com\/product\/yoast-seo-premium-wordpress\/ -->\n<title>Puutarhatolppa ja ty\u00f6kaluvy\u00f6 - Rodoaed<\/title>\n<meta name=\"robots\" content=\"index, follow, max-snippet:-1, max-image-preview:large, max-video-preview:-1\" \/>\n<link rel=\"canonical\" href=\"https:\/\/rodoaed.ee\/fi\/toode\/puutarhatolppa-ja-tyokaluvyo\/\" \/>\n<meta property=\"og:locale\" content=\"fi_FI\" \/>\n<meta property=\"og:type\" content=\"article\" \/>\n<meta property=\"og:title\" content=\"Puutarhatolppa ja ty\u00f6kaluvy\u00f6\" \/>\n<meta property=\"og:description\" content=\"Mukava ja tukeva puutarhakassi ja ty\u00f6kaluvy\u00f6, jossa on runsaasti taskuja. Puutarhanhoitoesiliina, jossa on mukavat taskut, suojaa ty\u00f6skennelt\u00e4ess\u00e4\" \/>\n<meta property=\"og:url\" content=\"https:\/\/rodoaed.ee\/fi\/toode\/puutarhatolppa-ja-tyokaluvyo\/\" \/>\n<meta property=\"og:site_name\" content=\"Rodoaed\" \/>\n<meta property=\"article:publisher\" content=\"https:\/\/www.facebook.com\/kasvuhooned\/\" \/>\n<meta property=\"article:modified_time\" content=\"2026-04-13T07:56:33+00:00\" \/>\n<meta property=\"og:image\" content=\"https:\/\/rodoaed.ee\/wp-content\/uploads\/2022\/01\/toopoll_GT06_01.png\" \/>\n\t<meta property=\"og:image:width\" content=\"1240\" \/>\n\t<meta property=\"og:image:height\" content=\"1240\" \/>\n\t<meta property=\"og:image:type\" content=\"image\/png\" \/>\n<meta name=\"twitter:card\" content=\"summary_large_image\" \/>\n<script type=\"application\/ld+json\" class=\"yoast-schema-graph\">{\"@context\":\"https:\\\/\\\/schema.org\",\"@graph\":[{\"@type\":\"WebPage\",\"@id\":\"https:\\\/\\\/rodoaed.ee\\\/fi\\\/toode\\\/puutarhatolppa-ja-tyokaluvyo\\\/\",\"url\":\"https:\\\/\\\/rodoaed.ee\\\/fi\\\/toode\\\/puutarhatolppa-ja-tyokaluvyo\\\/\",\"name\":\"Puutarhatolppa ja ty\u00f6kaluvy\u00f6 - Rodoaed\",\"isPartOf\":{\"@id\":\"https:\\\/\\\/rodoaed.ee\\\/#website\"},\"primaryImageOfPage\":{\"@id\":\"https:\\\/\\\/rodoaed.ee\\\/fi\\\/toode\\\/puutarhatolppa-ja-tyokaluvyo\\\/#primaryimage\"},\"image\":{\"@id\":\"https:\\\/\\\/rodoaed.ee\\\/fi\\\/toode\\\/puutarhatolppa-ja-tyokaluvyo\\\/#primaryimage\"},\"thumbnailUrl\":\"https:\\\/\\\/rodoaed.ee\\\/wp-content\\\/uploads\\\/2022\\\/01\\\/toopoll_GT06_01.png\",\"datePublished\":\"2022-01-12T10:09:12+00:00\",\"dateModified\":\"2026-04-13T07:56:33+00:00\",\"breadcrumb\":{\"@id\":\"https:\\\/\\\/rodoaed.ee\\\/fi\\\/toode\\\/puutarhatolppa-ja-tyokaluvyo\\\/#breadcrumb\"},\"inLanguage\":\"fi\",\"potentialAction\":[{\"@type\":\"ReadAction\",\"target\":[\"https:\\\/\\\/rodoaed.ee\\\/fi\\\/toode\\\/puutarhatolppa-ja-tyokaluvyo\\\/\"]}]},{\"@type\":\"ImageObject\",\"inLanguage\":\"fi\",\"@id\":\"https:\\\/\\\/rodoaed.ee\\\/fi\\\/toode\\\/puutarhatolppa-ja-tyokaluvyo\\\/#primaryimage\",\"url\":\"https:\\\/\\\/rodoaed.ee\\\/wp-content\\\/uploads\\\/2022\\\/01\\\/toopoll_GT06_01.png\",\"contentUrl\":\"https:\\\/\\\/rodoaed.ee\\\/wp-content\\\/uploads\\\/2022\\\/01\\\/toopoll_GT06_01.png\",\"width\":1240,\"height\":1240},{\"@type\":\"BreadcrumbList\",\"@id\":\"https:\\\/\\\/rodoaed.ee\\\/fi\\\/toode\\\/puutarhatolppa-ja-tyokaluvyo\\\/#breadcrumb\",\"itemListElement\":[{\"@type\":\"ListItem\",\"position\":1,\"name\":\"Home\",\"item\":\"https:\\\/\\\/rodoaed.ee\\\/fi\\\/\"},{\"@type\":\"ListItem\",\"position\":2,\"name\":\"Osta osoitteessa\",\"item\":\"https:\\\/\\\/rodoaed.ee\\\/osta-osoitteessa\\\/\"},{\"@type\":\"ListItem\",\"position\":3,\"name\":\"Puutarhatolppa ja ty\u00f6kaluvy\u00f6\"}]},{\"@type\":\"WebSite\",\"@id\":\"https:\\\/\\\/rodoaed.ee\\\/#website\",\"url\":\"https:\\\/\\\/rodoaed.ee\\\/\",\"name\":\"Rodoaed\",\"description\":\"\",\"publisher\":{\"@id\":\"https:\\\/\\\/rodoaed.ee\\\/#organization\"},\"potentialAction\":[{\"@type\":\"SearchAction\",\"target\":{\"@type\":\"EntryPoint\",\"urlTemplate\":\"https:\\\/\\\/rodoaed.ee\\\/?s={search_term_string}\"},\"query-input\":{\"@type\":\"PropertyValueSpecification\",\"valueRequired\":true,\"valueName\":\"search_term_string\"}}],\"inLanguage\":\"fi\"},{\"@type\":\"Organization\",\"@id\":\"https:\\\/\\\/rodoaed.ee\\\/#organization\",\"name\":\"Rodoaed\",\"url\":\"https:\\\/\\\/rodoaed.ee\\\/\",\"logo\":{\"@type\":\"ImageObject\",\"inLanguage\":\"fi\",\"@id\":\"https:\\\/\\\/rodoaed.ee\\\/#\\\/schema\\\/logo\\\/image\\\/\",\"url\":\"https:\\\/\\\/rodoaed.ee\\\/wp-content\\\/uploads\\\/2019\\\/11\\\/rodoaed-logo-ilma-taustata.jpg\",\"contentUrl\":\"https:\\\/\\\/rodoaed.ee\\\/wp-content\\\/uploads\\\/2019\\\/11\\\/rodoaed-logo-ilma-taustata.jpg\",\"width\":769,\"height\":268,\"caption\":\"Rodoaed\"},\"image\":{\"@id\":\"https:\\\/\\\/rodoaed.ee\\\/#\\\/schema\\\/logo\\\/image\\\/\"},\"sameAs\":[\"https:\\\/\\\/www.facebook.com\\\/kasvuhooned\\\/\",\"https:\\\/\\\/rodoaed.ee\"]}]}<\/script>\n<!-- \/ Yoast SEO Premium plugin. -->","yoast_head_json":{"title":"Puutarhatolppa ja ty\u00f6kaluvy\u00f6 - Rodoaed","robots":{"index":"index","follow":"follow","max-snippet":"max-snippet:-1","max-image-preview":"max-image-preview:large","max-video-preview":"max-video-preview:-1"},"canonical":"https:\/\/rodoaed.ee\/fi\/toode\/puutarhatolppa-ja-tyokaluvyo\/","og_locale":"fi_FI","og_type":"article","og_title":"Puutarhatolppa ja ty\u00f6kaluvy\u00f6","og_description":"Mukava ja tukeva puutarhakassi ja ty\u00f6kaluvy\u00f6, jossa on runsaasti taskuja. Puutarhanhoitoesiliina, jossa on mukavat taskut, suojaa ty\u00f6skennelt\u00e4ess\u00e4","og_url":"https:\/\/rodoaed.ee\/fi\/toode\/puutarhatolppa-ja-tyokaluvyo\/","og_site_name":"Rodoaed","article_publisher":"https:\/\/www.facebook.com\/kasvuhooned\/","article_modified_time":"2026-04-13T07:56:33+00:00","og_image":[{"width":1240,"height":1240,"url":"https:\/\/rodoaed.ee\/wp-content\/uploads\/2022\/01\/toopoll_GT06_01.png","type":"image\/png"}],"twitter_card":"summary_large_image","schema":{"@context":"https:\/\/schema.org","@graph":[{"@type":"WebPage","@id":"https:\/\/rodoaed.ee\/fi\/toode\/puutarhatolppa-ja-tyokaluvyo\/","url":"https:\/\/rodoaed.ee\/fi\/toode\/puutarhatolppa-ja-tyokaluvyo\/","name":"Puutarhatolppa ja ty\u00f6kaluvy\u00f6 - Rodoaed","isPartOf":{"@id":"https:\/\/rodoaed.ee\/#website"},"primaryImageOfPage":{"@id":"https:\/\/rodoaed.ee\/fi\/toode\/puutarhatolppa-ja-tyokaluvyo\/#primaryimage"},"image":{"@id":"https:\/\/rodoaed.ee\/fi\/toode\/puutarhatolppa-ja-tyokaluvyo\/#primaryimage"},"thumbnailUrl":"https:\/\/rodoaed.ee\/wp-content\/uploads\/2022\/01\/toopoll_GT06_01.png","datePublished":"2022-01-12T10:09:12+00:00","dateModified":"2026-04-13T07:56:33+00:00","breadcrumb":{"@id":"https:\/\/rodoaed.ee\/fi\/toode\/puutarhatolppa-ja-tyokaluvyo\/#breadcrumb"},"inLanguage":"fi","potentialAction":[{"@type":"ReadAction","target":["https:\/\/rodoaed.ee\/fi\/toode\/puutarhatolppa-ja-tyokaluvyo\/"]}]},{"@type":"ImageObject","inLanguage":"fi","@id":"https:\/\/rodoaed.ee\/fi\/toode\/puutarhatolppa-ja-tyokaluvyo\/#primaryimage","url":"https:\/\/rodoaed.ee\/wp-content\/uploads\/2022\/01\/toopoll_GT06_01.png","contentUrl":"https:\/\/rodoaed.ee\/wp-content\/uploads\/2022\/01\/toopoll_GT06_01.png","width":1240,"height":1240},{"@type":"BreadcrumbList","@id":"https:\/\/rodoaed.ee\/fi\/toode\/puutarhatolppa-ja-tyokaluvyo\/#breadcrumb","itemListElement":[{"@type":"ListItem","position":1,"name":"Home","item":"https:\/\/rodoaed.ee\/fi\/"},{"@type":"ListItem","position":2,"name":"Osta osoitteessa","item":"https:\/\/rodoaed.ee\/osta-osoitteessa\/"},{"@type":"ListItem","position":3,"name":"Puutarhatolppa ja ty\u00f6kaluvy\u00f6"}]},{"@type":"WebSite","@id":"https:\/\/rodoaed.ee\/#website","url":"https:\/\/rodoaed.ee\/","name":"Rodoaed","description":"","publisher":{"@id":"https:\/\/rodoaed.ee\/#organization"},"potentialAction":[{"@type":"SearchAction","target":{"@type":"EntryPoint","urlTemplate":"https:\/\/rodoaed.ee\/?s={search_term_string}"},"query-input":{"@type":"PropertyValueSpecification","valueRequired":true,"valueName":"search_term_string"}}],"inLanguage":"fi"},{"@type":"Organization","@id":"https:\/\/rodoaed.ee\/#organization","name":"Rodoaed","url":"https:\/\/rodoaed.ee\/","logo":{"@type":"ImageObject","inLanguage":"fi","@id":"https:\/\/rodoaed.ee\/#\/schema\/logo\/image\/","url":"https:\/\/rodoaed.ee\/wp-content\/uploads\/2019\/11\/rodoaed-logo-ilma-taustata.jpg","contentUrl":"https:\/\/rodoaed.ee\/wp-content\/uploads\/2019\/11\/rodoaed-logo-ilma-taustata.jpg","width":769,"height":268,"caption":"Rodoaed"},"image":{"@id":"https:\/\/rodoaed.ee\/#\/schema\/logo\/image\/"},"sameAs":["https:\/\/www.facebook.com\/kasvuhooned\/","https:\/\/rodoaed.ee"]}]}},"_links":{"self":[{"href":"https:\/\/rodoaed.ee\/fi\/wp-json\/wp\/v2\/product\/52885","targetHints":{"allow":["GET"]}}],"collection":[{"href":"https:\/\/rodoaed.ee\/fi\/wp-json\/wp\/v2\/product"}],"about":[{"href":"https:\/\/rodoaed.ee\/fi\/wp-json\/wp\/v2\/types\/product"}],"wp:featuredmedia":[{"embeddable":true,"href":"https:\/\/rodoaed.ee\/fi\/wp-json\/wp\/v2\/media\/39812"}],"wp:attachment":[{"href":"https:\/\/rodoaed.ee\/fi\/wp-json\/wp\/v2\/media?parent=52885"}],"wp:term":[{"taxonomy":"product_brand","embeddable":true,"href":"https:\/\/rodoaed.ee\/fi\/wp-json\/wp\/v2\/product_brand?post=52885"},{"taxonomy":"product_cat","embeddable":true,"href":"https:\/\/rodoaed.ee\/fi\/wp-json\/wp\/v2\/product_cat?post=52885"},{"taxonomy":"product_tag","embeddable":true,"href":"https:\/\/rodoaed.ee\/fi\/wp-json\/wp\/v2\/product_tag?post=52885"}],"curies":[{"name":"wp","href":"https:\/\/api.w.org\/{rel}","templated":true}]}}