{"id":52886,"date":"2022-01-13T12:13:00","date_gmt":"2022-01-13T10:13:00","guid":{"rendered":"https:\/\/rodoaed.ee\/toode\/siilitalo-bitumikatolla\/"},"modified":"2026-04-13T10:56:40","modified_gmt":"2026-04-13T07:56:40","slug":"siilitalo-bitumikatolla","status":"publish","type":"product","link":"https:\/\/rodoaed.ee\/fi\/tuote\/siilitalo-bitumikatolla\/","title":{"rendered":"Siilitalo bitumikatolla"},"content":{"rendered":"<h2>Siilitalo &#8211; s\u00e4\u00e4nkest\u00e4v\u00e4 katto koko siiliperheelle. Sopii sek\u00e4 kes\u00e4kasvatukseen ett\u00e4 talvilepoon. <\/h2>\n<p>T\u00e4m\u00e4 siilitalo j\u00e4ljittelee siilien luonnollisia pes\u00e4koloja. Ihanteellinen koti siiliperheelle. Sijoita siilitalo puutarhaan varjoisaan, hieman syrj\u00e4iseen ja rauhalliseen paikkaan. Kuivaan paikkaan. Peit\u00e4 oksilla ja lehdill\u00e4. J\u00e4t\u00e4 sis\u00e4\u00e4nk\u00e4ynti vapaaksi ja k\u00e4\u00e4nn\u00e4 se etel\u00e4\u00e4n p\u00e4in.     <\/p>\n<p>Talvisuojaksi voit laittaa vanerilevyn tai muovilevyn lehtien p\u00e4\u00e4lle ja sen p\u00e4\u00e4lle lehti\u00e4 ja oksia. T\u00e4m\u00e4 pit\u00e4\u00e4 siilimajan l\u00e4hiymp\u00e4rist\u00f6n kuivempana ja l\u00e4mpim\u00e4mp\u00e4n\u00e4, jos talvi sattuu olemaan l\u00e4mmin ja m\u00e4rk\u00e4. <\/p>\n<p>Siilit ovat monissa maissa suojeltuja el\u00e4imi\u00e4, ja Virossa niit\u00e4 on en\u00e4\u00e4 v\u00e4h\u00e4n.<\/p>\n<p>Siilit rakentavat pes\u00e4ns\u00e4 yleens\u00e4 onttoihin puunrunkoihin, p\u00e4\u00e4ryn\u00f6ihin, tiheisiin pensaisiin ja lehv\u00e4st\u00f6ihin &#8211; paikkoihin, joita on nyky\u00e4\u00e4n yh\u00e4 vaikeampi l\u00f6yt\u00e4\u00e4.<\/p>\n<p>Siilit valtaavat nopeasti siilitalon ja rakentavat sinne pes\u00e4n. Siilim\u00f6kki soveltuu erinomaisesti ymp\u00e4rivuotiseen k\u00e4ytt\u00f6\u00f6n, sek\u00e4 kes\u00e4asumiseen ja pesimiseen ett\u00e4 talvehtimiseen, sill\u00e4 siin\u00e4 on paksu sein\u00e4 ja eristetty lattia. Siilit ovat tervetulleita vieraita puutarhoissa, sill\u00e4 niiden ruokavalioon kuuluu muun muassa etanoita, <strong>n\u00e4lkiintyneit\u00e4 lintuja<\/strong>, rotuja, tuhatjalkaisia jne.  <\/p>\n<h4>Siilon sijoituspaikka:<\/h4>\n<p>Valitse tuulelta ja sateelta suojattu paikka.<\/p>\n<h4>Pesumateriaali:<\/h4>\n<p>K\u00e4yt\u00e4 pes\u00e4n t\u00e4ytteen\u00e4 hein\u00e4\u00e4, kuivia lehti\u00e4 ja ruohoa sek\u00e4 silputtua sanomalehte\u00e4 ja lastuja.<\/p>\n<h4><strong>Materiaali: <\/strong>m\u00e4nty, bitumi<\/h4>\n<p><strong>Mitat <\/strong>L 27 x L 36 x K 20 cm<\/p>\n<p><strong>Paino: <\/strong>2 kg<\/p>\n<p>&nbsp;<\/p>\n","protected":false},"excerpt":{"rendered":"<p>Siilitalo &#8211; s\u00e4\u00e4nkest\u00e4v\u00e4 katto koko siiliperheelle. Sopii sek\u00e4 kes\u00e4kasvatukseen ett\u00e4 talvilepoon. T\u00e4m\u00e4 siilitalo j\u00e4ljittelee siilien luonnollisia pes\u00e4koloja. Ihanteellinen koti siiliperheelle. Sijoita siilitalo puutarhaan varjoisaan, hieman syrj\u00e4iseen ja rauhalliseen paikkaan. Kuivaan paikkaan. Peit\u00e4 oksilla ja lehdill\u00e4. J\u00e4t\u00e4 sis\u00e4\u00e4nk\u00e4ynti vapaaksi ja k\u00e4\u00e4nn\u00e4 se etel\u00e4\u00e4n p\u00e4in. Talvisuojaksi voit laittaa vanerilevyn tai muovilevyn lehtien p\u00e4\u00e4lle ja sen p\u00e4\u00e4lle lehti\u00e4 ja oksia. T\u00e4m\u00e4 pit\u00e4\u00e4 siilimajan l\u00e4hiymp\u00e4rist\u00f6n kuivempana ja l\u00e4mpim\u00e4mp\u00e4n\u00e4, jos&#8230;<\/p>\n","protected":false},"featured_media":39926,"template":"","meta":{"_acf_changed":false},"product_brand":[],"product_cat":[1851,1933],"product_tag":[],"class_list":{"0":"post-52886","1":"product","2":"type-product","3":"status-publish","4":"has-post-thumbnail","6":"product_cat-pesakotelot","7":"product_cat-siili-house","8":"pa_variatsioon-silicon-earth-eristetylla-pohjalla-tilauksesta","10":"first","11":"outofstock","12":"sale","13":"taxable","14":"shipping-taxable","15":"purchasable","16":"product-type-simple"},"acf":[],"yoast_head":"<!-- This site is optimized with the Yoast SEO Premium plugin v27.3 (Yoast SEO v27.3) - https:\/\/yoast.com\/product\/yoast-seo-premium-wordpress\/ -->\n<title>Siilitalo bitumikatolla% % -% Rodoaed% Siilien talot ja siilien ruoka<\/title>\n<meta name=\"description\" content=\"Siilitalo - eristetty pohja koko siiliperheelle. Sopii sek\u00e4 kes\u00e4kasvatukseen ett\u00e4 talvilepoon. Siilitalo - eristetyll\u00e4 pohjalla.\" \/>\n<meta name=\"robots\" content=\"index, follow, max-snippet:-1, max-image-preview:large, max-video-preview:-1\" \/>\n<link rel=\"canonical\" href=\"https:\/\/rodoaed.ee\/fi\/toode\/siilitalo-bitumikatolla\/\" \/>\n<meta property=\"og:locale\" content=\"fi_FI\" \/>\n<meta property=\"og:type\" content=\"article\" \/>\n<meta property=\"og:title\" content=\"Siilitalo bitumikatolla\" \/>\n<meta property=\"og:description\" content=\"Siilitalo - s\u00e4\u00e4nkest\u00e4v\u00e4 katto koko siiliperheelle. Sopii sek\u00e4 kes\u00e4kasvatukseen ett\u00e4 talvilepoon. T\u00e4m\u00e4 siilitalo j\u00e4ljittelee siilien luonnollisia\" \/>\n<meta property=\"og:url\" content=\"https:\/\/rodoaed.ee\/fi\/toode\/siilitalo-bitumikatolla\/\" \/>\n<meta property=\"og:site_name\" content=\"Rodoaed\" \/>\n<meta property=\"article:publisher\" content=\"https:\/\/www.facebook.com\/kasvuhooned\/\" \/>\n<meta property=\"article:modified_time\" content=\"2026-04-13T07:56:40+00:00\" \/>\n<meta property=\"og:image\" content=\"https:\/\/rodoaed.ee\/wp-content\/uploads\/2022\/01\/siilimaja_WA53_05.png\" \/>\n\t<meta property=\"og:image:width\" content=\"1240\" \/>\n\t<meta property=\"og:image:height\" content=\"1240\" \/>\n\t<meta property=\"og:image:type\" content=\"image\/png\" \/>\n<meta name=\"twitter:card\" content=\"summary_large_image\" \/>\n<meta name=\"twitter:label1\" content=\"Arvioitu lukuaika\" \/>\n\t<meta name=\"twitter:data1\" content=\"1 minuutti\" \/>\n<script type=\"application\/ld+json\" class=\"yoast-schema-graph\">{\"@context\":\"https:\\\/\\\/schema.org\",\"@graph\":[{\"@type\":\"WebPage\",\"@id\":\"https:\\\/\\\/rodoaed.ee\\\/fi\\\/toode\\\/siilitalo-bitumikatolla\\\/\",\"url\":\"https:\\\/\\\/rodoaed.ee\\\/fi\\\/toode\\\/siilitalo-bitumikatolla\\\/\",\"name\":\"Siilitalo bitumikatolla% % -% Rodoaed% Siilien talot ja siilien ruoka\",\"isPartOf\":{\"@id\":\"https:\\\/\\\/rodoaed.ee\\\/#website\"},\"primaryImageOfPage\":{\"@id\":\"https:\\\/\\\/rodoaed.ee\\\/fi\\\/toode\\\/siilitalo-bitumikatolla\\\/#primaryimage\"},\"image\":{\"@id\":\"https:\\\/\\\/rodoaed.ee\\\/fi\\\/toode\\\/siilitalo-bitumikatolla\\\/#primaryimage\"},\"thumbnailUrl\":\"https:\\\/\\\/rodoaed.ee\\\/wp-content\\\/uploads\\\/2022\\\/01\\\/siilimaja_WA53_05.png\",\"datePublished\":\"2022-01-13T10:13:00+00:00\",\"dateModified\":\"2026-04-13T07:56:40+00:00\",\"description\":\"Siilitalo - eristetty pohja koko siiliperheelle. Sopii sek\u00e4 kes\u00e4kasvatukseen ett\u00e4 talvilepoon. Siilitalo - eristetyll\u00e4 pohjalla.\",\"breadcrumb\":{\"@id\":\"https:\\\/\\\/rodoaed.ee\\\/fi\\\/toode\\\/siilitalo-bitumikatolla\\\/#breadcrumb\"},\"inLanguage\":\"fi\",\"potentialAction\":[{\"@type\":\"ReadAction\",\"target\":[\"https:\\\/\\\/rodoaed.ee\\\/fi\\\/toode\\\/siilitalo-bitumikatolla\\\/\"]}]},{\"@type\":\"ImageObject\",\"inLanguage\":\"fi\",\"@id\":\"https:\\\/\\\/rodoaed.ee\\\/fi\\\/toode\\\/siilitalo-bitumikatolla\\\/#primaryimage\",\"url\":\"https:\\\/\\\/rodoaed.ee\\\/wp-content\\\/uploads\\\/2022\\\/01\\\/siilimaja_WA53_05.png\",\"contentUrl\":\"https:\\\/\\\/rodoaed.ee\\\/wp-content\\\/uploads\\\/2022\\\/01\\\/siilimaja_WA53_05.png\",\"width\":1240,\"height\":1240},{\"@type\":\"BreadcrumbList\",\"@id\":\"https:\\\/\\\/rodoaed.ee\\\/fi\\\/toode\\\/siilitalo-bitumikatolla\\\/#breadcrumb\",\"itemListElement\":[{\"@type\":\"ListItem\",\"position\":1,\"name\":\"Home\",\"item\":\"https:\\\/\\\/rodoaed.ee\\\/fi\\\/\"},{\"@type\":\"ListItem\",\"position\":2,\"name\":\"Osta osoitteessa\",\"item\":\"https:\\\/\\\/rodoaed.ee\\\/osta-osoitteessa\\\/\"},{\"@type\":\"ListItem\",\"position\":3,\"name\":\"Siilitalo bitumikatolla\"}]},{\"@type\":\"WebSite\",\"@id\":\"https:\\\/\\\/rodoaed.ee\\\/#website\",\"url\":\"https:\\\/\\\/rodoaed.ee\\\/\",\"name\":\"Rodoaed\",\"description\":\"\",\"publisher\":{\"@id\":\"https:\\\/\\\/rodoaed.ee\\\/#organization\"},\"potentialAction\":[{\"@type\":\"SearchAction\",\"target\":{\"@type\":\"EntryPoint\",\"urlTemplate\":\"https:\\\/\\\/rodoaed.ee\\\/?s={search_term_string}\"},\"query-input\":{\"@type\":\"PropertyValueSpecification\",\"valueRequired\":true,\"valueName\":\"search_term_string\"}}],\"inLanguage\":\"fi\"},{\"@type\":\"Organization\",\"@id\":\"https:\\\/\\\/rodoaed.ee\\\/#organization\",\"name\":\"Rodoaed\",\"url\":\"https:\\\/\\\/rodoaed.ee\\\/\",\"logo\":{\"@type\":\"ImageObject\",\"inLanguage\":\"fi\",\"@id\":\"https:\\\/\\\/rodoaed.ee\\\/#\\\/schema\\\/logo\\\/image\\\/\",\"url\":\"https:\\\/\\\/rodoaed.ee\\\/wp-content\\\/uploads\\\/2019\\\/11\\\/rodoaed-logo-ilma-taustata.jpg\",\"contentUrl\":\"https:\\\/\\\/rodoaed.ee\\\/wp-content\\\/uploads\\\/2019\\\/11\\\/rodoaed-logo-ilma-taustata.jpg\",\"width\":769,\"height\":268,\"caption\":\"Rodoaed\"},\"image\":{\"@id\":\"https:\\\/\\\/rodoaed.ee\\\/#\\\/schema\\\/logo\\\/image\\\/\"},\"sameAs\":[\"https:\\\/\\\/www.facebook.com\\\/kasvuhooned\\\/\",\"https:\\\/\\\/rodoaed.ee\"]}]}<\/script>\n<!-- \/ Yoast SEO Premium plugin. -->","yoast_head_json":{"title":"Siilitalo bitumikatolla% % -% Rodoaed% Siilien talot ja siilien ruoka","description":"Siilitalo - eristetty pohja koko siiliperheelle. Sopii sek\u00e4 kes\u00e4kasvatukseen ett\u00e4 talvilepoon. Siilitalo - eristetyll\u00e4 pohjalla.","robots":{"index":"index","follow":"follow","max-snippet":"max-snippet:-1","max-image-preview":"max-image-preview:large","max-video-preview":"max-video-preview:-1"},"canonical":"https:\/\/rodoaed.ee\/fi\/toode\/siilitalo-bitumikatolla\/","og_locale":"fi_FI","og_type":"article","og_title":"Siilitalo bitumikatolla","og_description":"Siilitalo - s\u00e4\u00e4nkest\u00e4v\u00e4 katto koko siiliperheelle. Sopii sek\u00e4 kes\u00e4kasvatukseen ett\u00e4 talvilepoon. T\u00e4m\u00e4 siilitalo j\u00e4ljittelee siilien luonnollisia","og_url":"https:\/\/rodoaed.ee\/fi\/toode\/siilitalo-bitumikatolla\/","og_site_name":"Rodoaed","article_publisher":"https:\/\/www.facebook.com\/kasvuhooned\/","article_modified_time":"2026-04-13T07:56:40+00:00","og_image":[{"width":1240,"height":1240,"url":"https:\/\/rodoaed.ee\/wp-content\/uploads\/2022\/01\/siilimaja_WA53_05.png","type":"image\/png"}],"twitter_card":"summary_large_image","twitter_misc":{"Arvioitu lukuaika":"1 minuutti"},"schema":{"@context":"https:\/\/schema.org","@graph":[{"@type":"WebPage","@id":"https:\/\/rodoaed.ee\/fi\/toode\/siilitalo-bitumikatolla\/","url":"https:\/\/rodoaed.ee\/fi\/toode\/siilitalo-bitumikatolla\/","name":"Siilitalo bitumikatolla% % -% Rodoaed% Siilien talot ja siilien ruoka","isPartOf":{"@id":"https:\/\/rodoaed.ee\/#website"},"primaryImageOfPage":{"@id":"https:\/\/rodoaed.ee\/fi\/toode\/siilitalo-bitumikatolla\/#primaryimage"},"image":{"@id":"https:\/\/rodoaed.ee\/fi\/toode\/siilitalo-bitumikatolla\/#primaryimage"},"thumbnailUrl":"https:\/\/rodoaed.ee\/wp-content\/uploads\/2022\/01\/siilimaja_WA53_05.png","datePublished":"2022-01-13T10:13:00+00:00","dateModified":"2026-04-13T07:56:40+00:00","description":"Siilitalo - eristetty pohja koko siiliperheelle. Sopii sek\u00e4 kes\u00e4kasvatukseen ett\u00e4 talvilepoon. Siilitalo - eristetyll\u00e4 pohjalla.","breadcrumb":{"@id":"https:\/\/rodoaed.ee\/fi\/toode\/siilitalo-bitumikatolla\/#breadcrumb"},"inLanguage":"fi","potentialAction":[{"@type":"ReadAction","target":["https:\/\/rodoaed.ee\/fi\/toode\/siilitalo-bitumikatolla\/"]}]},{"@type":"ImageObject","inLanguage":"fi","@id":"https:\/\/rodoaed.ee\/fi\/toode\/siilitalo-bitumikatolla\/#primaryimage","url":"https:\/\/rodoaed.ee\/wp-content\/uploads\/2022\/01\/siilimaja_WA53_05.png","contentUrl":"https:\/\/rodoaed.ee\/wp-content\/uploads\/2022\/01\/siilimaja_WA53_05.png","width":1240,"height":1240},{"@type":"BreadcrumbList","@id":"https:\/\/rodoaed.ee\/fi\/toode\/siilitalo-bitumikatolla\/#breadcrumb","itemListElement":[{"@type":"ListItem","position":1,"name":"Home","item":"https:\/\/rodoaed.ee\/fi\/"},{"@type":"ListItem","position":2,"name":"Osta osoitteessa","item":"https:\/\/rodoaed.ee\/osta-osoitteessa\/"},{"@type":"ListItem","position":3,"name":"Siilitalo bitumikatolla"}]},{"@type":"WebSite","@id":"https:\/\/rodoaed.ee\/#website","url":"https:\/\/rodoaed.ee\/","name":"Rodoaed","description":"","publisher":{"@id":"https:\/\/rodoaed.ee\/#organization"},"potentialAction":[{"@type":"SearchAction","target":{"@type":"EntryPoint","urlTemplate":"https:\/\/rodoaed.ee\/?s={search_term_string}"},"query-input":{"@type":"PropertyValueSpecification","valueRequired":true,"valueName":"search_term_string"}}],"inLanguage":"fi"},{"@type":"Organization","@id":"https:\/\/rodoaed.ee\/#organization","name":"Rodoaed","url":"https:\/\/rodoaed.ee\/","logo":{"@type":"ImageObject","inLanguage":"fi","@id":"https:\/\/rodoaed.ee\/#\/schema\/logo\/image\/","url":"https:\/\/rodoaed.ee\/wp-content\/uploads\/2019\/11\/rodoaed-logo-ilma-taustata.jpg","contentUrl":"https:\/\/rodoaed.ee\/wp-content\/uploads\/2019\/11\/rodoaed-logo-ilma-taustata.jpg","width":769,"height":268,"caption":"Rodoaed"},"image":{"@id":"https:\/\/rodoaed.ee\/#\/schema\/logo\/image\/"},"sameAs":["https:\/\/www.facebook.com\/kasvuhooned\/","https:\/\/rodoaed.ee"]}]}},"_links":{"self":[{"href":"https:\/\/rodoaed.ee\/fi\/wp-json\/wp\/v2\/product\/52886","targetHints":{"allow":["GET"]}}],"collection":[{"href":"https:\/\/rodoaed.ee\/fi\/wp-json\/wp\/v2\/product"}],"about":[{"href":"https:\/\/rodoaed.ee\/fi\/wp-json\/wp\/v2\/types\/product"}],"wp:featuredmedia":[{"embeddable":true,"href":"https:\/\/rodoaed.ee\/fi\/wp-json\/wp\/v2\/media\/39926"}],"wp:attachment":[{"href":"https:\/\/rodoaed.ee\/fi\/wp-json\/wp\/v2\/media?parent=52886"}],"wp:term":[{"taxonomy":"product_brand","embeddable":true,"href":"https:\/\/rodoaed.ee\/fi\/wp-json\/wp\/v2\/product_brand?post=52886"},{"taxonomy":"product_cat","embeddable":true,"href":"https:\/\/rodoaed.ee\/fi\/wp-json\/wp\/v2\/product_cat?post=52886"},{"taxonomy":"product_tag","embeddable":true,"href":"https:\/\/rodoaed.ee\/fi\/wp-json\/wp\/v2\/product_tag?post=52886"}],"curies":[{"name":"wp","href":"https:\/\/api.w.org\/{rel}","templated":true}]}}