{"id":52887,"date":"2022-01-14T15:47:55","date_gmt":"2022-01-14T13:47:55","guid":{"rendered":"https:\/\/rodoaed.ee\/toode\/tropic-plus-509x707cm-36m2\/"},"modified":"2026-04-13T10:56:40","modified_gmt":"2026-04-13T07:56:40","slug":"tropic-plus-509x707cm-36m2","status":"publish","type":"product","link":"https:\/\/rodoaed.ee\/fi\/tuote\/tropic-plus-509x707cm-36m2\/","title":{"rendered":"Tropic Plus 509x707cm <sup>36m2<\/sup>"},"content":{"rendered":"<h2>Kasvihuoneen mitat<\/h2>\n<p>Kasvihuoneen leveys on 509 cm ja pituus on saatavana 409 cm &#8211; 805 cm. Kattoharjan korkeus peruskehyksen kanssa on 256cm ja sivusein\u00e4n korkeus 13cm peruskehyksell\u00e4 on 185cm. Pyynn\u00f6st\u00e4 sivusein\u00e4n korkeutta voidaan lis\u00e4t\u00e4 +20cm tai 201cm. Suuret kattoaukot varmistavat hyv\u00e4n ilmankierron. Tropic-mallissa on suuremmat sein\u00e4aukot kuin vakiomallissa, eli jokainen sein\u00e4aukko on noin 98cm leve\u00e4. Kasvihuoneen mukana toimitetaan my\u00f6s asianmukaiset alumiiniset sy\u00f6ksyputket.     <\/p>\n<h2>Joustava oviasettelu<\/h2>\n<p>95 cm leve\u00e4 eristetty liukuovi asennetaan oletusarvoisesti p\u00e4\u00e4tysein\u00e4\u00e4n, mutta se voidaan pyynn\u00f6st\u00e4 asentaa mille tahansa sein\u00e4lle. Voit halutessasi korvata Tropic-mallin vakio-oven pariovella 2x 97cm tai 193cm leve\u00e4ll\u00e4 pariovella. <\/p>\n<h2>Polykarbonaatti tai lasi<\/h2>\n<p>Tropic-kasvihuonemallissa voit valita polykarbonaatti- tai lasipaketin. Vakiona on vahva kolmikerroksinen 16 mm:n polykarbonaatti. Polykarbonaatin No-Drop-pinnoite est\u00e4\u00e4 kondenssiveden muodostumista ja tarjoaa paremman l\u00e4pin\u00e4kyvyyden. Tropic-kasvihuonemallin voi tilata 16 mm:n polykarbonaatilla kauttaaltaan tai 14 mm:n lasipaketilla kattoon ja 14 mm:n lasipaketilla seiniin. Kattoa ei voi varustaa lasipaketilla.    <\/p>\n<h2>Alusraam<\/h2>\n<p>Tukeva alumiininen pohjakehys antaa kasvihuoneelle enemm\u00e4n vakautta ja helpottaa kokoamista huomattavasti. Runko on valmistettu vahvasta karppiprofiilista ja se on noin 13 cm korkea. Pohjakehyksess\u00e4 on ankkurointiliuskat, jotka voidaan kaivaa maahan tai valaa sekaan. N\u00e4in ollen sit\u00e4 voidaan k\u00e4ytt\u00e4\u00e4 erillisen perustuksen korvikkeena.   <\/p>\n<p>Tropic-malleissa perusrunko sis\u00e4ltyy jo hintaan.<\/p>\n<h2>Kasvihuone, jossa on maalattu runko<\/h2>\n<p>Kasvihuoneen runko on tavallisesti matta-alumiinia, mutta se voidaan my\u00f6s tilata pulverimaalattuna RAL-v\u00e4reiss\u00e4 (9010, 8019, 5010, 7016, 6005, 3004, 6009 ja 3011).<\/p>\n<p><a href=\"https:\/\/rodoaed.ee\/fi\/\">kotisivu<\/a> <a href=\"https:\/\/rodoaed.ee\/tootekategooria\/kasvuhooned-ja-talveaiad\/\">k\u00e4ynnist\u00e4<\/a> <a href=\"https:\/\/rodoaed.ee\/fi\/tootekategooria\/euro-serren-kasvihuoneet\/\">Euro-Serre<\/a><\/p>\n<p>&nbsp;<\/p>\n","protected":false},"excerpt":{"rendered":"<p>Kasvihuoneen mitat Kasvihuoneen leveys on 509 cm ja pituus on saatavana 409 cm &#8211; 805 cm. Kattoharjan korkeus peruskehyksen kanssa on 256cm ja sivusein\u00e4n korkeus 13cm peruskehyksell\u00e4 on 185cm. Pyynn\u00f6st\u00e4 sivusein\u00e4n korkeutta voidaan lis\u00e4t\u00e4 +20cm tai 201cm. Suuret kattoaukot varmistavat hyv\u00e4n ilmankierron. Tropic-mallissa on suuremmat sein\u00e4aukot kuin vakiomallissa, eli jokainen sein\u00e4aukko on noin 98cm leve\u00e4. Kasvihuoneen mukana toimitetaan my\u00f6s asianmukaiset alumiiniset sy\u00f6ksyputket. Joustava oviasettelu 95&#8230;<\/p>\n","protected":false},"featured_media":17364,"template":"","meta":{"_acf_changed":false},"product_brand":[],"product_cat":[1907,1948],"product_tag":[],"class_list":{"0":"post-52887","1":"product","2":"type-product","3":"status-publish","4":"has-post-thumbnail","6":"product_cat-euro-serren-kasvihuoneet","7":"product_cat-kasvihuone-tropic-plus","8":"pa_variatsioon-tropic-plus-409x508cm-21m2","10":"first","11":"instock","12":"sale","13":"taxable","14":"shipping-taxable","15":"purchasable","16":"product-type-simple"},"acf":[],"yoast_head":"<!-- This site is optimized with the Yoast SEO Premium plugin v27.3 (Yoast SEO v27.3) - https:\/\/yoast.com\/product\/yoast-seo-premium-wordpress\/ -->\n<title>Tropic Plus 509x707cm 36m2 - Rodoaed<\/title>\n<meta name=\"robots\" content=\"index, follow, max-snippet:-1, max-image-preview:large, max-video-preview:-1\" \/>\n<link rel=\"canonical\" href=\"https:\/\/rodoaed.ee\/fi\/toode\/tropic-plus-509x707cm-36m2\/\" \/>\n<meta property=\"og:locale\" content=\"fi_FI\" \/>\n<meta property=\"og:type\" content=\"article\" \/>\n<meta property=\"og:title\" content=\"Tropic Plus 509x707cm 36m2\" \/>\n<meta property=\"og:description\" content=\"Kasvihuoneen mitat Kasvihuoneen leveys on 509 cm ja pituus on saatavana 409 cm - 805 cm. Kattoharjan korkeus peruskehyksen kanssa on 256cm ja sivusein\u00e4n\" \/>\n<meta property=\"og:url\" content=\"https:\/\/rodoaed.ee\/fi\/toode\/tropic-plus-509x707cm-36m2\/\" \/>\n<meta property=\"og:site_name\" content=\"Rodoaed\" \/>\n<meta property=\"article:publisher\" content=\"https:\/\/www.facebook.com\/kasvuhooned\/\" \/>\n<meta property=\"article:modified_time\" content=\"2026-04-13T07:56:40+00:00\" \/>\n<meta property=\"og:image\" content=\"https:\/\/rodoaed.ee\/wp-content\/uploads\/2019\/07\/kasvuhoone_tropic_plus_2.jpg\" \/>\n\t<meta property=\"og:image:width\" content=\"800\" \/>\n\t<meta property=\"og:image:height\" content=\"600\" \/>\n\t<meta property=\"og:image:type\" content=\"image\/jpeg\" \/>\n<meta name=\"twitter:card\" content=\"summary_large_image\" \/>\n<meta name=\"twitter:label1\" content=\"Arvioitu lukuaika\" \/>\n\t<meta name=\"twitter:data1\" content=\"1 minuutti\" \/>\n<script type=\"application\/ld+json\" class=\"yoast-schema-graph\">{\"@context\":\"https:\\\/\\\/schema.org\",\"@graph\":[{\"@type\":\"WebPage\",\"@id\":\"https:\\\/\\\/rodoaed.ee\\\/fi\\\/toode\\\/tropic-plus-509x707cm-36m2\\\/\",\"url\":\"https:\\\/\\\/rodoaed.ee\\\/fi\\\/toode\\\/tropic-plus-509x707cm-36m2\\\/\",\"name\":\"Tropic Plus 509x707cm 36m2 - Rodoaed\",\"isPartOf\":{\"@id\":\"https:\\\/\\\/rodoaed.ee\\\/#website\"},\"primaryImageOfPage\":{\"@id\":\"https:\\\/\\\/rodoaed.ee\\\/fi\\\/toode\\\/tropic-plus-509x707cm-36m2\\\/#primaryimage\"},\"image\":{\"@id\":\"https:\\\/\\\/rodoaed.ee\\\/fi\\\/toode\\\/tropic-plus-509x707cm-36m2\\\/#primaryimage\"},\"thumbnailUrl\":\"https:\\\/\\\/rodoaed.ee\\\/wp-content\\\/uploads\\\/2019\\\/07\\\/kasvuhoone_tropic_plus_2.jpg\",\"datePublished\":\"2022-01-14T13:47:55+00:00\",\"dateModified\":\"2026-04-13T07:56:40+00:00\",\"breadcrumb\":{\"@id\":\"https:\\\/\\\/rodoaed.ee\\\/fi\\\/toode\\\/tropic-plus-509x707cm-36m2\\\/#breadcrumb\"},\"inLanguage\":\"fi\",\"potentialAction\":[{\"@type\":\"ReadAction\",\"target\":[\"https:\\\/\\\/rodoaed.ee\\\/fi\\\/toode\\\/tropic-plus-509x707cm-36m2\\\/\"]}]},{\"@type\":\"ImageObject\",\"inLanguage\":\"fi\",\"@id\":\"https:\\\/\\\/rodoaed.ee\\\/fi\\\/toode\\\/tropic-plus-509x707cm-36m2\\\/#primaryimage\",\"url\":\"https:\\\/\\\/rodoaed.ee\\\/wp-content\\\/uploads\\\/2019\\\/07\\\/kasvuhoone_tropic_plus_2.jpg\",\"contentUrl\":\"https:\\\/\\\/rodoaed.ee\\\/wp-content\\\/uploads\\\/2019\\\/07\\\/kasvuhoone_tropic_plus_2.jpg\",\"width\":800,\"height\":600,\"caption\":\"kasvuvy\u00f6hyke tropic plus\"},{\"@type\":\"BreadcrumbList\",\"@id\":\"https:\\\/\\\/rodoaed.ee\\\/fi\\\/toode\\\/tropic-plus-509x707cm-36m2\\\/#breadcrumb\",\"itemListElement\":[{\"@type\":\"ListItem\",\"position\":1,\"name\":\"Home\",\"item\":\"https:\\\/\\\/rodoaed.ee\\\/fi\\\/\"},{\"@type\":\"ListItem\",\"position\":2,\"name\":\"Osta osoitteessa\",\"item\":\"https:\\\/\\\/rodoaed.ee\\\/osta-osoitteessa\\\/\"},{\"@type\":\"ListItem\",\"position\":3,\"name\":\"Tropic Plus 509x707cm 36m2\"}]},{\"@type\":\"WebSite\",\"@id\":\"https:\\\/\\\/rodoaed.ee\\\/#website\",\"url\":\"https:\\\/\\\/rodoaed.ee\\\/\",\"name\":\"Rodoaed\",\"description\":\"\",\"publisher\":{\"@id\":\"https:\\\/\\\/rodoaed.ee\\\/#organization\"},\"potentialAction\":[{\"@type\":\"SearchAction\",\"target\":{\"@type\":\"EntryPoint\",\"urlTemplate\":\"https:\\\/\\\/rodoaed.ee\\\/?s={search_term_string}\"},\"query-input\":{\"@type\":\"PropertyValueSpecification\",\"valueRequired\":true,\"valueName\":\"search_term_string\"}}],\"inLanguage\":\"fi\"},{\"@type\":\"Organization\",\"@id\":\"https:\\\/\\\/rodoaed.ee\\\/#organization\",\"name\":\"Rodoaed\",\"url\":\"https:\\\/\\\/rodoaed.ee\\\/\",\"logo\":{\"@type\":\"ImageObject\",\"inLanguage\":\"fi\",\"@id\":\"https:\\\/\\\/rodoaed.ee\\\/#\\\/schema\\\/logo\\\/image\\\/\",\"url\":\"https:\\\/\\\/rodoaed.ee\\\/wp-content\\\/uploads\\\/2019\\\/11\\\/rodoaed-logo-ilma-taustata.jpg\",\"contentUrl\":\"https:\\\/\\\/rodoaed.ee\\\/wp-content\\\/uploads\\\/2019\\\/11\\\/rodoaed-logo-ilma-taustata.jpg\",\"width\":769,\"height\":268,\"caption\":\"Rodoaed\"},\"image\":{\"@id\":\"https:\\\/\\\/rodoaed.ee\\\/#\\\/schema\\\/logo\\\/image\\\/\"},\"sameAs\":[\"https:\\\/\\\/www.facebook.com\\\/kasvuhooned\\\/\",\"https:\\\/\\\/rodoaed.ee\"]}]}<\/script>\n<!-- \/ Yoast SEO Premium plugin. -->","yoast_head_json":{"title":"Tropic Plus 509x707cm 36m2 - Rodoaed","robots":{"index":"index","follow":"follow","max-snippet":"max-snippet:-1","max-image-preview":"max-image-preview:large","max-video-preview":"max-video-preview:-1"},"canonical":"https:\/\/rodoaed.ee\/fi\/toode\/tropic-plus-509x707cm-36m2\/","og_locale":"fi_FI","og_type":"article","og_title":"Tropic Plus 509x707cm 36m2","og_description":"Kasvihuoneen mitat Kasvihuoneen leveys on 509 cm ja pituus on saatavana 409 cm - 805 cm. Kattoharjan korkeus peruskehyksen kanssa on 256cm ja sivusein\u00e4n","og_url":"https:\/\/rodoaed.ee\/fi\/toode\/tropic-plus-509x707cm-36m2\/","og_site_name":"Rodoaed","article_publisher":"https:\/\/www.facebook.com\/kasvuhooned\/","article_modified_time":"2026-04-13T07:56:40+00:00","og_image":[{"width":800,"height":600,"url":"https:\/\/rodoaed.ee\/wp-content\/uploads\/2019\/07\/kasvuhoone_tropic_plus_2.jpg","type":"image\/jpeg"}],"twitter_card":"summary_large_image","twitter_misc":{"Arvioitu lukuaika":"1 minuutti"},"schema":{"@context":"https:\/\/schema.org","@graph":[{"@type":"WebPage","@id":"https:\/\/rodoaed.ee\/fi\/toode\/tropic-plus-509x707cm-36m2\/","url":"https:\/\/rodoaed.ee\/fi\/toode\/tropic-plus-509x707cm-36m2\/","name":"Tropic Plus 509x707cm 36m2 - Rodoaed","isPartOf":{"@id":"https:\/\/rodoaed.ee\/#website"},"primaryImageOfPage":{"@id":"https:\/\/rodoaed.ee\/fi\/toode\/tropic-plus-509x707cm-36m2\/#primaryimage"},"image":{"@id":"https:\/\/rodoaed.ee\/fi\/toode\/tropic-plus-509x707cm-36m2\/#primaryimage"},"thumbnailUrl":"https:\/\/rodoaed.ee\/wp-content\/uploads\/2019\/07\/kasvuhoone_tropic_plus_2.jpg","datePublished":"2022-01-14T13:47:55+00:00","dateModified":"2026-04-13T07:56:40+00:00","breadcrumb":{"@id":"https:\/\/rodoaed.ee\/fi\/toode\/tropic-plus-509x707cm-36m2\/#breadcrumb"},"inLanguage":"fi","potentialAction":[{"@type":"ReadAction","target":["https:\/\/rodoaed.ee\/fi\/toode\/tropic-plus-509x707cm-36m2\/"]}]},{"@type":"ImageObject","inLanguage":"fi","@id":"https:\/\/rodoaed.ee\/fi\/toode\/tropic-plus-509x707cm-36m2\/#primaryimage","url":"https:\/\/rodoaed.ee\/wp-content\/uploads\/2019\/07\/kasvuhoone_tropic_plus_2.jpg","contentUrl":"https:\/\/rodoaed.ee\/wp-content\/uploads\/2019\/07\/kasvuhoone_tropic_plus_2.jpg","width":800,"height":600,"caption":"kasvuvy\u00f6hyke tropic plus"},{"@type":"BreadcrumbList","@id":"https:\/\/rodoaed.ee\/fi\/toode\/tropic-plus-509x707cm-36m2\/#breadcrumb","itemListElement":[{"@type":"ListItem","position":1,"name":"Home","item":"https:\/\/rodoaed.ee\/fi\/"},{"@type":"ListItem","position":2,"name":"Osta osoitteessa","item":"https:\/\/rodoaed.ee\/osta-osoitteessa\/"},{"@type":"ListItem","position":3,"name":"Tropic Plus 509x707cm 36m2"}]},{"@type":"WebSite","@id":"https:\/\/rodoaed.ee\/#website","url":"https:\/\/rodoaed.ee\/","name":"Rodoaed","description":"","publisher":{"@id":"https:\/\/rodoaed.ee\/#organization"},"potentialAction":[{"@type":"SearchAction","target":{"@type":"EntryPoint","urlTemplate":"https:\/\/rodoaed.ee\/?s={search_term_string}"},"query-input":{"@type":"PropertyValueSpecification","valueRequired":true,"valueName":"search_term_string"}}],"inLanguage":"fi"},{"@type":"Organization","@id":"https:\/\/rodoaed.ee\/#organization","name":"Rodoaed","url":"https:\/\/rodoaed.ee\/","logo":{"@type":"ImageObject","inLanguage":"fi","@id":"https:\/\/rodoaed.ee\/#\/schema\/logo\/image\/","url":"https:\/\/rodoaed.ee\/wp-content\/uploads\/2019\/11\/rodoaed-logo-ilma-taustata.jpg","contentUrl":"https:\/\/rodoaed.ee\/wp-content\/uploads\/2019\/11\/rodoaed-logo-ilma-taustata.jpg","width":769,"height":268,"caption":"Rodoaed"},"image":{"@id":"https:\/\/rodoaed.ee\/#\/schema\/logo\/image\/"},"sameAs":["https:\/\/www.facebook.com\/kasvuhooned\/","https:\/\/rodoaed.ee"]}]}},"_links":{"self":[{"href":"https:\/\/rodoaed.ee\/fi\/wp-json\/wp\/v2\/product\/52887","targetHints":{"allow":["GET"]}}],"collection":[{"href":"https:\/\/rodoaed.ee\/fi\/wp-json\/wp\/v2\/product"}],"about":[{"href":"https:\/\/rodoaed.ee\/fi\/wp-json\/wp\/v2\/types\/product"}],"wp:featuredmedia":[{"embeddable":true,"href":"https:\/\/rodoaed.ee\/fi\/wp-json\/wp\/v2\/media\/17364"}],"wp:attachment":[{"href":"https:\/\/rodoaed.ee\/fi\/wp-json\/wp\/v2\/media?parent=52887"}],"wp:term":[{"taxonomy":"product_brand","embeddable":true,"href":"https:\/\/rodoaed.ee\/fi\/wp-json\/wp\/v2\/product_brand?post=52887"},{"taxonomy":"product_cat","embeddable":true,"href":"https:\/\/rodoaed.ee\/fi\/wp-json\/wp\/v2\/product_cat?post=52887"},{"taxonomy":"product_tag","embeddable":true,"href":"https:\/\/rodoaed.ee\/fi\/wp-json\/wp\/v2\/product_tag?post=52887"}],"curies":[{"name":"wp","href":"https:\/\/api.w.org\/{rel}","templated":true}]}}