{"id":52890,"date":"2022-01-18T19:46:56","date_gmt":"2022-01-18T17:46:56","guid":{"rendered":"https:\/\/rodoaed.ee\/toode\/pesamateriaali-linnuille-pehmea-kapokki-puukuitua\/"},"modified":"2026-04-13T10:56:43","modified_gmt":"2026-04-13T07:56:43","slug":"pesamateriaali-linnuille-pehmea-kapokki-puukuitua","status":"publish","type":"product","link":"https:\/\/rodoaed.ee\/fi\/tuote\/pesamateriaali-linnuille-pehmea-kapokki-puukuitua\/","title":{"rendered":"Pes\u00e4materiaali linnuille &#8211; pehme\u00e4 kapokki puukuitua."},"content":{"rendered":"<p><strong>Pes\u00e4materiaalia kaikille pikkulinnuille.<\/strong><\/p>\n<p><strong>Trooppisen kapokkipuun hedelm\u00e4n ymp\u00e4rill\u00e4 kasvavat kuidut. Hyv\u00e4 linnuille. <\/strong><\/p>\n<p>Linnut tarvitsevat vuorimateriaalia rakentaakseen pes\u00e4ns\u00e4. Pikkulinnut k\u00e4ytt\u00e4v\u00e4t p\u00e4\u00e4asiassa luonnosta saatavia materiaaleja, kuten el\u00e4inten karvoja, lampaanvillaa, sammalta, untuvaa jne. Laittamalla vuorimateriaalipaketin voit helpottaa lintujen el\u00e4m\u00e4\u00e4 huomattavasti. N\u00e4in linnut s\u00e4\u00e4st\u00e4v\u00e4t paljon arvokasta aikaa, kun niiden ei tarvitse l\u00e4hte\u00e4 kauas hakemaan sopivaa pes\u00e4materiaalia. Huomaat nopeasti, kuinka kiitollisia linnut ovat sinulle t\u00e4st\u00e4.    <\/p>\n<p><strong>Huomaa: Sek\u00e4 pes\u00e4laatikossa pesiville linnuille ett\u00e4 kaikille pikkulinnuille, jotka rakentavat omat pes\u00e4ns\u00e4 puihin, tarvitaan lis\u00e4\u00e4 pes\u00e4materiaalia.<\/strong><\/p>\n<p><strong>Asennuspaikka:<\/strong><\/p>\n<p>Ripusta pes\u00e4materiaali varikolle, esimerkiksi talon r\u00e4yst\u00e4\u00e4n alle tai muualle, miss\u00e4 se on suojassa sateelta. Jos ripustat varaston r\u00e4yst\u00e4\u00e4n alle ikkunan l\u00e4helle, voit pit\u00e4\u00e4 lintuja silm\u00e4ll\u00e4. <\/p>\n<p><em>(Kap-villa &#8211; hieno, pehme\u00e4, puuvillan kaltainen kasvikuitu, joka kasvaa Ceiba-puun hedelmien ymp\u00e4rill\u00e4. Sit\u00e4 k\u00e4ytet\u00e4\u00e4n lasten lelujen ja patjojen t\u00e4ytteeksi, puutarhalintujen pes\u00e4materiaaliksi jne.).<\/em><\/p>\n<p><strong>HUOM<\/strong> Erinomainen vaihtoehto kouluille ja p\u00e4iv\u00e4kodeille on ripustaa se varikon ikkunan taakse, jotta lapset voivat katsella lintuja.<\/p>\n<p><b>K\u00e4ytt\u00f6 varaston kehyksen kanssa<\/b><\/p>\n<p>M\u00e4\u00e4r\u00e4: 34 g<\/p>\n<p>&nbsp;<\/p>\n","protected":false},"excerpt":{"rendered":"<p>Pes\u00e4materiaalia kaikille pikkulinnuille. Trooppisen kapokkipuun hedelm\u00e4n ymp\u00e4rill\u00e4 kasvavat kuidut. Hyv\u00e4 linnuille. Linnut tarvitsevat vuorimateriaalia rakentaakseen pes\u00e4ns\u00e4. Pikkulinnut k\u00e4ytt\u00e4v\u00e4t p\u00e4\u00e4asiassa luonnosta saatavia materiaaleja, kuten el\u00e4inten karvoja, lampaanvillaa, sammalta, untuvaa jne. Laittamalla vuorimateriaalipaketin voit helpottaa lintujen el\u00e4m\u00e4\u00e4 huomattavasti. N\u00e4in linnut s\u00e4\u00e4st\u00e4v\u00e4t paljon arvokasta aikaa, kun niiden ei tarvitse l\u00e4hte\u00e4 kauas hakemaan sopivaa pes\u00e4materiaalia. Huomaat nopeasti, kuinka kiitollisia linnut ovat sinulle t\u00e4st\u00e4. Huomaa: Sek\u00e4 pes\u00e4laatikossa pesiville linnuille ett\u00e4&#8230;<\/p>\n","protected":false},"featured_media":39983,"template":"","meta":{"_acf_changed":false},"product_brand":[],"product_cat":[1929,1928,1935,1881,1953,1852,1885,1930,1926,1851,1879,1931],"product_tag":[],"class_list":{"0":"post-52890","1":"product","2":"type-product","3":"status-publish","4":"has-post-thumbnail","6":"product_cat-aviary-1mr-lahja-puutarhan-ystavalle","7":"product_cat-avoimet-pesalaatikot-lepidoptera-punarintaiset-hedelmalinnut-kaki-pensastasku-pensastasku-varpuspollo-varpuspollo-varpuspollo","8":"product_cat-harrastepuutarhan-pesalaatikot","9":"product_cat-kultasirkun-pesakotelo","10":"product_cat-lintujen-pesakotelot","11":"product_cat-lintujen-tarvikkeet","12":"product_cat-merimetson-pesalaatikko","13":"product_cat-pesakotelo-2m","14":"product_cat-pesakotelosarjat","15":"product_cat-pesakotelot","16":"product_cat-pesalaatikko-1b-tiaiset-varpuslinnut","17":"product_cat-turvallinen-pesulaatikko-2gr","18":"product_shipping_class-toimitus-1-3-tyopaivan-kuluessa","19":"pa_variatsioon-pesivien-lintujen-varasto","21":"first","22":"instock","23":"taxable","24":"shipping-taxable","25":"purchasable","26":"product-type-simple"},"acf":[],"yoast_head":"<!-- This site is optimized with the Yoast SEO Premium plugin v27.3 (Yoast SEO v27.3) - https:\/\/yoast.com\/product\/yoast-seo-premium-wordpress\/ -->\n<title>Pes\u00e4materiaali linnuille - pehme\u00e4 kapokki puukuitua. - Rodoaed<\/title>\n<meta name=\"robots\" content=\"index, follow, max-snippet:-1, max-image-preview:large, max-video-preview:-1\" \/>\n<link rel=\"canonical\" href=\"https:\/\/rodoaed.ee\/fi\/toode\/pesamateriaali-linnuille-pehmea-kapokki-puukuitua\/\" \/>\n<meta property=\"og:locale\" content=\"fi_FI\" \/>\n<meta property=\"og:type\" content=\"article\" \/>\n<meta property=\"og:title\" content=\"Pes\u00e4materiaali linnuille - pehme\u00e4 kapokki puukuitua.\" \/>\n<meta property=\"og:description\" content=\"Pes\u00e4materiaalia kaikille pikkulinnuille. Trooppisen kapokkipuun hedelm\u00e4n ymp\u00e4rill\u00e4 kasvavat kuidut. Hyv\u00e4 linnuille. Linnut tarvitsevat vuorimateriaalia\" \/>\n<meta property=\"og:url\" content=\"https:\/\/rodoaed.ee\/fi\/toode\/pesamateriaali-linnuille-pehmea-kapokki-puukuitua\/\" \/>\n<meta property=\"og:site_name\" content=\"Rodoaed\" \/>\n<meta property=\"article:publisher\" content=\"https:\/\/www.facebook.com\/kasvuhooned\/\" \/>\n<meta property=\"article:modified_time\" content=\"2026-04-13T07:56:43+00:00\" \/>\n<meta property=\"og:image\" content=\"https:\/\/rodoaed.ee\/wp-content\/uploads\/2022\/01\/pesamaterjal_FB549_01.jpg\" \/>\n\t<meta property=\"og:image:width\" content=\"1240\" \/>\n\t<meta property=\"og:image:height\" content=\"1240\" \/>\n\t<meta property=\"og:image:type\" content=\"image\/jpeg\" \/>\n<meta name=\"twitter:card\" content=\"summary_large_image\" \/>\n<meta name=\"twitter:label1\" content=\"Arvioitu lukuaika\" \/>\n\t<meta name=\"twitter:data1\" content=\"1 minuutti\" \/>\n<script type=\"application\/ld+json\" class=\"yoast-schema-graph\">{\"@context\":\"https:\\\/\\\/schema.org\",\"@graph\":[{\"@type\":\"WebPage\",\"@id\":\"https:\\\/\\\/rodoaed.ee\\\/fi\\\/toode\\\/pesamateriaali-linnuille-pehmea-kapokki-puukuitua\\\/\",\"url\":\"https:\\\/\\\/rodoaed.ee\\\/fi\\\/toode\\\/pesamateriaali-linnuille-pehmea-kapokki-puukuitua\\\/\",\"name\":\"Pes\u00e4materiaali linnuille - pehme\u00e4 kapokki puukuitua. - Rodoaed\",\"isPartOf\":{\"@id\":\"https:\\\/\\\/rodoaed.ee\\\/#website\"},\"primaryImageOfPage\":{\"@id\":\"https:\\\/\\\/rodoaed.ee\\\/fi\\\/toode\\\/pesamateriaali-linnuille-pehmea-kapokki-puukuitua\\\/#primaryimage\"},\"image\":{\"@id\":\"https:\\\/\\\/rodoaed.ee\\\/fi\\\/toode\\\/pesamateriaali-linnuille-pehmea-kapokki-puukuitua\\\/#primaryimage\"},\"thumbnailUrl\":\"https:\\\/\\\/rodoaed.ee\\\/wp-content\\\/uploads\\\/2022\\\/01\\\/pesamaterjal_FB549_01.jpg\",\"datePublished\":\"2022-01-18T17:46:56+00:00\",\"dateModified\":\"2026-04-13T07:56:43+00:00\",\"breadcrumb\":{\"@id\":\"https:\\\/\\\/rodoaed.ee\\\/fi\\\/toode\\\/pesamateriaali-linnuille-pehmea-kapokki-puukuitua\\\/#breadcrumb\"},\"inLanguage\":\"fi\",\"potentialAction\":[{\"@type\":\"ReadAction\",\"target\":[\"https:\\\/\\\/rodoaed.ee\\\/fi\\\/toode\\\/pesamateriaali-linnuille-pehmea-kapokki-puukuitua\\\/\"]}]},{\"@type\":\"ImageObject\",\"inLanguage\":\"fi\",\"@id\":\"https:\\\/\\\/rodoaed.ee\\\/fi\\\/toode\\\/pesamateriaali-linnuille-pehmea-kapokki-puukuitua\\\/#primaryimage\",\"url\":\"https:\\\/\\\/rodoaed.ee\\\/wp-content\\\/uploads\\\/2022\\\/01\\\/pesamaterjal_FB549_01.jpg\",\"contentUrl\":\"https:\\\/\\\/rodoaed.ee\\\/wp-content\\\/uploads\\\/2022\\\/01\\\/pesamaterjal_FB549_01.jpg\",\"width\":1240,\"height\":1240},{\"@type\":\"BreadcrumbList\",\"@id\":\"https:\\\/\\\/rodoaed.ee\\\/fi\\\/toode\\\/pesamateriaali-linnuille-pehmea-kapokki-puukuitua\\\/#breadcrumb\",\"itemListElement\":[{\"@type\":\"ListItem\",\"position\":1,\"name\":\"Home\",\"item\":\"https:\\\/\\\/rodoaed.ee\\\/fi\\\/\"},{\"@type\":\"ListItem\",\"position\":2,\"name\":\"Osta osoitteessa\",\"item\":\"https:\\\/\\\/rodoaed.ee\\\/osta-osoitteessa\\\/\"},{\"@type\":\"ListItem\",\"position\":3,\"name\":\"Pes\u00e4materiaali linnuille &#8211; pehme\u00e4 kapokki puukuitua.\"}]},{\"@type\":\"WebSite\",\"@id\":\"https:\\\/\\\/rodoaed.ee\\\/#website\",\"url\":\"https:\\\/\\\/rodoaed.ee\\\/\",\"name\":\"Rodoaed\",\"description\":\"\",\"publisher\":{\"@id\":\"https:\\\/\\\/rodoaed.ee\\\/#organization\"},\"potentialAction\":[{\"@type\":\"SearchAction\",\"target\":{\"@type\":\"EntryPoint\",\"urlTemplate\":\"https:\\\/\\\/rodoaed.ee\\\/?s={search_term_string}\"},\"query-input\":{\"@type\":\"PropertyValueSpecification\",\"valueRequired\":true,\"valueName\":\"search_term_string\"}}],\"inLanguage\":\"fi\"},{\"@type\":\"Organization\",\"@id\":\"https:\\\/\\\/rodoaed.ee\\\/#organization\",\"name\":\"Rodoaed\",\"url\":\"https:\\\/\\\/rodoaed.ee\\\/\",\"logo\":{\"@type\":\"ImageObject\",\"inLanguage\":\"fi\",\"@id\":\"https:\\\/\\\/rodoaed.ee\\\/#\\\/schema\\\/logo\\\/image\\\/\",\"url\":\"https:\\\/\\\/rodoaed.ee\\\/wp-content\\\/uploads\\\/2019\\\/11\\\/rodoaed-logo-ilma-taustata.jpg\",\"contentUrl\":\"https:\\\/\\\/rodoaed.ee\\\/wp-content\\\/uploads\\\/2019\\\/11\\\/rodoaed-logo-ilma-taustata.jpg\",\"width\":769,\"height\":268,\"caption\":\"Rodoaed\"},\"image\":{\"@id\":\"https:\\\/\\\/rodoaed.ee\\\/#\\\/schema\\\/logo\\\/image\\\/\"},\"sameAs\":[\"https:\\\/\\\/www.facebook.com\\\/kasvuhooned\\\/\",\"https:\\\/\\\/rodoaed.ee\"]}]}<\/script>\n<!-- \/ Yoast SEO Premium plugin. -->","yoast_head_json":{"title":"Pes\u00e4materiaali linnuille - pehme\u00e4 kapokki puukuitua. - Rodoaed","robots":{"index":"index","follow":"follow","max-snippet":"max-snippet:-1","max-image-preview":"max-image-preview:large","max-video-preview":"max-video-preview:-1"},"canonical":"https:\/\/rodoaed.ee\/fi\/toode\/pesamateriaali-linnuille-pehmea-kapokki-puukuitua\/","og_locale":"fi_FI","og_type":"article","og_title":"Pes\u00e4materiaali linnuille - pehme\u00e4 kapokki puukuitua.","og_description":"Pes\u00e4materiaalia kaikille pikkulinnuille. Trooppisen kapokkipuun hedelm\u00e4n ymp\u00e4rill\u00e4 kasvavat kuidut. Hyv\u00e4 linnuille. Linnut tarvitsevat vuorimateriaalia","og_url":"https:\/\/rodoaed.ee\/fi\/toode\/pesamateriaali-linnuille-pehmea-kapokki-puukuitua\/","og_site_name":"Rodoaed","article_publisher":"https:\/\/www.facebook.com\/kasvuhooned\/","article_modified_time":"2026-04-13T07:56:43+00:00","og_image":[{"width":1240,"height":1240,"url":"https:\/\/rodoaed.ee\/wp-content\/uploads\/2022\/01\/pesamaterjal_FB549_01.jpg","type":"image\/jpeg"}],"twitter_card":"summary_large_image","twitter_misc":{"Arvioitu lukuaika":"1 minuutti"},"schema":{"@context":"https:\/\/schema.org","@graph":[{"@type":"WebPage","@id":"https:\/\/rodoaed.ee\/fi\/toode\/pesamateriaali-linnuille-pehmea-kapokki-puukuitua\/","url":"https:\/\/rodoaed.ee\/fi\/toode\/pesamateriaali-linnuille-pehmea-kapokki-puukuitua\/","name":"Pes\u00e4materiaali linnuille - pehme\u00e4 kapokki puukuitua. - Rodoaed","isPartOf":{"@id":"https:\/\/rodoaed.ee\/#website"},"primaryImageOfPage":{"@id":"https:\/\/rodoaed.ee\/fi\/toode\/pesamateriaali-linnuille-pehmea-kapokki-puukuitua\/#primaryimage"},"image":{"@id":"https:\/\/rodoaed.ee\/fi\/toode\/pesamateriaali-linnuille-pehmea-kapokki-puukuitua\/#primaryimage"},"thumbnailUrl":"https:\/\/rodoaed.ee\/wp-content\/uploads\/2022\/01\/pesamaterjal_FB549_01.jpg","datePublished":"2022-01-18T17:46:56+00:00","dateModified":"2026-04-13T07:56:43+00:00","breadcrumb":{"@id":"https:\/\/rodoaed.ee\/fi\/toode\/pesamateriaali-linnuille-pehmea-kapokki-puukuitua\/#breadcrumb"},"inLanguage":"fi","potentialAction":[{"@type":"ReadAction","target":["https:\/\/rodoaed.ee\/fi\/toode\/pesamateriaali-linnuille-pehmea-kapokki-puukuitua\/"]}]},{"@type":"ImageObject","inLanguage":"fi","@id":"https:\/\/rodoaed.ee\/fi\/toode\/pesamateriaali-linnuille-pehmea-kapokki-puukuitua\/#primaryimage","url":"https:\/\/rodoaed.ee\/wp-content\/uploads\/2022\/01\/pesamaterjal_FB549_01.jpg","contentUrl":"https:\/\/rodoaed.ee\/wp-content\/uploads\/2022\/01\/pesamaterjal_FB549_01.jpg","width":1240,"height":1240},{"@type":"BreadcrumbList","@id":"https:\/\/rodoaed.ee\/fi\/toode\/pesamateriaali-linnuille-pehmea-kapokki-puukuitua\/#breadcrumb","itemListElement":[{"@type":"ListItem","position":1,"name":"Home","item":"https:\/\/rodoaed.ee\/fi\/"},{"@type":"ListItem","position":2,"name":"Osta osoitteessa","item":"https:\/\/rodoaed.ee\/osta-osoitteessa\/"},{"@type":"ListItem","position":3,"name":"Pes\u00e4materiaali linnuille &#8211; pehme\u00e4 kapokki puukuitua."}]},{"@type":"WebSite","@id":"https:\/\/rodoaed.ee\/#website","url":"https:\/\/rodoaed.ee\/","name":"Rodoaed","description":"","publisher":{"@id":"https:\/\/rodoaed.ee\/#organization"},"potentialAction":[{"@type":"SearchAction","target":{"@type":"EntryPoint","urlTemplate":"https:\/\/rodoaed.ee\/?s={search_term_string}"},"query-input":{"@type":"PropertyValueSpecification","valueRequired":true,"valueName":"search_term_string"}}],"inLanguage":"fi"},{"@type":"Organization","@id":"https:\/\/rodoaed.ee\/#organization","name":"Rodoaed","url":"https:\/\/rodoaed.ee\/","logo":{"@type":"ImageObject","inLanguage":"fi","@id":"https:\/\/rodoaed.ee\/#\/schema\/logo\/image\/","url":"https:\/\/rodoaed.ee\/wp-content\/uploads\/2019\/11\/rodoaed-logo-ilma-taustata.jpg","contentUrl":"https:\/\/rodoaed.ee\/wp-content\/uploads\/2019\/11\/rodoaed-logo-ilma-taustata.jpg","width":769,"height":268,"caption":"Rodoaed"},"image":{"@id":"https:\/\/rodoaed.ee\/#\/schema\/logo\/image\/"},"sameAs":["https:\/\/www.facebook.com\/kasvuhooned\/","https:\/\/rodoaed.ee"]}]}},"_links":{"self":[{"href":"https:\/\/rodoaed.ee\/fi\/wp-json\/wp\/v2\/product\/52890","targetHints":{"allow":["GET"]}}],"collection":[{"href":"https:\/\/rodoaed.ee\/fi\/wp-json\/wp\/v2\/product"}],"about":[{"href":"https:\/\/rodoaed.ee\/fi\/wp-json\/wp\/v2\/types\/product"}],"wp:featuredmedia":[{"embeddable":true,"href":"https:\/\/rodoaed.ee\/fi\/wp-json\/wp\/v2\/media\/39983"}],"wp:attachment":[{"href":"https:\/\/rodoaed.ee\/fi\/wp-json\/wp\/v2\/media?parent=52890"}],"wp:term":[{"taxonomy":"product_brand","embeddable":true,"href":"https:\/\/rodoaed.ee\/fi\/wp-json\/wp\/v2\/product_brand?post=52890"},{"taxonomy":"product_cat","embeddable":true,"href":"https:\/\/rodoaed.ee\/fi\/wp-json\/wp\/v2\/product_cat?post=52890"},{"taxonomy":"product_tag","embeddable":true,"href":"https:\/\/rodoaed.ee\/fi\/wp-json\/wp\/v2\/product_tag?post=52890"}],"curies":[{"name":"wp","href":"https:\/\/api.w.org\/{rel}","templated":true}]}}