{"id":52892,"date":"2022-01-18T20:06:08","date_gmt":"2022-01-18T18:06:08","guid":{"rendered":"https:\/\/rodoaed.ee\/toode\/puhdistusharja-lintujen-ruokintapaikkaa-varten\/"},"modified":"2026-04-13T10:56:46","modified_gmt":"2026-04-13T07:56:46","slug":"puhdistusharja-lintujen-ruokintapaikkaa-varten","status":"publish","type":"product","link":"https:\/\/rodoaed.ee\/fi\/tuote\/puhdistusharja-lintujen-ruokintapaikkaa-varten\/","title":{"rendered":"Puhdistusharja lintujen ruokintapaikkaa varten"},"content":{"rendered":"<h2>K\u00e4tev\u00e4 ty\u00f6kalu linnakeitti\u00f6iden puhdistamiseen<\/h2>\n<p>K\u00e4tev\u00e4 ty\u00f6kalu, kun haluat pest\u00e4 ja puhdistaa kanttiiniputken sis\u00e4puolen. Vanha linnunruoka voi homehtua, joten ruokakuppi on hyv\u00e4 puhdistaa s\u00e4\u00e4nn\u00f6llisesti. K\u00e4tev\u00e4 pit\u00e4\u00e4 k\u00e4dess\u00e4. Helppo k\u00e4ytt\u00e4\u00e4   <\/p>\n<h2>T\u00e4rkeimm\u00e4t ominaisuudet:<\/h2>\n<p><b>Materiaali:<\/b> ruostumaton ter\u00e4s, saarni puukahva, PP.<\/p>\n<p><b>Mitat: <\/b>L 4,7 x L 4,7 x K 58 cm.<\/p>\n<p><b>Paino: <\/b>52 g<\/p>\n<p>&nbsp;<\/p>\n<p><a href=\"https:\/\/rodoaed.ee\/fi\/tootekategooria\/linnaillalliset-ja-linnan-ravintolat\/\">aloita<\/a><\/p>\n","protected":false},"excerpt":{"rendered":"<p>K\u00e4tev\u00e4 ty\u00f6kalu linnakeitti\u00f6iden puhdistamiseen K\u00e4tev\u00e4 ty\u00f6kalu, kun haluat pest\u00e4 ja puhdistaa kanttiiniputken sis\u00e4puolen. Vanha linnunruoka voi homehtua, joten ruokakuppi on hyv\u00e4 puhdistaa s\u00e4\u00e4nn\u00f6llisesti. K\u00e4tev\u00e4 pit\u00e4\u00e4 k\u00e4dess\u00e4. Helppo k\u00e4ytt\u00e4\u00e4 T\u00e4rkeimm\u00e4t ominaisuudet: Materiaali: ruostumaton ter\u00e4s, saarni puukahva, PP. Mitat: L 4,7 x L 4,7 x K 58 cm. Paino: 52 g &nbsp; aloita<\/p>\n","protected":false},"featured_media":39996,"template":"","meta":{"_acf_changed":false},"product_brand":[],"product_cat":[1852,1954,1883],"product_tag":[],"class_list":{"0":"post-52892","1":"product","2":"type-product","3":"status-publish","4":"has-post-thumbnail","6":"product_cat-lintujen-tarvikkeet","7":"product_cat-ring-pull-linnan-ravintolat","8":"product_cat-ruokailu-linnassa","9":"product_shipping_class-toimitus-1-3-tyopaivan-kuluessa","10":"pa_variatsioon-20-dining-house-latern-1l","12":"first","13":"instock","14":"taxable","15":"shipping-taxable","16":"purchasable","17":"product-type-simple"},"acf":[],"yoast_head":"<!-- This site is optimized with the Yoast SEO Premium plugin v27.3 (Yoast SEO v27.3) - https:\/\/yoast.com\/product\/yoast-seo-premium-wordpress\/ -->\n<title>Puhdistusharja lintujen ruokintapaikkaa varten - Rodoaed<\/title>\n<meta name=\"robots\" content=\"index, follow, max-snippet:-1, max-image-preview:large, max-video-preview:-1\" \/>\n<link rel=\"canonical\" href=\"https:\/\/rodoaed.ee\/fi\/toode\/puhdistusharja-lintujen-ruokintapaikkaa-varten\/\" \/>\n<meta property=\"og:locale\" content=\"fi_FI\" \/>\n<meta property=\"og:type\" content=\"article\" \/>\n<meta property=\"og:title\" content=\"Puhdistusharja lintujen ruokintapaikkaa varten\" \/>\n<meta property=\"og:description\" content=\"K\u00e4tev\u00e4 ty\u00f6kalu linnakeitti\u00f6iden puhdistamiseen K\u00e4tev\u00e4 ty\u00f6kalu, kun haluat pest\u00e4 ja puhdistaa kanttiiniputken sis\u00e4puolen. Vanha linnunruoka voi homehtua,\" \/>\n<meta property=\"og:url\" content=\"https:\/\/rodoaed.ee\/fi\/toode\/puhdistusharja-lintujen-ruokintapaikkaa-varten\/\" \/>\n<meta property=\"og:site_name\" content=\"Rodoaed\" \/>\n<meta property=\"article:publisher\" content=\"https:\/\/www.facebook.com\/kasvuhooned\/\" \/>\n<meta property=\"article:modified_time\" content=\"2026-04-13T07:56:46+00:00\" \/>\n<meta property=\"og:image\" content=\"https:\/\/rodoaed.ee\/wp-content\/uploads\/2022\/01\/soogimaja-puhastushari_FB528_01.png\" \/>\n\t<meta property=\"og:image:width\" content=\"1240\" \/>\n\t<meta property=\"og:image:height\" content=\"1240\" \/>\n\t<meta property=\"og:image:type\" content=\"image\/png\" \/>\n<meta name=\"twitter:card\" content=\"summary_large_image\" \/>\n<script type=\"application\/ld+json\" class=\"yoast-schema-graph\">{\"@context\":\"https:\\\/\\\/schema.org\",\"@graph\":[{\"@type\":\"WebPage\",\"@id\":\"https:\\\/\\\/rodoaed.ee\\\/fi\\\/toode\\\/puhdistusharja-lintujen-ruokintapaikkaa-varten\\\/\",\"url\":\"https:\\\/\\\/rodoaed.ee\\\/fi\\\/toode\\\/puhdistusharja-lintujen-ruokintapaikkaa-varten\\\/\",\"name\":\"Puhdistusharja lintujen ruokintapaikkaa varten - Rodoaed\",\"isPartOf\":{\"@id\":\"https:\\\/\\\/rodoaed.ee\\\/#website\"},\"primaryImageOfPage\":{\"@id\":\"https:\\\/\\\/rodoaed.ee\\\/fi\\\/toode\\\/puhdistusharja-lintujen-ruokintapaikkaa-varten\\\/#primaryimage\"},\"image\":{\"@id\":\"https:\\\/\\\/rodoaed.ee\\\/fi\\\/toode\\\/puhdistusharja-lintujen-ruokintapaikkaa-varten\\\/#primaryimage\"},\"thumbnailUrl\":\"https:\\\/\\\/rodoaed.ee\\\/wp-content\\\/uploads\\\/2022\\\/01\\\/soogimaja-puhastushari_FB528_01.png\",\"datePublished\":\"2022-01-18T18:06:08+00:00\",\"dateModified\":\"2026-04-13T07:56:46+00:00\",\"breadcrumb\":{\"@id\":\"https:\\\/\\\/rodoaed.ee\\\/fi\\\/toode\\\/puhdistusharja-lintujen-ruokintapaikkaa-varten\\\/#breadcrumb\"},\"inLanguage\":\"fi\",\"potentialAction\":[{\"@type\":\"ReadAction\",\"target\":[\"https:\\\/\\\/rodoaed.ee\\\/fi\\\/toode\\\/puhdistusharja-lintujen-ruokintapaikkaa-varten\\\/\"]}]},{\"@type\":\"ImageObject\",\"inLanguage\":\"fi\",\"@id\":\"https:\\\/\\\/rodoaed.ee\\\/fi\\\/toode\\\/puhdistusharja-lintujen-ruokintapaikkaa-varten\\\/#primaryimage\",\"url\":\"https:\\\/\\\/rodoaed.ee\\\/wp-content\\\/uploads\\\/2022\\\/01\\\/soogimaja-puhastushari_FB528_01.png\",\"contentUrl\":\"https:\\\/\\\/rodoaed.ee\\\/wp-content\\\/uploads\\\/2022\\\/01\\\/soogimaja-puhastushari_FB528_01.png\",\"width\":1240,\"height\":1240},{\"@type\":\"BreadcrumbList\",\"@id\":\"https:\\\/\\\/rodoaed.ee\\\/fi\\\/toode\\\/puhdistusharja-lintujen-ruokintapaikkaa-varten\\\/#breadcrumb\",\"itemListElement\":[{\"@type\":\"ListItem\",\"position\":1,\"name\":\"Home\",\"item\":\"https:\\\/\\\/rodoaed.ee\\\/fi\\\/\"},{\"@type\":\"ListItem\",\"position\":2,\"name\":\"Osta osoitteessa\",\"item\":\"https:\\\/\\\/rodoaed.ee\\\/osta-osoitteessa\\\/\"},{\"@type\":\"ListItem\",\"position\":3,\"name\":\"Puhdistusharja lintujen ruokintapaikkaa varten\"}]},{\"@type\":\"WebSite\",\"@id\":\"https:\\\/\\\/rodoaed.ee\\\/#website\",\"url\":\"https:\\\/\\\/rodoaed.ee\\\/\",\"name\":\"Rodoaed\",\"description\":\"\",\"publisher\":{\"@id\":\"https:\\\/\\\/rodoaed.ee\\\/#organization\"},\"potentialAction\":[{\"@type\":\"SearchAction\",\"target\":{\"@type\":\"EntryPoint\",\"urlTemplate\":\"https:\\\/\\\/rodoaed.ee\\\/?s={search_term_string}\"},\"query-input\":{\"@type\":\"PropertyValueSpecification\",\"valueRequired\":true,\"valueName\":\"search_term_string\"}}],\"inLanguage\":\"fi\"},{\"@type\":\"Organization\",\"@id\":\"https:\\\/\\\/rodoaed.ee\\\/#organization\",\"name\":\"Rodoaed\",\"url\":\"https:\\\/\\\/rodoaed.ee\\\/\",\"logo\":{\"@type\":\"ImageObject\",\"inLanguage\":\"fi\",\"@id\":\"https:\\\/\\\/rodoaed.ee\\\/#\\\/schema\\\/logo\\\/image\\\/\",\"url\":\"https:\\\/\\\/rodoaed.ee\\\/wp-content\\\/uploads\\\/2019\\\/11\\\/rodoaed-logo-ilma-taustata.jpg\",\"contentUrl\":\"https:\\\/\\\/rodoaed.ee\\\/wp-content\\\/uploads\\\/2019\\\/11\\\/rodoaed-logo-ilma-taustata.jpg\",\"width\":769,\"height\":268,\"caption\":\"Rodoaed\"},\"image\":{\"@id\":\"https:\\\/\\\/rodoaed.ee\\\/#\\\/schema\\\/logo\\\/image\\\/\"},\"sameAs\":[\"https:\\\/\\\/www.facebook.com\\\/kasvuhooned\\\/\",\"https:\\\/\\\/rodoaed.ee\"]}]}<\/script>\n<!-- \/ Yoast SEO Premium plugin. -->","yoast_head_json":{"title":"Puhdistusharja lintujen ruokintapaikkaa varten - Rodoaed","robots":{"index":"index","follow":"follow","max-snippet":"max-snippet:-1","max-image-preview":"max-image-preview:large","max-video-preview":"max-video-preview:-1"},"canonical":"https:\/\/rodoaed.ee\/fi\/toode\/puhdistusharja-lintujen-ruokintapaikkaa-varten\/","og_locale":"fi_FI","og_type":"article","og_title":"Puhdistusharja lintujen ruokintapaikkaa varten","og_description":"K\u00e4tev\u00e4 ty\u00f6kalu linnakeitti\u00f6iden puhdistamiseen K\u00e4tev\u00e4 ty\u00f6kalu, kun haluat pest\u00e4 ja puhdistaa kanttiiniputken sis\u00e4puolen. Vanha linnunruoka voi homehtua,","og_url":"https:\/\/rodoaed.ee\/fi\/toode\/puhdistusharja-lintujen-ruokintapaikkaa-varten\/","og_site_name":"Rodoaed","article_publisher":"https:\/\/www.facebook.com\/kasvuhooned\/","article_modified_time":"2026-04-13T07:56:46+00:00","og_image":[{"width":1240,"height":1240,"url":"https:\/\/rodoaed.ee\/wp-content\/uploads\/2022\/01\/soogimaja-puhastushari_FB528_01.png","type":"image\/png"}],"twitter_card":"summary_large_image","schema":{"@context":"https:\/\/schema.org","@graph":[{"@type":"WebPage","@id":"https:\/\/rodoaed.ee\/fi\/toode\/puhdistusharja-lintujen-ruokintapaikkaa-varten\/","url":"https:\/\/rodoaed.ee\/fi\/toode\/puhdistusharja-lintujen-ruokintapaikkaa-varten\/","name":"Puhdistusharja lintujen ruokintapaikkaa varten - Rodoaed","isPartOf":{"@id":"https:\/\/rodoaed.ee\/#website"},"primaryImageOfPage":{"@id":"https:\/\/rodoaed.ee\/fi\/toode\/puhdistusharja-lintujen-ruokintapaikkaa-varten\/#primaryimage"},"image":{"@id":"https:\/\/rodoaed.ee\/fi\/toode\/puhdistusharja-lintujen-ruokintapaikkaa-varten\/#primaryimage"},"thumbnailUrl":"https:\/\/rodoaed.ee\/wp-content\/uploads\/2022\/01\/soogimaja-puhastushari_FB528_01.png","datePublished":"2022-01-18T18:06:08+00:00","dateModified":"2026-04-13T07:56:46+00:00","breadcrumb":{"@id":"https:\/\/rodoaed.ee\/fi\/toode\/puhdistusharja-lintujen-ruokintapaikkaa-varten\/#breadcrumb"},"inLanguage":"fi","potentialAction":[{"@type":"ReadAction","target":["https:\/\/rodoaed.ee\/fi\/toode\/puhdistusharja-lintujen-ruokintapaikkaa-varten\/"]}]},{"@type":"ImageObject","inLanguage":"fi","@id":"https:\/\/rodoaed.ee\/fi\/toode\/puhdistusharja-lintujen-ruokintapaikkaa-varten\/#primaryimage","url":"https:\/\/rodoaed.ee\/wp-content\/uploads\/2022\/01\/soogimaja-puhastushari_FB528_01.png","contentUrl":"https:\/\/rodoaed.ee\/wp-content\/uploads\/2022\/01\/soogimaja-puhastushari_FB528_01.png","width":1240,"height":1240},{"@type":"BreadcrumbList","@id":"https:\/\/rodoaed.ee\/fi\/toode\/puhdistusharja-lintujen-ruokintapaikkaa-varten\/#breadcrumb","itemListElement":[{"@type":"ListItem","position":1,"name":"Home","item":"https:\/\/rodoaed.ee\/fi\/"},{"@type":"ListItem","position":2,"name":"Osta osoitteessa","item":"https:\/\/rodoaed.ee\/osta-osoitteessa\/"},{"@type":"ListItem","position":3,"name":"Puhdistusharja lintujen ruokintapaikkaa varten"}]},{"@type":"WebSite","@id":"https:\/\/rodoaed.ee\/#website","url":"https:\/\/rodoaed.ee\/","name":"Rodoaed","description":"","publisher":{"@id":"https:\/\/rodoaed.ee\/#organization"},"potentialAction":[{"@type":"SearchAction","target":{"@type":"EntryPoint","urlTemplate":"https:\/\/rodoaed.ee\/?s={search_term_string}"},"query-input":{"@type":"PropertyValueSpecification","valueRequired":true,"valueName":"search_term_string"}}],"inLanguage":"fi"},{"@type":"Organization","@id":"https:\/\/rodoaed.ee\/#organization","name":"Rodoaed","url":"https:\/\/rodoaed.ee\/","logo":{"@type":"ImageObject","inLanguage":"fi","@id":"https:\/\/rodoaed.ee\/#\/schema\/logo\/image\/","url":"https:\/\/rodoaed.ee\/wp-content\/uploads\/2019\/11\/rodoaed-logo-ilma-taustata.jpg","contentUrl":"https:\/\/rodoaed.ee\/wp-content\/uploads\/2019\/11\/rodoaed-logo-ilma-taustata.jpg","width":769,"height":268,"caption":"Rodoaed"},"image":{"@id":"https:\/\/rodoaed.ee\/#\/schema\/logo\/image\/"},"sameAs":["https:\/\/www.facebook.com\/kasvuhooned\/","https:\/\/rodoaed.ee"]}]}},"_links":{"self":[{"href":"https:\/\/rodoaed.ee\/fi\/wp-json\/wp\/v2\/product\/52892","targetHints":{"allow":["GET"]}}],"collection":[{"href":"https:\/\/rodoaed.ee\/fi\/wp-json\/wp\/v2\/product"}],"about":[{"href":"https:\/\/rodoaed.ee\/fi\/wp-json\/wp\/v2\/types\/product"}],"wp:featuredmedia":[{"embeddable":true,"href":"https:\/\/rodoaed.ee\/fi\/wp-json\/wp\/v2\/media\/39996"}],"wp:attachment":[{"href":"https:\/\/rodoaed.ee\/fi\/wp-json\/wp\/v2\/media?parent=52892"}],"wp:term":[{"taxonomy":"product_brand","embeddable":true,"href":"https:\/\/rodoaed.ee\/fi\/wp-json\/wp\/v2\/product_brand?post=52892"},{"taxonomy":"product_cat","embeddable":true,"href":"https:\/\/rodoaed.ee\/fi\/wp-json\/wp\/v2\/product_cat?post=52892"},{"taxonomy":"product_tag","embeddable":true,"href":"https:\/\/rodoaed.ee\/fi\/wp-json\/wp\/v2\/product_tag?post=52892"}],"curies":[{"name":"wp","href":"https:\/\/api.w.org\/{rel}","templated":true}]}}