{"id":52895,"date":"2022-01-18T20:15:15","date_gmt":"2022-01-18T18:15:15","guid":{"rendered":"https:\/\/rodoaed.ee\/toode\/hyonteishotelli-yksittaiset-6-eri-kokoa-valittavana\/"},"modified":"2026-04-13T10:56:48","modified_gmt":"2026-04-13T07:56:48","slug":"hyonteishotelli-yksittaiset-6-eri-kokoa-valittavana","status":"publish","type":"product","link":"https:\/\/rodoaed.ee\/fi\/tuote\/hyonteishotelli-yksittaiset-6-eri-kokoa-valittavana\/","title":{"rendered":"Hy\u00f6nteishotelli Yksitt\u00e4iset &#8211; 6 eri kokoa valittavana"},"content":{"rendered":"<h2>Hy\u00f6nteiskotelon yksitt\u00e4iset elementit &#8211; 6kpl eri reik\u00e4kokoja<\/h2>\n<p>Voit koota n\u00e4m\u00e4 yksitt\u00e4iset moduulit yhteen akuksi tai asentaa ne yksitellen sein\u00e4lle. Jokaisen moduulin takap\u00e4\u00e4ss\u00e4 on kiinnitys ruuville tai naulalle. Voit kuitenkin koota ne suuremmissa eriss\u00e4 yhteen isompaan kehykseen tai liimata ne yhteen vaunuksi ja ripustaa ne kaikki kerralla.  <\/p>\n<p><strong>Putkimaiset ontelot on suunniteltu kilpikonnille ja mehil\u00e4isille.<\/strong><\/p>\n<h2>T\u00e4rkeimm\u00e4t ominaisuudet<\/h2>\n<p>Materiaali: py\u00f6kki<\/p>\n<p>Mitat: pituus 10 cm<\/p>\n<p>Paino: 6x 38 g<\/p>\n<div class=\"icon-link icon-link--left font-weight-normal mt-4\"><\/div>\n","protected":false},"excerpt":{"rendered":"<p>Hy\u00f6nteiskotelon yksitt\u00e4iset elementit &#8211; 6kpl eri reik\u00e4kokoja Voit koota n\u00e4m\u00e4 yksitt\u00e4iset moduulit yhteen akuksi tai asentaa ne yksitellen sein\u00e4lle. Jokaisen moduulin takap\u00e4\u00e4ss\u00e4 on kiinnitys ruuville tai naulalle. Voit kuitenkin koota ne suuremmissa eriss\u00e4 yhteen isompaan kehykseen tai liimata ne yhteen vaunuksi ja ripustaa ne kaikki kerralla. Putkimaiset ontelot on suunniteltu kilpikonnille ja mehil\u00e4isille. T\u00e4rkeimm\u00e4t ominaisuudet Materiaali: py\u00f6kki Mitat: pituus 10 cm Paino: 6x 38 g<\/p>\n","protected":false},"featured_media":40003,"template":"","meta":{"_acf_changed":false},"product_brand":[],"product_cat":[1854,1878,1743],"product_tag":[],"class_list":{"0":"post-52895","1":"product","2":"type-product","3":"status-publish","4":"has-post-thumbnail","6":"product_cat-hyonteishotellit","7":"product_cat-kilettimaiset-majat","8":"product_cat-lisalahjat-lahjat","9":"product_shipping_class-toimitus-1-3-tyopaivan-kuluessa","10":"pa_variatsioon-puinen-traktori","12":"first","13":"instock","14":"taxable","15":"shipping-taxable","16":"purchasable","17":"product-type-simple"},"acf":[],"yoast_head":"<!-- This site is optimized with the Yoast SEO Premium plugin v27.3 (Yoast SEO v27.3) - https:\/\/yoast.com\/product\/yoast-seo-premium-wordpress\/ -->\n<title>Hy\u00f6nteishotelli Yksitt\u00e4iset - 6 eri kokoa valittavana - Rodoaed<\/title>\n<meta name=\"robots\" content=\"index, follow, max-snippet:-1, max-image-preview:large, max-video-preview:-1\" \/>\n<link rel=\"canonical\" href=\"https:\/\/rodoaed.ee\/fi\/toode\/hyonteishotelli-yksittaiset-6-eri-kokoa-valittavana\/\" \/>\n<meta property=\"og:locale\" content=\"fi_FI\" \/>\n<meta property=\"og:type\" content=\"article\" \/>\n<meta property=\"og:title\" content=\"Hy\u00f6nteishotelli Yksitt\u00e4iset - 6 eri kokoa valittavana\" \/>\n<meta property=\"og:description\" content=\"Hy\u00f6nteiskotelon yksitt\u00e4iset elementit - 6kpl eri reik\u00e4kokoja Voit koota n\u00e4m\u00e4 yksitt\u00e4iset moduulit yhteen akuksi tai asentaa ne yksitellen sein\u00e4lle.\" \/>\n<meta property=\"og:url\" content=\"https:\/\/rodoaed.ee\/fi\/toode\/hyonteishotelli-yksittaiset-6-eri-kokoa-valittavana\/\" \/>\n<meta property=\"og:site_name\" content=\"Rodoaed\" \/>\n<meta property=\"article:publisher\" content=\"https:\/\/www.facebook.com\/kasvuhooned\/\" \/>\n<meta property=\"article:modified_time\" content=\"2026-04-13T07:56:48+00:00\" \/>\n<meta property=\"og:image\" content=\"https:\/\/rodoaed.ee\/wp-content\/uploads\/2022\/01\/putukahotell_WA60_01.png\" \/>\n\t<meta property=\"og:image:width\" content=\"1240\" \/>\n\t<meta property=\"og:image:height\" content=\"1240\" \/>\n\t<meta property=\"og:image:type\" content=\"image\/png\" \/>\n<meta name=\"twitter:card\" content=\"summary_large_image\" \/>\n<script type=\"application\/ld+json\" class=\"yoast-schema-graph\">{\"@context\":\"https:\\\/\\\/schema.org\",\"@graph\":[{\"@type\":\"WebPage\",\"@id\":\"https:\\\/\\\/rodoaed.ee\\\/fi\\\/toode\\\/hyonteishotelli-yksittaiset-6-eri-kokoa-valittavana\\\/\",\"url\":\"https:\\\/\\\/rodoaed.ee\\\/fi\\\/toode\\\/hyonteishotelli-yksittaiset-6-eri-kokoa-valittavana\\\/\",\"name\":\"Hy\u00f6nteishotelli Yksitt\u00e4iset - 6 eri kokoa valittavana - Rodoaed\",\"isPartOf\":{\"@id\":\"https:\\\/\\\/rodoaed.ee\\\/#website\"},\"primaryImageOfPage\":{\"@id\":\"https:\\\/\\\/rodoaed.ee\\\/fi\\\/toode\\\/hyonteishotelli-yksittaiset-6-eri-kokoa-valittavana\\\/#primaryimage\"},\"image\":{\"@id\":\"https:\\\/\\\/rodoaed.ee\\\/fi\\\/toode\\\/hyonteishotelli-yksittaiset-6-eri-kokoa-valittavana\\\/#primaryimage\"},\"thumbnailUrl\":\"https:\\\/\\\/rodoaed.ee\\\/wp-content\\\/uploads\\\/2022\\\/01\\\/putukahotell_WA60_01.png\",\"datePublished\":\"2022-01-18T18:15:15+00:00\",\"dateModified\":\"2026-04-13T07:56:48+00:00\",\"breadcrumb\":{\"@id\":\"https:\\\/\\\/rodoaed.ee\\\/fi\\\/toode\\\/hyonteishotelli-yksittaiset-6-eri-kokoa-valittavana\\\/#breadcrumb\"},\"inLanguage\":\"fi\",\"potentialAction\":[{\"@type\":\"ReadAction\",\"target\":[\"https:\\\/\\\/rodoaed.ee\\\/fi\\\/toode\\\/hyonteishotelli-yksittaiset-6-eri-kokoa-valittavana\\\/\"]}]},{\"@type\":\"ImageObject\",\"inLanguage\":\"fi\",\"@id\":\"https:\\\/\\\/rodoaed.ee\\\/fi\\\/toode\\\/hyonteishotelli-yksittaiset-6-eri-kokoa-valittavana\\\/#primaryimage\",\"url\":\"https:\\\/\\\/rodoaed.ee\\\/wp-content\\\/uploads\\\/2022\\\/01\\\/putukahotell_WA60_01.png\",\"contentUrl\":\"https:\\\/\\\/rodoaed.ee\\\/wp-content\\\/uploads\\\/2022\\\/01\\\/putukahotell_WA60_01.png\",\"width\":1240,\"height\":1240},{\"@type\":\"BreadcrumbList\",\"@id\":\"https:\\\/\\\/rodoaed.ee\\\/fi\\\/toode\\\/hyonteishotelli-yksittaiset-6-eri-kokoa-valittavana\\\/#breadcrumb\",\"itemListElement\":[{\"@type\":\"ListItem\",\"position\":1,\"name\":\"Home\",\"item\":\"https:\\\/\\\/rodoaed.ee\\\/fi\\\/\"},{\"@type\":\"ListItem\",\"position\":2,\"name\":\"Osta osoitteessa\",\"item\":\"https:\\\/\\\/rodoaed.ee\\\/osta-osoitteessa\\\/\"},{\"@type\":\"ListItem\",\"position\":3,\"name\":\"Hy\u00f6nteishotelli Yksitt\u00e4iset &#8211; 6 eri kokoa valittavana\"}]},{\"@type\":\"WebSite\",\"@id\":\"https:\\\/\\\/rodoaed.ee\\\/#website\",\"url\":\"https:\\\/\\\/rodoaed.ee\\\/\",\"name\":\"Rodoaed\",\"description\":\"\",\"publisher\":{\"@id\":\"https:\\\/\\\/rodoaed.ee\\\/#organization\"},\"potentialAction\":[{\"@type\":\"SearchAction\",\"target\":{\"@type\":\"EntryPoint\",\"urlTemplate\":\"https:\\\/\\\/rodoaed.ee\\\/?s={search_term_string}\"},\"query-input\":{\"@type\":\"PropertyValueSpecification\",\"valueRequired\":true,\"valueName\":\"search_term_string\"}}],\"inLanguage\":\"fi\"},{\"@type\":\"Organization\",\"@id\":\"https:\\\/\\\/rodoaed.ee\\\/#organization\",\"name\":\"Rodoaed\",\"url\":\"https:\\\/\\\/rodoaed.ee\\\/\",\"logo\":{\"@type\":\"ImageObject\",\"inLanguage\":\"fi\",\"@id\":\"https:\\\/\\\/rodoaed.ee\\\/#\\\/schema\\\/logo\\\/image\\\/\",\"url\":\"https:\\\/\\\/rodoaed.ee\\\/wp-content\\\/uploads\\\/2019\\\/11\\\/rodoaed-logo-ilma-taustata.jpg\",\"contentUrl\":\"https:\\\/\\\/rodoaed.ee\\\/wp-content\\\/uploads\\\/2019\\\/11\\\/rodoaed-logo-ilma-taustata.jpg\",\"width\":769,\"height\":268,\"caption\":\"Rodoaed\"},\"image\":{\"@id\":\"https:\\\/\\\/rodoaed.ee\\\/#\\\/schema\\\/logo\\\/image\\\/\"},\"sameAs\":[\"https:\\\/\\\/www.facebook.com\\\/kasvuhooned\\\/\",\"https:\\\/\\\/rodoaed.ee\"]}]}<\/script>\n<!-- \/ Yoast SEO Premium plugin. -->","yoast_head_json":{"title":"Hy\u00f6nteishotelli Yksitt\u00e4iset - 6 eri kokoa valittavana - Rodoaed","robots":{"index":"index","follow":"follow","max-snippet":"max-snippet:-1","max-image-preview":"max-image-preview:large","max-video-preview":"max-video-preview:-1"},"canonical":"https:\/\/rodoaed.ee\/fi\/toode\/hyonteishotelli-yksittaiset-6-eri-kokoa-valittavana\/","og_locale":"fi_FI","og_type":"article","og_title":"Hy\u00f6nteishotelli Yksitt\u00e4iset - 6 eri kokoa valittavana","og_description":"Hy\u00f6nteiskotelon yksitt\u00e4iset elementit - 6kpl eri reik\u00e4kokoja Voit koota n\u00e4m\u00e4 yksitt\u00e4iset moduulit yhteen akuksi tai asentaa ne yksitellen sein\u00e4lle.","og_url":"https:\/\/rodoaed.ee\/fi\/toode\/hyonteishotelli-yksittaiset-6-eri-kokoa-valittavana\/","og_site_name":"Rodoaed","article_publisher":"https:\/\/www.facebook.com\/kasvuhooned\/","article_modified_time":"2026-04-13T07:56:48+00:00","og_image":[{"width":1240,"height":1240,"url":"https:\/\/rodoaed.ee\/wp-content\/uploads\/2022\/01\/putukahotell_WA60_01.png","type":"image\/png"}],"twitter_card":"summary_large_image","schema":{"@context":"https:\/\/schema.org","@graph":[{"@type":"WebPage","@id":"https:\/\/rodoaed.ee\/fi\/toode\/hyonteishotelli-yksittaiset-6-eri-kokoa-valittavana\/","url":"https:\/\/rodoaed.ee\/fi\/toode\/hyonteishotelli-yksittaiset-6-eri-kokoa-valittavana\/","name":"Hy\u00f6nteishotelli Yksitt\u00e4iset - 6 eri kokoa valittavana - Rodoaed","isPartOf":{"@id":"https:\/\/rodoaed.ee\/#website"},"primaryImageOfPage":{"@id":"https:\/\/rodoaed.ee\/fi\/toode\/hyonteishotelli-yksittaiset-6-eri-kokoa-valittavana\/#primaryimage"},"image":{"@id":"https:\/\/rodoaed.ee\/fi\/toode\/hyonteishotelli-yksittaiset-6-eri-kokoa-valittavana\/#primaryimage"},"thumbnailUrl":"https:\/\/rodoaed.ee\/wp-content\/uploads\/2022\/01\/putukahotell_WA60_01.png","datePublished":"2022-01-18T18:15:15+00:00","dateModified":"2026-04-13T07:56:48+00:00","breadcrumb":{"@id":"https:\/\/rodoaed.ee\/fi\/toode\/hyonteishotelli-yksittaiset-6-eri-kokoa-valittavana\/#breadcrumb"},"inLanguage":"fi","potentialAction":[{"@type":"ReadAction","target":["https:\/\/rodoaed.ee\/fi\/toode\/hyonteishotelli-yksittaiset-6-eri-kokoa-valittavana\/"]}]},{"@type":"ImageObject","inLanguage":"fi","@id":"https:\/\/rodoaed.ee\/fi\/toode\/hyonteishotelli-yksittaiset-6-eri-kokoa-valittavana\/#primaryimage","url":"https:\/\/rodoaed.ee\/wp-content\/uploads\/2022\/01\/putukahotell_WA60_01.png","contentUrl":"https:\/\/rodoaed.ee\/wp-content\/uploads\/2022\/01\/putukahotell_WA60_01.png","width":1240,"height":1240},{"@type":"BreadcrumbList","@id":"https:\/\/rodoaed.ee\/fi\/toode\/hyonteishotelli-yksittaiset-6-eri-kokoa-valittavana\/#breadcrumb","itemListElement":[{"@type":"ListItem","position":1,"name":"Home","item":"https:\/\/rodoaed.ee\/fi\/"},{"@type":"ListItem","position":2,"name":"Osta osoitteessa","item":"https:\/\/rodoaed.ee\/osta-osoitteessa\/"},{"@type":"ListItem","position":3,"name":"Hy\u00f6nteishotelli Yksitt\u00e4iset &#8211; 6 eri kokoa valittavana"}]},{"@type":"WebSite","@id":"https:\/\/rodoaed.ee\/#website","url":"https:\/\/rodoaed.ee\/","name":"Rodoaed","description":"","publisher":{"@id":"https:\/\/rodoaed.ee\/#organization"},"potentialAction":[{"@type":"SearchAction","target":{"@type":"EntryPoint","urlTemplate":"https:\/\/rodoaed.ee\/?s={search_term_string}"},"query-input":{"@type":"PropertyValueSpecification","valueRequired":true,"valueName":"search_term_string"}}],"inLanguage":"fi"},{"@type":"Organization","@id":"https:\/\/rodoaed.ee\/#organization","name":"Rodoaed","url":"https:\/\/rodoaed.ee\/","logo":{"@type":"ImageObject","inLanguage":"fi","@id":"https:\/\/rodoaed.ee\/#\/schema\/logo\/image\/","url":"https:\/\/rodoaed.ee\/wp-content\/uploads\/2019\/11\/rodoaed-logo-ilma-taustata.jpg","contentUrl":"https:\/\/rodoaed.ee\/wp-content\/uploads\/2019\/11\/rodoaed-logo-ilma-taustata.jpg","width":769,"height":268,"caption":"Rodoaed"},"image":{"@id":"https:\/\/rodoaed.ee\/#\/schema\/logo\/image\/"},"sameAs":["https:\/\/www.facebook.com\/kasvuhooned\/","https:\/\/rodoaed.ee"]}]}},"_links":{"self":[{"href":"https:\/\/rodoaed.ee\/fi\/wp-json\/wp\/v2\/product\/52895","targetHints":{"allow":["GET"]}}],"collection":[{"href":"https:\/\/rodoaed.ee\/fi\/wp-json\/wp\/v2\/product"}],"about":[{"href":"https:\/\/rodoaed.ee\/fi\/wp-json\/wp\/v2\/types\/product"}],"wp:featuredmedia":[{"embeddable":true,"href":"https:\/\/rodoaed.ee\/fi\/wp-json\/wp\/v2\/media\/40003"}],"wp:attachment":[{"href":"https:\/\/rodoaed.ee\/fi\/wp-json\/wp\/v2\/media?parent=52895"}],"wp:term":[{"taxonomy":"product_brand","embeddable":true,"href":"https:\/\/rodoaed.ee\/fi\/wp-json\/wp\/v2\/product_brand?post=52895"},{"taxonomy":"product_cat","embeddable":true,"href":"https:\/\/rodoaed.ee\/fi\/wp-json\/wp\/v2\/product_cat?post=52895"},{"taxonomy":"product_tag","embeddable":true,"href":"https:\/\/rodoaed.ee\/fi\/wp-json\/wp\/v2\/product_tag?post=52895"}],"curies":[{"name":"wp","href":"https:\/\/api.w.org\/{rel}","templated":true}]}}