{"id":52896,"date":"2022-01-19T10:45:23","date_gmt":"2022-01-19T08:45:23","guid":{"rendered":"https:\/\/rodoaed.ee\/toode\/miniluola-boqube-l-plus-antrasiitti-kesanvihrea-41x17x23cm\/"},"modified":"2026-04-13T10:56:52","modified_gmt":"2026-04-13T07:56:52","slug":"miniluola-boqube-l-plus-antrasiitti-kesanvihrea-41x17x23cm","status":"publish","type":"product","link":"https:\/\/rodoaed.ee\/fi\/tuote\/miniluola-boqube-l-plus-antrasiitti-kesanvihrea-41x17x23cm\/","title":{"rendered":"Miniluola BOQUBE L Plus, antrasiitti-kes\u00e4nvihre\u00e4 41x17x23cm"},"content":{"rendered":"<h3>BOQUBE L PLUS minikasvihuone<\/h3>\n<p><strong>Sopii siististi ikkunalaudalle, ja se on erinomainen tapa id\u00e4tt\u00e4\u00e4 siemeni\u00e4 ja kasvattaa kasveja.<\/strong><\/p>\n<p>Esikasvatus on poikkeuksellisen mukavaa ilmastoidussa minikasvihuoneessa. Voit kylv\u00e4\u00e4 mit\u00e4 tahansa siemeni\u00e4 &#8211; tomaatteja, paprikoita tai basilikaa &#8211; ja kaikki kasvavat hienosti. <\/p>\n<p>Innovatiivinen kaksi-in-one-j\u00e4rjestelm\u00e4, jossa on kastelu ja ilmanvaihto minikasvihuoneeseen. Minikasvihuoneen pohjassa on 10 istutusalustojen kaivoa, joihin voit kylv\u00e4\u00e4 suoraan siemeni\u00e4 ja istuttaa ne sitten juuripallon avulla. Voit k\u00e4tev\u00e4sti kastella kasvit suoraan kaivosta pohjaan.  <\/p>\n<p>Kun kasvit ovat tarpeeksi vahvoja, voit istuttaa ne juuripallon kanssa ja muuttaa minikasvihuoneen hetkess\u00e4 kauniiksi astiaksi. Sinun tarvitsee vain laittaa l\u00e4pin\u00e4kyv\u00e4 kansi p\u00e4\u00e4lle ja irrottaa lokero pohjasta. Nyt voit t\u00e4ytt\u00e4\u00e4 astian kasvualustalla ja istuttaa kasvit sis\u00e4lle. K\u00e4yt\u00e4 sit\u00e4 esimerkiksi parvekkeen istutusastiana tai kasvata yrttej\u00e4 keitti\u00f6n p\u00f6yd\u00e4ll\u00e4. Eritt\u00e4in kaunis muotoilu.    <\/p>\n<h4>Tekniset tiedot<\/h4>\n<ul>\n<li>Eritt\u00e4in vahva elintarvikelaatuinen materiaali<\/li>\n<li>L\u00e4pin\u00e4kyv\u00e4 kansi, jossa on tuuletusaukot<\/li>\n<li>V\u00e4ri: tummanharmaa pohja, jossa vihre\u00e4 reunus<\/li>\n<li>Mitat: 41 x 17 x 23 cm<\/li>\n<li>10 paikkaa kasvialustalle tai tilaa kymmenelle kasville.<\/li>\n<li>Mukana tulee my\u00f6s kasvileikkuri ja poimintapuikko.<\/li>\n<\/ul>\n<div><a href=\"https:\/\/rodoaed.ee\/fi\/\">kotisivu<\/a> <a href=\"https:\/\/rodoaed.ee\/tootekategooria\/kasvuhooned-ja-talveaiad\/\">k\u00e4ynnist\u00e4<\/a> <a href=\"https:\/\/rodoaed.ee\/fi\/tootekategooria\/kasvihuoneen-tarvikkeet\/\">tarvikkeet<\/a> <a href=\"https:\/\/rodoaed.ee\/tootekategooria\/kasvihuoneen-tarvikkeet\/kasvuhoone-kute\/\">l\u00e4mmitys<\/a><\/div>\n<div><\/div>\n<div><\/div>\n","protected":false},"excerpt":{"rendered":"<p>BOQUBE L PLUS minikasvihuone Sopii siististi ikkunalaudalle, ja se on erinomainen tapa id\u00e4tt\u00e4\u00e4 siemeni\u00e4 ja kasvattaa kasveja. Esikasvatus on poikkeuksellisen mukavaa ilmastoidussa minikasvihuoneessa. Voit kylv\u00e4\u00e4 mit\u00e4 tahansa siemeni\u00e4 &#8211; tomaatteja, paprikoita tai basilikaa &#8211; ja kaikki kasvavat hienosti. Innovatiivinen kaksi-in-one-j\u00e4rjestelm\u00e4, jossa on kastelu ja ilmanvaihto minikasvihuoneeseen. Minikasvihuoneen pohjassa on 10 istutusalustojen kaivoa, joihin voit kylv\u00e4\u00e4 suoraan siemeni\u00e4 ja istuttaa ne sitten juuripallon avulla. Voit k\u00e4tev\u00e4sti&#8230;<\/p>\n","protected":false},"featured_media":35603,"template":"","meta":{"_acf_changed":false},"product_brand":[],"product_cat":[1811,1858],"product_tag":[],"class_list":{"0":"post-52896","1":"product","2":"type-product","3":"status-publish","4":"has-post-thumbnail","6":"product_cat-kasvien-kasvattaminen","7":"product_cat-miniatyyritilat-ja-esikasvatus","8":"product_shipping_class-toimitus-1-3-tyopaivan-kuluessa","9":"pa_variatsioon-7-uutuus-minikasvihuone-alankomaissa-lammityksella-ja-automaattisella-kastelujarjestelmalla-varustettuna","11":"first","12":"outofstock","13":"taxable","14":"shipping-taxable","15":"purchasable","16":"product-type-simple"},"acf":[],"yoast_head":"<!-- This site is optimized with the Yoast SEO Premium plugin v27.3 (Yoast SEO v27.3) - https:\/\/yoast.com\/product\/yoast-seo-premium-wordpress\/ -->\n<title>Miniluola BOQUBE L Plus, antrasiitti-kes\u00e4nvihre\u00e4 41x17x23cm -% Rhododendronin minikasvihuoneet<\/title>\n<meta name=\"description\" content=\"Alankomaissa sijaitseva minikasvihuone, joka mahtuu siististi ikkunalaudalle ja on erinomainen tapa id\u00e4tt\u00e4\u00e4 siemeni\u00e4 ja kasvattaa ruokakasveja.\" \/>\n<meta name=\"robots\" content=\"index, follow, max-snippet:-1, max-image-preview:large, max-video-preview:-1\" \/>\n<link rel=\"canonical\" href=\"https:\/\/rodoaed.ee\/fi\/toode\/miniluola-boqube-l-plus-antrasiitti-kesanvihrea-41x17x23cm\/\" \/>\n<meta property=\"og:locale\" content=\"fi_FI\" \/>\n<meta property=\"og:type\" content=\"article\" \/>\n<meta property=\"og:title\" content=\"Miniluola BOQUBE L Plus, antrasiitti-kes\u00e4nvihre\u00e4 41x17x23cm\" \/>\n<meta property=\"og:description\" content=\"BOQUBE L PLUS minikasvihuone Sopii siististi ikkunalaudalle, ja se on erinomainen tapa id\u00e4tt\u00e4\u00e4 siemeni\u00e4 ja kasvattaa kasveja. Esikasvatus on\" \/>\n<meta property=\"og:url\" content=\"https:\/\/rodoaed.ee\/fi\/toode\/miniluola-boqube-l-plus-antrasiitti-kesanvihrea-41x17x23cm\/\" \/>\n<meta property=\"og:site_name\" content=\"Rodoaed\" \/>\n<meta property=\"article:publisher\" content=\"https:\/\/www.facebook.com\/kasvuhooned\/\" \/>\n<meta property=\"article:modified_time\" content=\"2026-04-13T07:56:52+00:00\" \/>\n<meta property=\"og:image\" content=\"https:\/\/rodoaed.ee\/wp-content\/uploads\/2021\/01\/Minikasvuhoone_16294198_5_web.jpg\" \/>\n\t<meta property=\"og:image:width\" content=\"2416\" \/>\n\t<meta property=\"og:image:height\" content=\"1471\" \/>\n\t<meta property=\"og:image:type\" content=\"image\/jpeg\" \/>\n<meta name=\"twitter:card\" content=\"summary_large_image\" \/>\n<meta name=\"twitter:label1\" content=\"Arvioitu lukuaika\" \/>\n\t<meta name=\"twitter:data1\" content=\"1 minuutti\" \/>\n<script type=\"application\/ld+json\" class=\"yoast-schema-graph\">{\"@context\":\"https:\\\/\\\/schema.org\",\"@graph\":[{\"@type\":\"WebPage\",\"@id\":\"https:\\\/\\\/rodoaed.ee\\\/fi\\\/toode\\\/miniluola-boqube-l-plus-antrasiitti-kesanvihrea-41x17x23cm\\\/\",\"url\":\"https:\\\/\\\/rodoaed.ee\\\/fi\\\/toode\\\/miniluola-boqube-l-plus-antrasiitti-kesanvihrea-41x17x23cm\\\/\",\"name\":\"Miniluola BOQUBE L Plus, antrasiitti-kes\u00e4nvihre\u00e4 41x17x23cm -% Rhododendronin minikasvihuoneet\",\"isPartOf\":{\"@id\":\"https:\\\/\\\/rodoaed.ee\\\/#website\"},\"primaryImageOfPage\":{\"@id\":\"https:\\\/\\\/rodoaed.ee\\\/fi\\\/toode\\\/miniluola-boqube-l-plus-antrasiitti-kesanvihrea-41x17x23cm\\\/#primaryimage\"},\"image\":{\"@id\":\"https:\\\/\\\/rodoaed.ee\\\/fi\\\/toode\\\/miniluola-boqube-l-plus-antrasiitti-kesanvihrea-41x17x23cm\\\/#primaryimage\"},\"thumbnailUrl\":\"https:\\\/\\\/rodoaed.ee\\\/wp-content\\\/uploads\\\/2021\\\/01\\\/Minikasvuhoone_16294198_5_web.jpg\",\"datePublished\":\"2022-01-19T08:45:23+00:00\",\"dateModified\":\"2026-04-13T07:56:52+00:00\",\"description\":\"Alankomaissa sijaitseva minikasvihuone, joka mahtuu siististi ikkunalaudalle ja on erinomainen tapa id\u00e4tt\u00e4\u00e4 siemeni\u00e4 ja kasvattaa ruokakasveja.\",\"breadcrumb\":{\"@id\":\"https:\\\/\\\/rodoaed.ee\\\/fi\\\/toode\\\/miniluola-boqube-l-plus-antrasiitti-kesanvihrea-41x17x23cm\\\/#breadcrumb\"},\"inLanguage\":\"fi\",\"potentialAction\":[{\"@type\":\"ReadAction\",\"target\":[\"https:\\\/\\\/rodoaed.ee\\\/fi\\\/toode\\\/miniluola-boqube-l-plus-antrasiitti-kesanvihrea-41x17x23cm\\\/\"]}]},{\"@type\":\"ImageObject\",\"inLanguage\":\"fi\",\"@id\":\"https:\\\/\\\/rodoaed.ee\\\/fi\\\/toode\\\/miniluola-boqube-l-plus-antrasiitti-kesanvihrea-41x17x23cm\\\/#primaryimage\",\"url\":\"https:\\\/\\\/rodoaed.ee\\\/wp-content\\\/uploads\\\/2021\\\/01\\\/Minikasvuhoone_16294198_5_web.jpg\",\"contentUrl\":\"https:\\\/\\\/rodoaed.ee\\\/wp-content\\\/uploads\\\/2021\\\/01\\\/Minikasvuhoone_16294198_5_web.jpg\",\"width\":2416,\"height\":1471},{\"@type\":\"BreadcrumbList\",\"@id\":\"https:\\\/\\\/rodoaed.ee\\\/fi\\\/toode\\\/miniluola-boqube-l-plus-antrasiitti-kesanvihrea-41x17x23cm\\\/#breadcrumb\",\"itemListElement\":[{\"@type\":\"ListItem\",\"position\":1,\"name\":\"Home\",\"item\":\"https:\\\/\\\/rodoaed.ee\\\/fi\\\/\"},{\"@type\":\"ListItem\",\"position\":2,\"name\":\"Osta osoitteessa\",\"item\":\"https:\\\/\\\/rodoaed.ee\\\/osta-osoitteessa\\\/\"},{\"@type\":\"ListItem\",\"position\":3,\"name\":\"Miniluola BOQUBE L Plus, antrasiitti-kes\u00e4nvihre\u00e4 41x17x23cm\"}]},{\"@type\":\"WebSite\",\"@id\":\"https:\\\/\\\/rodoaed.ee\\\/#website\",\"url\":\"https:\\\/\\\/rodoaed.ee\\\/\",\"name\":\"Rodoaed\",\"description\":\"\",\"publisher\":{\"@id\":\"https:\\\/\\\/rodoaed.ee\\\/#organization\"},\"potentialAction\":[{\"@type\":\"SearchAction\",\"target\":{\"@type\":\"EntryPoint\",\"urlTemplate\":\"https:\\\/\\\/rodoaed.ee\\\/?s={search_term_string}\"},\"query-input\":{\"@type\":\"PropertyValueSpecification\",\"valueRequired\":true,\"valueName\":\"search_term_string\"}}],\"inLanguage\":\"fi\"},{\"@type\":\"Organization\",\"@id\":\"https:\\\/\\\/rodoaed.ee\\\/#organization\",\"name\":\"Rodoaed\",\"url\":\"https:\\\/\\\/rodoaed.ee\\\/\",\"logo\":{\"@type\":\"ImageObject\",\"inLanguage\":\"fi\",\"@id\":\"https:\\\/\\\/rodoaed.ee\\\/#\\\/schema\\\/logo\\\/image\\\/\",\"url\":\"https:\\\/\\\/rodoaed.ee\\\/wp-content\\\/uploads\\\/2019\\\/11\\\/rodoaed-logo-ilma-taustata.jpg\",\"contentUrl\":\"https:\\\/\\\/rodoaed.ee\\\/wp-content\\\/uploads\\\/2019\\\/11\\\/rodoaed-logo-ilma-taustata.jpg\",\"width\":769,\"height\":268,\"caption\":\"Rodoaed\"},\"image\":{\"@id\":\"https:\\\/\\\/rodoaed.ee\\\/#\\\/schema\\\/logo\\\/image\\\/\"},\"sameAs\":[\"https:\\\/\\\/www.facebook.com\\\/kasvuhooned\\\/\",\"https:\\\/\\\/rodoaed.ee\"]}]}<\/script>\n<!-- \/ Yoast SEO Premium plugin. -->","yoast_head_json":{"title":"Miniluola BOQUBE L Plus, antrasiitti-kes\u00e4nvihre\u00e4 41x17x23cm -% Rhododendronin minikasvihuoneet","description":"Alankomaissa sijaitseva minikasvihuone, joka mahtuu siististi ikkunalaudalle ja on erinomainen tapa id\u00e4tt\u00e4\u00e4 siemeni\u00e4 ja kasvattaa ruokakasveja.","robots":{"index":"index","follow":"follow","max-snippet":"max-snippet:-1","max-image-preview":"max-image-preview:large","max-video-preview":"max-video-preview:-1"},"canonical":"https:\/\/rodoaed.ee\/fi\/toode\/miniluola-boqube-l-plus-antrasiitti-kesanvihrea-41x17x23cm\/","og_locale":"fi_FI","og_type":"article","og_title":"Miniluola BOQUBE L Plus, antrasiitti-kes\u00e4nvihre\u00e4 41x17x23cm","og_description":"BOQUBE L PLUS minikasvihuone Sopii siististi ikkunalaudalle, ja se on erinomainen tapa id\u00e4tt\u00e4\u00e4 siemeni\u00e4 ja kasvattaa kasveja. Esikasvatus on","og_url":"https:\/\/rodoaed.ee\/fi\/toode\/miniluola-boqube-l-plus-antrasiitti-kesanvihrea-41x17x23cm\/","og_site_name":"Rodoaed","article_publisher":"https:\/\/www.facebook.com\/kasvuhooned\/","article_modified_time":"2026-04-13T07:56:52+00:00","og_image":[{"width":2416,"height":1471,"url":"https:\/\/rodoaed.ee\/wp-content\/uploads\/2021\/01\/Minikasvuhoone_16294198_5_web.jpg","type":"image\/jpeg"}],"twitter_card":"summary_large_image","twitter_misc":{"Arvioitu lukuaika":"1 minuutti"},"schema":{"@context":"https:\/\/schema.org","@graph":[{"@type":"WebPage","@id":"https:\/\/rodoaed.ee\/fi\/toode\/miniluola-boqube-l-plus-antrasiitti-kesanvihrea-41x17x23cm\/","url":"https:\/\/rodoaed.ee\/fi\/toode\/miniluola-boqube-l-plus-antrasiitti-kesanvihrea-41x17x23cm\/","name":"Miniluola BOQUBE L Plus, antrasiitti-kes\u00e4nvihre\u00e4 41x17x23cm -% Rhododendronin minikasvihuoneet","isPartOf":{"@id":"https:\/\/rodoaed.ee\/#website"},"primaryImageOfPage":{"@id":"https:\/\/rodoaed.ee\/fi\/toode\/miniluola-boqube-l-plus-antrasiitti-kesanvihrea-41x17x23cm\/#primaryimage"},"image":{"@id":"https:\/\/rodoaed.ee\/fi\/toode\/miniluola-boqube-l-plus-antrasiitti-kesanvihrea-41x17x23cm\/#primaryimage"},"thumbnailUrl":"https:\/\/rodoaed.ee\/wp-content\/uploads\/2021\/01\/Minikasvuhoone_16294198_5_web.jpg","datePublished":"2022-01-19T08:45:23+00:00","dateModified":"2026-04-13T07:56:52+00:00","description":"Alankomaissa sijaitseva minikasvihuone, joka mahtuu siististi ikkunalaudalle ja on erinomainen tapa id\u00e4tt\u00e4\u00e4 siemeni\u00e4 ja kasvattaa ruokakasveja.","breadcrumb":{"@id":"https:\/\/rodoaed.ee\/fi\/toode\/miniluola-boqube-l-plus-antrasiitti-kesanvihrea-41x17x23cm\/#breadcrumb"},"inLanguage":"fi","potentialAction":[{"@type":"ReadAction","target":["https:\/\/rodoaed.ee\/fi\/toode\/miniluola-boqube-l-plus-antrasiitti-kesanvihrea-41x17x23cm\/"]}]},{"@type":"ImageObject","inLanguage":"fi","@id":"https:\/\/rodoaed.ee\/fi\/toode\/miniluola-boqube-l-plus-antrasiitti-kesanvihrea-41x17x23cm\/#primaryimage","url":"https:\/\/rodoaed.ee\/wp-content\/uploads\/2021\/01\/Minikasvuhoone_16294198_5_web.jpg","contentUrl":"https:\/\/rodoaed.ee\/wp-content\/uploads\/2021\/01\/Minikasvuhoone_16294198_5_web.jpg","width":2416,"height":1471},{"@type":"BreadcrumbList","@id":"https:\/\/rodoaed.ee\/fi\/toode\/miniluola-boqube-l-plus-antrasiitti-kesanvihrea-41x17x23cm\/#breadcrumb","itemListElement":[{"@type":"ListItem","position":1,"name":"Home","item":"https:\/\/rodoaed.ee\/fi\/"},{"@type":"ListItem","position":2,"name":"Osta osoitteessa","item":"https:\/\/rodoaed.ee\/osta-osoitteessa\/"},{"@type":"ListItem","position":3,"name":"Miniluola BOQUBE L Plus, antrasiitti-kes\u00e4nvihre\u00e4 41x17x23cm"}]},{"@type":"WebSite","@id":"https:\/\/rodoaed.ee\/#website","url":"https:\/\/rodoaed.ee\/","name":"Rodoaed","description":"","publisher":{"@id":"https:\/\/rodoaed.ee\/#organization"},"potentialAction":[{"@type":"SearchAction","target":{"@type":"EntryPoint","urlTemplate":"https:\/\/rodoaed.ee\/?s={search_term_string}"},"query-input":{"@type":"PropertyValueSpecification","valueRequired":true,"valueName":"search_term_string"}}],"inLanguage":"fi"},{"@type":"Organization","@id":"https:\/\/rodoaed.ee\/#organization","name":"Rodoaed","url":"https:\/\/rodoaed.ee\/","logo":{"@type":"ImageObject","inLanguage":"fi","@id":"https:\/\/rodoaed.ee\/#\/schema\/logo\/image\/","url":"https:\/\/rodoaed.ee\/wp-content\/uploads\/2019\/11\/rodoaed-logo-ilma-taustata.jpg","contentUrl":"https:\/\/rodoaed.ee\/wp-content\/uploads\/2019\/11\/rodoaed-logo-ilma-taustata.jpg","width":769,"height":268,"caption":"Rodoaed"},"image":{"@id":"https:\/\/rodoaed.ee\/#\/schema\/logo\/image\/"},"sameAs":["https:\/\/www.facebook.com\/kasvuhooned\/","https:\/\/rodoaed.ee"]}]}},"_links":{"self":[{"href":"https:\/\/rodoaed.ee\/fi\/wp-json\/wp\/v2\/product\/52896","targetHints":{"allow":["GET"]}}],"collection":[{"href":"https:\/\/rodoaed.ee\/fi\/wp-json\/wp\/v2\/product"}],"about":[{"href":"https:\/\/rodoaed.ee\/fi\/wp-json\/wp\/v2\/types\/product"}],"wp:featuredmedia":[{"embeddable":true,"href":"https:\/\/rodoaed.ee\/fi\/wp-json\/wp\/v2\/media\/35603"}],"wp:attachment":[{"href":"https:\/\/rodoaed.ee\/fi\/wp-json\/wp\/v2\/media?parent=52896"}],"wp:term":[{"taxonomy":"product_brand","embeddable":true,"href":"https:\/\/rodoaed.ee\/fi\/wp-json\/wp\/v2\/product_brand?post=52896"},{"taxonomy":"product_cat","embeddable":true,"href":"https:\/\/rodoaed.ee\/fi\/wp-json\/wp\/v2\/product_cat?post=52896"},{"taxonomy":"product_tag","embeddable":true,"href":"https:\/\/rodoaed.ee\/fi\/wp-json\/wp\/v2\/product_tag?post=52896"}],"curies":[{"name":"wp","href":"https:\/\/api.w.org\/{rel}","templated":true}]}}