{"id":52898,"date":"2022-01-24T12:04:27","date_gmt":"2022-01-24T10:04:27","guid":{"rendered":"https:\/\/rodoaed.ee\/toode\/kurkku-conductor-f1-katkeroitumaton-hyvin-aikainen\/"},"modified":"2026-04-13T10:56:53","modified_gmt":"2026-04-13T07:56:53","slug":"kurkku-conductor-f1-katkeroitumaton-hyvin-aikainen","status":"publish","type":"product","link":"https:\/\/rodoaed.ee\/fi\/tuote\/kurkku-conductor-f1-katkeroitumaton-hyvin-aikainen\/","title":{"rendered":"Kurkku Conductor F1- katkeroitumaton, hyvin aikainen."},"content":{"rendered":"<h2>hyvin aikaisin, ilman ansoja<\/h2>\n<p>Cucumis sativus<\/p>\n<p>Kurkku Conductor H &#8211; ensiluokkaiset hedelm\u00e4t, jotka yhdistyv\u00e4t eritt\u00e4in varhaiseen satoon ja hedelmien laatuun. Hedelm\u00e4t s\u00e4ilytt\u00e4v\u00e4t vahvan rapean sis\u00e4isen rakenteen ja kauniin v\u00e4rin my\u00f6s pitk\u00e4n varastoinnin j\u00e4lkeen. Lajikkeelle on ominaista pienempi lehtimassa, mik\u00e4 helpottaa huomattavasti viljely\u00e4 ja sadonkorjuuta.  <\/p>\n<p>Eritt\u00e4in aikainen, suosittu hybridilajike, jolla on partenokarppi ja katkeroitumattomat kukat. Kurkut, joilla on vahva sis\u00e4inen rakenne ja pieni siemenkuoppa, kauniisti muotoiltu, ei ep\u00e4muodostu eik\u00e4 kasva liikaa. Tasainen sato. Soveltuu sek\u00e4 avomaalla ett\u00e4 kasvihuoneessa viljelt\u00e4v\u00e4ksi.   <\/p>\n<p>F1-hybridilajikkeella on tasaisempi hedelm\u00e4koko ja yleens\u00e4 suurempi sato.<\/p>\n<p>15 siemenen pakkaus<\/p>\n<p><a href=\"https:\/\/rodoaed.ee\/fi\/\">kotisivu<\/a> <a href=\"https:\/\/rodoaed.ee\/fi\/tootekategooria\/puutarha-ja-piha\/\">k\u00e4ynnist\u00e4<\/a>  <a href=\"https:\/\/rodoaed.ee\/fi\/tootekategooria\/puutarha-ja-piha\/siemenet\/\">siemenet<\/a><\/p>\n<p>&nbsp;<\/p>\n","protected":false},"excerpt":{"rendered":"<p>hyvin aikaisin, ilman ansoja Cucumis sativus Kurkku Conductor H &#8211; ensiluokkaiset hedelm\u00e4t, jotka yhdistyv\u00e4t eritt\u00e4in varhaiseen satoon ja hedelmien laatuun. Hedelm\u00e4t s\u00e4ilytt\u00e4v\u00e4t vahvan rapean sis\u00e4isen rakenteen ja kauniin v\u00e4rin my\u00f6s pitk\u00e4n varastoinnin j\u00e4lkeen. Lajikkeelle on ominaista pienempi lehtimassa, mik\u00e4 helpottaa huomattavasti viljely\u00e4 ja sadonkorjuuta. Eritt\u00e4in aikainen, suosittu hybridilajike, jolla on partenokarppi ja katkeroitumattomat kukat. Kurkut, joilla on vahva sis\u00e4inen rakenne ja pieni siemenkuoppa, kauniisti muotoiltu,&#8230;<\/p>\n","protected":false},"featured_media":49654,"template":"","meta":{"_acf_changed":false},"product_brand":[],"product_cat":[1755,1752,1753],"product_tag":[],"class_list":{"0":"post-52898","1":"product","2":"type-product","3":"status-publish","4":"has-post-thumbnail","6":"product_cat-kurkun-siemenet","7":"product_cat-puutarha-ja-piha","8":"product_cat-siemenet","9":"product_shipping_class-toimitus-1-3-tyopaivan-kuluessa","10":"pa_variatsioon-suuri-blumatin-automaattinen-kastelujarjestelma-jossa-on-40-anturia-ja-vesihanaliitanta","12":"first","13":"instock","14":"taxable","15":"shipping-taxable","16":"purchasable","17":"product-type-simple"},"acf":[],"yoast_head":"<!-- This site is optimized with the Yoast SEO Premium plugin v27.3 (Yoast SEO v27.3) - https:\/\/yoast.com\/product\/yoast-seo-premium-wordpress\/ -->\n<title>Kurkku Conductor F1- katkeroitumaton, hyvin aikainen. - Rodoaed<\/title>\n<meta name=\"description\" content=\"Vihannesten siemeni\u00e4 Euroopan ja Viron parhailta tuottajilta. Kasvihuoneeseen ja avomaalle soveltuvat j\u00e4lkitestatut siemenet.\" \/>\n<meta name=\"robots\" content=\"index, follow, max-snippet:-1, max-image-preview:large, max-video-preview:-1\" \/>\n<link rel=\"canonical\" href=\"https:\/\/rodoaed.ee\/fi\/toode\/kurkku-conductor-f1-katkeroitumaton-hyvin-aikainen\/\" \/>\n<meta property=\"og:locale\" content=\"fi_FI\" \/>\n<meta property=\"og:type\" content=\"article\" \/>\n<meta property=\"og:title\" content=\"Kurkku Conductor F1- katkeroitumaton, hyvin aikainen.\" \/>\n<meta property=\"og:description\" content=\"hyvin aikaisin, ilman ansoja Cucumis sativus Kurkku Conductor H - ensiluokkaiset hedelm\u00e4t, jotka yhdistyv\u00e4t eritt\u00e4in varhaiseen satoon ja hedelmien\" \/>\n<meta property=\"og:url\" content=\"https:\/\/rodoaed.ee\/fi\/toode\/kurkku-conductor-f1-katkeroitumaton-hyvin-aikainen\/\" \/>\n<meta property=\"og:site_name\" content=\"Rodoaed\" \/>\n<meta property=\"article:publisher\" content=\"https:\/\/www.facebook.com\/kasvuhooned\/\" \/>\n<meta property=\"article:modified_time\" content=\"2026-04-13T07:56:53+00:00\" \/>\n<meta property=\"og:image\" content=\"https:\/\/rodoaed.ee\/wp-content\/uploads\/2022\/01\/kurgi-seemned_4770168101951.jpg\" \/>\n\t<meta property=\"og:image:width\" content=\"936\" \/>\n\t<meta property=\"og:image:height\" content=\"1651\" \/>\n\t<meta property=\"og:image:type\" content=\"image\/jpeg\" \/>\n<meta name=\"twitter:card\" content=\"summary_large_image\" \/>\n<meta name=\"twitter:label1\" content=\"Arvioitu lukuaika\" \/>\n\t<meta name=\"twitter:data1\" content=\"1 minuutti\" \/>\n<script type=\"application\/ld+json\" class=\"yoast-schema-graph\">{\"@context\":\"https:\\\/\\\/schema.org\",\"@graph\":[{\"@type\":\"WebPage\",\"@id\":\"https:\\\/\\\/rodoaed.ee\\\/fi\\\/toode\\\/kurkku-conductor-f1-katkeroitumaton-hyvin-aikainen\\\/\",\"url\":\"https:\\\/\\\/rodoaed.ee\\\/fi\\\/toode\\\/kurkku-conductor-f1-katkeroitumaton-hyvin-aikainen\\\/\",\"name\":\"Kurkku Conductor F1- katkeroitumaton, hyvin aikainen. - Rodoaed\",\"isPartOf\":{\"@id\":\"https:\\\/\\\/rodoaed.ee\\\/#website\"},\"primaryImageOfPage\":{\"@id\":\"https:\\\/\\\/rodoaed.ee\\\/fi\\\/toode\\\/kurkku-conductor-f1-katkeroitumaton-hyvin-aikainen\\\/#primaryimage\"},\"image\":{\"@id\":\"https:\\\/\\\/rodoaed.ee\\\/fi\\\/toode\\\/kurkku-conductor-f1-katkeroitumaton-hyvin-aikainen\\\/#primaryimage\"},\"thumbnailUrl\":\"https:\\\/\\\/rodoaed.ee\\\/wp-content\\\/uploads\\\/2022\\\/01\\\/kurgi-seemned_4770168101951.jpg\",\"datePublished\":\"2022-01-24T10:04:27+00:00\",\"dateModified\":\"2026-04-13T07:56:53+00:00\",\"description\":\"Vihannesten siemeni\u00e4 Euroopan ja Viron parhailta tuottajilta. Kasvihuoneeseen ja avomaalle soveltuvat j\u00e4lkitestatut siemenet.\",\"breadcrumb\":{\"@id\":\"https:\\\/\\\/rodoaed.ee\\\/fi\\\/toode\\\/kurkku-conductor-f1-katkeroitumaton-hyvin-aikainen\\\/#breadcrumb\"},\"inLanguage\":\"fi\",\"potentialAction\":[{\"@type\":\"ReadAction\",\"target\":[\"https:\\\/\\\/rodoaed.ee\\\/fi\\\/toode\\\/kurkku-conductor-f1-katkeroitumaton-hyvin-aikainen\\\/\"]}]},{\"@type\":\"ImageObject\",\"inLanguage\":\"fi\",\"@id\":\"https:\\\/\\\/rodoaed.ee\\\/fi\\\/toode\\\/kurkku-conductor-f1-katkeroitumaton-hyvin-aikainen\\\/#primaryimage\",\"url\":\"https:\\\/\\\/rodoaed.ee\\\/wp-content\\\/uploads\\\/2022\\\/01\\\/kurgi-seemned_4770168101951.jpg\",\"contentUrl\":\"https:\\\/\\\/rodoaed.ee\\\/wp-content\\\/uploads\\\/2022\\\/01\\\/kurgi-seemned_4770168101951.jpg\",\"width\":936,\"height\":1651},{\"@type\":\"BreadcrumbList\",\"@id\":\"https:\\\/\\\/rodoaed.ee\\\/fi\\\/toode\\\/kurkku-conductor-f1-katkeroitumaton-hyvin-aikainen\\\/#breadcrumb\",\"itemListElement\":[{\"@type\":\"ListItem\",\"position\":1,\"name\":\"Home\",\"item\":\"https:\\\/\\\/rodoaed.ee\\\/fi\\\/\"},{\"@type\":\"ListItem\",\"position\":2,\"name\":\"Osta osoitteessa\",\"item\":\"https:\\\/\\\/rodoaed.ee\\\/osta-osoitteessa\\\/\"},{\"@type\":\"ListItem\",\"position\":3,\"name\":\"Kurkku Conductor F1- katkeroitumaton, hyvin aikainen.\"}]},{\"@type\":\"WebSite\",\"@id\":\"https:\\\/\\\/rodoaed.ee\\\/#website\",\"url\":\"https:\\\/\\\/rodoaed.ee\\\/\",\"name\":\"Rodoaed\",\"description\":\"\",\"publisher\":{\"@id\":\"https:\\\/\\\/rodoaed.ee\\\/#organization\"},\"potentialAction\":[{\"@type\":\"SearchAction\",\"target\":{\"@type\":\"EntryPoint\",\"urlTemplate\":\"https:\\\/\\\/rodoaed.ee\\\/?s={search_term_string}\"},\"query-input\":{\"@type\":\"PropertyValueSpecification\",\"valueRequired\":true,\"valueName\":\"search_term_string\"}}],\"inLanguage\":\"fi\"},{\"@type\":\"Organization\",\"@id\":\"https:\\\/\\\/rodoaed.ee\\\/#organization\",\"name\":\"Rodoaed\",\"url\":\"https:\\\/\\\/rodoaed.ee\\\/\",\"logo\":{\"@type\":\"ImageObject\",\"inLanguage\":\"fi\",\"@id\":\"https:\\\/\\\/rodoaed.ee\\\/#\\\/schema\\\/logo\\\/image\\\/\",\"url\":\"https:\\\/\\\/rodoaed.ee\\\/wp-content\\\/uploads\\\/2019\\\/11\\\/rodoaed-logo-ilma-taustata.jpg\",\"contentUrl\":\"https:\\\/\\\/rodoaed.ee\\\/wp-content\\\/uploads\\\/2019\\\/11\\\/rodoaed-logo-ilma-taustata.jpg\",\"width\":769,\"height\":268,\"caption\":\"Rodoaed\"},\"image\":{\"@id\":\"https:\\\/\\\/rodoaed.ee\\\/#\\\/schema\\\/logo\\\/image\\\/\"},\"sameAs\":[\"https:\\\/\\\/www.facebook.com\\\/kasvuhooned\\\/\",\"https:\\\/\\\/rodoaed.ee\"]}]}<\/script>\n<!-- \/ Yoast SEO Premium plugin. -->","yoast_head_json":{"title":"Kurkku Conductor F1- katkeroitumaton, hyvin aikainen. - Rodoaed","description":"Vihannesten siemeni\u00e4 Euroopan ja Viron parhailta tuottajilta. Kasvihuoneeseen ja avomaalle soveltuvat j\u00e4lkitestatut siemenet.","robots":{"index":"index","follow":"follow","max-snippet":"max-snippet:-1","max-image-preview":"max-image-preview:large","max-video-preview":"max-video-preview:-1"},"canonical":"https:\/\/rodoaed.ee\/fi\/toode\/kurkku-conductor-f1-katkeroitumaton-hyvin-aikainen\/","og_locale":"fi_FI","og_type":"article","og_title":"Kurkku Conductor F1- katkeroitumaton, hyvin aikainen.","og_description":"hyvin aikaisin, ilman ansoja Cucumis sativus Kurkku Conductor H - ensiluokkaiset hedelm\u00e4t, jotka yhdistyv\u00e4t eritt\u00e4in varhaiseen satoon ja hedelmien","og_url":"https:\/\/rodoaed.ee\/fi\/toode\/kurkku-conductor-f1-katkeroitumaton-hyvin-aikainen\/","og_site_name":"Rodoaed","article_publisher":"https:\/\/www.facebook.com\/kasvuhooned\/","article_modified_time":"2026-04-13T07:56:53+00:00","og_image":[{"width":936,"height":1651,"url":"https:\/\/rodoaed.ee\/wp-content\/uploads\/2022\/01\/kurgi-seemned_4770168101951.jpg","type":"image\/jpeg"}],"twitter_card":"summary_large_image","twitter_misc":{"Arvioitu lukuaika":"1 minuutti"},"schema":{"@context":"https:\/\/schema.org","@graph":[{"@type":"WebPage","@id":"https:\/\/rodoaed.ee\/fi\/toode\/kurkku-conductor-f1-katkeroitumaton-hyvin-aikainen\/","url":"https:\/\/rodoaed.ee\/fi\/toode\/kurkku-conductor-f1-katkeroitumaton-hyvin-aikainen\/","name":"Kurkku Conductor F1- katkeroitumaton, hyvin aikainen. - Rodoaed","isPartOf":{"@id":"https:\/\/rodoaed.ee\/#website"},"primaryImageOfPage":{"@id":"https:\/\/rodoaed.ee\/fi\/toode\/kurkku-conductor-f1-katkeroitumaton-hyvin-aikainen\/#primaryimage"},"image":{"@id":"https:\/\/rodoaed.ee\/fi\/toode\/kurkku-conductor-f1-katkeroitumaton-hyvin-aikainen\/#primaryimage"},"thumbnailUrl":"https:\/\/rodoaed.ee\/wp-content\/uploads\/2022\/01\/kurgi-seemned_4770168101951.jpg","datePublished":"2022-01-24T10:04:27+00:00","dateModified":"2026-04-13T07:56:53+00:00","description":"Vihannesten siemeni\u00e4 Euroopan ja Viron parhailta tuottajilta. Kasvihuoneeseen ja avomaalle soveltuvat j\u00e4lkitestatut siemenet.","breadcrumb":{"@id":"https:\/\/rodoaed.ee\/fi\/toode\/kurkku-conductor-f1-katkeroitumaton-hyvin-aikainen\/#breadcrumb"},"inLanguage":"fi","potentialAction":[{"@type":"ReadAction","target":["https:\/\/rodoaed.ee\/fi\/toode\/kurkku-conductor-f1-katkeroitumaton-hyvin-aikainen\/"]}]},{"@type":"ImageObject","inLanguage":"fi","@id":"https:\/\/rodoaed.ee\/fi\/toode\/kurkku-conductor-f1-katkeroitumaton-hyvin-aikainen\/#primaryimage","url":"https:\/\/rodoaed.ee\/wp-content\/uploads\/2022\/01\/kurgi-seemned_4770168101951.jpg","contentUrl":"https:\/\/rodoaed.ee\/wp-content\/uploads\/2022\/01\/kurgi-seemned_4770168101951.jpg","width":936,"height":1651},{"@type":"BreadcrumbList","@id":"https:\/\/rodoaed.ee\/fi\/toode\/kurkku-conductor-f1-katkeroitumaton-hyvin-aikainen\/#breadcrumb","itemListElement":[{"@type":"ListItem","position":1,"name":"Home","item":"https:\/\/rodoaed.ee\/fi\/"},{"@type":"ListItem","position":2,"name":"Osta osoitteessa","item":"https:\/\/rodoaed.ee\/osta-osoitteessa\/"},{"@type":"ListItem","position":3,"name":"Kurkku Conductor F1- katkeroitumaton, hyvin aikainen."}]},{"@type":"WebSite","@id":"https:\/\/rodoaed.ee\/#website","url":"https:\/\/rodoaed.ee\/","name":"Rodoaed","description":"","publisher":{"@id":"https:\/\/rodoaed.ee\/#organization"},"potentialAction":[{"@type":"SearchAction","target":{"@type":"EntryPoint","urlTemplate":"https:\/\/rodoaed.ee\/?s={search_term_string}"},"query-input":{"@type":"PropertyValueSpecification","valueRequired":true,"valueName":"search_term_string"}}],"inLanguage":"fi"},{"@type":"Organization","@id":"https:\/\/rodoaed.ee\/#organization","name":"Rodoaed","url":"https:\/\/rodoaed.ee\/","logo":{"@type":"ImageObject","inLanguage":"fi","@id":"https:\/\/rodoaed.ee\/#\/schema\/logo\/image\/","url":"https:\/\/rodoaed.ee\/wp-content\/uploads\/2019\/11\/rodoaed-logo-ilma-taustata.jpg","contentUrl":"https:\/\/rodoaed.ee\/wp-content\/uploads\/2019\/11\/rodoaed-logo-ilma-taustata.jpg","width":769,"height":268,"caption":"Rodoaed"},"image":{"@id":"https:\/\/rodoaed.ee\/#\/schema\/logo\/image\/"},"sameAs":["https:\/\/www.facebook.com\/kasvuhooned\/","https:\/\/rodoaed.ee"]}]}},"_links":{"self":[{"href":"https:\/\/rodoaed.ee\/fi\/wp-json\/wp\/v2\/product\/52898","targetHints":{"allow":["GET"]}}],"collection":[{"href":"https:\/\/rodoaed.ee\/fi\/wp-json\/wp\/v2\/product"}],"about":[{"href":"https:\/\/rodoaed.ee\/fi\/wp-json\/wp\/v2\/types\/product"}],"wp:featuredmedia":[{"embeddable":true,"href":"https:\/\/rodoaed.ee\/fi\/wp-json\/wp\/v2\/media\/49654"}],"wp:attachment":[{"href":"https:\/\/rodoaed.ee\/fi\/wp-json\/wp\/v2\/media?parent=52898"}],"wp:term":[{"taxonomy":"product_brand","embeddable":true,"href":"https:\/\/rodoaed.ee\/fi\/wp-json\/wp\/v2\/product_brand?post=52898"},{"taxonomy":"product_cat","embeddable":true,"href":"https:\/\/rodoaed.ee\/fi\/wp-json\/wp\/v2\/product_cat?post=52898"},{"taxonomy":"product_tag","embeddable":true,"href":"https:\/\/rodoaed.ee\/fi\/wp-json\/wp\/v2\/product_tag?post=52898"}],"curies":[{"name":"wp","href":"https:\/\/api.w.org\/{rel}","templated":true}]}}