{"id":52899,"date":"2022-01-27T21:42:07","date_gmt":"2022-01-27T19:42:07","guid":{"rendered":"https:\/\/rodoaed.ee\/toode\/3x-kattoluukku-automaattinen-univent-tukkupakkaus\/"},"modified":"2026-04-13T10:56:53","modified_gmt":"2026-04-13T07:56:53","slug":"3x-kattoluukku-automaattinen-univent-tukkupakkaus","status":"publish","type":"product","link":"https:\/\/rodoaed.ee\/fi\/tuote\/3x-kattoluukku-automaattinen-univent-tukkupakkaus\/","title":{"rendered":"3x kattoluukku automaattinen Univent-tukkupakkaus"},"content":{"rendered":"<p><strong>On halvempaa ostaa irtotavarana. K\u00e4yt\u00e4 irtotavarapakkausta, jossa on 3 avaajaa, ja s\u00e4\u00e4st\u00e4 rahaa. <\/strong><\/p>\n<p>Univent automaattinen katto-oven avaaja sopii kaikkiin kasvihuoneisiin, kasvihuoneisiin ja konservatorioihin. Se on valmistettu yleiskiinnityksell\u00e4, joka sopii alumiinirunkoihin, puurunkoihin ja muihin. <\/p>\n<h2>Kasvihuoneiden v\u00e4sym\u00e4t\u00f6n ilmanvaihdon apuv\u00e4line<\/h2>\n<p>Automaattisten avaimien ansiosta voit j\u00e4tt\u00e4\u00e4 kasvihuoneen rauhaan, kun l\u00e4hdet lomalle, ja oikea l\u00e4mp\u00f6tila on taattu.<\/p>\n<p><strong>Sopii kaikkiin kasvihuoneisiin valmistajasta riippumatta. Vahvojen palautusjousien ansiosta automaattinen sy\u00f6tt\u00f6laite on erityisen k\u00e4tev\u00e4 polykarbonaattipinnoitetuissa kasvihuoneissa. Sulkee kevyesti pinnoitetun luukun my\u00f6s kovalla tuulella.  <\/strong><\/p>\n<p>Erinomainen ty\u00f6kalu paitsi kasvihuoneiden automaattiseen ilmanvaihtoon my\u00f6s kurkkukuoppien ja kaikenlaisten kasvukuoppien automaattiseen avaamiseen sek\u00e4 kevyempien kasvihuoneiden saranoiden automaattiseen avaamiseen ilmanvaihtoa varten.<\/p>\n<p>Nyrkkis\u00e4\u00e4nt\u00f6 on, ett\u00e4 jos kasvihuoneessasi on automaattinen ilmanvaihto ja kastelu, kasvihuoneen pit\u00e4minen ei ole en\u00e4\u00e4 ty\u00f6t\u00e4 vaan harrastus. On suuri voitto, kun sinun ei tarvitse menn\u00e4 kes\u00e4aamuna kuudelta avaamaan kattoikkunaa ja sulkea sit\u00e4 illalla. Tuulella se on p\u00e4\u00e4ll\u00e4, auringon paisteessa se on taas auki. Kauhea rutiini. Automaatio tekee ik\u00e4v\u00e4n ty\u00f6n puolestasi. Vahvojen palautusjousien ansiosta automaatio on my\u00f6s turvallisempaa, sill\u00e4 se pit\u00e4\u00e4 ikkunaluukut mukavasti paikoillaan kovassakin tuulessa.     <\/p>\n<p><span style=\"line-height: 18px;\">Automaattisen kattoluukun toimilaite toimii m\u00e4nn\u00e4n nesteen l\u00e4mp\u00f6laajenemisen avulla. Univent-avaimessa on vahva jousimekanismi, joka sulkee luukun, jos se ei sulkeudu omalla painollaan. Runko ruostumatonta ter\u00e4st\u00e4. Avautumisl\u00e4mp\u00f6tilaa s\u00e4\u00e4det\u00e4\u00e4n sylinterin py\u00f6rimisell\u00e4: 0,5 \u00ba kierrosta kohden.   <\/span><\/p>\n<p><strong>HUOM T\u00e4m\u00e4 on alkuper\u00e4inen tanskalainen tuote, jonka maahantuoja olemme me. Univent-malleja valmistetaan kuitenkin my\u00f6s Kiinassa ja Ven\u00e4j\u00e4ll\u00e4 ja niit\u00e4 myyd\u00e4\u00e4n Virossa samalla nimell\u00e4. <\/strong>Ole vain varovainen ostaessasi huonolaatuisia kopioita. Ne ovat halvempia, mutta niiden k\u00e4ytt\u00f6ik\u00e4 rajoittuu yleens\u00e4 takuuajan loppuun. Alkuper\u00e4isen mallin k\u00e4ytt\u00f6ik\u00e4 on yleens\u00e4 jopa 15 vuotta.  <\/p>\n<h2>Automaattisen kattoluukun avaajan tekniset tiedot:<\/h2>\n<ul>\n<li>Avautumisl\u00e4mp\u00f6tila-alue +17-25\u00ba C<\/li>\n<li>Nostokyky 12 kg<\/li>\n<li>Luukun sulkeutumisvoima 1,2 kg<\/li>\n<li>Suurin aukko noin 40cm<\/li>\n<li>Suurin avautuminen saavutetaan noin +30\u00ba C:ssa.<\/li>\n<li>Takuu 1 vuosi<\/li>\n<\/ul>\n<div><a href=\"https:\/\/rodoaed.ee\/fi\/\">kotisivu<\/a> <a href=\"https:\/\/rodoaed.ee\/tootekategooria\/kasvuhooned-ja-talveaiad\/\">k\u00e4ynnist\u00e4<\/a> <a href=\"https:\/\/rodoaed.ee\/fi\/tootekategooria\/kasvihuoneen-tarvikkeet\/\">tarvikkeet<\/a> <a href=\"https:\/\/rodoaed.ee\/fi\/tootekategooria\/kasvihuoneen-tarvikkeet\/kasvihuoneen-ilmanvaihto\/\">ilmanvaihto<\/a><\/div>\n<div>\n<div><\/div>\n<\/div>\n","protected":false},"excerpt":{"rendered":"<p>On halvempaa ostaa irtotavarana. K\u00e4yt\u00e4 irtotavarapakkausta, jossa on 3 avaajaa, ja s\u00e4\u00e4st\u00e4 rahaa. Univent automaattinen katto-oven avaaja sopii kaikkiin kasvihuoneisiin, kasvihuoneisiin ja konservatorioihin. Se on valmistettu yleiskiinnityksell\u00e4, joka sopii alumiinirunkoihin, puurunkoihin ja muihin. Kasvihuoneiden v\u00e4sym\u00e4t\u00f6n ilmanvaihdon apuv\u00e4line Automaattisten avaimien ansiosta voit j\u00e4tt\u00e4\u00e4 kasvihuoneen rauhaan, kun l\u00e4hdet lomalle, ja oikea l\u00e4mp\u00f6tila on taattu. Sopii kaikkiin kasvihuoneisiin valmistajasta riippumatta. Vahvojen palautusjousien ansiosta automaattinen sy\u00f6tt\u00f6laite on erityisen k\u00e4tev\u00e4&#8230;<\/p>\n","protected":false},"featured_media":40332,"template":"","meta":{"_acf_changed":false},"product_brand":[],"product_cat":[1956,1869],"product_tag":[],"class_list":{"0":"post-52899","1":"product","2":"type-product","3":"status-publish","4":"has-post-thumbnail","6":"product_cat-kasvihuoneen-ilmanvaihto","7":"product_cat-kasvihuoneen-tarvikkeet","8":"product_shipping_class-toimitus-1-3-tyopaivan-kuluessa","9":"pa_variatsioon-20-univent-automaattinen-kattoluukun-avauslaite","11":"first","12":"instock","13":"sale","14":"taxable","15":"shipping-taxable","16":"purchasable","17":"product-type-simple"},"acf":[],"yoast_head":"<!-- This site is optimized with the Yoast SEO Premium plugin v27.3 (Yoast SEO v27.3) - https:\/\/yoast.com\/product\/yoast-seo-premium-wordpress\/ -->\n<title>3x kattoluukku automaattinen Univent-tukkupakkaus% % -% Rodoaed%%automaattiset aikakatkaisut<\/title>\n<meta name=\"description\" content=\"Univent automaattinen kattoluukun avaaja kaikkiin kasvihuonemalleihin maailmanlaajuisesti. Automaattinen kattoluukun avaaja sopii sek\u00e4 alumiinirunkoisiin ett\u00e4 puisiin kasvihuoneisiin.\" \/>\n<meta name=\"robots\" content=\"index, follow, max-snippet:-1, max-image-preview:large, max-video-preview:-1\" \/>\n<link rel=\"canonical\" href=\"https:\/\/rodoaed.ee\/fi\/toode\/3x-kattoluukku-automaattinen-univent-tukkupakkaus\/\" \/>\n<meta property=\"og:locale\" content=\"fi_FI\" \/>\n<meta property=\"og:type\" content=\"article\" \/>\n<meta property=\"og:title\" content=\"3x kattoluukku automaattinen Univent-tukkupakkaus\" \/>\n<meta property=\"og:description\" content=\"On halvempaa ostaa irtotavarana. K\u00e4yt\u00e4 irtotavarapakkausta, jossa on 3 avaajaa, ja s\u00e4\u00e4st\u00e4 rahaa. Univent automaattinen katto-oven avaaja sopii kaikkiin\" \/>\n<meta property=\"og:url\" content=\"https:\/\/rodoaed.ee\/fi\/toode\/3x-kattoluukku-automaattinen-univent-tukkupakkaus\/\" \/>\n<meta property=\"og:site_name\" content=\"Rodoaed\" \/>\n<meta property=\"article:publisher\" content=\"https:\/\/www.facebook.com\/kasvuhooned\/\" \/>\n<meta property=\"article:modified_time\" content=\"2026-04-13T07:56:53+00:00\" \/>\n<meta property=\"og:image\" content=\"https:\/\/rodoaed.ee\/wp-content\/uploads\/2019\/08\/luugiavaja-univent_11.png\" \/>\n\t<meta property=\"og:image:width\" content=\"1212\" \/>\n\t<meta property=\"og:image:height\" content=\"996\" \/>\n\t<meta property=\"og:image:type\" content=\"image\/png\" \/>\n<meta name=\"twitter:card\" content=\"summary_large_image\" \/>\n<meta name=\"twitter:label1\" content=\"Arvioitu lukuaika\" \/>\n\t<meta name=\"twitter:data1\" content=\"2 minuuttia\" \/>\n<script type=\"application\/ld+json\" class=\"yoast-schema-graph\">{\"@context\":\"https:\\\/\\\/schema.org\",\"@graph\":[{\"@type\":\"WebPage\",\"@id\":\"https:\\\/\\\/rodoaed.ee\\\/fi\\\/toode\\\/3x-kattoluukku-automaattinen-univent-tukkupakkaus\\\/\",\"url\":\"https:\\\/\\\/rodoaed.ee\\\/fi\\\/toode\\\/3x-kattoluukku-automaattinen-univent-tukkupakkaus\\\/\",\"name\":\"3x kattoluukku automaattinen Univent-tukkupakkaus% % -% Rodoaed%%automaattiset aikakatkaisut\",\"isPartOf\":{\"@id\":\"https:\\\/\\\/rodoaed.ee\\\/#website\"},\"primaryImageOfPage\":{\"@id\":\"https:\\\/\\\/rodoaed.ee\\\/fi\\\/toode\\\/3x-kattoluukku-automaattinen-univent-tukkupakkaus\\\/#primaryimage\"},\"image\":{\"@id\":\"https:\\\/\\\/rodoaed.ee\\\/fi\\\/toode\\\/3x-kattoluukku-automaattinen-univent-tukkupakkaus\\\/#primaryimage\"},\"thumbnailUrl\":\"https:\\\/\\\/rodoaed.ee\\\/wp-content\\\/uploads\\\/2019\\\/08\\\/luugiavaja-univent_11.png\",\"datePublished\":\"2022-01-27T19:42:07+00:00\",\"dateModified\":\"2026-04-13T07:56:53+00:00\",\"description\":\"Univent automaattinen kattoluukun avaaja kaikkiin kasvihuonemalleihin maailmanlaajuisesti. Automaattinen kattoluukun avaaja sopii sek\u00e4 alumiinirunkoisiin ett\u00e4 puisiin kasvihuoneisiin.\",\"breadcrumb\":{\"@id\":\"https:\\\/\\\/rodoaed.ee\\\/fi\\\/toode\\\/3x-kattoluukku-automaattinen-univent-tukkupakkaus\\\/#breadcrumb\"},\"inLanguage\":\"fi\",\"potentialAction\":[{\"@type\":\"ReadAction\",\"target\":[\"https:\\\/\\\/rodoaed.ee\\\/fi\\\/toode\\\/3x-kattoluukku-automaattinen-univent-tukkupakkaus\\\/\"]}]},{\"@type\":\"ImageObject\",\"inLanguage\":\"fi\",\"@id\":\"https:\\\/\\\/rodoaed.ee\\\/fi\\\/toode\\\/3x-kattoluukku-automaattinen-univent-tukkupakkaus\\\/#primaryimage\",\"url\":\"https:\\\/\\\/rodoaed.ee\\\/wp-content\\\/uploads\\\/2019\\\/08\\\/luugiavaja-univent_11.png\",\"contentUrl\":\"https:\\\/\\\/rodoaed.ee\\\/wp-content\\\/uploads\\\/2019\\\/08\\\/luugiavaja-univent_11.png\",\"width\":1212,\"height\":996},{\"@type\":\"BreadcrumbList\",\"@id\":\"https:\\\/\\\/rodoaed.ee\\\/fi\\\/toode\\\/3x-kattoluukku-automaattinen-univent-tukkupakkaus\\\/#breadcrumb\",\"itemListElement\":[{\"@type\":\"ListItem\",\"position\":1,\"name\":\"Home\",\"item\":\"https:\\\/\\\/rodoaed.ee\\\/fi\\\/\"},{\"@type\":\"ListItem\",\"position\":2,\"name\":\"Osta osoitteessa\",\"item\":\"https:\\\/\\\/rodoaed.ee\\\/osta-osoitteessa\\\/\"},{\"@type\":\"ListItem\",\"position\":3,\"name\":\"3x kattoluukku automaattinen Univent-tukkupakkaus\"}]},{\"@type\":\"WebSite\",\"@id\":\"https:\\\/\\\/rodoaed.ee\\\/#website\",\"url\":\"https:\\\/\\\/rodoaed.ee\\\/\",\"name\":\"Rodoaed\",\"description\":\"\",\"publisher\":{\"@id\":\"https:\\\/\\\/rodoaed.ee\\\/#organization\"},\"potentialAction\":[{\"@type\":\"SearchAction\",\"target\":{\"@type\":\"EntryPoint\",\"urlTemplate\":\"https:\\\/\\\/rodoaed.ee\\\/?s={search_term_string}\"},\"query-input\":{\"@type\":\"PropertyValueSpecification\",\"valueRequired\":true,\"valueName\":\"search_term_string\"}}],\"inLanguage\":\"fi\"},{\"@type\":\"Organization\",\"@id\":\"https:\\\/\\\/rodoaed.ee\\\/#organization\",\"name\":\"Rodoaed\",\"url\":\"https:\\\/\\\/rodoaed.ee\\\/\",\"logo\":{\"@type\":\"ImageObject\",\"inLanguage\":\"fi\",\"@id\":\"https:\\\/\\\/rodoaed.ee\\\/#\\\/schema\\\/logo\\\/image\\\/\",\"url\":\"https:\\\/\\\/rodoaed.ee\\\/wp-content\\\/uploads\\\/2019\\\/11\\\/rodoaed-logo-ilma-taustata.jpg\",\"contentUrl\":\"https:\\\/\\\/rodoaed.ee\\\/wp-content\\\/uploads\\\/2019\\\/11\\\/rodoaed-logo-ilma-taustata.jpg\",\"width\":769,\"height\":268,\"caption\":\"Rodoaed\"},\"image\":{\"@id\":\"https:\\\/\\\/rodoaed.ee\\\/#\\\/schema\\\/logo\\\/image\\\/\"},\"sameAs\":[\"https:\\\/\\\/www.facebook.com\\\/kasvuhooned\\\/\",\"https:\\\/\\\/rodoaed.ee\"]}]}<\/script>\n<!-- \/ Yoast SEO Premium plugin. -->","yoast_head_json":{"title":"3x kattoluukku automaattinen Univent-tukkupakkaus% % -% Rodoaed%%automaattiset aikakatkaisut","description":"Univent automaattinen kattoluukun avaaja kaikkiin kasvihuonemalleihin maailmanlaajuisesti. Automaattinen kattoluukun avaaja sopii sek\u00e4 alumiinirunkoisiin ett\u00e4 puisiin kasvihuoneisiin.","robots":{"index":"index","follow":"follow","max-snippet":"max-snippet:-1","max-image-preview":"max-image-preview:large","max-video-preview":"max-video-preview:-1"},"canonical":"https:\/\/rodoaed.ee\/fi\/toode\/3x-kattoluukku-automaattinen-univent-tukkupakkaus\/","og_locale":"fi_FI","og_type":"article","og_title":"3x kattoluukku automaattinen Univent-tukkupakkaus","og_description":"On halvempaa ostaa irtotavarana. K\u00e4yt\u00e4 irtotavarapakkausta, jossa on 3 avaajaa, ja s\u00e4\u00e4st\u00e4 rahaa. Univent automaattinen katto-oven avaaja sopii kaikkiin","og_url":"https:\/\/rodoaed.ee\/fi\/toode\/3x-kattoluukku-automaattinen-univent-tukkupakkaus\/","og_site_name":"Rodoaed","article_publisher":"https:\/\/www.facebook.com\/kasvuhooned\/","article_modified_time":"2026-04-13T07:56:53+00:00","og_image":[{"width":1212,"height":996,"url":"https:\/\/rodoaed.ee\/wp-content\/uploads\/2019\/08\/luugiavaja-univent_11.png","type":"image\/png"}],"twitter_card":"summary_large_image","twitter_misc":{"Arvioitu lukuaika":"2 minuuttia"},"schema":{"@context":"https:\/\/schema.org","@graph":[{"@type":"WebPage","@id":"https:\/\/rodoaed.ee\/fi\/toode\/3x-kattoluukku-automaattinen-univent-tukkupakkaus\/","url":"https:\/\/rodoaed.ee\/fi\/toode\/3x-kattoluukku-automaattinen-univent-tukkupakkaus\/","name":"3x kattoluukku automaattinen Univent-tukkupakkaus% % -% Rodoaed%%automaattiset aikakatkaisut","isPartOf":{"@id":"https:\/\/rodoaed.ee\/#website"},"primaryImageOfPage":{"@id":"https:\/\/rodoaed.ee\/fi\/toode\/3x-kattoluukku-automaattinen-univent-tukkupakkaus\/#primaryimage"},"image":{"@id":"https:\/\/rodoaed.ee\/fi\/toode\/3x-kattoluukku-automaattinen-univent-tukkupakkaus\/#primaryimage"},"thumbnailUrl":"https:\/\/rodoaed.ee\/wp-content\/uploads\/2019\/08\/luugiavaja-univent_11.png","datePublished":"2022-01-27T19:42:07+00:00","dateModified":"2026-04-13T07:56:53+00:00","description":"Univent automaattinen kattoluukun avaaja kaikkiin kasvihuonemalleihin maailmanlaajuisesti. Automaattinen kattoluukun avaaja sopii sek\u00e4 alumiinirunkoisiin ett\u00e4 puisiin kasvihuoneisiin.","breadcrumb":{"@id":"https:\/\/rodoaed.ee\/fi\/toode\/3x-kattoluukku-automaattinen-univent-tukkupakkaus\/#breadcrumb"},"inLanguage":"fi","potentialAction":[{"@type":"ReadAction","target":["https:\/\/rodoaed.ee\/fi\/toode\/3x-kattoluukku-automaattinen-univent-tukkupakkaus\/"]}]},{"@type":"ImageObject","inLanguage":"fi","@id":"https:\/\/rodoaed.ee\/fi\/toode\/3x-kattoluukku-automaattinen-univent-tukkupakkaus\/#primaryimage","url":"https:\/\/rodoaed.ee\/wp-content\/uploads\/2019\/08\/luugiavaja-univent_11.png","contentUrl":"https:\/\/rodoaed.ee\/wp-content\/uploads\/2019\/08\/luugiavaja-univent_11.png","width":1212,"height":996},{"@type":"BreadcrumbList","@id":"https:\/\/rodoaed.ee\/fi\/toode\/3x-kattoluukku-automaattinen-univent-tukkupakkaus\/#breadcrumb","itemListElement":[{"@type":"ListItem","position":1,"name":"Home","item":"https:\/\/rodoaed.ee\/fi\/"},{"@type":"ListItem","position":2,"name":"Osta osoitteessa","item":"https:\/\/rodoaed.ee\/osta-osoitteessa\/"},{"@type":"ListItem","position":3,"name":"3x kattoluukku automaattinen Univent-tukkupakkaus"}]},{"@type":"WebSite","@id":"https:\/\/rodoaed.ee\/#website","url":"https:\/\/rodoaed.ee\/","name":"Rodoaed","description":"","publisher":{"@id":"https:\/\/rodoaed.ee\/#organization"},"potentialAction":[{"@type":"SearchAction","target":{"@type":"EntryPoint","urlTemplate":"https:\/\/rodoaed.ee\/?s={search_term_string}"},"query-input":{"@type":"PropertyValueSpecification","valueRequired":true,"valueName":"search_term_string"}}],"inLanguage":"fi"},{"@type":"Organization","@id":"https:\/\/rodoaed.ee\/#organization","name":"Rodoaed","url":"https:\/\/rodoaed.ee\/","logo":{"@type":"ImageObject","inLanguage":"fi","@id":"https:\/\/rodoaed.ee\/#\/schema\/logo\/image\/","url":"https:\/\/rodoaed.ee\/wp-content\/uploads\/2019\/11\/rodoaed-logo-ilma-taustata.jpg","contentUrl":"https:\/\/rodoaed.ee\/wp-content\/uploads\/2019\/11\/rodoaed-logo-ilma-taustata.jpg","width":769,"height":268,"caption":"Rodoaed"},"image":{"@id":"https:\/\/rodoaed.ee\/#\/schema\/logo\/image\/"},"sameAs":["https:\/\/www.facebook.com\/kasvuhooned\/","https:\/\/rodoaed.ee"]}]}},"_links":{"self":[{"href":"https:\/\/rodoaed.ee\/fi\/wp-json\/wp\/v2\/product\/52899","targetHints":{"allow":["GET"]}}],"collection":[{"href":"https:\/\/rodoaed.ee\/fi\/wp-json\/wp\/v2\/product"}],"about":[{"href":"https:\/\/rodoaed.ee\/fi\/wp-json\/wp\/v2\/types\/product"}],"wp:featuredmedia":[{"embeddable":true,"href":"https:\/\/rodoaed.ee\/fi\/wp-json\/wp\/v2\/media\/40332"}],"wp:attachment":[{"href":"https:\/\/rodoaed.ee\/fi\/wp-json\/wp\/v2\/media?parent=52899"}],"wp:term":[{"taxonomy":"product_brand","embeddable":true,"href":"https:\/\/rodoaed.ee\/fi\/wp-json\/wp\/v2\/product_brand?post=52899"},{"taxonomy":"product_cat","embeddable":true,"href":"https:\/\/rodoaed.ee\/fi\/wp-json\/wp\/v2\/product_cat?post=52899"},{"taxonomy":"product_tag","embeddable":true,"href":"https:\/\/rodoaed.ee\/fi\/wp-json\/wp\/v2\/product_tag?post=52899"}],"curies":[{"name":"wp","href":"https:\/\/api.w.org\/{rel}","templated":true}]}}