{"id":52900,"date":"2022-01-24T12:11:46","date_gmt":"2022-01-24T10:11:46","guid":{"rendered":"https:\/\/rodoaed.ee\/toode\/kurkku-telegraph-improved-aikainen-kasvihuone-ja-salaattikurkku\/"},"modified":"2026-04-13T10:56:53","modified_gmt":"2026-04-13T07:56:53","slug":"kurkku-telegraph-improved-aikainen-kasvihuone-ja-salaattikurkku","status":"publish","type":"product","link":"https:\/\/rodoaed.ee\/fi\/tuote\/kurkku-telegraph-improved-aikainen-kasvihuone-ja-salaattikurkku\/","title":{"rendered":"Kurkku Telegraph Improved &#8211; aikainen, kasvihuone- ja salaattikurkku."},"content":{"rendered":"<h2>maukkaat, sile\u00e4t, piikitt\u00f6m\u00e4t hedelm\u00e4t, kasvihuoneviljelyyn.<\/h2>\n<p>Cucumis sativus<\/p>\n<p>Kest\u00e4v\u00e4 lajike kasvihuoneissa kasvatettavaksi salaatteja varten. Hedelm\u00e4t erottuvat edukseen kokonsa puolesta (hedelm\u00e4t voivat olla jopa 40 cm pitki\u00e4). Ne ovat erityisen maukkaita, niiss\u00e4 on vain muutama pieni piikki ja tummanvihre\u00e4, ohut kuori.  <\/p>\n<p>Kasvihuonekurkku Telegraph Improved &#8211; aikainen pitk\u00e4 kasvihuonekurkku. Kylv\u00f6: huhtikuun lopulla-toukokuun alussa ruukkuihin. Kasvuaika: 60-70p.  <\/p>\n<p>20 siemenen pakkaus<\/p>\n<p><a href=\"https:\/\/rodoaed.ee\/fi\/\">kotisivu<\/a> <a href=\"https:\/\/rodoaed.ee\/fi\/tootekategooria\/puutarha-ja-piha\/\">k\u00e4ynnist\u00e4<\/a>  <a href=\"https:\/\/rodoaed.ee\/fi\/tootekategooria\/puutarha-ja-piha\/siemenet\/\">siemenet<\/a><\/p>\n<p>&nbsp;<\/p>\n","protected":false},"excerpt":{"rendered":"<p>maukkaat, sile\u00e4t, piikitt\u00f6m\u00e4t hedelm\u00e4t, kasvihuoneviljelyyn. Cucumis sativus Kest\u00e4v\u00e4 lajike kasvihuoneissa kasvatettavaksi salaatteja varten. Hedelm\u00e4t erottuvat edukseen kokonsa puolesta (hedelm\u00e4t voivat olla jopa 40 cm pitki\u00e4). Ne ovat erityisen maukkaita, niiss\u00e4 on vain muutama pieni piikki ja tummanvihre\u00e4, ohut kuori. Kasvihuonekurkku Telegraph Improved &#8211; aikainen pitk\u00e4 kasvihuonekurkku. Kylv\u00f6: huhtikuun lopulla-toukokuun alussa ruukkuihin. Kasvuaika: 60-70p. 20 siemenen pakkaus kotisivu k\u00e4ynnist\u00e4 siemenet &nbsp;<\/p>\n","protected":false},"featured_media":49657,"template":"","meta":{"_acf_changed":false},"product_brand":[],"product_cat":[1755,1752,1753],"product_tag":[],"class_list":{"0":"post-52900","1":"product","2":"type-product","3":"status-publish","4":"has-post-thumbnail","6":"product_cat-kurkun-siemenet","7":"product_cat-puutarha-ja-piha","8":"product_cat-siemenet","9":"product_shipping_class-toimitus-1-3-tyopaivan-kuluessa","10":"pa_variatsioon-suuri-blumatin-automaattinen-kastelujarjestelma-jossa-on-40-anturia-ja-vesihanaliitanta","12":"first","13":"instock","14":"taxable","15":"shipping-taxable","16":"purchasable","17":"product-type-simple"},"acf":[],"yoast_head":"<!-- This site is optimized with the Yoast SEO Premium plugin v27.3 (Yoast SEO v27.3) - https:\/\/yoast.com\/product\/yoast-seo-premium-wordpress\/ -->\n<title>Kurkku Telegraph Improved - aikainen, kasvihuone- ja salaattikurkku. - Rodoaed<\/title>\n<meta name=\"description\" content=\"Vihannesten siemeni\u00e4 Euroopan ja Viron parhailta tuottajilta. Kasvihuoneeseen ja avomaalle soveltuvat j\u00e4lkitestatut siemenet.\" \/>\n<meta name=\"robots\" content=\"index, follow, max-snippet:-1, max-image-preview:large, max-video-preview:-1\" \/>\n<link rel=\"canonical\" href=\"https:\/\/rodoaed.ee\/fi\/toode\/kurkku-telegraph-improved-aikainen-kasvihuone-ja-salaattikurkku\/\" \/>\n<meta property=\"og:locale\" content=\"fi_FI\" \/>\n<meta property=\"og:type\" content=\"article\" \/>\n<meta property=\"og:title\" content=\"Kurkku Telegraph Improved - aikainen, kasvihuone- ja salaattikurkku.\" \/>\n<meta property=\"og:description\" content=\"maukkaat, sile\u00e4t, piikitt\u00f6m\u00e4t hedelm\u00e4t, kasvihuoneviljelyyn. Cucumis sativus Kest\u00e4v\u00e4 lajike kasvihuoneissa kasvatettavaksi salaatteja varten. Hedelm\u00e4t\" \/>\n<meta property=\"og:url\" content=\"https:\/\/rodoaed.ee\/fi\/toode\/kurkku-telegraph-improved-aikainen-kasvihuone-ja-salaattikurkku\/\" \/>\n<meta property=\"og:site_name\" content=\"Rodoaed\" \/>\n<meta property=\"article:publisher\" content=\"https:\/\/www.facebook.com\/kasvuhooned\/\" \/>\n<meta property=\"article:modified_time\" content=\"2026-04-13T07:56:53+00:00\" \/>\n<meta property=\"og:image\" content=\"https:\/\/rodoaed.ee\/wp-content\/uploads\/2022\/01\/kurgi-seemned_8711117219200_1.png\" \/>\n\t<meta property=\"og:image:width\" content=\"610\" \/>\n\t<meta property=\"og:image:height\" content=\"984\" \/>\n\t<meta property=\"og:image:type\" content=\"image\/png\" \/>\n<meta name=\"twitter:card\" content=\"summary_large_image\" \/>\n<script type=\"application\/ld+json\" class=\"yoast-schema-graph\">{\"@context\":\"https:\\\/\\\/schema.org\",\"@graph\":[{\"@type\":\"WebPage\",\"@id\":\"https:\\\/\\\/rodoaed.ee\\\/fi\\\/toode\\\/kurkku-telegraph-improved-aikainen-kasvihuone-ja-salaattikurkku\\\/\",\"url\":\"https:\\\/\\\/rodoaed.ee\\\/fi\\\/toode\\\/kurkku-telegraph-improved-aikainen-kasvihuone-ja-salaattikurkku\\\/\",\"name\":\"Kurkku Telegraph Improved - aikainen, kasvihuone- ja salaattikurkku. - Rodoaed\",\"isPartOf\":{\"@id\":\"https:\\\/\\\/rodoaed.ee\\\/#website\"},\"primaryImageOfPage\":{\"@id\":\"https:\\\/\\\/rodoaed.ee\\\/fi\\\/toode\\\/kurkku-telegraph-improved-aikainen-kasvihuone-ja-salaattikurkku\\\/#primaryimage\"},\"image\":{\"@id\":\"https:\\\/\\\/rodoaed.ee\\\/fi\\\/toode\\\/kurkku-telegraph-improved-aikainen-kasvihuone-ja-salaattikurkku\\\/#primaryimage\"},\"thumbnailUrl\":\"https:\\\/\\\/rodoaed.ee\\\/wp-content\\\/uploads\\\/2022\\\/01\\\/kurgi-seemned_8711117219200_1.png\",\"datePublished\":\"2022-01-24T10:11:46+00:00\",\"dateModified\":\"2026-04-13T07:56:53+00:00\",\"description\":\"Vihannesten siemeni\u00e4 Euroopan ja Viron parhailta tuottajilta. Kasvihuoneeseen ja avomaalle soveltuvat j\u00e4lkitestatut siemenet.\",\"breadcrumb\":{\"@id\":\"https:\\\/\\\/rodoaed.ee\\\/fi\\\/toode\\\/kurkku-telegraph-improved-aikainen-kasvihuone-ja-salaattikurkku\\\/#breadcrumb\"},\"inLanguage\":\"fi\",\"potentialAction\":[{\"@type\":\"ReadAction\",\"target\":[\"https:\\\/\\\/rodoaed.ee\\\/fi\\\/toode\\\/kurkku-telegraph-improved-aikainen-kasvihuone-ja-salaattikurkku\\\/\"]}]},{\"@type\":\"ImageObject\",\"inLanguage\":\"fi\",\"@id\":\"https:\\\/\\\/rodoaed.ee\\\/fi\\\/toode\\\/kurkku-telegraph-improved-aikainen-kasvihuone-ja-salaattikurkku\\\/#primaryimage\",\"url\":\"https:\\\/\\\/rodoaed.ee\\\/wp-content\\\/uploads\\\/2022\\\/01\\\/kurgi-seemned_8711117219200_1.png\",\"contentUrl\":\"https:\\\/\\\/rodoaed.ee\\\/wp-content\\\/uploads\\\/2022\\\/01\\\/kurgi-seemned_8711117219200_1.png\",\"width\":610,\"height\":984},{\"@type\":\"BreadcrumbList\",\"@id\":\"https:\\\/\\\/rodoaed.ee\\\/fi\\\/toode\\\/kurkku-telegraph-improved-aikainen-kasvihuone-ja-salaattikurkku\\\/#breadcrumb\",\"itemListElement\":[{\"@type\":\"ListItem\",\"position\":1,\"name\":\"Home\",\"item\":\"https:\\\/\\\/rodoaed.ee\\\/fi\\\/\"},{\"@type\":\"ListItem\",\"position\":2,\"name\":\"Osta osoitteessa\",\"item\":\"https:\\\/\\\/rodoaed.ee\\\/osta-osoitteessa\\\/\"},{\"@type\":\"ListItem\",\"position\":3,\"name\":\"Kurkku Telegraph Improved &#8211; aikainen, kasvihuone- ja salaattikurkku.\"}]},{\"@type\":\"WebSite\",\"@id\":\"https:\\\/\\\/rodoaed.ee\\\/#website\",\"url\":\"https:\\\/\\\/rodoaed.ee\\\/\",\"name\":\"Rodoaed\",\"description\":\"\",\"publisher\":{\"@id\":\"https:\\\/\\\/rodoaed.ee\\\/#organization\"},\"potentialAction\":[{\"@type\":\"SearchAction\",\"target\":{\"@type\":\"EntryPoint\",\"urlTemplate\":\"https:\\\/\\\/rodoaed.ee\\\/?s={search_term_string}\"},\"query-input\":{\"@type\":\"PropertyValueSpecification\",\"valueRequired\":true,\"valueName\":\"search_term_string\"}}],\"inLanguage\":\"fi\"},{\"@type\":\"Organization\",\"@id\":\"https:\\\/\\\/rodoaed.ee\\\/#organization\",\"name\":\"Rodoaed\",\"url\":\"https:\\\/\\\/rodoaed.ee\\\/\",\"logo\":{\"@type\":\"ImageObject\",\"inLanguage\":\"fi\",\"@id\":\"https:\\\/\\\/rodoaed.ee\\\/#\\\/schema\\\/logo\\\/image\\\/\",\"url\":\"https:\\\/\\\/rodoaed.ee\\\/wp-content\\\/uploads\\\/2019\\\/11\\\/rodoaed-logo-ilma-taustata.jpg\",\"contentUrl\":\"https:\\\/\\\/rodoaed.ee\\\/wp-content\\\/uploads\\\/2019\\\/11\\\/rodoaed-logo-ilma-taustata.jpg\",\"width\":769,\"height\":268,\"caption\":\"Rodoaed\"},\"image\":{\"@id\":\"https:\\\/\\\/rodoaed.ee\\\/#\\\/schema\\\/logo\\\/image\\\/\"},\"sameAs\":[\"https:\\\/\\\/www.facebook.com\\\/kasvuhooned\\\/\",\"https:\\\/\\\/rodoaed.ee\"]}]}<\/script>\n<!-- \/ Yoast SEO Premium plugin. -->","yoast_head_json":{"title":"Kurkku Telegraph Improved - aikainen, kasvihuone- ja salaattikurkku. - Rodoaed","description":"Vihannesten siemeni\u00e4 Euroopan ja Viron parhailta tuottajilta. Kasvihuoneeseen ja avomaalle soveltuvat j\u00e4lkitestatut siemenet.","robots":{"index":"index","follow":"follow","max-snippet":"max-snippet:-1","max-image-preview":"max-image-preview:large","max-video-preview":"max-video-preview:-1"},"canonical":"https:\/\/rodoaed.ee\/fi\/toode\/kurkku-telegraph-improved-aikainen-kasvihuone-ja-salaattikurkku\/","og_locale":"fi_FI","og_type":"article","og_title":"Kurkku Telegraph Improved - aikainen, kasvihuone- ja salaattikurkku.","og_description":"maukkaat, sile\u00e4t, piikitt\u00f6m\u00e4t hedelm\u00e4t, kasvihuoneviljelyyn. Cucumis sativus Kest\u00e4v\u00e4 lajike kasvihuoneissa kasvatettavaksi salaatteja varten. Hedelm\u00e4t","og_url":"https:\/\/rodoaed.ee\/fi\/toode\/kurkku-telegraph-improved-aikainen-kasvihuone-ja-salaattikurkku\/","og_site_name":"Rodoaed","article_publisher":"https:\/\/www.facebook.com\/kasvuhooned\/","article_modified_time":"2026-04-13T07:56:53+00:00","og_image":[{"width":610,"height":984,"url":"https:\/\/rodoaed.ee\/wp-content\/uploads\/2022\/01\/kurgi-seemned_8711117219200_1.png","type":"image\/png"}],"twitter_card":"summary_large_image","schema":{"@context":"https:\/\/schema.org","@graph":[{"@type":"WebPage","@id":"https:\/\/rodoaed.ee\/fi\/toode\/kurkku-telegraph-improved-aikainen-kasvihuone-ja-salaattikurkku\/","url":"https:\/\/rodoaed.ee\/fi\/toode\/kurkku-telegraph-improved-aikainen-kasvihuone-ja-salaattikurkku\/","name":"Kurkku Telegraph Improved - aikainen, kasvihuone- ja salaattikurkku. - Rodoaed","isPartOf":{"@id":"https:\/\/rodoaed.ee\/#website"},"primaryImageOfPage":{"@id":"https:\/\/rodoaed.ee\/fi\/toode\/kurkku-telegraph-improved-aikainen-kasvihuone-ja-salaattikurkku\/#primaryimage"},"image":{"@id":"https:\/\/rodoaed.ee\/fi\/toode\/kurkku-telegraph-improved-aikainen-kasvihuone-ja-salaattikurkku\/#primaryimage"},"thumbnailUrl":"https:\/\/rodoaed.ee\/wp-content\/uploads\/2022\/01\/kurgi-seemned_8711117219200_1.png","datePublished":"2022-01-24T10:11:46+00:00","dateModified":"2026-04-13T07:56:53+00:00","description":"Vihannesten siemeni\u00e4 Euroopan ja Viron parhailta tuottajilta. Kasvihuoneeseen ja avomaalle soveltuvat j\u00e4lkitestatut siemenet.","breadcrumb":{"@id":"https:\/\/rodoaed.ee\/fi\/toode\/kurkku-telegraph-improved-aikainen-kasvihuone-ja-salaattikurkku\/#breadcrumb"},"inLanguage":"fi","potentialAction":[{"@type":"ReadAction","target":["https:\/\/rodoaed.ee\/fi\/toode\/kurkku-telegraph-improved-aikainen-kasvihuone-ja-salaattikurkku\/"]}]},{"@type":"ImageObject","inLanguage":"fi","@id":"https:\/\/rodoaed.ee\/fi\/toode\/kurkku-telegraph-improved-aikainen-kasvihuone-ja-salaattikurkku\/#primaryimage","url":"https:\/\/rodoaed.ee\/wp-content\/uploads\/2022\/01\/kurgi-seemned_8711117219200_1.png","contentUrl":"https:\/\/rodoaed.ee\/wp-content\/uploads\/2022\/01\/kurgi-seemned_8711117219200_1.png","width":610,"height":984},{"@type":"BreadcrumbList","@id":"https:\/\/rodoaed.ee\/fi\/toode\/kurkku-telegraph-improved-aikainen-kasvihuone-ja-salaattikurkku\/#breadcrumb","itemListElement":[{"@type":"ListItem","position":1,"name":"Home","item":"https:\/\/rodoaed.ee\/fi\/"},{"@type":"ListItem","position":2,"name":"Osta osoitteessa","item":"https:\/\/rodoaed.ee\/osta-osoitteessa\/"},{"@type":"ListItem","position":3,"name":"Kurkku Telegraph Improved &#8211; aikainen, kasvihuone- ja salaattikurkku."}]},{"@type":"WebSite","@id":"https:\/\/rodoaed.ee\/#website","url":"https:\/\/rodoaed.ee\/","name":"Rodoaed","description":"","publisher":{"@id":"https:\/\/rodoaed.ee\/#organization"},"potentialAction":[{"@type":"SearchAction","target":{"@type":"EntryPoint","urlTemplate":"https:\/\/rodoaed.ee\/?s={search_term_string}"},"query-input":{"@type":"PropertyValueSpecification","valueRequired":true,"valueName":"search_term_string"}}],"inLanguage":"fi"},{"@type":"Organization","@id":"https:\/\/rodoaed.ee\/#organization","name":"Rodoaed","url":"https:\/\/rodoaed.ee\/","logo":{"@type":"ImageObject","inLanguage":"fi","@id":"https:\/\/rodoaed.ee\/#\/schema\/logo\/image\/","url":"https:\/\/rodoaed.ee\/wp-content\/uploads\/2019\/11\/rodoaed-logo-ilma-taustata.jpg","contentUrl":"https:\/\/rodoaed.ee\/wp-content\/uploads\/2019\/11\/rodoaed-logo-ilma-taustata.jpg","width":769,"height":268,"caption":"Rodoaed"},"image":{"@id":"https:\/\/rodoaed.ee\/#\/schema\/logo\/image\/"},"sameAs":["https:\/\/www.facebook.com\/kasvuhooned\/","https:\/\/rodoaed.ee"]}]}},"_links":{"self":[{"href":"https:\/\/rodoaed.ee\/fi\/wp-json\/wp\/v2\/product\/52900","targetHints":{"allow":["GET"]}}],"collection":[{"href":"https:\/\/rodoaed.ee\/fi\/wp-json\/wp\/v2\/product"}],"about":[{"href":"https:\/\/rodoaed.ee\/fi\/wp-json\/wp\/v2\/types\/product"}],"wp:featuredmedia":[{"embeddable":true,"href":"https:\/\/rodoaed.ee\/fi\/wp-json\/wp\/v2\/media\/49657"}],"wp:attachment":[{"href":"https:\/\/rodoaed.ee\/fi\/wp-json\/wp\/v2\/media?parent=52900"}],"wp:term":[{"taxonomy":"product_brand","embeddable":true,"href":"https:\/\/rodoaed.ee\/fi\/wp-json\/wp\/v2\/product_brand?post=52900"},{"taxonomy":"product_cat","embeddable":true,"href":"https:\/\/rodoaed.ee\/fi\/wp-json\/wp\/v2\/product_cat?post=52900"},{"taxonomy":"product_tag","embeddable":true,"href":"https:\/\/rodoaed.ee\/fi\/wp-json\/wp\/v2\/product_tag?post=52900"}],"curies":[{"name":"wp","href":"https:\/\/api.w.org\/{rel}","templated":true}]}}