{"id":52902,"date":"2022-01-24T12:26:16","date_gmt":"2022-01-24T10:26:16","guid":{"rendered":"https:\/\/rodoaed.ee\/toode\/kurkku-dragonfly-f1-keskiaikainen-elinvoimainen-hyva-sailontakurkku\/"},"modified":"2026-04-13T10:56:55","modified_gmt":"2026-04-13T07:56:55","slug":"kurkku-dragonfly-f1-keskiaikainen-elinvoimainen-hyva-sailontakurkku","status":"publish","type":"product","link":"https:\/\/rodoaed.ee\/fi\/tuote\/kurkku-dragonfly-f1-keskiaikainen-elinvoimainen-hyva-sailontakurkku\/","title":{"rendered":"Kurkku Dragonfly F1- keskiaikainen, elinvoimainen, hyv\u00e4 s\u00e4il\u00f6nt\u00e4kurkku."},"content":{"rendered":"<h2>keskenkasvuinen, elinvoimainen, hyv\u00e4 s\u00e4il\u00f6nt\u00e4potentiaali.<\/h2>\n<p>Cucumis sativus<\/p>\n<p>Putkimainen, p\u00e4\u00e4asiassa naispuolinen, puoliv\u00e4liss\u00e4 alkuvuotta oleva lajike. Sadonkorjuu alkaa 53 p\u00e4iv\u00e4n kuluttua kylv\u00f6st\u00e4. Voimakas kurkkukasvi, joka haarautuu vain v\u00e4h\u00e4n. Kurkku on tummanvihre\u00e4, ja siin\u00e4 on pieni\u00e4 kuoppia ja vaaleat piikit. P\u00e4\u00e4sato on loppukes\u00e4st\u00e4, joten se soveltuu hyvin s\u00e4ilykkeeksi.    <\/p>\n<p>Noin 40 siemenen pakkaus<\/p>\n<p><a href=\"https:\/\/rodoaed.ee\/fi\/\">kotisivu<\/a> <a href=\"https:\/\/rodoaed.ee\/fi\/tootekategooria\/puutarha-ja-piha\/\">k\u00e4ynnist\u00e4<\/a>  <a href=\"https:\/\/rodoaed.ee\/fi\/tootekategooria\/puutarha-ja-piha\/siemenet\/\">siemenet<\/a><\/p>\n<p>&nbsp;<\/p>\n","protected":false},"excerpt":{"rendered":"<p>keskenkasvuinen, elinvoimainen, hyv\u00e4 s\u00e4il\u00f6nt\u00e4potentiaali. Cucumis sativus Putkimainen, p\u00e4\u00e4asiassa naispuolinen, puoliv\u00e4liss\u00e4 alkuvuotta oleva lajike. Sadonkorjuu alkaa 53 p\u00e4iv\u00e4n kuluttua kylv\u00f6st\u00e4. Voimakas kurkkukasvi, joka haarautuu vain v\u00e4h\u00e4n. Kurkku on tummanvihre\u00e4, ja siin\u00e4 on pieni\u00e4 kuoppia ja vaaleat piikit. P\u00e4\u00e4sato on loppukes\u00e4st\u00e4, joten se soveltuu hyvin s\u00e4ilykkeeksi. Noin 40 siemenen pakkaus kotisivu k\u00e4ynnist\u00e4 siemenet &nbsp;<\/p>\n","protected":false},"featured_media":40294,"template":"","meta":{"_acf_changed":false},"product_brand":[],"product_cat":[1755,1752,1753],"product_tag":[],"class_list":{"0":"post-52902","1":"product","2":"type-product","3":"status-publish","4":"has-post-thumbnail","6":"product_cat-kurkun-siemenet","7":"product_cat-puutarha-ja-piha","8":"product_cat-siemenet","9":"product_shipping_class-toimitus-1-3-tyopaivan-kuluessa","10":"pa_variatsioon-suuri-blumatin-automaattinen-kastelujarjestelma-jossa-on-40-anturia-ja-vesihanaliitanta","12":"first","13":"outofstock","14":"taxable","15":"shipping-taxable","16":"purchasable","17":"product-type-simple"},"acf":[],"yoast_head":"<!-- This site is optimized with the Yoast SEO Premium plugin v27.3 (Yoast SEO v27.3) - https:\/\/yoast.com\/product\/yoast-seo-premium-wordpress\/ -->\n<title>Kurkku Dragonfly F1- keskiaikainen, elinvoimainen, hyv\u00e4 s\u00e4il\u00f6nt\u00e4kurkku. - Rodoaed<\/title>\n<meta name=\"description\" content=\"Vihannesten siemeni\u00e4 Euroopan ja Viron parhailta tuottajilta. Kasvihuoneeseen ja avomaalle soveltuvat j\u00e4lkitestatut siemenet.\" \/>\n<meta name=\"robots\" content=\"index, follow, max-snippet:-1, max-image-preview:large, max-video-preview:-1\" \/>\n<link rel=\"canonical\" href=\"https:\/\/rodoaed.ee\/fi\/toode\/kurkku-dragonfly-f1-keskiaikainen-elinvoimainen-hyva-sailontakurkku\/\" \/>\n<meta property=\"og:locale\" content=\"fi_FI\" \/>\n<meta property=\"og:type\" content=\"article\" \/>\n<meta property=\"og:title\" content=\"Kurkku Dragonfly F1- keskiaikainen, elinvoimainen, hyv\u00e4 s\u00e4il\u00f6nt\u00e4kurkku.\" \/>\n<meta property=\"og:description\" content=\"keskenkasvuinen, elinvoimainen, hyv\u00e4 s\u00e4il\u00f6nt\u00e4potentiaali. Cucumis sativus Putkimainen, p\u00e4\u00e4asiassa naispuolinen, puoliv\u00e4liss\u00e4 alkuvuotta oleva lajike.\" \/>\n<meta property=\"og:url\" content=\"https:\/\/rodoaed.ee\/fi\/toode\/kurkku-dragonfly-f1-keskiaikainen-elinvoimainen-hyva-sailontakurkku\/\" \/>\n<meta property=\"og:site_name\" content=\"Rodoaed\" \/>\n<meta property=\"article:publisher\" content=\"https:\/\/www.facebook.com\/kasvuhooned\/\" \/>\n<meta property=\"article:modified_time\" content=\"2026-04-13T07:56:55+00:00\" \/>\n<meta property=\"og:image\" content=\"https:\/\/rodoaed.ee\/wp-content\/uploads\/2022\/01\/KURK-LIBELLE-F1.jpg\" \/>\n\t<meta property=\"og:image:width\" content=\"1162\" \/>\n\t<meta property=\"og:image:height\" content=\"1806\" \/>\n\t<meta property=\"og:image:type\" content=\"image\/jpeg\" \/>\n<meta name=\"twitter:card\" content=\"summary_large_image\" \/>\n<script type=\"application\/ld+json\" class=\"yoast-schema-graph\">{\"@context\":\"https:\\\/\\\/schema.org\",\"@graph\":[{\"@type\":\"WebPage\",\"@id\":\"https:\\\/\\\/rodoaed.ee\\\/fi\\\/toode\\\/kurkku-dragonfly-f1-keskiaikainen-elinvoimainen-hyva-sailontakurkku\\\/\",\"url\":\"https:\\\/\\\/rodoaed.ee\\\/fi\\\/toode\\\/kurkku-dragonfly-f1-keskiaikainen-elinvoimainen-hyva-sailontakurkku\\\/\",\"name\":\"Kurkku Dragonfly F1- keskiaikainen, elinvoimainen, hyv\u00e4 s\u00e4il\u00f6nt\u00e4kurkku. - Rodoaed\",\"isPartOf\":{\"@id\":\"https:\\\/\\\/rodoaed.ee\\\/#website\"},\"primaryImageOfPage\":{\"@id\":\"https:\\\/\\\/rodoaed.ee\\\/fi\\\/toode\\\/kurkku-dragonfly-f1-keskiaikainen-elinvoimainen-hyva-sailontakurkku\\\/#primaryimage\"},\"image\":{\"@id\":\"https:\\\/\\\/rodoaed.ee\\\/fi\\\/toode\\\/kurkku-dragonfly-f1-keskiaikainen-elinvoimainen-hyva-sailontakurkku\\\/#primaryimage\"},\"thumbnailUrl\":\"https:\\\/\\\/rodoaed.ee\\\/wp-content\\\/uploads\\\/2022\\\/01\\\/KURK-LIBELLE-F1.jpg\",\"datePublished\":\"2022-01-24T10:26:16+00:00\",\"dateModified\":\"2026-04-13T07:56:55+00:00\",\"description\":\"Vihannesten siemeni\u00e4 Euroopan ja Viron parhailta tuottajilta. Kasvihuoneeseen ja avomaalle soveltuvat j\u00e4lkitestatut siemenet.\",\"breadcrumb\":{\"@id\":\"https:\\\/\\\/rodoaed.ee\\\/fi\\\/toode\\\/kurkku-dragonfly-f1-keskiaikainen-elinvoimainen-hyva-sailontakurkku\\\/#breadcrumb\"},\"inLanguage\":\"fi\",\"potentialAction\":[{\"@type\":\"ReadAction\",\"target\":[\"https:\\\/\\\/rodoaed.ee\\\/fi\\\/toode\\\/kurkku-dragonfly-f1-keskiaikainen-elinvoimainen-hyva-sailontakurkku\\\/\"]}]},{\"@type\":\"ImageObject\",\"inLanguage\":\"fi\",\"@id\":\"https:\\\/\\\/rodoaed.ee\\\/fi\\\/toode\\\/kurkku-dragonfly-f1-keskiaikainen-elinvoimainen-hyva-sailontakurkku\\\/#primaryimage\",\"url\":\"https:\\\/\\\/rodoaed.ee\\\/wp-content\\\/uploads\\\/2022\\\/01\\\/KURK-LIBELLE-F1.jpg\",\"contentUrl\":\"https:\\\/\\\/rodoaed.ee\\\/wp-content\\\/uploads\\\/2022\\\/01\\\/KURK-LIBELLE-F1.jpg\",\"width\":1162,\"height\":1806},{\"@type\":\"BreadcrumbList\",\"@id\":\"https:\\\/\\\/rodoaed.ee\\\/fi\\\/toode\\\/kurkku-dragonfly-f1-keskiaikainen-elinvoimainen-hyva-sailontakurkku\\\/#breadcrumb\",\"itemListElement\":[{\"@type\":\"ListItem\",\"position\":1,\"name\":\"Home\",\"item\":\"https:\\\/\\\/rodoaed.ee\\\/fi\\\/\"},{\"@type\":\"ListItem\",\"position\":2,\"name\":\"Osta osoitteessa\",\"item\":\"https:\\\/\\\/rodoaed.ee\\\/osta-osoitteessa\\\/\"},{\"@type\":\"ListItem\",\"position\":3,\"name\":\"Kurkku Dragonfly F1- keskiaikainen, elinvoimainen, hyv\u00e4 s\u00e4il\u00f6nt\u00e4kurkku.\"}]},{\"@type\":\"WebSite\",\"@id\":\"https:\\\/\\\/rodoaed.ee\\\/#website\",\"url\":\"https:\\\/\\\/rodoaed.ee\\\/\",\"name\":\"Rodoaed\",\"description\":\"\",\"publisher\":{\"@id\":\"https:\\\/\\\/rodoaed.ee\\\/#organization\"},\"potentialAction\":[{\"@type\":\"SearchAction\",\"target\":{\"@type\":\"EntryPoint\",\"urlTemplate\":\"https:\\\/\\\/rodoaed.ee\\\/?s={search_term_string}\"},\"query-input\":{\"@type\":\"PropertyValueSpecification\",\"valueRequired\":true,\"valueName\":\"search_term_string\"}}],\"inLanguage\":\"fi\"},{\"@type\":\"Organization\",\"@id\":\"https:\\\/\\\/rodoaed.ee\\\/#organization\",\"name\":\"Rodoaed\",\"url\":\"https:\\\/\\\/rodoaed.ee\\\/\",\"logo\":{\"@type\":\"ImageObject\",\"inLanguage\":\"fi\",\"@id\":\"https:\\\/\\\/rodoaed.ee\\\/#\\\/schema\\\/logo\\\/image\\\/\",\"url\":\"https:\\\/\\\/rodoaed.ee\\\/wp-content\\\/uploads\\\/2019\\\/11\\\/rodoaed-logo-ilma-taustata.jpg\",\"contentUrl\":\"https:\\\/\\\/rodoaed.ee\\\/wp-content\\\/uploads\\\/2019\\\/11\\\/rodoaed-logo-ilma-taustata.jpg\",\"width\":769,\"height\":268,\"caption\":\"Rodoaed\"},\"image\":{\"@id\":\"https:\\\/\\\/rodoaed.ee\\\/#\\\/schema\\\/logo\\\/image\\\/\"},\"sameAs\":[\"https:\\\/\\\/www.facebook.com\\\/kasvuhooned\\\/\",\"https:\\\/\\\/rodoaed.ee\"]}]}<\/script>\n<!-- \/ Yoast SEO Premium plugin. -->","yoast_head_json":{"title":"Kurkku Dragonfly F1- keskiaikainen, elinvoimainen, hyv\u00e4 s\u00e4il\u00f6nt\u00e4kurkku. - Rodoaed","description":"Vihannesten siemeni\u00e4 Euroopan ja Viron parhailta tuottajilta. Kasvihuoneeseen ja avomaalle soveltuvat j\u00e4lkitestatut siemenet.","robots":{"index":"index","follow":"follow","max-snippet":"max-snippet:-1","max-image-preview":"max-image-preview:large","max-video-preview":"max-video-preview:-1"},"canonical":"https:\/\/rodoaed.ee\/fi\/toode\/kurkku-dragonfly-f1-keskiaikainen-elinvoimainen-hyva-sailontakurkku\/","og_locale":"fi_FI","og_type":"article","og_title":"Kurkku Dragonfly F1- keskiaikainen, elinvoimainen, hyv\u00e4 s\u00e4il\u00f6nt\u00e4kurkku.","og_description":"keskenkasvuinen, elinvoimainen, hyv\u00e4 s\u00e4il\u00f6nt\u00e4potentiaali. Cucumis sativus Putkimainen, p\u00e4\u00e4asiassa naispuolinen, puoliv\u00e4liss\u00e4 alkuvuotta oleva lajike.","og_url":"https:\/\/rodoaed.ee\/fi\/toode\/kurkku-dragonfly-f1-keskiaikainen-elinvoimainen-hyva-sailontakurkku\/","og_site_name":"Rodoaed","article_publisher":"https:\/\/www.facebook.com\/kasvuhooned\/","article_modified_time":"2026-04-13T07:56:55+00:00","og_image":[{"width":1162,"height":1806,"url":"https:\/\/rodoaed.ee\/wp-content\/uploads\/2022\/01\/KURK-LIBELLE-F1.jpg","type":"image\/jpeg"}],"twitter_card":"summary_large_image","schema":{"@context":"https:\/\/schema.org","@graph":[{"@type":"WebPage","@id":"https:\/\/rodoaed.ee\/fi\/toode\/kurkku-dragonfly-f1-keskiaikainen-elinvoimainen-hyva-sailontakurkku\/","url":"https:\/\/rodoaed.ee\/fi\/toode\/kurkku-dragonfly-f1-keskiaikainen-elinvoimainen-hyva-sailontakurkku\/","name":"Kurkku Dragonfly F1- keskiaikainen, elinvoimainen, hyv\u00e4 s\u00e4il\u00f6nt\u00e4kurkku. - Rodoaed","isPartOf":{"@id":"https:\/\/rodoaed.ee\/#website"},"primaryImageOfPage":{"@id":"https:\/\/rodoaed.ee\/fi\/toode\/kurkku-dragonfly-f1-keskiaikainen-elinvoimainen-hyva-sailontakurkku\/#primaryimage"},"image":{"@id":"https:\/\/rodoaed.ee\/fi\/toode\/kurkku-dragonfly-f1-keskiaikainen-elinvoimainen-hyva-sailontakurkku\/#primaryimage"},"thumbnailUrl":"https:\/\/rodoaed.ee\/wp-content\/uploads\/2022\/01\/KURK-LIBELLE-F1.jpg","datePublished":"2022-01-24T10:26:16+00:00","dateModified":"2026-04-13T07:56:55+00:00","description":"Vihannesten siemeni\u00e4 Euroopan ja Viron parhailta tuottajilta. Kasvihuoneeseen ja avomaalle soveltuvat j\u00e4lkitestatut siemenet.","breadcrumb":{"@id":"https:\/\/rodoaed.ee\/fi\/toode\/kurkku-dragonfly-f1-keskiaikainen-elinvoimainen-hyva-sailontakurkku\/#breadcrumb"},"inLanguage":"fi","potentialAction":[{"@type":"ReadAction","target":["https:\/\/rodoaed.ee\/fi\/toode\/kurkku-dragonfly-f1-keskiaikainen-elinvoimainen-hyva-sailontakurkku\/"]}]},{"@type":"ImageObject","inLanguage":"fi","@id":"https:\/\/rodoaed.ee\/fi\/toode\/kurkku-dragonfly-f1-keskiaikainen-elinvoimainen-hyva-sailontakurkku\/#primaryimage","url":"https:\/\/rodoaed.ee\/wp-content\/uploads\/2022\/01\/KURK-LIBELLE-F1.jpg","contentUrl":"https:\/\/rodoaed.ee\/wp-content\/uploads\/2022\/01\/KURK-LIBELLE-F1.jpg","width":1162,"height":1806},{"@type":"BreadcrumbList","@id":"https:\/\/rodoaed.ee\/fi\/toode\/kurkku-dragonfly-f1-keskiaikainen-elinvoimainen-hyva-sailontakurkku\/#breadcrumb","itemListElement":[{"@type":"ListItem","position":1,"name":"Home","item":"https:\/\/rodoaed.ee\/fi\/"},{"@type":"ListItem","position":2,"name":"Osta osoitteessa","item":"https:\/\/rodoaed.ee\/osta-osoitteessa\/"},{"@type":"ListItem","position":3,"name":"Kurkku Dragonfly F1- keskiaikainen, elinvoimainen, hyv\u00e4 s\u00e4il\u00f6nt\u00e4kurkku."}]},{"@type":"WebSite","@id":"https:\/\/rodoaed.ee\/#website","url":"https:\/\/rodoaed.ee\/","name":"Rodoaed","description":"","publisher":{"@id":"https:\/\/rodoaed.ee\/#organization"},"potentialAction":[{"@type":"SearchAction","target":{"@type":"EntryPoint","urlTemplate":"https:\/\/rodoaed.ee\/?s={search_term_string}"},"query-input":{"@type":"PropertyValueSpecification","valueRequired":true,"valueName":"search_term_string"}}],"inLanguage":"fi"},{"@type":"Organization","@id":"https:\/\/rodoaed.ee\/#organization","name":"Rodoaed","url":"https:\/\/rodoaed.ee\/","logo":{"@type":"ImageObject","inLanguage":"fi","@id":"https:\/\/rodoaed.ee\/#\/schema\/logo\/image\/","url":"https:\/\/rodoaed.ee\/wp-content\/uploads\/2019\/11\/rodoaed-logo-ilma-taustata.jpg","contentUrl":"https:\/\/rodoaed.ee\/wp-content\/uploads\/2019\/11\/rodoaed-logo-ilma-taustata.jpg","width":769,"height":268,"caption":"Rodoaed"},"image":{"@id":"https:\/\/rodoaed.ee\/#\/schema\/logo\/image\/"},"sameAs":["https:\/\/www.facebook.com\/kasvuhooned\/","https:\/\/rodoaed.ee"]}]}},"_links":{"self":[{"href":"https:\/\/rodoaed.ee\/fi\/wp-json\/wp\/v2\/product\/52902","targetHints":{"allow":["GET"]}}],"collection":[{"href":"https:\/\/rodoaed.ee\/fi\/wp-json\/wp\/v2\/product"}],"about":[{"href":"https:\/\/rodoaed.ee\/fi\/wp-json\/wp\/v2\/types\/product"}],"wp:featuredmedia":[{"embeddable":true,"href":"https:\/\/rodoaed.ee\/fi\/wp-json\/wp\/v2\/media\/40294"}],"wp:attachment":[{"href":"https:\/\/rodoaed.ee\/fi\/wp-json\/wp\/v2\/media?parent=52902"}],"wp:term":[{"taxonomy":"product_brand","embeddable":true,"href":"https:\/\/rodoaed.ee\/fi\/wp-json\/wp\/v2\/product_brand?post=52902"},{"taxonomy":"product_cat","embeddable":true,"href":"https:\/\/rodoaed.ee\/fi\/wp-json\/wp\/v2\/product_cat?post=52902"},{"taxonomy":"product_tag","embeddable":true,"href":"https:\/\/rodoaed.ee\/fi\/wp-json\/wp\/v2\/product_tag?post=52902"}],"curies":[{"name":"wp","href":"https:\/\/api.w.org\/{rel}","templated":true}]}}