{"id":52903,"date":"2022-01-27T21:44:58","date_gmt":"2022-01-27T19:44:58","guid":{"rendered":"https:\/\/rodoaed.ee\/toode\/varaosa-runkosarja-ilman-sylinteria\/"},"modified":"2026-04-13T10:56:55","modified_gmt":"2026-04-13T07:56:55","slug":"varaosa-runkosarja-ilman-sylinteria","status":"publish","type":"product","link":"https:\/\/rodoaed.ee\/fi\/tuote\/varaosa-runkosarja-ilman-sylinteria\/","title":{"rendered":"Varaosa &#8211; runkosarja ilman sylinteri\u00e4"},"content":{"rendered":"<p>Jos kasvihuoneesi automaattinen kattoluukun avauslaite on rikki tai vaurioitunut, sinun ei tarvitse ostaa kokonaan uutta sarjaa. Vaihda vain runko. <\/p>\n<p><strong>HUOM T\u00e4m\u00e4 on alkuper\u00e4inen tanskalainen tuote, jonka maahantuoja olemme me. Univent-malleja valmistetaan kuitenkin my\u00f6s Kiinassa ja Ven\u00e4j\u00e4ll\u00e4 ja niit\u00e4 myyd\u00e4\u00e4n Virossa samalla nimell\u00e4. <\/strong>Ole vain varovainen ostaessasi huonolaatuisia kopioita. Ne ovat halvempia, mutta niiden k\u00e4ytt\u00f6ik\u00e4 rajoittuu yleens\u00e4 takuuajan loppuun. Alkuper\u00e4isen tuotteen k\u00e4ytt\u00f6ik\u00e4 on yleens\u00e4 jopa 15 vuotta.  <\/p>\n<p>&nbsp;<\/p>\n<div><a href=\"https:\/\/rodoaed.ee\/fi\/\">kotisivu<\/a> <a href=\"https:\/\/rodoaed.ee\/tootekategooria\/kasvuhooned-ja-talveaiad\/\">k\u00e4ynnist\u00e4<\/a> <a href=\"https:\/\/rodoaed.ee\/fi\/tootekategooria\/kasvihuoneen-tarvikkeet\/\">tarvikkeet<\/a> <a href=\"https:\/\/rodoaed.ee\/fi\/tootekategooria\/kasvihuoneen-tarvikkeet\/kasvihuoneen-ilmanvaihto\/\">ilmanvaihto<\/a><\/div>\n<div>\n<div><\/div>\n<\/div>\n","protected":false},"excerpt":{"rendered":"<p>Jos kasvihuoneesi automaattinen kattoluukun avauslaite on rikki tai vaurioitunut, sinun ei tarvitse ostaa kokonaan uutta sarjaa. Vaihda vain runko. HUOM T\u00e4m\u00e4 on alkuper\u00e4inen tanskalainen tuote, jonka maahantuoja olemme me. Univent-malleja valmistetaan kuitenkin my\u00f6s Kiinassa ja Ven\u00e4j\u00e4ll\u00e4 ja niit\u00e4 myyd\u00e4\u00e4n Virossa samalla nimell\u00e4. Ole vain varovainen ostaessasi huonolaatuisia kopioita. Ne ovat halvempia, mutta niiden k\u00e4ytt\u00f6ik\u00e4 rajoittuu yleens\u00e4 takuuajan loppuun. Alkuper\u00e4isen tuotteen k\u00e4ytt\u00f6ik\u00e4 on yleens\u00e4 jopa 15&#8230;<\/p>\n","protected":false},"featured_media":40329,"template":"","meta":{"_acf_changed":false},"product_brand":[],"product_cat":[1956,1869],"product_tag":[],"class_list":{"0":"post-52903","1":"product","2":"type-product","3":"status-publish","4":"has-post-thumbnail","6":"product_cat-kasvihuoneen-ilmanvaihto","7":"product_cat-kasvihuoneen-tarvikkeet","8":"product_shipping_class-toimitus-1-3-tyopaivan-kuluessa","9":"pa_variatsioon-20-univent-automaattinen-kattoluukun-avauslaite","11":"first","12":"outofstock","13":"sale","14":"taxable","15":"shipping-taxable","16":"purchasable","17":"product-type-simple"},"acf":[],"yoast_head":"<!-- This site is optimized with the Yoast SEO Premium plugin v27.3 (Yoast SEO v27.3) - https:\/\/yoast.com\/product\/yoast-seo-premium-wordpress\/ -->\n<title>Varaosa - runkosarja ilman sylinteri\u00e4% % -% Rodoaed%%automaattiset aikakatkaisut<\/title>\n<meta name=\"description\" content=\"Univent automaattinen kattoluukun avaaja kaikkiin kasvihuonemalleihin maailmanlaajuisesti. Automaattinen kattoluukun avaaja sopii sek\u00e4 alumiinirunkoisiin ett\u00e4 puisiin kasvihuoneisiin.\" \/>\n<meta name=\"robots\" content=\"index, follow, max-snippet:-1, max-image-preview:large, max-video-preview:-1\" \/>\n<link rel=\"canonical\" href=\"https:\/\/rodoaed.ee\/fi\/toode\/varaosa-runkosarja-ilman-sylinteria\/\" \/>\n<meta property=\"og:locale\" content=\"fi_FI\" \/>\n<meta property=\"og:type\" content=\"article\" \/>\n<meta property=\"og:title\" content=\"Varaosa - runkosarja ilman sylinteri\u00e4\" \/>\n<meta property=\"og:description\" content=\"Jos kasvihuoneesi automaattinen kattoluukun avauslaite on rikki tai vaurioitunut, sinun ei tarvitse ostaa kokonaan uutta sarjaa. Vaihda vain runko. HUOM\" \/>\n<meta property=\"og:url\" content=\"https:\/\/rodoaed.ee\/fi\/toode\/varaosa-runkosarja-ilman-sylinteria\/\" \/>\n<meta property=\"og:site_name\" content=\"Rodoaed\" \/>\n<meta property=\"article:publisher\" content=\"https:\/\/www.facebook.com\/kasvuhooned\/\" \/>\n<meta property=\"article:modified_time\" content=\"2026-04-13T07:56:55+00:00\" \/>\n<meta property=\"og:image\" content=\"https:\/\/rodoaed.ee\/wp-content\/uploads\/2019\/08\/luugiavaja-raam_Univent_11.png\" \/>\n\t<meta property=\"og:image:width\" content=\"1208\" \/>\n\t<meta property=\"og:image:height\" content=\"856\" \/>\n\t<meta property=\"og:image:type\" content=\"image\/png\" \/>\n<meta name=\"twitter:card\" content=\"summary_large_image\" \/>\n<script type=\"application\/ld+json\" class=\"yoast-schema-graph\">{\"@context\":\"https:\\\/\\\/schema.org\",\"@graph\":[{\"@type\":\"WebPage\",\"@id\":\"https:\\\/\\\/rodoaed.ee\\\/fi\\\/toode\\\/varaosa-runkosarja-ilman-sylinteria\\\/\",\"url\":\"https:\\\/\\\/rodoaed.ee\\\/fi\\\/toode\\\/varaosa-runkosarja-ilman-sylinteria\\\/\",\"name\":\"Varaosa - runkosarja ilman sylinteri\u00e4% % -% Rodoaed%%automaattiset aikakatkaisut\",\"isPartOf\":{\"@id\":\"https:\\\/\\\/rodoaed.ee\\\/#website\"},\"primaryImageOfPage\":{\"@id\":\"https:\\\/\\\/rodoaed.ee\\\/fi\\\/toode\\\/varaosa-runkosarja-ilman-sylinteria\\\/#primaryimage\"},\"image\":{\"@id\":\"https:\\\/\\\/rodoaed.ee\\\/fi\\\/toode\\\/varaosa-runkosarja-ilman-sylinteria\\\/#primaryimage\"},\"thumbnailUrl\":\"https:\\\/\\\/rodoaed.ee\\\/wp-content\\\/uploads\\\/2019\\\/08\\\/luugiavaja-raam_Univent_11.png\",\"datePublished\":\"2022-01-27T19:44:58+00:00\",\"dateModified\":\"2026-04-13T07:56:55+00:00\",\"description\":\"Univent automaattinen kattoluukun avaaja kaikkiin kasvihuonemalleihin maailmanlaajuisesti. Automaattinen kattoluukun avaaja sopii sek\u00e4 alumiinirunkoisiin ett\u00e4 puisiin kasvihuoneisiin.\",\"breadcrumb\":{\"@id\":\"https:\\\/\\\/rodoaed.ee\\\/fi\\\/toode\\\/varaosa-runkosarja-ilman-sylinteria\\\/#breadcrumb\"},\"inLanguage\":\"fi\",\"potentialAction\":[{\"@type\":\"ReadAction\",\"target\":[\"https:\\\/\\\/rodoaed.ee\\\/fi\\\/toode\\\/varaosa-runkosarja-ilman-sylinteria\\\/\"]}]},{\"@type\":\"ImageObject\",\"inLanguage\":\"fi\",\"@id\":\"https:\\\/\\\/rodoaed.ee\\\/fi\\\/toode\\\/varaosa-runkosarja-ilman-sylinteria\\\/#primaryimage\",\"url\":\"https:\\\/\\\/rodoaed.ee\\\/wp-content\\\/uploads\\\/2019\\\/08\\\/luugiavaja-raam_Univent_11.png\",\"contentUrl\":\"https:\\\/\\\/rodoaed.ee\\\/wp-content\\\/uploads\\\/2019\\\/08\\\/luugiavaja-raam_Univent_11.png\",\"width\":1208,\"height\":856},{\"@type\":\"BreadcrumbList\",\"@id\":\"https:\\\/\\\/rodoaed.ee\\\/fi\\\/toode\\\/varaosa-runkosarja-ilman-sylinteria\\\/#breadcrumb\",\"itemListElement\":[{\"@type\":\"ListItem\",\"position\":1,\"name\":\"Home\",\"item\":\"https:\\\/\\\/rodoaed.ee\\\/fi\\\/\"},{\"@type\":\"ListItem\",\"position\":2,\"name\":\"Osta osoitteessa\",\"item\":\"https:\\\/\\\/rodoaed.ee\\\/osta-osoitteessa\\\/\"},{\"@type\":\"ListItem\",\"position\":3,\"name\":\"Varaosa &#8211; runkosarja ilman sylinteri\u00e4\"}]},{\"@type\":\"WebSite\",\"@id\":\"https:\\\/\\\/rodoaed.ee\\\/#website\",\"url\":\"https:\\\/\\\/rodoaed.ee\\\/\",\"name\":\"Rodoaed\",\"description\":\"\",\"publisher\":{\"@id\":\"https:\\\/\\\/rodoaed.ee\\\/#organization\"},\"potentialAction\":[{\"@type\":\"SearchAction\",\"target\":{\"@type\":\"EntryPoint\",\"urlTemplate\":\"https:\\\/\\\/rodoaed.ee\\\/?s={search_term_string}\"},\"query-input\":{\"@type\":\"PropertyValueSpecification\",\"valueRequired\":true,\"valueName\":\"search_term_string\"}}],\"inLanguage\":\"fi\"},{\"@type\":\"Organization\",\"@id\":\"https:\\\/\\\/rodoaed.ee\\\/#organization\",\"name\":\"Rodoaed\",\"url\":\"https:\\\/\\\/rodoaed.ee\\\/\",\"logo\":{\"@type\":\"ImageObject\",\"inLanguage\":\"fi\",\"@id\":\"https:\\\/\\\/rodoaed.ee\\\/#\\\/schema\\\/logo\\\/image\\\/\",\"url\":\"https:\\\/\\\/rodoaed.ee\\\/wp-content\\\/uploads\\\/2019\\\/11\\\/rodoaed-logo-ilma-taustata.jpg\",\"contentUrl\":\"https:\\\/\\\/rodoaed.ee\\\/wp-content\\\/uploads\\\/2019\\\/11\\\/rodoaed-logo-ilma-taustata.jpg\",\"width\":769,\"height\":268,\"caption\":\"Rodoaed\"},\"image\":{\"@id\":\"https:\\\/\\\/rodoaed.ee\\\/#\\\/schema\\\/logo\\\/image\\\/\"},\"sameAs\":[\"https:\\\/\\\/www.facebook.com\\\/kasvuhooned\\\/\",\"https:\\\/\\\/rodoaed.ee\"]}]}<\/script>\n<!-- \/ Yoast SEO Premium plugin. -->","yoast_head_json":{"title":"Varaosa - runkosarja ilman sylinteri\u00e4% % -% Rodoaed%%automaattiset aikakatkaisut","description":"Univent automaattinen kattoluukun avaaja kaikkiin kasvihuonemalleihin maailmanlaajuisesti. Automaattinen kattoluukun avaaja sopii sek\u00e4 alumiinirunkoisiin ett\u00e4 puisiin kasvihuoneisiin.","robots":{"index":"index","follow":"follow","max-snippet":"max-snippet:-1","max-image-preview":"max-image-preview:large","max-video-preview":"max-video-preview:-1"},"canonical":"https:\/\/rodoaed.ee\/fi\/toode\/varaosa-runkosarja-ilman-sylinteria\/","og_locale":"fi_FI","og_type":"article","og_title":"Varaosa - runkosarja ilman sylinteri\u00e4","og_description":"Jos kasvihuoneesi automaattinen kattoluukun avauslaite on rikki tai vaurioitunut, sinun ei tarvitse ostaa kokonaan uutta sarjaa. Vaihda vain runko. HUOM","og_url":"https:\/\/rodoaed.ee\/fi\/toode\/varaosa-runkosarja-ilman-sylinteria\/","og_site_name":"Rodoaed","article_publisher":"https:\/\/www.facebook.com\/kasvuhooned\/","article_modified_time":"2026-04-13T07:56:55+00:00","og_image":[{"width":1208,"height":856,"url":"https:\/\/rodoaed.ee\/wp-content\/uploads\/2019\/08\/luugiavaja-raam_Univent_11.png","type":"image\/png"}],"twitter_card":"summary_large_image","schema":{"@context":"https:\/\/schema.org","@graph":[{"@type":"WebPage","@id":"https:\/\/rodoaed.ee\/fi\/toode\/varaosa-runkosarja-ilman-sylinteria\/","url":"https:\/\/rodoaed.ee\/fi\/toode\/varaosa-runkosarja-ilman-sylinteria\/","name":"Varaosa - runkosarja ilman sylinteri\u00e4% % -% Rodoaed%%automaattiset aikakatkaisut","isPartOf":{"@id":"https:\/\/rodoaed.ee\/#website"},"primaryImageOfPage":{"@id":"https:\/\/rodoaed.ee\/fi\/toode\/varaosa-runkosarja-ilman-sylinteria\/#primaryimage"},"image":{"@id":"https:\/\/rodoaed.ee\/fi\/toode\/varaosa-runkosarja-ilman-sylinteria\/#primaryimage"},"thumbnailUrl":"https:\/\/rodoaed.ee\/wp-content\/uploads\/2019\/08\/luugiavaja-raam_Univent_11.png","datePublished":"2022-01-27T19:44:58+00:00","dateModified":"2026-04-13T07:56:55+00:00","description":"Univent automaattinen kattoluukun avaaja kaikkiin kasvihuonemalleihin maailmanlaajuisesti. Automaattinen kattoluukun avaaja sopii sek\u00e4 alumiinirunkoisiin ett\u00e4 puisiin kasvihuoneisiin.","breadcrumb":{"@id":"https:\/\/rodoaed.ee\/fi\/toode\/varaosa-runkosarja-ilman-sylinteria\/#breadcrumb"},"inLanguage":"fi","potentialAction":[{"@type":"ReadAction","target":["https:\/\/rodoaed.ee\/fi\/toode\/varaosa-runkosarja-ilman-sylinteria\/"]}]},{"@type":"ImageObject","inLanguage":"fi","@id":"https:\/\/rodoaed.ee\/fi\/toode\/varaosa-runkosarja-ilman-sylinteria\/#primaryimage","url":"https:\/\/rodoaed.ee\/wp-content\/uploads\/2019\/08\/luugiavaja-raam_Univent_11.png","contentUrl":"https:\/\/rodoaed.ee\/wp-content\/uploads\/2019\/08\/luugiavaja-raam_Univent_11.png","width":1208,"height":856},{"@type":"BreadcrumbList","@id":"https:\/\/rodoaed.ee\/fi\/toode\/varaosa-runkosarja-ilman-sylinteria\/#breadcrumb","itemListElement":[{"@type":"ListItem","position":1,"name":"Home","item":"https:\/\/rodoaed.ee\/fi\/"},{"@type":"ListItem","position":2,"name":"Osta osoitteessa","item":"https:\/\/rodoaed.ee\/osta-osoitteessa\/"},{"@type":"ListItem","position":3,"name":"Varaosa &#8211; runkosarja ilman sylinteri\u00e4"}]},{"@type":"WebSite","@id":"https:\/\/rodoaed.ee\/#website","url":"https:\/\/rodoaed.ee\/","name":"Rodoaed","description":"","publisher":{"@id":"https:\/\/rodoaed.ee\/#organization"},"potentialAction":[{"@type":"SearchAction","target":{"@type":"EntryPoint","urlTemplate":"https:\/\/rodoaed.ee\/?s={search_term_string}"},"query-input":{"@type":"PropertyValueSpecification","valueRequired":true,"valueName":"search_term_string"}}],"inLanguage":"fi"},{"@type":"Organization","@id":"https:\/\/rodoaed.ee\/#organization","name":"Rodoaed","url":"https:\/\/rodoaed.ee\/","logo":{"@type":"ImageObject","inLanguage":"fi","@id":"https:\/\/rodoaed.ee\/#\/schema\/logo\/image\/","url":"https:\/\/rodoaed.ee\/wp-content\/uploads\/2019\/11\/rodoaed-logo-ilma-taustata.jpg","contentUrl":"https:\/\/rodoaed.ee\/wp-content\/uploads\/2019\/11\/rodoaed-logo-ilma-taustata.jpg","width":769,"height":268,"caption":"Rodoaed"},"image":{"@id":"https:\/\/rodoaed.ee\/#\/schema\/logo\/image\/"},"sameAs":["https:\/\/www.facebook.com\/kasvuhooned\/","https:\/\/rodoaed.ee"]}]}},"_links":{"self":[{"href":"https:\/\/rodoaed.ee\/fi\/wp-json\/wp\/v2\/product\/52903","targetHints":{"allow":["GET"]}}],"collection":[{"href":"https:\/\/rodoaed.ee\/fi\/wp-json\/wp\/v2\/product"}],"about":[{"href":"https:\/\/rodoaed.ee\/fi\/wp-json\/wp\/v2\/types\/product"}],"wp:featuredmedia":[{"embeddable":true,"href":"https:\/\/rodoaed.ee\/fi\/wp-json\/wp\/v2\/media\/40329"}],"wp:attachment":[{"href":"https:\/\/rodoaed.ee\/fi\/wp-json\/wp\/v2\/media?parent=52903"}],"wp:term":[{"taxonomy":"product_brand","embeddable":true,"href":"https:\/\/rodoaed.ee\/fi\/wp-json\/wp\/v2\/product_brand?post=52903"},{"taxonomy":"product_cat","embeddable":true,"href":"https:\/\/rodoaed.ee\/fi\/wp-json\/wp\/v2\/product_cat?post=52903"},{"taxonomy":"product_tag","embeddable":true,"href":"https:\/\/rodoaed.ee\/fi\/wp-json\/wp\/v2\/product_tag?post=52903"}],"curies":[{"name":"wp","href":"https:\/\/api.w.org\/{rel}","templated":true}]}}