{"id":52904,"date":"2022-02-16T12:48:40","date_gmt":"2022-02-16T10:48:40","guid":{"rendered":"https:\/\/rodoaed.ee\/toode\/lepakko-universaali-suuri-pesakolonia-pesakotelo-1fs\/"},"modified":"2026-04-13T10:56:56","modified_gmt":"2026-04-13T07:56:56","slug":"lepakko-universaali-suuri-pesakolonia-pesakotelo-1fs","status":"publish","type":"product","link":"https:\/\/rodoaed.ee\/fi\/tuote\/lepakko-universaali-suuri-pesakolonia-pesakotelo-1fs\/","title":{"rendered":"Lepakko universaali suuri pes\u00e4kolonia pes\u00e4kotelo 1FS"},"content":{"rendered":"<h2>Uusi 1FFH-yleislepakkoasennuslaatikko sopii erinomaisesti eri lepakkolajien kes\u00e4pesien ja pesien kasvattamiseen.<\/h2>\n<p>T\u00e4m\u00e4 malli on eritt\u00e4in suosittu suurten lepakkokolonioiden keskuudessa. Se tarjoaa runsaasti tilaa suurelle kes\u00e4yhdyskunnalle. Lepakot ovat hyvin sosiaalisia olentoja, ja t\u00e4ss\u00e4 on niille runsaasti tilaa. Eri paikkoja on niin imett\u00e4ville nuorille emoille kuin muillekin.   <\/p>\n<p><strong>Kes\u00e4n pesint\u00e4 :<\/strong><\/p>\n<p>Universal Nest Box on ihanteellinen suojapaikka kaikille Virossa el\u00e4ville lepakkolajeille. Eri lepakko-osastojen innovatiivinen sisustus takaa lepakoille ihanteelliset ilmasto-olosuhteet alkukes\u00e4st\u00e4 ja loppusyksyst\u00e4. <\/p>\n<p>Kapea sis\u00e4\u00e4nk\u00e4ynti tarjoaa muuttaville lepakoille lis\u00e4turvaa saalistajilta ja muilta h\u00e4iri\u00f6ilt\u00e4. Uritetun sis\u00e4pinnan ansiosta jopa hyvin nuorten ja kokemattomien lepakonpoikasten on helppo liikkua. <\/p>\n<p>Sis\u00e4tilat on tehty sopiviksi kaikkien Virossa el\u00e4vien t\u00e4rkeimpien lepakkolajien oleskelu- ja pesim\u00e4paikoiksi. S\u00e4\u00e4n muuttuessa lepakot voivat valita sopivimman paikan lepakon pes\u00e4paikalle, jotta sis\u00e4ilmasto on sopiva. <\/p>\n<p>&nbsp;<\/p>\n<p><strong>Pes\u00e4laatikon asennuspaikka:<\/strong><\/p>\n<p>Puiden rungoilla, mastoissa, korkeilla paikoilla. Takasein\u00e4n 4 kiinnityskannattimen ansiosta pes\u00e4laatikko kiinnittyy vakaasti ja turvallisesti my\u00f6s tuulisella s\u00e4\u00e4ll\u00e4 korkeille paikoille. <\/p>\n<p>Paras asennuskorkeus on 3-5 m maanpinnasta.<\/p>\n<p>Lepakot tarvitsevat jatkuvasti useita lep\u00e4ily- ja lev\u00e4hdyspaikkoja. Jopa kokonaiset koloniat muuttavat eri paikkojen v\u00e4lill\u00e4 muutaman p\u00e4iv\u00e4n v\u00e4lein, joskus jopa p\u00e4ivitt\u00e4in. Siksi on hyv\u00e4 idea asentaa alueelle useita pes\u00e4koppeja kerralla, jolloin muodostuu kopparyhm\u00e4. N\u00e4in lis\u00e4t\u00e4\u00e4n kolonisaation todenn\u00e4k\u00f6isyytt\u00e4 ja varmistetaan lepakoiden pitk\u00e4aikainen k\u00e4ytt\u00f6.   <\/p>\n<p>Lepakot suosivat avoimia lentoreittej\u00e4 pes\u00e4koloihinsa. Varmista, ettei suoraan pes\u00e4kopin edess\u00e4 ole est\u00e4vi\u00e4 oksia tai muita esteit\u00e4. T\u00e4m\u00e4 nopeuttaa huomattavasti aikaa, jonka ne tarvitsevat siirty\u00e4kseen pes\u00e4laatikkoon.  <\/p>\n<p><strong>Puhdistus ja tarkastus:<\/strong><\/p>\n<p>Helppo tarkistaa ja puhdistaa irrotettavan etupaneelin ansiosta<\/p>\n<p><strong>Materiaali:<\/strong><\/p>\n<p>SCHWEGLER ilmaa l\u00e4p\u00e4isev\u00e4 ja pitk\u00e4ik\u00e4inen puubetoni.<\/p>\n<p>Pinnat on valmistettu kovasta, kest\u00e4v\u00e4st\u00e4 puusta. Kiinnitysteline on ruostumatonta ter\u00e4st\u00e4. <\/p>\n<p><strong>Setti sis\u00e4lt\u00e4\u00e4:<\/strong><\/p>\n<ul>\n<li>Universal Nesting Box 1FS, jossa on irrotettava etupaneeli<\/li>\n<li>Sinkitty riippukaari &#8211; mets\u00e4talouden hyv\u00e4ksym\u00e4 ratkaisu<\/li>\n<li>Aluminointikynnet &#8211; mets\u00e4teollisuuden hyv\u00e4ksym\u00e4 ratkaisu.<\/li>\n<\/ul>\n<p><strong>V\u00e4ri:<\/strong><\/p>\n<p>Musta<\/p>\n<p><strong>Pes\u00e4kotelon mitat:<\/strong><\/p>\n<p>Ulkomitat ovat noin: korkeus 44 cm x ulkohalkaisija 28 cm.<\/p>\n<p><strong>Kuka t\u00e4ytt\u00e4\u00e4 pes\u00e4kotelon:<\/strong><\/p>\n<p><em><em>Eri lepakkolajit<\/em><\/em><\/p>\n<p><strong>Pes\u00e4kotelon paino: <\/strong>noin 10 kg<\/p>\n<p>&nbsp;<\/p>\n<p>&nbsp;<\/p>\n<p>&nbsp;<\/p>\n<p>&nbsp;<\/p>\n","protected":false},"excerpt":{"rendered":"<p>Uusi 1FFH-yleislepakkoasennuslaatikko sopii erinomaisesti eri lepakkolajien kes\u00e4pesien ja pesien kasvattamiseen. T\u00e4m\u00e4 malli on eritt\u00e4in suosittu suurten lepakkokolonioiden keskuudessa. Se tarjoaa runsaasti tilaa suurelle kes\u00e4yhdyskunnalle. Lepakot ovat hyvin sosiaalisia olentoja, ja t\u00e4ss\u00e4 on niille runsaasti tilaa. Eri paikkoja on niin imett\u00e4ville nuorille emoille kuin muillekin. Kes\u00e4n pesint\u00e4 : Universal Nest Box on ihanteellinen suojapaikka kaikille Virossa el\u00e4ville lepakkolajeille. Eri lepakko-osastojen innovatiivinen sisustus takaa lepakoille ihanteelliset ilmasto-olosuhteet&#8230;<\/p>\n","protected":false},"featured_media":40487,"template":"","meta":{"_acf_changed":false},"product_brand":[],"product_cat":[1958,1851],"product_tag":[],"class_list":{"0":"post-52904","1":"product","2":"type-product","3":"status-publish","4":"has-post-thumbnail","6":"product_cat-lepakoiden-pesakotelot","7":"product_cat-pesakotelot","8":"product_shipping_class-kuljetus-ainoastaan-kuriiripalvelun-valityksella","9":"pa_variatsioon-bat-universal-pesakotelo-1ffh-tilaamalla","11":"first","12":"instock","13":"sale","14":"taxable","15":"shipping-taxable","16":"purchasable","17":"product-type-simple"},"acf":[],"yoast_head":"<!-- This site is optimized with the Yoast SEO Premium plugin v27.3 (Yoast SEO v27.3) - https:\/\/yoast.com\/product\/yoast-seo-premium-wordpress\/ -->\n<title>Lepakko universaali suuri pes\u00e4kolonia pes\u00e4kotelo 1FS - Rodoaed<\/title>\n<meta name=\"robots\" content=\"index, follow, max-snippet:-1, max-image-preview:large, max-video-preview:-1\" \/>\n<link rel=\"canonical\" href=\"https:\/\/rodoaed.ee\/fi\/toode\/lepakko-universaali-suuri-pesakolonia-pesakotelo-1fs\/\" \/>\n<meta property=\"og:locale\" content=\"fi_FI\" \/>\n<meta property=\"og:type\" content=\"article\" \/>\n<meta property=\"og:title\" content=\"Lepakko universaali suuri pes\u00e4kolonia pes\u00e4kotelo 1FS\" \/>\n<meta property=\"og:description\" content=\"Uusi 1FFH-yleislepakkoasennuslaatikko sopii erinomaisesti eri lepakkolajien kes\u00e4pesien ja pesien kasvattamiseen. T\u00e4m\u00e4 malli on eritt\u00e4in suosittu suurten\" \/>\n<meta property=\"og:url\" content=\"https:\/\/rodoaed.ee\/fi\/toode\/lepakko-universaali-suuri-pesakolonia-pesakotelo-1fs\/\" \/>\n<meta property=\"og:site_name\" content=\"Rodoaed\" \/>\n<meta property=\"article:publisher\" content=\"https:\/\/www.facebook.com\/kasvuhooned\/\" \/>\n<meta property=\"article:modified_time\" content=\"2026-04-13T07:56:56+00:00\" \/>\n<meta property=\"og:image\" content=\"https:\/\/rodoaed.ee\/wp-content\/uploads\/2022\/02\/nahkhiire-koloonia-pesakast_suvine_133_12.jpg\" \/>\n\t<meta property=\"og:image:width\" content=\"265\" \/>\n\t<meta property=\"og:image:height\" content=\"400\" \/>\n\t<meta property=\"og:image:type\" content=\"image\/jpeg\" \/>\n<meta name=\"twitter:card\" content=\"summary_large_image\" \/>\n<meta name=\"twitter:label1\" content=\"Arvioitu lukuaika\" \/>\n\t<meta name=\"twitter:data1\" content=\"2 minuuttia\" \/>\n<script type=\"application\/ld+json\" class=\"yoast-schema-graph\">{\"@context\":\"https:\\\/\\\/schema.org\",\"@graph\":[{\"@type\":\"WebPage\",\"@id\":\"https:\\\/\\\/rodoaed.ee\\\/fi\\\/toode\\\/lepakko-universaali-suuri-pesakolonia-pesakotelo-1fs\\\/\",\"url\":\"https:\\\/\\\/rodoaed.ee\\\/fi\\\/toode\\\/lepakko-universaali-suuri-pesakolonia-pesakotelo-1fs\\\/\",\"name\":\"Lepakko universaali suuri pes\u00e4kolonia pes\u00e4kotelo 1FS - Rodoaed\",\"isPartOf\":{\"@id\":\"https:\\\/\\\/rodoaed.ee\\\/#website\"},\"primaryImageOfPage\":{\"@id\":\"https:\\\/\\\/rodoaed.ee\\\/fi\\\/toode\\\/lepakko-universaali-suuri-pesakolonia-pesakotelo-1fs\\\/#primaryimage\"},\"image\":{\"@id\":\"https:\\\/\\\/rodoaed.ee\\\/fi\\\/toode\\\/lepakko-universaali-suuri-pesakolonia-pesakotelo-1fs\\\/#primaryimage\"},\"thumbnailUrl\":\"https:\\\/\\\/rodoaed.ee\\\/wp-content\\\/uploads\\\/2022\\\/02\\\/nahkhiire-koloonia-pesakast_suvine_133_12.jpg\",\"datePublished\":\"2022-02-16T10:48:40+00:00\",\"dateModified\":\"2026-04-13T07:56:56+00:00\",\"breadcrumb\":{\"@id\":\"https:\\\/\\\/rodoaed.ee\\\/fi\\\/toode\\\/lepakko-universaali-suuri-pesakolonia-pesakotelo-1fs\\\/#breadcrumb\"},\"inLanguage\":\"fi\",\"potentialAction\":[{\"@type\":\"ReadAction\",\"target\":[\"https:\\\/\\\/rodoaed.ee\\\/fi\\\/toode\\\/lepakko-universaali-suuri-pesakolonia-pesakotelo-1fs\\\/\"]}]},{\"@type\":\"ImageObject\",\"inLanguage\":\"fi\",\"@id\":\"https:\\\/\\\/rodoaed.ee\\\/fi\\\/toode\\\/lepakko-universaali-suuri-pesakolonia-pesakotelo-1fs\\\/#primaryimage\",\"url\":\"https:\\\/\\\/rodoaed.ee\\\/wp-content\\\/uploads\\\/2022\\\/02\\\/nahkhiire-koloonia-pesakast_suvine_133_12.jpg\",\"contentUrl\":\"https:\\\/\\\/rodoaed.ee\\\/wp-content\\\/uploads\\\/2022\\\/02\\\/nahkhiire-koloonia-pesakast_suvine_133_12.jpg\",\"width\":265,\"height\":400},{\"@type\":\"BreadcrumbList\",\"@id\":\"https:\\\/\\\/rodoaed.ee\\\/fi\\\/toode\\\/lepakko-universaali-suuri-pesakolonia-pesakotelo-1fs\\\/#breadcrumb\",\"itemListElement\":[{\"@type\":\"ListItem\",\"position\":1,\"name\":\"Home\",\"item\":\"https:\\\/\\\/rodoaed.ee\\\/fi\\\/\"},{\"@type\":\"ListItem\",\"position\":2,\"name\":\"Osta osoitteessa\",\"item\":\"https:\\\/\\\/rodoaed.ee\\\/osta-osoitteessa\\\/\"},{\"@type\":\"ListItem\",\"position\":3,\"name\":\"Lepakko universaali suuri pes\u00e4kolonia pes\u00e4kotelo 1FS\"}]},{\"@type\":\"WebSite\",\"@id\":\"https:\\\/\\\/rodoaed.ee\\\/#website\",\"url\":\"https:\\\/\\\/rodoaed.ee\\\/\",\"name\":\"Rodoaed\",\"description\":\"\",\"publisher\":{\"@id\":\"https:\\\/\\\/rodoaed.ee\\\/#organization\"},\"potentialAction\":[{\"@type\":\"SearchAction\",\"target\":{\"@type\":\"EntryPoint\",\"urlTemplate\":\"https:\\\/\\\/rodoaed.ee\\\/?s={search_term_string}\"},\"query-input\":{\"@type\":\"PropertyValueSpecification\",\"valueRequired\":true,\"valueName\":\"search_term_string\"}}],\"inLanguage\":\"fi\"},{\"@type\":\"Organization\",\"@id\":\"https:\\\/\\\/rodoaed.ee\\\/#organization\",\"name\":\"Rodoaed\",\"url\":\"https:\\\/\\\/rodoaed.ee\\\/\",\"logo\":{\"@type\":\"ImageObject\",\"inLanguage\":\"fi\",\"@id\":\"https:\\\/\\\/rodoaed.ee\\\/#\\\/schema\\\/logo\\\/image\\\/\",\"url\":\"https:\\\/\\\/rodoaed.ee\\\/wp-content\\\/uploads\\\/2019\\\/11\\\/rodoaed-logo-ilma-taustata.jpg\",\"contentUrl\":\"https:\\\/\\\/rodoaed.ee\\\/wp-content\\\/uploads\\\/2019\\\/11\\\/rodoaed-logo-ilma-taustata.jpg\",\"width\":769,\"height\":268,\"caption\":\"Rodoaed\"},\"image\":{\"@id\":\"https:\\\/\\\/rodoaed.ee\\\/#\\\/schema\\\/logo\\\/image\\\/\"},\"sameAs\":[\"https:\\\/\\\/www.facebook.com\\\/kasvuhooned\\\/\",\"https:\\\/\\\/rodoaed.ee\"]}]}<\/script>\n<!-- \/ Yoast SEO Premium plugin. -->","yoast_head_json":{"title":"Lepakko universaali suuri pes\u00e4kolonia pes\u00e4kotelo 1FS - Rodoaed","robots":{"index":"index","follow":"follow","max-snippet":"max-snippet:-1","max-image-preview":"max-image-preview:large","max-video-preview":"max-video-preview:-1"},"canonical":"https:\/\/rodoaed.ee\/fi\/toode\/lepakko-universaali-suuri-pesakolonia-pesakotelo-1fs\/","og_locale":"fi_FI","og_type":"article","og_title":"Lepakko universaali suuri pes\u00e4kolonia pes\u00e4kotelo 1FS","og_description":"Uusi 1FFH-yleislepakkoasennuslaatikko sopii erinomaisesti eri lepakkolajien kes\u00e4pesien ja pesien kasvattamiseen. T\u00e4m\u00e4 malli on eritt\u00e4in suosittu suurten","og_url":"https:\/\/rodoaed.ee\/fi\/toode\/lepakko-universaali-suuri-pesakolonia-pesakotelo-1fs\/","og_site_name":"Rodoaed","article_publisher":"https:\/\/www.facebook.com\/kasvuhooned\/","article_modified_time":"2026-04-13T07:56:56+00:00","og_image":[{"width":265,"height":400,"url":"https:\/\/rodoaed.ee\/wp-content\/uploads\/2022\/02\/nahkhiire-koloonia-pesakast_suvine_133_12.jpg","type":"image\/jpeg"}],"twitter_card":"summary_large_image","twitter_misc":{"Arvioitu lukuaika":"2 minuuttia"},"schema":{"@context":"https:\/\/schema.org","@graph":[{"@type":"WebPage","@id":"https:\/\/rodoaed.ee\/fi\/toode\/lepakko-universaali-suuri-pesakolonia-pesakotelo-1fs\/","url":"https:\/\/rodoaed.ee\/fi\/toode\/lepakko-universaali-suuri-pesakolonia-pesakotelo-1fs\/","name":"Lepakko universaali suuri pes\u00e4kolonia pes\u00e4kotelo 1FS - Rodoaed","isPartOf":{"@id":"https:\/\/rodoaed.ee\/#website"},"primaryImageOfPage":{"@id":"https:\/\/rodoaed.ee\/fi\/toode\/lepakko-universaali-suuri-pesakolonia-pesakotelo-1fs\/#primaryimage"},"image":{"@id":"https:\/\/rodoaed.ee\/fi\/toode\/lepakko-universaali-suuri-pesakolonia-pesakotelo-1fs\/#primaryimage"},"thumbnailUrl":"https:\/\/rodoaed.ee\/wp-content\/uploads\/2022\/02\/nahkhiire-koloonia-pesakast_suvine_133_12.jpg","datePublished":"2022-02-16T10:48:40+00:00","dateModified":"2026-04-13T07:56:56+00:00","breadcrumb":{"@id":"https:\/\/rodoaed.ee\/fi\/toode\/lepakko-universaali-suuri-pesakolonia-pesakotelo-1fs\/#breadcrumb"},"inLanguage":"fi","potentialAction":[{"@type":"ReadAction","target":["https:\/\/rodoaed.ee\/fi\/toode\/lepakko-universaali-suuri-pesakolonia-pesakotelo-1fs\/"]}]},{"@type":"ImageObject","inLanguage":"fi","@id":"https:\/\/rodoaed.ee\/fi\/toode\/lepakko-universaali-suuri-pesakolonia-pesakotelo-1fs\/#primaryimage","url":"https:\/\/rodoaed.ee\/wp-content\/uploads\/2022\/02\/nahkhiire-koloonia-pesakast_suvine_133_12.jpg","contentUrl":"https:\/\/rodoaed.ee\/wp-content\/uploads\/2022\/02\/nahkhiire-koloonia-pesakast_suvine_133_12.jpg","width":265,"height":400},{"@type":"BreadcrumbList","@id":"https:\/\/rodoaed.ee\/fi\/toode\/lepakko-universaali-suuri-pesakolonia-pesakotelo-1fs\/#breadcrumb","itemListElement":[{"@type":"ListItem","position":1,"name":"Home","item":"https:\/\/rodoaed.ee\/fi\/"},{"@type":"ListItem","position":2,"name":"Osta osoitteessa","item":"https:\/\/rodoaed.ee\/osta-osoitteessa\/"},{"@type":"ListItem","position":3,"name":"Lepakko universaali suuri pes\u00e4kolonia pes\u00e4kotelo 1FS"}]},{"@type":"WebSite","@id":"https:\/\/rodoaed.ee\/#website","url":"https:\/\/rodoaed.ee\/","name":"Rodoaed","description":"","publisher":{"@id":"https:\/\/rodoaed.ee\/#organization"},"potentialAction":[{"@type":"SearchAction","target":{"@type":"EntryPoint","urlTemplate":"https:\/\/rodoaed.ee\/?s={search_term_string}"},"query-input":{"@type":"PropertyValueSpecification","valueRequired":true,"valueName":"search_term_string"}}],"inLanguage":"fi"},{"@type":"Organization","@id":"https:\/\/rodoaed.ee\/#organization","name":"Rodoaed","url":"https:\/\/rodoaed.ee\/","logo":{"@type":"ImageObject","inLanguage":"fi","@id":"https:\/\/rodoaed.ee\/#\/schema\/logo\/image\/","url":"https:\/\/rodoaed.ee\/wp-content\/uploads\/2019\/11\/rodoaed-logo-ilma-taustata.jpg","contentUrl":"https:\/\/rodoaed.ee\/wp-content\/uploads\/2019\/11\/rodoaed-logo-ilma-taustata.jpg","width":769,"height":268,"caption":"Rodoaed"},"image":{"@id":"https:\/\/rodoaed.ee\/#\/schema\/logo\/image\/"},"sameAs":["https:\/\/www.facebook.com\/kasvuhooned\/","https:\/\/rodoaed.ee"]}]}},"_links":{"self":[{"href":"https:\/\/rodoaed.ee\/fi\/wp-json\/wp\/v2\/product\/52904","targetHints":{"allow":["GET"]}}],"collection":[{"href":"https:\/\/rodoaed.ee\/fi\/wp-json\/wp\/v2\/product"}],"about":[{"href":"https:\/\/rodoaed.ee\/fi\/wp-json\/wp\/v2\/types\/product"}],"wp:featuredmedia":[{"embeddable":true,"href":"https:\/\/rodoaed.ee\/fi\/wp-json\/wp\/v2\/media\/40487"}],"wp:attachment":[{"href":"https:\/\/rodoaed.ee\/fi\/wp-json\/wp\/v2\/media?parent=52904"}],"wp:term":[{"taxonomy":"product_brand","embeddable":true,"href":"https:\/\/rodoaed.ee\/fi\/wp-json\/wp\/v2\/product_brand?post=52904"},{"taxonomy":"product_cat","embeddable":true,"href":"https:\/\/rodoaed.ee\/fi\/wp-json\/wp\/v2\/product_cat?post=52904"},{"taxonomy":"product_tag","embeddable":true,"href":"https:\/\/rodoaed.ee\/fi\/wp-json\/wp\/v2\/product_tag?post=52904"}],"curies":[{"name":"wp","href":"https:\/\/api.w.org\/{rel}","templated":true}]}}