{"id":52905,"date":"2022-03-20T10:50:08","date_gmt":"2022-03-20T08:50:08","guid":{"rendered":"https:\/\/rodoaed.ee\/toode\/kokoontaitettava-oksasaha-180mm-suoralla-teralla-varustettuna\/"},"modified":"2026-04-13T10:56:59","modified_gmt":"2026-04-13T07:56:59","slug":"kokoontaitettava-oksasaha-180mm-suoralla-teralla-varustettuna","status":"publish","type":"product","link":"https:\/\/rodoaed.ee\/fi\/tuote\/kokoontaitettava-oksasaha-180mm-suoralla-teralla-varustettuna\/","title":{"rendered":"Kokoontaitettava oksasaha 180mm suoralla ter\u00e4ll\u00e4 varustettuna"},"content":{"rendered":"<h2>K\u00e4tev\u00e4 kokoontaitettava oksasaha suoralla ter\u00e4ll\u00e4, ter\u00e4n pituus 180mm.<\/h2>\n<p>Puutarhurin kokoontaitettava oksasaha on t\u00e4rke\u00e4 ty\u00f6kalu kev\u00e4isess\u00e4 hedelm\u00e4- ja koristepuutarhassa. Koska ter\u00e4 taittuu hetkess\u00e4 kokoon, oksasakset on helppo ripustaa vy\u00f6h\u00f6n tai sujauttaa taskuun. Koko metalliosa on p\u00e4\u00e4llystetty ruostumattomalla pinnoitteella. Leikkuuhampaat on karkaistu ja p\u00e4\u00e4llystetty kromikerroksella pitk\u00e4aikaisen kest\u00e4vyyden ja ter\u00e4vyyden varmistamiseksi. Kahvassa on liukumaton pinnoite. Voidaan k\u00e4ytt\u00e4\u00e4 turvallisesti m\u00e4rill\u00e4 k\u00e4sill\u00e4 tai lumihanskoilla.     <\/p>\n<p>Altuna ammattilaissarjan puutarhaty\u00f6kalut. Hanki paras! <\/p>\n<p>Pensasakset, pensasleikkurit ja suuremmat puutarhasakset luokassa: <a href=\"\/?product_cat=oksakaarid-aiakaarid-suured-oksakaarid\">suuret oksasakset<\/a>.<\/p>\n<h2>T\u00e4rkeimm\u00e4t ominaisuudet:<\/h2>\n<ul>\n<li>Taittoter\u00e4<\/li>\n<li>Pienet hampaat (7,5 hammasta 30 mm:ss\u00e4).<\/li>\n<li>Vaihdettava ter\u00e4<\/li>\n<li>Kromatut karkaistut leikkuuhampaat pysyv\u00e4t ter\u00e4vin\u00e4 pitk\u00e4\u00e4n<\/li>\n<li>Ergonominen ja mukava liukumaton kahva<\/li>\n<li>Ruosteen kest\u00e4v\u00e4 ter\u00e4k\u00e4sittely<\/li>\n<\/ul>\n<h2>Tekniset tiedot:<\/h2>\n<ul>\n<li>Leikkuuter\u00e4n pituus: 180 mm<\/li>\n<li>Kokonaispituus taitettuna: 230 mm<\/li>\n<li>Leikkuuhampaiden tiheys: 7,5 hammasta 30 mm:\u00e4 kohti.<\/li>\n<li>Paino: 185 g<\/li>\n<\/ul>\n<p>&nbsp;<\/p>\n","protected":false},"excerpt":{"rendered":"<p>K\u00e4tev\u00e4 kokoontaitettava oksasaha suoralla ter\u00e4ll\u00e4, ter\u00e4n pituus 180mm. Puutarhurin kokoontaitettava oksasaha on t\u00e4rke\u00e4 ty\u00f6kalu kev\u00e4isess\u00e4 hedelm\u00e4- ja koristepuutarhassa. Koska ter\u00e4 taittuu hetkess\u00e4 kokoon, oksasakset on helppo ripustaa vy\u00f6h\u00f6n tai sujauttaa taskuun. Koko metalliosa on p\u00e4\u00e4llystetty ruostumattomalla pinnoitteella. Leikkuuhampaat on karkaistu ja p\u00e4\u00e4llystetty kromikerroksella pitk\u00e4aikaisen kest\u00e4vyyden ja ter\u00e4vyyden varmistamiseksi. Kahvassa on liukumaton pinnoite. Voidaan k\u00e4ytt\u00e4\u00e4 turvallisesti m\u00e4rill\u00e4 k\u00e4sill\u00e4 tai lumihanskoilla. Altuna ammattilaissarjan puutarhaty\u00f6kalut. Hanki paras! Pensasakset,&#8230;<\/p>\n","protected":false},"featured_media":40759,"template":"","meta":{"_acf_changed":false},"product_brand":[],"product_cat":[1959,1889],"product_tag":[],"class_list":{"0":"post-52905","1":"product","2":"type-product","3":"status-publish","4":"has-post-thumbnail","6":"product_cat-oksasaed","7":"product_cat-puutarhatyokalut","8":"product_shipping_class-toimitus-1-3-tyopaivan-kuluessa","9":"pa_variatsioon-sakset-1110-suora-tera","11":"first","12":"onbackorder","13":"sale","14":"taxable","15":"shipping-taxable","16":"purchasable","17":"product-type-simple"},"acf":[],"yoast_head":"<!-- This site is optimized with the Yoast SEO Premium plugin v27.3 (Yoast SEO v27.3) - https:\/\/yoast.com\/product\/yoast-seo-premium-wordpress\/ -->\n<title>Kokoontaitettava oksasaha 180mm suoralla ter\u00e4ll\u00e4 varustettuna -% Puutarhan oksasakset sauvalla<\/title>\n<meta name=\"description\" content=\"Bergerin taittoter\u00e4iset oksasakset. Sopii harrastepuutarhureille ja ammattilaisille. Leikkuuhampaat karkaistua ter\u00e4st\u00e4.\" \/>\n<meta name=\"robots\" content=\"index, follow, max-snippet:-1, max-image-preview:large, max-video-preview:-1\" \/>\n<link rel=\"canonical\" href=\"https:\/\/rodoaed.ee\/fi\/toode\/kokoontaitettava-oksasaha-180mm-suoralla-teralla-varustettuna\/\" \/>\n<meta property=\"og:locale\" content=\"fi_FI\" \/>\n<meta property=\"og:type\" content=\"article\" \/>\n<meta property=\"og:title\" content=\"Kokoontaitettava oksasaha 180mm suoralla ter\u00e4ll\u00e4 varustettuna\" \/>\n<meta property=\"og:description\" content=\"K\u00e4tev\u00e4 kokoontaitettava oksasaha suoralla ter\u00e4ll\u00e4, ter\u00e4n pituus 180mm. Puutarhurin kokoontaitettava oksasaha on t\u00e4rke\u00e4 ty\u00f6kalu kev\u00e4isess\u00e4 hedelm\u00e4- ja\" \/>\n<meta property=\"og:url\" content=\"https:\/\/rodoaed.ee\/fi\/toode\/kokoontaitettava-oksasaha-180mm-suoralla-teralla-varustettuna\/\" \/>\n<meta property=\"og:site_name\" content=\"Rodoaed\" \/>\n<meta property=\"article:publisher\" content=\"https:\/\/www.facebook.com\/kasvuhooned\/\" \/>\n<meta property=\"article:modified_time\" content=\"2026-04-13T07:56:59+00:00\" \/>\n<meta property=\"og:image\" content=\"https:\/\/rodoaed.ee\/wp-content\/uploads\/2022\/03\/oksasaag-altuna-180mm.png\" \/>\n\t<meta property=\"og:image:width\" content=\"1320\" \/>\n\t<meta property=\"og:image:height\" content=\"1074\" \/>\n\t<meta property=\"og:image:type\" content=\"image\/png\" \/>\n<meta name=\"twitter:card\" content=\"summary_large_image\" \/>\n<meta name=\"twitter:label1\" content=\"Arvioitu lukuaika\" \/>\n\t<meta name=\"twitter:data1\" content=\"1 minuutti\" \/>\n<script type=\"application\/ld+json\" class=\"yoast-schema-graph\">{\"@context\":\"https:\\\/\\\/schema.org\",\"@graph\":[{\"@type\":\"WebPage\",\"@id\":\"https:\\\/\\\/rodoaed.ee\\\/fi\\\/toode\\\/kokoontaitettava-oksasaha-180mm-suoralla-teralla-varustettuna\\\/\",\"url\":\"https:\\\/\\\/rodoaed.ee\\\/fi\\\/toode\\\/kokoontaitettava-oksasaha-180mm-suoralla-teralla-varustettuna\\\/\",\"name\":\"Kokoontaitettava oksasaha 180mm suoralla ter\u00e4ll\u00e4 varustettuna -% Puutarhan oksasakset sauvalla\",\"isPartOf\":{\"@id\":\"https:\\\/\\\/rodoaed.ee\\\/#website\"},\"primaryImageOfPage\":{\"@id\":\"https:\\\/\\\/rodoaed.ee\\\/fi\\\/toode\\\/kokoontaitettava-oksasaha-180mm-suoralla-teralla-varustettuna\\\/#primaryimage\"},\"image\":{\"@id\":\"https:\\\/\\\/rodoaed.ee\\\/fi\\\/toode\\\/kokoontaitettava-oksasaha-180mm-suoralla-teralla-varustettuna\\\/#primaryimage\"},\"thumbnailUrl\":\"https:\\\/\\\/rodoaed.ee\\\/wp-content\\\/uploads\\\/2022\\\/03\\\/oksasaag-altuna-180mm.png\",\"datePublished\":\"2022-03-20T08:50:08+00:00\",\"dateModified\":\"2026-04-13T07:56:59+00:00\",\"description\":\"Bergerin taittoter\u00e4iset oksasakset. Sopii harrastepuutarhureille ja ammattilaisille. Leikkuuhampaat karkaistua ter\u00e4st\u00e4.\",\"breadcrumb\":{\"@id\":\"https:\\\/\\\/rodoaed.ee\\\/fi\\\/toode\\\/kokoontaitettava-oksasaha-180mm-suoralla-teralla-varustettuna\\\/#breadcrumb\"},\"inLanguage\":\"fi\",\"potentialAction\":[{\"@type\":\"ReadAction\",\"target\":[\"https:\\\/\\\/rodoaed.ee\\\/fi\\\/toode\\\/kokoontaitettava-oksasaha-180mm-suoralla-teralla-varustettuna\\\/\"]}]},{\"@type\":\"ImageObject\",\"inLanguage\":\"fi\",\"@id\":\"https:\\\/\\\/rodoaed.ee\\\/fi\\\/toode\\\/kokoontaitettava-oksasaha-180mm-suoralla-teralla-varustettuna\\\/#primaryimage\",\"url\":\"https:\\\/\\\/rodoaed.ee\\\/wp-content\\\/uploads\\\/2022\\\/03\\\/oksasaag-altuna-180mm.png\",\"contentUrl\":\"https:\\\/\\\/rodoaed.ee\\\/wp-content\\\/uploads\\\/2022\\\/03\\\/oksasaag-altuna-180mm.png\",\"width\":1320,\"height\":1074},{\"@type\":\"BreadcrumbList\",\"@id\":\"https:\\\/\\\/rodoaed.ee\\\/fi\\\/toode\\\/kokoontaitettava-oksasaha-180mm-suoralla-teralla-varustettuna\\\/#breadcrumb\",\"itemListElement\":[{\"@type\":\"ListItem\",\"position\":1,\"name\":\"Home\",\"item\":\"https:\\\/\\\/rodoaed.ee\\\/fi\\\/\"},{\"@type\":\"ListItem\",\"position\":2,\"name\":\"Osta osoitteessa\",\"item\":\"https:\\\/\\\/rodoaed.ee\\\/osta-osoitteessa\\\/\"},{\"@type\":\"ListItem\",\"position\":3,\"name\":\"Kokoontaitettava oksasaha 180mm suoralla ter\u00e4ll\u00e4 varustettuna\"}]},{\"@type\":\"WebSite\",\"@id\":\"https:\\\/\\\/rodoaed.ee\\\/#website\",\"url\":\"https:\\\/\\\/rodoaed.ee\\\/\",\"name\":\"Rodoaed\",\"description\":\"\",\"publisher\":{\"@id\":\"https:\\\/\\\/rodoaed.ee\\\/#organization\"},\"potentialAction\":[{\"@type\":\"SearchAction\",\"target\":{\"@type\":\"EntryPoint\",\"urlTemplate\":\"https:\\\/\\\/rodoaed.ee\\\/?s={search_term_string}\"},\"query-input\":{\"@type\":\"PropertyValueSpecification\",\"valueRequired\":true,\"valueName\":\"search_term_string\"}}],\"inLanguage\":\"fi\"},{\"@type\":\"Organization\",\"@id\":\"https:\\\/\\\/rodoaed.ee\\\/#organization\",\"name\":\"Rodoaed\",\"url\":\"https:\\\/\\\/rodoaed.ee\\\/\",\"logo\":{\"@type\":\"ImageObject\",\"inLanguage\":\"fi\",\"@id\":\"https:\\\/\\\/rodoaed.ee\\\/#\\\/schema\\\/logo\\\/image\\\/\",\"url\":\"https:\\\/\\\/rodoaed.ee\\\/wp-content\\\/uploads\\\/2019\\\/11\\\/rodoaed-logo-ilma-taustata.jpg\",\"contentUrl\":\"https:\\\/\\\/rodoaed.ee\\\/wp-content\\\/uploads\\\/2019\\\/11\\\/rodoaed-logo-ilma-taustata.jpg\",\"width\":769,\"height\":268,\"caption\":\"Rodoaed\"},\"image\":{\"@id\":\"https:\\\/\\\/rodoaed.ee\\\/#\\\/schema\\\/logo\\\/image\\\/\"},\"sameAs\":[\"https:\\\/\\\/www.facebook.com\\\/kasvuhooned\\\/\",\"https:\\\/\\\/rodoaed.ee\"]}]}<\/script>\n<!-- \/ Yoast SEO Premium plugin. -->","yoast_head_json":{"title":"Kokoontaitettava oksasaha 180mm suoralla ter\u00e4ll\u00e4 varustettuna -% Puutarhan oksasakset sauvalla","description":"Bergerin taittoter\u00e4iset oksasakset. Sopii harrastepuutarhureille ja ammattilaisille. Leikkuuhampaat karkaistua ter\u00e4st\u00e4.","robots":{"index":"index","follow":"follow","max-snippet":"max-snippet:-1","max-image-preview":"max-image-preview:large","max-video-preview":"max-video-preview:-1"},"canonical":"https:\/\/rodoaed.ee\/fi\/toode\/kokoontaitettava-oksasaha-180mm-suoralla-teralla-varustettuna\/","og_locale":"fi_FI","og_type":"article","og_title":"Kokoontaitettava oksasaha 180mm suoralla ter\u00e4ll\u00e4 varustettuna","og_description":"K\u00e4tev\u00e4 kokoontaitettava oksasaha suoralla ter\u00e4ll\u00e4, ter\u00e4n pituus 180mm. Puutarhurin kokoontaitettava oksasaha on t\u00e4rke\u00e4 ty\u00f6kalu kev\u00e4isess\u00e4 hedelm\u00e4- ja","og_url":"https:\/\/rodoaed.ee\/fi\/toode\/kokoontaitettava-oksasaha-180mm-suoralla-teralla-varustettuna\/","og_site_name":"Rodoaed","article_publisher":"https:\/\/www.facebook.com\/kasvuhooned\/","article_modified_time":"2026-04-13T07:56:59+00:00","og_image":[{"width":1320,"height":1074,"url":"https:\/\/rodoaed.ee\/wp-content\/uploads\/2022\/03\/oksasaag-altuna-180mm.png","type":"image\/png"}],"twitter_card":"summary_large_image","twitter_misc":{"Arvioitu lukuaika":"1 minuutti"},"schema":{"@context":"https:\/\/schema.org","@graph":[{"@type":"WebPage","@id":"https:\/\/rodoaed.ee\/fi\/toode\/kokoontaitettava-oksasaha-180mm-suoralla-teralla-varustettuna\/","url":"https:\/\/rodoaed.ee\/fi\/toode\/kokoontaitettava-oksasaha-180mm-suoralla-teralla-varustettuna\/","name":"Kokoontaitettava oksasaha 180mm suoralla ter\u00e4ll\u00e4 varustettuna -% Puutarhan oksasakset sauvalla","isPartOf":{"@id":"https:\/\/rodoaed.ee\/#website"},"primaryImageOfPage":{"@id":"https:\/\/rodoaed.ee\/fi\/toode\/kokoontaitettava-oksasaha-180mm-suoralla-teralla-varustettuna\/#primaryimage"},"image":{"@id":"https:\/\/rodoaed.ee\/fi\/toode\/kokoontaitettava-oksasaha-180mm-suoralla-teralla-varustettuna\/#primaryimage"},"thumbnailUrl":"https:\/\/rodoaed.ee\/wp-content\/uploads\/2022\/03\/oksasaag-altuna-180mm.png","datePublished":"2022-03-20T08:50:08+00:00","dateModified":"2026-04-13T07:56:59+00:00","description":"Bergerin taittoter\u00e4iset oksasakset. Sopii harrastepuutarhureille ja ammattilaisille. Leikkuuhampaat karkaistua ter\u00e4st\u00e4.","breadcrumb":{"@id":"https:\/\/rodoaed.ee\/fi\/toode\/kokoontaitettava-oksasaha-180mm-suoralla-teralla-varustettuna\/#breadcrumb"},"inLanguage":"fi","potentialAction":[{"@type":"ReadAction","target":["https:\/\/rodoaed.ee\/fi\/toode\/kokoontaitettava-oksasaha-180mm-suoralla-teralla-varustettuna\/"]}]},{"@type":"ImageObject","inLanguage":"fi","@id":"https:\/\/rodoaed.ee\/fi\/toode\/kokoontaitettava-oksasaha-180mm-suoralla-teralla-varustettuna\/#primaryimage","url":"https:\/\/rodoaed.ee\/wp-content\/uploads\/2022\/03\/oksasaag-altuna-180mm.png","contentUrl":"https:\/\/rodoaed.ee\/wp-content\/uploads\/2022\/03\/oksasaag-altuna-180mm.png","width":1320,"height":1074},{"@type":"BreadcrumbList","@id":"https:\/\/rodoaed.ee\/fi\/toode\/kokoontaitettava-oksasaha-180mm-suoralla-teralla-varustettuna\/#breadcrumb","itemListElement":[{"@type":"ListItem","position":1,"name":"Home","item":"https:\/\/rodoaed.ee\/fi\/"},{"@type":"ListItem","position":2,"name":"Osta osoitteessa","item":"https:\/\/rodoaed.ee\/osta-osoitteessa\/"},{"@type":"ListItem","position":3,"name":"Kokoontaitettava oksasaha 180mm suoralla ter\u00e4ll\u00e4 varustettuna"}]},{"@type":"WebSite","@id":"https:\/\/rodoaed.ee\/#website","url":"https:\/\/rodoaed.ee\/","name":"Rodoaed","description":"","publisher":{"@id":"https:\/\/rodoaed.ee\/#organization"},"potentialAction":[{"@type":"SearchAction","target":{"@type":"EntryPoint","urlTemplate":"https:\/\/rodoaed.ee\/?s={search_term_string}"},"query-input":{"@type":"PropertyValueSpecification","valueRequired":true,"valueName":"search_term_string"}}],"inLanguage":"fi"},{"@type":"Organization","@id":"https:\/\/rodoaed.ee\/#organization","name":"Rodoaed","url":"https:\/\/rodoaed.ee\/","logo":{"@type":"ImageObject","inLanguage":"fi","@id":"https:\/\/rodoaed.ee\/#\/schema\/logo\/image\/","url":"https:\/\/rodoaed.ee\/wp-content\/uploads\/2019\/11\/rodoaed-logo-ilma-taustata.jpg","contentUrl":"https:\/\/rodoaed.ee\/wp-content\/uploads\/2019\/11\/rodoaed-logo-ilma-taustata.jpg","width":769,"height":268,"caption":"Rodoaed"},"image":{"@id":"https:\/\/rodoaed.ee\/#\/schema\/logo\/image\/"},"sameAs":["https:\/\/www.facebook.com\/kasvuhooned\/","https:\/\/rodoaed.ee"]}]}},"_links":{"self":[{"href":"https:\/\/rodoaed.ee\/fi\/wp-json\/wp\/v2\/product\/52905","targetHints":{"allow":["GET"]}}],"collection":[{"href":"https:\/\/rodoaed.ee\/fi\/wp-json\/wp\/v2\/product"}],"about":[{"href":"https:\/\/rodoaed.ee\/fi\/wp-json\/wp\/v2\/types\/product"}],"wp:featuredmedia":[{"embeddable":true,"href":"https:\/\/rodoaed.ee\/fi\/wp-json\/wp\/v2\/media\/40759"}],"wp:attachment":[{"href":"https:\/\/rodoaed.ee\/fi\/wp-json\/wp\/v2\/media?parent=52905"}],"wp:term":[{"taxonomy":"product_brand","embeddable":true,"href":"https:\/\/rodoaed.ee\/fi\/wp-json\/wp\/v2\/product_brand?post=52905"},{"taxonomy":"product_cat","embeddable":true,"href":"https:\/\/rodoaed.ee\/fi\/wp-json\/wp\/v2\/product_cat?post=52905"},{"taxonomy":"product_tag","embeddable":true,"href":"https:\/\/rodoaed.ee\/fi\/wp-json\/wp\/v2\/product_tag?post=52905"}],"curies":[{"name":"wp","href":"https:\/\/api.w.org\/{rel}","templated":true}]}}