{"id":52908,"date":"2022-03-29T12:28:59","date_gmt":"2022-03-29T09:28:59","guid":{"rendered":"https:\/\/rodoaed.ee\/toode\/kasvinsuoja-tai-minikasvihuone-21x23cm-12kpl\/"},"modified":"2026-04-13T10:57:05","modified_gmt":"2026-04-13T07:57:05","slug":"kasvinsuoja-tai-minikasvihuone-21x23cm-12kpl","status":"publish","type":"product","link":"https:\/\/rodoaed.ee\/fi\/tuote\/kasvinsuoja-tai-minikasvihuone-21x23cm-12kpl\/","title":{"rendered":"Kasvinsuoja tai minikasvihuone 21x23cm, 12kpl"},"content":{"rendered":"<h2>Aurinkosuoja kukkapenkiss\u00e4 oleville nuorille tai herkille kasveille.<\/h2>\n<p><strong>Helpoin tapa kasvaa s\u00e4ngyss\u00e4 aikaisin kev\u00e4\u00e4ll\u00e4. Suojaa y\u00f6pakkasilta. Kuin pienoiskasvihuone puutarhassa.  <\/strong><\/p>\n<p>Mukava suoja y\u00f6kylm\u00e4\u00e4 ja kylm\u00e4\u00e4 tuulta vastaan. Auringon alla l\u00e4mp\u00f6tila on huomattavasti l\u00e4mpim\u00e4mpi kuin ulkona, sek\u00e4 p\u00e4iv\u00e4ll\u00e4 ett\u00e4 y\u00f6ll\u00e4. <\/p>\n<p>&nbsp;<\/p>\n<ul>\n<li>Mitat: korkeus 21cm, halkaisija 23cm<\/li>\n<li>Pakkaus 12 kpl<\/li>\n<\/ul>\n<p>&nbsp;<\/p>\n<p>&nbsp;<\/p>\n<div id=\"article-specifications\" class=\"tab-links__content is-active col-md-6 mb-4\">\n<p>&nbsp;<\/p>\n<\/div>\n","protected":false},"excerpt":{"rendered":"<p>Aurinkosuoja kukkapenkiss\u00e4 oleville nuorille tai herkille kasveille. Helpoin tapa kasvaa s\u00e4ngyss\u00e4 aikaisin kev\u00e4\u00e4ll\u00e4. Suojaa y\u00f6pakkasilta. Kuin pienoiskasvihuone puutarhassa. Mukava suoja y\u00f6kylm\u00e4\u00e4 ja kylm\u00e4\u00e4 tuulta vastaan. Auringon alla l\u00e4mp\u00f6tila on huomattavasti l\u00e4mpim\u00e4mpi kuin ulkona, sek\u00e4 p\u00e4iv\u00e4ll\u00e4 ett\u00e4 y\u00f6ll\u00e4. &nbsp; Mitat: korkeus 21cm, halkaisija 23cm Pakkaus 12 kpl &nbsp; &nbsp; &nbsp;<\/p>\n","protected":false},"featured_media":40871,"template":"","meta":{"_acf_changed":false},"product_brand":[],"product_cat":[1790,1814,1858],"product_tag":[],"class_list":{"0":"post-52908","1":"product","2":"type-product","3":"status-publish","4":"has-post-thumbnail","6":"product_cat-kasvuun-tarvittavat-tyokalut","7":"product_cat-kylvo-ja-siemenlaatikot","8":"product_cat-miniatyyritilat-ja-esikasvatus","9":"product_shipping_class-toimitus-1-3-tyopaivan-kuluessa","10":"pa_variatsioon-superseeder-kylvokone-21","12":"first","13":"instock","14":"taxable","15":"shipping-taxable","16":"purchasable","17":"product-type-simple"},"acf":[],"yoast_head":"<!-- This site is optimized with the Yoast SEO Premium plugin v27.3 (Yoast SEO v27.3) - https:\/\/yoast.com\/product\/yoast-seo-premium-wordpress\/ -->\n<title>Kasvinsuoja tai minikasvihuone 21x23cm, 12kpl - Rodoaed<\/title>\n<meta name=\"robots\" content=\"index, follow, max-snippet:-1, max-image-preview:large, max-video-preview:-1\" \/>\n<link rel=\"canonical\" href=\"https:\/\/rodoaed.ee\/fi\/toode\/kasvinsuoja-tai-minikasvihuone-21x23cm-12kpl\/\" \/>\n<meta property=\"og:locale\" content=\"fi_FI\" \/>\n<meta property=\"og:type\" content=\"article\" \/>\n<meta property=\"og:title\" content=\"Kasvinsuoja tai minikasvihuone 21x23cm, 12kpl\" \/>\n<meta property=\"og:description\" content=\"Aurinkosuoja kukkapenkiss\u00e4 oleville nuorille tai herkille kasveille. Helpoin tapa kasvaa s\u00e4ngyss\u00e4 aikaisin kev\u00e4\u00e4ll\u00e4. Suojaa y\u00f6pakkasilta. Kuin\" \/>\n<meta property=\"og:url\" content=\"https:\/\/rodoaed.ee\/fi\/toode\/kasvinsuoja-tai-minikasvihuone-21x23cm-12kpl\/\" \/>\n<meta property=\"og:site_name\" content=\"Rodoaed\" \/>\n<meta property=\"article:publisher\" content=\"https:\/\/www.facebook.com\/kasvuhooned\/\" \/>\n<meta property=\"article:modified_time\" content=\"2026-04-13T07:57:05+00:00\" \/>\n<meta property=\"og:image\" content=\"https:\/\/rodoaed.ee\/wp-content\/uploads\/2022\/03\/taimekate_10295002_1.jpg\" \/>\n\t<meta property=\"og:image:width\" content=\"676\" \/>\n\t<meta property=\"og:image:height\" content=\"661\" \/>\n\t<meta property=\"og:image:type\" content=\"image\/jpeg\" \/>\n<meta name=\"twitter:card\" content=\"summary_large_image\" \/>\n<script type=\"application\/ld+json\" class=\"yoast-schema-graph\">{\"@context\":\"https:\\\/\\\/schema.org\",\"@graph\":[{\"@type\":\"WebPage\",\"@id\":\"https:\\\/\\\/rodoaed.ee\\\/fi\\\/toode\\\/kasvinsuoja-tai-minikasvihuone-21x23cm-12kpl\\\/\",\"url\":\"https:\\\/\\\/rodoaed.ee\\\/fi\\\/toode\\\/kasvinsuoja-tai-minikasvihuone-21x23cm-12kpl\\\/\",\"name\":\"Kasvinsuoja tai minikasvihuone 21x23cm, 12kpl - Rodoaed\",\"isPartOf\":{\"@id\":\"https:\\\/\\\/rodoaed.ee\\\/#website\"},\"primaryImageOfPage\":{\"@id\":\"https:\\\/\\\/rodoaed.ee\\\/fi\\\/toode\\\/kasvinsuoja-tai-minikasvihuone-21x23cm-12kpl\\\/#primaryimage\"},\"image\":{\"@id\":\"https:\\\/\\\/rodoaed.ee\\\/fi\\\/toode\\\/kasvinsuoja-tai-minikasvihuone-21x23cm-12kpl\\\/#primaryimage\"},\"thumbnailUrl\":\"https:\\\/\\\/rodoaed.ee\\\/wp-content\\\/uploads\\\/2022\\\/03\\\/taimekate_10295002_1.jpg\",\"datePublished\":\"2022-03-29T09:28:59+00:00\",\"dateModified\":\"2026-04-13T07:57:05+00:00\",\"breadcrumb\":{\"@id\":\"https:\\\/\\\/rodoaed.ee\\\/fi\\\/toode\\\/kasvinsuoja-tai-minikasvihuone-21x23cm-12kpl\\\/#breadcrumb\"},\"inLanguage\":\"fi\",\"potentialAction\":[{\"@type\":\"ReadAction\",\"target\":[\"https:\\\/\\\/rodoaed.ee\\\/fi\\\/toode\\\/kasvinsuoja-tai-minikasvihuone-21x23cm-12kpl\\\/\"]}]},{\"@type\":\"ImageObject\",\"inLanguage\":\"fi\",\"@id\":\"https:\\\/\\\/rodoaed.ee\\\/fi\\\/toode\\\/kasvinsuoja-tai-minikasvihuone-21x23cm-12kpl\\\/#primaryimage\",\"url\":\"https:\\\/\\\/rodoaed.ee\\\/wp-content\\\/uploads\\\/2022\\\/03\\\/taimekate_10295002_1.jpg\",\"contentUrl\":\"https:\\\/\\\/rodoaed.ee\\\/wp-content\\\/uploads\\\/2022\\\/03\\\/taimekate_10295002_1.jpg\",\"width\":676,\"height\":661},{\"@type\":\"BreadcrumbList\",\"@id\":\"https:\\\/\\\/rodoaed.ee\\\/fi\\\/toode\\\/kasvinsuoja-tai-minikasvihuone-21x23cm-12kpl\\\/#breadcrumb\",\"itemListElement\":[{\"@type\":\"ListItem\",\"position\":1,\"name\":\"Home\",\"item\":\"https:\\\/\\\/rodoaed.ee\\\/fi\\\/\"},{\"@type\":\"ListItem\",\"position\":2,\"name\":\"Osta osoitteessa\",\"item\":\"https:\\\/\\\/rodoaed.ee\\\/osta-osoitteessa\\\/\"},{\"@type\":\"ListItem\",\"position\":3,\"name\":\"Kasvinsuoja tai minikasvihuone 21x23cm, 12kpl\"}]},{\"@type\":\"WebSite\",\"@id\":\"https:\\\/\\\/rodoaed.ee\\\/#website\",\"url\":\"https:\\\/\\\/rodoaed.ee\\\/\",\"name\":\"Rodoaed\",\"description\":\"\",\"publisher\":{\"@id\":\"https:\\\/\\\/rodoaed.ee\\\/#organization\"},\"potentialAction\":[{\"@type\":\"SearchAction\",\"target\":{\"@type\":\"EntryPoint\",\"urlTemplate\":\"https:\\\/\\\/rodoaed.ee\\\/?s={search_term_string}\"},\"query-input\":{\"@type\":\"PropertyValueSpecification\",\"valueRequired\":true,\"valueName\":\"search_term_string\"}}],\"inLanguage\":\"fi\"},{\"@type\":\"Organization\",\"@id\":\"https:\\\/\\\/rodoaed.ee\\\/#organization\",\"name\":\"Rodoaed\",\"url\":\"https:\\\/\\\/rodoaed.ee\\\/\",\"logo\":{\"@type\":\"ImageObject\",\"inLanguage\":\"fi\",\"@id\":\"https:\\\/\\\/rodoaed.ee\\\/#\\\/schema\\\/logo\\\/image\\\/\",\"url\":\"https:\\\/\\\/rodoaed.ee\\\/wp-content\\\/uploads\\\/2019\\\/11\\\/rodoaed-logo-ilma-taustata.jpg\",\"contentUrl\":\"https:\\\/\\\/rodoaed.ee\\\/wp-content\\\/uploads\\\/2019\\\/11\\\/rodoaed-logo-ilma-taustata.jpg\",\"width\":769,\"height\":268,\"caption\":\"Rodoaed\"},\"image\":{\"@id\":\"https:\\\/\\\/rodoaed.ee\\\/#\\\/schema\\\/logo\\\/image\\\/\"},\"sameAs\":[\"https:\\\/\\\/www.facebook.com\\\/kasvuhooned\\\/\",\"https:\\\/\\\/rodoaed.ee\"]}]}<\/script>\n<!-- \/ Yoast SEO Premium plugin. -->","yoast_head_json":{"title":"Kasvinsuoja tai minikasvihuone 21x23cm, 12kpl - Rodoaed","robots":{"index":"index","follow":"follow","max-snippet":"max-snippet:-1","max-image-preview":"max-image-preview:large","max-video-preview":"max-video-preview:-1"},"canonical":"https:\/\/rodoaed.ee\/fi\/toode\/kasvinsuoja-tai-minikasvihuone-21x23cm-12kpl\/","og_locale":"fi_FI","og_type":"article","og_title":"Kasvinsuoja tai minikasvihuone 21x23cm, 12kpl","og_description":"Aurinkosuoja kukkapenkiss\u00e4 oleville nuorille tai herkille kasveille. Helpoin tapa kasvaa s\u00e4ngyss\u00e4 aikaisin kev\u00e4\u00e4ll\u00e4. Suojaa y\u00f6pakkasilta. Kuin","og_url":"https:\/\/rodoaed.ee\/fi\/toode\/kasvinsuoja-tai-minikasvihuone-21x23cm-12kpl\/","og_site_name":"Rodoaed","article_publisher":"https:\/\/www.facebook.com\/kasvuhooned\/","article_modified_time":"2026-04-13T07:57:05+00:00","og_image":[{"width":676,"height":661,"url":"https:\/\/rodoaed.ee\/wp-content\/uploads\/2022\/03\/taimekate_10295002_1.jpg","type":"image\/jpeg"}],"twitter_card":"summary_large_image","schema":{"@context":"https:\/\/schema.org","@graph":[{"@type":"WebPage","@id":"https:\/\/rodoaed.ee\/fi\/toode\/kasvinsuoja-tai-minikasvihuone-21x23cm-12kpl\/","url":"https:\/\/rodoaed.ee\/fi\/toode\/kasvinsuoja-tai-minikasvihuone-21x23cm-12kpl\/","name":"Kasvinsuoja tai minikasvihuone 21x23cm, 12kpl - Rodoaed","isPartOf":{"@id":"https:\/\/rodoaed.ee\/#website"},"primaryImageOfPage":{"@id":"https:\/\/rodoaed.ee\/fi\/toode\/kasvinsuoja-tai-minikasvihuone-21x23cm-12kpl\/#primaryimage"},"image":{"@id":"https:\/\/rodoaed.ee\/fi\/toode\/kasvinsuoja-tai-minikasvihuone-21x23cm-12kpl\/#primaryimage"},"thumbnailUrl":"https:\/\/rodoaed.ee\/wp-content\/uploads\/2022\/03\/taimekate_10295002_1.jpg","datePublished":"2022-03-29T09:28:59+00:00","dateModified":"2026-04-13T07:57:05+00:00","breadcrumb":{"@id":"https:\/\/rodoaed.ee\/fi\/toode\/kasvinsuoja-tai-minikasvihuone-21x23cm-12kpl\/#breadcrumb"},"inLanguage":"fi","potentialAction":[{"@type":"ReadAction","target":["https:\/\/rodoaed.ee\/fi\/toode\/kasvinsuoja-tai-minikasvihuone-21x23cm-12kpl\/"]}]},{"@type":"ImageObject","inLanguage":"fi","@id":"https:\/\/rodoaed.ee\/fi\/toode\/kasvinsuoja-tai-minikasvihuone-21x23cm-12kpl\/#primaryimage","url":"https:\/\/rodoaed.ee\/wp-content\/uploads\/2022\/03\/taimekate_10295002_1.jpg","contentUrl":"https:\/\/rodoaed.ee\/wp-content\/uploads\/2022\/03\/taimekate_10295002_1.jpg","width":676,"height":661},{"@type":"BreadcrumbList","@id":"https:\/\/rodoaed.ee\/fi\/toode\/kasvinsuoja-tai-minikasvihuone-21x23cm-12kpl\/#breadcrumb","itemListElement":[{"@type":"ListItem","position":1,"name":"Home","item":"https:\/\/rodoaed.ee\/fi\/"},{"@type":"ListItem","position":2,"name":"Osta osoitteessa","item":"https:\/\/rodoaed.ee\/osta-osoitteessa\/"},{"@type":"ListItem","position":3,"name":"Kasvinsuoja tai minikasvihuone 21x23cm, 12kpl"}]},{"@type":"WebSite","@id":"https:\/\/rodoaed.ee\/#website","url":"https:\/\/rodoaed.ee\/","name":"Rodoaed","description":"","publisher":{"@id":"https:\/\/rodoaed.ee\/#organization"},"potentialAction":[{"@type":"SearchAction","target":{"@type":"EntryPoint","urlTemplate":"https:\/\/rodoaed.ee\/?s={search_term_string}"},"query-input":{"@type":"PropertyValueSpecification","valueRequired":true,"valueName":"search_term_string"}}],"inLanguage":"fi"},{"@type":"Organization","@id":"https:\/\/rodoaed.ee\/#organization","name":"Rodoaed","url":"https:\/\/rodoaed.ee\/","logo":{"@type":"ImageObject","inLanguage":"fi","@id":"https:\/\/rodoaed.ee\/#\/schema\/logo\/image\/","url":"https:\/\/rodoaed.ee\/wp-content\/uploads\/2019\/11\/rodoaed-logo-ilma-taustata.jpg","contentUrl":"https:\/\/rodoaed.ee\/wp-content\/uploads\/2019\/11\/rodoaed-logo-ilma-taustata.jpg","width":769,"height":268,"caption":"Rodoaed"},"image":{"@id":"https:\/\/rodoaed.ee\/#\/schema\/logo\/image\/"},"sameAs":["https:\/\/www.facebook.com\/kasvuhooned\/","https:\/\/rodoaed.ee"]}]}},"_links":{"self":[{"href":"https:\/\/rodoaed.ee\/fi\/wp-json\/wp\/v2\/product\/52908","targetHints":{"allow":["GET"]}}],"collection":[{"href":"https:\/\/rodoaed.ee\/fi\/wp-json\/wp\/v2\/product"}],"about":[{"href":"https:\/\/rodoaed.ee\/fi\/wp-json\/wp\/v2\/types\/product"}],"wp:featuredmedia":[{"embeddable":true,"href":"https:\/\/rodoaed.ee\/fi\/wp-json\/wp\/v2\/media\/40871"}],"wp:attachment":[{"href":"https:\/\/rodoaed.ee\/fi\/wp-json\/wp\/v2\/media?parent=52908"}],"wp:term":[{"taxonomy":"product_brand","embeddable":true,"href":"https:\/\/rodoaed.ee\/fi\/wp-json\/wp\/v2\/product_brand?post=52908"},{"taxonomy":"product_cat","embeddable":true,"href":"https:\/\/rodoaed.ee\/fi\/wp-json\/wp\/v2\/product_cat?post=52908"},{"taxonomy":"product_tag","embeddable":true,"href":"https:\/\/rodoaed.ee\/fi\/wp-json\/wp\/v2\/product_tag?post=52908"}],"curies":[{"name":"wp","href":"https:\/\/api.w.org\/{rel}","templated":true}]}}