{"id":52909,"date":"2022-05-15T11:35:48","date_gmt":"2022-05-15T08:35:48","guid":{"rendered":"https:\/\/rodoaed.ee\/toode\/berberis-uno-duo-ja-trio-kasviastian-kansi\/"},"modified":"2026-04-13T10:57:05","modified_gmt":"2026-04-13T07:57:05","slug":"berberis-uno-duo-ja-trio-kasviastian-kansi","status":"publish","type":"product","link":"https:\/\/rodoaed.ee\/fi\/tuote\/berberis-uno-duo-ja-trio-kasviastian-kansi\/","title":{"rendered":"Berberis Uno, Duo ja Trio -kasviastian kansi."},"content":{"rendered":"<h3>L\u00e4pin\u00e4kyv\u00e4 kansi kasviastioihin Uno, Duo ja Trio<\/h3>\n<p>Loistava tapa esikasvattaa kasveja heti suuressa astiassa tai suojata niit\u00e4 viileilt\u00e4 \u00f6ilt\u00e4. N\u00e4in voit istuttaa tomaatit ja kurkut kasvihuoneeseen paljon aikaisemmin. Voit poistaa suojuksen v\u00e4hitellen, kun y\u00f6t ovat l\u00e4mpim\u00e4mpi\u00e4 tai kun kasvi on tarpeeksi suuri eik\u00e4 en\u00e4\u00e4 mahdu suojuksen alle.  <\/p>\n<p>&nbsp;<\/p>\n<h4><\/h4>\n<h4>T\u00e4rkeimm\u00e4t ominaisuudet<\/h4>\n<ul>\n<li>Mitat: 33 x 33 x 22 korkeus cm<\/li>\n<li>L\u00e4pin\u00e4kyv\u00e4<\/li>\n<li>ilmanvaihtoaukolla ja kiinnikkeill\u00e4<\/li>\n<li>Paino 0,64 kg<\/li>\n<\/ul>\n<p><a href=\"https:\/\/rodoaed.ee\/fi\/\">kotisivu<\/a> <a href=\"https:\/\/rodoaed.ee\/tootekategooria\/kasvuhooned-ja-talveaiad\/\">k\u00e4ynnist\u00e4<\/a> <a href=\"https:\/\/rodoaed.ee\/fi\/tootekategooria\/kasvihuoneen-tarvikkeet\/\">tarvikkeet<\/a> <a href=\"https:\/\/rodoaed.ee\/tootekategooria\/kasvihuoneen-tarvikkeet\/kasvuhoone-tarvikud\/\">tarvikkeet<\/a><\/p>\n<div>\n<div><\/div>\n<\/div>\n","protected":false},"excerpt":{"rendered":"<p>L\u00e4pin\u00e4kyv\u00e4 kansi kasviastioihin Uno, Duo ja Trio Loistava tapa esikasvattaa kasveja heti suuressa astiassa tai suojata niit\u00e4 viileilt\u00e4 \u00f6ilt\u00e4. N\u00e4in voit istuttaa tomaatit ja kurkut kasvihuoneeseen paljon aikaisemmin. Voit poistaa suojuksen v\u00e4hitellen, kun y\u00f6t ovat l\u00e4mpim\u00e4mpi\u00e4 tai kun kasvi on tarpeeksi suuri eik\u00e4 en\u00e4\u00e4 mahdu suojuksen alle. &nbsp; T\u00e4rkeimm\u00e4t ominaisuudet Mitat: 33 x 33 x 22 korkeus cm L\u00e4pin\u00e4kyv\u00e4 ilmanvaihtoaukolla ja kiinnikkeill\u00e4 Paino 0,64 kg&#8230;<\/p>\n","protected":false},"featured_media":41464,"template":"","meta":{"_acf_changed":false},"product_brand":[],"product_cat":[1777,1788,1752],"product_tag":[],"class_list":{"0":"post-52909","1":"product","2":"type-product","3":"status-publish","4":"has-post-thumbnail","6":"product_cat-art-containers-berberis-uno-duo-ja-trio","7":"product_cat-kukkaruukut-ja-kasviastiat","8":"product_cat-puutarha-ja-piha","9":"product_shipping_class-toimitus-1-3-tyopaivan-kuluessa","10":"pa_variatsioon-kasvatussailio-16l2l-jossa-on-vesisailio-ja-kehys","12":"first","13":"instock","14":"sale","15":"taxable","16":"shipping-taxable","17":"purchasable","18":"product-type-simple"},"acf":[],"yoast_head":"<!-- This site is optimized with the Yoast SEO Premium plugin v27.3 (Yoast SEO v27.3) - https:\/\/yoast.com\/product\/yoast-seo-premium-wordpress\/ -->\n<title>Berberis Uno, Duo ja Trio -kasviastian kansi. - Rodoaed<\/title>\n<meta name=\"description\" content=\"Kasvien kasvuastia. S\u00e4ili\u00f6n alla on kastelus\u00e4ili\u00f6, josta kasvit voivat ime\u00e4 juurineen sopivan m\u00e4\u00e4r\u00e4n vett\u00e4.\" \/>\n<meta name=\"robots\" content=\"index, follow, max-snippet:-1, max-image-preview:large, max-video-preview:-1\" \/>\n<link rel=\"canonical\" href=\"https:\/\/rodoaed.ee\/fi\/toode\/berberis-uno-duo-ja-trio-kasviastian-kansi\/\" \/>\n<meta property=\"og:locale\" content=\"fi_FI\" \/>\n<meta property=\"og:type\" content=\"article\" \/>\n<meta property=\"og:title\" content=\"Berberis Uno, Duo ja Trio -kasviastian kansi.\" \/>\n<meta property=\"og:description\" content=\"L\u00e4pin\u00e4kyv\u00e4 kansi kasviastioihin Uno, Duo ja Trio Loistava tapa esikasvattaa kasveja heti suuressa astiassa tai suojata niit\u00e4 viileilt\u00e4 \u00f6ilt\u00e4. N\u00e4in voit\" \/>\n<meta property=\"og:url\" content=\"https:\/\/rodoaed.ee\/fi\/toode\/berberis-uno-duo-ja-trio-kasviastian-kansi\/\" \/>\n<meta property=\"og:site_name\" content=\"Rodoaed\" \/>\n<meta property=\"article:publisher\" content=\"https:\/\/www.facebook.com\/kasvuhooned\/\" \/>\n<meta property=\"article:modified_time\" content=\"2026-04-13T07:57:05+00:00\" \/>\n<meta property=\"og:image\" content=\"https:\/\/rodoaed.ee\/wp-content\/uploads\/2022\/05\/Kattekaaned_Berberis_010.jpg\" \/>\n\t<meta property=\"og:image:width\" content=\"933\" \/>\n\t<meta property=\"og:image:height\" content=\"1400\" \/>\n\t<meta property=\"og:image:type\" content=\"image\/jpeg\" \/>\n<meta name=\"twitter:card\" content=\"summary_large_image\" \/>\n<script type=\"application\/ld+json\" class=\"yoast-schema-graph\">{\"@context\":\"https:\\\/\\\/schema.org\",\"@graph\":[{\"@type\":\"WebPage\",\"@id\":\"https:\\\/\\\/rodoaed.ee\\\/fi\\\/toode\\\/berberis-uno-duo-ja-trio-kasviastian-kansi\\\/\",\"url\":\"https:\\\/\\\/rodoaed.ee\\\/fi\\\/toode\\\/berberis-uno-duo-ja-trio-kasviastian-kansi\\\/\",\"name\":\"Berberis Uno, Duo ja Trio -kasviastian kansi. - Rodoaed\",\"isPartOf\":{\"@id\":\"https:\\\/\\\/rodoaed.ee\\\/#website\"},\"primaryImageOfPage\":{\"@id\":\"https:\\\/\\\/rodoaed.ee\\\/fi\\\/toode\\\/berberis-uno-duo-ja-trio-kasviastian-kansi\\\/#primaryimage\"},\"image\":{\"@id\":\"https:\\\/\\\/rodoaed.ee\\\/fi\\\/toode\\\/berberis-uno-duo-ja-trio-kasviastian-kansi\\\/#primaryimage\"},\"thumbnailUrl\":\"https:\\\/\\\/rodoaed.ee\\\/wp-content\\\/uploads\\\/2022\\\/05\\\/Kattekaaned_Berberis_010.jpg\",\"datePublished\":\"2022-05-15T08:35:48+00:00\",\"dateModified\":\"2026-04-13T07:57:05+00:00\",\"description\":\"Kasvien kasvuastia. S\u00e4ili\u00f6n alla on kastelus\u00e4ili\u00f6, josta kasvit voivat ime\u00e4 juurineen sopivan m\u00e4\u00e4r\u00e4n vett\u00e4.\",\"breadcrumb\":{\"@id\":\"https:\\\/\\\/rodoaed.ee\\\/fi\\\/toode\\\/berberis-uno-duo-ja-trio-kasviastian-kansi\\\/#breadcrumb\"},\"inLanguage\":\"fi\",\"potentialAction\":[{\"@type\":\"ReadAction\",\"target\":[\"https:\\\/\\\/rodoaed.ee\\\/fi\\\/toode\\\/berberis-uno-duo-ja-trio-kasviastian-kansi\\\/\"]}]},{\"@type\":\"ImageObject\",\"inLanguage\":\"fi\",\"@id\":\"https:\\\/\\\/rodoaed.ee\\\/fi\\\/toode\\\/berberis-uno-duo-ja-trio-kasviastian-kansi\\\/#primaryimage\",\"url\":\"https:\\\/\\\/rodoaed.ee\\\/wp-content\\\/uploads\\\/2022\\\/05\\\/Kattekaaned_Berberis_010.jpg\",\"contentUrl\":\"https:\\\/\\\/rodoaed.ee\\\/wp-content\\\/uploads\\\/2022\\\/05\\\/Kattekaaned_Berberis_010.jpg\",\"width\":933,\"height\":1400},{\"@type\":\"BreadcrumbList\",\"@id\":\"https:\\\/\\\/rodoaed.ee\\\/fi\\\/toode\\\/berberis-uno-duo-ja-trio-kasviastian-kansi\\\/#breadcrumb\",\"itemListElement\":[{\"@type\":\"ListItem\",\"position\":1,\"name\":\"Home\",\"item\":\"https:\\\/\\\/rodoaed.ee\\\/fi\\\/\"},{\"@type\":\"ListItem\",\"position\":2,\"name\":\"Osta osoitteessa\",\"item\":\"https:\\\/\\\/rodoaed.ee\\\/osta-osoitteessa\\\/\"},{\"@type\":\"ListItem\",\"position\":3,\"name\":\"Berberis Uno, Duo ja Trio -kasviastian kansi.\"}]},{\"@type\":\"WebSite\",\"@id\":\"https:\\\/\\\/rodoaed.ee\\\/#website\",\"url\":\"https:\\\/\\\/rodoaed.ee\\\/\",\"name\":\"Rodoaed\",\"description\":\"\",\"publisher\":{\"@id\":\"https:\\\/\\\/rodoaed.ee\\\/#organization\"},\"potentialAction\":[{\"@type\":\"SearchAction\",\"target\":{\"@type\":\"EntryPoint\",\"urlTemplate\":\"https:\\\/\\\/rodoaed.ee\\\/?s={search_term_string}\"},\"query-input\":{\"@type\":\"PropertyValueSpecification\",\"valueRequired\":true,\"valueName\":\"search_term_string\"}}],\"inLanguage\":\"fi\"},{\"@type\":\"Organization\",\"@id\":\"https:\\\/\\\/rodoaed.ee\\\/#organization\",\"name\":\"Rodoaed\",\"url\":\"https:\\\/\\\/rodoaed.ee\\\/\",\"logo\":{\"@type\":\"ImageObject\",\"inLanguage\":\"fi\",\"@id\":\"https:\\\/\\\/rodoaed.ee\\\/#\\\/schema\\\/logo\\\/image\\\/\",\"url\":\"https:\\\/\\\/rodoaed.ee\\\/wp-content\\\/uploads\\\/2019\\\/11\\\/rodoaed-logo-ilma-taustata.jpg\",\"contentUrl\":\"https:\\\/\\\/rodoaed.ee\\\/wp-content\\\/uploads\\\/2019\\\/11\\\/rodoaed-logo-ilma-taustata.jpg\",\"width\":769,\"height\":268,\"caption\":\"Rodoaed\"},\"image\":{\"@id\":\"https:\\\/\\\/rodoaed.ee\\\/#\\\/schema\\\/logo\\\/image\\\/\"},\"sameAs\":[\"https:\\\/\\\/www.facebook.com\\\/kasvuhooned\\\/\",\"https:\\\/\\\/rodoaed.ee\"]}]}<\/script>\n<!-- \/ Yoast SEO Premium plugin. -->","yoast_head_json":{"title":"Berberis Uno, Duo ja Trio -kasviastian kansi. - Rodoaed","description":"Kasvien kasvuastia. S\u00e4ili\u00f6n alla on kastelus\u00e4ili\u00f6, josta kasvit voivat ime\u00e4 juurineen sopivan m\u00e4\u00e4r\u00e4n vett\u00e4.","robots":{"index":"index","follow":"follow","max-snippet":"max-snippet:-1","max-image-preview":"max-image-preview:large","max-video-preview":"max-video-preview:-1"},"canonical":"https:\/\/rodoaed.ee\/fi\/toode\/berberis-uno-duo-ja-trio-kasviastian-kansi\/","og_locale":"fi_FI","og_type":"article","og_title":"Berberis Uno, Duo ja Trio -kasviastian kansi.","og_description":"L\u00e4pin\u00e4kyv\u00e4 kansi kasviastioihin Uno, Duo ja Trio Loistava tapa esikasvattaa kasveja heti suuressa astiassa tai suojata niit\u00e4 viileilt\u00e4 \u00f6ilt\u00e4. N\u00e4in voit","og_url":"https:\/\/rodoaed.ee\/fi\/toode\/berberis-uno-duo-ja-trio-kasviastian-kansi\/","og_site_name":"Rodoaed","article_publisher":"https:\/\/www.facebook.com\/kasvuhooned\/","article_modified_time":"2026-04-13T07:57:05+00:00","og_image":[{"width":933,"height":1400,"url":"https:\/\/rodoaed.ee\/wp-content\/uploads\/2022\/05\/Kattekaaned_Berberis_010.jpg","type":"image\/jpeg"}],"twitter_card":"summary_large_image","schema":{"@context":"https:\/\/schema.org","@graph":[{"@type":"WebPage","@id":"https:\/\/rodoaed.ee\/fi\/toode\/berberis-uno-duo-ja-trio-kasviastian-kansi\/","url":"https:\/\/rodoaed.ee\/fi\/toode\/berberis-uno-duo-ja-trio-kasviastian-kansi\/","name":"Berberis Uno, Duo ja Trio -kasviastian kansi. - Rodoaed","isPartOf":{"@id":"https:\/\/rodoaed.ee\/#website"},"primaryImageOfPage":{"@id":"https:\/\/rodoaed.ee\/fi\/toode\/berberis-uno-duo-ja-trio-kasviastian-kansi\/#primaryimage"},"image":{"@id":"https:\/\/rodoaed.ee\/fi\/toode\/berberis-uno-duo-ja-trio-kasviastian-kansi\/#primaryimage"},"thumbnailUrl":"https:\/\/rodoaed.ee\/wp-content\/uploads\/2022\/05\/Kattekaaned_Berberis_010.jpg","datePublished":"2022-05-15T08:35:48+00:00","dateModified":"2026-04-13T07:57:05+00:00","description":"Kasvien kasvuastia. S\u00e4ili\u00f6n alla on kastelus\u00e4ili\u00f6, josta kasvit voivat ime\u00e4 juurineen sopivan m\u00e4\u00e4r\u00e4n vett\u00e4.","breadcrumb":{"@id":"https:\/\/rodoaed.ee\/fi\/toode\/berberis-uno-duo-ja-trio-kasviastian-kansi\/#breadcrumb"},"inLanguage":"fi","potentialAction":[{"@type":"ReadAction","target":["https:\/\/rodoaed.ee\/fi\/toode\/berberis-uno-duo-ja-trio-kasviastian-kansi\/"]}]},{"@type":"ImageObject","inLanguage":"fi","@id":"https:\/\/rodoaed.ee\/fi\/toode\/berberis-uno-duo-ja-trio-kasviastian-kansi\/#primaryimage","url":"https:\/\/rodoaed.ee\/wp-content\/uploads\/2022\/05\/Kattekaaned_Berberis_010.jpg","contentUrl":"https:\/\/rodoaed.ee\/wp-content\/uploads\/2022\/05\/Kattekaaned_Berberis_010.jpg","width":933,"height":1400},{"@type":"BreadcrumbList","@id":"https:\/\/rodoaed.ee\/fi\/toode\/berberis-uno-duo-ja-trio-kasviastian-kansi\/#breadcrumb","itemListElement":[{"@type":"ListItem","position":1,"name":"Home","item":"https:\/\/rodoaed.ee\/fi\/"},{"@type":"ListItem","position":2,"name":"Osta osoitteessa","item":"https:\/\/rodoaed.ee\/osta-osoitteessa\/"},{"@type":"ListItem","position":3,"name":"Berberis Uno, Duo ja Trio -kasviastian kansi."}]},{"@type":"WebSite","@id":"https:\/\/rodoaed.ee\/#website","url":"https:\/\/rodoaed.ee\/","name":"Rodoaed","description":"","publisher":{"@id":"https:\/\/rodoaed.ee\/#organization"},"potentialAction":[{"@type":"SearchAction","target":{"@type":"EntryPoint","urlTemplate":"https:\/\/rodoaed.ee\/?s={search_term_string}"},"query-input":{"@type":"PropertyValueSpecification","valueRequired":true,"valueName":"search_term_string"}}],"inLanguage":"fi"},{"@type":"Organization","@id":"https:\/\/rodoaed.ee\/#organization","name":"Rodoaed","url":"https:\/\/rodoaed.ee\/","logo":{"@type":"ImageObject","inLanguage":"fi","@id":"https:\/\/rodoaed.ee\/#\/schema\/logo\/image\/","url":"https:\/\/rodoaed.ee\/wp-content\/uploads\/2019\/11\/rodoaed-logo-ilma-taustata.jpg","contentUrl":"https:\/\/rodoaed.ee\/wp-content\/uploads\/2019\/11\/rodoaed-logo-ilma-taustata.jpg","width":769,"height":268,"caption":"Rodoaed"},"image":{"@id":"https:\/\/rodoaed.ee\/#\/schema\/logo\/image\/"},"sameAs":["https:\/\/www.facebook.com\/kasvuhooned\/","https:\/\/rodoaed.ee"]}]}},"_links":{"self":[{"href":"https:\/\/rodoaed.ee\/fi\/wp-json\/wp\/v2\/product\/52909","targetHints":{"allow":["GET"]}}],"collection":[{"href":"https:\/\/rodoaed.ee\/fi\/wp-json\/wp\/v2\/product"}],"about":[{"href":"https:\/\/rodoaed.ee\/fi\/wp-json\/wp\/v2\/types\/product"}],"wp:featuredmedia":[{"embeddable":true,"href":"https:\/\/rodoaed.ee\/fi\/wp-json\/wp\/v2\/media\/41464"}],"wp:attachment":[{"href":"https:\/\/rodoaed.ee\/fi\/wp-json\/wp\/v2\/media?parent=52909"}],"wp:term":[{"taxonomy":"product_brand","embeddable":true,"href":"https:\/\/rodoaed.ee\/fi\/wp-json\/wp\/v2\/product_brand?post=52909"},{"taxonomy":"product_cat","embeddable":true,"href":"https:\/\/rodoaed.ee\/fi\/wp-json\/wp\/v2\/product_cat?post=52909"},{"taxonomy":"product_tag","embeddable":true,"href":"https:\/\/rodoaed.ee\/fi\/wp-json\/wp\/v2\/product_tag?post=52909"}],"curies":[{"name":"wp","href":"https:\/\/api.w.org\/{rel}","templated":true}]}}