{"id":52910,"date":"2022-03-29T12:43:57","date_gmt":"2022-03-29T09:43:57","guid":{"rendered":"https:\/\/rodoaed.ee\/toode\/avokadokasvien-esikasvatussarja\/"},"modified":"2026-04-13T10:57:05","modified_gmt":"2026-04-13T07:57:05","slug":"avokadokasvien-esikasvatussarja","status":"publish","type":"product","link":"https:\/\/rodoaed.ee\/fi\/tuote\/avokadokasvien-esikasvatussarja\/","title":{"rendered":"Avokadokasvien esikasvatussarja"},"content":{"rendered":"<h2>Avokadon siementen turvallinen it\u00e4minen ja esi-iti\u00f6inti<\/h2>\n<p>Avokadon siementen it\u00e4minen on hyvin suosittua monissa kodeissa, sill\u00e4 suuria ja kauniita avokadon siemeni\u00e4 on nyt helposti saatavilla. Avokadoissa on kuitenkin pari vivahdeominaisuutta, jotka tekev\u00e4t niiden menestyksekk\u00e4\u00e4st\u00e4 viljelyst\u00e4 vaikeampaa kuin muiden trooppisten viljelykasvien. Avokado haluaa it\u00e4\u00e4 veden yl\u00e4puolella mutta ei vedess\u00e4, kohtuullisen kosteana mutta ei liian kosteana. Sen sijaan, ett\u00e4 leikkaisit omat pahviset kehykset ja vaivautuisit, k\u00e4yt\u00e4 t\u00e4t\u00e4 hyv\u00e4ksi havaittua siisti\u00e4 ja n\u00e4tti\u00e4 ratkaisua, ja onnistut joka kerta.   <\/p>\n<p>Se on eritt\u00e4in helppok\u00e4ytt\u00f6inen. Voit asettaa tarjottimen avokadon siemenineen suureen vesikulhoon kellumaan, tai lepuuttaa sit\u00e4 mukin reunalla lasin p\u00e4\u00e4ll\u00e4. Kehys pit\u00e4\u00e4 siemenen juuri oikealla et\u00e4isyydell\u00e4 vedest\u00e4. Lis\u00e4\u00e4 runsaasti vett\u00e4 ja tarkkaile it\u00e4mist\u00e4 ja juurten kehittymist\u00e4.   <\/p>\n<p>&nbsp;<\/p>\n<ul>\n<li>Mitat: halkaisija 15 cm<\/li>\n<li>V\u00e4ri: kes\u00e4n vihre\u00e4<\/li>\n<\/ul>\n<p>&nbsp;<\/p>\n","protected":false},"excerpt":{"rendered":"<p>Avokadon siementen turvallinen it\u00e4minen ja esi-iti\u00f6inti Avokadon siementen it\u00e4minen on hyvin suosittua monissa kodeissa, sill\u00e4 suuria ja kauniita avokadon siemeni\u00e4 on nyt helposti saatavilla. Avokadoissa on kuitenkin pari vivahdeominaisuutta, jotka tekev\u00e4t niiden menestyksekk\u00e4\u00e4st\u00e4 viljelyst\u00e4 vaikeampaa kuin muiden trooppisten viljelykasvien. Avokado haluaa it\u00e4\u00e4 veden yl\u00e4puolella mutta ei vedess\u00e4, kohtuullisen kosteana mutta ei liian kosteana. Sen sijaan, ett\u00e4 leikkaisit omat pahviset kehykset ja vaivautuisit, k\u00e4yt\u00e4 t\u00e4t\u00e4 hyv\u00e4ksi&#8230;<\/p>\n","protected":false},"featured_media":40885,"template":"","meta":{"_acf_changed":false},"product_brand":[],"product_cat":[1960,1858],"product_tag":[],"class_list":{"0":"post-52910","1":"product","2":"type-product","3":"status-publish","4":"has-post-thumbnail","6":"product_cat-mikrovihannesten-itaminen","7":"product_cat-miniatyyritilat-ja-esikasvatus","8":"product_shipping_class-toimitus-1-3-tyopaivan-kuluessa","9":"pa_variatsioon-superseeder-kylvokone-21","11":"first","12":"instock","13":"taxable","14":"shipping-taxable","15":"purchasable","16":"product-type-simple"},"acf":[],"yoast_head":"<!-- This site is optimized with the Yoast SEO Premium plugin v27.3 (Yoast SEO v27.3) - https:\/\/yoast.com\/product\/yoast-seo-premium-wordpress\/ -->\n<title>Avokadokasvien esikasvatussarja - Rodoaed<\/title>\n<meta name=\"robots\" content=\"index, follow, max-snippet:-1, max-image-preview:large, max-video-preview:-1\" \/>\n<link rel=\"canonical\" href=\"https:\/\/rodoaed.ee\/fi\/toode\/avokadokasvien-esikasvatussarja\/\" \/>\n<meta property=\"og:locale\" content=\"fi_FI\" \/>\n<meta property=\"og:type\" content=\"article\" \/>\n<meta property=\"og:title\" content=\"Avokadokasvien esikasvatussarja\" \/>\n<meta property=\"og:description\" content=\"Avokadon siementen turvallinen it\u00e4minen ja esi-iti\u00f6inti Avokadon siementen it\u00e4minen on hyvin suosittua monissa kodeissa, sill\u00e4 suuria ja kauniita avokadon\" \/>\n<meta property=\"og:url\" content=\"https:\/\/rodoaed.ee\/fi\/toode\/avokadokasvien-esikasvatussarja\/\" \/>\n<meta property=\"og:site_name\" content=\"Rodoaed\" \/>\n<meta property=\"article:publisher\" content=\"https:\/\/www.facebook.com\/kasvuhooned\/\" \/>\n<meta property=\"article:modified_time\" content=\"2026-04-13T07:57:05+00:00\" \/>\n<meta property=\"og:image\" content=\"https:\/\/rodoaed.ee\/wp-content\/uploads\/2022\/03\/avokaado-kasvatamise-komplekt_16293095_a.jpg\" \/>\n\t<meta property=\"og:image:width\" content=\"2000\" \/>\n\t<meta property=\"og:image:height\" content=\"1685\" \/>\n\t<meta property=\"og:image:type\" content=\"image\/jpeg\" \/>\n<meta name=\"twitter:card\" content=\"summary_large_image\" \/>\n<meta name=\"twitter:label1\" content=\"Arvioitu lukuaika\" \/>\n\t<meta name=\"twitter:data1\" content=\"1 minuutti\" \/>\n<script type=\"application\/ld+json\" class=\"yoast-schema-graph\">{\"@context\":\"https:\\\/\\\/schema.org\",\"@graph\":[{\"@type\":\"WebPage\",\"@id\":\"https:\\\/\\\/rodoaed.ee\\\/fi\\\/toode\\\/avokadokasvien-esikasvatussarja\\\/\",\"url\":\"https:\\\/\\\/rodoaed.ee\\\/fi\\\/toode\\\/avokadokasvien-esikasvatussarja\\\/\",\"name\":\"Avokadokasvien esikasvatussarja - Rodoaed\",\"isPartOf\":{\"@id\":\"https:\\\/\\\/rodoaed.ee\\\/#website\"},\"primaryImageOfPage\":{\"@id\":\"https:\\\/\\\/rodoaed.ee\\\/fi\\\/toode\\\/avokadokasvien-esikasvatussarja\\\/#primaryimage\"},\"image\":{\"@id\":\"https:\\\/\\\/rodoaed.ee\\\/fi\\\/toode\\\/avokadokasvien-esikasvatussarja\\\/#primaryimage\"},\"thumbnailUrl\":\"https:\\\/\\\/rodoaed.ee\\\/wp-content\\\/uploads\\\/2022\\\/03\\\/avokaado-kasvatamise-komplekt_16293095_a.jpg\",\"datePublished\":\"2022-03-29T09:43:57+00:00\",\"dateModified\":\"2026-04-13T07:57:05+00:00\",\"breadcrumb\":{\"@id\":\"https:\\\/\\\/rodoaed.ee\\\/fi\\\/toode\\\/avokadokasvien-esikasvatussarja\\\/#breadcrumb\"},\"inLanguage\":\"fi\",\"potentialAction\":[{\"@type\":\"ReadAction\",\"target\":[\"https:\\\/\\\/rodoaed.ee\\\/fi\\\/toode\\\/avokadokasvien-esikasvatussarja\\\/\"]}]},{\"@type\":\"ImageObject\",\"inLanguage\":\"fi\",\"@id\":\"https:\\\/\\\/rodoaed.ee\\\/fi\\\/toode\\\/avokadokasvien-esikasvatussarja\\\/#primaryimage\",\"url\":\"https:\\\/\\\/rodoaed.ee\\\/wp-content\\\/uploads\\\/2022\\\/03\\\/avokaado-kasvatamise-komplekt_16293095_a.jpg\",\"contentUrl\":\"https:\\\/\\\/rodoaed.ee\\\/wp-content\\\/uploads\\\/2022\\\/03\\\/avokaado-kasvatamise-komplekt_16293095_a.jpg\",\"width\":2000,\"height\":1685},{\"@type\":\"BreadcrumbList\",\"@id\":\"https:\\\/\\\/rodoaed.ee\\\/fi\\\/toode\\\/avokadokasvien-esikasvatussarja\\\/#breadcrumb\",\"itemListElement\":[{\"@type\":\"ListItem\",\"position\":1,\"name\":\"Home\",\"item\":\"https:\\\/\\\/rodoaed.ee\\\/fi\\\/\"},{\"@type\":\"ListItem\",\"position\":2,\"name\":\"Osta osoitteessa\",\"item\":\"https:\\\/\\\/rodoaed.ee\\\/osta-osoitteessa\\\/\"},{\"@type\":\"ListItem\",\"position\":3,\"name\":\"Avokadokasvien esikasvatussarja\"}]},{\"@type\":\"WebSite\",\"@id\":\"https:\\\/\\\/rodoaed.ee\\\/#website\",\"url\":\"https:\\\/\\\/rodoaed.ee\\\/\",\"name\":\"Rodoaed\",\"description\":\"\",\"publisher\":{\"@id\":\"https:\\\/\\\/rodoaed.ee\\\/#organization\"},\"potentialAction\":[{\"@type\":\"SearchAction\",\"target\":{\"@type\":\"EntryPoint\",\"urlTemplate\":\"https:\\\/\\\/rodoaed.ee\\\/?s={search_term_string}\"},\"query-input\":{\"@type\":\"PropertyValueSpecification\",\"valueRequired\":true,\"valueName\":\"search_term_string\"}}],\"inLanguage\":\"fi\"},{\"@type\":\"Organization\",\"@id\":\"https:\\\/\\\/rodoaed.ee\\\/#organization\",\"name\":\"Rodoaed\",\"url\":\"https:\\\/\\\/rodoaed.ee\\\/\",\"logo\":{\"@type\":\"ImageObject\",\"inLanguage\":\"fi\",\"@id\":\"https:\\\/\\\/rodoaed.ee\\\/#\\\/schema\\\/logo\\\/image\\\/\",\"url\":\"https:\\\/\\\/rodoaed.ee\\\/wp-content\\\/uploads\\\/2019\\\/11\\\/rodoaed-logo-ilma-taustata.jpg\",\"contentUrl\":\"https:\\\/\\\/rodoaed.ee\\\/wp-content\\\/uploads\\\/2019\\\/11\\\/rodoaed-logo-ilma-taustata.jpg\",\"width\":769,\"height\":268,\"caption\":\"Rodoaed\"},\"image\":{\"@id\":\"https:\\\/\\\/rodoaed.ee\\\/#\\\/schema\\\/logo\\\/image\\\/\"},\"sameAs\":[\"https:\\\/\\\/www.facebook.com\\\/kasvuhooned\\\/\",\"https:\\\/\\\/rodoaed.ee\"]}]}<\/script>\n<!-- \/ Yoast SEO Premium plugin. -->","yoast_head_json":{"title":"Avokadokasvien esikasvatussarja - Rodoaed","robots":{"index":"index","follow":"follow","max-snippet":"max-snippet:-1","max-image-preview":"max-image-preview:large","max-video-preview":"max-video-preview:-1"},"canonical":"https:\/\/rodoaed.ee\/fi\/toode\/avokadokasvien-esikasvatussarja\/","og_locale":"fi_FI","og_type":"article","og_title":"Avokadokasvien esikasvatussarja","og_description":"Avokadon siementen turvallinen it\u00e4minen ja esi-iti\u00f6inti Avokadon siementen it\u00e4minen on hyvin suosittua monissa kodeissa, sill\u00e4 suuria ja kauniita avokadon","og_url":"https:\/\/rodoaed.ee\/fi\/toode\/avokadokasvien-esikasvatussarja\/","og_site_name":"Rodoaed","article_publisher":"https:\/\/www.facebook.com\/kasvuhooned\/","article_modified_time":"2026-04-13T07:57:05+00:00","og_image":[{"width":2000,"height":1685,"url":"https:\/\/rodoaed.ee\/wp-content\/uploads\/2022\/03\/avokaado-kasvatamise-komplekt_16293095_a.jpg","type":"image\/jpeg"}],"twitter_card":"summary_large_image","twitter_misc":{"Arvioitu lukuaika":"1 minuutti"},"schema":{"@context":"https:\/\/schema.org","@graph":[{"@type":"WebPage","@id":"https:\/\/rodoaed.ee\/fi\/toode\/avokadokasvien-esikasvatussarja\/","url":"https:\/\/rodoaed.ee\/fi\/toode\/avokadokasvien-esikasvatussarja\/","name":"Avokadokasvien esikasvatussarja - Rodoaed","isPartOf":{"@id":"https:\/\/rodoaed.ee\/#website"},"primaryImageOfPage":{"@id":"https:\/\/rodoaed.ee\/fi\/toode\/avokadokasvien-esikasvatussarja\/#primaryimage"},"image":{"@id":"https:\/\/rodoaed.ee\/fi\/toode\/avokadokasvien-esikasvatussarja\/#primaryimage"},"thumbnailUrl":"https:\/\/rodoaed.ee\/wp-content\/uploads\/2022\/03\/avokaado-kasvatamise-komplekt_16293095_a.jpg","datePublished":"2022-03-29T09:43:57+00:00","dateModified":"2026-04-13T07:57:05+00:00","breadcrumb":{"@id":"https:\/\/rodoaed.ee\/fi\/toode\/avokadokasvien-esikasvatussarja\/#breadcrumb"},"inLanguage":"fi","potentialAction":[{"@type":"ReadAction","target":["https:\/\/rodoaed.ee\/fi\/toode\/avokadokasvien-esikasvatussarja\/"]}]},{"@type":"ImageObject","inLanguage":"fi","@id":"https:\/\/rodoaed.ee\/fi\/toode\/avokadokasvien-esikasvatussarja\/#primaryimage","url":"https:\/\/rodoaed.ee\/wp-content\/uploads\/2022\/03\/avokaado-kasvatamise-komplekt_16293095_a.jpg","contentUrl":"https:\/\/rodoaed.ee\/wp-content\/uploads\/2022\/03\/avokaado-kasvatamise-komplekt_16293095_a.jpg","width":2000,"height":1685},{"@type":"BreadcrumbList","@id":"https:\/\/rodoaed.ee\/fi\/toode\/avokadokasvien-esikasvatussarja\/#breadcrumb","itemListElement":[{"@type":"ListItem","position":1,"name":"Home","item":"https:\/\/rodoaed.ee\/fi\/"},{"@type":"ListItem","position":2,"name":"Osta osoitteessa","item":"https:\/\/rodoaed.ee\/osta-osoitteessa\/"},{"@type":"ListItem","position":3,"name":"Avokadokasvien esikasvatussarja"}]},{"@type":"WebSite","@id":"https:\/\/rodoaed.ee\/#website","url":"https:\/\/rodoaed.ee\/","name":"Rodoaed","description":"","publisher":{"@id":"https:\/\/rodoaed.ee\/#organization"},"potentialAction":[{"@type":"SearchAction","target":{"@type":"EntryPoint","urlTemplate":"https:\/\/rodoaed.ee\/?s={search_term_string}"},"query-input":{"@type":"PropertyValueSpecification","valueRequired":true,"valueName":"search_term_string"}}],"inLanguage":"fi"},{"@type":"Organization","@id":"https:\/\/rodoaed.ee\/#organization","name":"Rodoaed","url":"https:\/\/rodoaed.ee\/","logo":{"@type":"ImageObject","inLanguage":"fi","@id":"https:\/\/rodoaed.ee\/#\/schema\/logo\/image\/","url":"https:\/\/rodoaed.ee\/wp-content\/uploads\/2019\/11\/rodoaed-logo-ilma-taustata.jpg","contentUrl":"https:\/\/rodoaed.ee\/wp-content\/uploads\/2019\/11\/rodoaed-logo-ilma-taustata.jpg","width":769,"height":268,"caption":"Rodoaed"},"image":{"@id":"https:\/\/rodoaed.ee\/#\/schema\/logo\/image\/"},"sameAs":["https:\/\/www.facebook.com\/kasvuhooned\/","https:\/\/rodoaed.ee"]}]}},"_links":{"self":[{"href":"https:\/\/rodoaed.ee\/fi\/wp-json\/wp\/v2\/product\/52910","targetHints":{"allow":["GET"]}}],"collection":[{"href":"https:\/\/rodoaed.ee\/fi\/wp-json\/wp\/v2\/product"}],"about":[{"href":"https:\/\/rodoaed.ee\/fi\/wp-json\/wp\/v2\/types\/product"}],"wp:featuredmedia":[{"embeddable":true,"href":"https:\/\/rodoaed.ee\/fi\/wp-json\/wp\/v2\/media\/40885"}],"wp:attachment":[{"href":"https:\/\/rodoaed.ee\/fi\/wp-json\/wp\/v2\/media?parent=52910"}],"wp:term":[{"taxonomy":"product_brand","embeddable":true,"href":"https:\/\/rodoaed.ee\/fi\/wp-json\/wp\/v2\/product_brand?post=52910"},{"taxonomy":"product_cat","embeddable":true,"href":"https:\/\/rodoaed.ee\/fi\/wp-json\/wp\/v2\/product_cat?post=52910"},{"taxonomy":"product_tag","embeddable":true,"href":"https:\/\/rodoaed.ee\/fi\/wp-json\/wp\/v2\/product_tag?post=52910"}],"curies":[{"name":"wp","href":"https:\/\/api.w.org\/{rel}","templated":true}]}}