{"id":52912,"date":"2022-05-27T12:28:22","date_gmt":"2022-05-27T09:28:22","guid":{"rendered":"https:\/\/rodoaed.ee\/toode\/uutuus-vedenpidike-berberis-60-ja-80-kasviastiaan-riipus-26cm\/"},"modified":"2026-04-13T10:57:06","modified_gmt":"2026-04-13T07:57:06","slug":"uutuus-vedenpidike-berberis-60-ja-80-kasviastiaan-riipus-26cm","status":"publish","type":"product","link":"https:\/\/rodoaed.ee\/fi\/tuote\/uutuus-vedenpidike-berberis-60-ja-80-kasviastiaan-riipus-26cm\/","title":{"rendered":"UUTUUS- Vedenpidike Berberis 60 ja 80 kasviastiaan, riipus 26cm"},"content":{"rendered":"<h3>Jos kasviastian vesimittari on rikki tai puuttuu, se on korvaava.<\/h3>\n<p>Sopii malleihin Berberis 60,80 ja riipus 26cm.<\/p>\n<p><a href=\"https:\/\/rodoaed.ee\/fi\/\">kotisivu<\/a> <a href=\"https:\/\/rodoaed.ee\/tootekategooria\/kasvuhooned-ja-talveaiad\/\">k\u00e4ynnist\u00e4<\/a> <a href=\"https:\/\/rodoaed.ee\/fi\/tootekategooria\/kasvihuoneen-tarvikkeet\/\">tarvikkeet<\/a> <a href=\"https:\/\/rodoaed.ee\/tootekategooria\/kasvihuoneen-tarvikkeet\/kasvuhoone-tarvikud\/\">tarvikkeet<\/a><\/p>\n<div>\n<div><\/div>\n<\/div>\n","protected":false},"excerpt":{"rendered":"<p>Jos kasviastian vesimittari on rikki tai puuttuu, se on korvaava. Sopii malleihin Berberis 60,80 ja riipus 26cm. kotisivu k\u00e4ynnist\u00e4 tarvikkeet tarvikkeet<\/p>\n","protected":false},"featured_media":41709,"template":"","meta":{"_acf_changed":false},"product_brand":[],"product_cat":[1780,1788,1752,1961],"product_tag":[],"class_list":{"0":"post-52912","1":"product","2":"type-product","3":"status-publish","4":"has-post-thumbnail","6":"product_cat-kasviastiat-berberis-60-ja-80","7":"product_cat-kukkaruukut-ja-kasviastiat","8":"product_cat-puutarha-ja-piha","9":"product_cat-riippuvat-korit-ja-kasviastiat","10":"product_shipping_class-toimitus-1-3-tyopaivan-kuluessa","11":"pa_variatsioon-kasvatussailio-16l2l-jossa-on-vesisailio-ja-kehys","13":"first","14":"instock","15":"taxable","16":"shipping-taxable","17":"purchasable","18":"product-type-simple"},"acf":[],"yoast_head":"<!-- This site is optimized with the Yoast SEO Premium plugin v27.3 (Yoast SEO v27.3) - https:\/\/yoast.com\/product\/yoast-seo-premium-wordpress\/ -->\n<title>UUTUUS- Vedenpidike Berberis 60 ja 80 kasviastiaan, riipus 26cm - Rodoaed<\/title>\n<meta name=\"description\" content=\"Kasvien kasvuastia. S\u00e4ili\u00f6n alla on kastelus\u00e4ili\u00f6, josta kasvit voivat ime\u00e4 juurineen sopivan m\u00e4\u00e4r\u00e4n vett\u00e4.\" \/>\n<meta name=\"robots\" content=\"index, follow, max-snippet:-1, max-image-preview:large, max-video-preview:-1\" \/>\n<link rel=\"canonical\" href=\"https:\/\/rodoaed.ee\/fi\/toode\/uutuus-vedenpidike-berberis-60-ja-80-kasviastiaan-riipus-26cm\/\" \/>\n<meta property=\"og:locale\" content=\"fi_FI\" \/>\n<meta property=\"og:type\" content=\"article\" \/>\n<meta property=\"og:title\" content=\"UUTUUS- Vedenpidike Berberis 60 ja 80 kasviastiaan, riipus 26cm\" \/>\n<meta property=\"og:description\" content=\"Jos kasviastian vesimittari on rikki tai puuttuu, se on korvaava. Sopii malleihin Berberis 60,80 ja riipus 26cm. kotisivu k\u00e4ynnist\u00e4 tarvikkeet tarvikkeet\" \/>\n<meta property=\"og:url\" content=\"https:\/\/rodoaed.ee\/fi\/toode\/uutuus-vedenpidike-berberis-60-ja-80-kasviastiaan-riipus-26cm\/\" \/>\n<meta property=\"og:site_name\" content=\"Rodoaed\" \/>\n<meta property=\"article:publisher\" content=\"https:\/\/www.facebook.com\/kasvuhooned\/\" \/>\n<meta property=\"article:modified_time\" content=\"2026-04-13T07:57:06+00:00\" \/>\n<meta property=\"og:image\" content=\"https:\/\/rodoaed.ee\/wp-content\/uploads\/2022\/05\/Berberis-6080-scaled.jpg\" \/>\n\t<meta property=\"og:image:width\" content=\"494\" \/>\n\t<meta property=\"og:image:height\" content=\"2560\" \/>\n\t<meta property=\"og:image:type\" content=\"image\/jpeg\" \/>\n<meta name=\"twitter:card\" content=\"summary_large_image\" \/>\n<script type=\"application\/ld+json\" class=\"yoast-schema-graph\">{\"@context\":\"https:\\\/\\\/schema.org\",\"@graph\":[{\"@type\":\"WebPage\",\"@id\":\"https:\\\/\\\/rodoaed.ee\\\/fi\\\/toode\\\/uutuus-vedenpidike-berberis-60-ja-80-kasviastiaan-riipus-26cm\\\/\",\"url\":\"https:\\\/\\\/rodoaed.ee\\\/fi\\\/toode\\\/uutuus-vedenpidike-berberis-60-ja-80-kasviastiaan-riipus-26cm\\\/\",\"name\":\"UUTUUS- Vedenpidike Berberis 60 ja 80 kasviastiaan, riipus 26cm - Rodoaed\",\"isPartOf\":{\"@id\":\"https:\\\/\\\/rodoaed.ee\\\/#website\"},\"primaryImageOfPage\":{\"@id\":\"https:\\\/\\\/rodoaed.ee\\\/fi\\\/toode\\\/uutuus-vedenpidike-berberis-60-ja-80-kasviastiaan-riipus-26cm\\\/#primaryimage\"},\"image\":{\"@id\":\"https:\\\/\\\/rodoaed.ee\\\/fi\\\/toode\\\/uutuus-vedenpidike-berberis-60-ja-80-kasviastiaan-riipus-26cm\\\/#primaryimage\"},\"thumbnailUrl\":\"https:\\\/\\\/rodoaed.ee\\\/wp-content\\\/uploads\\\/2022\\\/05\\\/Berberis-6080-scaled.jpg\",\"datePublished\":\"2022-05-27T09:28:22+00:00\",\"dateModified\":\"2026-04-13T07:57:06+00:00\",\"description\":\"Kasvien kasvuastia. S\u00e4ili\u00f6n alla on kastelus\u00e4ili\u00f6, josta kasvit voivat ime\u00e4 juurineen sopivan m\u00e4\u00e4r\u00e4n vett\u00e4.\",\"breadcrumb\":{\"@id\":\"https:\\\/\\\/rodoaed.ee\\\/fi\\\/toode\\\/uutuus-vedenpidike-berberis-60-ja-80-kasviastiaan-riipus-26cm\\\/#breadcrumb\"},\"inLanguage\":\"fi\",\"potentialAction\":[{\"@type\":\"ReadAction\",\"target\":[\"https:\\\/\\\/rodoaed.ee\\\/fi\\\/toode\\\/uutuus-vedenpidike-berberis-60-ja-80-kasviastiaan-riipus-26cm\\\/\"]}]},{\"@type\":\"ImageObject\",\"inLanguage\":\"fi\",\"@id\":\"https:\\\/\\\/rodoaed.ee\\\/fi\\\/toode\\\/uutuus-vedenpidike-berberis-60-ja-80-kasviastiaan-riipus-26cm\\\/#primaryimage\",\"url\":\"https:\\\/\\\/rodoaed.ee\\\/wp-content\\\/uploads\\\/2022\\\/05\\\/Berberis-6080-scaled.jpg\",\"contentUrl\":\"https:\\\/\\\/rodoaed.ee\\\/wp-content\\\/uploads\\\/2022\\\/05\\\/Berberis-6080-scaled.jpg\",\"width\":494,\"height\":2560},{\"@type\":\"BreadcrumbList\",\"@id\":\"https:\\\/\\\/rodoaed.ee\\\/fi\\\/toode\\\/uutuus-vedenpidike-berberis-60-ja-80-kasviastiaan-riipus-26cm\\\/#breadcrumb\",\"itemListElement\":[{\"@type\":\"ListItem\",\"position\":1,\"name\":\"Home\",\"item\":\"https:\\\/\\\/rodoaed.ee\\\/fi\\\/\"},{\"@type\":\"ListItem\",\"position\":2,\"name\":\"Osta osoitteessa\",\"item\":\"https:\\\/\\\/rodoaed.ee\\\/osta-osoitteessa\\\/\"},{\"@type\":\"ListItem\",\"position\":3,\"name\":\"UUTUUS- Vedenpidike Berberis 60 ja 80 kasviastiaan, riipus 26cm\"}]},{\"@type\":\"WebSite\",\"@id\":\"https:\\\/\\\/rodoaed.ee\\\/#website\",\"url\":\"https:\\\/\\\/rodoaed.ee\\\/\",\"name\":\"Rodoaed\",\"description\":\"\",\"publisher\":{\"@id\":\"https:\\\/\\\/rodoaed.ee\\\/#organization\"},\"potentialAction\":[{\"@type\":\"SearchAction\",\"target\":{\"@type\":\"EntryPoint\",\"urlTemplate\":\"https:\\\/\\\/rodoaed.ee\\\/?s={search_term_string}\"},\"query-input\":{\"@type\":\"PropertyValueSpecification\",\"valueRequired\":true,\"valueName\":\"search_term_string\"}}],\"inLanguage\":\"fi\"},{\"@type\":\"Organization\",\"@id\":\"https:\\\/\\\/rodoaed.ee\\\/#organization\",\"name\":\"Rodoaed\",\"url\":\"https:\\\/\\\/rodoaed.ee\\\/\",\"logo\":{\"@type\":\"ImageObject\",\"inLanguage\":\"fi\",\"@id\":\"https:\\\/\\\/rodoaed.ee\\\/#\\\/schema\\\/logo\\\/image\\\/\",\"url\":\"https:\\\/\\\/rodoaed.ee\\\/wp-content\\\/uploads\\\/2019\\\/11\\\/rodoaed-logo-ilma-taustata.jpg\",\"contentUrl\":\"https:\\\/\\\/rodoaed.ee\\\/wp-content\\\/uploads\\\/2019\\\/11\\\/rodoaed-logo-ilma-taustata.jpg\",\"width\":769,\"height\":268,\"caption\":\"Rodoaed\"},\"image\":{\"@id\":\"https:\\\/\\\/rodoaed.ee\\\/#\\\/schema\\\/logo\\\/image\\\/\"},\"sameAs\":[\"https:\\\/\\\/www.facebook.com\\\/kasvuhooned\\\/\",\"https:\\\/\\\/rodoaed.ee\"]}]}<\/script>\n<!-- \/ Yoast SEO Premium plugin. -->","yoast_head_json":{"title":"UUTUUS- Vedenpidike Berberis 60 ja 80 kasviastiaan, riipus 26cm - Rodoaed","description":"Kasvien kasvuastia. S\u00e4ili\u00f6n alla on kastelus\u00e4ili\u00f6, josta kasvit voivat ime\u00e4 juurineen sopivan m\u00e4\u00e4r\u00e4n vett\u00e4.","robots":{"index":"index","follow":"follow","max-snippet":"max-snippet:-1","max-image-preview":"max-image-preview:large","max-video-preview":"max-video-preview:-1"},"canonical":"https:\/\/rodoaed.ee\/fi\/toode\/uutuus-vedenpidike-berberis-60-ja-80-kasviastiaan-riipus-26cm\/","og_locale":"fi_FI","og_type":"article","og_title":"UUTUUS- Vedenpidike Berberis 60 ja 80 kasviastiaan, riipus 26cm","og_description":"Jos kasviastian vesimittari on rikki tai puuttuu, se on korvaava. Sopii malleihin Berberis 60,80 ja riipus 26cm. kotisivu k\u00e4ynnist\u00e4 tarvikkeet tarvikkeet","og_url":"https:\/\/rodoaed.ee\/fi\/toode\/uutuus-vedenpidike-berberis-60-ja-80-kasviastiaan-riipus-26cm\/","og_site_name":"Rodoaed","article_publisher":"https:\/\/www.facebook.com\/kasvuhooned\/","article_modified_time":"2026-04-13T07:57:06+00:00","og_image":[{"width":494,"height":2560,"url":"https:\/\/rodoaed.ee\/wp-content\/uploads\/2022\/05\/Berberis-6080-scaled.jpg","type":"image\/jpeg"}],"twitter_card":"summary_large_image","schema":{"@context":"https:\/\/schema.org","@graph":[{"@type":"WebPage","@id":"https:\/\/rodoaed.ee\/fi\/toode\/uutuus-vedenpidike-berberis-60-ja-80-kasviastiaan-riipus-26cm\/","url":"https:\/\/rodoaed.ee\/fi\/toode\/uutuus-vedenpidike-berberis-60-ja-80-kasviastiaan-riipus-26cm\/","name":"UUTUUS- Vedenpidike Berberis 60 ja 80 kasviastiaan, riipus 26cm - Rodoaed","isPartOf":{"@id":"https:\/\/rodoaed.ee\/#website"},"primaryImageOfPage":{"@id":"https:\/\/rodoaed.ee\/fi\/toode\/uutuus-vedenpidike-berberis-60-ja-80-kasviastiaan-riipus-26cm\/#primaryimage"},"image":{"@id":"https:\/\/rodoaed.ee\/fi\/toode\/uutuus-vedenpidike-berberis-60-ja-80-kasviastiaan-riipus-26cm\/#primaryimage"},"thumbnailUrl":"https:\/\/rodoaed.ee\/wp-content\/uploads\/2022\/05\/Berberis-6080-scaled.jpg","datePublished":"2022-05-27T09:28:22+00:00","dateModified":"2026-04-13T07:57:06+00:00","description":"Kasvien kasvuastia. S\u00e4ili\u00f6n alla on kastelus\u00e4ili\u00f6, josta kasvit voivat ime\u00e4 juurineen sopivan m\u00e4\u00e4r\u00e4n vett\u00e4.","breadcrumb":{"@id":"https:\/\/rodoaed.ee\/fi\/toode\/uutuus-vedenpidike-berberis-60-ja-80-kasviastiaan-riipus-26cm\/#breadcrumb"},"inLanguage":"fi","potentialAction":[{"@type":"ReadAction","target":["https:\/\/rodoaed.ee\/fi\/toode\/uutuus-vedenpidike-berberis-60-ja-80-kasviastiaan-riipus-26cm\/"]}]},{"@type":"ImageObject","inLanguage":"fi","@id":"https:\/\/rodoaed.ee\/fi\/toode\/uutuus-vedenpidike-berberis-60-ja-80-kasviastiaan-riipus-26cm\/#primaryimage","url":"https:\/\/rodoaed.ee\/wp-content\/uploads\/2022\/05\/Berberis-6080-scaled.jpg","contentUrl":"https:\/\/rodoaed.ee\/wp-content\/uploads\/2022\/05\/Berberis-6080-scaled.jpg","width":494,"height":2560},{"@type":"BreadcrumbList","@id":"https:\/\/rodoaed.ee\/fi\/toode\/uutuus-vedenpidike-berberis-60-ja-80-kasviastiaan-riipus-26cm\/#breadcrumb","itemListElement":[{"@type":"ListItem","position":1,"name":"Home","item":"https:\/\/rodoaed.ee\/fi\/"},{"@type":"ListItem","position":2,"name":"Osta osoitteessa","item":"https:\/\/rodoaed.ee\/osta-osoitteessa\/"},{"@type":"ListItem","position":3,"name":"UUTUUS- Vedenpidike Berberis 60 ja 80 kasviastiaan, riipus 26cm"}]},{"@type":"WebSite","@id":"https:\/\/rodoaed.ee\/#website","url":"https:\/\/rodoaed.ee\/","name":"Rodoaed","description":"","publisher":{"@id":"https:\/\/rodoaed.ee\/#organization"},"potentialAction":[{"@type":"SearchAction","target":{"@type":"EntryPoint","urlTemplate":"https:\/\/rodoaed.ee\/?s={search_term_string}"},"query-input":{"@type":"PropertyValueSpecification","valueRequired":true,"valueName":"search_term_string"}}],"inLanguage":"fi"},{"@type":"Organization","@id":"https:\/\/rodoaed.ee\/#organization","name":"Rodoaed","url":"https:\/\/rodoaed.ee\/","logo":{"@type":"ImageObject","inLanguage":"fi","@id":"https:\/\/rodoaed.ee\/#\/schema\/logo\/image\/","url":"https:\/\/rodoaed.ee\/wp-content\/uploads\/2019\/11\/rodoaed-logo-ilma-taustata.jpg","contentUrl":"https:\/\/rodoaed.ee\/wp-content\/uploads\/2019\/11\/rodoaed-logo-ilma-taustata.jpg","width":769,"height":268,"caption":"Rodoaed"},"image":{"@id":"https:\/\/rodoaed.ee\/#\/schema\/logo\/image\/"},"sameAs":["https:\/\/www.facebook.com\/kasvuhooned\/","https:\/\/rodoaed.ee"]}]}},"_links":{"self":[{"href":"https:\/\/rodoaed.ee\/fi\/wp-json\/wp\/v2\/product\/52912","targetHints":{"allow":["GET"]}}],"collection":[{"href":"https:\/\/rodoaed.ee\/fi\/wp-json\/wp\/v2\/product"}],"about":[{"href":"https:\/\/rodoaed.ee\/fi\/wp-json\/wp\/v2\/types\/product"}],"wp:featuredmedia":[{"embeddable":true,"href":"https:\/\/rodoaed.ee\/fi\/wp-json\/wp\/v2\/media\/41709"}],"wp:attachment":[{"href":"https:\/\/rodoaed.ee\/fi\/wp-json\/wp\/v2\/media?parent=52912"}],"wp:term":[{"taxonomy":"product_brand","embeddable":true,"href":"https:\/\/rodoaed.ee\/fi\/wp-json\/wp\/v2\/product_brand?post=52912"},{"taxonomy":"product_cat","embeddable":true,"href":"https:\/\/rodoaed.ee\/fi\/wp-json\/wp\/v2\/product_cat?post=52912"},{"taxonomy":"product_tag","embeddable":true,"href":"https:\/\/rodoaed.ee\/fi\/wp-json\/wp\/v2\/product_tag?post=52912"}],"curies":[{"name":"wp","href":"https:\/\/api.w.org\/{rel}","templated":true}]}}