{"id":52914,"date":"2022-09-20T12:05:17","date_gmt":"2022-09-20T09:05:17","guid":{"rendered":"https:\/\/rodoaed.ee\/toode\/kaksoispistorasia-9b-3kpl-tukkupakkaus\/"},"modified":"2026-04-13T10:57:08","modified_gmt":"2026-04-13T07:57:08","slug":"kaksoispistorasia-9b-3kpl-tukkupakkaus","status":"publish","type":"product","link":"https:\/\/rodoaed.ee\/fi\/tuote\/kaksoispistorasia-9b-3kpl-tukkupakkaus\/","title":{"rendered":"Kaksoispistorasia 9B &#8211; 3kpl tukkupakkaus"},"content":{"rendered":"<h2>2kpl yhdess\u00e4 on halvempi<\/h2>\n<h2>Uusi huuhkajan pes\u00e4laatikon malli 9B<\/h2>\n<p><strong>Materiaali per\u00e4isin<\/strong><\/p>\n<p>Poistumisluukun kaksinkertainen pistorasia on valmistettu hengitt\u00e4v\u00e4st\u00e4 ter\u00e4sbetonista.<\/p>\n<p><strong>Koska haikarat ovat hyvin seurallisia lintuja, ne pesiv\u00e4t mieluiten pareittain. Jos mahdollista, asenna useita pes\u00e4pareja l\u00e4helle toisiaan ryhm\u00e4n\u00e4. T\u00e4m\u00e4 tekee paikasta houkuttelevamman linnuille.  <\/strong><\/p>\n<p><strong>Asennus<\/strong><\/p>\n<p>asennetaan rakennuksen r\u00e4yst\u00e4\u00e4n alle ulkosein\u00e4\u00e4n. P\u00f6ll\u00f6t eiv\u00e4t koskaan pesi mesiangervon sis\u00e4ll\u00e4. <\/p>\n<p>Korkeus maanpinnasta v\u00e4hint\u00e4\u00e4n 2 m.<\/p>\n<p>&nbsp;<\/p>\n<p><strong>Puhdistus<\/strong><\/p>\n<p>Ei tarvitse puhdistaa vuosiin<\/p>\n<p><strong>Mitat<\/strong><\/p>\n<p>korkeus 11cm x 46cm x 14cm<\/p>\n<p><strong>Paino<\/strong><\/p>\n<p>noin 2,6 kg<\/p>\n<p>&nbsp;<\/p>\n","protected":false},"excerpt":{"rendered":"<p>2kpl yhdess\u00e4 on halvempi Uusi huuhkajan pes\u00e4laatikon malli 9B Materiaali per\u00e4isin Poistumisluukun kaksinkertainen pistorasia on valmistettu hengitt\u00e4v\u00e4st\u00e4 ter\u00e4sbetonista. Koska haikarat ovat hyvin seurallisia lintuja, ne pesiv\u00e4t mieluiten pareittain. Jos mahdollista, asenna useita pes\u00e4pareja l\u00e4helle toisiaan ryhm\u00e4n\u00e4. T\u00e4m\u00e4 tekee paikasta houkuttelevamman linnuille. Asennus asennetaan rakennuksen r\u00e4yst\u00e4\u00e4n alle ulkosein\u00e4\u00e4n. P\u00f6ll\u00f6t eiv\u00e4t koskaan pesi mesiangervon sis\u00e4ll\u00e4. Korkeus maanpinnasta v\u00e4hint\u00e4\u00e4n 2 m. &nbsp; Puhdistus Ei tarvitse puhdistaa vuosiin Mitat&#8230;<\/p>\n","protected":false},"featured_media":42284,"template":"","meta":{"_acf_changed":false},"product_brand":[],"product_cat":[1953,1963,1851],"product_tag":[],"class_list":{"0":"post-52914","1":"product","2":"type-product","3":"status-publish","4":"has-post-thumbnail","6":"product_cat-lintujen-pesakotelot","7":"product_cat-paaskysten-pesat-savupaaskyt-raystaspaaskyt","8":"product_cat-pesakotelot","9":"product_shipping_class-toimitus-1-3-tyopaivan-kuluessa","10":"pa_variatsioon-kaksoispistorasia-9b-tilauksesta","12":"first","13":"instock","14":"sale","15":"taxable","16":"shipping-taxable","17":"purchasable","18":"product-type-simple"},"acf":[],"yoast_head":"<!-- This site is optimized with the Yoast SEO Premium plugin v27.3 (Yoast SEO v27.3) - https:\/\/yoast.com\/product\/yoast-seo-premium-wordpress\/ -->\n<title>Kaksoispistorasia 9B - 3kpl tukkupakkaus - Rodoaed<\/title>\n<meta name=\"robots\" content=\"index, follow, max-snippet:-1, max-image-preview:large, max-video-preview:-1\" \/>\n<link rel=\"canonical\" href=\"https:\/\/rodoaed.ee\/toode\/kaksoispistorasia-9b-3kpl-tukkupakkaus\/\" \/>\n<meta property=\"og:locale\" content=\"fi_FI\" \/>\n<meta property=\"og:type\" content=\"article\" \/>\n<meta property=\"og:title\" content=\"Kaksoispistorasia 9B - 3kpl tukkupakkaus\" \/>\n<meta property=\"og:description\" content=\"2kpl yhdess\u00e4 on halvempi Uusi huuhkajan pes\u00e4laatikon malli 9B Materiaali per\u00e4isin Poistumisluukun kaksinkertainen pistorasia on valmistettu hengitt\u00e4v\u00e4st\u00e4\" \/>\n<meta property=\"og:url\" content=\"https:\/\/rodoaed.ee\/toode\/kaksoispistorasia-9b-3kpl-tukkupakkaus\/\" \/>\n<meta property=\"og:site_name\" content=\"Rodoaed\" \/>\n<meta property=\"article:publisher\" content=\"https:\/\/www.facebook.com\/kasvuhooned\/\" \/>\n<meta property=\"article:modified_time\" content=\"2026-04-13T07:57:08+00:00\" \/>\n<meta name=\"twitter:card\" content=\"summary_large_image\" \/>\n<script type=\"application\/ld+json\" class=\"yoast-schema-graph\">{\"@context\":\"https:\\\/\\\/schema.org\",\"@graph\":[{\"@type\":\"WebPage\",\"@id\":\"https:\\\/\\\/rodoaed.ee\\\/toode\\\/kaksoispistorasia-9b-3kpl-tukkupakkaus\\\/\",\"url\":\"https:\\\/\\\/rodoaed.ee\\\/toode\\\/kaksoispistorasia-9b-3kpl-tukkupakkaus\\\/\",\"name\":\"Kaksoispistorasia 9B - 3kpl tukkupakkaus - Rodoaed\",\"isPartOf\":{\"@id\":\"https:\\\/\\\/rodoaed.ee\\\/#website\"},\"primaryImageOfPage\":{\"@id\":\"https:\\\/\\\/rodoaed.ee\\\/toode\\\/kaksoispistorasia-9b-3kpl-tukkupakkaus\\\/#primaryimage\"},\"image\":{\"@id\":\"https:\\\/\\\/rodoaed.ee\\\/toode\\\/kaksoispistorasia-9b-3kpl-tukkupakkaus\\\/#primaryimage\"},\"thumbnailUrl\":\"https:\\\/\\\/rodoaed.ee\\\/wp-content\\\/uploads\\\/2022\\\/09\\\/raastapaasukese-pesad_9B_1.jpeg\",\"datePublished\":\"2022-09-20T09:05:17+00:00\",\"dateModified\":\"2026-04-13T07:57:08+00:00\",\"breadcrumb\":{\"@id\":\"https:\\\/\\\/rodoaed.ee\\\/toode\\\/kaksoispistorasia-9b-3kpl-tukkupakkaus\\\/#breadcrumb\"},\"inLanguage\":\"fi\",\"potentialAction\":[{\"@type\":\"ReadAction\",\"target\":[\"https:\\\/\\\/rodoaed.ee\\\/toode\\\/kaksoispistorasia-9b-3kpl-tukkupakkaus\\\/\"]}]},{\"@type\":\"ImageObject\",\"inLanguage\":\"fi\",\"@id\":\"https:\\\/\\\/rodoaed.ee\\\/toode\\\/kaksoispistorasia-9b-3kpl-tukkupakkaus\\\/#primaryimage\",\"url\":\"https:\\\/\\\/rodoaed.ee\\\/wp-content\\\/uploads\\\/2022\\\/09\\\/raastapaasukese-pesad_9B_1.jpeg\",\"contentUrl\":\"https:\\\/\\\/rodoaed.ee\\\/wp-content\\\/uploads\\\/2022\\\/09\\\/raastapaasukese-pesad_9B_1.jpeg\",\"width\":1000,\"height\":625},{\"@type\":\"BreadcrumbList\",\"@id\":\"https:\\\/\\\/rodoaed.ee\\\/toode\\\/kaksoispistorasia-9b-3kpl-tukkupakkaus\\\/#breadcrumb\",\"itemListElement\":[{\"@type\":\"ListItem\",\"position\":1,\"name\":\"Home\",\"item\":\"https:\\\/\\\/rodoaed.ee\\\/fi\\\/\"},{\"@type\":\"ListItem\",\"position\":2,\"name\":\"Osta osoitteessa\",\"item\":\"https:\\\/\\\/rodoaed.ee\\\/osta-osoitteessa\\\/\"},{\"@type\":\"ListItem\",\"position\":3,\"name\":\"Kaksoispistorasia 9B &#8211; 3kpl tukkupakkaus\"}]},{\"@type\":\"WebSite\",\"@id\":\"https:\\\/\\\/rodoaed.ee\\\/#website\",\"url\":\"https:\\\/\\\/rodoaed.ee\\\/\",\"name\":\"Rodoaed\",\"description\":\"\",\"publisher\":{\"@id\":\"https:\\\/\\\/rodoaed.ee\\\/#organization\"},\"potentialAction\":[{\"@type\":\"SearchAction\",\"target\":{\"@type\":\"EntryPoint\",\"urlTemplate\":\"https:\\\/\\\/rodoaed.ee\\\/?s={search_term_string}\"},\"query-input\":{\"@type\":\"PropertyValueSpecification\",\"valueRequired\":true,\"valueName\":\"search_term_string\"}}],\"inLanguage\":\"fi\"},{\"@type\":\"Organization\",\"@id\":\"https:\\\/\\\/rodoaed.ee\\\/#organization\",\"name\":\"Rodoaed\",\"url\":\"https:\\\/\\\/rodoaed.ee\\\/\",\"logo\":{\"@type\":\"ImageObject\",\"inLanguage\":\"fi\",\"@id\":\"https:\\\/\\\/rodoaed.ee\\\/#\\\/schema\\\/logo\\\/image\\\/\",\"url\":\"https:\\\/\\\/rodoaed.ee\\\/wp-content\\\/uploads\\\/2019\\\/11\\\/rodoaed-logo-ilma-taustata.jpg\",\"contentUrl\":\"https:\\\/\\\/rodoaed.ee\\\/wp-content\\\/uploads\\\/2019\\\/11\\\/rodoaed-logo-ilma-taustata.jpg\",\"width\":769,\"height\":268,\"caption\":\"Rodoaed\"},\"image\":{\"@id\":\"https:\\\/\\\/rodoaed.ee\\\/#\\\/schema\\\/logo\\\/image\\\/\"},\"sameAs\":[\"https:\\\/\\\/www.facebook.com\\\/kasvuhooned\\\/\",\"https:\\\/\\\/rodoaed.ee\"]}]}<\/script>\n<!-- \/ Yoast SEO Premium plugin. -->","yoast_head_json":{"title":"Kaksoispistorasia 9B - 3kpl tukkupakkaus - Rodoaed","robots":{"index":"index","follow":"follow","max-snippet":"max-snippet:-1","max-image-preview":"max-image-preview:large","max-video-preview":"max-video-preview:-1"},"canonical":"https:\/\/rodoaed.ee\/toode\/kaksoispistorasia-9b-3kpl-tukkupakkaus\/","og_locale":"fi_FI","og_type":"article","og_title":"Kaksoispistorasia 9B - 3kpl tukkupakkaus","og_description":"2kpl yhdess\u00e4 on halvempi Uusi huuhkajan pes\u00e4laatikon malli 9B Materiaali per\u00e4isin Poistumisluukun kaksinkertainen pistorasia on valmistettu hengitt\u00e4v\u00e4st\u00e4","og_url":"https:\/\/rodoaed.ee\/toode\/kaksoispistorasia-9b-3kpl-tukkupakkaus\/","og_site_name":"Rodoaed","article_publisher":"https:\/\/www.facebook.com\/kasvuhooned\/","article_modified_time":"2026-04-13T07:57:08+00:00","twitter_card":"summary_large_image","schema":{"@context":"https:\/\/schema.org","@graph":[{"@type":"WebPage","@id":"https:\/\/rodoaed.ee\/toode\/kaksoispistorasia-9b-3kpl-tukkupakkaus\/","url":"https:\/\/rodoaed.ee\/toode\/kaksoispistorasia-9b-3kpl-tukkupakkaus\/","name":"Kaksoispistorasia 9B - 3kpl tukkupakkaus - Rodoaed","isPartOf":{"@id":"https:\/\/rodoaed.ee\/#website"},"primaryImageOfPage":{"@id":"https:\/\/rodoaed.ee\/toode\/kaksoispistorasia-9b-3kpl-tukkupakkaus\/#primaryimage"},"image":{"@id":"https:\/\/rodoaed.ee\/toode\/kaksoispistorasia-9b-3kpl-tukkupakkaus\/#primaryimage"},"thumbnailUrl":"https:\/\/rodoaed.ee\/wp-content\/uploads\/2022\/09\/raastapaasukese-pesad_9B_1.jpeg","datePublished":"2022-09-20T09:05:17+00:00","dateModified":"2026-04-13T07:57:08+00:00","breadcrumb":{"@id":"https:\/\/rodoaed.ee\/toode\/kaksoispistorasia-9b-3kpl-tukkupakkaus\/#breadcrumb"},"inLanguage":"fi","potentialAction":[{"@type":"ReadAction","target":["https:\/\/rodoaed.ee\/toode\/kaksoispistorasia-9b-3kpl-tukkupakkaus\/"]}]},{"@type":"ImageObject","inLanguage":"fi","@id":"https:\/\/rodoaed.ee\/toode\/kaksoispistorasia-9b-3kpl-tukkupakkaus\/#primaryimage","url":"https:\/\/rodoaed.ee\/wp-content\/uploads\/2022\/09\/raastapaasukese-pesad_9B_1.jpeg","contentUrl":"https:\/\/rodoaed.ee\/wp-content\/uploads\/2022\/09\/raastapaasukese-pesad_9B_1.jpeg","width":1000,"height":625},{"@type":"BreadcrumbList","@id":"https:\/\/rodoaed.ee\/toode\/kaksoispistorasia-9b-3kpl-tukkupakkaus\/#breadcrumb","itemListElement":[{"@type":"ListItem","position":1,"name":"Home","item":"https:\/\/rodoaed.ee\/fi\/"},{"@type":"ListItem","position":2,"name":"Osta osoitteessa","item":"https:\/\/rodoaed.ee\/osta-osoitteessa\/"},{"@type":"ListItem","position":3,"name":"Kaksoispistorasia 9B &#8211; 3kpl tukkupakkaus"}]},{"@type":"WebSite","@id":"https:\/\/rodoaed.ee\/#website","url":"https:\/\/rodoaed.ee\/","name":"Rodoaed","description":"","publisher":{"@id":"https:\/\/rodoaed.ee\/#organization"},"potentialAction":[{"@type":"SearchAction","target":{"@type":"EntryPoint","urlTemplate":"https:\/\/rodoaed.ee\/?s={search_term_string}"},"query-input":{"@type":"PropertyValueSpecification","valueRequired":true,"valueName":"search_term_string"}}],"inLanguage":"fi"},{"@type":"Organization","@id":"https:\/\/rodoaed.ee\/#organization","name":"Rodoaed","url":"https:\/\/rodoaed.ee\/","logo":{"@type":"ImageObject","inLanguage":"fi","@id":"https:\/\/rodoaed.ee\/#\/schema\/logo\/image\/","url":"https:\/\/rodoaed.ee\/wp-content\/uploads\/2019\/11\/rodoaed-logo-ilma-taustata.jpg","contentUrl":"https:\/\/rodoaed.ee\/wp-content\/uploads\/2019\/11\/rodoaed-logo-ilma-taustata.jpg","width":769,"height":268,"caption":"Rodoaed"},"image":{"@id":"https:\/\/rodoaed.ee\/#\/schema\/logo\/image\/"},"sameAs":["https:\/\/www.facebook.com\/kasvuhooned\/","https:\/\/rodoaed.ee"]}]}},"_links":{"self":[{"href":"https:\/\/rodoaed.ee\/fi\/wp-json\/wp\/v2\/product\/52914","targetHints":{"allow":["GET"]}}],"collection":[{"href":"https:\/\/rodoaed.ee\/fi\/wp-json\/wp\/v2\/product"}],"about":[{"href":"https:\/\/rodoaed.ee\/fi\/wp-json\/wp\/v2\/types\/product"}],"wp:featuredmedia":[{"embeddable":true,"href":"https:\/\/rodoaed.ee\/fi\/wp-json\/wp\/v2\/media\/42284"}],"wp:attachment":[{"href":"https:\/\/rodoaed.ee\/fi\/wp-json\/wp\/v2\/media?parent=52914"}],"wp:term":[{"taxonomy":"product_brand","embeddable":true,"href":"https:\/\/rodoaed.ee\/fi\/wp-json\/wp\/v2\/product_brand?post=52914"},{"taxonomy":"product_cat","embeddable":true,"href":"https:\/\/rodoaed.ee\/fi\/wp-json\/wp\/v2\/product_cat?post=52914"},{"taxonomy":"product_tag","embeddable":true,"href":"https:\/\/rodoaed.ee\/fi\/wp-json\/wp\/v2\/product_tag?post=52914"}],"curies":[{"name":"wp","href":"https:\/\/api.w.org\/{rel}","templated":true}]}}