{"id":52920,"date":"2022-10-04T14:33:20","date_gmt":"2022-10-04T11:33:20","guid":{"rendered":"https:\/\/rodoaed.ee\/toode\/kasvihuonekalvo-lapinakyva-kantava-4x6m-90g-m2\/"},"modified":"2026-04-13T10:57:19","modified_gmt":"2026-04-13T07:57:19","slug":"kasvihuonekalvo-lapinakyva-kantava-4x6m-90g-m2","status":"publish","type":"product","link":"https:\/\/rodoaed.ee\/fi\/tuote\/kasvihuonekalvo-lapinakyva-kantava-4x6m-90g-m2\/","title":{"rendered":"Kasvihuonekalvo &#8211; l\u00e4pin\u00e4kyv\u00e4 kantava 4x6m <sup>90g\/m2<\/sup>"},"content":{"rendered":"<p><strong>Ihanteellinen kasvihuoneisiin, veneiden terasseille, rakennusten terasseille jne.<\/strong><\/p>\n<p>RAINEXO-kantava kansi on korkealaatuinen tuote, joka on valmistettu eritt\u00e4in vahvoista materiaaleista.<\/p>\n<p>Mainitakseni joitakin t\u00e4m\u00e4n tuotteen hyvi\u00e4 puolia, se on eritt\u00e4in vahvaa mutta kevytt\u00e4, repim\u00e4t\u00f6nt\u00e4 ja UV-s\u00e4teily\u00e4 kest\u00e4v\u00e4\u00e4 materiaalia. Materiaali on 100 % vedenpit\u00e4v\u00e4. Sit\u00e4 on eritt\u00e4in helppo k\u00e4sitell\u00e4 ja asentaa sen keveyden ansiosta.  <\/p>\n<p>Materiaalin reunassa on 50 cm:n v\u00e4lein kiinnitysreiki\u00e4. Kiinnitysrei\u00e4t on k\u00e4sitelty ultra\u00e4\u00e4nitekniikalla, joka takaa, ett\u00e4 ne kest\u00e4v\u00e4t hyvin repe\u00e4mist\u00e4. <\/p>\n<p>RAINEXO-pinnoitteet kest\u00e4v\u00e4t jopa 5 kertaa kauemmin kuin muut vastaavat materiaalit ja ovat 100-prosenttisesti kierr\u00e4tett\u00e4viss\u00e4.<\/p>\n<h2>T\u00e4rkeimm\u00e4t ominaisuudet:<\/h2>\n<ul>\n<li>Helppo taittaa<\/li>\n<li>100% UV-kest\u00e4v\u00e4<\/li>\n<li>100% pakkasenkest\u00e4v\u00e4<\/li>\n<li>100 % kierr\u00e4tett\u00e4viss\u00e4<\/li>\n<li>100% vedenpit\u00e4v\u00e4<\/li>\n<li>Ultra\u00e4\u00e4nik\u00e4sitellyt eritt\u00e4in vahvat kiinnitysrei\u00e4t reunoilla 50 cm:n v\u00e4lein.<\/li>\n<li>5 vuoden takuu<\/li>\n<li>5 kertaa vahvempi kuin vastaavat tuotteet monikerroksisen ristiinlaminoidun materiaalin ansiosta.<\/li>\n<\/ul>\n","protected":false},"excerpt":{"rendered":"<p>Ihanteellinen kasvihuoneisiin, veneiden terasseille, rakennusten terasseille jne. RAINEXO-kantava kansi on korkealaatuinen tuote, joka on valmistettu eritt\u00e4in vahvoista materiaaleista. Mainitakseni joitakin t\u00e4m\u00e4n tuotteen hyvi\u00e4 puolia, se on eritt\u00e4in vahvaa mutta kevytt\u00e4, repim\u00e4t\u00f6nt\u00e4 ja UV-s\u00e4teily\u00e4 kest\u00e4v\u00e4\u00e4 materiaalia. Materiaali on 100 % vedenpit\u00e4v\u00e4. Sit\u00e4 on eritt\u00e4in helppo k\u00e4sitell\u00e4 ja asentaa sen keveyden ansiosta. Materiaalin reunassa on 50 cm:n v\u00e4lein kiinnitysreiki\u00e4. Kiinnitysrei\u00e4t on k\u00e4sitelty ultra\u00e4\u00e4nitekniikalla, joka takaa, ett\u00e4 ne&#8230;<\/p>\n","protected":false},"featured_media":42377,"template":"","meta":{"_acf_changed":false},"product_brand":[],"product_cat":[1965,1969],"product_tag":[],"class_list":{"0":"post-52920","1":"product","2":"type-product","3":"status-publish","4":"has-post-thumbnail","6":"product_cat-erittain-vahvat-kuorman-suojukset","7":"product_cat-kasvihuoneen-kiilat","8":"pa_variatsioon-cormakate-super-strong-250g-m2-10x15m","10":"first","11":"instock","12":"taxable","13":"shipping-taxable","14":"purchasable","15":"product-type-simple"},"acf":[],"yoast_head":"<!-- This site is optimized with the Yoast SEO Premium plugin v27.3 (Yoast SEO v27.3) - https:\/\/yoast.com\/product\/yoast-seo-premium-wordpress\/ -->\n<title>Kasvihuonekalvo - l\u00e4pin\u00e4kyv\u00e4 kantava 4x6m 90g\/m2 - Rodoaed<\/title>\n<meta name=\"robots\" content=\"index, follow, max-snippet:-1, max-image-preview:large, max-video-preview:-1\" \/>\n<link rel=\"canonical\" href=\"https:\/\/rodoaed.ee\/fi\/toode\/kasvihuonekalvo-lapinakyva-kantava-4x6m-90g-m2\/\" \/>\n<meta property=\"og:locale\" content=\"fi_FI\" \/>\n<meta property=\"og:type\" content=\"article\" \/>\n<meta property=\"og:title\" content=\"Kasvihuonekalvo - l\u00e4pin\u00e4kyv\u00e4 kantava 4x6m 90g\/m2\" \/>\n<meta property=\"og:description\" content=\"Ihanteellinen kasvihuoneisiin, veneiden terasseille, rakennusten terasseille jne. RAINEXO-kantava kansi on korkealaatuinen tuote, joka on valmistettu\" \/>\n<meta property=\"og:url\" content=\"https:\/\/rodoaed.ee\/fi\/toode\/kasvihuonekalvo-lapinakyva-kantava-4x6m-90g-m2\/\" \/>\n<meta property=\"og:site_name\" content=\"Rodoaed\" \/>\n<meta property=\"article:publisher\" content=\"https:\/\/www.facebook.com\/kasvuhooned\/\" \/>\n<meta property=\"article:modified_time\" content=\"2026-04-13T07:57:19+00:00\" \/>\n<meta property=\"og:image\" content=\"https:\/\/rodoaed.ee\/wp-content\/uploads\/2022\/10\/koormakate-labipaistev_3.jpeg\" \/>\n\t<meta property=\"og:image:width\" content=\"1200\" \/>\n\t<meta property=\"og:image:height\" content=\"1200\" \/>\n\t<meta property=\"og:image:type\" content=\"image\/jpeg\" \/>\n<meta name=\"twitter:card\" content=\"summary_large_image\" \/>\n<meta name=\"twitter:label1\" content=\"Arvioitu lukuaika\" \/>\n\t<meta name=\"twitter:data1\" content=\"1 minuutti\" \/>\n<script type=\"application\/ld+json\" class=\"yoast-schema-graph\">{\"@context\":\"https:\\\/\\\/schema.org\",\"@graph\":[{\"@type\":\"WebPage\",\"@id\":\"https:\\\/\\\/rodoaed.ee\\\/fi\\\/toode\\\/kasvihuonekalvo-lapinakyva-kantava-4x6m-90g-m2\\\/\",\"url\":\"https:\\\/\\\/rodoaed.ee\\\/fi\\\/toode\\\/kasvihuonekalvo-lapinakyva-kantava-4x6m-90g-m2\\\/\",\"name\":\"Kasvihuonekalvo - l\u00e4pin\u00e4kyv\u00e4 kantava 4x6m 90g\\\/m2 - Rodoaed\",\"isPartOf\":{\"@id\":\"https:\\\/\\\/rodoaed.ee\\\/#website\"},\"primaryImageOfPage\":{\"@id\":\"https:\\\/\\\/rodoaed.ee\\\/fi\\\/toode\\\/kasvihuonekalvo-lapinakyva-kantava-4x6m-90g-m2\\\/#primaryimage\"},\"image\":{\"@id\":\"https:\\\/\\\/rodoaed.ee\\\/fi\\\/toode\\\/kasvihuonekalvo-lapinakyva-kantava-4x6m-90g-m2\\\/#primaryimage\"},\"thumbnailUrl\":\"https:\\\/\\\/rodoaed.ee\\\/wp-content\\\/uploads\\\/2022\\\/10\\\/koormakate-labipaistev_3.jpeg\",\"datePublished\":\"2022-10-04T11:33:20+00:00\",\"dateModified\":\"2026-04-13T07:57:19+00:00\",\"breadcrumb\":{\"@id\":\"https:\\\/\\\/rodoaed.ee\\\/fi\\\/toode\\\/kasvihuonekalvo-lapinakyva-kantava-4x6m-90g-m2\\\/#breadcrumb\"},\"inLanguage\":\"fi\",\"potentialAction\":[{\"@type\":\"ReadAction\",\"target\":[\"https:\\\/\\\/rodoaed.ee\\\/fi\\\/toode\\\/kasvihuonekalvo-lapinakyva-kantava-4x6m-90g-m2\\\/\"]}]},{\"@type\":\"ImageObject\",\"inLanguage\":\"fi\",\"@id\":\"https:\\\/\\\/rodoaed.ee\\\/fi\\\/toode\\\/kasvihuonekalvo-lapinakyva-kantava-4x6m-90g-m2\\\/#primaryimage\",\"url\":\"https:\\\/\\\/rodoaed.ee\\\/wp-content\\\/uploads\\\/2022\\\/10\\\/koormakate-labipaistev_3.jpeg\",\"contentUrl\":\"https:\\\/\\\/rodoaed.ee\\\/wp-content\\\/uploads\\\/2022\\\/10\\\/koormakate-labipaistev_3.jpeg\",\"width\":1200,\"height\":1200},{\"@type\":\"BreadcrumbList\",\"@id\":\"https:\\\/\\\/rodoaed.ee\\\/fi\\\/toode\\\/kasvihuonekalvo-lapinakyva-kantava-4x6m-90g-m2\\\/#breadcrumb\",\"itemListElement\":[{\"@type\":\"ListItem\",\"position\":1,\"name\":\"Home\",\"item\":\"https:\\\/\\\/rodoaed.ee\\\/fi\\\/\"},{\"@type\":\"ListItem\",\"position\":2,\"name\":\"Osta osoitteessa\",\"item\":\"https:\\\/\\\/rodoaed.ee\\\/osta-osoitteessa\\\/\"},{\"@type\":\"ListItem\",\"position\":3,\"name\":\"Kasvihuonekalvo &#8211; l\u00e4pin\u00e4kyv\u00e4 kantava 4x6m 90g\\\/m2\"}]},{\"@type\":\"WebSite\",\"@id\":\"https:\\\/\\\/rodoaed.ee\\\/#website\",\"url\":\"https:\\\/\\\/rodoaed.ee\\\/\",\"name\":\"Rodoaed\",\"description\":\"\",\"publisher\":{\"@id\":\"https:\\\/\\\/rodoaed.ee\\\/#organization\"},\"potentialAction\":[{\"@type\":\"SearchAction\",\"target\":{\"@type\":\"EntryPoint\",\"urlTemplate\":\"https:\\\/\\\/rodoaed.ee\\\/?s={search_term_string}\"},\"query-input\":{\"@type\":\"PropertyValueSpecification\",\"valueRequired\":true,\"valueName\":\"search_term_string\"}}],\"inLanguage\":\"fi\"},{\"@type\":\"Organization\",\"@id\":\"https:\\\/\\\/rodoaed.ee\\\/#organization\",\"name\":\"Rodoaed\",\"url\":\"https:\\\/\\\/rodoaed.ee\\\/\",\"logo\":{\"@type\":\"ImageObject\",\"inLanguage\":\"fi\",\"@id\":\"https:\\\/\\\/rodoaed.ee\\\/#\\\/schema\\\/logo\\\/image\\\/\",\"url\":\"https:\\\/\\\/rodoaed.ee\\\/wp-content\\\/uploads\\\/2019\\\/11\\\/rodoaed-logo-ilma-taustata.jpg\",\"contentUrl\":\"https:\\\/\\\/rodoaed.ee\\\/wp-content\\\/uploads\\\/2019\\\/11\\\/rodoaed-logo-ilma-taustata.jpg\",\"width\":769,\"height\":268,\"caption\":\"Rodoaed\"},\"image\":{\"@id\":\"https:\\\/\\\/rodoaed.ee\\\/#\\\/schema\\\/logo\\\/image\\\/\"},\"sameAs\":[\"https:\\\/\\\/www.facebook.com\\\/kasvuhooned\\\/\",\"https:\\\/\\\/rodoaed.ee\"]}]}<\/script>\n<!-- \/ Yoast SEO Premium plugin. -->","yoast_head_json":{"title":"Kasvihuonekalvo - l\u00e4pin\u00e4kyv\u00e4 kantava 4x6m 90g\/m2 - Rodoaed","robots":{"index":"index","follow":"follow","max-snippet":"max-snippet:-1","max-image-preview":"max-image-preview:large","max-video-preview":"max-video-preview:-1"},"canonical":"https:\/\/rodoaed.ee\/fi\/toode\/kasvihuonekalvo-lapinakyva-kantava-4x6m-90g-m2\/","og_locale":"fi_FI","og_type":"article","og_title":"Kasvihuonekalvo - l\u00e4pin\u00e4kyv\u00e4 kantava 4x6m 90g\/m2","og_description":"Ihanteellinen kasvihuoneisiin, veneiden terasseille, rakennusten terasseille jne. RAINEXO-kantava kansi on korkealaatuinen tuote, joka on valmistettu","og_url":"https:\/\/rodoaed.ee\/fi\/toode\/kasvihuonekalvo-lapinakyva-kantava-4x6m-90g-m2\/","og_site_name":"Rodoaed","article_publisher":"https:\/\/www.facebook.com\/kasvuhooned\/","article_modified_time":"2026-04-13T07:57:19+00:00","og_image":[{"width":1200,"height":1200,"url":"https:\/\/rodoaed.ee\/wp-content\/uploads\/2022\/10\/koormakate-labipaistev_3.jpeg","type":"image\/jpeg"}],"twitter_card":"summary_large_image","twitter_misc":{"Arvioitu lukuaika":"1 minuutti"},"schema":{"@context":"https:\/\/schema.org","@graph":[{"@type":"WebPage","@id":"https:\/\/rodoaed.ee\/fi\/toode\/kasvihuonekalvo-lapinakyva-kantava-4x6m-90g-m2\/","url":"https:\/\/rodoaed.ee\/fi\/toode\/kasvihuonekalvo-lapinakyva-kantava-4x6m-90g-m2\/","name":"Kasvihuonekalvo - l\u00e4pin\u00e4kyv\u00e4 kantava 4x6m 90g\/m2 - Rodoaed","isPartOf":{"@id":"https:\/\/rodoaed.ee\/#website"},"primaryImageOfPage":{"@id":"https:\/\/rodoaed.ee\/fi\/toode\/kasvihuonekalvo-lapinakyva-kantava-4x6m-90g-m2\/#primaryimage"},"image":{"@id":"https:\/\/rodoaed.ee\/fi\/toode\/kasvihuonekalvo-lapinakyva-kantava-4x6m-90g-m2\/#primaryimage"},"thumbnailUrl":"https:\/\/rodoaed.ee\/wp-content\/uploads\/2022\/10\/koormakate-labipaistev_3.jpeg","datePublished":"2022-10-04T11:33:20+00:00","dateModified":"2026-04-13T07:57:19+00:00","breadcrumb":{"@id":"https:\/\/rodoaed.ee\/fi\/toode\/kasvihuonekalvo-lapinakyva-kantava-4x6m-90g-m2\/#breadcrumb"},"inLanguage":"fi","potentialAction":[{"@type":"ReadAction","target":["https:\/\/rodoaed.ee\/fi\/toode\/kasvihuonekalvo-lapinakyva-kantava-4x6m-90g-m2\/"]}]},{"@type":"ImageObject","inLanguage":"fi","@id":"https:\/\/rodoaed.ee\/fi\/toode\/kasvihuonekalvo-lapinakyva-kantava-4x6m-90g-m2\/#primaryimage","url":"https:\/\/rodoaed.ee\/wp-content\/uploads\/2022\/10\/koormakate-labipaistev_3.jpeg","contentUrl":"https:\/\/rodoaed.ee\/wp-content\/uploads\/2022\/10\/koormakate-labipaistev_3.jpeg","width":1200,"height":1200},{"@type":"BreadcrumbList","@id":"https:\/\/rodoaed.ee\/fi\/toode\/kasvihuonekalvo-lapinakyva-kantava-4x6m-90g-m2\/#breadcrumb","itemListElement":[{"@type":"ListItem","position":1,"name":"Home","item":"https:\/\/rodoaed.ee\/fi\/"},{"@type":"ListItem","position":2,"name":"Osta osoitteessa","item":"https:\/\/rodoaed.ee\/osta-osoitteessa\/"},{"@type":"ListItem","position":3,"name":"Kasvihuonekalvo &#8211; l\u00e4pin\u00e4kyv\u00e4 kantava 4x6m 90g\/m2"}]},{"@type":"WebSite","@id":"https:\/\/rodoaed.ee\/#website","url":"https:\/\/rodoaed.ee\/","name":"Rodoaed","description":"","publisher":{"@id":"https:\/\/rodoaed.ee\/#organization"},"potentialAction":[{"@type":"SearchAction","target":{"@type":"EntryPoint","urlTemplate":"https:\/\/rodoaed.ee\/?s={search_term_string}"},"query-input":{"@type":"PropertyValueSpecification","valueRequired":true,"valueName":"search_term_string"}}],"inLanguage":"fi"},{"@type":"Organization","@id":"https:\/\/rodoaed.ee\/#organization","name":"Rodoaed","url":"https:\/\/rodoaed.ee\/","logo":{"@type":"ImageObject","inLanguage":"fi","@id":"https:\/\/rodoaed.ee\/#\/schema\/logo\/image\/","url":"https:\/\/rodoaed.ee\/wp-content\/uploads\/2019\/11\/rodoaed-logo-ilma-taustata.jpg","contentUrl":"https:\/\/rodoaed.ee\/wp-content\/uploads\/2019\/11\/rodoaed-logo-ilma-taustata.jpg","width":769,"height":268,"caption":"Rodoaed"},"image":{"@id":"https:\/\/rodoaed.ee\/#\/schema\/logo\/image\/"},"sameAs":["https:\/\/www.facebook.com\/kasvuhooned\/","https:\/\/rodoaed.ee"]}]}},"_links":{"self":[{"href":"https:\/\/rodoaed.ee\/fi\/wp-json\/wp\/v2\/product\/52920","targetHints":{"allow":["GET"]}}],"collection":[{"href":"https:\/\/rodoaed.ee\/fi\/wp-json\/wp\/v2\/product"}],"about":[{"href":"https:\/\/rodoaed.ee\/fi\/wp-json\/wp\/v2\/types\/product"}],"wp:featuredmedia":[{"embeddable":true,"href":"https:\/\/rodoaed.ee\/fi\/wp-json\/wp\/v2\/media\/42377"}],"wp:attachment":[{"href":"https:\/\/rodoaed.ee\/fi\/wp-json\/wp\/v2\/media?parent=52920"}],"wp:term":[{"taxonomy":"product_brand","embeddable":true,"href":"https:\/\/rodoaed.ee\/fi\/wp-json\/wp\/v2\/product_brand?post=52920"},{"taxonomy":"product_cat","embeddable":true,"href":"https:\/\/rodoaed.ee\/fi\/wp-json\/wp\/v2\/product_cat?post=52920"},{"taxonomy":"product_tag","embeddable":true,"href":"https:\/\/rodoaed.ee\/fi\/wp-json\/wp\/v2\/product_tag?post=52920"}],"curies":[{"name":"wp","href":"https:\/\/api.w.org\/{rel}","templated":true}]}}